{"id":9721,"date":"2025-11-11T10:57:15","date_gmt":"2025-11-11T10:57:15","guid":{"rendered":"https:\/\/gambling6.com\/lotteri\/skaff-deg-billetter-til-superenalotto-pa-nett\/"},"modified":"2025-11-11T10:57:15","modified_gmt":"2025-11-11T10:57:15","slug":"skaff-deg-billetter-til-superenalotto-pa-nett","status":"publish","type":"page","link":"https:\/\/gambling6.com\/no\/lotteri\/skaff-deg-billetter-til-superenalotto-pa-nett\/","title":{"rendered":"Skaff deg billetter til Superenalotto p\u00e5 nett"},"content":{"rendered":"<h2>Superenalotto<\/h2>\n<p>Italienerne er lottofanatikere, spesielt glad i Superenalotto. Hver uke er loddsalget til dette lotteriet vanvittig, med odds p\u00e5 mer enn 1 til 600 millioner. <strong>\u00c5 kj\u00f8pe lodd p\u00e5 nett til Italias Superenalotto gir deg de verst tenkelige oddsene av alle lotterier i verden.<\/strong> Likevel ser dette ut til \u00e5 v\u00e6re hovedattraksjonen for lokale europeere og online lottospillere over hele verden.<\/p>\n<h2><img loading=\"lazy\" decoding=\"async\" class=\"size-full wp-image-1575 alignright\" src=\"https:\/\/gambling6.com\/wp-content\/uploads\/2022\/04\/2_ticket_superenalotto.jpg\" alt=\"superenalotto ticket\" width=\"228\" height=\"300\" \/>Overflyttingsjackpotter for SuperEnalotto<\/h2>\n<p>P\u00e5 grunn av oddsen for \u00e5 vinne Italias Superenalotto, er det ganske ofte at jackpotten rulles over. Hvis du velger seks tall mellom \u00e9n og 90, f\u00e5r du sjansen til \u00e5 vinne jackpotten ved \u00e5 matche alle seks tallene. Hvis du bare matcher fem tall, f\u00e5r du bonusen p\u00e5 andre niv\u00e5. Bonustallet trekkes separat og er kjent som \u00abjolly ball\u00bb. <strong>Nettspillere skynder seg \u00e5 kj\u00f8pe lodd for \u00e5 pr\u00f8ve \u00e5 vinne rekordh\u00f8ye jackpotter p\u00e5 opptil \u20ac500 millioner.<\/strong><\/p>\n<p>Den italienske Superenalotto har tre trekninger ukentlig. <b>Jackpotten starter p\u00e5 \u20ac2 millioner, og det er ingen overraskelse at folk er s\u00e5 interessert i \u00e5 spille.<\/b> B\u00e5de lokale og nettspillere vil ha en del av dette internasjonale lotteriet, som tilbyr de rapportert h\u00f8yeste oddsene.<\/p>\n<p>Superenalotto i Italia, som ble introdusert i 1997, tiltrakk seg raskt oppmerksomheten til europeiske lotterispillere, og jackpottene vokste og rullet over. Den st\u00f8rste jackpotten ble vunnet av en enkelt loddinnehaver i 2010, og bel\u00f8p seg til \u20ac223 millioner. <strong>Med\u00a0<\/strong><span style=\"box-sizing: border-box; margin: 0px; padding: 0px;\"><strong>flere som kj\u00f8per lodd p\u00e5 nett til Superenalotto<\/strong>, har jackpotten potensial til \u00e5 vokse seg enda st\u00f8rre fordi det ikke er noen grense for st\u00f8rrelsen<\/span>.<\/p>\n<p>I tillegg til \u00e5 kunne vinne den store jackpotten, kan online-spillere delta i en av de fem andre tilgjengelige premiene. <a class=\"thirstylink\" title=\"RedFoxLotto en\" href=\"https:\/\/gambling6.com\/go\/redfoxlotto-en\/\" target=\"_blank\" rel=\"nofollow noopener\">For \u00e5 f\u00e5 billetter til Italias Superenalotto gjennom RedFoxLotto, klikk her.<\/a><\/p>\n<table style=\"width: 500px;\" border=\"1\" cellspacing=\"5\" cellpadding=\"5\" align=\"center\">\n<tbody>\n<tr>\n<td colspan=\"3\" align=\"center\">Toppjackpoter for 2013<\/td>\n<\/tr>\n<tr>\n<td>Trekning<\/td>\n<td align=\"center\">Dato<\/td>\n<td align=\"center\">Jackpot (USD)<\/td>\n<\/tr>\n<tr>\n<td>Superenalotto &#8211; Italia<\/td>\n<td align=\"center\">29. juni 2013<\/td>\n<td align=\"right\">$55 759 000<\/td>\n<\/tr>\n<tr>\n<td>Superenalotto &#8211; Italia<\/td>\n<td align=\"center\">15. oktober 2013<\/td>\n<td align=\"right\">25 124 430 dollar<\/td>\n<\/tr>\n<tr>\n<td>Superenalotto &#8211; Italia<\/td>\n<td align=\"center\">3. oktober 2013<\/td>\n<td align=\"right\">21 372 000 dollar<\/td>\n<\/tr>\n<tr>\n<td>Superenalotto &#8211; Italia<\/td>\n<td align=\"center\">27. juli 2013<\/td>\n<td align=\"right\">19 043 000 dollar<\/td>\n<\/tr>\n<\/tbody>\n<\/table>\n<p>&nbsp;<\/p>\n<table style=\"width: 500px;\" border=\"1\" cellspacing=\"5\" cellpadding=\"5\" align=\"center\">\n<tbody>\n<tr>\n<td colspan=\"3\" align=\"center\">Superenalotto &#8211; Premieniv\u00e5er i Italia<\/td>\n<\/tr>\n<tr>\n<td>Premie<\/td>\n<td align=\"center\">Kamper<\/td>\n<td align=\"center\">Odds<\/td>\n<\/tr>\n<tr>\n<td>1. plass (Jackpot)<\/td>\n<td align=\"center\">6<\/td>\n<td align=\"right\">622 614 630 : 1<\/td>\n<\/tr>\n<tr>\n<td>2. plass<\/td>\n<td align=\"center\">5 + 1<\/td>\n<td align=\"right\">103 769 105 : 1<\/td>\n<\/tr>\n<tr>\n<td>3.<\/td>\n<td align=\"center\">5<\/td>\n<td align=\"right\">1 235 346 : 1<\/td>\n<\/tr>\n<tr>\n<td>4.<\/td>\n<td align=\"center\">4<\/td>\n<td align=\"right\">11 907 : 1<\/td>\n<\/tr>\n<tr>\n<td>5.<\/td>\n<td align=\"center\">3<\/td>\n<td align=\"right\">327 : 1<\/td>\n<\/tr>\n<\/tbody>\n<\/table>\n","protected":false},"excerpt":{"rendered":"<p>Superenalotto Italienerne er lottofanatikere, spesielt glad i Superenalotto. Hver uke er loddsalget til dette lotteriet vanvittig, med odds p\u00e5 mer enn 1 til 600 millioner. \u00c5 kj\u00f8pe lodd p\u00e5 nett til Italias Superenalotto gir deg de verst tenkelige oddsene av alle lotterier i verden. Likevel ser dette ut til \u00e5 v\u00e6re hovedattraksjonen for lokale europeere [&hellip;]<\/p>\n","protected":false},"author":1,"featured_media":0,"parent":9310,"menu_order":7,"comment_status":"closed","ping_status":"closed","template":"","meta":{"footnotes":""},"class_list":["post-9721","page","type-page","status-publish","hentry"],"yoast_head":"<!-- This site is optimized with the Yoast SEO plugin v27.4 - https:\/\/yoast.com\/product\/yoast-seo-wordpress\/ -->\n<title>Kj\u00f8p billetter til Superenalotto p\u00e5 nett<\/title>\n<meta name=\"description\" content=\"Skaff deg billetter til Superenalotto p\u00e5 nett ved \u00e5 bes\u00f8ke partneren v\u00e5r, RedFoxLotto.\" \/>\n<meta name=\"robots\" content=\"index, follow, max-snippet:-1, max-image-preview:large, max-video-preview:-1\" \/>\n<link rel=\"canonical\" href=\"https:\/\/gambling6.com\/no\/lotteri\/skaff-deg-billetter-til-superenalotto-pa-nett\/\" \/>\n<meta property=\"og:locale\" content=\"nb_NO\" \/>\n<meta property=\"og:type\" content=\"article\" \/>\n<meta property=\"og:title\" content=\"Kj\u00f8p billetter til Superenalotto p\u00e5 nett\" \/>\n<meta property=\"og:description\" content=\"Skaff deg billetter til Superenalotto p\u00e5 nett ved \u00e5 bes\u00f8ke partneren v\u00e5r, RedFoxLotto.\" \/>\n<meta property=\"og:url\" content=\"https:\/\/gambling6.com\/no\/lotteri\/skaff-deg-billetter-til-superenalotto-pa-nett\/\" \/>\n<meta property=\"og:site_name\" content=\"Gambling6\" \/>\n<meta property=\"og:image\" content=\"https:\/\/gambling6.com\/wp-content\/uploads\/2022\/04\/2_ticket_superenalotto.jpg\" \/>\n\t<meta property=\"og:image:width\" content=\"228\" \/>\n\t<meta property=\"og:image:height\" content=\"300\" \/>\n\t<meta property=\"og:image:type\" content=\"image\/jpeg\" \/>\n<meta name=\"twitter:card\" content=\"summary_large_image\" \/>\n<meta name=\"twitter:label1\" content=\"Ansl. lesetid\" \/>\n\t<meta name=\"twitter:data1\" content=\"2 minutter\" \/>\n<script type=\"application\/ld+json\" class=\"yoast-schema-graph\">{\"@context\":\"https:\\\/\\\/schema.org\",\"@graph\":[{\"@type\":\"WebPage\",\"@id\":\"https:\\\/\\\/gambling6.com\\\/no\\\/lotteri\\\/skaff-deg-billetter-til-superenalotto-pa-nett\\\/\",\"url\":\"https:\\\/\\\/gambling6.com\\\/no\\\/lotteri\\\/skaff-deg-billetter-til-superenalotto-pa-nett\\\/\",\"name\":\"Kj\u00f8p billetter til Superenalotto p\u00e5 nett\",\"isPartOf\":{\"@id\":\"https:\\\/\\\/gambling6.com\\\/no\\\/#website\"},\"primaryImageOfPage\":{\"@id\":\"https:\\\/\\\/gambling6.com\\\/no\\\/lotteri\\\/skaff-deg-billetter-til-superenalotto-pa-nett\\\/#primaryimage\"},\"image\":{\"@id\":\"https:\\\/\\\/gambling6.com\\\/no\\\/lotteri\\\/skaff-deg-billetter-til-superenalotto-pa-nett\\\/#primaryimage\"},\"thumbnailUrl\":\"https:\\\/\\\/gambling6.com\\\/wp-content\\\/uploads\\\/2022\\\/04\\\/2_ticket_superenalotto.jpg\",\"datePublished\":\"2025-11-11T10:57:15+00:00\",\"description\":\"Skaff deg billetter til Superenalotto p\u00e5 nett ved \u00e5 bes\u00f8ke partneren v\u00e5r, RedFoxLotto.\",\"breadcrumb\":{\"@id\":\"https:\\\/\\\/gambling6.com\\\/no\\\/lotteri\\\/skaff-deg-billetter-til-superenalotto-pa-nett\\\/#breadcrumb\"},\"inLanguage\":\"nb-NO\",\"potentialAction\":[{\"@type\":\"ReadAction\",\"target\":[\"https:\\\/\\\/gambling6.com\\\/no\\\/lotteri\\\/skaff-deg-billetter-til-superenalotto-pa-nett\\\/\"]}]},{\"@type\":\"ImageObject\",\"inLanguage\":\"nb-NO\",\"@id\":\"https:\\\/\\\/gambling6.com\\\/no\\\/lotteri\\\/skaff-deg-billetter-til-superenalotto-pa-nett\\\/#primaryimage\",\"url\":\"https:\\\/\\\/gambling6.com\\\/wp-content\\\/uploads\\\/2022\\\/04\\\/2_ticket_superenalotto.jpg\",\"contentUrl\":\"https:\\\/\\\/gambling6.com\\\/wp-content\\\/uploads\\\/2022\\\/04\\\/2_ticket_superenalotto.jpg\"},{\"@type\":\"BreadcrumbList\",\"@id\":\"https:\\\/\\\/gambling6.com\\\/no\\\/lotteri\\\/skaff-deg-billetter-til-superenalotto-pa-nett\\\/#breadcrumb\",\"itemListElement\":[{\"@type\":\"ListItem\",\"position\":1,\"name\":\"Home\",\"item\":\"https:\\\/\\\/gambling6.com\\\/no\\\/home\\\/\"},{\"@type\":\"ListItem\",\"position\":2,\"name\":\"Lotteri\",\"item\":\"https:\\\/\\\/gambling6.com\\\/no\\\/buying-international-lotto-tickets-online\\\/\"},{\"@type\":\"ListItem\",\"position\":3,\"name\":\"Skaff deg billetter til Superenalotto p\u00e5 nett\"}]},{\"@type\":\"WebSite\",\"@id\":\"https:\\\/\\\/gambling6.com\\\/no\\\/#website\",\"url\":\"https:\\\/\\\/gambling6.com\\\/no\\\/\",\"name\":\"Gambling6\",\"description\":\"\",\"potentialAction\":[{\"@type\":\"SearchAction\",\"target\":{\"@type\":\"EntryPoint\",\"urlTemplate\":\"https:\\\/\\\/gambling6.com\\\/no\\\/?s={search_term_string}\"},\"query-input\":{\"@type\":\"PropertyValueSpecification\",\"valueRequired\":true,\"valueName\":\"search_term_string\"}}],\"inLanguage\":\"nb-NO\"}]}<\/script>\n<!-- \/ Yoast SEO plugin. -->","yoast_head_json":{"title":"Kj\u00f8p billetter til Superenalotto p\u00e5 nett","description":"Skaff deg billetter til Superenalotto p\u00e5 nett ved \u00e5 bes\u00f8ke partneren v\u00e5r, RedFoxLotto.","robots":{"index":"index","follow":"follow","max-snippet":"max-snippet:-1","max-image-preview":"max-image-preview:large","max-video-preview":"max-video-preview:-1"},"canonical":"https:\/\/gambling6.com\/no\/lotteri\/skaff-deg-billetter-til-superenalotto-pa-nett\/","og_locale":"nb_NO","og_type":"article","og_title":"Kj\u00f8p billetter til Superenalotto p\u00e5 nett","og_description":"Skaff deg billetter til Superenalotto p\u00e5 nett ved \u00e5 bes\u00f8ke partneren v\u00e5r, RedFoxLotto.","og_url":"https:\/\/gambling6.com\/no\/lotteri\/skaff-deg-billetter-til-superenalotto-pa-nett\/","og_site_name":"Gambling6","og_image":[{"width":228,"height":300,"url":"https:\/\/gambling6.com\/wp-content\/uploads\/2022\/04\/2_ticket_superenalotto.jpg","type":"image\/jpeg"}],"twitter_card":"summary_large_image","twitter_misc":{"Ansl. lesetid":"2 minutter"},"schema":{"@context":"https:\/\/schema.org","@graph":[{"@type":"WebPage","@id":"https:\/\/gambling6.com\/no\/lotteri\/skaff-deg-billetter-til-superenalotto-pa-nett\/","url":"https:\/\/gambling6.com\/no\/lotteri\/skaff-deg-billetter-til-superenalotto-pa-nett\/","name":"Kj\u00f8p billetter til Superenalotto p\u00e5 nett","isPartOf":{"@id":"https:\/\/gambling6.com\/no\/#website"},"primaryImageOfPage":{"@id":"https:\/\/gambling6.com\/no\/lotteri\/skaff-deg-billetter-til-superenalotto-pa-nett\/#primaryimage"},"image":{"@id":"https:\/\/gambling6.com\/no\/lotteri\/skaff-deg-billetter-til-superenalotto-pa-nett\/#primaryimage"},"thumbnailUrl":"https:\/\/gambling6.com\/wp-content\/uploads\/2022\/04\/2_ticket_superenalotto.jpg","datePublished":"2025-11-11T10:57:15+00:00","description":"Skaff deg billetter til Superenalotto p\u00e5 nett ved \u00e5 bes\u00f8ke partneren v\u00e5r, RedFoxLotto.","breadcrumb":{"@id":"https:\/\/gambling6.com\/no\/lotteri\/skaff-deg-billetter-til-superenalotto-pa-nett\/#breadcrumb"},"inLanguage":"nb-NO","potentialAction":[{"@type":"ReadAction","target":["https:\/\/gambling6.com\/no\/lotteri\/skaff-deg-billetter-til-superenalotto-pa-nett\/"]}]},{"@type":"ImageObject","inLanguage":"nb-NO","@id":"https:\/\/gambling6.com\/no\/lotteri\/skaff-deg-billetter-til-superenalotto-pa-nett\/#primaryimage","url":"https:\/\/gambling6.com\/wp-content\/uploads\/2022\/04\/2_ticket_superenalotto.jpg","contentUrl":"https:\/\/gambling6.com\/wp-content\/uploads\/2022\/04\/2_ticket_superenalotto.jpg"},{"@type":"BreadcrumbList","@id":"https:\/\/gambling6.com\/no\/lotteri\/skaff-deg-billetter-til-superenalotto-pa-nett\/#breadcrumb","itemListElement":[{"@type":"ListItem","position":1,"name":"Home","item":"https:\/\/gambling6.com\/no\/home\/"},{"@type":"ListItem","position":2,"name":"Lotteri","item":"https:\/\/gambling6.com\/no\/buying-international-lotto-tickets-online\/"},{"@type":"ListItem","position":3,"name":"Skaff deg billetter til Superenalotto p\u00e5 nett"}]},{"@type":"WebSite","@id":"https:\/\/gambling6.com\/no\/#website","url":"https:\/\/gambling6.com\/no\/","name":"Gambling6","description":"","potentialAction":[{"@type":"SearchAction","target":{"@type":"EntryPoint","urlTemplate":"https:\/\/gambling6.com\/no\/?s={search_term_string}"},"query-input":{"@type":"PropertyValueSpecification","valueRequired":true,"valueName":"search_term_string"}}],"inLanguage":"nb-NO"}]}},"_links":{"self":[{"href":"https:\/\/gambling6.com\/no\/wp-json\/wp\/v2\/pages\/9721","targetHints":{"allow":["GET"]}}],"collection":[{"href":"https:\/\/gambling6.com\/no\/wp-json\/wp\/v2\/pages"}],"about":[{"href":"https:\/\/gambling6.com\/no\/wp-json\/wp\/v2\/types\/page"}],"author":[{"embeddable":true,"href":"https:\/\/gambling6.com\/no\/wp-json\/wp\/v2\/users\/1"}],"replies":[{"embeddable":true,"href":"https:\/\/gambling6.com\/no\/wp-json\/wp\/v2\/comments?post=9721"}],"version-history":[{"count":0,"href":"https:\/\/gambling6.com\/no\/wp-json\/wp\/v2\/pages\/9721\/revisions"}],"up":[{"embeddable":true,"href":"https:\/\/gambling6.com\/no\/wp-json\/wp\/v2\/pages\/9310"}],"wp:attachment":[{"href":"https:\/\/gambling6.com\/no\/wp-json\/wp\/v2\/media?parent=9721"}],"curies":[{"name":"wp","href":"https:\/\/api.w.org\/{rel}","templated":true}]}}