{"id":11017,"date":"2025-11-17T11:09:42","date_gmt":"2025-11-17T11:09:42","guid":{"rendered":"https:\/\/gambling6.com\/?page_id=11017"},"modified":"2025-11-17T11:09:42","modified_gmt":"2025-11-17T11:09:42","slug":"recenzja-kasyna-888","status":"publish","type":"page","link":"https:\/\/gambling6.com\/pl\/recenzja-kasyna-888\/","title":{"rendered":"Recenzja kasyna 888"},"content":{"rendered":"<h2>Nie tylko strona z ruletk\u0105 \u2013 Kasyno 888<\/h2>\n<p>Kasyno online 888 to uznana marka w bran\u017cy gier. To kasyno online oferuje zar\u00f3wno fantastyczne kasyno oparte na technologii Flash, kt\u00f3re szybko \u0142aduje si\u0119 w przegl\u0105darce, jak i mo\u017cliwo\u015b\u0107 pobrania oprogramowania do gier, aby uzyska\u0107 do nich dost\u0119p. Gracze preferuj\u0105 wersj\u0119 do pobrania, poniewa\u017c zapewnia ona sp\u00f3jny wygl\u0105d i wra\u017cenia podczas gry.<br \/>\n<a href=\"https:\/\/ic.aff-handler.com\/C\/45871?sr=1064399&amp;anid=\" rel=\"nofollow\"><img decoding=\"async\" class=\"aligncenter\" src=\"https:\/\/ic.aff-handler.com\/I\/45871?sr=1064399&amp;anid=\" \/><\/a><\/p>\n<h2>Gry w ruletk\u0119 888<\/h2>\n<p>Od ruletki europejskiej po ruletk\u0119 3D, w tym kasynie mo\u017cesz cieszy\u0107 si\u0119 ka\u017cdym rodzajem ruletki, jaki przyjdzie Ci do g\u0142owy. Dost\u0119pne s\u0105 r\u00f3wnie\u017c darmowe gry w ruletk\u0119, w kt\u00f3rych mo\u017cesz nauczy\u0107 si\u0119 zasad gry, je\u015bli jeste\u015b nowy w tej grze. G\u0142\u00f3wn\u0105 atrakcj\u0105 kasyna jest ruletka na \u017cywo. Do wyboru s\u0105 trzy sto\u0142y z pojedynczym zerem: europejska, francuska i wenecka (z krupierem m\u00f3wi\u0105cym po w\u0142osku).<\/p>\n<p>Zakres zak\u0142ad\u00f3w zaczyna si\u0119 od 1 do maksymalnie 200. Akceptowane waluty to USD, euro i GBP. Gra oferuje graczom \u015bwietn\u0105 estetyk\u0119. Najlepsze jest to, \u017ce gracze mog\u0105 gra\u0107 w ni\u0105 w przegl\u0105darce bez konieczno\u015bci pobierania oprogramowania. Dost\u0119pne s\u0105 dwa widoki gry: klasyczny i 3D. Gra ma wszystko, czego fan ruletki m\u00f3g\u0142by chcie\u0107 wi\u0119cej.<\/p>\n<p>Opr\u00f3cz gier w ruletk\u0119 znajdziesz tu wszelkiego rodzaju gry online na pieni\u0105dze. Poker, zak\u0142ady sportowe, bingo, zdrapki, automaty do gry, blackjack \u2013 czego tylko zapragniesz, oni to maj\u0105! <\/p>\n<h2>Bezpiecze\u0144stwo 888<\/h2>\n<p>To kasyno z siedzib\u0105 na Gibraltarze bardzo powa\u017cnie traktuje ochron\u0119 danych osobowych swoich cz\u0142onk\u00f3w. Przestrzega \u015bcis\u0142ych protoko\u0142\u00f3w bezpiecze\u0144stwa, aby chroni\u0107 dane i informacje przed atakami cyberprzest\u0119pc\u00f3w. Kasyno szczyci si\u0119 posiadaniem licznych certyfikat\u00f3w bezpiecze\u0144stwa. Oferuje 20 metod wp\u0142at, w tym najbardziej zaufane marki w bran\u017cy, takie jak Visa i Neteller. Kasyno dba o wysoki poziom bezpiecze\u0144stwa, poniewa\u017c gracze musz\u0105 ujawni\u0107 dokumenty weryfikacyjne, aby zapobiec oszustwom, a informacje te s\u0105 poufne. Dzi\u0119ki tak wyj\u0105tkowym \u015brodkom bezpiecze\u0144stwa gracze mog\u0105 cieszy\u0107 si\u0119 gr\u0105 bez obaw.<\/p>\n<h2>Bonusy i promocje w kasynie 888<\/h2>\n<p>Poza grami, kolejn\u0105 rzecz\u0105, kt\u00f3ra interesuje wi\u0119kszo\u015b\u0107 graczy kasyna, s\u0105 bonusy i promocje. 888 regularnie oferuje atrakcyjne promocje. Zapewnia hojny bonus powitalny dla wszystkich nowych graczy. Mo\u017cesz go wykorzysta\u0107 w dowolnej sekcji gier kasynowych. Przy pierwszej grze w ruletk\u0119 otrzymasz bonus powitalny w wysoko\u015bci 1500 \u20ac. Kasyno oferuje r\u00f3wnie\u017c promocj\u0119 polecaj\u0105c\u0105, w ramach kt\u00f3rej mo\u017cesz zdobywa\u0107 nagrody, zapraszaj\u0105c znajomych do do\u0142\u0105czenia. Podsumowuj\u0105c, kasyno 888 to \u015bwietne miejsce dla ka\u017cdego mi\u0142o\u015bnika ruletki. Ka\u017cdy fan hazardu mo\u017ce si\u0119 tu dobrze bawi\u0107 i mi\u0142o sp\u0119dzi\u0107 czas!<\/p>\n","protected":false},"excerpt":{"rendered":"<p>Nie tylko strona z ruletk\u0105 \u2013 Kasyno 888 Kasyno online 888 to uznana marka w bran\u017cy gier. To kasyno online oferuje zar\u00f3wno fantastyczne kasyno oparte na technologii Flash, kt\u00f3re szybko \u0142aduje si\u0119 w przegl\u0105darce, jak i mo\u017cliwo\u015b\u0107 pobrania oprogramowania do gier, aby uzyska\u0107 do nich dost\u0119p. Gracze preferuj\u0105 wersj\u0119 do pobrania, poniewa\u017c zapewnia ona sp\u00f3jny [&hellip;]<\/p>\n","protected":false},"author":1,"featured_media":0,"parent":0,"menu_order":3,"comment_status":"closed","ping_status":"closed","template":"","meta":{"footnotes":""},"class_list":["post-11017","page","type-page","status-publish","hentry"],"yoast_head":"<!-- This site is optimized with the Yoast SEO plugin v27.4 - https:\/\/yoast.com\/product\/yoast-seo-wordpress\/ -->\n<title>Recenzja kasyna 888 - Gambling6<\/title>\n<meta name=\"robots\" content=\"index, follow, max-snippet:-1, max-image-preview:large, max-video-preview:-1\" \/>\n<link rel=\"canonical\" href=\"https:\/\/gambling6.com\/pl\/recenzja-kasyna-888\/\" \/>\n<meta property=\"og:locale\" content=\"pl_PL\" \/>\n<meta property=\"og:type\" content=\"article\" \/>\n<meta property=\"og:title\" content=\"Recenzja kasyna 888 - Gambling6\" \/>\n<meta property=\"og:description\" content=\"Nie tylko strona z ruletk\u0105 \u2013 Kasyno 888 Kasyno online 888 to uznana marka w bran\u017cy gier. To kasyno online oferuje zar\u00f3wno fantastyczne kasyno oparte na technologii Flash, kt\u00f3re szybko \u0142aduje si\u0119 w przegl\u0105darce, jak i mo\u017cliwo\u015b\u0107 pobrania oprogramowania do gier, aby uzyska\u0107 do nich dost\u0119p. Gracze preferuj\u0105 wersj\u0119 do pobrania, poniewa\u017c zapewnia ona sp\u00f3jny [&hellip;]\" \/>\n<meta property=\"og:url\" content=\"https:\/\/gambling6.com\/pl\/recenzja-kasyna-888\/\" \/>\n<meta property=\"og:site_name\" content=\"Gambling6\" \/>\n<meta property=\"og:image\" content=\"https:\/\/ic.aff-handler.com\/I\/45871?sr=1064399&amp;anid=\" \/>\n<meta name=\"twitter:card\" content=\"summary_large_image\" \/>\n<meta name=\"twitter:label1\" content=\"Szacowany czas czytania\" \/>\n\t<meta name=\"twitter:data1\" content=\"2 minuty\" \/>\n<script type=\"application\/ld+json\" class=\"yoast-schema-graph\">{\"@context\":\"https:\\\/\\\/schema.org\",\"@graph\":[{\"@type\":\"WebPage\",\"@id\":\"https:\\\/\\\/gambling6.com\\\/pl\\\/recenzja-kasyna-888\\\/\",\"url\":\"https:\\\/\\\/gambling6.com\\\/pl\\\/recenzja-kasyna-888\\\/\",\"name\":\"Recenzja kasyna 888 - Gambling6\",\"isPartOf\":{\"@id\":\"https:\\\/\\\/gambling6.com\\\/pl\\\/#website\"},\"primaryImageOfPage\":{\"@id\":\"https:\\\/\\\/gambling6.com\\\/pl\\\/recenzja-kasyna-888\\\/#primaryimage\"},\"image\":{\"@id\":\"https:\\\/\\\/gambling6.com\\\/pl\\\/recenzja-kasyna-888\\\/#primaryimage\"},\"thumbnailUrl\":\"https:\\\/\\\/ic.aff-handler.com\\\/I\\\/45871?sr=1064399&amp;anid=\",\"datePublished\":\"2025-11-17T11:09:42+00:00\",\"breadcrumb\":{\"@id\":\"https:\\\/\\\/gambling6.com\\\/pl\\\/recenzja-kasyna-888\\\/#breadcrumb\"},\"inLanguage\":\"pl-PL\",\"potentialAction\":[{\"@type\":\"ReadAction\",\"target\":[\"https:\\\/\\\/gambling6.com\\\/pl\\\/recenzja-kasyna-888\\\/\"]}]},{\"@type\":\"ImageObject\",\"inLanguage\":\"pl-PL\",\"@id\":\"https:\\\/\\\/gambling6.com\\\/pl\\\/recenzja-kasyna-888\\\/#primaryimage\",\"url\":\"https:\\\/\\\/ic.aff-handler.com\\\/I\\\/45871?sr=1064399&amp;anid=\",\"contentUrl\":\"https:\\\/\\\/ic.aff-handler.com\\\/I\\\/45871?sr=1064399&amp;anid=\"},{\"@type\":\"BreadcrumbList\",\"@id\":\"https:\\\/\\\/gambling6.com\\\/pl\\\/recenzja-kasyna-888\\\/#breadcrumb\",\"itemListElement\":[{\"@type\":\"ListItem\",\"position\":1,\"name\":\"Home\",\"item\":\"https:\\\/\\\/gambling6.com\\\/pl\\\/home\\\/\"},{\"@type\":\"ListItem\",\"position\":2,\"name\":\"Recenzja kasyna 888\"}]},{\"@type\":\"WebSite\",\"@id\":\"https:\\\/\\\/gambling6.com\\\/pl\\\/#website\",\"url\":\"https:\\\/\\\/gambling6.com\\\/pl\\\/\",\"name\":\"Gambling6\",\"description\":\"\",\"potentialAction\":[{\"@type\":\"SearchAction\",\"target\":{\"@type\":\"EntryPoint\",\"urlTemplate\":\"https:\\\/\\\/gambling6.com\\\/pl\\\/?s={search_term_string}\"},\"query-input\":{\"@type\":\"PropertyValueSpecification\",\"valueRequired\":true,\"valueName\":\"search_term_string\"}}],\"inLanguage\":\"pl-PL\"}]}<\/script>\n<!-- \/ Yoast SEO plugin. -->","yoast_head_json":{"title":"Recenzja kasyna 888 - Gambling6","robots":{"index":"index","follow":"follow","max-snippet":"max-snippet:-1","max-image-preview":"max-image-preview:large","max-video-preview":"max-video-preview:-1"},"canonical":"https:\/\/gambling6.com\/pl\/recenzja-kasyna-888\/","og_locale":"pl_PL","og_type":"article","og_title":"Recenzja kasyna 888 - Gambling6","og_description":"Nie tylko strona z ruletk\u0105 \u2013 Kasyno 888 Kasyno online 888 to uznana marka w bran\u017cy gier. To kasyno online oferuje zar\u00f3wno fantastyczne kasyno oparte na technologii Flash, kt\u00f3re szybko \u0142aduje si\u0119 w przegl\u0105darce, jak i mo\u017cliwo\u015b\u0107 pobrania oprogramowania do gier, aby uzyska\u0107 do nich dost\u0119p. Gracze preferuj\u0105 wersj\u0119 do pobrania, poniewa\u017c zapewnia ona sp\u00f3jny [&hellip;]","og_url":"https:\/\/gambling6.com\/pl\/recenzja-kasyna-888\/","og_site_name":"Gambling6","og_image":[{"url":"https:\/\/ic.aff-handler.com\/I\/45871?sr=1064399&amp;anid=","type":"","width":"","height":""}],"twitter_card":"summary_large_image","twitter_misc":{"Szacowany czas czytania":"2 minuty"},"schema":{"@context":"https:\/\/schema.org","@graph":[{"@type":"WebPage","@id":"https:\/\/gambling6.com\/pl\/recenzja-kasyna-888\/","url":"https:\/\/gambling6.com\/pl\/recenzja-kasyna-888\/","name":"Recenzja kasyna 888 - Gambling6","isPartOf":{"@id":"https:\/\/gambling6.com\/pl\/#website"},"primaryImageOfPage":{"@id":"https:\/\/gambling6.com\/pl\/recenzja-kasyna-888\/#primaryimage"},"image":{"@id":"https:\/\/gambling6.com\/pl\/recenzja-kasyna-888\/#primaryimage"},"thumbnailUrl":"https:\/\/ic.aff-handler.com\/I\/45871?sr=1064399&amp;anid=","datePublished":"2025-11-17T11:09:42+00:00","breadcrumb":{"@id":"https:\/\/gambling6.com\/pl\/recenzja-kasyna-888\/#breadcrumb"},"inLanguage":"pl-PL","potentialAction":[{"@type":"ReadAction","target":["https:\/\/gambling6.com\/pl\/recenzja-kasyna-888\/"]}]},{"@type":"ImageObject","inLanguage":"pl-PL","@id":"https:\/\/gambling6.com\/pl\/recenzja-kasyna-888\/#primaryimage","url":"https:\/\/ic.aff-handler.com\/I\/45871?sr=1064399&amp;anid=","contentUrl":"https:\/\/ic.aff-handler.com\/I\/45871?sr=1064399&amp;anid="},{"@type":"BreadcrumbList","@id":"https:\/\/gambling6.com\/pl\/recenzja-kasyna-888\/#breadcrumb","itemListElement":[{"@type":"ListItem","position":1,"name":"Home","item":"https:\/\/gambling6.com\/pl\/home\/"},{"@type":"ListItem","position":2,"name":"Recenzja kasyna 888"}]},{"@type":"WebSite","@id":"https:\/\/gambling6.com\/pl\/#website","url":"https:\/\/gambling6.com\/pl\/","name":"Gambling6","description":"","potentialAction":[{"@type":"SearchAction","target":{"@type":"EntryPoint","urlTemplate":"https:\/\/gambling6.com\/pl\/?s={search_term_string}"},"query-input":{"@type":"PropertyValueSpecification","valueRequired":true,"valueName":"search_term_string"}}],"inLanguage":"pl-PL"}]}},"_links":{"self":[{"href":"https:\/\/gambling6.com\/pl\/wp-json\/wp\/v2\/pages\/11017","targetHints":{"allow":["GET"]}}],"collection":[{"href":"https:\/\/gambling6.com\/pl\/wp-json\/wp\/v2\/pages"}],"about":[{"href":"https:\/\/gambling6.com\/pl\/wp-json\/wp\/v2\/types\/page"}],"author":[{"embeddable":true,"href":"https:\/\/gambling6.com\/pl\/wp-json\/wp\/v2\/users\/1"}],"replies":[{"embeddable":true,"href":"https:\/\/gambling6.com\/pl\/wp-json\/wp\/v2\/comments?post=11017"}],"version-history":[{"count":1,"href":"https:\/\/gambling6.com\/pl\/wp-json\/wp\/v2\/pages\/11017\/revisions"}],"predecessor-version":[{"id":11019,"href":"https:\/\/gambling6.com\/pl\/wp-json\/wp\/v2\/pages\/11017\/revisions\/11019"}],"wp:attachment":[{"href":"https:\/\/gambling6.com\/pl\/wp-json\/wp\/v2\/media?parent=11017"}],"curies":[{"name":"wp","href":"https:\/\/api.w.org\/{rel}","templated":true}]}}