{"id":11064,"date":"2025-11-17T14:07:23","date_gmt":"2025-11-17T14:07:23","guid":{"rendered":"https:\/\/gambling6.com\/?p=11064"},"modified":"2025-11-17T14:07:44","modified_gmt":"2025-11-17T14:07:44","slug":"jak-dobry-jest-redfoxlotto","status":"publish","type":"page","link":"https:\/\/gambling6.com\/pl\/jak-dobry-jest-redfoxlotto\/","title":{"rendered":"Jak dobry jest RedFoxLotto?"},"content":{"rendered":"<h2>Recenzja RedFoxLotto<\/h2>\n<p><strong>RedFoxLotto<\/strong> to niezwykle przyjazna dla u\u017cytkownika, bezpieczna i pewna platforma do zakupu los\u00f3w online na wszystkie g\u0142\u00f3wne loterie na \u015bwiecie. Na stronie RedFoxLotto mo\u017cesz gra\u0107 w wiele loterii mi\u0119dzynarodowych, a losy mo\u017cna zamawia\u0107 24 godziny na dob\u0119, 7 dni w tygodniu. Za\u0142o\u017cenie konta, wp\u0142ata pieni\u0119dzy i rozpocz\u0119cie gry w mi\u0119dzynarodowe loterie jest proste i zajmuje zaledwie kilka minut.<\/p>\n<h2>Zachowujesz wszystkie wygrane w RedFoxLotto<\/h2>\n<p>RedFoxLotto zatrudnia kurier\u00f3w loteryjnych na ca\u0142ym \u015bwiecie, kt\u00f3rzy kupuj\u0105 losy na loterie, w kt\u00f3rych chcesz wzi\u0105\u0107 udzia\u0142, w Twoim imieniu. Po zakupie los\u00f3w, ich zeskanowaniu i przes\u0142aniu na Twoje konto przed losowaniem, masz pewno\u015b\u0107, \u017ce widzisz swoje losy i otrzymujesz 100% wygranej. RedFoxLotto nie pobiera procentu od Twoich wygranych; wszystkie op\u0142aty s\u0105 wliczone w cen\u0119 los\u00f3w.<\/p>\n<h2>Loty dost\u0119pne na wszystkie g\u0142\u00f3wne loterie<\/h2>\n<p><strong>Znajdziesz tu bilety na wszystkie g\u0142\u00f3wne loterie na \u015bwiecie, w tym Mega Millions, Powerball USA, Eurojackpot, Euro Millions i inne.<\/strong> Nie ma znaczenia, w jakim kraju mieszkasz; mo\u017cesz kupi\u0107 bilety na wszystkie g\u0142\u00f3wne loterie na \u015bwiecie. Wystarczy zalogowa\u0107 si\u0119 na swoje konto, wybra\u0107 RedFoxLotto, w kt\u00f3rym chcesz gra\u0107, wskaza\u0107 liczby, kt\u00f3re chcesz obstawi\u0107, i czeka\u0107 na losowanie. RedFoxLotto wy\u015ble \u200b\u200bCi powiadomienia o wygranych.<br \/>\n\u0141atwy odbi\u00f3r wygranych w RedFoxLotto<\/p>\n<p>W przypadku wygranych, <strong>RedFoxLotto wy\u015ble \u200b\u200bCi powiadomienie e-mailem lub zadzwoni, je\u015bli nagroda b\u0119dzie wy\u017csza, aby poinformowa\u0107 Ci\u0119 o wygranej.<\/strong> Wygrana do 2000 \u20ac zostanie automatycznie przelana na Twoje konto. Je\u015bli wygrasz nagrod\u0119 o warto\u015bci powy\u017cej 2000 euro, eksperci RedFoxLotto przeprowadz\u0105 Ci\u0119 przez niezb\u0119dne kroki, aby otrzyma\u0107 wygran\u0105. Zwyci\u0119zcy nagrody g\u0142\u00f3wnej mog\u0105 zleci\u0107 dzia\u0142anie RedFoxLotto lub, je\u015bli wolisz, osobi\u015bcie odebra\u0107 wygran\u0105. Jeste\u015bmy pewni, \u017ce je\u015bli wygrasz wielomilionow\u0105 wygran\u0105, bez problemu podejmiesz wszelkie niezb\u0119dne kroki, aby j\u0105 odebra\u0107.<\/p>\n<h2>P\u0142atno\u015b\u0107 za losy loterii online<\/h2>\n<p>RedFoxLotto oferuje wiele bezpiecznych i pewnych opcji p\u0142atno\u015bci, niezale\u017cnie od kraju zamieszkania. <strong> Akceptujemy karty Visa, MasterCard, American Express, Skrill, Neteller, natychmiastowy przelew bankowy, kryptowaluty i wiele innych produkt\u00f3w portfela internetowego.<\/strong> Mo\u017cesz wybra\u0107 wp\u0142at\u0119 wygranej za pomoc\u0105 dowolnej z tych metod lub przela\u0107 pieni\u0105dze bezpo\u015brednio na swoje konto bankowe.<\/p>\n<p>RedFoxLotto co roku reprezentuje zwyci\u0119zc\u00f3w milion\u00f3w dolar\u00f3w i oferuje 100% gwarancj\u0119 wyp\u0142aty. Przekonasz si\u0119, \u017ce w razie pyta\u0144 mo\u017cesz \u0142atwo skontaktowa\u0107 si\u0119 z dedykowanymi przedstawicielami obs\u0142ugi klienta dost\u0119pnymi przez ca\u0142\u0105 dob\u0119 na RedFoxLotto.com. Nie musisz ju\u017c odwiedza\u0107 lokalnego kiosku, aby kupi\u0107 losy na lokaln\u0105 loteri\u0119. Mo\u017cesz kupi\u0107 losy w zaciszu w\u0142asnego domu lub biura, maj\u0105c mn\u00f3stwo czasu na wszystkie loterie.<\/p>\n<p><strong>Zacznij gra\u0107 w mi\u0119dzynarodowe loterie online ju\u017c dzi\u015b, odwiedzaj\u0105c stron\u0119 naszego partnera RedFoxLotto i otwieraj\u0105c swoje konto osobiste.<\/strong> Po za\u0142o\u017ceniu konta znajdziesz wiele r\u00f3\u017cnych ofert bonusowych i specjalnych program\u00f3w zakupu los\u00f3w, dzi\u0119ki kt\u00f3rym gra w Lotto b\u0119dzie przyjemna i op\u0142acalna.<\/p>\n<p><a class=\"thirstylink\" title=\"Redfoxlotto\" href=\"https:\/\/gambling6.com\/go\/redfoxlotto\/\" target=\"_blank\" rel=\"nofollow noopener\">Kliknij tutaj, aby utworzy\u0107 osobiste konto online RedFoxLotto<\/a> i zosta\u0107 multimilionerem z dnia na dzie\u0144.<\/p>\n","protected":false},"excerpt":{"rendered":"<p>Recenzja RedFoxLotto RedFoxLotto to niezwykle przyjazna dla u\u017cytkownika, bezpieczna i pewna platforma do zakupu los\u00f3w online na wszystkie g\u0142\u00f3wne loterie na \u015bwiecie. Na stronie RedFoxLotto mo\u017cesz gra\u0107 w wiele loterii mi\u0119dzynarodowych, a losy mo\u017cna zamawia\u0107 24 godziny na dob\u0119, 7 dni w tygodniu. Za\u0142o\u017cenie konta, wp\u0142ata pieni\u0119dzy i rozpocz\u0119cie gry w mi\u0119dzynarodowe loterie jest proste [&hellip;]<\/p>\n","protected":false},"author":1,"featured_media":0,"parent":0,"menu_order":1,"comment_status":"closed","ping_status":"closed","template":"","meta":{"footnotes":""},"class_list":["post-11064","page","type-page","status-publish","hentry"],"yoast_head":"<!-- This site is optimized with the Yoast SEO plugin v27.4 - https:\/\/yoast.com\/product\/yoast-seo-wordpress\/ -->\n<title>Recenzja RedFoxLotto<\/title>\n<meta name=\"description\" content=\"Na RedFoxLotto.com mo\u017cesz kupi\u0107 online bilety na mi\u0119dzynarodowe loterie, w tym Powerball i Mega Millions. Przeczytaj nasz\u0105 recenzj\u0119 RedFoxlotto.\" \/>\n<meta name=\"robots\" content=\"index, follow, max-snippet:-1, max-image-preview:large, max-video-preview:-1\" \/>\n<link rel=\"canonical\" href=\"https:\/\/gambling6.com\/pl\/jak-dobry-jest-redfoxlotto\/\" \/>\n<meta property=\"og:locale\" content=\"pl_PL\" \/>\n<meta property=\"og:type\" content=\"article\" \/>\n<meta property=\"og:title\" content=\"Recenzja RedFoxLotto\" \/>\n<meta property=\"og:description\" content=\"Na RedFoxLotto.com mo\u017cesz kupi\u0107 online bilety na mi\u0119dzynarodowe loterie, w tym Powerball i Mega Millions. Przeczytaj nasz\u0105 recenzj\u0119 RedFoxlotto.\" \/>\n<meta property=\"og:url\" content=\"https:\/\/gambling6.com\/pl\/jak-dobry-jest-redfoxlotto\/\" \/>\n<meta property=\"og:site_name\" content=\"Gambling6\" \/>\n<meta property=\"article:published_time\" content=\"2025-11-17T14:07:23+00:00\" \/>\n<meta property=\"article:modified_time\" content=\"2025-11-17T14:07:44+00:00\" \/>\n<meta name=\"author\" content=\"Catfish\" \/>\n<meta name=\"twitter:card\" content=\"summary_large_image\" \/>\n<meta name=\"twitter:label1\" content=\"Napisane przez\" \/>\n\t<meta name=\"twitter:data1\" content=\"Catfish\" \/>\n\t<meta name=\"twitter:label2\" content=\"Szacowany czas czytania\" \/>\n\t<meta name=\"twitter:data2\" content=\"3 minuty\" \/>\n<script type=\"application\/ld+json\" class=\"yoast-schema-graph\">{\"@context\":\"https:\\\/\\\/schema.org\",\"@graph\":[{\"@type\":\"Article\",\"@id\":\"https:\\\/\\\/gambling6.com\\\/pl\\\/jak-dobry-jest-redfoxlotto\\\/#article\",\"isPartOf\":{\"@id\":\"https:\\\/\\\/gambling6.com\\\/pl\\\/jak-dobry-jest-redfoxlotto\\\/\"},\"author\":{\"name\":\"Catfish\",\"@id\":\"https:\\\/\\\/gambling6.com\\\/pl\\\/#\\\/schema\\\/person\\\/d093de87a44a018ef67117d02d86ddaf\"},\"headline\":\"Jak dobry jest RedFoxLotto?\",\"datePublished\":\"2025-11-17T14:07:23+00:00\",\"dateModified\":\"2025-11-17T14:07:44+00:00\",\"mainEntityOfPage\":{\"@id\":\"https:\\\/\\\/gambling6.com\\\/pl\\\/jak-dobry-jest-redfoxlotto\\\/\"},\"wordCount\":515,\"inLanguage\":\"pl-PL\"},{\"@type\":\"WebPage\",\"@id\":\"https:\\\/\\\/gambling6.com\\\/pl\\\/jak-dobry-jest-redfoxlotto\\\/\",\"url\":\"https:\\\/\\\/gambling6.com\\\/pl\\\/jak-dobry-jest-redfoxlotto\\\/\",\"name\":\"Recenzja RedFoxLotto\",\"isPartOf\":{\"@id\":\"https:\\\/\\\/gambling6.com\\\/pl\\\/#website\"},\"datePublished\":\"2025-11-17T14:07:23+00:00\",\"dateModified\":\"2025-11-17T14:07:44+00:00\",\"author\":{\"@id\":\"https:\\\/\\\/gambling6.com\\\/pl\\\/#\\\/schema\\\/person\\\/d093de87a44a018ef67117d02d86ddaf\"},\"description\":\"Na RedFoxLotto.com mo\u017cesz kupi\u0107 online bilety na mi\u0119dzynarodowe loterie, w tym Powerball i Mega Millions. Przeczytaj nasz\u0105 recenzj\u0119 RedFoxlotto.\",\"breadcrumb\":{\"@id\":\"https:\\\/\\\/gambling6.com\\\/pl\\\/jak-dobry-jest-redfoxlotto\\\/#breadcrumb\"},\"inLanguage\":\"pl-PL\",\"potentialAction\":[{\"@type\":\"ReadAction\",\"target\":[\"https:\\\/\\\/gambling6.com\\\/pl\\\/jak-dobry-jest-redfoxlotto\\\/\"]}]},{\"@type\":\"BreadcrumbList\",\"@id\":\"https:\\\/\\\/gambling6.com\\\/pl\\\/jak-dobry-jest-redfoxlotto\\\/#breadcrumb\",\"itemListElement\":[{\"@type\":\"ListItem\",\"position\":1,\"name\":\"Home\",\"item\":\"https:\\\/\\\/gambling6.com\\\/pl\\\/home\\\/\"},{\"@type\":\"ListItem\",\"position\":2,\"name\":\"Jak dobry jest RedFoxLotto?\"}]},{\"@type\":\"WebSite\",\"@id\":\"https:\\\/\\\/gambling6.com\\\/pl\\\/#website\",\"url\":\"https:\\\/\\\/gambling6.com\\\/pl\\\/\",\"name\":\"Gambling6\",\"description\":\"\",\"potentialAction\":[{\"@type\":\"SearchAction\",\"target\":{\"@type\":\"EntryPoint\",\"urlTemplate\":\"https:\\\/\\\/gambling6.com\\\/pl\\\/?s={search_term_string}\"},\"query-input\":{\"@type\":\"PropertyValueSpecification\",\"valueRequired\":true,\"valueName\":\"search_term_string\"}}],\"inLanguage\":\"pl-PL\"},{\"@type\":\"Person\",\"@id\":\"https:\\\/\\\/gambling6.com\\\/pl\\\/#\\\/schema\\\/person\\\/d093de87a44a018ef67117d02d86ddaf\",\"name\":\"Catfish\",\"image\":{\"@type\":\"ImageObject\",\"inLanguage\":\"pl-PL\",\"@id\":\"https:\\\/\\\/secure.gravatar.com\\\/avatar\\\/32edfa28ccbf005c231538b245a2670a36c7f33f2d3a9ab09e50843b363f2821?s=96&d=mm&r=g\",\"url\":\"https:\\\/\\\/secure.gravatar.com\\\/avatar\\\/32edfa28ccbf005c231538b245a2670a36c7f33f2d3a9ab09e50843b363f2821?s=96&d=mm&r=g\",\"contentUrl\":\"https:\\\/\\\/secure.gravatar.com\\\/avatar\\\/32edfa28ccbf005c231538b245a2670a36c7f33f2d3a9ab09e50843b363f2821?s=96&d=mm&r=g\",\"caption\":\"Catfish\"},\"sameAs\":[\"http:\\\/\\\/gambling6.com\"],\"url\":\"https:\\\/\\\/gambling6.com\\\/pl\\\/author\\\/catfish\\\/\"}]}<\/script>\n<!-- \/ Yoast SEO plugin. -->","yoast_head_json":{"title":"Recenzja RedFoxLotto","description":"Na RedFoxLotto.com mo\u017cesz kupi\u0107 online bilety na mi\u0119dzynarodowe loterie, w tym Powerball i Mega Millions. Przeczytaj nasz\u0105 recenzj\u0119 RedFoxlotto.","robots":{"index":"index","follow":"follow","max-snippet":"max-snippet:-1","max-image-preview":"max-image-preview:large","max-video-preview":"max-video-preview:-1"},"canonical":"https:\/\/gambling6.com\/pl\/jak-dobry-jest-redfoxlotto\/","og_locale":"pl_PL","og_type":"article","og_title":"Recenzja RedFoxLotto","og_description":"Na RedFoxLotto.com mo\u017cesz kupi\u0107 online bilety na mi\u0119dzynarodowe loterie, w tym Powerball i Mega Millions. Przeczytaj nasz\u0105 recenzj\u0119 RedFoxlotto.","og_url":"https:\/\/gambling6.com\/pl\/jak-dobry-jest-redfoxlotto\/","og_site_name":"Gambling6","article_published_time":"2025-11-17T14:07:23+00:00","article_modified_time":"2025-11-17T14:07:44+00:00","author":"Catfish","twitter_card":"summary_large_image","twitter_misc":{"Napisane przez":"Catfish","Szacowany czas czytania":"3 minuty"},"schema":{"@context":"https:\/\/schema.org","@graph":[{"@type":"Article","@id":"https:\/\/gambling6.com\/pl\/jak-dobry-jest-redfoxlotto\/#article","isPartOf":{"@id":"https:\/\/gambling6.com\/pl\/jak-dobry-jest-redfoxlotto\/"},"author":{"name":"Catfish","@id":"https:\/\/gambling6.com\/pl\/#\/schema\/person\/d093de87a44a018ef67117d02d86ddaf"},"headline":"Jak dobry jest RedFoxLotto?","datePublished":"2025-11-17T14:07:23+00:00","dateModified":"2025-11-17T14:07:44+00:00","mainEntityOfPage":{"@id":"https:\/\/gambling6.com\/pl\/jak-dobry-jest-redfoxlotto\/"},"wordCount":515,"inLanguage":"pl-PL"},{"@type":"WebPage","@id":"https:\/\/gambling6.com\/pl\/jak-dobry-jest-redfoxlotto\/","url":"https:\/\/gambling6.com\/pl\/jak-dobry-jest-redfoxlotto\/","name":"Recenzja RedFoxLotto","isPartOf":{"@id":"https:\/\/gambling6.com\/pl\/#website"},"datePublished":"2025-11-17T14:07:23+00:00","dateModified":"2025-11-17T14:07:44+00:00","author":{"@id":"https:\/\/gambling6.com\/pl\/#\/schema\/person\/d093de87a44a018ef67117d02d86ddaf"},"description":"Na RedFoxLotto.com mo\u017cesz kupi\u0107 online bilety na mi\u0119dzynarodowe loterie, w tym Powerball i Mega Millions. Przeczytaj nasz\u0105 recenzj\u0119 RedFoxlotto.","breadcrumb":{"@id":"https:\/\/gambling6.com\/pl\/jak-dobry-jest-redfoxlotto\/#breadcrumb"},"inLanguage":"pl-PL","potentialAction":[{"@type":"ReadAction","target":["https:\/\/gambling6.com\/pl\/jak-dobry-jest-redfoxlotto\/"]}]},{"@type":"BreadcrumbList","@id":"https:\/\/gambling6.com\/pl\/jak-dobry-jest-redfoxlotto\/#breadcrumb","itemListElement":[{"@type":"ListItem","position":1,"name":"Home","item":"https:\/\/gambling6.com\/pl\/home\/"},{"@type":"ListItem","position":2,"name":"Jak dobry jest RedFoxLotto?"}]},{"@type":"WebSite","@id":"https:\/\/gambling6.com\/pl\/#website","url":"https:\/\/gambling6.com\/pl\/","name":"Gambling6","description":"","potentialAction":[{"@type":"SearchAction","target":{"@type":"EntryPoint","urlTemplate":"https:\/\/gambling6.com\/pl\/?s={search_term_string}"},"query-input":{"@type":"PropertyValueSpecification","valueRequired":true,"valueName":"search_term_string"}}],"inLanguage":"pl-PL"},{"@type":"Person","@id":"https:\/\/gambling6.com\/pl\/#\/schema\/person\/d093de87a44a018ef67117d02d86ddaf","name":"Catfish","image":{"@type":"ImageObject","inLanguage":"pl-PL","@id":"https:\/\/secure.gravatar.com\/avatar\/32edfa28ccbf005c231538b245a2670a36c7f33f2d3a9ab09e50843b363f2821?s=96&d=mm&r=g","url":"https:\/\/secure.gravatar.com\/avatar\/32edfa28ccbf005c231538b245a2670a36c7f33f2d3a9ab09e50843b363f2821?s=96&d=mm&r=g","contentUrl":"https:\/\/secure.gravatar.com\/avatar\/32edfa28ccbf005c231538b245a2670a36c7f33f2d3a9ab09e50843b363f2821?s=96&d=mm&r=g","caption":"Catfish"},"sameAs":["http:\/\/gambling6.com"],"url":"https:\/\/gambling6.com\/pl\/author\/catfish\/"}]}},"_links":{"self":[{"href":"https:\/\/gambling6.com\/pl\/wp-json\/wp\/v2\/pages\/11064","targetHints":{"allow":["GET"]}}],"collection":[{"href":"https:\/\/gambling6.com\/pl\/wp-json\/wp\/v2\/pages"}],"about":[{"href":"https:\/\/gambling6.com\/pl\/wp-json\/wp\/v2\/types\/page"}],"author":[{"embeddable":true,"href":"https:\/\/gambling6.com\/pl\/wp-json\/wp\/v2\/users\/1"}],"replies":[{"embeddable":true,"href":"https:\/\/gambling6.com\/pl\/wp-json\/wp\/v2\/comments?post=11064"}],"version-history":[{"count":1,"href":"https:\/\/gambling6.com\/pl\/wp-json\/wp\/v2\/pages\/11064\/revisions"}],"predecessor-version":[{"id":11065,"href":"https:\/\/gambling6.com\/pl\/wp-json\/wp\/v2\/pages\/11064\/revisions\/11065"}],"wp:attachment":[{"href":"https:\/\/gambling6.com\/pl\/wp-json\/wp\/v2\/media?parent=11064"}],"curies":[{"name":"wp","href":"https:\/\/api.w.org\/{rel}","templated":true}]}}