{"id":11093,"date":"2025-11-17T15:32:06","date_gmt":"2025-11-17T15:32:06","guid":{"rendered":"https:\/\/gambling6.com\/sukces-w-bingo-online\/"},"modified":"2025-11-17T16:38:09","modified_gmt":"2025-11-17T16:38:09","slug":"sukces-w-bingo-online","status":"publish","type":"page","link":"https:\/\/gambling6.com\/pl\/bingo\/sukces-w-bingo-online\/","title":{"rendered":"Sukces w bingo online"},"content":{"rendered":"<h2>Graj w bingo online z odpowiedni\u0105 strategi\u0105<\/h2>\n<p>Dzi\u0119ki rozwojowi internetu mo\u017cesz cieszy\u0107 si\u0119 wci\u0105gaj\u0105c\u0105 gr\u0105 w bingo w zaciszu w\u0142asnego domu. Najlepsze jest to, \u017ce mo\u017cesz gra\u0107 w ni\u0105 o ka\u017cdej porze. To w\u0142a\u015bnie dlatego bingo online sta\u0142o si\u0119 tak popularne w\u015br\u00f3d ludzi, zw\u0142aszcza kobiet. Je\u015bli jeste\u015b nowicjuszem, nie martw si\u0119, mo\u017cesz nauczy\u0107 si\u0119 gry, najpierw wypr\u00f3bowuj\u0105c j\u0105 na darmowej stronie z bingo. <a class=\"thirstylink\" title=\"Bingo Billy en\" href=\"https:\/\/gambling6.com\/go\/bingobilly-en\/\" target=\"_blank\" rel=\"nofollow noopener\">Dobrym miejscem na pocz\u0105tek b\u0119dzie Bingo Billy \u2013 kliknij tutaj, aby odwiedzi\u0107.<\/a><\/p>\n<p>Je\u015bli jednak grasz online, oto kilka wskaz\u00f3wek, kt\u00f3re pomog\u0105 Ci zwi\u0119kszy\u0107 szanse na wygran\u0105. Czytaj dalej, aby dowiedzie\u0107 si\u0119 wi\u0119cej. Przeprowad\u017a szybki research i znajd\u017a strony z bingo, kt\u00f3re oferuj\u0105 najlepsze bonusy od depozytu. Wiele stron oferuje r\u00f3wnie\u017c lukratywne bonusy za rejestracj\u0119. Zawsze zaleca si\u0119 gr\u0119 w bingo w zaufanych kasynach. Przed rejestracj\u0105 zapoznaj si\u0119 z opiniami prawdziwych u\u017cytkownik\u00f3w tych kasyn.<br \/>\n<a href=\"https:\/\/record.revenueplanet.com\/_BoBybWC_aAPUOsjNOfgKefwM06wa-Rwt\/1\/\" target=\"_new\" rel=\"noopener\"><img loading=\"lazy\" decoding=\"async\" class=\"aligncenter\" style=\"border: none;\" src=\"https:\/\/media.revenueplanet.com\/uploads\/nbb-468x60-nov-generic.gif\" alt=\"BingoBilly Darmowe Bingo\" width=\"468\" height=\"60\" \/><\/a><br \/>\nTylko renomowane i godne zaufania kasyna wyp\u0142acaj\u0105 pe\u0142n\u0105 kwot\u0119 wygranej w grze. Internet jest zalewany stronami z bingo i niestety wiele z nich to oszustwa, kt\u00f3re kradn\u0105 pieni\u0105dze i nie wyp\u0142acaj\u0105 wygranej. Dlatego nale\u017cy zachowa\u0107 szczeg\u00f3ln\u0105 ostro\u017cno\u015b\u0107 przy wyborze kasyna online. W bingo gra si\u0119 wy\u0142\u0105cznie dla zabawy.<\/p>\n<p>Zasady i regulamin gry s\u0105 proste do przestrzegania. Gra w bingo opiera si\u0119 wy\u0142\u0105cznie na szcz\u0119\u015bciu. \u017baden element nie jest w stanie przewidzie\u0107 wyniku ani wp\u0142yn\u0105\u0107 na gr\u0119. Mo\u017cesz si\u0119 zrelaksowa\u0107 i cieszy\u0107 gr\u0105, poniewa\u017c nie musisz podejmowa\u0107 \u017cadnych decyzji. Bingo online uczyni\u0142o t\u0119 gr\u0119 bardziej dost\u0119pn\u0105, poniewa\u017c mo\u017cesz gra\u0107 w dogodnym dla siebie czasie i z dowolnego miejsca z dost\u0119pem do internetu i komputerem.<\/p>\n<p>Zawsze staraj si\u0119 gra\u0107 na mniej zat\u0142oczonych stronach. Zwi\u0119kszy to Twoje szanse na wygran\u0105, poniewa\u017c b\u0119dziesz rywalizowa\u0107 z mniejsz\u0105 liczb\u0105 graczy. Strona z r\u00f3wnomiern\u0105 liczb\u0105 graczy daje Ci wi\u0119ksze szanse na wygran\u0105. Wybieraj strony, kt\u00f3re oferuj\u0105 czaty, u\u0142atwiaj\u0105ce komunikacj\u0119 mi\u0119dzy graczami. Mo\u017cesz r\u00f3wnie\u017c porozmawia\u0107 z innymi graczami o kartach, kt\u00f3re graj\u0105. Mo\u017cesz r\u00f3wnie\u017c zwi\u0119kszy\u0107 numer karty, aby przechyli\u0107 szal\u0119 zwyci\u0119stwa na swoj\u0105 stron\u0119.<\/p>\n<p>Wiele zale\u017cy r\u00f3wnie\u017c od pory dnia, w kt\u00f3rej grasz. Zaobserwowano, \u017ce graj\u0105c o nietypowych porach, masz szans\u0119 na wygran\u0105, poniewa\u017c w tym czasie niewielu graczy jest online. W grach bingo z du\u017cymi jackpotami zawsze unikaj zbyt wielu kart. Zawsze wybieraj kasyna oferuj\u0105ce bonusy od depozytu w wysoko\u015bci 100%. Obecnie kasyna oferuj\u0105 r\u00f3wnie\u017c programy polece\u0144. W ramach programu otrzymasz darmow\u0105 got\u00f3wk\u0119, je\u015bli polecona przez Ciebie osoba zarejestruje si\u0119 w kasynie. Ponadto kasyna online od czasu do czasu oferuj\u0105 wiele bonus\u00f3w promocyjnych.<\/p>\n","protected":false},"excerpt":{"rendered":"<p>Graj w bingo online z odpowiedni\u0105 strategi\u0105 Dzi\u0119ki rozwojowi internetu mo\u017cesz cieszy\u0107 si\u0119 wci\u0105gaj\u0105c\u0105 gr\u0105 w bingo w zaciszu w\u0142asnego domu. Najlepsze jest to, \u017ce mo\u017cesz gra\u0107 w ni\u0105 o ka\u017cdej porze. To w\u0142a\u015bnie dlatego bingo online sta\u0142o si\u0119 tak popularne w\u015br\u00f3d ludzi, zw\u0142aszcza kobiet. Je\u015bli jeste\u015b nowicjuszem, nie martw si\u0119, mo\u017cesz nauczy\u0107 si\u0119 gry, [&hellip;]<\/p>\n","protected":false},"author":1,"featured_media":0,"parent":8522,"menu_order":3,"comment_status":"closed","ping_status":"closed","template":"","meta":{"footnotes":""},"class_list":["post-11093","page","type-page","status-publish","hentry"],"yoast_head":"<!-- This site is optimized with the Yoast SEO plugin v27.5 - https:\/\/yoast.com\/product\/yoast-seo-wordpress\/ -->\n<title>Strategia gry w bingo online<\/title>\n<meta name=\"description\" content=\"Zwi\u0119ksz swoje szanse na wygran\u0105 w bingo online, stosuj\u0105c odpowiedni\u0105 strategi\u0119 gry.\" \/>\n<meta name=\"robots\" content=\"index, follow, max-snippet:-1, max-image-preview:large, max-video-preview:-1\" \/>\n<link rel=\"canonical\" href=\"https:\/\/gambling6.com\/pl\/bingo\/sukces-w-bingo-online\/\" \/>\n<meta property=\"og:locale\" content=\"pl_PL\" \/>\n<meta property=\"og:type\" content=\"article\" \/>\n<meta property=\"og:title\" content=\"Strategia gry w bingo online\" \/>\n<meta property=\"og:description\" content=\"Zwi\u0119ksz swoje szanse na wygran\u0105 w bingo online, stosuj\u0105c odpowiedni\u0105 strategi\u0119 gry.\" \/>\n<meta property=\"og:url\" content=\"https:\/\/gambling6.com\/pl\/bingo\/sukces-w-bingo-online\/\" \/>\n<meta property=\"og:site_name\" content=\"Gambling6\" \/>\n<meta property=\"article:published_time\" content=\"2025-11-17T15:32:06+00:00\" \/>\n<meta property=\"article:modified_time\" content=\"2025-11-17T16:38:09+00:00\" \/>\n<meta property=\"og:image\" content=\"https:\/\/media.revenueplanet.com\/uploads\/nbb-468x60-nov-generic.gif\" \/>\n<meta name=\"author\" content=\"Catfish\" \/>\n<meta name=\"twitter:card\" content=\"summary_large_image\" \/>\n<meta name=\"twitter:label1\" content=\"Napisane przez\" \/>\n\t<meta name=\"twitter:data1\" content=\"Catfish\" \/>\n\t<meta name=\"twitter:label2\" content=\"Szacowany czas czytania\" \/>\n\t<meta name=\"twitter:data2\" content=\"2 minuty\" \/>\n<script type=\"application\/ld+json\" class=\"yoast-schema-graph\">{\"@context\":\"https:\\\/\\\/schema.org\",\"@graph\":[{\"@type\":\"Article\",\"@id\":\"https:\\\/\\\/gambling6.com\\\/pl\\\/bingo\\\/sukces-w-bingo-online\\\/#article\",\"isPartOf\":{\"@id\":\"https:\\\/\\\/gambling6.com\\\/pl\\\/bingo\\\/sukces-w-bingo-online\\\/\"},\"author\":{\"name\":\"Catfish\",\"@id\":\"https:\\\/\\\/gambling6.com\\\/pl\\\/#\\\/schema\\\/person\\\/d093de87a44a018ef67117d02d86ddaf\"},\"headline\":\"Sukces w bingo online\",\"datePublished\":\"2025-11-17T15:32:06+00:00\",\"dateModified\":\"2025-11-17T16:38:09+00:00\",\"mainEntityOfPage\":{\"@id\":\"https:\\\/\\\/gambling6.com\\\/pl\\\/bingo\\\/sukces-w-bingo-online\\\/\"},\"wordCount\":466,\"image\":{\"@id\":\"https:\\\/\\\/gambling6.com\\\/pl\\\/bingo\\\/sukces-w-bingo-online\\\/#primaryimage\"},\"thumbnailUrl\":\"https:\\\/\\\/media.revenueplanet.com\\\/uploads\\\/nbb-468x60-nov-generic.gif\",\"articleSection\":[\"Strategia bingo\",\"Wiadomo\u015bci o bingo\"],\"inLanguage\":\"pl-PL\"},{\"@type\":\"WebPage\",\"@id\":\"https:\\\/\\\/gambling6.com\\\/pl\\\/bingo\\\/sukces-w-bingo-online\\\/\",\"url\":\"https:\\\/\\\/gambling6.com\\\/pl\\\/bingo\\\/sukces-w-bingo-online\\\/\",\"name\":\"Strategia gry w bingo online\",\"isPartOf\":{\"@id\":\"https:\\\/\\\/gambling6.com\\\/pl\\\/#website\"},\"primaryImageOfPage\":{\"@id\":\"https:\\\/\\\/gambling6.com\\\/pl\\\/bingo\\\/sukces-w-bingo-online\\\/#primaryimage\"},\"image\":{\"@id\":\"https:\\\/\\\/gambling6.com\\\/pl\\\/bingo\\\/sukces-w-bingo-online\\\/#primaryimage\"},\"thumbnailUrl\":\"https:\\\/\\\/media.revenueplanet.com\\\/uploads\\\/nbb-468x60-nov-generic.gif\",\"datePublished\":\"2025-11-17T15:32:06+00:00\",\"dateModified\":\"2025-11-17T16:38:09+00:00\",\"author\":{\"@id\":\"https:\\\/\\\/gambling6.com\\\/pl\\\/#\\\/schema\\\/person\\\/d093de87a44a018ef67117d02d86ddaf\"},\"description\":\"Zwi\u0119ksz swoje szanse na wygran\u0105 w bingo online, stosuj\u0105c odpowiedni\u0105 strategi\u0119 gry.\",\"breadcrumb\":{\"@id\":\"https:\\\/\\\/gambling6.com\\\/pl\\\/bingo\\\/sukces-w-bingo-online\\\/#breadcrumb\"},\"inLanguage\":\"pl-PL\",\"potentialAction\":[{\"@type\":\"ReadAction\",\"target\":[\"https:\\\/\\\/gambling6.com\\\/pl\\\/bingo\\\/sukces-w-bingo-online\\\/\"]}]},{\"@type\":\"ImageObject\",\"inLanguage\":\"pl-PL\",\"@id\":\"https:\\\/\\\/gambling6.com\\\/pl\\\/bingo\\\/sukces-w-bingo-online\\\/#primaryimage\",\"url\":\"https:\\\/\\\/media.revenueplanet.com\\\/uploads\\\/nbb-468x60-nov-generic.gif\",\"contentUrl\":\"https:\\\/\\\/media.revenueplanet.com\\\/uploads\\\/nbb-468x60-nov-generic.gif\"},{\"@type\":\"BreadcrumbList\",\"@id\":\"https:\\\/\\\/gambling6.com\\\/pl\\\/bingo\\\/sukces-w-bingo-online\\\/#breadcrumb\",\"itemListElement\":[{\"@type\":\"ListItem\",\"position\":1,\"name\":\"Home\",\"item\":\"https:\\\/\\\/gambling6.com\\\/pl\\\/home\\\/\"},{\"@type\":\"ListItem\",\"position\":2,\"name\":\"Sukces w bingo online\"}]},{\"@type\":\"WebSite\",\"@id\":\"https:\\\/\\\/gambling6.com\\\/pl\\\/#website\",\"url\":\"https:\\\/\\\/gambling6.com\\\/pl\\\/\",\"name\":\"Gambling6\",\"description\":\"\",\"potentialAction\":[{\"@type\":\"SearchAction\",\"target\":{\"@type\":\"EntryPoint\",\"urlTemplate\":\"https:\\\/\\\/gambling6.com\\\/pl\\\/?s={search_term_string}\"},\"query-input\":{\"@type\":\"PropertyValueSpecification\",\"valueRequired\":true,\"valueName\":\"search_term_string\"}}],\"inLanguage\":\"pl-PL\"},{\"@type\":\"Person\",\"@id\":\"https:\\\/\\\/gambling6.com\\\/pl\\\/#\\\/schema\\\/person\\\/d093de87a44a018ef67117d02d86ddaf\",\"name\":\"Catfish\",\"image\":{\"@type\":\"ImageObject\",\"inLanguage\":\"pl-PL\",\"@id\":\"https:\\\/\\\/secure.gravatar.com\\\/avatar\\\/32edfa28ccbf005c231538b245a2670a36c7f33f2d3a9ab09e50843b363f2821?s=96&d=mm&r=g\",\"url\":\"https:\\\/\\\/secure.gravatar.com\\\/avatar\\\/32edfa28ccbf005c231538b245a2670a36c7f33f2d3a9ab09e50843b363f2821?s=96&d=mm&r=g\",\"contentUrl\":\"https:\\\/\\\/secure.gravatar.com\\\/avatar\\\/32edfa28ccbf005c231538b245a2670a36c7f33f2d3a9ab09e50843b363f2821?s=96&d=mm&r=g\",\"caption\":\"Catfish\"},\"sameAs\":[\"http:\\\/\\\/gambling6.com\"],\"url\":\"https:\\\/\\\/gambling6.com\\\/pl\\\/author\\\/catfish\\\/\"}]}<\/script>\n<!-- \/ Yoast SEO plugin. -->","yoast_head_json":{"title":"Strategia gry w bingo online","description":"Zwi\u0119ksz swoje szanse na wygran\u0105 w bingo online, stosuj\u0105c odpowiedni\u0105 strategi\u0119 gry.","robots":{"index":"index","follow":"follow","max-snippet":"max-snippet:-1","max-image-preview":"max-image-preview:large","max-video-preview":"max-video-preview:-1"},"canonical":"https:\/\/gambling6.com\/pl\/bingo\/sukces-w-bingo-online\/","og_locale":"pl_PL","og_type":"article","og_title":"Strategia gry w bingo online","og_description":"Zwi\u0119ksz swoje szanse na wygran\u0105 w bingo online, stosuj\u0105c odpowiedni\u0105 strategi\u0119 gry.","og_url":"https:\/\/gambling6.com\/pl\/bingo\/sukces-w-bingo-online\/","og_site_name":"Gambling6","article_published_time":"2025-11-17T15:32:06+00:00","article_modified_time":"2025-11-17T16:38:09+00:00","og_image":[{"url":"https:\/\/media.revenueplanet.com\/uploads\/nbb-468x60-nov-generic.gif","type":"","width":"","height":""}],"author":"Catfish","twitter_card":"summary_large_image","twitter_misc":{"Napisane przez":"Catfish","Szacowany czas czytania":"2 minuty"},"schema":{"@context":"https:\/\/schema.org","@graph":[{"@type":"Article","@id":"https:\/\/gambling6.com\/pl\/bingo\/sukces-w-bingo-online\/#article","isPartOf":{"@id":"https:\/\/gambling6.com\/pl\/bingo\/sukces-w-bingo-online\/"},"author":{"name":"Catfish","@id":"https:\/\/gambling6.com\/pl\/#\/schema\/person\/d093de87a44a018ef67117d02d86ddaf"},"headline":"Sukces w bingo online","datePublished":"2025-11-17T15:32:06+00:00","dateModified":"2025-11-17T16:38:09+00:00","mainEntityOfPage":{"@id":"https:\/\/gambling6.com\/pl\/bingo\/sukces-w-bingo-online\/"},"wordCount":466,"image":{"@id":"https:\/\/gambling6.com\/pl\/bingo\/sukces-w-bingo-online\/#primaryimage"},"thumbnailUrl":"https:\/\/media.revenueplanet.com\/uploads\/nbb-468x60-nov-generic.gif","articleSection":["Strategia bingo","Wiadomo\u015bci o bingo"],"inLanguage":"pl-PL"},{"@type":"WebPage","@id":"https:\/\/gambling6.com\/pl\/bingo\/sukces-w-bingo-online\/","url":"https:\/\/gambling6.com\/pl\/bingo\/sukces-w-bingo-online\/","name":"Strategia gry w bingo online","isPartOf":{"@id":"https:\/\/gambling6.com\/pl\/#website"},"primaryImageOfPage":{"@id":"https:\/\/gambling6.com\/pl\/bingo\/sukces-w-bingo-online\/#primaryimage"},"image":{"@id":"https:\/\/gambling6.com\/pl\/bingo\/sukces-w-bingo-online\/#primaryimage"},"thumbnailUrl":"https:\/\/media.revenueplanet.com\/uploads\/nbb-468x60-nov-generic.gif","datePublished":"2025-11-17T15:32:06+00:00","dateModified":"2025-11-17T16:38:09+00:00","author":{"@id":"https:\/\/gambling6.com\/pl\/#\/schema\/person\/d093de87a44a018ef67117d02d86ddaf"},"description":"Zwi\u0119ksz swoje szanse na wygran\u0105 w bingo online, stosuj\u0105c odpowiedni\u0105 strategi\u0119 gry.","breadcrumb":{"@id":"https:\/\/gambling6.com\/pl\/bingo\/sukces-w-bingo-online\/#breadcrumb"},"inLanguage":"pl-PL","potentialAction":[{"@type":"ReadAction","target":["https:\/\/gambling6.com\/pl\/bingo\/sukces-w-bingo-online\/"]}]},{"@type":"ImageObject","inLanguage":"pl-PL","@id":"https:\/\/gambling6.com\/pl\/bingo\/sukces-w-bingo-online\/#primaryimage","url":"https:\/\/media.revenueplanet.com\/uploads\/nbb-468x60-nov-generic.gif","contentUrl":"https:\/\/media.revenueplanet.com\/uploads\/nbb-468x60-nov-generic.gif"},{"@type":"BreadcrumbList","@id":"https:\/\/gambling6.com\/pl\/bingo\/sukces-w-bingo-online\/#breadcrumb","itemListElement":[{"@type":"ListItem","position":1,"name":"Home","item":"https:\/\/gambling6.com\/pl\/home\/"},{"@type":"ListItem","position":2,"name":"Sukces w bingo online"}]},{"@type":"WebSite","@id":"https:\/\/gambling6.com\/pl\/#website","url":"https:\/\/gambling6.com\/pl\/","name":"Gambling6","description":"","potentialAction":[{"@type":"SearchAction","target":{"@type":"EntryPoint","urlTemplate":"https:\/\/gambling6.com\/pl\/?s={search_term_string}"},"query-input":{"@type":"PropertyValueSpecification","valueRequired":true,"valueName":"search_term_string"}}],"inLanguage":"pl-PL"},{"@type":"Person","@id":"https:\/\/gambling6.com\/pl\/#\/schema\/person\/d093de87a44a018ef67117d02d86ddaf","name":"Catfish","image":{"@type":"ImageObject","inLanguage":"pl-PL","@id":"https:\/\/secure.gravatar.com\/avatar\/32edfa28ccbf005c231538b245a2670a36c7f33f2d3a9ab09e50843b363f2821?s=96&d=mm&r=g","url":"https:\/\/secure.gravatar.com\/avatar\/32edfa28ccbf005c231538b245a2670a36c7f33f2d3a9ab09e50843b363f2821?s=96&d=mm&r=g","contentUrl":"https:\/\/secure.gravatar.com\/avatar\/32edfa28ccbf005c231538b245a2670a36c7f33f2d3a9ab09e50843b363f2821?s=96&d=mm&r=g","caption":"Catfish"},"sameAs":["http:\/\/gambling6.com"],"url":"https:\/\/gambling6.com\/pl\/author\/catfish\/"}]}},"_links":{"self":[{"href":"https:\/\/gambling6.com\/pl\/wp-json\/wp\/v2\/pages\/11093","targetHints":{"allow":["GET"]}}],"collection":[{"href":"https:\/\/gambling6.com\/pl\/wp-json\/wp\/v2\/pages"}],"about":[{"href":"https:\/\/gambling6.com\/pl\/wp-json\/wp\/v2\/types\/page"}],"author":[{"embeddable":true,"href":"https:\/\/gambling6.com\/pl\/wp-json\/wp\/v2\/users\/1"}],"replies":[{"embeddable":true,"href":"https:\/\/gambling6.com\/pl\/wp-json\/wp\/v2\/comments?post=11093"}],"version-history":[{"count":1,"href":"https:\/\/gambling6.com\/pl\/wp-json\/wp\/v2\/pages\/11093\/revisions"}],"predecessor-version":[{"id":11110,"href":"https:\/\/gambling6.com\/pl\/wp-json\/wp\/v2\/pages\/11093\/revisions\/11110"}],"up":[{"embeddable":true,"href":"https:\/\/gambling6.com\/pl\/wp-json\/wp\/v2\/pages\/8522"}],"wp:attachment":[{"href":"https:\/\/gambling6.com\/pl\/wp-json\/wp\/v2\/media?parent=11093"}],"curies":[{"name":"wp","href":"https:\/\/api.w.org\/{rel}","templated":true}]}}