{"id":8134,"date":"2025-10-29T11:43:38","date_gmt":"2025-10-29T11:43:38","guid":{"rendered":"https:\/\/gambling6.com\/?page_id=8134"},"modified":"2025-10-29T13:17:56","modified_gmt":"2025-10-29T13:17:56","slug":"home","status":"publish","type":"page","link":"https:\/\/gambling6.com\/pl\/","title":{"rendered":"Home"},"content":{"rendered":"<h2>Witamy w Gambling6 \u2013 informacje dotycz\u0105ce wszystkich Twoich potrzeb zwi\u0105zanych z hazardem na pieni\u0105dze<\/h2>\n<p><img loading=\"lazy\" decoding=\"async\" class=\" wp-image-2679 alignright\" src=\"https:\/\/gambling6.com\/wp-content\/uploads\/2022\/04\/1_win_lottery_online1.jpg\" alt=\"Gry hazardowe online na pieni\u0105dze\" width=\"253\" height=\"168\" \/><br \/>\nDla wielu os\u00f3b \u015bwiat hazardu online na prawdziwe pieni\u0105dze mo\u017ce wydawa\u0107 si\u0119 przera\u017caj\u0105cy i niech\u0119tnie si\u0119 na niego decyduj\u0105. By\u0107 mo\u017ce og\u00f3lnie lubi\u0105 hazard, ale zastanawiaj\u0105 si\u0119, czy serwisy hazardowe online s\u0105 godne zaufania. Jednak obecnie jest to jeden z naj\u0142atwiejszych sposob\u00f3w, aby cieszy\u0107 si\u0119 wszystkimi ulubionymi grami kasynowymi, nawet je\u015bli nie mieszkasz w pobli\u017cu kasyna.<\/p>\n<p>Witryny hazardowe online stworzy\u0142y mo\u017cliwo\u015b\u0107 gry w pokera, blackjacka, ruletk\u0119, pokera wideo, automaty, bingo, zdrapki, obstawiania wydarze\u0144 sportowych, a teraz mo\u017cna nawet uczestniczy\u0107 w dowolnej z du\u017cych \u015bwiatowych loterii online \u2013 bez konieczno\u015bci opuszczania komfortowego domu.<\/p>\n<p>Wszyscy kochaj\u0105 strony kasyn z szybkimi wyp\u0142atami, a je\u015bli lubisz hazard, musisz sprawdzi\u0107, o co w tym wszystkim chodzi i zobaczy\u0107, jak mo\u017cesz zacz\u0105\u0107 korzysta\u0107 z wielu dost\u0119pnych stron z grami online. Skorzystanie z porad serwisu po\u015bwi\u0119conego hazardowi online, takiego jak nasz, pomo\u017ce Ci wybra\u0107 dobrego dostawc\u0119 i zapewni Ci wspania\u0142e wra\u017cenia. Je\u015bli chcesz zacz\u0105\u0107 od razu, oto moje osobiste rekomendacje:<\/p>\n<h2>Najlepsza wszechstronna strona hazardowa<\/h2>\n<p>Osobi\u015bcie lubi\u0119 gra\u0107 w gry hazardowe online w jednym miejscu, bez konieczno\u015bci dokonywania wp\u0142at na r\u00f3\u017cnych stronach. Dlatego moj\u0105 ulubion\u0105 wszechstronn\u0105 stron\u0105 jest 888 \u2013 \u015bwietne kasyno online z najfajniejszymi automatami do gry, jakie kiedykolwiek widzia\u0142em, i doskona\u0142ym pokojem pokerowym online. Wyb\u00f3r gier kasynowych, w tym blackjacka, ruletki i innych, nie pozostawia nic do \u017cyczenia. Je\u015bli szukasz prawdziwego bingo lub zdrapek, nie znajdziesz nic lepszego ni\u017c 888.<\/p>\n<p>Dlatego moj\u0105 ulubion\u0105 wszechstronn\u0105 stron\u0105 jest 888 \u2013 \u015bwietne kasyno online z najfajniejszymi automatami do gry, jakie kiedykolwiek widzia\u0142em, i doskona\u0142ym pokojem pokerowym online. Wyb\u00f3r gier kasynowych, w tym blackjacka, ruletki i innych, nie pozostawia nic do \u017cyczenia. Je\u015bli szukasz prawdziwego bingo lub zdrapek, nie znajdziesz nic lepszego ni\u017c 888.<\/p>\n<p>Jest te\u017c sekcja zak\u0142ad\u00f3w sportowych, kt\u00f3ra oferuje szeroki wyb\u00f3r wydarze\u0144, na kt\u00f3re mo\u017cna obstawia\u0107, oraz najlepsze kursy, jakie mo\u017cna znale\u017a\u0107 w Internecie. Mo\u017cesz nawet obstawia\u0107 wyniki finansowe, takie jak g\u0142\u00f3wne indeksy gie\u0142dowe i kursy walut! <a class=\"thirstylink\" title=\"888 casino en\" href=\"https:\/\/gambling6.com\/go\/888-casino-en\/\" target=\"_blank\" rel=\"nofollow noopener\">Skorzystaj z tego linku, aby przej\u015b\u0107 do 888 ju\u017c dzi\u015b, a otrzymasz bonus w wysoko\u015bci do 1500 \u20ac przy pierwszym depozycie.<\/a><\/p>\n<h2>Najlepsza wszechstronna strona hazardowa dla mieszka\u0144c\u00f3w USA<\/h2>\n<p>Je\u015bli jeste\u015b mieszka\u0144cem USA, Twoje mo\u017cliwo\u015bci s\u0105 ograniczone, a niekt\u00f3rzy operatorzy, kt\u00f3rzy akceptuj\u0105 klient\u00f3w z USA, s\u0105 nieco podejrzani, wi\u0119c musisz uwa\u017ca\u0107, kogo wybierasz.<\/p>\n<p>Jedna strona wyr\u00f3\u017cnia si\u0119 jednak na tle innych, a mianowicie <a class=\"thirstylink\" title=\"Betonline casino en\" href=\"https:\/\/gambling6.com\/go\/betonline-casino-en\/\" target=\"_blank\" rel=\"nofollow noopener\">Betonline \u2013 tutaj mo\u017cesz gra\u0107 w pokera online, gry kasynowe, automaty, ruletk\u0119, blackjacka oraz obstawia\u0107 zak\u0142ady sportowe.<\/a> Akceptuj\u0105 graczy z USA i oferuj\u0105 kilka sposob\u00f3w wp\u0142acania \u015brodk\u00f3w na konto, a tak\u017ce wyp\u0142acania wygranych.<\/p>\n<h2>Gambling6 \u2013 sze\u015b\u0107 najpopularniejszych form hazardu online<\/h2>\n<p>Na stronie Gambling6.com znajdziesz informacje na temat:<\/p>\n<ul>\n<li>Gier kasynowych, w tym blackjacka, ruletki, ko\u015bci, pokera wideo, automat\u00f3w itp.<\/li>\n<li>Wszystkie odmiany pokera<\/li>\n<li>Bingo online<\/li>\n<li>Zdrapki online<\/li>\n<li>Zak\u0142ady sportowe i zak\u0142ady na inne wydarzenia<\/li>\n<li>Jak kupi\u0107 online los na loteri\u0119 poza krajem zamieszkania<\/li>\n<\/ul>\n<h2>Co powiesz na zabaw\u0119 w loterii i \u015bwiatowej klasy jackpoty?<\/h2>\n<p>Za\u0142\u00f3\u017cmy, \u017ce jeste\u015b fanem loterii i nie chcesz ogranicza\u0107 si\u0119 do lokalnej loterii. W takim razie mamy dla Ciebie dobr\u0105 wiadomo\u015b\u0107: teraz mo\u017cesz spr\u00f3bowa\u0107 swoich si\u0142 w dowolnej loterii na ca\u0142ym \u015bwiecie \u2013 RedFoxLotto umo\u017cliwia zakup los\u00f3w loterii online do najwi\u0119kszych \u015bwiatowych loterii, takich jak Mega Millions, Powerball, El Gordo, EuroMillions i wielu innych. <a href=\"https:\/\/redfoxlotto.com\/pl\">Kliknij tutaj, aby sprawdzi\u0107, kt\u00f3ra loteria ma najwi\u0119ksz\u0105 pul\u0119 nagr\u00f3d, i kup los w ci\u0105gu kilku sekund!<\/a><\/p>\n<h2>Cz\u0119sto zadawane pytania dotycz\u0105ce kasyn online<\/h2>\n<p>Je\u015bli dopiero zaczynasz przygod\u0119 z kasynami online, prawdopodobnie masz pytania dotycz\u0105ce grania w gry online i tego, jak to wszystko dzia\u0142a. Niekt\u00f3re z Twoich pyta\u0144 s\u0105 takie same, jak pytania wielu innych nowych graczy kasyn online. Odpowiedzi na te pytania znajduj\u0105 si\u0119 w sekcji FAQ i pomog\u0105 Ci rozpocz\u0105\u0107 gr\u0119.<\/p>\n<p><strong>Czy musz\u0119 mie\u0107 okre\u015blony wiek, aby gra\u0107 w kasynie online?<\/strong><\/p>\n<p>Ka\u017cde kasyno online ustala w\u0142asne zasady i wytyczne. Jednak wi\u0119kszo\u015b\u0107 z nich wymaga, aby gracze mieli uko\u0144czone 18 lub 21 lat, aby m\u00f3c uczestniczy\u0107 w grach kasynowych na prawdziwe pieni\u0105dze.<\/p>\n<p><strong>Czy musz\u0119 pobiera\u0107 co\u015b na sw\u00f3j komputer, aby gra\u0107 w gry kasynowe online?<\/strong><\/p>\n<p>Wiele kasyn online umo\u017cliwia gr\u0119 w trybie natychmiastowym. Je\u015bli zdecydujesz si\u0119 skorzysta\u0107 z trybu natychmiastowego, nie b\u0119dziesz musia\u0142 pobiera\u0107 \u017cadnego oprogramowania na sw\u00f3j komputer.<\/p>\n<p><strong>Jak trudna jest rejestracja w kasynie online?<\/strong><\/p>\n<p>Proces ten jest w rzeczywisto\u015bci bardzo prosty. Musisz poda\u0107 podstawowe informacje o sobie oraz pobra\u0107 i zainstalowa\u0107 oprogramowanie, je\u015bli planujesz gra\u0107 w gry wymagaj\u0105ce pobrania. Ca\u0142y proces zajmuje tylko kilka minut.<\/p>\n<p><strong>Czy musz\u0119 od razu wp\u0142aci\u0107 pieni\u0105dze?<\/strong><\/p>\n<p>Wi\u0119kszo\u015b\u0107 kasyn pozwala wypr\u00f3bowa\u0107 swoje gry bez konieczno\u015bci wp\u0142acania depozytu. Niekt\u00f3re oferuj\u0105 darmowe spiny lub umo\u017cliwiaj\u0105 gr\u0119 za darmo przez okre\u015blony czas. Cz\u0119sto mo\u017cna nawet zatrzyma\u0107 wygrane w tym okresie, je\u015bli p\u00f3\u017aniej wp\u0142acisz prawdziwe pieni\u0105dze!<\/p>\n<p><strong>Na czym polegaj\u0105 bonusy?<\/strong><\/p>\n<p>Wi\u0119kszo\u015b\u0107 kasyn online wykorzystuje bonusy, aby zach\u0119ci\u0107 graczy do gry i powrotu. Niekt\u00f3re bonusy s\u0105 warte setki, a nawet tysi\u0105ce dolar\u00f3w. W wi\u0119kszo\u015bci przypadk\u00f3w przed uzyskaniem dost\u0119pu do bonus\u00f3w nale\u017cy je najpierw zrealizowa\u0107. Instrukcje dotycz\u0105ce wykorzystania bonusu mo\u017cna znale\u017a\u0107 w kasynie online oferuj\u0105cym bonus.<\/p>\n<p><strong>W jakie gry mog\u0119 gra\u0107 w kasynie online?<\/strong><\/p>\n<p>Ka\u017cde kasyno online oferuje w\u0142asny wyb\u00f3r gier. Jednak niekt\u00f3re z bardziej popularnych gier to automaty wideo, automaty do gry, ruletka, ko\u015bci, blackjack, poker, a nawet loterie z ca\u0142ego \u015bwiata.<\/p>\n<p><strong>Ile pieni\u0119dzy naprawd\u0119 mog\u0119 wygra\u0107, graj\u0105c w kasynie online?<\/strong><\/p>\n<p>Po pierwsze, nie ma gwarancji, \u017ce w og\u00f3le co\u015b wygrasz. Jednak mo\u017cna tam wygra\u0107 du\u017co pieni\u0119dzy. Znajdziesz tam jackpoty na automatach o warto\u015bci miliona dolar\u00f3w, turnieje pokerowe z gwarantowan\u0105 pul\u0105 nagr\u00f3d wynosz\u0105c\u0105 1 milion dolar\u00f3w lub wi\u0119cej itp. W rzeczywisto\u015bci wi\u0119kszo\u015b\u0107 kasyn online ma lepsze procenty wyp\u0142at ni\u017c kasyna stacjonarne. Wynika to z faktu, \u017ce maj\u0105 one ni\u017csze koszty og\u00f3lne i mog\u0105 sobie pozwoli\u0107 na wyp\u0142acanie wy\u017cszych stawek zak\u0142ad\u00f3w.<\/p>\n","protected":false},"excerpt":{"rendered":"<p>Witamy w Gambling6 \u2013 informacje dotycz\u0105ce wszystkich Twoich potrzeb zwi\u0105zanych z hazardem na pieni\u0105dze Dla wielu os\u00f3b \u015bwiat hazardu online na prawdziwe pieni\u0105dze mo\u017ce wydawa\u0107 si\u0119 przera\u017caj\u0105cy i niech\u0119tnie si\u0119 na niego decyduj\u0105. By\u0107 mo\u017ce og\u00f3lnie lubi\u0105 hazard, ale zastanawiaj\u0105 si\u0119, czy serwisy hazardowe online s\u0105 godne zaufania. Jednak obecnie jest to jeden z naj\u0142atwiejszych [&hellip;]<\/p>\n","protected":false},"author":1,"featured_media":0,"parent":0,"menu_order":1,"comment_status":"closed","ping_status":"closed","template":"","meta":{"footnotes":""},"class_list":["post-8134","page","type-page","status-publish","hentry"],"yoast_head":"<!-- This site is optimized with the Yoast SEO plugin v27.4 - https:\/\/yoast.com\/product\/yoast-seo-wordpress\/ -->\n<title>Najlepsze gry hazardowe online na pieni\u0105dze | Witamy w Gambling6<\/title>\n<meta name=\"description\" content=\"Je\u015bli lubisz gry hazardowe na pieni\u0105dze, nasza strona po\u015bwi\u0119cona hazardowi zawiera wszystkie potrzebne informacje na temat 6 najpopularniejszych gier online.\" \/>\n<meta name=\"robots\" content=\"index, follow, max-snippet:-1, max-image-preview:large, max-video-preview:-1\" \/>\n<link rel=\"canonical\" href=\"https:\/\/gambling6.com\/pl\/\" \/>\n<meta property=\"og:locale\" content=\"pl_PL\" \/>\n<meta property=\"og:type\" content=\"article\" \/>\n<meta property=\"og:title\" content=\"Najlepsze gry hazardowe online na pieni\u0105dze | Witamy w Gambling6\" \/>\n<meta property=\"og:description\" content=\"Je\u015bli lubisz gry hazardowe na pieni\u0105dze, nasza strona po\u015bwi\u0119cona hazardowi zawiera wszystkie potrzebne informacje na temat 6 najpopularniejszych gier online.\" \/>\n<meta property=\"og:url\" content=\"https:\/\/gambling6.com\/pl\/\" \/>\n<meta property=\"og:site_name\" content=\"Gambling6\" \/>\n<meta property=\"article:modified_time\" content=\"2025-10-29T13:17:56+00:00\" \/>\n<meta property=\"og:image\" content=\"https:\/\/gambling6.com\/wp-content\/uploads\/2022\/04\/1_win_lottery_online1.jpg\" \/>\n\t<meta property=\"og:image:width\" content=\"300\" \/>\n\t<meta property=\"og:image:height\" content=\"199\" \/>\n\t<meta property=\"og:image:type\" content=\"image\/jpeg\" \/>\n<meta name=\"twitter:card\" content=\"summary_large_image\" \/>\n<meta name=\"twitter:label1\" content=\"Szacowany czas czytania\" \/>\n\t<meta name=\"twitter:data1\" content=\"5 minut\" \/>\n<script type=\"application\/ld+json\" class=\"yoast-schema-graph\">{\"@context\":\"https:\\\/\\\/schema.org\",\"@graph\":[{\"@type\":\"WebPage\",\"@id\":\"https:\\\/\\\/gambling6.com\\\/pl\\\/\",\"url\":\"https:\\\/\\\/gambling6.com\\\/pl\\\/\",\"name\":\"Najlepsze gry hazardowe online na pieni\u0105dze | Witamy w Gambling6\",\"isPartOf\":{\"@id\":\"https:\\\/\\\/gambling6.com\\\/pl\\\/#website\"},\"primaryImageOfPage\":{\"@id\":\"https:\\\/\\\/gambling6.com\\\/pl\\\/#primaryimage\"},\"image\":{\"@id\":\"https:\\\/\\\/gambling6.com\\\/pl\\\/#primaryimage\"},\"thumbnailUrl\":\"https:\\\/\\\/gambling6.com\\\/wp-content\\\/uploads\\\/2022\\\/04\\\/1_win_lottery_online1.jpg\",\"datePublished\":\"2025-10-29T11:43:38+00:00\",\"dateModified\":\"2025-10-29T13:17:56+00:00\",\"description\":\"Je\u015bli lubisz gry hazardowe na pieni\u0105dze, nasza strona po\u015bwi\u0119cona hazardowi zawiera wszystkie potrzebne informacje na temat 6 najpopularniejszych gier online.\",\"breadcrumb\":{\"@id\":\"https:\\\/\\\/gambling6.com\\\/pl\\\/#breadcrumb\"},\"inLanguage\":\"pl-PL\",\"potentialAction\":[{\"@type\":\"ReadAction\",\"target\":[\"https:\\\/\\\/gambling6.com\\\/pl\\\/\"]}]},{\"@type\":\"ImageObject\",\"inLanguage\":\"pl-PL\",\"@id\":\"https:\\\/\\\/gambling6.com\\\/pl\\\/#primaryimage\",\"url\":\"https:\\\/\\\/gambling6.com\\\/wp-content\\\/uploads\\\/2022\\\/04\\\/1_win_lottery_online1.jpg\",\"contentUrl\":\"https:\\\/\\\/gambling6.com\\\/wp-content\\\/uploads\\\/2022\\\/04\\\/1_win_lottery_online1.jpg\"},{\"@type\":\"BreadcrumbList\",\"@id\":\"https:\\\/\\\/gambling6.com\\\/pl\\\/#breadcrumb\",\"itemListElement\":[{\"@type\":\"ListItem\",\"position\":1,\"name\":\"Home\",\"item\":\"https:\\\/\\\/gambling6.com\\\/pl\\\/home\\\/\"},{\"@type\":\"ListItem\",\"position\":2,\"name\":\"Home\"}]},{\"@type\":\"WebSite\",\"@id\":\"https:\\\/\\\/gambling6.com\\\/pl\\\/#website\",\"url\":\"https:\\\/\\\/gambling6.com\\\/pl\\\/\",\"name\":\"Gambling6\",\"description\":\"\",\"potentialAction\":[{\"@type\":\"SearchAction\",\"target\":{\"@type\":\"EntryPoint\",\"urlTemplate\":\"https:\\\/\\\/gambling6.com\\\/pl\\\/?s={search_term_string}\"},\"query-input\":{\"@type\":\"PropertyValueSpecification\",\"valueRequired\":true,\"valueName\":\"search_term_string\"}}],\"inLanguage\":\"pl-PL\"}]}<\/script>\n<!-- \/ Yoast SEO plugin. -->","yoast_head_json":{"title":"Najlepsze gry hazardowe online na pieni\u0105dze | Witamy w Gambling6","description":"Je\u015bli lubisz gry hazardowe na pieni\u0105dze, nasza strona po\u015bwi\u0119cona hazardowi zawiera wszystkie potrzebne informacje na temat 6 najpopularniejszych gier online.","robots":{"index":"index","follow":"follow","max-snippet":"max-snippet:-1","max-image-preview":"max-image-preview:large","max-video-preview":"max-video-preview:-1"},"canonical":"https:\/\/gambling6.com\/pl\/","og_locale":"pl_PL","og_type":"article","og_title":"Najlepsze gry hazardowe online na pieni\u0105dze | Witamy w Gambling6","og_description":"Je\u015bli lubisz gry hazardowe na pieni\u0105dze, nasza strona po\u015bwi\u0119cona hazardowi zawiera wszystkie potrzebne informacje na temat 6 najpopularniejszych gier online.","og_url":"https:\/\/gambling6.com\/pl\/","og_site_name":"Gambling6","article_modified_time":"2025-10-29T13:17:56+00:00","og_image":[{"width":300,"height":199,"url":"https:\/\/gambling6.com\/wp-content\/uploads\/2022\/04\/1_win_lottery_online1.jpg","type":"image\/jpeg"}],"twitter_card":"summary_large_image","twitter_misc":{"Szacowany czas czytania":"5 minut"},"schema":{"@context":"https:\/\/schema.org","@graph":[{"@type":"WebPage","@id":"https:\/\/gambling6.com\/pl\/","url":"https:\/\/gambling6.com\/pl\/","name":"Najlepsze gry hazardowe online na pieni\u0105dze | Witamy w Gambling6","isPartOf":{"@id":"https:\/\/gambling6.com\/pl\/#website"},"primaryImageOfPage":{"@id":"https:\/\/gambling6.com\/pl\/#primaryimage"},"image":{"@id":"https:\/\/gambling6.com\/pl\/#primaryimage"},"thumbnailUrl":"https:\/\/gambling6.com\/wp-content\/uploads\/2022\/04\/1_win_lottery_online1.jpg","datePublished":"2025-10-29T11:43:38+00:00","dateModified":"2025-10-29T13:17:56+00:00","description":"Je\u015bli lubisz gry hazardowe na pieni\u0105dze, nasza strona po\u015bwi\u0119cona hazardowi zawiera wszystkie potrzebne informacje na temat 6 najpopularniejszych gier online.","breadcrumb":{"@id":"https:\/\/gambling6.com\/pl\/#breadcrumb"},"inLanguage":"pl-PL","potentialAction":[{"@type":"ReadAction","target":["https:\/\/gambling6.com\/pl\/"]}]},{"@type":"ImageObject","inLanguage":"pl-PL","@id":"https:\/\/gambling6.com\/pl\/#primaryimage","url":"https:\/\/gambling6.com\/wp-content\/uploads\/2022\/04\/1_win_lottery_online1.jpg","contentUrl":"https:\/\/gambling6.com\/wp-content\/uploads\/2022\/04\/1_win_lottery_online1.jpg"},{"@type":"BreadcrumbList","@id":"https:\/\/gambling6.com\/pl\/#breadcrumb","itemListElement":[{"@type":"ListItem","position":1,"name":"Home","item":"https:\/\/gambling6.com\/pl\/home\/"},{"@type":"ListItem","position":2,"name":"Home"}]},{"@type":"WebSite","@id":"https:\/\/gambling6.com\/pl\/#website","url":"https:\/\/gambling6.com\/pl\/","name":"Gambling6","description":"","potentialAction":[{"@type":"SearchAction","target":{"@type":"EntryPoint","urlTemplate":"https:\/\/gambling6.com\/pl\/?s={search_term_string}"},"query-input":{"@type":"PropertyValueSpecification","valueRequired":true,"valueName":"search_term_string"}}],"inLanguage":"pl-PL"}]}},"_links":{"self":[{"href":"https:\/\/gambling6.com\/pl\/wp-json\/wp\/v2\/pages\/8134","targetHints":{"allow":["GET"]}}],"collection":[{"href":"https:\/\/gambling6.com\/pl\/wp-json\/wp\/v2\/pages"}],"about":[{"href":"https:\/\/gambling6.com\/pl\/wp-json\/wp\/v2\/types\/page"}],"author":[{"embeddable":true,"href":"https:\/\/gambling6.com\/pl\/wp-json\/wp\/v2\/users\/1"}],"replies":[{"embeddable":true,"href":"https:\/\/gambling6.com\/pl\/wp-json\/wp\/v2\/comments?post=8134"}],"version-history":[{"count":2,"href":"https:\/\/gambling6.com\/pl\/wp-json\/wp\/v2\/pages\/8134\/revisions"}],"predecessor-version":[{"id":8177,"href":"https:\/\/gambling6.com\/pl\/wp-json\/wp\/v2\/pages\/8134\/revisions\/8177"}],"wp:attachment":[{"href":"https:\/\/gambling6.com\/pl\/wp-json\/wp\/v2\/media?parent=8134"}],"curies":[{"name":"wp","href":"https:\/\/api.w.org\/{rel}","templated":true}]}}