{"id":8320,"date":"2025-11-07T10:01:34","date_gmt":"2025-11-07T10:01:34","guid":{"rendered":"https:\/\/gambling6.com\/kasyno\/"},"modified":"2025-11-12T15:47:23","modified_gmt":"2025-11-12T15:47:23","slug":"kasyno","status":"publish","type":"page","link":"https:\/\/gambling6.com\/pl\/kasyno\/","title":{"rendered":"Kasyno"},"content":{"rendered":"<h2>Przewodnik dla pocz\u0105tkuj\u0105cych w kasynach online<\/h2>\n<p>Sp\u00f3jrzmy prawdzie w oczy \u2013 kasyna online na sta\u0142e zagoszcz\u0105 w naszym \u017cyciu. Bior\u0105c pod uwag\u0119 ich rosn\u0105c\u0105 popularno\u015b\u0107, gracze z pewno\u015bci\u0105 je uwielbiaj\u0105. Hazard online na prawdziwe pieni\u0105dze uszcz\u0119\u015bliwi\u0142 wszystkich, kt\u00f3rzy dopiero zaczynaj\u0105, i oczekuj\u0105 wi\u0119cej. Niemal ka\u017cdego dnia w kasynach na prawdziwe pieni\u0105dze obraca si\u0119 du\u017ca ilo\u015b\u0107 got\u00f3wki. Niezale\u017cnie od tego, czy chodzi o wp\u0142aty, czy wyp\u0142aty, wszystko odbywa si\u0119 z superszybk\u0105 pr\u0119dko\u015bci\u0105 przez internet.<\/p>\n<p>Jednak to w\u0142a\u015bnie w tym momencie wiele os\u00f3b zaczyna si\u0119 denerwowa\u0107. Zamiast kombinacji kart czy slot\u00f3w, to opcje p\u0142atno\u015bci i ich bezpiecze\u0144stwo budz\u0105 niepok\u00f3j graczy. Nie mo\u017cna ich za to wini\u0107. Transakcje internetowe mog\u0105 by\u0107 \u017ar\u00f3d\u0142em wielu problem\u00f3w, je\u015bli nie jest si\u0119 wystarczaj\u0105co ostro\u017cnym.<\/p>\n<p>Dlatego wiele kasyn online dok\u0142ada wszelkich stara\u0144, aby przekona\u0107 klient\u00f3w, \u017ce <strong>opcje p\u0142atno\u015bci oferowane na ich stronach s\u0105 bezpieczne i chronione.<\/strong> Warto zachowa\u0107 ostro\u017cno\u015b\u0107 podczas transakcji online. Ostatni\u0105 rzecz\u0105, jakiej chcesz, s\u0105 dane Twojej karty kredytowej w niepowo\u0142ane r\u0119ce. W Internecie roi si\u0119 od haker\u00f3w i oszust\u00f3w, a ostatni\u0105 rzecz\u0105, jakiej chcesz, jest stanie si\u0119 ich kolejn\u0105 ofiar\u0105. Najlepszym rozwi\u0105zaniem jest poszerzenie wiedzy na temat metod p\u0142atno\u015bci online i ich r\u00f3\u017cnorodno\u015bci.<\/p>\n<p>Kasyna online oferuj\u0105 wiele kana\u0142\u00f3w p\u0142atno\u015bci, z kt\u00f3rych mo\u017cna bezpiecznie korzysta\u0107 podczas gry online. P\u0142atno\u015bci kartami kredytowymi lub debetowymi s\u0105 do\u015b\u0107 powszechne w kasynach online. Prawie wszystkie kasyna akceptuj\u0105 karty Visa, MasterCard i American Express. Mo\u017cesz u\u017cy\u0107 dowolnej z tych kart do dokonywania transakcji.<\/p>\n<h2>Kasyna online akceptuj\u0105ce klient\u00f3w z USA<\/h2>\n<p><img loading=\"lazy\" decoding=\"async\" class=\" wp-image-2901 alignright\" src=\"https:\/\/gambling6.com\/wp-content\/uploads\/2022\/04\/download-image2-300x190.jpg\" alt=\"pobieranie kasyna online\" width=\"249\" height=\"158\" srcset=\"https:\/\/gambling6.com\/wp-content\/uploads\/2022\/04\/download-image2-300x190.jpg 300w, https:\/\/gambling6.com\/wp-content\/uploads\/2022\/04\/download-image2.jpg 435w\" sizes=\"auto, (max-width: 249px) 100vw, 249px\" \/>Je\u015bli jeste\u015b mieszka\u0144cem Stan\u00f3w Zjednoczonych, Twoje mo\u017cliwo\u015bci wyboru kasyn online s\u0105 nieco ograniczone ze wzgl\u0119du na przepisy obowi\u0105zuj\u0105ce w USA. To samo dotyczy dost\u0119pnych opcji p\u0142atno\u015bci. Dlatego jako mieszkaniec USA powiniene\u015b szuka\u0107 kasyna z wygodnymi metodami wp\u0142at i wyp\u0142at, aby rozpocz\u0105\u0107 przygod\u0119 z hazardem online.<\/p>\n<p>Kasyno BetOnline wyr\u00f3\u017cnia si\u0119 na tle innych, zw\u0142aszcza je\u015bli chodzi o \u0142atwo\u015b\u0107 przetwarzania p\u0142atno\u015bci, dlatego gor\u0105co polecamy je odwiedzaj\u0105cym z USA. <a class=\"thirstylink\" title=\"Betonline casino en\" href=\"https:\/\/gambling6.com\/go\/betonline-casino-en\/\" target=\"_blank\" rel=\"nofollow noopener\"><strong>Kliknij <\/strong><strong>tutaj, aby odwiedzi\u0107 je teraz.<\/strong><\/a><\/p>\n<p>Chocia\u017c mo\u017ce si\u0119 to wydawa\u0107 oczywiste, przed podaniem danych karty kredytowej upewnij si\u0119, \u017ce znasz cel transakcji i ufasz stronie. Mo\u017cesz r\u00f3wnie\u017c p\u00f3j\u015b\u0107 o krok dalej i wybra\u0107 metody p\u0142atno\u015bci online. Istnieje wiele portali internetowych dedykowanych temu celowi. Prawd\u0105 jest, \u017ce kasyna mog\u0105 mie\u0107 swoje ulubione strony do transakcji online, ale niekt\u00f3re z nich ciesz\u0105 si\u0119 wi\u0119ksz\u0105 popularno\u015bci\u0105 ni\u017c inne.<\/p>\n<p>Do takich stron nale\u017c\u0105 Neteller, Money Transfer, eWalletXpress, PayPal, Instadebit i Moneybookers. Moneybookers to metoda do\u015b\u0107 popularna w krajach europejskich, w tym w Wielkiej Brytanii. Dzi\u0119ki niej mieszka\u0144cy Europy stali si\u0119 wielkimi fanami kasyn online.<\/p>\n<h2>Kasyna obs\u0142uguj\u0105ce p\u0142atno\u015bci za po\u015brednictwem PayPala<\/h2>\n<p>Je\u015bli znasz PayPala, bez problemu b\u0119dziesz go u\u017cywa\u0107 podczas gier online. Wystarczy zarejestrowa\u0107 swoje imi\u0119 i nazwisko oraz sparowa\u0107 kart\u0119 kredytow\u0105 z kontem. Ta metoda p\u0142atno\u015bci jest akceptowana przez wi\u0119kszo\u015b\u0107 kasyn i serwis\u00f3w hazardowych online. Je\u015bli chcesz zachowa\u0107 anonimowo\u015b\u0107 podczas gry online, eWalletXpress jest dla Ciebie najlepszym rozwi\u0105zaniem. Opr\u00f3cz bezpiecze\u0144stwa, ta strona pomaga deponentom pozosta\u0107 anonimowymi. Jest to szybka metoda transakcji akceptowana przez wi\u0119kszo\u015b\u0107 kasyn online.<\/p>\n<p>Dzi\u0119ki popularno\u015bci transakcji online, w tym hazardu online, PayPal zyska\u0142 na popularno\u015bci. Wygl\u0105da na to, \u017ce istnieje niewielka liczba kasyn, kt\u00f3re ufaj\u0105 tej stronie ze wzgl\u0119du na jej bezpieczny spos\u00f3b p\u0142atno\u015bci.<\/p>\n<p>Kasyno 888 oferuje opcj\u0119 PayPal wszystkim swoim graczom mieszkaj\u0105cym w Wielkiej Brytanii i Irlandii. Je\u015bli jednak jeste\u015b mieszka\u0144cem Australii i chcesz gra\u0107 na tej stronie, mo\u017cesz dokona\u0107 transakcji za pomoc\u0105 karty MasterCard. Opr\u00f3cz dw\u00f3ch wymienionych powy\u017cej kraj\u00f3w, inne kraje europejskie obs\u0142ugiwane przez ten system transakcji online to Hiszpania, Portugalia, W\u0142ochy, Austria, Finlandia, Szwecja i Dania.<\/p>\n<p>W tej chwili kasyno 888 ma \u015bwietn\u0105 ofert\u0119 dla nowych graczy: <strong>100% bonusu do 1500,00 \u20ac przy pierwszej wp\u0142acie dla nowych graczy!<\/strong> Ta oferta promocyjna jest dost\u0119pna tylko dla mieszka\u0144c\u00f3w okre\u015blonych kraj\u00f3w. <a class=\"thirstylink\" title=\"888 casino en\" href=\"https:\/\/gambling6.com\/go\/888-casino-en\/\" target=\"_blank\" rel=\"nofollow noopener\">sprawd\u017a strony internetowe 888, aby uzyska\u0107 wi\u0119cej informacji.<\/a><\/p>\n<p>Kr\u00f3tko m\u00f3wi\u0105c, wi\u0119kszo\u015b\u0107 kasyn oferuje opcje p\u0142atno\u015bci dla wszystkich graczy, niezale\u017cnie od miejsca zamieszkania.Obywatele Stan\u00f3w Zjednoczonych i Australii mog\u0105 korzysta\u0107 z kart Visa, Master Card, Neteller i Moneybookers, a mieszka\u0144cy Europy z systemu PayPal.<\/p>\n<p>Kasyno 888 oferuje szeroki wyb\u00f3r gier, w tym gry 3D. Mo\u017cesz obstawia\u0107 zak\u0142ady za pomoc\u0105 PayPal, Master Card lub dowolnej innej akceptowanej metody p\u0142atno\u015bci. Wszystkie te metody p\u0142atno\u015bci s\u0105 do\u015b\u0107 bezpieczne. Jednak, podobnie jak w przypadku wielu innych kasyn online, 888casinos.com r\u00f3wnie\u017c ma minimaln\u0105 kwot\u0119 depozytu, kt\u00f3rej nale\u017cy przestrzega\u0107. Kwota ta cz\u0119sto zale\u017cy od wybranej metody p\u0142atno\u015bci. W przypadku kart MasterCard lub Visa, b\u0119dziesz musia\u0142 wp\u0142aci\u0107 20 USD, 20 EUR lub 20 GBP, w zale\u017cno\u015bci od regionu. Natomiast gracze korzystaj\u0105cy z kart debetowych Maestro b\u0119d\u0105 musieli wp\u0142aci\u0107 co najmniej 10 USD lub 10 EUR. Je\u015bli korzystasz z serwis\u00f3w internetowych takich jak PayPal, MoneyBookers lub Neteller, minimalna kwota depozytu wyniesie 20 USD.<\/p>\n<p>W wi\u0119kszo\u015bci przypadk\u00f3w kwota mo\u017ce si\u0119 r\u00f3\u017cni\u0107 w zale\u017cno\u015bci od waluty, w zale\u017cno\u015bci od kursu wymiany i innych obowi\u0105zuj\u0105cych op\u0142at. Dlatego, podczas gdy jeden gracz mo\u017ce wp\u0142aci\u0107 10 GBP za po\u015brednictwem Neteller, inny mo\u017ce ostatecznie wp\u0142aci\u0107 20 USD, czyli dwa razy wi\u0119cej ni\u017c poprzednia kwota. Dlatego podczas dokonywania transakcji lepiej jest zna\u0107 walut\u0119, kt\u00f3rej nale\u017cy u\u017cywa\u0107 w danym kasynie.<\/p>\n<p>Najwa\u017cniejsze jest to, \u017ce graj\u0105c online za swoje pieni\u0105dze w kasynie online, lepiej jest korzysta\u0107 z zaufanej metody p\u0142atno\u015bci. W ten spos\u00f3b nie b\u0119dziesz musia\u0142 p\u00f3\u017aniej \u017ca\u0142owa\u0107. W ko\u0144cu jeste\u015b tu po to, aby si\u0119 dobrze bawi\u0107, a nie pa\u015b\u0107 ofiar\u0105 oszustwa. Graj wi\u0119c bezpiecznie i pozw\u00f3l, aby ko\u0142o si\u0119 kr\u0119ci\u0142o!<\/p>\n","protected":false},"excerpt":{"rendered":"<p>Przewodnik dla pocz\u0105tkuj\u0105cych w kasynach online Sp\u00f3jrzmy prawdzie w oczy \u2013 kasyna online na sta\u0142e zagoszcz\u0105 w naszym \u017cyciu. Bior\u0105c pod uwag\u0119 ich rosn\u0105c\u0105 popularno\u015b\u0107, gracze z pewno\u015bci\u0105 je uwielbiaj\u0105. Hazard online na prawdziwe pieni\u0105dze uszcz\u0119\u015bliwi\u0142 wszystkich, kt\u00f3rzy dopiero zaczynaj\u0105, i oczekuj\u0105 wi\u0119cej. Niemal ka\u017cdego dnia w kasynach na prawdziwe pieni\u0105dze obraca si\u0119 du\u017ca ilo\u015b\u0107 [&hellip;]<\/p>\n","protected":false},"author":1,"featured_media":0,"parent":0,"menu_order":2,"comment_status":"closed","ping_status":"closed","template":"","meta":{"footnotes":""},"class_list":["post-8320","page","type-page","status-publish","hentry"],"yoast_head":"<!-- This site is optimized with the Yoast SEO plugin v27.3 - https:\/\/yoast.com\/product\/yoast-seo-wordpress\/ -->\n<title>Rozpocznij przygod\u0119 z hazardem online | Przewodnik po kasynach online<\/title>\n<meta name=\"description\" content=\"Powiedzmy sobie szczerze \u2013 kasyna online na sta\u0142e zagoszcz\u0105 w naszym \u017cyciu. Zacznij ju\u017c teraz \u2013 nasz przewodnik po kasynach online pomo\u017ce Ci wybra\u0107 najlepsze strony dla Ciebie.\" \/>\n<meta name=\"robots\" content=\"index, follow, max-snippet:-1, max-image-preview:large, max-video-preview:-1\" \/>\n<link rel=\"canonical\" href=\"https:\/\/gambling6.com\/pl\/kasyno\/\" \/>\n<meta property=\"og:locale\" content=\"pl_PL\" \/>\n<meta property=\"og:type\" content=\"article\" \/>\n<meta property=\"og:title\" content=\"Rozpocznij przygod\u0119 z hazardem online | Przewodnik po kasynach online\" \/>\n<meta property=\"og:description\" content=\"Powiedzmy sobie szczerze \u2013 kasyna online na sta\u0142e zagoszcz\u0105 w naszym \u017cyciu. Zacznij ju\u017c teraz \u2013 nasz przewodnik po kasynach online pomo\u017ce Ci wybra\u0107 najlepsze strony dla Ciebie.\" \/>\n<meta property=\"og:url\" content=\"https:\/\/gambling6.com\/pl\/kasyno\/\" \/>\n<meta property=\"og:site_name\" content=\"Gambling6\" \/>\n<meta property=\"article:modified_time\" content=\"2025-11-12T15:47:23+00:00\" \/>\n<meta property=\"og:image\" content=\"https:\/\/gambling6.com\/wp-content\/uploads\/2022\/04\/download-image2.jpg\" \/>\n\t<meta property=\"og:image:width\" content=\"435\" \/>\n\t<meta property=\"og:image:height\" content=\"276\" \/>\n\t<meta property=\"og:image:type\" content=\"image\/jpeg\" \/>\n<meta name=\"twitter:card\" content=\"summary_large_image\" \/>\n<meta name=\"twitter:label1\" content=\"Szacowany czas czytania\" \/>\n\t<meta name=\"twitter:data1\" content=\"5 minut\" \/>\n<script type=\"application\/ld+json\" class=\"yoast-schema-graph\">{\"@context\":\"https:\\\/\\\/schema.org\",\"@graph\":[{\"@type\":\"WebPage\",\"@id\":\"https:\\\/\\\/gambling6.com\\\/pl\\\/kasyno\\\/\",\"url\":\"https:\\\/\\\/gambling6.com\\\/pl\\\/kasyno\\\/\",\"name\":\"Rozpocznij przygod\u0119 z hazardem online | Przewodnik po kasynach online\",\"isPartOf\":{\"@id\":\"https:\\\/\\\/gambling6.com\\\/pl\\\/#website\"},\"primaryImageOfPage\":{\"@id\":\"https:\\\/\\\/gambling6.com\\\/pl\\\/kasyno\\\/#primaryimage\"},\"image\":{\"@id\":\"https:\\\/\\\/gambling6.com\\\/pl\\\/kasyno\\\/#primaryimage\"},\"thumbnailUrl\":\"https:\\\/\\\/gambling6.com\\\/wp-content\\\/uploads\\\/2022\\\/04\\\/download-image2-300x190.jpg\",\"datePublished\":\"2025-11-07T10:01:34+00:00\",\"dateModified\":\"2025-11-12T15:47:23+00:00\",\"description\":\"Powiedzmy sobie szczerze \u2013 kasyna online na sta\u0142e zagoszcz\u0105 w naszym \u017cyciu. Zacznij ju\u017c teraz \u2013 nasz przewodnik po kasynach online pomo\u017ce Ci wybra\u0107 najlepsze strony dla Ciebie.\",\"breadcrumb\":{\"@id\":\"https:\\\/\\\/gambling6.com\\\/pl\\\/kasyno\\\/#breadcrumb\"},\"inLanguage\":\"pl-PL\",\"potentialAction\":[{\"@type\":\"ReadAction\",\"target\":[\"https:\\\/\\\/gambling6.com\\\/pl\\\/kasyno\\\/\"]}]},{\"@type\":\"ImageObject\",\"inLanguage\":\"pl-PL\",\"@id\":\"https:\\\/\\\/gambling6.com\\\/pl\\\/kasyno\\\/#primaryimage\",\"url\":\"https:\\\/\\\/gambling6.com\\\/wp-content\\\/uploads\\\/2022\\\/04\\\/download-image2-300x190.jpg\",\"contentUrl\":\"https:\\\/\\\/gambling6.com\\\/wp-content\\\/uploads\\\/2022\\\/04\\\/download-image2-300x190.jpg\"},{\"@type\":\"BreadcrumbList\",\"@id\":\"https:\\\/\\\/gambling6.com\\\/pl\\\/kasyno\\\/#breadcrumb\",\"itemListElement\":[{\"@type\":\"ListItem\",\"position\":1,\"name\":\"Home\",\"item\":\"https:\\\/\\\/gambling6.com\\\/pl\\\/home\\\/\"},{\"@type\":\"ListItem\",\"position\":2,\"name\":\"Kasyno\"}]},{\"@type\":\"WebSite\",\"@id\":\"https:\\\/\\\/gambling6.com\\\/pl\\\/#website\",\"url\":\"https:\\\/\\\/gambling6.com\\\/pl\\\/\",\"name\":\"Gambling6\",\"description\":\"\",\"potentialAction\":[{\"@type\":\"SearchAction\",\"target\":{\"@type\":\"EntryPoint\",\"urlTemplate\":\"https:\\\/\\\/gambling6.com\\\/pl\\\/?s={search_term_string}\"},\"query-input\":{\"@type\":\"PropertyValueSpecification\",\"valueRequired\":true,\"valueName\":\"search_term_string\"}}],\"inLanguage\":\"pl-PL\"}]}<\/script>\n<!-- \/ Yoast SEO plugin. -->","yoast_head_json":{"title":"Rozpocznij przygod\u0119 z hazardem online | Przewodnik po kasynach online","description":"Powiedzmy sobie szczerze \u2013 kasyna online na sta\u0142e zagoszcz\u0105 w naszym \u017cyciu. Zacznij ju\u017c teraz \u2013 nasz przewodnik po kasynach online pomo\u017ce Ci wybra\u0107 najlepsze strony dla Ciebie.","robots":{"index":"index","follow":"follow","max-snippet":"max-snippet:-1","max-image-preview":"max-image-preview:large","max-video-preview":"max-video-preview:-1"},"canonical":"https:\/\/gambling6.com\/pl\/kasyno\/","og_locale":"pl_PL","og_type":"article","og_title":"Rozpocznij przygod\u0119 z hazardem online | Przewodnik po kasynach online","og_description":"Powiedzmy sobie szczerze \u2013 kasyna online na sta\u0142e zagoszcz\u0105 w naszym \u017cyciu. Zacznij ju\u017c teraz \u2013 nasz przewodnik po kasynach online pomo\u017ce Ci wybra\u0107 najlepsze strony dla Ciebie.","og_url":"https:\/\/gambling6.com\/pl\/kasyno\/","og_site_name":"Gambling6","article_modified_time":"2025-11-12T15:47:23+00:00","og_image":[{"width":435,"height":276,"url":"https:\/\/gambling6.com\/wp-content\/uploads\/2022\/04\/download-image2.jpg","type":"image\/jpeg"}],"twitter_card":"summary_large_image","twitter_misc":{"Szacowany czas czytania":"5 minut"},"schema":{"@context":"https:\/\/schema.org","@graph":[{"@type":"WebPage","@id":"https:\/\/gambling6.com\/pl\/kasyno\/","url":"https:\/\/gambling6.com\/pl\/kasyno\/","name":"Rozpocznij przygod\u0119 z hazardem online | Przewodnik po kasynach online","isPartOf":{"@id":"https:\/\/gambling6.com\/pl\/#website"},"primaryImageOfPage":{"@id":"https:\/\/gambling6.com\/pl\/kasyno\/#primaryimage"},"image":{"@id":"https:\/\/gambling6.com\/pl\/kasyno\/#primaryimage"},"thumbnailUrl":"https:\/\/gambling6.com\/wp-content\/uploads\/2022\/04\/download-image2-300x190.jpg","datePublished":"2025-11-07T10:01:34+00:00","dateModified":"2025-11-12T15:47:23+00:00","description":"Powiedzmy sobie szczerze \u2013 kasyna online na sta\u0142e zagoszcz\u0105 w naszym \u017cyciu. Zacznij ju\u017c teraz \u2013 nasz przewodnik po kasynach online pomo\u017ce Ci wybra\u0107 najlepsze strony dla Ciebie.","breadcrumb":{"@id":"https:\/\/gambling6.com\/pl\/kasyno\/#breadcrumb"},"inLanguage":"pl-PL","potentialAction":[{"@type":"ReadAction","target":["https:\/\/gambling6.com\/pl\/kasyno\/"]}]},{"@type":"ImageObject","inLanguage":"pl-PL","@id":"https:\/\/gambling6.com\/pl\/kasyno\/#primaryimage","url":"https:\/\/gambling6.com\/wp-content\/uploads\/2022\/04\/download-image2-300x190.jpg","contentUrl":"https:\/\/gambling6.com\/wp-content\/uploads\/2022\/04\/download-image2-300x190.jpg"},{"@type":"BreadcrumbList","@id":"https:\/\/gambling6.com\/pl\/kasyno\/#breadcrumb","itemListElement":[{"@type":"ListItem","position":1,"name":"Home","item":"https:\/\/gambling6.com\/pl\/home\/"},{"@type":"ListItem","position":2,"name":"Kasyno"}]},{"@type":"WebSite","@id":"https:\/\/gambling6.com\/pl\/#website","url":"https:\/\/gambling6.com\/pl\/","name":"Gambling6","description":"","potentialAction":[{"@type":"SearchAction","target":{"@type":"EntryPoint","urlTemplate":"https:\/\/gambling6.com\/pl\/?s={search_term_string}"},"query-input":{"@type":"PropertyValueSpecification","valueRequired":true,"valueName":"search_term_string"}}],"inLanguage":"pl-PL"}]}},"_links":{"self":[{"href":"https:\/\/gambling6.com\/pl\/wp-json\/wp\/v2\/pages\/8320","targetHints":{"allow":["GET"]}}],"collection":[{"href":"https:\/\/gambling6.com\/pl\/wp-json\/wp\/v2\/pages"}],"about":[{"href":"https:\/\/gambling6.com\/pl\/wp-json\/wp\/v2\/types\/page"}],"author":[{"embeddable":true,"href":"https:\/\/gambling6.com\/pl\/wp-json\/wp\/v2\/users\/1"}],"replies":[{"embeddable":true,"href":"https:\/\/gambling6.com\/pl\/wp-json\/wp\/v2\/comments?post=8320"}],"version-history":[{"count":1,"href":"https:\/\/gambling6.com\/pl\/wp-json\/wp\/v2\/pages\/8320\/revisions"}],"predecessor-version":[{"id":10399,"href":"https:\/\/gambling6.com\/pl\/wp-json\/wp\/v2\/pages\/8320\/revisions\/10399"}],"wp:attachment":[{"href":"https:\/\/gambling6.com\/pl\/wp-json\/wp\/v2\/media?parent=8320"}],"curies":[{"name":"wp","href":"https:\/\/api.w.org\/{rel}","templated":true}]}}