{"id":8356,"date":"2025-11-07T12:24:24","date_gmt":"2025-11-07T12:24:24","guid":{"rendered":"https:\/\/gambling6.com\/kasyno\/recenzje-kasyn\/"},"modified":"2025-11-12T06:47:05","modified_gmt":"2025-11-12T06:47:05","slug":"recenzje-kasyn","status":"publish","type":"page","link":"https:\/\/gambling6.com\/pl\/kasyno\/recenzje-kasyn\/","title":{"rendered":"Recenzje kasyn"},"content":{"rendered":"<h2>Pomagamy Ci wybra\u0107 najlepsz\u0105 stron\u0119 hazardow\u0105 dzi\u0119ki naszym recenzjom<\/h2>\n<p>Strony kasyn to miejsca, kt\u00f3re oferuj\u0105 mo\u017cliwo\u015b\u0107 obstawiania zak\u0142ad\u00f3w na gry kasynowe lub sportowe, a tak\u017ce obstawiania zak\u0142ad\u00f3w w internetowym pokoju pokerowym. Hazard online zapewnia wygod\u0119 gry z domu. Mo\u017cesz cieszy\u0107 si\u0119 emocjami zwi\u0105zanymi z obstawianiem ulubionych dyscyplin sportowych bez wychodzenia z domu. Popularno\u015b\u0107 hazardu online doprowadzi\u0142a do powstania wielu stron z zak\u0142adami i kasyn online. Jak ka\u017cda inna bran\u017ca, hazard online r\u00f3wnie\u017c ma nieuczciwych operator\u00f3w. Dlatego wyb\u00f3r najlepszej strony kasyna jest kluczowy. <strong>Zapoznanie si\u0119 z recenzjami naszych witryn kasyn mo\u017ce pom\u00f3c Ci oceni\u0107, czy s\u0105 one wiarygodne.<\/strong><\/p>\n<p><a href=\"https:\/\/ic.aff-handler.com\/C\/47965?sr=1064399&amp;anid=\" rel=\"nofollow\"><img loading=\"lazy\" decoding=\"async\" class=\"alignright\" src=\"https:\/\/ic.aff-handler.com\/I\/47965?sr=1064399&amp;anid=\" width=\"420\" height=\"84\" \/><\/a><\/p>\n<ul>\n<li><strong>Reputacja<\/strong><\/li>\n<\/ul>\n<p>Reputacja witryn kasyn to najwa\u017cniejsza rzecz, na kt\u00f3r\u0105 nale\u017cy zwr\u00f3ci\u0107 uwag\u0119 przed podj\u0119ciem decyzji. Poniewa\u017c nie mo\u017cna osobi\u015bcie obejrze\u0107 kasyna, nale\u017cy polega\u0107 na jego reputacji, aby zdecydowa\u0107, czy warto w nim gra\u0107. Najlepsze witryny kasyn to te, kt\u00f3re maj\u0105 wieloletnie do\u015bwiadczenie w bran\u017cy i ciesz\u0105 si\u0119 dobr\u0105 reputacj\u0105 dzi\u0119ki doskona\u0142ej obs\u0142udze klienta.<\/p>\n<ul>\n<li><strong>Licencja<\/strong><\/li>\n<\/ul>\n<p>Wiarygodne witryny kasyn uzyskuj\u0105 odpowiednie licencje na prowadzenie swojej dzia\u0142alno\u015bci. Renomowane komisje ds. gier hazardowych lub zarejestrowane organy ds. gier hazardowych w poszczeg\u00f3lnych jurysdykcjach przyznaj\u0105 licencje witrynom hazardowym, po upewnieniu si\u0119, \u017ce witryna kasyna spe\u0142nia okre\u015blone standardy bezpiecze\u0144stwa, uczciwej polityki gier, wyp\u0142at i obs\u0142ugi klienta. Wiarygodne witryny hazardowe wyra\u017anie wy\u015bwietlaj\u0105 informacj\u0119 o licencji, ale <strong>dobra recenzja kasyna powinna r\u00f3wnie\u017c informowa\u0107 o tym, gdzie kasyno jest licencjonowane<\/strong>. Systemy i procesy kasyna s\u0105 r\u00f3wnie\u017c audytowane przez odpowiednie organy i posiadaj\u0105 certyfikaty. Certyfikaty te mo\u017cna znale\u017a\u0107 na ich stronach internetowych. Wyb\u00f3r licencjonowanej witryny hazardowej pozwala cieszy\u0107 si\u0119 bezpieczn\u0105 rozgrywk\u0105.<\/p>\n<ul>\n<li><strong>Opcje gier<\/strong><\/li>\n<\/ul>\n<p>Wybrane kasyno musi oferowa\u0107 szeroki wyb\u00f3r gier, w tym ko\u015bci, ruletk\u0119, blackjacka, automaty, wideopokera i gry sto\u0142owe. Oprogramowanie u\u017cywane przez kasyno pomaga oceni\u0107 jako\u015b\u0107 rozgrywki. Je\u015bli wybierzesz stron\u0119 kasyna oferuj\u0105c\u0105 szeroki wyb\u00f3r gier, Twoje wra\u017cenia z gry online b\u0119d\u0105 przyjemniejsze.<\/p>\n<ul>\n<li><strong>Oprogramowanie do gier hazardowych<\/strong><\/li>\n<\/ul>\n<p>Najlepsze strony hazardowe online korzystaj\u0105 z najsolidniejszego oprogramowania, kt\u00f3re zapewnia \u015brodowisko, w kt\u00f3rym poczujesz si\u0119 jak w prawdziwym kasynie. Oferuje ono najwy\u017csz\u0105 jako\u015b\u0107 grafiki i d\u017awi\u0119ku. Jest przyjazne dla u\u017cytkownika, dzi\u0119ki czemu mo\u017cna je \u0142atwo pobra\u0107, zainstalowa\u0107 i u\u017cywa\u0107.<\/p>\n<ul>\n<li><strong>Opcje wp\u0142at i wyp\u0142at<\/strong><\/li>\n<\/ul>\n<p>Koniecznie przeczytaj recenzje opcji wp\u0142at i wyp\u0142at oferowanych przez kasyno online. Powinny one odpowiada\u0107 Twoim potrzebom. Obecnie wielu graczy oczekuje wi\u0119kszego bezpiecze\u0144stwa podczas gry w kasynach online, dlatego chc\u0105 mie\u0107 wi\u0119cej ni\u017c jedn\u0105 opcj\u0119 wp\u0142aty. Najlepsze strony hazardowe oferuj\u0105 r\u00f3\u017cne opcje, takie jak karty kredytowe, przelewy bankowe, portfele elektroniczne, takie jak Neteller i PayPal, karty takie jak Ukash i Paysafecard, a nawet p\u0142atno\u015bci kryptowalutami. Nasze strony z recenzjami kasyn zawieraj\u0105 informacje o tym, czy mo\u017cesz liczy\u0107 na szybkie i bezproblemowe wp\u0142aty i wyp\u0142aty. Kasyno powinno do\u0142o\u017cy\u0107 wszelkich stara\u0144, aby chroni\u0107 Twoje dane finansowe i osobowe, realizuj\u0105c transakcje za po\u015brednictwem bezpiecznych serwer\u00f3w.<\/p>\n<ul>\n<li><strong>Obs\u0142uga klienta<\/strong><\/li>\n<\/ul>\n<p><span style=\"background-color: transparent;\">Obs\u0142uga klienta to jedna z najwa\u017cniejszych rzeczy, kt\u00f3re nale\u017cy wzi\u0105\u0107 pod uwag\u0119 przed wyborem <\/span><strong style=\"background-color: transparent;\">strony internetowej kasyna.<\/strong><span style=\"background-color: transparent;\"> Najlepsza strona oferuje przyjazn\u0105 obs\u0142ug\u0119 klienta przez telefon, e-mail i czat na \u017cywo 24\/7.<\/span><\/p>\n<p>W razie w\u0105tpliwo\u015bci wybierz wiod\u0105ce kasyno, takie jak 888 Casino \u2013 oferuj\u0105 one wszystkie Twoje us\u0142ugi hazardowe. <a class=\"thirstylink\" title=\"888 casino en\" href=\"https:\/\/gambling6.com\/go\/888-casino-en\/\" target=\"_blank\" rel=\"nofollow noopener\">Kliknij tutaj, aby odwiedzi\u0107 888 ju\u017c dzi\u015b.<\/a><\/p>\n","protected":false},"excerpt":{"rendered":"<p>Pomagamy Ci wybra\u0107 najlepsz\u0105 stron\u0119 hazardow\u0105 dzi\u0119ki naszym recenzjom Strony kasyn to miejsca, kt\u00f3re oferuj\u0105 mo\u017cliwo\u015b\u0107 obstawiania zak\u0142ad\u00f3w na gry kasynowe lub sportowe, a tak\u017ce obstawiania zak\u0142ad\u00f3w w internetowym pokoju pokerowym. Hazard online zapewnia wygod\u0119 gry z domu. Mo\u017cesz cieszy\u0107 si\u0119 emocjami zwi\u0105zanymi z obstawianiem ulubionych dyscyplin sportowych bez wychodzenia z domu. Popularno\u015b\u0107 hazardu online [&hellip;]<\/p>\n","protected":false},"author":1,"featured_media":0,"parent":8320,"menu_order":0,"comment_status":"closed","ping_status":"closed","template":"","meta":{"footnotes":""},"class_list":["post-8356","page","type-page","status-publish","hentry"],"yoast_head":"<!-- This site is optimized with the Yoast SEO plugin v27.4 - https:\/\/yoast.com\/product\/yoast-seo-wordpress\/ -->\n<title>Recenzje i testy polecanych witryn kasyn online<\/title>\n<meta name=\"description\" content=\"Nasze recenzje witryn kasyn pomog\u0105 Ci zorientowa\u0107 si\u0119, na co zwr\u00f3ci\u0107 uwag\u0119 podczas poszukiwania najlepszych witryn kasyn online.\" \/>\n<meta name=\"robots\" content=\"index, follow, max-snippet:-1, max-image-preview:large, max-video-preview:-1\" \/>\n<link rel=\"canonical\" href=\"https:\/\/gambling6.com\/pl\/kasyno\/recenzje-kasyn\/\" \/>\n<meta property=\"og:locale\" content=\"pl_PL\" \/>\n<meta property=\"og:type\" content=\"article\" \/>\n<meta property=\"og:title\" content=\"Recenzje i testy polecanych witryn kasyn online\" \/>\n<meta property=\"og:description\" content=\"Nasze recenzje witryn kasyn pomog\u0105 Ci zorientowa\u0107 si\u0119, na co zwr\u00f3ci\u0107 uwag\u0119 podczas poszukiwania najlepszych witryn kasyn online.\" \/>\n<meta property=\"og:url\" content=\"https:\/\/gambling6.com\/pl\/kasyno\/recenzje-kasyn\/\" \/>\n<meta property=\"og:site_name\" content=\"Gambling6\" \/>\n<meta property=\"article:modified_time\" content=\"2025-11-12T06:47:05+00:00\" \/>\n<meta property=\"og:image\" content=\"https:\/\/ic.aff-handler.com\/I\/47965?sr=1064399&amp;anid=\" \/>\n<meta name=\"twitter:card\" content=\"summary_large_image\" \/>\n<meta name=\"twitter:label1\" content=\"Szacowany czas czytania\" \/>\n\t<meta name=\"twitter:data1\" content=\"3 minuty\" \/>\n<script type=\"application\/ld+json\" class=\"yoast-schema-graph\">{\"@context\":\"https:\\\/\\\/schema.org\",\"@graph\":[{\"@type\":\"WebPage\",\"@id\":\"https:\\\/\\\/gambling6.com\\\/pl\\\/kasyno\\\/recenzje-kasyn\\\/\",\"url\":\"https:\\\/\\\/gambling6.com\\\/pl\\\/kasyno\\\/recenzje-kasyn\\\/\",\"name\":\"Recenzje i testy polecanych witryn kasyn online\",\"isPartOf\":{\"@id\":\"https:\\\/\\\/gambling6.com\\\/pl\\\/#website\"},\"primaryImageOfPage\":{\"@id\":\"https:\\\/\\\/gambling6.com\\\/pl\\\/kasyno\\\/recenzje-kasyn\\\/#primaryimage\"},\"image\":{\"@id\":\"https:\\\/\\\/gambling6.com\\\/pl\\\/kasyno\\\/recenzje-kasyn\\\/#primaryimage\"},\"thumbnailUrl\":\"https:\\\/\\\/ic.aff-handler.com\\\/I\\\/47965?sr=1064399&amp;anid=\",\"datePublished\":\"2025-11-07T12:24:24+00:00\",\"dateModified\":\"2025-11-12T06:47:05+00:00\",\"description\":\"Nasze recenzje witryn kasyn pomog\u0105 Ci zorientowa\u0107 si\u0119, na co zwr\u00f3ci\u0107 uwag\u0119 podczas poszukiwania najlepszych witryn kasyn online.\",\"breadcrumb\":{\"@id\":\"https:\\\/\\\/gambling6.com\\\/pl\\\/kasyno\\\/recenzje-kasyn\\\/#breadcrumb\"},\"inLanguage\":\"pl-PL\",\"potentialAction\":[{\"@type\":\"ReadAction\",\"target\":[\"https:\\\/\\\/gambling6.com\\\/pl\\\/kasyno\\\/recenzje-kasyn\\\/\"]}]},{\"@type\":\"ImageObject\",\"inLanguage\":\"pl-PL\",\"@id\":\"https:\\\/\\\/gambling6.com\\\/pl\\\/kasyno\\\/recenzje-kasyn\\\/#primaryimage\",\"url\":\"https:\\\/\\\/ic.aff-handler.com\\\/I\\\/47965?sr=1064399&amp;anid=\",\"contentUrl\":\"https:\\\/\\\/ic.aff-handler.com\\\/I\\\/47965?sr=1064399&amp;anid=\"},{\"@type\":\"BreadcrumbList\",\"@id\":\"https:\\\/\\\/gambling6.com\\\/pl\\\/kasyno\\\/recenzje-kasyn\\\/#breadcrumb\",\"itemListElement\":[{\"@type\":\"ListItem\",\"position\":1,\"name\":\"Home\",\"item\":\"https:\\\/\\\/gambling6.com\\\/pl\\\/home\\\/\"},{\"@type\":\"ListItem\",\"position\":2,\"name\":\"Kasyno\",\"item\":\"https:\\\/\\\/gambling6.com\\\/pl\\\/get-started-with-online-gambling\\\/\"},{\"@type\":\"ListItem\",\"position\":3,\"name\":\"Recenzje kasyn\"}]},{\"@type\":\"WebSite\",\"@id\":\"https:\\\/\\\/gambling6.com\\\/pl\\\/#website\",\"url\":\"https:\\\/\\\/gambling6.com\\\/pl\\\/\",\"name\":\"Gambling6\",\"description\":\"\",\"potentialAction\":[{\"@type\":\"SearchAction\",\"target\":{\"@type\":\"EntryPoint\",\"urlTemplate\":\"https:\\\/\\\/gambling6.com\\\/pl\\\/?s={search_term_string}\"},\"query-input\":{\"@type\":\"PropertyValueSpecification\",\"valueRequired\":true,\"valueName\":\"search_term_string\"}}],\"inLanguage\":\"pl-PL\"}]}<\/script>\n<!-- \/ Yoast SEO plugin. -->","yoast_head_json":{"title":"Recenzje i testy polecanych witryn kasyn online","description":"Nasze recenzje witryn kasyn pomog\u0105 Ci zorientowa\u0107 si\u0119, na co zwr\u00f3ci\u0107 uwag\u0119 podczas poszukiwania najlepszych witryn kasyn online.","robots":{"index":"index","follow":"follow","max-snippet":"max-snippet:-1","max-image-preview":"max-image-preview:large","max-video-preview":"max-video-preview:-1"},"canonical":"https:\/\/gambling6.com\/pl\/kasyno\/recenzje-kasyn\/","og_locale":"pl_PL","og_type":"article","og_title":"Recenzje i testy polecanych witryn kasyn online","og_description":"Nasze recenzje witryn kasyn pomog\u0105 Ci zorientowa\u0107 si\u0119, na co zwr\u00f3ci\u0107 uwag\u0119 podczas poszukiwania najlepszych witryn kasyn online.","og_url":"https:\/\/gambling6.com\/pl\/kasyno\/recenzje-kasyn\/","og_site_name":"Gambling6","article_modified_time":"2025-11-12T06:47:05+00:00","og_image":[{"url":"https:\/\/ic.aff-handler.com\/I\/47965?sr=1064399&amp;anid=","type":"","width":"","height":""}],"twitter_card":"summary_large_image","twitter_misc":{"Szacowany czas czytania":"3 minuty"},"schema":{"@context":"https:\/\/schema.org","@graph":[{"@type":"WebPage","@id":"https:\/\/gambling6.com\/pl\/kasyno\/recenzje-kasyn\/","url":"https:\/\/gambling6.com\/pl\/kasyno\/recenzje-kasyn\/","name":"Recenzje i testy polecanych witryn kasyn online","isPartOf":{"@id":"https:\/\/gambling6.com\/pl\/#website"},"primaryImageOfPage":{"@id":"https:\/\/gambling6.com\/pl\/kasyno\/recenzje-kasyn\/#primaryimage"},"image":{"@id":"https:\/\/gambling6.com\/pl\/kasyno\/recenzje-kasyn\/#primaryimage"},"thumbnailUrl":"https:\/\/ic.aff-handler.com\/I\/47965?sr=1064399&amp;anid=","datePublished":"2025-11-07T12:24:24+00:00","dateModified":"2025-11-12T06:47:05+00:00","description":"Nasze recenzje witryn kasyn pomog\u0105 Ci zorientowa\u0107 si\u0119, na co zwr\u00f3ci\u0107 uwag\u0119 podczas poszukiwania najlepszych witryn kasyn online.","breadcrumb":{"@id":"https:\/\/gambling6.com\/pl\/kasyno\/recenzje-kasyn\/#breadcrumb"},"inLanguage":"pl-PL","potentialAction":[{"@type":"ReadAction","target":["https:\/\/gambling6.com\/pl\/kasyno\/recenzje-kasyn\/"]}]},{"@type":"ImageObject","inLanguage":"pl-PL","@id":"https:\/\/gambling6.com\/pl\/kasyno\/recenzje-kasyn\/#primaryimage","url":"https:\/\/ic.aff-handler.com\/I\/47965?sr=1064399&amp;anid=","contentUrl":"https:\/\/ic.aff-handler.com\/I\/47965?sr=1064399&amp;anid="},{"@type":"BreadcrumbList","@id":"https:\/\/gambling6.com\/pl\/kasyno\/recenzje-kasyn\/#breadcrumb","itemListElement":[{"@type":"ListItem","position":1,"name":"Home","item":"https:\/\/gambling6.com\/pl\/home\/"},{"@type":"ListItem","position":2,"name":"Kasyno","item":"https:\/\/gambling6.com\/pl\/get-started-with-online-gambling\/"},{"@type":"ListItem","position":3,"name":"Recenzje kasyn"}]},{"@type":"WebSite","@id":"https:\/\/gambling6.com\/pl\/#website","url":"https:\/\/gambling6.com\/pl\/","name":"Gambling6","description":"","potentialAction":[{"@type":"SearchAction","target":{"@type":"EntryPoint","urlTemplate":"https:\/\/gambling6.com\/pl\/?s={search_term_string}"},"query-input":{"@type":"PropertyValueSpecification","valueRequired":true,"valueName":"search_term_string"}}],"inLanguage":"pl-PL"}]}},"_links":{"self":[{"href":"https:\/\/gambling6.com\/pl\/wp-json\/wp\/v2\/pages\/8356","targetHints":{"allow":["GET"]}}],"collection":[{"href":"https:\/\/gambling6.com\/pl\/wp-json\/wp\/v2\/pages"}],"about":[{"href":"https:\/\/gambling6.com\/pl\/wp-json\/wp\/v2\/types\/page"}],"author":[{"embeddable":true,"href":"https:\/\/gambling6.com\/pl\/wp-json\/wp\/v2\/users\/1"}],"replies":[{"embeddable":true,"href":"https:\/\/gambling6.com\/pl\/wp-json\/wp\/v2\/comments?post=8356"}],"version-history":[{"count":1,"href":"https:\/\/gambling6.com\/pl\/wp-json\/wp\/v2\/pages\/8356\/revisions"}],"predecessor-version":[{"id":10377,"href":"https:\/\/gambling6.com\/pl\/wp-json\/wp\/v2\/pages\/8356\/revisions\/10377"}],"up":[{"embeddable":true,"href":"https:\/\/gambling6.com\/pl\/wp-json\/wp\/v2\/pages\/8320"}],"wp:attachment":[{"href":"https:\/\/gambling6.com\/pl\/wp-json\/wp\/v2\/media?parent=8356"}],"curies":[{"name":"wp","href":"https:\/\/api.w.org\/{rel}","templated":true}]}}