{"id":8380,"date":"2025-11-07T13:43:59","date_gmt":"2025-11-07T13:43:59","guid":{"rendered":"https:\/\/gambling6.com\/kasyno\/kasyna-online-kontra-kasyna-naziemne\/"},"modified":"2025-11-07T13:43:59","modified_gmt":"2025-11-07T13:43:59","slug":"kasyna-online-kontra-kasyna-naziemne","status":"publish","type":"page","link":"https:\/\/gambling6.com\/pl\/kasyno\/kasyna-online-kontra-kasyna-naziemne\/","title":{"rendered":"Kasyna online kontra kasyna naziemne"},"content":{"rendered":"<h2>Kasyna na \u017cywo lub online<\/h2>\n<h3>Ka\u017cdy typ ma co\u015b, co gracze lubi\u0105<\/h3>\n<p><img loading=\"lazy\" decoding=\"async\" class=\" wp-image-332 alignright\" src=\"https:\/\/gambling6.com\/wp-content\/uploads\/2013\/12\/phil_ivey-247x300.jpg\" alt=\"kasyno na \u017cywo\" width=\"175\" height=\"213\" srcset=\"https:\/\/gambling6.com\/wp-content\/uploads\/2013\/12\/phil_ivey-247x300.jpg 247w, https:\/\/gambling6.com\/wp-content\/uploads\/2013\/12\/phil_ivey.jpg 250w\" sizes=\"auto, (max-width: 175px) 100vw, 175px\" \/>Gracze kasynowi powinni gra\u0107 w swoje ulubione gry w spos\u00f3b, kt\u00f3ry jest dla nich komfortowy i pasuje do ich osobowo\u015bci. Niekt\u00f3rzy gracze zawsze wol\u0105 gra\u0107 w kasynach stacjonarnych, poniewa\u017c lubi\u0105 tamtejsz\u0105 atmosfer\u0119. Lubi\u0105 gra\u0107 z innymi graczami, t\u0142umem i ha\u0142asem.<\/p>\n<p>Inni gracze kasynowi lubi\u0105 jednak ide\u0119 gry w cichym, relaksuj\u0105cym otoczeniu, w kt\u00f3rym maj\u0105 pe\u0142n\u0105 kontrol\u0119. Ci gracze zazwyczaj sk\u0142aniaj\u0105 si\u0119 ku kasynom online. Niezale\u017cnie od tego, jak gracz chce cieszy\u0107 si\u0119 gr\u0105, jest co\u015b do wyboru, czy to kasyna stacjonarne, czy online.<\/p>\n<h3>Oto istotne r\u00f3\u017cnice mi\u0119dzy kasynami online a kasynami stacjonarnymi:<\/h3>\n<ul>\n<li>Oczywi\u015bcie, kasyna online i stacjonarne dzia\u0142aj\u0105 w zupe\u0142nie innych warunkach. Kasyno stacjonarne to takie, w kt\u00f3rym gracze mog\u0105 poczu\u0107 si\u0119 i fizycznie uczestniczy\u0107 w grze. W kasynach online gra si\u0119 przez Internet, co oznacza, \u017ce \u200b\u200bgracze mog\u0105 gra\u0107 w wybrane przez siebie gry z dowolnego miejsca. Mo\u017ce to by\u0107 ich dom, biuro lub dowolne inne miejsce, pod warunkiem, \u017ce maj\u0105 dost\u0119p do internetu.<\/li>\n<li>Kasyna stacjonarne maj\u0105 kluby graczy, kt\u00f3re pozwalaj\u0105 graczom zdobywa\u0107 nagrody. Nagrody r\u00f3\u017cni\u0105 si\u0119 w zale\u017cno\u015bci od kasyna. Strony z grami hazardowymi online r\u00f3wnie\u017c maj\u0105 swoje wersje tych klub\u00f3w, nazywane programami VIP. Jednak wielu graczy kasyn uwa\u017ca, \u017ce \u200b\u200bkasyna online s\u0105 zazwyczaj bardziej hojne, poniewa\u017c nie ponosz\u0105 takich samych koszt\u00f3w og\u00f3lnych jak kasyna stacjonarne.<\/li>\n<li>Chocia\u017c kasyna stacjonarne oferuj\u0105 graczom mo\u017cliwo\u015b\u0107 grania w praktycznie ka\u017cd\u0105 gr\u0119 kasynow\u0105, gracze nadal b\u0119d\u0105 mieli chwile, gdy nie b\u0119d\u0105 chcieli chodzi\u0107 po ca\u0142ym kasynie, aby przej\u015b\u0107 od jednej gry do drugiej. B\u0119d\u0105 te\u017c chwile, gdy b\u0119d\u0105 chcieli zagra\u0107 w konkretn\u0105 gr\u0119, ale nie b\u0119dzie wolnego miejsca. Jednak kasyna online pozwalaj\u0105 graczom gra\u0107 w wybrane gry w dowolnym momencie, bez konieczno\u015bci chodzenia i czekania na miejsce.<\/li>\n<li>Kasyna stacjonarne mog\u0105 by\u0107 onie\u015bmielaj\u0105ce dla nowych graczy i cz\u0119sto brakuje w nich darmowych zasob\u00f3w, kt\u00f3re mog\u0142yby pom\u00f3c im nauczy\u0107 si\u0119 gier i r\u00f3\u017cnych strategii. Kasyna online pozwalaj\u0105 graczom gra\u0107 w \u015brodowisku, kt\u00f3re mo\u017ce ich mniej onie\u015bmiela\u0107, i oferuj\u0105 bogactwo darmowych tre\u015bci, kt\u00f3re pomog\u0105 im w r\u00f3\u017cnych aspektach gry w gry kasynowe online.<\/li>\n<\/ul>\n<p>Ka\u017cdy, kto my\u015bli, \u017ce kasyna online mog\u0105 by\u0107 dla niego, powinien zacz\u0105\u0107 od poznania kasyn obs\u0142ugiwanych przez Microgaming. Najlepszym z nich jest niew\u0105tpliwie kasyno 888, kt\u00f3re mo\u017cesz odwiedzi\u0107, klikaj\u0105c poni\u017cszy baner.<br \/>\n<a href=\"https:\/\/ic.aff-handler.com\/C\/45871?sr=1064399&amp;anid=\" rel=\"nofollow\"><img loading=\"lazy\" decoding=\"async\" class=\"aligncenter\" src=\"https:\/\/ic.aff-handler.com\/I\/45871?sr=1064399&amp;anid=\" width=\"725\" height=\"93\" \/><\/a><br \/>\nJe\u015bli mieszkasz w USA, najlepszym wyborem b\u0119dzie BetOnline, je\u015bli chodzi o gry kasynowe lub pokera online.<br \/>\n<img loading=\"lazy\" decoding=\"async\" class=\" wp-image-7875 aligncenter\" src=\"https:\/\/gambling6.com\/wp-content\/uploads\/2025\/10\/BOL_AQC_banner_468x60_FS1_casino-300x38.gif\" alt=\"Kasyno BetOnline\" width=\"694\" height=\"88\" \/><\/p>\n","protected":false},"excerpt":{"rendered":"<p>Kasyna na \u017cywo lub online Ka\u017cdy typ ma co\u015b, co gracze lubi\u0105 Gracze kasynowi powinni gra\u0107 w swoje ulubione gry w spos\u00f3b, kt\u00f3ry jest dla nich komfortowy i pasuje do ich osobowo\u015bci. Niekt\u00f3rzy gracze zawsze wol\u0105 gra\u0107 w kasynach stacjonarnych, poniewa\u017c lubi\u0105 tamtejsz\u0105 atmosfer\u0119. Lubi\u0105 gra\u0107 z innymi graczami, t\u0142umem i ha\u0142asem. Inni gracze kasynowi [&hellip;]<\/p>\n","protected":false},"author":1,"featured_media":0,"parent":8320,"menu_order":28,"comment_status":"closed","ping_status":"closed","template":"","meta":{"footnotes":""},"class_list":["post-8380","page","type-page","status-publish","hentry"],"yoast_head":"<!-- This site is optimized with the Yoast SEO plugin v27.4 - https:\/\/yoast.com\/product\/yoast-seo-wordpress\/ -->\n<title>Por\u00f3wnanie kasyn naziemnych i internetowych<\/title>\n<meta name=\"description\" content=\"Zar\u00f3wno kasyna online, jak i kasyna stacjonarne zapewniaj\u0105 graczom \u015bwietn\u0105 zabaw\u0119 i wiele mo\u017cliwo\u015bci.\" \/>\n<meta name=\"robots\" content=\"index, follow, max-snippet:-1, max-image-preview:large, max-video-preview:-1\" \/>\n<link rel=\"canonical\" href=\"https:\/\/gambling6.com\/pl\/kasyno\/kasyna-online-kontra-kasyna-naziemne\/\" \/>\n<meta property=\"og:locale\" content=\"pl_PL\" \/>\n<meta property=\"og:type\" content=\"article\" \/>\n<meta property=\"og:title\" content=\"Por\u00f3wnanie kasyn naziemnych i internetowych\" \/>\n<meta property=\"og:description\" content=\"Zar\u00f3wno kasyna online, jak i kasyna stacjonarne zapewniaj\u0105 graczom \u015bwietn\u0105 zabaw\u0119 i wiele mo\u017cliwo\u015bci.\" \/>\n<meta property=\"og:url\" content=\"https:\/\/gambling6.com\/pl\/kasyno\/kasyna-online-kontra-kasyna-naziemne\/\" \/>\n<meta property=\"og:site_name\" content=\"Gambling6\" \/>\n<meta property=\"og:image\" content=\"https:\/\/gambling6.com\/wp-content\/uploads\/2013\/12\/phil_ivey.jpg\" \/>\n\t<meta property=\"og:image:width\" content=\"250\" \/>\n\t<meta property=\"og:image:height\" content=\"304\" \/>\n\t<meta property=\"og:image:type\" content=\"image\/jpeg\" \/>\n<meta name=\"twitter:card\" content=\"summary_large_image\" \/>\n<meta name=\"twitter:label1\" content=\"Szacowany czas czytania\" \/>\n\t<meta name=\"twitter:data1\" content=\"2 minuty\" \/>\n<script type=\"application\/ld+json\" class=\"yoast-schema-graph\">{\"@context\":\"https:\\\/\\\/schema.org\",\"@graph\":[{\"@type\":\"WebPage\",\"@id\":\"https:\\\/\\\/gambling6.com\\\/pl\\\/kasyno\\\/kasyna-online-kontra-kasyna-naziemne\\\/\",\"url\":\"https:\\\/\\\/gambling6.com\\\/pl\\\/kasyno\\\/kasyna-online-kontra-kasyna-naziemne\\\/\",\"name\":\"Por\u00f3wnanie kasyn naziemnych i internetowych\",\"isPartOf\":{\"@id\":\"https:\\\/\\\/gambling6.com\\\/pl\\\/#website\"},\"primaryImageOfPage\":{\"@id\":\"https:\\\/\\\/gambling6.com\\\/pl\\\/kasyno\\\/kasyna-online-kontra-kasyna-naziemne\\\/#primaryimage\"},\"image\":{\"@id\":\"https:\\\/\\\/gambling6.com\\\/pl\\\/kasyno\\\/kasyna-online-kontra-kasyna-naziemne\\\/#primaryimage\"},\"thumbnailUrl\":\"https:\\\/\\\/gambling6.com\\\/wp-content\\\/uploads\\\/2013\\\/12\\\/phil_ivey-247x300.jpg\",\"datePublished\":\"2025-11-07T13:43:59+00:00\",\"description\":\"Zar\u00f3wno kasyna online, jak i kasyna stacjonarne zapewniaj\u0105 graczom \u015bwietn\u0105 zabaw\u0119 i wiele mo\u017cliwo\u015bci.\",\"breadcrumb\":{\"@id\":\"https:\\\/\\\/gambling6.com\\\/pl\\\/kasyno\\\/kasyna-online-kontra-kasyna-naziemne\\\/#breadcrumb\"},\"inLanguage\":\"pl-PL\",\"potentialAction\":[{\"@type\":\"ReadAction\",\"target\":[\"https:\\\/\\\/gambling6.com\\\/pl\\\/kasyno\\\/kasyna-online-kontra-kasyna-naziemne\\\/\"]}]},{\"@type\":\"ImageObject\",\"inLanguage\":\"pl-PL\",\"@id\":\"https:\\\/\\\/gambling6.com\\\/pl\\\/kasyno\\\/kasyna-online-kontra-kasyna-naziemne\\\/#primaryimage\",\"url\":\"https:\\\/\\\/gambling6.com\\\/wp-content\\\/uploads\\\/2013\\\/12\\\/phil_ivey-247x300.jpg\",\"contentUrl\":\"https:\\\/\\\/gambling6.com\\\/wp-content\\\/uploads\\\/2013\\\/12\\\/phil_ivey-247x300.jpg\"},{\"@type\":\"BreadcrumbList\",\"@id\":\"https:\\\/\\\/gambling6.com\\\/pl\\\/kasyno\\\/kasyna-online-kontra-kasyna-naziemne\\\/#breadcrumb\",\"itemListElement\":[{\"@type\":\"ListItem\",\"position\":1,\"name\":\"Home\",\"item\":\"https:\\\/\\\/gambling6.com\\\/pl\\\/home\\\/\"},{\"@type\":\"ListItem\",\"position\":2,\"name\":\"Kasyno\",\"item\":\"https:\\\/\\\/gambling6.com\\\/pl\\\/get-started-with-online-gambling\\\/\"},{\"@type\":\"ListItem\",\"position\":3,\"name\":\"Kasyna online kontra kasyna naziemne\"}]},{\"@type\":\"WebSite\",\"@id\":\"https:\\\/\\\/gambling6.com\\\/pl\\\/#website\",\"url\":\"https:\\\/\\\/gambling6.com\\\/pl\\\/\",\"name\":\"Gambling6\",\"description\":\"\",\"potentialAction\":[{\"@type\":\"SearchAction\",\"target\":{\"@type\":\"EntryPoint\",\"urlTemplate\":\"https:\\\/\\\/gambling6.com\\\/pl\\\/?s={search_term_string}\"},\"query-input\":{\"@type\":\"PropertyValueSpecification\",\"valueRequired\":true,\"valueName\":\"search_term_string\"}}],\"inLanguage\":\"pl-PL\"}]}<\/script>\n<!-- \/ Yoast SEO plugin. -->","yoast_head_json":{"title":"Por\u00f3wnanie kasyn naziemnych i internetowych","description":"Zar\u00f3wno kasyna online, jak i kasyna stacjonarne zapewniaj\u0105 graczom \u015bwietn\u0105 zabaw\u0119 i wiele mo\u017cliwo\u015bci.","robots":{"index":"index","follow":"follow","max-snippet":"max-snippet:-1","max-image-preview":"max-image-preview:large","max-video-preview":"max-video-preview:-1"},"canonical":"https:\/\/gambling6.com\/pl\/kasyno\/kasyna-online-kontra-kasyna-naziemne\/","og_locale":"pl_PL","og_type":"article","og_title":"Por\u00f3wnanie kasyn naziemnych i internetowych","og_description":"Zar\u00f3wno kasyna online, jak i kasyna stacjonarne zapewniaj\u0105 graczom \u015bwietn\u0105 zabaw\u0119 i wiele mo\u017cliwo\u015bci.","og_url":"https:\/\/gambling6.com\/pl\/kasyno\/kasyna-online-kontra-kasyna-naziemne\/","og_site_name":"Gambling6","og_image":[{"width":250,"height":304,"url":"https:\/\/gambling6.com\/wp-content\/uploads\/2013\/12\/phil_ivey.jpg","type":"image\/jpeg"}],"twitter_card":"summary_large_image","twitter_misc":{"Szacowany czas czytania":"2 minuty"},"schema":{"@context":"https:\/\/schema.org","@graph":[{"@type":"WebPage","@id":"https:\/\/gambling6.com\/pl\/kasyno\/kasyna-online-kontra-kasyna-naziemne\/","url":"https:\/\/gambling6.com\/pl\/kasyno\/kasyna-online-kontra-kasyna-naziemne\/","name":"Por\u00f3wnanie kasyn naziemnych i internetowych","isPartOf":{"@id":"https:\/\/gambling6.com\/pl\/#website"},"primaryImageOfPage":{"@id":"https:\/\/gambling6.com\/pl\/kasyno\/kasyna-online-kontra-kasyna-naziemne\/#primaryimage"},"image":{"@id":"https:\/\/gambling6.com\/pl\/kasyno\/kasyna-online-kontra-kasyna-naziemne\/#primaryimage"},"thumbnailUrl":"https:\/\/gambling6.com\/wp-content\/uploads\/2013\/12\/phil_ivey-247x300.jpg","datePublished":"2025-11-07T13:43:59+00:00","description":"Zar\u00f3wno kasyna online, jak i kasyna stacjonarne zapewniaj\u0105 graczom \u015bwietn\u0105 zabaw\u0119 i wiele mo\u017cliwo\u015bci.","breadcrumb":{"@id":"https:\/\/gambling6.com\/pl\/kasyno\/kasyna-online-kontra-kasyna-naziemne\/#breadcrumb"},"inLanguage":"pl-PL","potentialAction":[{"@type":"ReadAction","target":["https:\/\/gambling6.com\/pl\/kasyno\/kasyna-online-kontra-kasyna-naziemne\/"]}]},{"@type":"ImageObject","inLanguage":"pl-PL","@id":"https:\/\/gambling6.com\/pl\/kasyno\/kasyna-online-kontra-kasyna-naziemne\/#primaryimage","url":"https:\/\/gambling6.com\/wp-content\/uploads\/2013\/12\/phil_ivey-247x300.jpg","contentUrl":"https:\/\/gambling6.com\/wp-content\/uploads\/2013\/12\/phil_ivey-247x300.jpg"},{"@type":"BreadcrumbList","@id":"https:\/\/gambling6.com\/pl\/kasyno\/kasyna-online-kontra-kasyna-naziemne\/#breadcrumb","itemListElement":[{"@type":"ListItem","position":1,"name":"Home","item":"https:\/\/gambling6.com\/pl\/home\/"},{"@type":"ListItem","position":2,"name":"Kasyno","item":"https:\/\/gambling6.com\/pl\/get-started-with-online-gambling\/"},{"@type":"ListItem","position":3,"name":"Kasyna online kontra kasyna naziemne"}]},{"@type":"WebSite","@id":"https:\/\/gambling6.com\/pl\/#website","url":"https:\/\/gambling6.com\/pl\/","name":"Gambling6","description":"","potentialAction":[{"@type":"SearchAction","target":{"@type":"EntryPoint","urlTemplate":"https:\/\/gambling6.com\/pl\/?s={search_term_string}"},"query-input":{"@type":"PropertyValueSpecification","valueRequired":true,"valueName":"search_term_string"}}],"inLanguage":"pl-PL"}]}},"_links":{"self":[{"href":"https:\/\/gambling6.com\/pl\/wp-json\/wp\/v2\/pages\/8380","targetHints":{"allow":["GET"]}}],"collection":[{"href":"https:\/\/gambling6.com\/pl\/wp-json\/wp\/v2\/pages"}],"about":[{"href":"https:\/\/gambling6.com\/pl\/wp-json\/wp\/v2\/types\/page"}],"author":[{"embeddable":true,"href":"https:\/\/gambling6.com\/pl\/wp-json\/wp\/v2\/users\/1"}],"replies":[{"embeddable":true,"href":"https:\/\/gambling6.com\/pl\/wp-json\/wp\/v2\/comments?post=8380"}],"version-history":[{"count":0,"href":"https:\/\/gambling6.com\/pl\/wp-json\/wp\/v2\/pages\/8380\/revisions"}],"up":[{"embeddable":true,"href":"https:\/\/gambling6.com\/pl\/wp-json\/wp\/v2\/pages\/8320"}],"wp:attachment":[{"href":"https:\/\/gambling6.com\/pl\/wp-json\/wp\/v2\/media?parent=8380"}],"curies":[{"name":"wp","href":"https:\/\/api.w.org\/{rel}","templated":true}]}}