{"id":8404,"date":"2025-11-07T16:26:30","date_gmt":"2025-11-07T16:26:30","guid":{"rendered":"https:\/\/gambling6.com\/kasyno\/piec-najwazniejszych-powodow-dla-ktorych-warto-dolaczyc-do-kasyna-online\/"},"modified":"2025-11-12T08:41:51","modified_gmt":"2025-11-12T08:41:51","slug":"piec-najwazniejszych-powodow-dla-ktorych-warto-dolaczyc-do-kasyna-online","status":"publish","type":"page","link":"https:\/\/gambling6.com\/pl\/kasyno\/piec-najwazniejszych-powodow-dla-ktorych-warto-dolaczyc-do-kasyna-online\/","title":{"rendered":"Pi\u0119\u0107 najwa\u017cniejszych powod\u00f3w, dla kt\u00f3rych warto do\u0142\u0105czy\u0107 do kasyna online"},"content":{"rendered":"<h2>Dlaczego warto do\u0142\u0105czy\u0107 do kasyna online<\/h2>\n<h2>Wiele rzeczy sprawia, \u017ce \u200b\u200bkasyna online s\u0105 tak wspania\u0142e<\/h2>\n<p><img loading=\"lazy\" decoding=\"async\" class=\"size-medium wp-image-318 alignright\" src=\"https:\/\/gambling6.com\/wp-content\/uploads\/2013\/12\/classic-casino-games-300x179.jpg\" alt=\"kasyno online\" width=\"300\" height=\"179\" srcset=\"https:\/\/gambling6.com\/wp-content\/uploads\/2013\/12\/classic-casino-games-300x179.jpg 300w, https:\/\/gambling6.com\/wp-content\/uploads\/2013\/12\/classic-casino-games.jpg 612w\" sizes=\"auto, (max-width: 300px) 100vw, 300px\" \/>Ka\u017cdy gracz kasyna online ma swoje w\u0142asne powody, dla kt\u00f3rych gra w gry kasynowe online. Jednak niekt\u00f3re powody s\u0105 bardziej popularne. Kiedy gracze zdecyduj\u0105 si\u0119 na gr\u0119 online, zobacz\u0105, \u017ce przed ich oczami otworzy si\u0119 zupe\u0142nie nowy \u015bwiat. Kasyna online wyst\u0119puj\u0105 w wielu r\u00f3\u017cnych stylach, wi\u0119c gracze mog\u0105 szuka\u0107, a\u017c znajd\u0105 to, kt\u00f3re im odpowiada.<\/p>\n<p>Z naszym ulubionym kasynem online, 888, nie mo\u017cesz si\u0119 pomyli\u0107. <a class=\"thirstylink\" title=\"888 casino en\" href=\"https:\/\/gambling6.com\/go\/888-casino-en\/\" target=\"_blank\" rel=\"nofollow noopener\">Ten link przeniesie Ci\u0119 na ich stron\u0119 internetow\u0105 i zagwarantuje Ci atrakcyjny bonus do 1500 \u20ac.<\/a><\/p>\n<h2>Oto pi\u0119\u0107 g\u0142\u00f3wnych powod\u00f3w, dla kt\u00f3rych wi\u0119kszo\u015b\u0107 graczy do\u0142\u0105cza do kasyna online:<\/h2>\n<ol>\n<li>Jednym z g\u0142\u00f3wnych powod\u00f3w, dla kt\u00f3rych warto do\u0142\u0105czy\u0107 do kasyna online, s\u0105 bonusy. Istnieje wiele rodzaj\u00f3w bonus\u00f3w w kasynach online, a ka\u017cde kasyno pozwala swoim graczom korzysta\u0107 z tych, kt\u00f3re uzna za stosowne. Jednak niekt\u00f3re bonusy mog\u0105 by\u0107 warte bardzo du\u017co, a nawet dawa\u0107 graczom szans\u0119 na zdobycie setek, a nawet tysi\u0119cy dolar\u00f3w za darmo. Do bonus\u00f3w cz\u0119sto spotykanych w kasynach online nale\u017c\u0105 bonusy powitalne, bonusy do\u0142adowuj\u0105ce, bonusy od gier i bonusy polecaj\u0105ce. Gracze chc\u0105 zapozna\u0107 si\u0119 z wymaganiami dotycz\u0105cymi bonusu, aby wiedzie\u0107, jak zachowa\u0107 prawo do niego i co dok\u0142adnie musz\u0105 zrobi\u0107, aby go zdoby\u0107.<\/li>\n<li>Kolejnym wa\u017cnym powodem, dla kt\u00f3rego wielu graczy do\u0142\u0105cza do kasyn online, jest liczba gier, w kt\u00f3re mog\u0105 gra\u0107 w jednym miejscu. Gracze odwiedzaj\u0105cy jedno z popularnych kasyn online mog\u0105 przechodzi\u0107 od gry do gry, nie ruszaj\u0105c si\u0119 z miejsca. Nie musz\u0105 martwi\u0107 si\u0119 o czekanie na wolne miejsce ani o \u017cadne inne niedogodno\u015bci zwi\u0105zane z gr\u0105 w kasynach stacjonarnych. Gry s\u0105 \u0142atwo dost\u0119pne i zawsze odbywaj\u0105 si\u0119 w kasynach stacjonarnych, o ile gracz wybierze jedno z popularniejszych kasyn.<\/li>\n<li>Kolejnym powodem, dla kt\u00f3rego wielu graczy wybiera kasyna online, s\u0105 kwestie finansowe. Gracze sp\u0119dzaj\u0105cy czas w kasynach online nie musz\u0105 p\u0142aci\u0107 za takie rzeczy, jak paliwo, bilety, zakwaterowanie w hotelu, jedzenie na mie\u015bcie ani za \u017cadne inne wydatki, kt\u00f3re ponosz\u0105 planuj\u0105c wyjazd do kasyna stacjonarnego. Oznacza to, \u017ce gracze b\u0119d\u0105 mieli wi\u0119cej pieni\u0119dzy na gry, co zawsze jest zalet\u0105.<\/li>\n<li>Niekt\u00f3rzy gracze prowadz\u0105 zabiegany, zapracowany tryb \u017cycia. Oznacza to, \u017ce nawet dotarcie do kasyn stacjonarnych mo\u017ce by\u0107 dla nich bardzo trudne. Jednak kasyna online s\u0105 zawsze dost\u0119pne. Nawet je\u015bli mog\u0105 zalogowa\u0107 si\u0119 tylko na kilka minut w ci\u0105gu dnia, b\u0119d\u0105 mogli przynajmniej troch\u0119 pogra\u0107, do\u0142\u0105czaj\u0105c do kasyna online.<\/li>\n<li>Kolejn\u0105 niew\u0105tpliw\u0105 zalet\u0105 gry w kasynach online jest to, \u017ce gracze maj\u0105 pe\u0142n\u0105 kontrol\u0119 nad swoj\u0105 rozgrywk\u0105. Wybieraj\u0105 kasyno, bonusy, promocje i gry, a tak\u017ce mog\u0105 dostosowa\u0107 wiele aspekt\u00f3w r\u00f3\u017cnych gier kasynowych online.<\/li>\n<\/ol>\n<p>Ka\u017cdy, kto szuka dobrego kasyna online, kt\u00f3re zapewnia bezpiecze\u0144stwo i prostot\u0119, powinien przeczyta\u0107 recenzje i znale\u017a\u0107 takie, kt\u00f3re dzia\u0142a na niezawodnym oprogramowaniu, oferuje doskona\u0142\u0105 obs\u0142ug\u0119 klienta i oferuje wiele gier.<\/p>\n","protected":false},"excerpt":{"rendered":"<p>Dlaczego warto do\u0142\u0105czy\u0107 do kasyna online Wiele rzeczy sprawia, \u017ce \u200b\u200bkasyna online s\u0105 tak wspania\u0142e Ka\u017cdy gracz kasyna online ma swoje w\u0142asne powody, dla kt\u00f3rych gra w gry kasynowe online. Jednak niekt\u00f3re powody s\u0105 bardziej popularne. Kiedy gracze zdecyduj\u0105 si\u0119 na gr\u0119 online, zobacz\u0105, \u017ce przed ich oczami otworzy si\u0119 zupe\u0142nie nowy \u015bwiat. Kasyna online [&hellip;]<\/p>\n","protected":false},"author":1,"featured_media":0,"parent":8320,"menu_order":30,"comment_status":"closed","ping_status":"closed","template":"","meta":{"footnotes":""},"class_list":["post-8404","page","type-page","status-publish","hentry"],"yoast_head":"<!-- This site is optimized with the Yoast SEO plugin v27.4 - https:\/\/yoast.com\/product\/yoast-seo-wordpress\/ -->\n<title>Powody do\u0142\u0105czenia do kasyna online<\/title>\n<meta name=\"description\" content=\"Kasyna online maj\u0105 wiele do zaoferowania graczom szukaj\u0105cym \u015bwietnej zabawy i wielu szans na wygran\u0105.\" \/>\n<meta name=\"robots\" content=\"index, follow, max-snippet:-1, max-image-preview:large, max-video-preview:-1\" \/>\n<link rel=\"canonical\" href=\"https:\/\/gambling6.com\/pl\/kasyno\/piec-najwazniejszych-powodow-dla-ktorych-warto-dolaczyc-do-kasyna-online\/\" \/>\n<meta property=\"og:locale\" content=\"pl_PL\" \/>\n<meta property=\"og:type\" content=\"article\" \/>\n<meta property=\"og:title\" content=\"Powody do\u0142\u0105czenia do kasyna online\" \/>\n<meta property=\"og:description\" content=\"Kasyna online maj\u0105 wiele do zaoferowania graczom szukaj\u0105cym \u015bwietnej zabawy i wielu szans na wygran\u0105.\" \/>\n<meta property=\"og:url\" content=\"https:\/\/gambling6.com\/pl\/kasyno\/piec-najwazniejszych-powodow-dla-ktorych-warto-dolaczyc-do-kasyna-online\/\" \/>\n<meta property=\"og:site_name\" content=\"Gambling6\" \/>\n<meta property=\"article:modified_time\" content=\"2025-11-12T08:41:51+00:00\" \/>\n<meta property=\"og:image\" content=\"https:\/\/gambling6.com\/wp-content\/uploads\/2013\/12\/classic-casino-games.jpg\" \/>\n\t<meta property=\"og:image:width\" content=\"612\" \/>\n\t<meta property=\"og:image:height\" content=\"366\" \/>\n\t<meta property=\"og:image:type\" content=\"image\/jpeg\" \/>\n<meta name=\"twitter:card\" content=\"summary_large_image\" \/>\n<meta name=\"twitter:label1\" content=\"Szacowany czas czytania\" \/>\n\t<meta name=\"twitter:data1\" content=\"3 minuty\" \/>\n<script type=\"application\/ld+json\" class=\"yoast-schema-graph\">{\"@context\":\"https:\\\/\\\/schema.org\",\"@graph\":[{\"@type\":\"WebPage\",\"@id\":\"https:\\\/\\\/gambling6.com\\\/pl\\\/kasyno\\\/piec-najwazniejszych-powodow-dla-ktorych-warto-dolaczyc-do-kasyna-online\\\/\",\"url\":\"https:\\\/\\\/gambling6.com\\\/pl\\\/kasyno\\\/piec-najwazniejszych-powodow-dla-ktorych-warto-dolaczyc-do-kasyna-online\\\/\",\"name\":\"Powody do\u0142\u0105czenia do kasyna online\",\"isPartOf\":{\"@id\":\"https:\\\/\\\/gambling6.com\\\/pl\\\/#website\"},\"primaryImageOfPage\":{\"@id\":\"https:\\\/\\\/gambling6.com\\\/pl\\\/kasyno\\\/piec-najwazniejszych-powodow-dla-ktorych-warto-dolaczyc-do-kasyna-online\\\/#primaryimage\"},\"image\":{\"@id\":\"https:\\\/\\\/gambling6.com\\\/pl\\\/kasyno\\\/piec-najwazniejszych-powodow-dla-ktorych-warto-dolaczyc-do-kasyna-online\\\/#primaryimage\"},\"thumbnailUrl\":\"https:\\\/\\\/gambling6.com\\\/wp-content\\\/uploads\\\/2013\\\/12\\\/classic-casino-games-300x179.jpg\",\"datePublished\":\"2025-11-07T16:26:30+00:00\",\"dateModified\":\"2025-11-12T08:41:51+00:00\",\"description\":\"Kasyna online maj\u0105 wiele do zaoferowania graczom szukaj\u0105cym \u015bwietnej zabawy i wielu szans na wygran\u0105.\",\"breadcrumb\":{\"@id\":\"https:\\\/\\\/gambling6.com\\\/pl\\\/kasyno\\\/piec-najwazniejszych-powodow-dla-ktorych-warto-dolaczyc-do-kasyna-online\\\/#breadcrumb\"},\"inLanguage\":\"pl-PL\",\"potentialAction\":[{\"@type\":\"ReadAction\",\"target\":[\"https:\\\/\\\/gambling6.com\\\/pl\\\/kasyno\\\/piec-najwazniejszych-powodow-dla-ktorych-warto-dolaczyc-do-kasyna-online\\\/\"]}]},{\"@type\":\"ImageObject\",\"inLanguage\":\"pl-PL\",\"@id\":\"https:\\\/\\\/gambling6.com\\\/pl\\\/kasyno\\\/piec-najwazniejszych-powodow-dla-ktorych-warto-dolaczyc-do-kasyna-online\\\/#primaryimage\",\"url\":\"https:\\\/\\\/gambling6.com\\\/wp-content\\\/uploads\\\/2013\\\/12\\\/classic-casino-games-300x179.jpg\",\"contentUrl\":\"https:\\\/\\\/gambling6.com\\\/wp-content\\\/uploads\\\/2013\\\/12\\\/classic-casino-games-300x179.jpg\"},{\"@type\":\"BreadcrumbList\",\"@id\":\"https:\\\/\\\/gambling6.com\\\/pl\\\/kasyno\\\/piec-najwazniejszych-powodow-dla-ktorych-warto-dolaczyc-do-kasyna-online\\\/#breadcrumb\",\"itemListElement\":[{\"@type\":\"ListItem\",\"position\":1,\"name\":\"Home\",\"item\":\"https:\\\/\\\/gambling6.com\\\/pl\\\/home\\\/\"},{\"@type\":\"ListItem\",\"position\":2,\"name\":\"Kasyno\",\"item\":\"https:\\\/\\\/gambling6.com\\\/pl\\\/get-started-with-online-gambling\\\/\"},{\"@type\":\"ListItem\",\"position\":3,\"name\":\"Pi\u0119\u0107 najwa\u017cniejszych powod\u00f3w, dla kt\u00f3rych warto do\u0142\u0105czy\u0107 do kasyna online\"}]},{\"@type\":\"WebSite\",\"@id\":\"https:\\\/\\\/gambling6.com\\\/pl\\\/#website\",\"url\":\"https:\\\/\\\/gambling6.com\\\/pl\\\/\",\"name\":\"Gambling6\",\"description\":\"\",\"potentialAction\":[{\"@type\":\"SearchAction\",\"target\":{\"@type\":\"EntryPoint\",\"urlTemplate\":\"https:\\\/\\\/gambling6.com\\\/pl\\\/?s={search_term_string}\"},\"query-input\":{\"@type\":\"PropertyValueSpecification\",\"valueRequired\":true,\"valueName\":\"search_term_string\"}}],\"inLanguage\":\"pl-PL\"}]}<\/script>\n<!-- \/ Yoast SEO plugin. -->","yoast_head_json":{"title":"Powody do\u0142\u0105czenia do kasyna online","description":"Kasyna online maj\u0105 wiele do zaoferowania graczom szukaj\u0105cym \u015bwietnej zabawy i wielu szans na wygran\u0105.","robots":{"index":"index","follow":"follow","max-snippet":"max-snippet:-1","max-image-preview":"max-image-preview:large","max-video-preview":"max-video-preview:-1"},"canonical":"https:\/\/gambling6.com\/pl\/kasyno\/piec-najwazniejszych-powodow-dla-ktorych-warto-dolaczyc-do-kasyna-online\/","og_locale":"pl_PL","og_type":"article","og_title":"Powody do\u0142\u0105czenia do kasyna online","og_description":"Kasyna online maj\u0105 wiele do zaoferowania graczom szukaj\u0105cym \u015bwietnej zabawy i wielu szans na wygran\u0105.","og_url":"https:\/\/gambling6.com\/pl\/kasyno\/piec-najwazniejszych-powodow-dla-ktorych-warto-dolaczyc-do-kasyna-online\/","og_site_name":"Gambling6","article_modified_time":"2025-11-12T08:41:51+00:00","og_image":[{"width":612,"height":366,"url":"https:\/\/gambling6.com\/wp-content\/uploads\/2013\/12\/classic-casino-games.jpg","type":"image\/jpeg"}],"twitter_card":"summary_large_image","twitter_misc":{"Szacowany czas czytania":"3 minuty"},"schema":{"@context":"https:\/\/schema.org","@graph":[{"@type":"WebPage","@id":"https:\/\/gambling6.com\/pl\/kasyno\/piec-najwazniejszych-powodow-dla-ktorych-warto-dolaczyc-do-kasyna-online\/","url":"https:\/\/gambling6.com\/pl\/kasyno\/piec-najwazniejszych-powodow-dla-ktorych-warto-dolaczyc-do-kasyna-online\/","name":"Powody do\u0142\u0105czenia do kasyna online","isPartOf":{"@id":"https:\/\/gambling6.com\/pl\/#website"},"primaryImageOfPage":{"@id":"https:\/\/gambling6.com\/pl\/kasyno\/piec-najwazniejszych-powodow-dla-ktorych-warto-dolaczyc-do-kasyna-online\/#primaryimage"},"image":{"@id":"https:\/\/gambling6.com\/pl\/kasyno\/piec-najwazniejszych-powodow-dla-ktorych-warto-dolaczyc-do-kasyna-online\/#primaryimage"},"thumbnailUrl":"https:\/\/gambling6.com\/wp-content\/uploads\/2013\/12\/classic-casino-games-300x179.jpg","datePublished":"2025-11-07T16:26:30+00:00","dateModified":"2025-11-12T08:41:51+00:00","description":"Kasyna online maj\u0105 wiele do zaoferowania graczom szukaj\u0105cym \u015bwietnej zabawy i wielu szans na wygran\u0105.","breadcrumb":{"@id":"https:\/\/gambling6.com\/pl\/kasyno\/piec-najwazniejszych-powodow-dla-ktorych-warto-dolaczyc-do-kasyna-online\/#breadcrumb"},"inLanguage":"pl-PL","potentialAction":[{"@type":"ReadAction","target":["https:\/\/gambling6.com\/pl\/kasyno\/piec-najwazniejszych-powodow-dla-ktorych-warto-dolaczyc-do-kasyna-online\/"]}]},{"@type":"ImageObject","inLanguage":"pl-PL","@id":"https:\/\/gambling6.com\/pl\/kasyno\/piec-najwazniejszych-powodow-dla-ktorych-warto-dolaczyc-do-kasyna-online\/#primaryimage","url":"https:\/\/gambling6.com\/wp-content\/uploads\/2013\/12\/classic-casino-games-300x179.jpg","contentUrl":"https:\/\/gambling6.com\/wp-content\/uploads\/2013\/12\/classic-casino-games-300x179.jpg"},{"@type":"BreadcrumbList","@id":"https:\/\/gambling6.com\/pl\/kasyno\/piec-najwazniejszych-powodow-dla-ktorych-warto-dolaczyc-do-kasyna-online\/#breadcrumb","itemListElement":[{"@type":"ListItem","position":1,"name":"Home","item":"https:\/\/gambling6.com\/pl\/home\/"},{"@type":"ListItem","position":2,"name":"Kasyno","item":"https:\/\/gambling6.com\/pl\/get-started-with-online-gambling\/"},{"@type":"ListItem","position":3,"name":"Pi\u0119\u0107 najwa\u017cniejszych powod\u00f3w, dla kt\u00f3rych warto do\u0142\u0105czy\u0107 do kasyna online"}]},{"@type":"WebSite","@id":"https:\/\/gambling6.com\/pl\/#website","url":"https:\/\/gambling6.com\/pl\/","name":"Gambling6","description":"","potentialAction":[{"@type":"SearchAction","target":{"@type":"EntryPoint","urlTemplate":"https:\/\/gambling6.com\/pl\/?s={search_term_string}"},"query-input":{"@type":"PropertyValueSpecification","valueRequired":true,"valueName":"search_term_string"}}],"inLanguage":"pl-PL"}]}},"_links":{"self":[{"href":"https:\/\/gambling6.com\/pl\/wp-json\/wp\/v2\/pages\/8404","targetHints":{"allow":["GET"]}}],"collection":[{"href":"https:\/\/gambling6.com\/pl\/wp-json\/wp\/v2\/pages"}],"about":[{"href":"https:\/\/gambling6.com\/pl\/wp-json\/wp\/v2\/types\/page"}],"author":[{"embeddable":true,"href":"https:\/\/gambling6.com\/pl\/wp-json\/wp\/v2\/users\/1"}],"replies":[{"embeddable":true,"href":"https:\/\/gambling6.com\/pl\/wp-json\/wp\/v2\/comments?post=8404"}],"version-history":[{"count":1,"href":"https:\/\/gambling6.com\/pl\/wp-json\/wp\/v2\/pages\/8404\/revisions"}],"predecessor-version":[{"id":10419,"href":"https:\/\/gambling6.com\/pl\/wp-json\/wp\/v2\/pages\/8404\/revisions\/10419"}],"up":[{"embeddable":true,"href":"https:\/\/gambling6.com\/pl\/wp-json\/wp\/v2\/pages\/8320"}],"wp:attachment":[{"href":"https:\/\/gambling6.com\/pl\/wp-json\/wp\/v2\/media?parent=8404"}],"curies":[{"name":"wp","href":"https:\/\/api.w.org\/{rel}","templated":true}]}}