{"id":8461,"date":"2025-11-07T17:56:21","date_gmt":"2025-11-07T17:56:21","guid":{"rendered":"https:\/\/gambling6.com\/porady-dotyczace-bingo-ktora-strona-internetowa-z-bingo-jest-najlepsza\/"},"modified":"2025-11-12T12:10:26","modified_gmt":"2025-11-12T12:10:26","slug":"porady-dotyczace-bingo-ktora-strona-internetowa-z-bingo-jest-najlepsza","status":"publish","type":"page","link":"https:\/\/gambling6.com\/pl\/bingo\/porady-dotyczace-bingo-ktora-strona-internetowa-z-bingo-jest-najlepsza\/","title":{"rendered":"Porady dotycz\u0105ce bingo &#8211; Kt\u00f3ra strona internetowa z bingo jest najlepsza?"},"content":{"rendered":"<h2>Wyb\u00f3r strony z bingo<\/h2>\n<p>Bingo to ekscytuj\u0105ca gra, kt\u00f3ra wymaga znacznie mniejszych umiej\u0119tno\u015bci ni\u017c gry takie jak blackjack czy poker. Gra przyci\u0105ga wielu graczy swoj\u0105 prostot\u0105. Nie wymaga nauki skomplikowanych zasad ani strategii. Co wi\u0119cej, gra w karty jest ta\u0144sza. Wiele stron oferuje t\u0119 gr\u0119 online. Mo\u017cesz do\u0142\u0105czy\u0107 do jednej z nich i gra\u0107 nawet za minimaln\u0105 kwot\u0119.<img loading=\"lazy\" decoding=\"async\" class=\" alignright size-full wp-image-213\" style=\"margin: 5px; float: right;\" src=\"http:\/\/gambling6.com\/wp-content\/uploads\/2013\/12\/img_110.png\" alt=\"wybierz najlepsz\u0105 stron\u0119 z bingo\" width=\"288\" height=\"175\" \/><\/p>\n<p>Przy tak wielu stronach z bingo,<strong> znalezienie najlepszej strony z bingo online mo\u017ce by\u0107 nie lada wyzwaniem<\/strong>. Dlatego warto wzi\u0105\u0107 pod uwag\u0119 istotne czynniki i zdecydowa\u0107, czy dana strona jest dla Ciebie idealna.<\/p>\n<ul>\n<li><strong>Reputacja i do\u015bwiadczenie<\/strong><\/li>\n<\/ul>\n<p>Upewnij si\u0119, \u017ce wybierasz stron\u0119 z bingo, kt\u00f3ra dzia\u0142a w bran\u017cy od dawna i cieszy si\u0119 dobr\u0105 reputacj\u0105 w zakresie zapewniania dobrych wra\u017ce\u0144 z gry. Mo\u017cesz to sprawdzi\u0107, czytaj\u0105c recenzje profesjonalist\u00f3w i prawdziwych graczy. Strona z bingo z wieloma graczami mo\u017ce by\u0107 godna zaufania, poniewa\u017c gracze nie chc\u0105 pozostawa\u0107 na stronie, kt\u00f3ra nie oferuje przyjemnych wra\u017ce\u0144 z gry.<\/p>\n<p><a href=\"https:\/\/record.revenueplanet.com\/_BoBybWC_aAPUOsjNOfgKefwM06wa-Rwt\/1\/\" target=\"_new\"><img loading=\"lazy\" decoding=\"async\" class=\"aligncenter\" style=\"border: none;\" src=\"https:\/\/media.revenueplanet.com\/uploads\/nbb-468x60-nov-generic.gif\" alt=\"BingoBilly Darmowe Bingo\" width=\"686\" height=\"88\" \/><\/a><\/p>\n<ul>\n<li><strong>Oferta gier<\/strong><\/li>\n<\/ul>\n<p>Strona, kt\u00f3r\u0105 chcesz wybra\u0107, musi oferowa\u0107 szeroki wyb\u00f3r gier. <strong>Bingo<\/strong> wyst\u0119puje w r\u00f3\u017cnych formach. 90-kulowe, 80-kulowe, 75-kulowe, mini, szybkie, coverall, bonanza i wz\u00f3r to tylko niekt\u00f3re z popularnych odmian tej gry. Wyb\u00f3r strony oferuj\u0105cej wszystkie te warianty pozwoli Ci cieszy\u0107 si\u0119 gr\u0105 bez nudy.<\/p>\n<ul>\n<li><strong>Bonus<\/strong><\/li>\n<\/ul>\n<p>Chocia\u017c nie zaleca si\u0119 podejmowania decyzji na podstawie bonusu oferowanego przez stron\u0119 z grami, strona z najwy\u017cszym bonusem niekoniecznie b\u0119dzie najlepsz\u0105 stron\u0105 bingo dla Ciebie. Przydatne funkcje i szeroki wyb\u00f3r gier to zdecydowanie wa\u017cniejsze aspekty. Wi\u0119kszo\u015b\u0107 stron bingo oferuje bonus powitalny. Po dokonaniu pierwszej wp\u0142aty, kwota bonusu powitalnego zostanie automatycznie przelana na Twoje konto. Mo\u017cesz wykorzysta\u0107 ten bonus, aby gra\u0107 wi\u0119cej. Koniecznie przeczytaj regulamin bonusu. Zazwyczaj bonus powinien zosta\u0107 wykorzystany w ci\u0105gu jednego miesi\u0105ca.<\/p>\n<ul>\n<li><strong>Metody wp\u0142at i wyp\u0142at<\/strong><\/li>\n<\/ul>\n<p>Najlepsza strona bingo oferuje r\u00f3\u017cne metody wp\u0142at, dzi\u0119ki czemu mo\u017cesz wybra\u0107 t\u0119, kt\u00f3ra jest dla Ciebie najwygodniejsza. Oferuje r\u00f3wnie\u017c szereg opcji wyp\u0142aty wygranych. U\u0142atwia to za\u0142o\u017cenie konta. Mo\u017cesz \u0142atwo zarejestrowa\u0107 si\u0119 online i poda\u0107 dane bankowe.<\/p>\n<ul>\n<li><strong>Obs\u0142uga klienta<\/strong><\/li>\n<\/ul>\n<p>Mo\u017cesz sprawdzi\u0107, czy strona z grami oferuje najlepsz\u0105 obs\u0142ug\u0119 klienta. Najlepsza strona ma dobrze przeszkolony zesp\u00f3\u0142 obs\u0142ugi klienta, kt\u00f3ry szybko odpowiada na Twoje pytania i rozwi\u0105zuje problemy. Niezale\u017cnie od tego, czy utkniesz w procesie otwierania konta, czy napotkasz problemy z wyp\u0142at\u0105 wygranych, mo\u017cesz uzyska\u0107 pomoc w dowolnym momencie. Oferuj\u0105 oni wsparcie na czacie na \u017cywo, telefonicznie i mailowo, aby profesjonalnie zaj\u0105\u0107 si\u0119 Twoimi problemami.<\/p>\n<p>Wszystkie te czynniki pomog\u0105 Ci wybra\u0107 fantastyczn\u0105 stron\u0119 z bingo online. Osobi\u015bcie polecamy Bingo Billy. Nawet je\u015bli mieszkasz w USA, <span style=\"box-sizing: border-box; margin: 0px; padding: 0px;\">nadal mo\u017cesz gra\u0107 w <a class=\"thirstylink\" title=\"Bingo Billy en\" href=\"https:\/\/gambling6.com\/go\/bingobilly-en\/\" target=\"_blank\" rel=\"nofollow noopener\">Bingo Billy\u2014<\/a><\/span>kliknij ten link, aby przej\u015b\u0107 do ich witryny.<\/p>\n","protected":false},"excerpt":{"rendered":"<p>Wyb\u00f3r strony z bingo Bingo to ekscytuj\u0105ca gra, kt\u00f3ra wymaga znacznie mniejszych umiej\u0119tno\u015bci ni\u017c gry takie jak blackjack czy poker. Gra przyci\u0105ga wielu graczy swoj\u0105 prostot\u0105. Nie wymaga nauki skomplikowanych zasad ani strategii. Co wi\u0119cej, gra w karty jest ta\u0144sza. Wiele stron oferuje t\u0119 gr\u0119 online. Mo\u017cesz do\u0142\u0105czy\u0107 do jednej z nich i gra\u0107 nawet [&hellip;]<\/p>\n","protected":false},"author":1,"featured_media":8439,"parent":8522,"menu_order":5,"comment_status":"closed","ping_status":"closed","template":"","meta":{"footnotes":""},"class_list":["post-8461","page","type-page","status-publish","has-post-thumbnail","hentry"],"yoast_head":"<!-- This site is optimized with the Yoast SEO plugin v27.4 - https:\/\/yoast.com\/product\/yoast-seo-wordpress\/ -->\n<title>Porady dotycz\u0105ce bingo - Kt\u00f3ra strona internetowa z bingo jest najlepsza?<\/title>\n<meta name=\"description\" content=\"Wyb\u00f3r najlepszej strony z bingo jest wa\u017cny \u2013 ale kt\u00f3r\u0105 wybra\u0107? Odpowiedzi znajdziesz tutaj.\" \/>\n<meta name=\"robots\" content=\"index, follow, max-snippet:-1, max-image-preview:large, max-video-preview:-1\" \/>\n<link rel=\"canonical\" href=\"https:\/\/gambling6.com\/pl\/bingo\/porady-dotyczace-bingo-ktora-strona-internetowa-z-bingo-jest-najlepsza\/\" \/>\n<meta property=\"og:locale\" content=\"pl_PL\" \/>\n<meta property=\"og:type\" content=\"article\" \/>\n<meta property=\"og:title\" content=\"Porady dotycz\u0105ce bingo - Kt\u00f3ra strona internetowa z bingo jest najlepsza?\" \/>\n<meta property=\"og:description\" content=\"Wyb\u00f3r najlepszej strony z bingo jest wa\u017cny \u2013 ale kt\u00f3r\u0105 wybra\u0107? Odpowiedzi znajdziesz tutaj.\" \/>\n<meta property=\"og:url\" content=\"https:\/\/gambling6.com\/pl\/bingo\/porady-dotyczace-bingo-ktora-strona-internetowa-z-bingo-jest-najlepsza\/\" \/>\n<meta property=\"og:site_name\" content=\"Gambling6\" \/>\n<meta property=\"article:modified_time\" content=\"2025-11-12T12:10:26+00:00\" \/>\n<meta property=\"og:image\" content=\"https:\/\/gambling6.com\/wp-content\/uploads\/2013\/12\/img_110.png\" \/>\n\t<meta property=\"og:image:width\" content=\"288\" \/>\n\t<meta property=\"og:image:height\" content=\"175\" \/>\n\t<meta property=\"og:image:type\" content=\"image\/png\" \/>\n<meta name=\"twitter:card\" content=\"summary_large_image\" \/>\n<meta name=\"twitter:label1\" content=\"Szacowany czas czytania\" \/>\n\t<meta name=\"twitter:data1\" content=\"2 minuty\" \/>\n<script type=\"application\/ld+json\" class=\"yoast-schema-graph\">{\"@context\":\"https:\\\/\\\/schema.org\",\"@graph\":[{\"@type\":\"WebPage\",\"@id\":\"https:\\\/\\\/gambling6.com\\\/pl\\\/bingo\\\/porady-dotyczace-bingo-ktora-strona-internetowa-z-bingo-jest-najlepsza\\\/\",\"url\":\"https:\\\/\\\/gambling6.com\\\/pl\\\/bingo\\\/porady-dotyczace-bingo-ktora-strona-internetowa-z-bingo-jest-najlepsza\\\/\",\"name\":\"Porady dotycz\u0105ce bingo - Kt\u00f3ra strona internetowa z bingo jest najlepsza?\",\"isPartOf\":{\"@id\":\"https:\\\/\\\/gambling6.com\\\/pl\\\/#website\"},\"primaryImageOfPage\":{\"@id\":\"https:\\\/\\\/gambling6.com\\\/pl\\\/bingo\\\/porady-dotyczace-bingo-ktora-strona-internetowa-z-bingo-jest-najlepsza\\\/#primaryimage\"},\"image\":{\"@id\":\"https:\\\/\\\/gambling6.com\\\/pl\\\/bingo\\\/porady-dotyczace-bingo-ktora-strona-internetowa-z-bingo-jest-najlepsza\\\/#primaryimage\"},\"thumbnailUrl\":\"https:\\\/\\\/gambling6.com\\\/wp-content\\\/uploads\\\/2013\\\/12\\\/img_110.png\",\"datePublished\":\"2025-11-07T17:56:21+00:00\",\"dateModified\":\"2025-11-12T12:10:26+00:00\",\"description\":\"Wyb\u00f3r najlepszej strony z bingo jest wa\u017cny \u2013 ale kt\u00f3r\u0105 wybra\u0107? Odpowiedzi znajdziesz tutaj.\",\"breadcrumb\":{\"@id\":\"https:\\\/\\\/gambling6.com\\\/pl\\\/bingo\\\/porady-dotyczace-bingo-ktora-strona-internetowa-z-bingo-jest-najlepsza\\\/#breadcrumb\"},\"inLanguage\":\"pl-PL\",\"potentialAction\":[{\"@type\":\"ReadAction\",\"target\":[\"https:\\\/\\\/gambling6.com\\\/pl\\\/bingo\\\/porady-dotyczace-bingo-ktora-strona-internetowa-z-bingo-jest-najlepsza\\\/\"]}]},{\"@type\":\"ImageObject\",\"inLanguage\":\"pl-PL\",\"@id\":\"https:\\\/\\\/gambling6.com\\\/pl\\\/bingo\\\/porady-dotyczace-bingo-ktora-strona-internetowa-z-bingo-jest-najlepsza\\\/#primaryimage\",\"url\":\"https:\\\/\\\/gambling6.com\\\/wp-content\\\/uploads\\\/2013\\\/12\\\/img_110.png\",\"contentUrl\":\"https:\\\/\\\/gambling6.com\\\/wp-content\\\/uploads\\\/2013\\\/12\\\/img_110.png\",\"width\":288,\"height\":175},{\"@type\":\"BreadcrumbList\",\"@id\":\"https:\\\/\\\/gambling6.com\\\/pl\\\/bingo\\\/porady-dotyczace-bingo-ktora-strona-internetowa-z-bingo-jest-najlepsza\\\/#breadcrumb\",\"itemListElement\":[{\"@type\":\"ListItem\",\"position\":1,\"name\":\"Home\",\"item\":\"https:\\\/\\\/gambling6.com\\\/pl\\\/home\\\/\"},{\"@type\":\"ListItem\",\"position\":2,\"name\":\"Bingo\",\"item\":\"https:\\\/\\\/gambling6.com\\\/pl\\\/bingo\\\/\"},{\"@type\":\"ListItem\",\"position\":3,\"name\":\"Porady dotycz\u0105ce bingo &#8211; Kt\u00f3ra strona internetowa z bingo jest najlepsza?\"}]},{\"@type\":\"WebSite\",\"@id\":\"https:\\\/\\\/gambling6.com\\\/pl\\\/#website\",\"url\":\"https:\\\/\\\/gambling6.com\\\/pl\\\/\",\"name\":\"Gambling6\",\"description\":\"\",\"potentialAction\":[{\"@type\":\"SearchAction\",\"target\":{\"@type\":\"EntryPoint\",\"urlTemplate\":\"https:\\\/\\\/gambling6.com\\\/pl\\\/?s={search_term_string}\"},\"query-input\":{\"@type\":\"PropertyValueSpecification\",\"valueRequired\":true,\"valueName\":\"search_term_string\"}}],\"inLanguage\":\"pl-PL\"}]}<\/script>\n<!-- \/ Yoast SEO plugin. -->","yoast_head_json":{"title":"Porady dotycz\u0105ce bingo - Kt\u00f3ra strona internetowa z bingo jest najlepsza?","description":"Wyb\u00f3r najlepszej strony z bingo jest wa\u017cny \u2013 ale kt\u00f3r\u0105 wybra\u0107? Odpowiedzi znajdziesz tutaj.","robots":{"index":"index","follow":"follow","max-snippet":"max-snippet:-1","max-image-preview":"max-image-preview:large","max-video-preview":"max-video-preview:-1"},"canonical":"https:\/\/gambling6.com\/pl\/bingo\/porady-dotyczace-bingo-ktora-strona-internetowa-z-bingo-jest-najlepsza\/","og_locale":"pl_PL","og_type":"article","og_title":"Porady dotycz\u0105ce bingo - Kt\u00f3ra strona internetowa z bingo jest najlepsza?","og_description":"Wyb\u00f3r najlepszej strony z bingo jest wa\u017cny \u2013 ale kt\u00f3r\u0105 wybra\u0107? Odpowiedzi znajdziesz tutaj.","og_url":"https:\/\/gambling6.com\/pl\/bingo\/porady-dotyczace-bingo-ktora-strona-internetowa-z-bingo-jest-najlepsza\/","og_site_name":"Gambling6","article_modified_time":"2025-11-12T12:10:26+00:00","og_image":[{"width":288,"height":175,"url":"https:\/\/gambling6.com\/wp-content\/uploads\/2013\/12\/img_110.png","type":"image\/png"}],"twitter_card":"summary_large_image","twitter_misc":{"Szacowany czas czytania":"2 minuty"},"schema":{"@context":"https:\/\/schema.org","@graph":[{"@type":"WebPage","@id":"https:\/\/gambling6.com\/pl\/bingo\/porady-dotyczace-bingo-ktora-strona-internetowa-z-bingo-jest-najlepsza\/","url":"https:\/\/gambling6.com\/pl\/bingo\/porady-dotyczace-bingo-ktora-strona-internetowa-z-bingo-jest-najlepsza\/","name":"Porady dotycz\u0105ce bingo - Kt\u00f3ra strona internetowa z bingo jest najlepsza?","isPartOf":{"@id":"https:\/\/gambling6.com\/pl\/#website"},"primaryImageOfPage":{"@id":"https:\/\/gambling6.com\/pl\/bingo\/porady-dotyczace-bingo-ktora-strona-internetowa-z-bingo-jest-najlepsza\/#primaryimage"},"image":{"@id":"https:\/\/gambling6.com\/pl\/bingo\/porady-dotyczace-bingo-ktora-strona-internetowa-z-bingo-jest-najlepsza\/#primaryimage"},"thumbnailUrl":"https:\/\/gambling6.com\/wp-content\/uploads\/2013\/12\/img_110.png","datePublished":"2025-11-07T17:56:21+00:00","dateModified":"2025-11-12T12:10:26+00:00","description":"Wyb\u00f3r najlepszej strony z bingo jest wa\u017cny \u2013 ale kt\u00f3r\u0105 wybra\u0107? Odpowiedzi znajdziesz tutaj.","breadcrumb":{"@id":"https:\/\/gambling6.com\/pl\/bingo\/porady-dotyczace-bingo-ktora-strona-internetowa-z-bingo-jest-najlepsza\/#breadcrumb"},"inLanguage":"pl-PL","potentialAction":[{"@type":"ReadAction","target":["https:\/\/gambling6.com\/pl\/bingo\/porady-dotyczace-bingo-ktora-strona-internetowa-z-bingo-jest-najlepsza\/"]}]},{"@type":"ImageObject","inLanguage":"pl-PL","@id":"https:\/\/gambling6.com\/pl\/bingo\/porady-dotyczace-bingo-ktora-strona-internetowa-z-bingo-jest-najlepsza\/#primaryimage","url":"https:\/\/gambling6.com\/wp-content\/uploads\/2013\/12\/img_110.png","contentUrl":"https:\/\/gambling6.com\/wp-content\/uploads\/2013\/12\/img_110.png","width":288,"height":175},{"@type":"BreadcrumbList","@id":"https:\/\/gambling6.com\/pl\/bingo\/porady-dotyczace-bingo-ktora-strona-internetowa-z-bingo-jest-najlepsza\/#breadcrumb","itemListElement":[{"@type":"ListItem","position":1,"name":"Home","item":"https:\/\/gambling6.com\/pl\/home\/"},{"@type":"ListItem","position":2,"name":"Bingo","item":"https:\/\/gambling6.com\/pl\/bingo\/"},{"@type":"ListItem","position":3,"name":"Porady dotycz\u0105ce bingo &#8211; Kt\u00f3ra strona internetowa z bingo jest najlepsza?"}]},{"@type":"WebSite","@id":"https:\/\/gambling6.com\/pl\/#website","url":"https:\/\/gambling6.com\/pl\/","name":"Gambling6","description":"","potentialAction":[{"@type":"SearchAction","target":{"@type":"EntryPoint","urlTemplate":"https:\/\/gambling6.com\/pl\/?s={search_term_string}"},"query-input":{"@type":"PropertyValueSpecification","valueRequired":true,"valueName":"search_term_string"}}],"inLanguage":"pl-PL"}]}},"_links":{"self":[{"href":"https:\/\/gambling6.com\/pl\/wp-json\/wp\/v2\/pages\/8461","targetHints":{"allow":["GET"]}}],"collection":[{"href":"https:\/\/gambling6.com\/pl\/wp-json\/wp\/v2\/pages"}],"about":[{"href":"https:\/\/gambling6.com\/pl\/wp-json\/wp\/v2\/types\/page"}],"author":[{"embeddable":true,"href":"https:\/\/gambling6.com\/pl\/wp-json\/wp\/v2\/users\/1"}],"replies":[{"embeddable":true,"href":"https:\/\/gambling6.com\/pl\/wp-json\/wp\/v2\/comments?post=8461"}],"version-history":[{"count":2,"href":"https:\/\/gambling6.com\/pl\/wp-json\/wp\/v2\/pages\/8461\/revisions"}],"predecessor-version":[{"id":10626,"href":"https:\/\/gambling6.com\/pl\/wp-json\/wp\/v2\/pages\/8461\/revisions\/10626"}],"up":[{"embeddable":true,"href":"https:\/\/gambling6.com\/pl\/wp-json\/wp\/v2\/pages\/8522"}],"wp:featuredmedia":[{"embeddable":true,"href":"https:\/\/gambling6.com\/pl\/wp-json\/wp\/v2\/media\/8439"}],"wp:attachment":[{"href":"https:\/\/gambling6.com\/pl\/wp-json\/wp\/v2\/media?parent=8461"}],"curies":[{"name":"wp","href":"https:\/\/api.w.org\/{rel}","templated":true}]}}