{"id":8522,"date":"2025-11-07T19:27:13","date_gmt":"2025-11-07T19:27:13","guid":{"rendered":"https:\/\/gambling6.com\/bingo\/"},"modified":"2025-11-15T07:55:32","modified_gmt":"2025-11-15T07:55:32","slug":"bingo","status":"publish","type":"page","link":"https:\/\/gambling6.com\/pl\/bingo\/","title":{"rendered":"Bingo"},"content":{"rendered":"<h2>Podstawowe informacje o bingo<\/h2>\n<p><a href=\"https:\/\/record.revenueplanet.com\/_BoBybWC_aAMWqcfzuvZcQMni_MQzyHn0\/1\/\" target=\"_new\"><img loading=\"lazy\" decoding=\"async\" class=\"alignright\" style=\"border: none;\" src=\"https:\/\/media.revenueplanet.com\/uploads\/nbb-120x600-oct-free.gif\" alt=\"BingoBilly Darmowe Bingo\" width=\"120\" height=\"600\" \/><\/a>Gra w bingo jest skierowana zar\u00f3wno do os\u00f3b m\u0142odych, jak i starszych. Jej pocz\u0105tki si\u0119gaj\u0105 XVI-wiecznych W\u0142och, gdzie grano w ni\u0105 pod nazw\u0105 \u201eIl Giuoco del Lotto d&#8217;Italia\u201d, a nast\u0119pnie rozpowszechni\u0142a si\u0119 na ca\u0142\u0105 Europ\u0119. Bingo to gra towarzyska, w kt\u00f3rej liczy si\u0119: czas reakcji, percepcja gry i, co nie mniej wa\u017cne, szcz\u0119\u015bcie.<\/p>\n<p>Z biegiem czasu ludzie pr\u00f3bowali znale\u017a\u0107 r\u00f3\u017cne strategie, aby opracowa\u0107 dok\u0142adniejsze obliczenia dotycz\u0105ce zwi\u0119kszenia swoich szans na wygran\u0105. Niekt\u00f3re z nich zako\u0144czy\u0142y si\u0119 niepowodzeniem, a inne sukcesem. Bingo online pojawi\u0142o si\u0119 w po\u0142owie lat 90. i od tego czasu nieustannie si\u0119 rozwija. Zalety bingo online, w przeciwie\u0144stwie do bingo offline, to:<\/p>\n<ul>\n<li>Mo\u017cesz gra\u0107 bezpo\u015brednio z domu<\/li>\n<li>Wszystko jest proste<\/li>\n<li>Oferuj\u0105 bonusy i nagrody<\/li>\n<li>Mo\u017cesz gra\u0107 za darmo<\/li>\n<li>Mo\u017cesz gra\u0107 o ka\u017cdej porze dnia i nocy<\/li>\n<li>Masz dost\u0119p do wsparcia online w czasie rzeczywistym<\/li>\n<\/ul>\n<p>Pocz\u0105tkuj\u0105cym zaleca si\u0119 gr\u0119 w wersje demonstracyjne, kt\u00f3re daj\u0105 im mo\u017cliwo\u015b\u0107 zapoznania si\u0119 z zasadami i tempem gry. Strategie gry nie gwarantuj\u0105 wygranej, ale zwi\u0119kszaj\u0105 szanse na wygran\u0105. Zaleca si\u0119 r\u00f3wnie\u017c gr\u0119 w pokoju z niewielk\u0105 liczb\u0105 graczy. Dla bardziej do\u015bwiadczonych graczy dobrym pomys\u0142em jest granie jak najwi\u0119ksz\u0105 liczb\u0105 kart; zwi\u0119ksza to ich szanse na wygran\u0105. W bingo gra si\u0119 30, 75, 80 i 90 kulkami.<\/p>\n<p>Najlepszym wyborem b\u0119dzie<a class=\"thirstylink\" title=\"Bingo Billy en\" href=\"https:\/\/gambling6.com\/go\/bingobilly-en\/\" target=\"_blank\" rel=\"nofollow noopener\"> Bingo Billy \u2013 kliknij tutaj, aby zagra\u0107<\/a>, a otrzymasz darmowe bilety na bingo o warto\u015bci 30 dolar\u00f3w na start! Bingo Billy akceptuje graczy z ca\u0142ego \u015bwiata, w tym z USA.<\/p>\n<h2>Gra w bingo z 30 kulami<\/h2>\n<p>Gracz wybiera \u0142\u0105cznie 30 kul i u\u017cywa skali od 1 do 75. Obszary bingo sk\u0142adaj\u0105 si\u0119 z pi\u0119ciu kwadrat\u00f3w. Po zakupie biletu gracz musi wybra\u0107 \u0142\u0105cznie 30 liczb. Liczby s\u0105 losowane i automatycznie zaznaczane na bilecie. Bingo ko\u0144czy si\u0119, gdy gracz wylosuje pi\u0119\u0107 lub sze\u015b\u0107 liczb, kt\u00f3re pozwalaj\u0105 mu utworzy\u0107 pionow\u0105, poziom\u0105 lub uko\u015bn\u0105 lini\u0119. Gra ko\u0144czy si\u0119, gdy wylosowane zostanie 30 kul. Gracz, kt\u00f3ry zdob\u0119dzie najwi\u0119cej linii bingo, zostaje zwyci\u0119zc\u0105.<\/p>\n<h2>Gra w bingo z 90 kulami<\/h2>\n<p>Karta sk\u0142ada si\u0119 z grup od 9 do 3, zawieraj\u0105cych \u0142\u0105cznie 27 kwadrat\u00f3w. Ka\u017cdy rz\u0105d zawiera 5 liczb i 4 puste kwadraty. \u0141\u0105czna liczba liczb na karcie wynosi 15.<\/p>\n<h2>Gra w bingo z 80 kulkami<\/h2>\n<p>Na ka\u017cdej karcie znajduje si\u0119 16 liczb, 4 linie i 4 kolumny.<\/p>\n<h2>Strategie gry w bingo online<\/h2>\n<p>Joseph E. Granville powiedzia\u0142, \u017ce mo\u017ce \u201ezwi\u0119kszy\u0107 szanse nawet o 50%\u201d. Doda\u0142 r\u00f3wnie\u017c, \u017ce losowo wylosowane liczby maj\u0105 nast\u0119puj\u0105cy wz\u00f3r: r\u00f3wna liczba liczb ko\u0144cz\u0105cych si\u0119 na 1, 2, 3, 4, 5, 6, 7, 8, 9, du\u017ce i ma\u0142e liczby s\u0105 w r\u00f3wnowadze wraz z odnowieniem gry, wylosowane liczby zbli\u017caj\u0105ce si\u0119 do liczby 38, a dok\u0142adniej do \u015brodka.<\/p>\n<p><strong>Przyk\u0142ad losowego losu wed\u0142ug wzoru Josepha E. Granville&#8217;a to<\/strong> 6, 11, 24, 32, 43, 57, 38, 69. Brytyjski statystyk L.C.H. Tippet przedstawi\u0142 teori\u0119, zgodnie z kt\u00f3r\u0105 liczby s\u0105 losowane z prawdopodobie\u0144stwem bliskim 38. Mimo to, masz do dyspozycji szeroki wyb\u00f3r stron i kr\u00f3tkie wprowadzenie do \u015bwiata gier bingo. W zale\u017cno\u015bci od preferencji, mo\u017cesz zdecydowa\u0107, kt\u00f3ra wersja jest dla Ciebie lepsza. Powodzenia!<\/p>\n","protected":false},"excerpt":{"rendered":"<p>Podstawowe informacje o bingo Gra w bingo jest skierowana zar\u00f3wno do os\u00f3b m\u0142odych, jak i starszych. Jej pocz\u0105tki si\u0119gaj\u0105 XVI-wiecznych W\u0142och, gdzie grano w ni\u0105 pod nazw\u0105 \u201eIl Giuoco del Lotto d&#8217;Italia\u201d, a nast\u0119pnie rozpowszechni\u0142a si\u0119 na ca\u0142\u0105 Europ\u0119. Bingo to gra towarzyska, w kt\u00f3rej liczy si\u0119: czas reakcji, percepcja gry i, co nie mniej [&hellip;]<\/p>\n","protected":false},"author":1,"featured_media":0,"parent":0,"menu_order":6,"comment_status":"closed","ping_status":"closed","template":"","meta":{"footnotes":""},"class_list":["post-8522","page","type-page","status-publish","hentry"],"yoast_head":"<!-- This site is optimized with the Yoast SEO plugin v27.4 - https:\/\/yoast.com\/product\/yoast-seo-wordpress\/ -->\n<title>Podstawowe informacje o Bingo<\/title>\n<meta name=\"description\" content=\"Wszystko o Bingo online i najlepszych stronach do gry w Bingo online\" \/>\n<meta name=\"robots\" content=\"index, follow, max-snippet:-1, max-image-preview:large, max-video-preview:-1\" \/>\n<link rel=\"canonical\" href=\"https:\/\/gambling6.com\/pl\/bingo\/\" \/>\n<meta property=\"og:locale\" content=\"pl_PL\" \/>\n<meta property=\"og:type\" content=\"article\" \/>\n<meta property=\"og:title\" content=\"Podstawowe informacje o Bingo\" \/>\n<meta property=\"og:description\" content=\"Wszystko o Bingo online i najlepszych stronach do gry w Bingo online\" \/>\n<meta property=\"og:url\" content=\"https:\/\/gambling6.com\/pl\/bingo\/\" \/>\n<meta property=\"og:site_name\" content=\"Gambling6\" \/>\n<meta property=\"article:modified_time\" content=\"2025-11-15T07:55:32+00:00\" \/>\n<meta property=\"og:image\" content=\"https:\/\/media.revenueplanet.com\/uploads\/nbb-120x600-oct-free.gif\" \/>\n<meta name=\"twitter:card\" content=\"summary_large_image\" \/>\n<meta name=\"twitter:label1\" content=\"Szacowany czas czytania\" \/>\n\t<meta name=\"twitter:data1\" content=\"3 minuty\" \/>\n<script type=\"application\/ld+json\" class=\"yoast-schema-graph\">{\"@context\":\"https:\\\/\\\/schema.org\",\"@graph\":[{\"@type\":\"WebPage\",\"@id\":\"https:\\\/\\\/gambling6.com\\\/pl\\\/bingo\\\/\",\"url\":\"https:\\\/\\\/gambling6.com\\\/pl\\\/bingo\\\/\",\"name\":\"Podstawowe informacje o Bingo\",\"isPartOf\":{\"@id\":\"https:\\\/\\\/gambling6.com\\\/pl\\\/#website\"},\"primaryImageOfPage\":{\"@id\":\"https:\\\/\\\/gambling6.com\\\/pl\\\/bingo\\\/#primaryimage\"},\"image\":{\"@id\":\"https:\\\/\\\/gambling6.com\\\/pl\\\/bingo\\\/#primaryimage\"},\"thumbnailUrl\":\"https:\\\/\\\/media.revenueplanet.com\\\/uploads\\\/nbb-120x600-oct-free.gif\",\"datePublished\":\"2025-11-07T19:27:13+00:00\",\"dateModified\":\"2025-11-15T07:55:32+00:00\",\"description\":\"Wszystko o Bingo online i najlepszych stronach do gry w Bingo online\",\"breadcrumb\":{\"@id\":\"https:\\\/\\\/gambling6.com\\\/pl\\\/bingo\\\/#breadcrumb\"},\"inLanguage\":\"pl-PL\",\"potentialAction\":[{\"@type\":\"ReadAction\",\"target\":[\"https:\\\/\\\/gambling6.com\\\/pl\\\/bingo\\\/\"]}]},{\"@type\":\"ImageObject\",\"inLanguage\":\"pl-PL\",\"@id\":\"https:\\\/\\\/gambling6.com\\\/pl\\\/bingo\\\/#primaryimage\",\"url\":\"https:\\\/\\\/media.revenueplanet.com\\\/uploads\\\/nbb-120x600-oct-free.gif\",\"contentUrl\":\"https:\\\/\\\/media.revenueplanet.com\\\/uploads\\\/nbb-120x600-oct-free.gif\"},{\"@type\":\"BreadcrumbList\",\"@id\":\"https:\\\/\\\/gambling6.com\\\/pl\\\/bingo\\\/#breadcrumb\",\"itemListElement\":[{\"@type\":\"ListItem\",\"position\":1,\"name\":\"Home\",\"item\":\"https:\\\/\\\/gambling6.com\\\/pl\\\/home\\\/\"},{\"@type\":\"ListItem\",\"position\":2,\"name\":\"Bingo\"}]},{\"@type\":\"WebSite\",\"@id\":\"https:\\\/\\\/gambling6.com\\\/pl\\\/#website\",\"url\":\"https:\\\/\\\/gambling6.com\\\/pl\\\/\",\"name\":\"Gambling6\",\"description\":\"\",\"potentialAction\":[{\"@type\":\"SearchAction\",\"target\":{\"@type\":\"EntryPoint\",\"urlTemplate\":\"https:\\\/\\\/gambling6.com\\\/pl\\\/?s={search_term_string}\"},\"query-input\":{\"@type\":\"PropertyValueSpecification\",\"valueRequired\":true,\"valueName\":\"search_term_string\"}}],\"inLanguage\":\"pl-PL\"}]}<\/script>\n<!-- \/ Yoast SEO plugin. -->","yoast_head_json":{"title":"Podstawowe informacje o Bingo","description":"Wszystko o Bingo online i najlepszych stronach do gry w Bingo online","robots":{"index":"index","follow":"follow","max-snippet":"max-snippet:-1","max-image-preview":"max-image-preview:large","max-video-preview":"max-video-preview:-1"},"canonical":"https:\/\/gambling6.com\/pl\/bingo\/","og_locale":"pl_PL","og_type":"article","og_title":"Podstawowe informacje o Bingo","og_description":"Wszystko o Bingo online i najlepszych stronach do gry w Bingo online","og_url":"https:\/\/gambling6.com\/pl\/bingo\/","og_site_name":"Gambling6","article_modified_time":"2025-11-15T07:55:32+00:00","og_image":[{"url":"https:\/\/media.revenueplanet.com\/uploads\/nbb-120x600-oct-free.gif","type":"","width":"","height":""}],"twitter_card":"summary_large_image","twitter_misc":{"Szacowany czas czytania":"3 minuty"},"schema":{"@context":"https:\/\/schema.org","@graph":[{"@type":"WebPage","@id":"https:\/\/gambling6.com\/pl\/bingo\/","url":"https:\/\/gambling6.com\/pl\/bingo\/","name":"Podstawowe informacje o Bingo","isPartOf":{"@id":"https:\/\/gambling6.com\/pl\/#website"},"primaryImageOfPage":{"@id":"https:\/\/gambling6.com\/pl\/bingo\/#primaryimage"},"image":{"@id":"https:\/\/gambling6.com\/pl\/bingo\/#primaryimage"},"thumbnailUrl":"https:\/\/media.revenueplanet.com\/uploads\/nbb-120x600-oct-free.gif","datePublished":"2025-11-07T19:27:13+00:00","dateModified":"2025-11-15T07:55:32+00:00","description":"Wszystko o Bingo online i najlepszych stronach do gry w Bingo online","breadcrumb":{"@id":"https:\/\/gambling6.com\/pl\/bingo\/#breadcrumb"},"inLanguage":"pl-PL","potentialAction":[{"@type":"ReadAction","target":["https:\/\/gambling6.com\/pl\/bingo\/"]}]},{"@type":"ImageObject","inLanguage":"pl-PL","@id":"https:\/\/gambling6.com\/pl\/bingo\/#primaryimage","url":"https:\/\/media.revenueplanet.com\/uploads\/nbb-120x600-oct-free.gif","contentUrl":"https:\/\/media.revenueplanet.com\/uploads\/nbb-120x600-oct-free.gif"},{"@type":"BreadcrumbList","@id":"https:\/\/gambling6.com\/pl\/bingo\/#breadcrumb","itemListElement":[{"@type":"ListItem","position":1,"name":"Home","item":"https:\/\/gambling6.com\/pl\/home\/"},{"@type":"ListItem","position":2,"name":"Bingo"}]},{"@type":"WebSite","@id":"https:\/\/gambling6.com\/pl\/#website","url":"https:\/\/gambling6.com\/pl\/","name":"Gambling6","description":"","potentialAction":[{"@type":"SearchAction","target":{"@type":"EntryPoint","urlTemplate":"https:\/\/gambling6.com\/pl\/?s={search_term_string}"},"query-input":{"@type":"PropertyValueSpecification","valueRequired":true,"valueName":"search_term_string"}}],"inLanguage":"pl-PL"}]}},"_links":{"self":[{"href":"https:\/\/gambling6.com\/pl\/wp-json\/wp\/v2\/pages\/8522","targetHints":{"allow":["GET"]}}],"collection":[{"href":"https:\/\/gambling6.com\/pl\/wp-json\/wp\/v2\/pages"}],"about":[{"href":"https:\/\/gambling6.com\/pl\/wp-json\/wp\/v2\/types\/page"}],"author":[{"embeddable":true,"href":"https:\/\/gambling6.com\/pl\/wp-json\/wp\/v2\/users\/1"}],"replies":[{"embeddable":true,"href":"https:\/\/gambling6.com\/pl\/wp-json\/wp\/v2\/comments?post=8522"}],"version-history":[{"count":2,"href":"https:\/\/gambling6.com\/pl\/wp-json\/wp\/v2\/pages\/8522\/revisions"}],"predecessor-version":[{"id":10824,"href":"https:\/\/gambling6.com\/pl\/wp-json\/wp\/v2\/pages\/8522\/revisions\/10824"}],"wp:attachment":[{"href":"https:\/\/gambling6.com\/pl\/wp-json\/wp\/v2\/media?parent=8522"}],"curies":[{"name":"wp","href":"https:\/\/api.w.org\/{rel}","templated":true}]}}