{"id":8584,"date":"2025-11-07T20:45:57","date_gmt":"2025-11-07T20:45:57","guid":{"rendered":"https:\/\/gambling6.com\/kasyno\/przejscie-na-urzadzenia-mobilne-hazard-w-podrozy\/"},"modified":"2025-11-12T09:24:52","modified_gmt":"2025-11-12T09:24:52","slug":"przejscie-na-urzadzenia-mobilne-hazard-w-podrozy","status":"publish","type":"page","link":"https:\/\/gambling6.com\/pl\/kasyno\/przejscie-na-urzadzenia-mobilne-hazard-w-podrozy\/","title":{"rendered":"Przej\u015bcie na urz\u0105dzenia mobilne \u2013 hazard w podr\u00f3\u017cy"},"content":{"rendered":"<h2>Hazard online na urz\u0105dzeniach mobilnych<\/h2>\n<h3>HTML5 kontra aplikacje natywne \u2013 wyb\u00f3r nale\u017cy do Ciebie!<\/h3>\n<p>Przegl\u0105daj\u0105c dobry katalog gier hazardowych, \u0142atwo zauwa\u017cy\u0107, \u017ce istnieje wiele \u015bwietnych opcji dla graczy, kt\u00f3rzy chc\u0105 cieszy\u0107 si\u0119 swoimi ulubionymi opcjami przez internet. R\u00f3\u017cne strony oferuj\u0105 bezpieczne gry hazardowe online w niemal ka\u017cdej kategorii, a poker, kasyno i zak\u0142ady sportowe zazwyczaj znajduj\u0105 si\u0119 na szczycie listy. Nale\u017cy zauwa\u017cy\u0107, \u017ce pomimo regulacji na tym rynku, istniej\u0105 r\u00f3wnie\u017c opcje dla graczy z USA, wi\u0119c Amerykanie nie powinni mie\u0107 problemu ze znalezieniem wiarygodnej strony za po\u015brednictwem portalu iGambling.<\/p>\n<p><img loading=\"lazy\" decoding=\"async\" class=\" alignright size-full wp-image-400\" style=\"margin: 5px; float: right;\" src=\"http:\/\/gambling6.com\/wp-content\/uploads\/2013\/12\/mobile-gambling-150x150.jpg\" alt=\"aplikacje mobilne do gier hazardowych\" width=\"150\" height=\"150\" \/>Chocia\u017c oferta gier hazardowych online stale ro\u015bnie, trend wydaje si\u0119 zmierza\u0107 w kierunku gier mobilnych. Praktycznie wszyscy czo\u0142owi operatorzy w bran\u017cy posiadaj\u0105 lub pracuj\u0105 nad aplikacj\u0105 mobiln\u0105, kt\u00f3ra umo\u017cliwia u\u017cytkownikom dost\u0119p do tych samych us\u0142ug, z kt\u00f3rych korzystaj\u0105 w domu, za po\u015brednictwem smartfon\u00f3w. W niedawnym wywiadzie dyrektor ds. informacji w Intralot, dr Christos Dimitriadis, powiedzia\u0142, \u017ce hazard mobilny stanie si\u0119 legalny we wszystkich krajach Unii Europejskiej.<\/p>\n<p>Chocia\u017c nie sprecyzowa\u0142, kiedy to nast\u0105pi, fakt, \u017ce pa\u0144stwa musz\u0105 zachowa\u0107 kontrol\u0119 nad hazardem, sprawia, \u017ce \u200b\u200bhazard mobilny jest legalny i wymaga starannych regulacji. Poniewa\u017c coraz wi\u0119cej graczy korzysta z urz\u0105dze\u0144 mobilnych, operatorzy i organy regulacyjne na poszczeg\u00f3lnych rynkach musz\u0105 wsp\u00f3\u0142pracowa\u0107, aby znale\u017a\u0107 idealne rozwi\u0105zanie.<\/p>\n<h2>HTML5<\/h2>\n<p>Niekt\u00f3rzy z g\u0142\u00f3wnych operator\u00f3w na rynku gier hazardowych online podj\u0119li ju\u017c znacz\u0105ce kroki w celu ulepszenia swojej oferty mobilnej. 888 jest znane na ca\u0142ym \u015bwiecie, przede wszystkim ze swoich internetowych zak\u0142ad\u00f3w sportowych, kt\u00f3re obejmuj\u0105 praktycznie ca\u0142y glob i oferuj\u0105 zak\u0142ady na wszystkie najwa\u017cniejsze sporty i r\u00f3\u017cne ligi. Strona oferuje r\u00f3wnie\u017c gry kasynowe, pokera, bingo i inne kategorie gier online, co czyni j\u0105 jedn\u0105 z najwi\u0119kszych marek w bran\u017cy.<\/p>\n<p><a class=\"thirstylink\" title=\"888 casino en\" href=\"https:\/\/gambling6.com\/go\/888-casino-en\/\" target=\"_blank\" rel=\"nofollow noopener\"><strong>Kliknij tutaj, aby odwiedzi\u0107 kasyno 888<\/strong> <\/a>&#8211; za\u0142\u00f3\u017c darmowe konto gracza, a nast\u0119pnie pobierz aplikacj\u0119 mobiln\u0105.<\/p>\n<p>Niedawno 888 zmieni\u0142o swoj\u0105 platform\u0119 mobiln\u0105 na wersj\u0119 HTML5, aby by\u0142a znacznie wygodniejsza dla graczy. Zasadniczo strumieniowanie audio i wideo operatora b\u0119dzie teraz oparte na HTML5, co pozwoli u\u017cytkownikom \u015bledzi\u0107 akcj\u0119 na wybranym urz\u0105dzeniu bez potrzeby instalowania wtyczki Flash. Otwiera to r\u00f3wnie\u017c nowe mo\u017cliwo\u015bci, poniewa\u017c u\u017cytkownicy mog\u0105 teraz obstawia\u0107 zak\u0142ady, jednocze\u015bnie otrzymuj\u0105c dane w czasie rzeczywistym. Wersja HTML5 zapewnia r\u00f3wnie\u017c lepsze wra\u017cenia u\u017cytkownika. Potrafi wykry\u0107 rozmiar ekranu urz\u0105dzenia, mo\u017cliwo\u015bci systemu i dost\u0119pne po\u0142\u0105czenia.<\/p>\n<p>Oznacza to konieczno\u015b\u0107 podj\u0119cia niezb\u0119dnych \u015brodk\u00f3w ostro\u017cno\u015bci, aby zapewni\u0107 p\u0142ynne dzia\u0142anie, takich jak obni\u017cenie jako\u015bci lub oczekiwanie przed rozpocz\u0119ciem odtwarzania wideo w celu oszcz\u0119dzania przepustowo\u015bci. Serwisy z recenzjami gier hazardowych znacznie u\u0142atwiaj\u0105 znalezienie wiarygodnego kasyna online, grupuj\u0105c witryny w r\u00f3\u017cne kategorie w oparciu o ich mocne strony. Niekt\u00f3re witryny koncentruj\u0105 si\u0119 na swojej ofercie mobilnej, a ameryka\u0144skie kasyna online s\u0105 zawsze doskona\u0142ym tematem do dyskusji.<\/p>\n<h2>Aplikacje natywne<\/h2>\n<p>Aplikacje natywne wymagaj\u0105 pobrania i instalacji, co oznacza, \u017ce \u200b\u200bmusz\u0105 istnie\u0107 r\u00f3\u017cne wersje obs\u0142uguj\u0105ce r\u00f3\u017cne dost\u0119pne obecnie mobilne systemy operacyjne. Chocia\u017c s\u0105 one bardzo popularne w\u015br\u00f3d kasyn online, trac\u0105 one na znaczeniu na rzecz HTML5. Istnieje wiele powod\u00f3w, dla kt\u00f3rych tak si\u0119 dzieje, a g\u0142\u00f3wnym z nich jest to, \u017ce jedna wersja HTML5 mo\u017ce pasowa\u0107 do wszystkich urz\u0105dze\u0144 mobilnych i samodzielnie wprowadza\u0107 niezb\u0119dne zmiany. Nale\u017cy zauwa\u017cy\u0107, \u017ce, jak wspomniano powy\u017cej, 888 nie zrezygnuje z aplikacji natywnych ani nie przestanie korzysta\u0107 z technologii HTML4.<\/p>\n<p>To doskona\u0142y przyk\u0142ad r\u00f3wnie\u017c dla innych operator\u00f3w, poniewa\u017c przej\u015bcie na HTML5 z dnia na dzie\u0144 i porzucenie poprzednich opcji oznacza\u0142oby, \u017ce niekt\u00f3rzy u\u017cytkownicy nie b\u0119d\u0105 ju\u017c mieli dost\u0119pu do ofert. Nie wszyscy gracze dysponuj\u0105 technologi\u0105 niezb\u0119dn\u0105 do idealnego uruchomienia oprogramowania nowej generacji, wi\u0119c chocia\u017c jest to dobry krok na drodze do lepszego hazardu mobilnego, nie powinien on negatywnie wp\u0142yn\u0105\u0107 na obecnych klient\u00f3w. Aplikacje natywne nadal stanowi\u0105 doskona\u0142y spos\u00f3b na korzystanie z gier kasynowych online na r\u00f3\u017cnych urz\u0105dzeniach mobilnych. Ca\u0142y proces wdro\u017cenia zazwyczaj nie zajmuje du\u017co czasu, wi\u0119c chocia\u017c HTML5 b\u0119dzie kolejnym du\u017cym krokiem dla wszystkich operator\u00f3w, dost\u0119pne obecnie oferty r\u00f3wnie\u017c s\u0105 ca\u0142kiem atrakcyjne.<\/p>\n","protected":false},"excerpt":{"rendered":"<p>Hazard online na urz\u0105dzeniach mobilnych HTML5 kontra aplikacje natywne \u2013 wyb\u00f3r nale\u017cy do Ciebie! Przegl\u0105daj\u0105c dobry katalog gier hazardowych, \u0142atwo zauwa\u017cy\u0107, \u017ce istnieje wiele \u015bwietnych opcji dla graczy, kt\u00f3rzy chc\u0105 cieszy\u0107 si\u0119 swoimi ulubionymi opcjami przez internet. R\u00f3\u017cne strony oferuj\u0105 bezpieczne gry hazardowe online w niemal ka\u017cdej kategorii, a poker, kasyno i zak\u0142ady sportowe zazwyczaj [&hellip;]<\/p>\n","protected":false},"author":1,"featured_media":8569,"parent":8320,"menu_order":40,"comment_status":"closed","ping_status":"closed","template":"","meta":{"footnotes":""},"class_list":["post-8584","page","type-page","status-publish","has-post-thumbnail","hentry"],"yoast_head":"<!-- This site is optimized with the Yoast SEO plugin v27.4 - https:\/\/yoast.com\/product\/yoast-seo-wordpress\/ -->\n<title>Hazard online na urz\u0105dzeniach mobilnych<\/title>\n<meta name=\"description\" content=\"Gry hazardowe na urz\u0105dzeniach mobilnych ciesz\u0105 si\u0119 coraz wi\u0119ksz\u0105 popularno\u015bci\u0105, a aplikacje zyskuj\u0105 lepsz\u0105 grafik\u0119 i wi\u0119cej funkcji.\" \/>\n<meta name=\"robots\" content=\"index, follow, max-snippet:-1, max-image-preview:large, max-video-preview:-1\" \/>\n<link rel=\"canonical\" href=\"https:\/\/gambling6.com\/pl\/kasyno\/przejscie-na-urzadzenia-mobilne-hazard-w-podrozy\/\" \/>\n<meta property=\"og:locale\" content=\"pl_PL\" \/>\n<meta property=\"og:type\" content=\"article\" \/>\n<meta property=\"og:title\" content=\"Hazard online na urz\u0105dzeniach mobilnych\" \/>\n<meta property=\"og:description\" content=\"Gry hazardowe na urz\u0105dzeniach mobilnych ciesz\u0105 si\u0119 coraz wi\u0119ksz\u0105 popularno\u015bci\u0105, a aplikacje zyskuj\u0105 lepsz\u0105 grafik\u0119 i wi\u0119cej funkcji.\" \/>\n<meta property=\"og:url\" content=\"https:\/\/gambling6.com\/pl\/kasyno\/przejscie-na-urzadzenia-mobilne-hazard-w-podrozy\/\" \/>\n<meta property=\"og:site_name\" content=\"Gambling6\" \/>\n<meta property=\"article:modified_time\" content=\"2025-11-12T09:24:52+00:00\" \/>\n<meta property=\"og:image\" content=\"https:\/\/gambling6.com\/wp-content\/uploads\/2013\/12\/mobile-gambling-150x150.jpg\" \/>\n\t<meta property=\"og:image:width\" content=\"150\" \/>\n\t<meta property=\"og:image:height\" content=\"150\" \/>\n\t<meta property=\"og:image:type\" content=\"image\/jpeg\" \/>\n<meta name=\"twitter:card\" content=\"summary_large_image\" \/>\n<meta name=\"twitter:label1\" content=\"Szacowany czas czytania\" \/>\n\t<meta name=\"twitter:data1\" content=\"4 minuty\" \/>\n<script type=\"application\/ld+json\" class=\"yoast-schema-graph\">{\"@context\":\"https:\\\/\\\/schema.org\",\"@graph\":[{\"@type\":\"WebPage\",\"@id\":\"https:\\\/\\\/gambling6.com\\\/pl\\\/kasyno\\\/przejscie-na-urzadzenia-mobilne-hazard-w-podrozy\\\/\",\"url\":\"https:\\\/\\\/gambling6.com\\\/pl\\\/kasyno\\\/przejscie-na-urzadzenia-mobilne-hazard-w-podrozy\\\/\",\"name\":\"Hazard online na urz\u0105dzeniach mobilnych\",\"isPartOf\":{\"@id\":\"https:\\\/\\\/gambling6.com\\\/pl\\\/#website\"},\"primaryImageOfPage\":{\"@id\":\"https:\\\/\\\/gambling6.com\\\/pl\\\/kasyno\\\/przejscie-na-urzadzenia-mobilne-hazard-w-podrozy\\\/#primaryimage\"},\"image\":{\"@id\":\"https:\\\/\\\/gambling6.com\\\/pl\\\/kasyno\\\/przejscie-na-urzadzenia-mobilne-hazard-w-podrozy\\\/#primaryimage\"},\"thumbnailUrl\":\"https:\\\/\\\/gambling6.com\\\/wp-content\\\/uploads\\\/2013\\\/12\\\/mobile-gambling-150x150.jpg\",\"datePublished\":\"2025-11-07T20:45:57+00:00\",\"dateModified\":\"2025-11-12T09:24:52+00:00\",\"description\":\"Gry hazardowe na urz\u0105dzeniach mobilnych ciesz\u0105 si\u0119 coraz wi\u0119ksz\u0105 popularno\u015bci\u0105, a aplikacje zyskuj\u0105 lepsz\u0105 grafik\u0119 i wi\u0119cej funkcji.\",\"breadcrumb\":{\"@id\":\"https:\\\/\\\/gambling6.com\\\/pl\\\/kasyno\\\/przejscie-na-urzadzenia-mobilne-hazard-w-podrozy\\\/#breadcrumb\"},\"inLanguage\":\"pl-PL\",\"potentialAction\":[{\"@type\":\"ReadAction\",\"target\":[\"https:\\\/\\\/gambling6.com\\\/pl\\\/kasyno\\\/przejscie-na-urzadzenia-mobilne-hazard-w-podrozy\\\/\"]}]},{\"@type\":\"ImageObject\",\"inLanguage\":\"pl-PL\",\"@id\":\"https:\\\/\\\/gambling6.com\\\/pl\\\/kasyno\\\/przejscie-na-urzadzenia-mobilne-hazard-w-podrozy\\\/#primaryimage\",\"url\":\"https:\\\/\\\/gambling6.com\\\/wp-content\\\/uploads\\\/2013\\\/12\\\/mobile-gambling-150x150.jpg\",\"contentUrl\":\"https:\\\/\\\/gambling6.com\\\/wp-content\\\/uploads\\\/2013\\\/12\\\/mobile-gambling-150x150.jpg\",\"width\":150,\"height\":150,\"caption\":\"online slotmachine\"},{\"@type\":\"BreadcrumbList\",\"@id\":\"https:\\\/\\\/gambling6.com\\\/pl\\\/kasyno\\\/przejscie-na-urzadzenia-mobilne-hazard-w-podrozy\\\/#breadcrumb\",\"itemListElement\":[{\"@type\":\"ListItem\",\"position\":1,\"name\":\"Home\",\"item\":\"https:\\\/\\\/gambling6.com\\\/pl\\\/home\\\/\"},{\"@type\":\"ListItem\",\"position\":2,\"name\":\"Kasyno\",\"item\":\"https:\\\/\\\/gambling6.com\\\/pl\\\/get-started-with-online-gambling\\\/\"},{\"@type\":\"ListItem\",\"position\":3,\"name\":\"Przej\u015bcie na urz\u0105dzenia mobilne \u2013 hazard w podr\u00f3\u017cy\"}]},{\"@type\":\"WebSite\",\"@id\":\"https:\\\/\\\/gambling6.com\\\/pl\\\/#website\",\"url\":\"https:\\\/\\\/gambling6.com\\\/pl\\\/\",\"name\":\"Gambling6\",\"description\":\"\",\"potentialAction\":[{\"@type\":\"SearchAction\",\"target\":{\"@type\":\"EntryPoint\",\"urlTemplate\":\"https:\\\/\\\/gambling6.com\\\/pl\\\/?s={search_term_string}\"},\"query-input\":{\"@type\":\"PropertyValueSpecification\",\"valueRequired\":true,\"valueName\":\"search_term_string\"}}],\"inLanguage\":\"pl-PL\"}]}<\/script>\n<!-- \/ Yoast SEO plugin. -->","yoast_head_json":{"title":"Hazard online na urz\u0105dzeniach mobilnych","description":"Gry hazardowe na urz\u0105dzeniach mobilnych ciesz\u0105 si\u0119 coraz wi\u0119ksz\u0105 popularno\u015bci\u0105, a aplikacje zyskuj\u0105 lepsz\u0105 grafik\u0119 i wi\u0119cej funkcji.","robots":{"index":"index","follow":"follow","max-snippet":"max-snippet:-1","max-image-preview":"max-image-preview:large","max-video-preview":"max-video-preview:-1"},"canonical":"https:\/\/gambling6.com\/pl\/kasyno\/przejscie-na-urzadzenia-mobilne-hazard-w-podrozy\/","og_locale":"pl_PL","og_type":"article","og_title":"Hazard online na urz\u0105dzeniach mobilnych","og_description":"Gry hazardowe na urz\u0105dzeniach mobilnych ciesz\u0105 si\u0119 coraz wi\u0119ksz\u0105 popularno\u015bci\u0105, a aplikacje zyskuj\u0105 lepsz\u0105 grafik\u0119 i wi\u0119cej funkcji.","og_url":"https:\/\/gambling6.com\/pl\/kasyno\/przejscie-na-urzadzenia-mobilne-hazard-w-podrozy\/","og_site_name":"Gambling6","article_modified_time":"2025-11-12T09:24:52+00:00","og_image":[{"width":150,"height":150,"url":"https:\/\/gambling6.com\/wp-content\/uploads\/2013\/12\/mobile-gambling-150x150.jpg","type":"image\/jpeg"}],"twitter_card":"summary_large_image","twitter_misc":{"Szacowany czas czytania":"4 minuty"},"schema":{"@context":"https:\/\/schema.org","@graph":[{"@type":"WebPage","@id":"https:\/\/gambling6.com\/pl\/kasyno\/przejscie-na-urzadzenia-mobilne-hazard-w-podrozy\/","url":"https:\/\/gambling6.com\/pl\/kasyno\/przejscie-na-urzadzenia-mobilne-hazard-w-podrozy\/","name":"Hazard online na urz\u0105dzeniach mobilnych","isPartOf":{"@id":"https:\/\/gambling6.com\/pl\/#website"},"primaryImageOfPage":{"@id":"https:\/\/gambling6.com\/pl\/kasyno\/przejscie-na-urzadzenia-mobilne-hazard-w-podrozy\/#primaryimage"},"image":{"@id":"https:\/\/gambling6.com\/pl\/kasyno\/przejscie-na-urzadzenia-mobilne-hazard-w-podrozy\/#primaryimage"},"thumbnailUrl":"https:\/\/gambling6.com\/wp-content\/uploads\/2013\/12\/mobile-gambling-150x150.jpg","datePublished":"2025-11-07T20:45:57+00:00","dateModified":"2025-11-12T09:24:52+00:00","description":"Gry hazardowe na urz\u0105dzeniach mobilnych ciesz\u0105 si\u0119 coraz wi\u0119ksz\u0105 popularno\u015bci\u0105, a aplikacje zyskuj\u0105 lepsz\u0105 grafik\u0119 i wi\u0119cej funkcji.","breadcrumb":{"@id":"https:\/\/gambling6.com\/pl\/kasyno\/przejscie-na-urzadzenia-mobilne-hazard-w-podrozy\/#breadcrumb"},"inLanguage":"pl-PL","potentialAction":[{"@type":"ReadAction","target":["https:\/\/gambling6.com\/pl\/kasyno\/przejscie-na-urzadzenia-mobilne-hazard-w-podrozy\/"]}]},{"@type":"ImageObject","inLanguage":"pl-PL","@id":"https:\/\/gambling6.com\/pl\/kasyno\/przejscie-na-urzadzenia-mobilne-hazard-w-podrozy\/#primaryimage","url":"https:\/\/gambling6.com\/wp-content\/uploads\/2013\/12\/mobile-gambling-150x150.jpg","contentUrl":"https:\/\/gambling6.com\/wp-content\/uploads\/2013\/12\/mobile-gambling-150x150.jpg","width":150,"height":150,"caption":"online slotmachine"},{"@type":"BreadcrumbList","@id":"https:\/\/gambling6.com\/pl\/kasyno\/przejscie-na-urzadzenia-mobilne-hazard-w-podrozy\/#breadcrumb","itemListElement":[{"@type":"ListItem","position":1,"name":"Home","item":"https:\/\/gambling6.com\/pl\/home\/"},{"@type":"ListItem","position":2,"name":"Kasyno","item":"https:\/\/gambling6.com\/pl\/get-started-with-online-gambling\/"},{"@type":"ListItem","position":3,"name":"Przej\u015bcie na urz\u0105dzenia mobilne \u2013 hazard w podr\u00f3\u017cy"}]},{"@type":"WebSite","@id":"https:\/\/gambling6.com\/pl\/#website","url":"https:\/\/gambling6.com\/pl\/","name":"Gambling6","description":"","potentialAction":[{"@type":"SearchAction","target":{"@type":"EntryPoint","urlTemplate":"https:\/\/gambling6.com\/pl\/?s={search_term_string}"},"query-input":{"@type":"PropertyValueSpecification","valueRequired":true,"valueName":"search_term_string"}}],"inLanguage":"pl-PL"}]}},"_links":{"self":[{"href":"https:\/\/gambling6.com\/pl\/wp-json\/wp\/v2\/pages\/8584","targetHints":{"allow":["GET"]}}],"collection":[{"href":"https:\/\/gambling6.com\/pl\/wp-json\/wp\/v2\/pages"}],"about":[{"href":"https:\/\/gambling6.com\/pl\/wp-json\/wp\/v2\/types\/page"}],"author":[{"embeddable":true,"href":"https:\/\/gambling6.com\/pl\/wp-json\/wp\/v2\/users\/1"}],"replies":[{"embeddable":true,"href":"https:\/\/gambling6.com\/pl\/wp-json\/wp\/v2\/comments?post=8584"}],"version-history":[{"count":1,"href":"https:\/\/gambling6.com\/pl\/wp-json\/wp\/v2\/pages\/8584\/revisions"}],"predecessor-version":[{"id":10467,"href":"https:\/\/gambling6.com\/pl\/wp-json\/wp\/v2\/pages\/8584\/revisions\/10467"}],"up":[{"embeddable":true,"href":"https:\/\/gambling6.com\/pl\/wp-json\/wp\/v2\/pages\/8320"}],"wp:featuredmedia":[{"embeddable":true,"href":"https:\/\/gambling6.com\/pl\/wp-json\/wp\/v2\/media\/8569"}],"wp:attachment":[{"href":"https:\/\/gambling6.com\/pl\/wp-json\/wp\/v2\/media?parent=8584"}],"curies":[{"name":"wp","href":"https:\/\/api.w.org\/{rel}","templated":true}]}}