{"id":8643,"date":"2025-11-07T22:01:55","date_gmt":"2025-11-07T22:01:55","guid":{"rendered":"https:\/\/gambling6.com\/gra-w-europejskich-serwisach-pokerowych\/"},"modified":"2025-11-15T08:03:42","modified_gmt":"2025-11-15T08:03:42","slug":"gra-w-europejskich-serwisach-pokerowych","status":"publish","type":"page","link":"https:\/\/gambling6.com\/pl\/poker\/gra-w-europejskich-serwisach-pokerowych\/","title":{"rendered":"Gra w europejskich serwisach pokerowych"},"content":{"rendered":"<h2>Europejskie strony r\u00f3wnie\u017c oferuj\u0105 pokera.<\/h2>\n<p>W ci\u0105gu ostatnich kilku lat popularno\u015b\u0107 pokera osi\u0105gn\u0119\u0142a nowy poziom. Kraje europejskie stanowi\u0105 znacz\u0105cy rynek dla stron z pokerem online, a represje ameryka\u0144skiego rz\u0105du wobec hazardu online zmusi\u0142y operator\u00f3w do skoncentrowania si\u0119 na rynku europejskim w du\u017cym stopniu. Chocia\u017c poker na \u017cywo jest pasj\u0105 Europejczyk\u00f3w, poker online szybko dogania graczy obeznanych z internetem. Kraje takie jak Wielka Brytania, Austria i Niemcy organizuj\u0105 nawet mi\u0119dzynarodowe trasy i turnieje pokerowe.<\/p>\n<p><img loading=\"lazy\" decoding=\"async\" class=\"size-full wp-image-3075 alignright\" src=\"https:\/\/gambling6.com\/wp-content\/uploads\/2022\/04\/poker_bonusode_test_bericht.png\" alt=\"europejskie strony pokerowe\" width=\"246\" height=\"200\" \/>Kontynent europejski obejmuje kilka kraj\u00f3w cz\u0142onkowskich Unii Europejskiej (UE). Poker online jest postrzegany pozytywnie w ca\u0142ej Unii Europejskiej \u2013 w rzeczywisto\u015bci strony oferuj\u0105ce pokera online nie zosta\u0142y obj\u0119te zakazem dzia\u0142alno\u015bci na rynkach europejskich. Jednak ka\u017cdy kraj cz\u0142onkowski egzekwuje w\u0142asne przepisy dotycz\u0105ce hazardu online. W zwi\u0105zku z tym wyja\u015bnienie legalno\u015bci pokera online w Europie jest do\u015b\u0107 skomplikowane. Wszystkie kraje cz\u0142onkowskie Unii Europejskiej musz\u0105 akceptowa\u0107 us\u0142ugi innych kraj\u00f3w cz\u0142onkowskich, ale ka\u017cdy kraj ma swobod\u0119 decydowania o legalno\u015bci hazardu online.<\/p>\n<p>W zwi\u0105zku z tym niekt\u00f3re pa\u0144stwa cz\u0142onkowskie UE zakaza\u0142y hazardu online, niekt\u00f3re go zalegalizowa\u0142y, a inne przyj\u0119\u0142y niejednoznaczne podej\u015bcie. Chocia\u017c hazard online jest dozwolony, europejscy gracze w pokera online powinni zachowa\u0107 ostro\u017cno\u015b\u0107 \u2013 zaleca si\u0119 sprawdzenie lokalnych przepis\u00f3w dotycz\u0105cych hazardu online przed podj\u0119ciem decyzji o grze. Chocia\u017c strony oferuj\u0105ce pokera online s\u0105 opodatkowane i regulowane przez Uni\u0119 Europejsk\u0105, istniej\u0105 r\u00f3\u017cnice w przepisach poszczeg\u00f3lnych pa\u0144stw cz\u0142onkowskich dotycz\u0105cych hazardu online.<\/p>\n<h2>Najlepsza strona z pokerem online dla graczy z Europy<\/h2>\n<p>Europejscy gracze w pokera online maj\u0105 znacznie szerszy wyb\u00f3r stron pokerowych ni\u017c gracze z USA. Stron\u0105, kt\u00f3ra wyr\u00f3\u017cnia si\u0119 na tle konkurencji, jest 888 Poker.<\/p>\n<p><span style=\"background-color: transparent;\"><strong>888 Poker<\/strong> to marka powszechnie znana w\u015br\u00f3d europejskich stron pokerowych. Oferuj\u0105 nawet nowym graczom <span style=\"font-size: medium;\"><strong>darmowy bankroll w wysoko\u015bci 20 \u20ac \u2014 ca\u0142kowicie bez ryzyka na pocz\u0105tek gry w pokera na prawdziwe pieni\u0105dze<\/strong><\/span>! Dodatkowo, przy kolejnym depozycie przys\u0142uguje Ci dodatkowy bonus w wysoko\u015bci 300 \u20ac. <\/span><a class=\"thirstylink\" title=\"888 poker en\" href=\"https:\/\/gambling6.com\/go\/888-poker-en\/\" target=\"_blank\" rel=\"nofollow noopener\"><strong>Kliknij tutaj, aby zarejestrowa\u0107 si\u0119 w 888 i zacz\u0105\u0107 gra\u0107 za darmo z 20 \u20ac prawdziwych pieni\u0119dzy.<\/strong><\/a><br \/>\n<a href=\"https:\/\/ic.aff-handler.com\/C\/46138?sr=1073333&amp;anid=\" rel=\"nofollow\"><img loading=\"lazy\" decoding=\"async\" class=\"aligncenter\" src=\"https:\/\/ic.aff-handler.com\/I\/46138?sr=1073333&amp;anid=\" width=\"530\" height=\"68\" \/><\/a><\/p>\n<p>Na przyk\u0142ad Wielka Brytania zezwala swoim obywatelom na gr\u0119 online, a tak\u017ce zezwala na dzia\u0142alno\u015b\u0107 zagranicznych serwis\u00f3w hazardowych w kraju. Holandia zezwala rezydentom na gr\u0119 wy\u0142\u0105cznie na stronach pokerowych online z holendersk\u0105 licencj\u0105. Kraje Europy Wschodniej z kolei nie by\u0142y zaanga\u017cowane w wy\u015bcig hazardu online, ale ostatnio, dzi\u0119ki \u0142atwemu dost\u0119powi do internetu, r\u00f3wnie\u017c do niego do\u0142\u0105czy\u0142y. Niedawno UE przedstawi\u0142a propozycj\u0119 wprowadzenia jednolitego systemu regulacji hazardu online we wszystkich pa\u0144stwach cz\u0142onkowskich. Pomog\u0142oby to ujednolici\u0107 proces licencjonowania w ca\u0142ej Europie i go upro\u015bci\u0107.<\/p>\n<p>Je\u015bli chodzi o graczy na europejskich stronach pokerowych, obowi\u0105zuj\u0105 ich wy\u0142\u0105cznie przepisy podatkowe. Gracze s\u0105 opodatkowani przez swoje kraje i UE, gdy wp\u0142acaj\u0105 depozyt na stron\u0119 pokerow\u0105 online z siedzib\u0105 za granic\u0105. W r\u00f3\u017cnych krajach Europy m\u00f3wi si\u0119 innymi j\u0119zykami. Europejskie strony pokerowe zazwyczaj obs\u0142uguj\u0105 swoich klient\u00f3w w j\u0119zyku lokalnym. Jednak niekt\u00f3re z najwi\u0119kszych stron pokerowych oferuj\u0105 obecnie swoje strony w r\u00f3\u017cnych j\u0119zykach, poniewa\u017c ich oprogramowanie pokerowe obs\u0142uguje wiele j\u0119zyk\u00f3w.<\/p>\n<p>Obs\u0142uga klienta jest r\u00f3wnie\u017c dost\u0119pna w r\u00f3\u017cnych j\u0119zykach. Opr\u00f3cz angielskiego strona pokerowa mo\u017ce oferowa\u0107 francuski, hiszpa\u0144ski, niemiecki, holenderski, du\u0144ski, w\u0142oski, norweski, portugalski itd. Podobnie jak w przypadku j\u0119zyk\u00f3w, europejskie strony pokerowe akceptuj\u0105 r\u00f3\u017cne waluty. Chocia\u017c g\u0142\u00f3wnymi walutami s\u0105 dolary ameryka\u0144skie i funty brytyjskie, euro jest wsp\u00f3ln\u0105 walut\u0105 w UE. Gracze w pokera z Europy preferuj\u0105 korzystanie z euro lub funta brytyjskiego podczas dokonywania wp\u0142at na stronach pokerowych online.<\/p>\n<p>Europejskie strony pokerowe zazwyczaj oferuj\u0105 kilka opcji wp\u0142at i wyp\u0142at, dostosowanych do potrzeb klient\u00f3w z r\u00f3\u017cnych kraj\u00f3w Unii Europejskiej. Standardowe metody p\u0142atno\u015bci w serwisach pokerowych online obejmuj\u0105 karty debetowe, karty kredytowe, portfele elektroniczne, przelewy bankowe, przelewy bankowe i czeki elektroniczne. Naj\u0142atwiejsz\u0105 i najpopularniejsz\u0105 metod\u0105 zasilania konta pokerowego online jest karta kredytowa. Jednak niekt\u00f3rzy wystawcy kart kredytowych mog\u0105 nie akceptowa\u0107 transakcji zwi\u0105zanych z hazardem online, dlatego najlepiej sprawdzi\u0107 t\u0119 metod\u0119 przed wyborem.<\/p>\n<p>Wielu graczy w pokera uwa\u017ca, \u017ce \u200b\u200bzasilanie swoich kont pokerowych online za pomoc\u0105 portfeli elektronicznych jest wygodne. Gracze mog\u0105 za\u0142o\u017cy\u0107 konto w dowolnym serwisie oferuj\u0105cym portfele elektroniczne i zasili\u0107 je za po\u015brednictwem swojego banku.Konto e-mail mo\u017cna z kolei wykorzysta\u0107 do wp\u0142at na konto pokerowe. Popularne portfele elektroniczne oferowane przez europejskie firmy to mi\u0119dzy innymi Neteller, Moneybookers i e-WalletXpress. Gracz mo\u017ce wybiera\u0107 spo\u015br\u00f3d wielu innych portfeli elektronicznych, w zale\u017cno\u015bci od ich potrzeb.<\/p>\n","protected":false},"excerpt":{"rendered":"<p>Europejskie strony r\u00f3wnie\u017c oferuj\u0105 pokera. W ci\u0105gu ostatnich kilku lat popularno\u015b\u0107 pokera osi\u0105gn\u0119\u0142a nowy poziom. Kraje europejskie stanowi\u0105 znacz\u0105cy rynek dla stron z pokerem online, a represje ameryka\u0144skiego rz\u0105du wobec hazardu online zmusi\u0142y operator\u00f3w do skoncentrowania si\u0119 na rynku europejskim w du\u017cym stopniu. Chocia\u017c poker na \u017cywo jest pasj\u0105 Europejczyk\u00f3w, poker online szybko dogania graczy [&hellip;]<\/p>\n","protected":false},"author":1,"featured_media":0,"parent":8806,"menu_order":22,"comment_status":"closed","ping_status":"closed","template":"","meta":{"footnotes":""},"class_list":["post-8643","page","type-page","status-publish","hentry"],"yoast_head":"<!-- This site is optimized with the Yoast SEO plugin v27.4 - https:\/\/yoast.com\/product\/yoast-seo-wordpress\/ -->\n<title>Najlepsze europejskie strony pokerowe<\/title>\n<meta name=\"description\" content=\"Europejscy gracze w pokera maj\u0105 do wyboru wiele stron \u2013 oto nasze ulubione europejskie pokoje pokerowe\" \/>\n<meta name=\"robots\" content=\"index, follow, max-snippet:-1, max-image-preview:large, max-video-preview:-1\" \/>\n<link rel=\"canonical\" href=\"https:\/\/gambling6.com\/pl\/poker\/gra-w-europejskich-serwisach-pokerowych\/\" \/>\n<meta property=\"og:locale\" content=\"pl_PL\" \/>\n<meta property=\"og:type\" content=\"article\" \/>\n<meta property=\"og:title\" content=\"Najlepsze europejskie strony pokerowe\" \/>\n<meta property=\"og:description\" content=\"Europejscy gracze w pokera maj\u0105 do wyboru wiele stron \u2013 oto nasze ulubione europejskie pokoje pokerowe\" \/>\n<meta property=\"og:url\" content=\"https:\/\/gambling6.com\/pl\/poker\/gra-w-europejskich-serwisach-pokerowych\/\" \/>\n<meta property=\"og:site_name\" content=\"Gambling6\" \/>\n<meta property=\"article:modified_time\" content=\"2025-11-15T08:03:42+00:00\" \/>\n<meta property=\"og:image\" content=\"https:\/\/gambling6.com\/wp-content\/uploads\/2022\/04\/poker_bonusode_test_bericht.png\" \/>\n\t<meta property=\"og:image:width\" content=\"246\" \/>\n\t<meta property=\"og:image:height\" content=\"200\" \/>\n\t<meta property=\"og:image:type\" content=\"image\/png\" \/>\n<meta name=\"twitter:card\" content=\"summary_large_image\" \/>\n<meta name=\"twitter:label1\" content=\"Szacowany czas czytania\" \/>\n\t<meta name=\"twitter:data1\" content=\"4 minuty\" \/>\n<script type=\"application\/ld+json\" class=\"yoast-schema-graph\">{\"@context\":\"https:\\\/\\\/schema.org\",\"@graph\":[{\"@type\":\"WebPage\",\"@id\":\"https:\\\/\\\/gambling6.com\\\/pl\\\/poker\\\/gra-w-europejskich-serwisach-pokerowych\\\/\",\"url\":\"https:\\\/\\\/gambling6.com\\\/pl\\\/poker\\\/gra-w-europejskich-serwisach-pokerowych\\\/\",\"name\":\"Najlepsze europejskie strony pokerowe\",\"isPartOf\":{\"@id\":\"https:\\\/\\\/gambling6.com\\\/pl\\\/#website\"},\"primaryImageOfPage\":{\"@id\":\"https:\\\/\\\/gambling6.com\\\/pl\\\/poker\\\/gra-w-europejskich-serwisach-pokerowych\\\/#primaryimage\"},\"image\":{\"@id\":\"https:\\\/\\\/gambling6.com\\\/pl\\\/poker\\\/gra-w-europejskich-serwisach-pokerowych\\\/#primaryimage\"},\"thumbnailUrl\":\"https:\\\/\\\/gambling6.com\\\/wp-content\\\/uploads\\\/2022\\\/04\\\/poker_bonusode_test_bericht.png\",\"datePublished\":\"2025-11-07T22:01:55+00:00\",\"dateModified\":\"2025-11-15T08:03:42+00:00\",\"description\":\"Europejscy gracze w pokera maj\u0105 do wyboru wiele stron \u2013 oto nasze ulubione europejskie pokoje pokerowe\",\"breadcrumb\":{\"@id\":\"https:\\\/\\\/gambling6.com\\\/pl\\\/poker\\\/gra-w-europejskich-serwisach-pokerowych\\\/#breadcrumb\"},\"inLanguage\":\"pl-PL\",\"potentialAction\":[{\"@type\":\"ReadAction\",\"target\":[\"https:\\\/\\\/gambling6.com\\\/pl\\\/poker\\\/gra-w-europejskich-serwisach-pokerowych\\\/\"]}]},{\"@type\":\"ImageObject\",\"inLanguage\":\"pl-PL\",\"@id\":\"https:\\\/\\\/gambling6.com\\\/pl\\\/poker\\\/gra-w-europejskich-serwisach-pokerowych\\\/#primaryimage\",\"url\":\"https:\\\/\\\/gambling6.com\\\/wp-content\\\/uploads\\\/2022\\\/04\\\/poker_bonusode_test_bericht.png\",\"contentUrl\":\"https:\\\/\\\/gambling6.com\\\/wp-content\\\/uploads\\\/2022\\\/04\\\/poker_bonusode_test_bericht.png\"},{\"@type\":\"BreadcrumbList\",\"@id\":\"https:\\\/\\\/gambling6.com\\\/pl\\\/poker\\\/gra-w-europejskich-serwisach-pokerowych\\\/#breadcrumb\",\"itemListElement\":[{\"@type\":\"ListItem\",\"position\":1,\"name\":\"Home\",\"item\":\"https:\\\/\\\/gambling6.com\\\/pl\\\/home\\\/\"},{\"@type\":\"ListItem\",\"position\":2,\"name\":\"Poker\",\"item\":\"https:\\\/\\\/gambling6.com\\\/pl\\\/poker\\\/\"},{\"@type\":\"ListItem\",\"position\":3,\"name\":\"Gra w europejskich serwisach pokerowych\"}]},{\"@type\":\"WebSite\",\"@id\":\"https:\\\/\\\/gambling6.com\\\/pl\\\/#website\",\"url\":\"https:\\\/\\\/gambling6.com\\\/pl\\\/\",\"name\":\"Gambling6\",\"description\":\"\",\"potentialAction\":[{\"@type\":\"SearchAction\",\"target\":{\"@type\":\"EntryPoint\",\"urlTemplate\":\"https:\\\/\\\/gambling6.com\\\/pl\\\/?s={search_term_string}\"},\"query-input\":{\"@type\":\"PropertyValueSpecification\",\"valueRequired\":true,\"valueName\":\"search_term_string\"}}],\"inLanguage\":\"pl-PL\"}]}<\/script>\n<!-- \/ Yoast SEO plugin. -->","yoast_head_json":{"title":"Najlepsze europejskie strony pokerowe","description":"Europejscy gracze w pokera maj\u0105 do wyboru wiele stron \u2013 oto nasze ulubione europejskie pokoje pokerowe","robots":{"index":"index","follow":"follow","max-snippet":"max-snippet:-1","max-image-preview":"max-image-preview:large","max-video-preview":"max-video-preview:-1"},"canonical":"https:\/\/gambling6.com\/pl\/poker\/gra-w-europejskich-serwisach-pokerowych\/","og_locale":"pl_PL","og_type":"article","og_title":"Najlepsze europejskie strony pokerowe","og_description":"Europejscy gracze w pokera maj\u0105 do wyboru wiele stron \u2013 oto nasze ulubione europejskie pokoje pokerowe","og_url":"https:\/\/gambling6.com\/pl\/poker\/gra-w-europejskich-serwisach-pokerowych\/","og_site_name":"Gambling6","article_modified_time":"2025-11-15T08:03:42+00:00","og_image":[{"width":246,"height":200,"url":"https:\/\/gambling6.com\/wp-content\/uploads\/2022\/04\/poker_bonusode_test_bericht.png","type":"image\/png"}],"twitter_card":"summary_large_image","twitter_misc":{"Szacowany czas czytania":"4 minuty"},"schema":{"@context":"https:\/\/schema.org","@graph":[{"@type":"WebPage","@id":"https:\/\/gambling6.com\/pl\/poker\/gra-w-europejskich-serwisach-pokerowych\/","url":"https:\/\/gambling6.com\/pl\/poker\/gra-w-europejskich-serwisach-pokerowych\/","name":"Najlepsze europejskie strony pokerowe","isPartOf":{"@id":"https:\/\/gambling6.com\/pl\/#website"},"primaryImageOfPage":{"@id":"https:\/\/gambling6.com\/pl\/poker\/gra-w-europejskich-serwisach-pokerowych\/#primaryimage"},"image":{"@id":"https:\/\/gambling6.com\/pl\/poker\/gra-w-europejskich-serwisach-pokerowych\/#primaryimage"},"thumbnailUrl":"https:\/\/gambling6.com\/wp-content\/uploads\/2022\/04\/poker_bonusode_test_bericht.png","datePublished":"2025-11-07T22:01:55+00:00","dateModified":"2025-11-15T08:03:42+00:00","description":"Europejscy gracze w pokera maj\u0105 do wyboru wiele stron \u2013 oto nasze ulubione europejskie pokoje pokerowe","breadcrumb":{"@id":"https:\/\/gambling6.com\/pl\/poker\/gra-w-europejskich-serwisach-pokerowych\/#breadcrumb"},"inLanguage":"pl-PL","potentialAction":[{"@type":"ReadAction","target":["https:\/\/gambling6.com\/pl\/poker\/gra-w-europejskich-serwisach-pokerowych\/"]}]},{"@type":"ImageObject","inLanguage":"pl-PL","@id":"https:\/\/gambling6.com\/pl\/poker\/gra-w-europejskich-serwisach-pokerowych\/#primaryimage","url":"https:\/\/gambling6.com\/wp-content\/uploads\/2022\/04\/poker_bonusode_test_bericht.png","contentUrl":"https:\/\/gambling6.com\/wp-content\/uploads\/2022\/04\/poker_bonusode_test_bericht.png"},{"@type":"BreadcrumbList","@id":"https:\/\/gambling6.com\/pl\/poker\/gra-w-europejskich-serwisach-pokerowych\/#breadcrumb","itemListElement":[{"@type":"ListItem","position":1,"name":"Home","item":"https:\/\/gambling6.com\/pl\/home\/"},{"@type":"ListItem","position":2,"name":"Poker","item":"https:\/\/gambling6.com\/pl\/poker\/"},{"@type":"ListItem","position":3,"name":"Gra w europejskich serwisach pokerowych"}]},{"@type":"WebSite","@id":"https:\/\/gambling6.com\/pl\/#website","url":"https:\/\/gambling6.com\/pl\/","name":"Gambling6","description":"","potentialAction":[{"@type":"SearchAction","target":{"@type":"EntryPoint","urlTemplate":"https:\/\/gambling6.com\/pl\/?s={search_term_string}"},"query-input":{"@type":"PropertyValueSpecification","valueRequired":true,"valueName":"search_term_string"}}],"inLanguage":"pl-PL"}]}},"_links":{"self":[{"href":"https:\/\/gambling6.com\/pl\/wp-json\/wp\/v2\/pages\/8643","targetHints":{"allow":["GET"]}}],"collection":[{"href":"https:\/\/gambling6.com\/pl\/wp-json\/wp\/v2\/pages"}],"about":[{"href":"https:\/\/gambling6.com\/pl\/wp-json\/wp\/v2\/types\/page"}],"author":[{"embeddable":true,"href":"https:\/\/gambling6.com\/pl\/wp-json\/wp\/v2\/users\/1"}],"replies":[{"embeddable":true,"href":"https:\/\/gambling6.com\/pl\/wp-json\/wp\/v2\/comments?post=8643"}],"version-history":[{"count":2,"href":"https:\/\/gambling6.com\/pl\/wp-json\/wp\/v2\/pages\/8643\/revisions"}],"predecessor-version":[{"id":10833,"href":"https:\/\/gambling6.com\/pl\/wp-json\/wp\/v2\/pages\/8643\/revisions\/10833"}],"up":[{"embeddable":true,"href":"https:\/\/gambling6.com\/pl\/wp-json\/wp\/v2\/pages\/8806"}],"wp:attachment":[{"href":"https:\/\/gambling6.com\/pl\/wp-json\/wp\/v2\/media?parent=8643"}],"curies":[{"name":"wp","href":"https:\/\/api.w.org\/{rel}","templated":true}]}}