{"id":8722,"date":"2025-11-07T23:14:18","date_gmt":"2025-11-07T23:14:18","guid":{"rendered":"https:\/\/gambling6.com\/zdrapki\/"},"modified":"2025-11-07T23:14:18","modified_gmt":"2025-11-07T23:14:18","slug":"zdrapki","status":"publish","type":"page","link":"https:\/\/gambling6.com\/pl\/zdrapki\/","title":{"rendered":"Zdrapki"},"content":{"rendered":"<p>Je\u015bli lubisz dreszczyk emocji zwi\u0105zany z gr\u0105 w zdrapki lub inne gry z natychmiastow\u0105 wygran\u0105, <strong>pokochasz nasz\u0105 rekomendacj\u0119 strony internetowej do gry w zdrapki online.<\/strong> W internecie istnieje wiele mo\u017cliwo\u015bci gry w zdrapki. Wszystkie te strony oferuj\u0105 bonusy za rejestracj\u0119 i szeroki wyb\u00f3r produkt\u00f3w. Mo\u017cesz si\u0119 zarejestrowa\u0107, wybra\u0107 metod\u0119 p\u0142atno\u015bci, do\u0142adowa\u0107 konto i zacz\u0105\u0107 gra\u0107 w kilka minut.<img loading=\"lazy\" decoding=\"async\" class=\" alignright wp-image-511\" style=\"margin: 10px; border: 5px solid #ffffff; float: right;\" src=\"http:\/\/gambling6.com\/wp-content\/uploads\/2013\/12\/best_online_scratchcards.jpg\" alt=\"najlepsze zdrapki online\" width=\"299\" height=\"163\" srcset=\"https:\/\/gambling6.com\/wp-content\/uploads\/2013\/12\/best_online_scratchcards.jpg 446w, https:\/\/gambling6.com\/wp-content\/uploads\/2013\/12\/best_online_scratchcards-300x163.jpg 300w\" sizes=\"auto, (max-width: 299px) 100vw, 299px\" \/><\/p>\n<h2>Strony zdrapek online oferuj\u0105 \u015bwietn\u0105 animacj\u0119<\/h2>\n<p>W przeciwie\u0144stwie do gier, w kt\u00f3re grasz na kartach z ulubionej loterii, internetowe wersje zdrapek oferuj\u0105 ekscytuj\u0105ce animacje, tworz\u0105c zabawne \u015brodowisko. Emocje zwi\u0105zane z wygran\u0105 i zastrzyk adrenaliny, kt\u00f3ry odczuwa si\u0119, widz\u0105c wygrywaj\u0105ce przedmioty na ekranie, sprawiaj\u0105, \u017ce gracze wracaj\u0105 na strony zdrapek online. Strony te doda\u0142y pomoce wizualne, aby zwi\u0119kszy\u0107 napi\u0119cie i emocje.<\/p>\n<h2>Zdrapki 888 Casino Instant Win s\u0105 przeznaczone dla graczy z Europy i Wielkiej Brytanii<\/h2>\n<p>Kasyno 888 jest znane na ca\u0142ym \u015bwiecie jako kasyno \u015bwiatowej klasy, ale jest r\u00f3wnie\u017c si\u0142\u0105, z kt\u00f3r\u0105 nale\u017cy si\u0119 liczy\u0107 w dziedzinie zdrapek online. <a class=\"thirstylink\" title=\"888 casino en\" href=\"https:\/\/gambling6.com\/go\/888-casino-en\/\" target=\"_blank\" rel=\"nofollow noopener\">Mo\u017cesz przej\u015b\u0107 do sekcji zdrapek, klikaj\u0105c tutaj.<\/a><\/p>\n<p>Co dok\u0142adnie znajdziesz w grach zdrapkowych online w kasynie 888? Co najwa\u017cniejsze, gracze pokochaj\u0105 liczb\u0119 oferowanych kart. Mo\u017cesz gra\u0107 w ponad 40 r\u00f3\u017cnych gier, a je\u015bli znudzisz si\u0119 graniem w zdrapki, mo\u017cesz szybko prze\u0142\u0105czy\u0107 si\u0119 na setki automat\u00f3w online z progresywnymi jackpotami i ofert\u0105 dla wszystkich graczy. Wiele z tych maszyn zaczyna si\u0119 od jednocentowych slot\u00f3w z fantastycznymi wyp\u0142atami.<\/p>\n<p>Ta strona oferuje szeroki wyb\u00f3r gier kasynowych, a tak\u017ce pokera i zak\u0142ady sportowe.<\/p>\n<p>Emocje zwi\u0105zane z kasynem 888 s\u0105 nap\u0119dzane przez zesp\u00f3\u0142 wsparcia, kt\u00f3ry odpowiada za tworzenie atmosfery, kt\u00f3ra sprawia, \u017ce \u200b\u200bb\u0119dziesz do niego wraca\u0107. Zawsze wymy\u015blaj\u0105 nowe sposoby, aby zapewni\u0107 Ci nowe gry i nowe sposoby na wygran\u0105, a tak\u017ce informuj\u0105 Ci\u0119 na bie\u017c\u0105co na ka\u017cdym kroku.<\/p>\n<p>Po\u0142\u0105cz ogromne jackpoty z mn\u00f3stwem tytu\u0142\u00f3w gier i dorzu\u0107 do tego \u015bwiatowej klasy zesp\u00f3\u0142, kt\u00f3ry pracuje dzie\u0144 i noc, aby zapewni\u0107 Ci nowe programy, kt\u00f3re zapewni\u0105 Ci rozrywk\u0119, a otrzymasz zachwycaj\u0105c\u0105 mieszank\u0119 zdrapek. Koniecznie we\u017a udzia\u0142 w akcji zdrapek w kasynie 888.<\/p>\n","protected":false},"excerpt":{"rendered":"<p>Je\u015bli lubisz dreszczyk emocji zwi\u0105zany z gr\u0105 w zdrapki lub inne gry z natychmiastow\u0105 wygran\u0105, pokochasz nasz\u0105 rekomendacj\u0119 strony internetowej do gry w zdrapki online. W internecie istnieje wiele mo\u017cliwo\u015bci gry w zdrapki. Wszystkie te strony oferuj\u0105 bonusy za rejestracj\u0119 i szeroki wyb\u00f3r produkt\u00f3w. Mo\u017cesz si\u0119 zarejestrowa\u0107, wybra\u0107 metod\u0119 p\u0142atno\u015bci, do\u0142adowa\u0107 konto i zacz\u0105\u0107 gra\u0107 [&hellip;]<\/p>\n","protected":false},"author":1,"featured_media":8690,"parent":0,"menu_order":7,"comment_status":"closed","ping_status":"closed","template":"","meta":{"footnotes":""},"class_list":["post-8722","page","type-page","status-publish","has-post-thumbnail","hentry"],"yoast_head":"<!-- This site is optimized with the Yoast SEO plugin v27.3 - https:\/\/yoast.com\/product\/yoast-seo-wordpress\/ -->\n<title>Kt\u00f3re strony internetowe oferuj\u0105ce zdrapki s\u0105 najlepsze?<\/title>\n<meta name=\"description\" content=\"Zacznij gra\u0107 na najlepszej stronie z zdrapkami online. Dziesi\u0105tki zdrapek dost\u0119pnych w szerokiej gamie nagr\u00f3d.\" \/>\n<meta name=\"robots\" content=\"index, follow, max-snippet:-1, max-image-preview:large, max-video-preview:-1\" \/>\n<link rel=\"canonical\" href=\"https:\/\/gambling6.com\/pl\/zdrapki\/\" \/>\n<meta property=\"og:locale\" content=\"pl_PL\" \/>\n<meta property=\"og:type\" content=\"article\" \/>\n<meta property=\"og:title\" content=\"Kt\u00f3re strony internetowe oferuj\u0105ce zdrapki s\u0105 najlepsze?\" \/>\n<meta property=\"og:description\" content=\"Zacznij gra\u0107 na najlepszej stronie z zdrapkami online. Dziesi\u0105tki zdrapek dost\u0119pnych w szerokiej gamie nagr\u00f3d.\" \/>\n<meta property=\"og:url\" content=\"https:\/\/gambling6.com\/pl\/zdrapki\/\" \/>\n<meta property=\"og:site_name\" content=\"Gambling6\" \/>\n<meta property=\"og:image\" content=\"https:\/\/gambling6.com\/wp-content\/uploads\/2013\/12\/best_online_scratchcards.jpg\" \/>\n\t<meta property=\"og:image:width\" content=\"446\" \/>\n\t<meta property=\"og:image:height\" content=\"243\" \/>\n\t<meta property=\"og:image:type\" content=\"image\/jpeg\" \/>\n<meta name=\"twitter:card\" content=\"summary_large_image\" \/>\n<meta name=\"twitter:label1\" content=\"Szacowany czas czytania\" \/>\n\t<meta name=\"twitter:data1\" content=\"2 minuty\" \/>\n<script type=\"application\/ld+json\" class=\"yoast-schema-graph\">{\"@context\":\"https:\\\/\\\/schema.org\",\"@graph\":[{\"@type\":\"WebPage\",\"@id\":\"https:\\\/\\\/gambling6.com\\\/pl\\\/zdrapki\\\/\",\"url\":\"https:\\\/\\\/gambling6.com\\\/pl\\\/zdrapki\\\/\",\"name\":\"Kt\u00f3re strony internetowe oferuj\u0105ce zdrapki s\u0105 najlepsze?\",\"isPartOf\":{\"@id\":\"https:\\\/\\\/gambling6.com\\\/pl\\\/#website\"},\"primaryImageOfPage\":{\"@id\":\"https:\\\/\\\/gambling6.com\\\/pl\\\/zdrapki\\\/#primaryimage\"},\"image\":{\"@id\":\"https:\\\/\\\/gambling6.com\\\/pl\\\/zdrapki\\\/#primaryimage\"},\"thumbnailUrl\":\"https:\\\/\\\/gambling6.com\\\/wp-content\\\/uploads\\\/2013\\\/12\\\/best_online_scratchcards.jpg\",\"datePublished\":\"2025-11-07T23:14:18+00:00\",\"description\":\"Zacznij gra\u0107 na najlepszej stronie z zdrapkami online. Dziesi\u0105tki zdrapek dost\u0119pnych w szerokiej gamie nagr\u00f3d.\",\"breadcrumb\":{\"@id\":\"https:\\\/\\\/gambling6.com\\\/pl\\\/zdrapki\\\/#breadcrumb\"},\"inLanguage\":\"pl-PL\",\"potentialAction\":[{\"@type\":\"ReadAction\",\"target\":[\"https:\\\/\\\/gambling6.com\\\/pl\\\/zdrapki\\\/\"]}]},{\"@type\":\"ImageObject\",\"inLanguage\":\"pl-PL\",\"@id\":\"https:\\\/\\\/gambling6.com\\\/pl\\\/zdrapki\\\/#primaryimage\",\"url\":\"https:\\\/\\\/gambling6.com\\\/wp-content\\\/uploads\\\/2013\\\/12\\\/best_online_scratchcards.jpg\",\"contentUrl\":\"https:\\\/\\\/gambling6.com\\\/wp-content\\\/uploads\\\/2013\\\/12\\\/best_online_scratchcards.jpg\",\"width\":446,\"height\":243},{\"@type\":\"BreadcrumbList\",\"@id\":\"https:\\\/\\\/gambling6.com\\\/pl\\\/zdrapki\\\/#breadcrumb\",\"itemListElement\":[{\"@type\":\"ListItem\",\"position\":1,\"name\":\"Home\",\"item\":\"https:\\\/\\\/gambling6.com\\\/pl\\\/home\\\/\"},{\"@type\":\"ListItem\",\"position\":2,\"name\":\"Zdrapki\"}]},{\"@type\":\"WebSite\",\"@id\":\"https:\\\/\\\/gambling6.com\\\/pl\\\/#website\",\"url\":\"https:\\\/\\\/gambling6.com\\\/pl\\\/\",\"name\":\"Gambling6\",\"description\":\"\",\"potentialAction\":[{\"@type\":\"SearchAction\",\"target\":{\"@type\":\"EntryPoint\",\"urlTemplate\":\"https:\\\/\\\/gambling6.com\\\/pl\\\/?s={search_term_string}\"},\"query-input\":{\"@type\":\"PropertyValueSpecification\",\"valueRequired\":true,\"valueName\":\"search_term_string\"}}],\"inLanguage\":\"pl-PL\"}]}<\/script>\n<!-- \/ Yoast SEO plugin. -->","yoast_head_json":{"title":"Kt\u00f3re strony internetowe oferuj\u0105ce zdrapki s\u0105 najlepsze?","description":"Zacznij gra\u0107 na najlepszej stronie z zdrapkami online. Dziesi\u0105tki zdrapek dost\u0119pnych w szerokiej gamie nagr\u00f3d.","robots":{"index":"index","follow":"follow","max-snippet":"max-snippet:-1","max-image-preview":"max-image-preview:large","max-video-preview":"max-video-preview:-1"},"canonical":"https:\/\/gambling6.com\/pl\/zdrapki\/","og_locale":"pl_PL","og_type":"article","og_title":"Kt\u00f3re strony internetowe oferuj\u0105ce zdrapki s\u0105 najlepsze?","og_description":"Zacznij gra\u0107 na najlepszej stronie z zdrapkami online. Dziesi\u0105tki zdrapek dost\u0119pnych w szerokiej gamie nagr\u00f3d.","og_url":"https:\/\/gambling6.com\/pl\/zdrapki\/","og_site_name":"Gambling6","og_image":[{"width":446,"height":243,"url":"https:\/\/gambling6.com\/wp-content\/uploads\/2013\/12\/best_online_scratchcards.jpg","type":"image\/jpeg"}],"twitter_card":"summary_large_image","twitter_misc":{"Szacowany czas czytania":"2 minuty"},"schema":{"@context":"https:\/\/schema.org","@graph":[{"@type":"WebPage","@id":"https:\/\/gambling6.com\/pl\/zdrapki\/","url":"https:\/\/gambling6.com\/pl\/zdrapki\/","name":"Kt\u00f3re strony internetowe oferuj\u0105ce zdrapki s\u0105 najlepsze?","isPartOf":{"@id":"https:\/\/gambling6.com\/pl\/#website"},"primaryImageOfPage":{"@id":"https:\/\/gambling6.com\/pl\/zdrapki\/#primaryimage"},"image":{"@id":"https:\/\/gambling6.com\/pl\/zdrapki\/#primaryimage"},"thumbnailUrl":"https:\/\/gambling6.com\/wp-content\/uploads\/2013\/12\/best_online_scratchcards.jpg","datePublished":"2025-11-07T23:14:18+00:00","description":"Zacznij gra\u0107 na najlepszej stronie z zdrapkami online. Dziesi\u0105tki zdrapek dost\u0119pnych w szerokiej gamie nagr\u00f3d.","breadcrumb":{"@id":"https:\/\/gambling6.com\/pl\/zdrapki\/#breadcrumb"},"inLanguage":"pl-PL","potentialAction":[{"@type":"ReadAction","target":["https:\/\/gambling6.com\/pl\/zdrapki\/"]}]},{"@type":"ImageObject","inLanguage":"pl-PL","@id":"https:\/\/gambling6.com\/pl\/zdrapki\/#primaryimage","url":"https:\/\/gambling6.com\/wp-content\/uploads\/2013\/12\/best_online_scratchcards.jpg","contentUrl":"https:\/\/gambling6.com\/wp-content\/uploads\/2013\/12\/best_online_scratchcards.jpg","width":446,"height":243},{"@type":"BreadcrumbList","@id":"https:\/\/gambling6.com\/pl\/zdrapki\/#breadcrumb","itemListElement":[{"@type":"ListItem","position":1,"name":"Home","item":"https:\/\/gambling6.com\/pl\/home\/"},{"@type":"ListItem","position":2,"name":"Zdrapki"}]},{"@type":"WebSite","@id":"https:\/\/gambling6.com\/pl\/#website","url":"https:\/\/gambling6.com\/pl\/","name":"Gambling6","description":"","potentialAction":[{"@type":"SearchAction","target":{"@type":"EntryPoint","urlTemplate":"https:\/\/gambling6.com\/pl\/?s={search_term_string}"},"query-input":{"@type":"PropertyValueSpecification","valueRequired":true,"valueName":"search_term_string"}}],"inLanguage":"pl-PL"}]}},"_links":{"self":[{"href":"https:\/\/gambling6.com\/pl\/wp-json\/wp\/v2\/pages\/8722","targetHints":{"allow":["GET"]}}],"collection":[{"href":"https:\/\/gambling6.com\/pl\/wp-json\/wp\/v2\/pages"}],"about":[{"href":"https:\/\/gambling6.com\/pl\/wp-json\/wp\/v2\/types\/page"}],"author":[{"embeddable":true,"href":"https:\/\/gambling6.com\/pl\/wp-json\/wp\/v2\/users\/1"}],"replies":[{"embeddable":true,"href":"https:\/\/gambling6.com\/pl\/wp-json\/wp\/v2\/comments?post=8722"}],"version-history":[{"count":0,"href":"https:\/\/gambling6.com\/pl\/wp-json\/wp\/v2\/pages\/8722\/revisions"}],"wp:featuredmedia":[{"embeddable":true,"href":"https:\/\/gambling6.com\/pl\/wp-json\/wp\/v2\/media\/8690"}],"wp:attachment":[{"href":"https:\/\/gambling6.com\/pl\/wp-json\/wp\/v2\/media?parent=8722"}],"curies":[{"name":"wp","href":"https:\/\/api.w.org\/{rel}","templated":true}]}}