{"id":8806,"date":"2025-11-08T00:10:08","date_gmt":"2025-11-08T00:10:08","guid":{"rendered":"https:\/\/gambling6.com\/poker\/"},"modified":"2025-11-15T08:13:08","modified_gmt":"2025-11-15T08:13:08","slug":"poker","status":"publish","type":"page","link":"https:\/\/gambling6.com\/pl\/poker\/","title":{"rendered":"Poker"},"content":{"rendered":"<h2 style=\"text-align: left;\"><img loading=\"lazy\" decoding=\"async\" class=\" wp-image-3009 alignright\" src=\"https:\/\/gambling6.com\/wp-content\/uploads\/2022\/04\/pokertournament-300x209.jpg\" alt=\"zacznij gra\u0107 w pokera\" width=\"266\" height=\"185\" srcset=\"https:\/\/gambling6.com\/wp-content\/uploads\/2022\/04\/pokertournament-300x209.jpg 300w, https:\/\/gambling6.com\/wp-content\/uploads\/2022\/04\/pokertournament.jpg 415w\" sizes=\"auto, (max-width: 266px) 100vw, 266px\" \/>Rozpocznij gr\u0119 w pokera online<\/h2>\n<p>Je\u015bli chcesz zacz\u0105\u0107 gra\u0107 w pokera online, musisz wiedzie\u0107 kilka rzeczy. Poker to gra umiej\u0119tno\u015bci. Nie twierdzimy, \u017ce nie ma w niej szcz\u0119\u015bcia \u2013 wr\u0119cz przeciwnie \u2013 ale prawda jest taka, \u017ce \u200b\u200bje\u015bli chcesz zarabia\u0107 pieni\u0105dze, z pewno\u015bci\u0105 musisz si\u0119 czego\u015b nauczy\u0107.<\/p>\n<h2>5 z\u0142otych zasad, kt\u00f3rych nale\u017cy przestrzega\u0107, zaczynaj\u0105c gra\u0107 w pokera online<\/h2>\n<ol>\n<li>Wybierz sw\u00f3j pok\u00f3j pokerowy m\u0105drze \u2013 przeczytaj nasze recenzje, zanim wybierzesz stron\u0119, na kt\u00f3rej b\u0119dziesz gra\u0107<\/li>\n<li>Zacznij od wirtualnych pieni\u0119dzy, aby zapozna\u0107 si\u0119 z zasadami i sam\u0105 gr\u0105, a nast\u0119pnie zacznij od najni\u017cszego poziomu gry na prawdziwe pieni\u0105dze<\/li>\n<li>Po\u015bwi\u0119\u0107 du\u017co czasu na czytanie o strategiach pokerowych. Dowiedz si\u0119, kt\u00f3re r\u0119ce startowe s\u0105 dobre w danej sytuacji i jak je rozgrywa\u0107 na danej pozycji przy stole. \u201eTight is right\u201d to najlepsza rada dla nowicjuszy, a Twoja pozycja w hierarchii ma bardzo du\u017ce znaczenie dla Twoich decyzji.<\/li>\n<li>Skorzystaj z dobrej oferty bonusowej na pierwszy depozyt lub skorzystaj z darmowego bankrolla, takiego jak oferta 888 Poker. Dostaniesz 20,00 \u20ac (lub GBP, w zale\u017cno\u015bci od miejsca zamieszkania) za darmo za sam\u0105 rejestracj\u0119! A Ty nadal otrzymujesz bonus od depozytu w wysoko\u015bci 100%, a\u017c do 300,00 \u20ac lub GBP, gdy wp\u0142acisz pieni\u0105dze. <a class=\"thirstylink\" title=\"888 poker en\" href=\"https:\/\/gambling6.com\/go\/888-poker-en\/\" target=\"_blank\" rel=\"nofollow noopener\"><span style=\"text-decoration: underline;\"><strong>Kliknij tutaj, aby<\/strong><\/span><span style=\"text-decoration: underline;\"><strong>o<\/strong><\/span><span style=\"text-decoration: underline;\"><strong> przej\u015b\u0107 <\/strong><\/span><span style=\"text-decoration: underline;\"><strong>do <\/strong><\/span><span style=\"text-decoration: underline;\"><strong>8<\/strong><\/span><span style=\"text-decoration: underline;\"><strong>88 Poker now.<\/strong><\/span><\/a><\/li>\n<li>Rozwa\u017cnie zarz\u0105dzaj swoim kapita\u0142em. Miej co najmniej 100-krotno\u015b\u0107, a najlepiej 200-krotno\u015b\u0107 minimalnej stawki zak\u0142adu dla poziomu, na kt\u00f3rym grasz.<\/li>\n<\/ol>\n<p><a href=\"https:\/\/ic.aff-handler.com\/C\/46138?sr=1073333&amp;anid=\" rel=\"nofollow\"><img loading=\"lazy\" decoding=\"async\" class=\"aligncenter\" src=\"https:\/\/ic.aff-handler.com\/I\/46138?sr=1073333&amp;anid=\" width=\"563\" height=\"72\" \/><\/a><\/p>\n<h2>Najlepsze strony internetowe do gry w pokera online dla pocz\u0105tkuj\u0105cych<\/h2>\n<p>No c\u00f3\u017c, jedna strona internetowa, o kt\u00f3rej ju\u017c wspomnieli\u015bmy. Mowa o 888 Poker, gdzie promocja 20 \u20ac darmowego bankrolla pozwala od razu gra\u0107 na prawdziwe pieni\u0105dze, bez konieczno\u015bci wp\u0142aty. P\u00f3\u017aniej, po wp\u0142aceniu w\u0142asnych pieni\u0119dzy, otrzymasz kolejny bonus, kt\u00f3ry podwoi Twoje \u015brodki. Ten dostawca nie akceptuje jednak graczy z USA.<\/p>\n<h2>Najlepsze strony internetowe dla graczy pokerowych z USA<\/h2>\n<p>Ze wzgl\u0119du na ograniczenia prawne w USA, wyb\u00f3r jest ograniczony. Wi\u0119kszo\u015b\u0107 operator\u00f3w wycofa\u0142a si\u0119 z rynku ameryka\u0144skiego, a regulowany rynek hazardu online w USA wci\u0105\u017c jest kwesti\u0105 przysz\u0142o\u015bci \u2013 przynajmniej w wi\u0119kszo\u015bci stan\u00f3w.<\/p>\n<p>Mimo to, obecnie najlepszym wyborem b\u0119dzie BetOnline Poker. <a class=\"thirstylink\" title=\"Betonline poker en\" href=\"https:\/\/gambling6.com\/go\/betonline-poker-en\/\" target=\"_blank\" rel=\"nofollow noopener\">Kliknij ten link, aby odwiedzi\u0107 ich stron\u0119<\/a>, gdzie mo\u017cesz zagra\u0107 w pokera, a tak\u017ce w r\u00f3\u017cnego rodzaju gry kasynowe.<\/p>\n","protected":false},"excerpt":{"rendered":"<p>Rozpocznij gr\u0119 w pokera online Je\u015bli chcesz zacz\u0105\u0107 gra\u0107 w pokera online, musisz wiedzie\u0107 kilka rzeczy. Poker to gra umiej\u0119tno\u015bci. Nie twierdzimy, \u017ce nie ma w niej szcz\u0119\u015bcia \u2013 wr\u0119cz przeciwnie \u2013 ale prawda jest taka, \u017ce \u200b\u200bje\u015bli chcesz zarabia\u0107 pieni\u0105dze, z pewno\u015bci\u0105 musisz si\u0119 czego\u015b nauczy\u0107. 5 z\u0142otych zasad, kt\u00f3rych nale\u017cy przestrzega\u0107, zaczynaj\u0105c gra\u0107 [&hellip;]<\/p>\n","protected":false},"author":1,"featured_media":0,"parent":0,"menu_order":5,"comment_status":"closed","ping_status":"closed","template":"","meta":{"footnotes":""},"class_list":["post-8806","page","type-page","status-publish","hentry"],"yoast_head":"<!-- This site is optimized with the Yoast SEO plugin v27.3 - https:\/\/yoast.com\/product\/yoast-seo-wordpress\/ -->\n<title>Gdzie najlepiej zacz\u0105\u0107 gra\u0107 w pokera online?<\/title>\n<meta name=\"description\" content=\"Najlepsze miejsca do gry w pokera online, 5 z\u0142otych zasad na pocz\u0105tek\" \/>\n<meta name=\"robots\" content=\"index, follow, max-snippet:-1, max-image-preview:large, max-video-preview:-1\" \/>\n<link rel=\"canonical\" href=\"https:\/\/gambling6.com\/pl\/poker\/\" \/>\n<meta property=\"og:locale\" content=\"pl_PL\" \/>\n<meta property=\"og:type\" content=\"article\" \/>\n<meta property=\"og:title\" content=\"Gdzie najlepiej zacz\u0105\u0107 gra\u0107 w pokera online?\" \/>\n<meta property=\"og:description\" content=\"Najlepsze miejsca do gry w pokera online, 5 z\u0142otych zasad na pocz\u0105tek\" \/>\n<meta property=\"og:url\" content=\"https:\/\/gambling6.com\/pl\/poker\/\" \/>\n<meta property=\"og:site_name\" content=\"Gambling6\" \/>\n<meta property=\"article:modified_time\" content=\"2025-11-15T08:13:08+00:00\" \/>\n<meta property=\"og:image\" content=\"https:\/\/gambling6.com\/wp-content\/uploads\/2022\/04\/pokertournament.jpg\" \/>\n\t<meta property=\"og:image:width\" content=\"415\" \/>\n\t<meta property=\"og:image:height\" content=\"289\" \/>\n\t<meta property=\"og:image:type\" content=\"image\/jpeg\" \/>\n<meta name=\"twitter:card\" content=\"summary_large_image\" \/>\n<meta name=\"twitter:label1\" content=\"Szacowany czas czytania\" \/>\n\t<meta name=\"twitter:data1\" content=\"2 minuty\" \/>\n<script type=\"application\/ld+json\" class=\"yoast-schema-graph\">{\"@context\":\"https:\\\/\\\/schema.org\",\"@graph\":[{\"@type\":\"WebPage\",\"@id\":\"https:\\\/\\\/gambling6.com\\\/pl\\\/poker\\\/\",\"url\":\"https:\\\/\\\/gambling6.com\\\/pl\\\/poker\\\/\",\"name\":\"Gdzie najlepiej zacz\u0105\u0107 gra\u0107 w pokera online?\",\"isPartOf\":{\"@id\":\"https:\\\/\\\/gambling6.com\\\/pl\\\/#website\"},\"primaryImageOfPage\":{\"@id\":\"https:\\\/\\\/gambling6.com\\\/pl\\\/poker\\\/#primaryimage\"},\"image\":{\"@id\":\"https:\\\/\\\/gambling6.com\\\/pl\\\/poker\\\/#primaryimage\"},\"thumbnailUrl\":\"https:\\\/\\\/gambling6.com\\\/wp-content\\\/uploads\\\/2022\\\/04\\\/pokertournament-300x209.jpg\",\"datePublished\":\"2025-11-08T00:10:08+00:00\",\"dateModified\":\"2025-11-15T08:13:08+00:00\",\"description\":\"Najlepsze miejsca do gry w pokera online, 5 z\u0142otych zasad na pocz\u0105tek\",\"breadcrumb\":{\"@id\":\"https:\\\/\\\/gambling6.com\\\/pl\\\/poker\\\/#breadcrumb\"},\"inLanguage\":\"pl-PL\",\"potentialAction\":[{\"@type\":\"ReadAction\",\"target\":[\"https:\\\/\\\/gambling6.com\\\/pl\\\/poker\\\/\"]}]},{\"@type\":\"ImageObject\",\"inLanguage\":\"pl-PL\",\"@id\":\"https:\\\/\\\/gambling6.com\\\/pl\\\/poker\\\/#primaryimage\",\"url\":\"https:\\\/\\\/gambling6.com\\\/wp-content\\\/uploads\\\/2022\\\/04\\\/pokertournament-300x209.jpg\",\"contentUrl\":\"https:\\\/\\\/gambling6.com\\\/wp-content\\\/uploads\\\/2022\\\/04\\\/pokertournament-300x209.jpg\"},{\"@type\":\"BreadcrumbList\",\"@id\":\"https:\\\/\\\/gambling6.com\\\/pl\\\/poker\\\/#breadcrumb\",\"itemListElement\":[{\"@type\":\"ListItem\",\"position\":1,\"name\":\"Home\",\"item\":\"https:\\\/\\\/gambling6.com\\\/pl\\\/home\\\/\"},{\"@type\":\"ListItem\",\"position\":2,\"name\":\"Poker\"}]},{\"@type\":\"WebSite\",\"@id\":\"https:\\\/\\\/gambling6.com\\\/pl\\\/#website\",\"url\":\"https:\\\/\\\/gambling6.com\\\/pl\\\/\",\"name\":\"Gambling6\",\"description\":\"\",\"potentialAction\":[{\"@type\":\"SearchAction\",\"target\":{\"@type\":\"EntryPoint\",\"urlTemplate\":\"https:\\\/\\\/gambling6.com\\\/pl\\\/?s={search_term_string}\"},\"query-input\":{\"@type\":\"PropertyValueSpecification\",\"valueRequired\":true,\"valueName\":\"search_term_string\"}}],\"inLanguage\":\"pl-PL\"}]}<\/script>\n<!-- \/ Yoast SEO plugin. -->","yoast_head_json":{"title":"Gdzie najlepiej zacz\u0105\u0107 gra\u0107 w pokera online?","description":"Najlepsze miejsca do gry w pokera online, 5 z\u0142otych zasad na pocz\u0105tek","robots":{"index":"index","follow":"follow","max-snippet":"max-snippet:-1","max-image-preview":"max-image-preview:large","max-video-preview":"max-video-preview:-1"},"canonical":"https:\/\/gambling6.com\/pl\/poker\/","og_locale":"pl_PL","og_type":"article","og_title":"Gdzie najlepiej zacz\u0105\u0107 gra\u0107 w pokera online?","og_description":"Najlepsze miejsca do gry w pokera online, 5 z\u0142otych zasad na pocz\u0105tek","og_url":"https:\/\/gambling6.com\/pl\/poker\/","og_site_name":"Gambling6","article_modified_time":"2025-11-15T08:13:08+00:00","og_image":[{"width":415,"height":289,"url":"https:\/\/gambling6.com\/wp-content\/uploads\/2022\/04\/pokertournament.jpg","type":"image\/jpeg"}],"twitter_card":"summary_large_image","twitter_misc":{"Szacowany czas czytania":"2 minuty"},"schema":{"@context":"https:\/\/schema.org","@graph":[{"@type":"WebPage","@id":"https:\/\/gambling6.com\/pl\/poker\/","url":"https:\/\/gambling6.com\/pl\/poker\/","name":"Gdzie najlepiej zacz\u0105\u0107 gra\u0107 w pokera online?","isPartOf":{"@id":"https:\/\/gambling6.com\/pl\/#website"},"primaryImageOfPage":{"@id":"https:\/\/gambling6.com\/pl\/poker\/#primaryimage"},"image":{"@id":"https:\/\/gambling6.com\/pl\/poker\/#primaryimage"},"thumbnailUrl":"https:\/\/gambling6.com\/wp-content\/uploads\/2022\/04\/pokertournament-300x209.jpg","datePublished":"2025-11-08T00:10:08+00:00","dateModified":"2025-11-15T08:13:08+00:00","description":"Najlepsze miejsca do gry w pokera online, 5 z\u0142otych zasad na pocz\u0105tek","breadcrumb":{"@id":"https:\/\/gambling6.com\/pl\/poker\/#breadcrumb"},"inLanguage":"pl-PL","potentialAction":[{"@type":"ReadAction","target":["https:\/\/gambling6.com\/pl\/poker\/"]}]},{"@type":"ImageObject","inLanguage":"pl-PL","@id":"https:\/\/gambling6.com\/pl\/poker\/#primaryimage","url":"https:\/\/gambling6.com\/wp-content\/uploads\/2022\/04\/pokertournament-300x209.jpg","contentUrl":"https:\/\/gambling6.com\/wp-content\/uploads\/2022\/04\/pokertournament-300x209.jpg"},{"@type":"BreadcrumbList","@id":"https:\/\/gambling6.com\/pl\/poker\/#breadcrumb","itemListElement":[{"@type":"ListItem","position":1,"name":"Home","item":"https:\/\/gambling6.com\/pl\/home\/"},{"@type":"ListItem","position":2,"name":"Poker"}]},{"@type":"WebSite","@id":"https:\/\/gambling6.com\/pl\/#website","url":"https:\/\/gambling6.com\/pl\/","name":"Gambling6","description":"","potentialAction":[{"@type":"SearchAction","target":{"@type":"EntryPoint","urlTemplate":"https:\/\/gambling6.com\/pl\/?s={search_term_string}"},"query-input":{"@type":"PropertyValueSpecification","valueRequired":true,"valueName":"search_term_string"}}],"inLanguage":"pl-PL"}]}},"_links":{"self":[{"href":"https:\/\/gambling6.com\/pl\/wp-json\/wp\/v2\/pages\/8806","targetHints":{"allow":["GET"]}}],"collection":[{"href":"https:\/\/gambling6.com\/pl\/wp-json\/wp\/v2\/pages"}],"about":[{"href":"https:\/\/gambling6.com\/pl\/wp-json\/wp\/v2\/types\/page"}],"author":[{"embeddable":true,"href":"https:\/\/gambling6.com\/pl\/wp-json\/wp\/v2\/users\/1"}],"replies":[{"embeddable":true,"href":"https:\/\/gambling6.com\/pl\/wp-json\/wp\/v2\/comments?post=8806"}],"version-history":[{"count":2,"href":"https:\/\/gambling6.com\/pl\/wp-json\/wp\/v2\/pages\/8806\/revisions"}],"predecessor-version":[{"id":10840,"href":"https:\/\/gambling6.com\/pl\/wp-json\/wp\/v2\/pages\/8806\/revisions\/10840"}],"wp:attachment":[{"href":"https:\/\/gambling6.com\/pl\/wp-json\/wp\/v2\/media?parent=8806"}],"curies":[{"name":"wp","href":"https:\/\/api.w.org\/{rel}","templated":true}]}}