{"id":8858,"date":"2025-11-08T08:55:51","date_gmt":"2025-11-08T08:55:51","guid":{"rendered":"https:\/\/gambling6.com\/kasyno\/dbanie-o-bezpieczenstwo-twojego-konta-do-gier-hazardowych-online\/"},"modified":"2025-11-12T09:09:06","modified_gmt":"2025-11-12T09:09:06","slug":"dbanie-o-bezpieczenstwo-twojego-konta-do-gier-hazardowych-online","status":"publish","type":"page","link":"https:\/\/gambling6.com\/pl\/kasyno\/dbanie-o-bezpieczenstwo-twojego-konta-do-gier-hazardowych-online\/","title":{"rendered":"Dbanie o bezpiecze\u0144stwo Twojego konta do gier hazardowych online"},"content":{"rendered":"<h2>Unikaj z\u0142ych stron i podejmij \u015brodki bezpiecze\u0144stwa.<\/h2>\n<p>\u015awiat gier online znacznie si\u0119 rozwin\u0105\u0142 i cho\u0107 generalnie jest to korzystne dla graczy, niesie ze sob\u0105 r\u00f3wnie\u017c pewne wady. Bezpiecze\u0144stwo online oferowane przez kasyna jest prawdopodobnie najwa\u017cniejszym elementem gry na prawdziwe pieni\u0105dze, a u\u017cytkownicy musz\u0105 mie\u0107 gwarancj\u0119 bezb\u0142\u0119dnych transakcji finansowych.<\/p>\n<p>Niestety, w dzisiejszym zaawansowanym technologicznie \u015bwiecie oszustwa i oszustwa internetowe s\u0105 zbyt powszechne, aby zak\u0142ada\u0107, \u017ce nie przytrafi\u0105 si\u0119 Tobie, i dlatego nie podejmowa\u0107 \u017cadnych dzia\u0142a\u0144 zapobiegawczych. Nowe kasyna online pojawiaj\u0105 si\u0119 niemal z dnia na dzie\u0144, obiecuj\u0105c ogromne bonusy, aby rozkr\u0119ci\u0107 biznes i przyci\u0105gn\u0105\u0107 du\u017c\u0105 liczb\u0119 klient\u00f3w.<\/p>\n<p>Wa\u017cne jest, aby wiedzie\u0107, czy mo\u017cna im zaufa\u0107, i zdecydowanie zaleca si\u0119 najpierw zasi\u0119gni\u0119cie dodatkowych informacji z innych stron. Recenzje u\u017cytkownik\u00f3w lub do\u015bwiadczonych graczy zyskuj\u0105 na popularno\u015bci w internecie, poniewa\u017c coraz wi\u0119cej graczy dostrzega ryzyko wej\u015bcia w ciemno i szukania najpierw pewno\u015bci siebie.<\/p>\n<h2>Hazard online w USA<\/h2>\n<p><img loading=\"lazy\" decoding=\"async\" class=\" wp-image-2415 alignright\" src=\"https:\/\/gambling6.com\/wp-content\/uploads\/2022\/04\/1_play_euromillions_online3-300x200.jpg\" alt=\"bezpiecze\u0144stwo kasyn\" width=\"263\" height=\"175\" srcset=\"https:\/\/gambling6.com\/wp-content\/uploads\/2022\/04\/1_play_euromillions_online3-300x200.jpg 300w, https:\/\/gambling6.com\/wp-content\/uploads\/2022\/04\/1_play_euromillions_online3.jpg 320w\" sizes=\"auto, (max-width: 263px) 100vw, 263px\" \/>Stany Zjednoczone to ekscytuj\u0105cy rynek hazardu online. Chocia\u017c kasyna online s\u0105 zakazane we wszystkich stanach z wyj\u0105tkiem dw\u00f3ch, szara strefa w bran\u017cy gier online jest ogromna, g\u0142\u00f3wnie dlatego, \u017ce ameryka\u0144scy gracze chc\u0105 gra\u0107 w gry kasynowe online. Znaczna liczba potencjalnych klient\u00f3w oznacza r\u00f3wnie\u017c, \u017ce istnieje ponad kilka ameryka\u0144skich kasyn online, co bardzo u\u0142atwia ameryka\u0144skim graczom rozpocz\u0119cie gry.<\/p>\n<p>Wiod\u0105ce strony akceptuj\u0105 nawet ameryka\u0144skie karty kredytowe jako metod\u0119 p\u0142atno\u015bci, a wszystko jest zaprojektowane tak, aby by\u0142o jak najwygodniejsze dla graczy. Chocia\u017c te kasyna online nie podlegaj\u0105 regulacjom prawnym Stan\u00f3w Zjednoczonych, posiadaj\u0105 licencje wydane przez jurysdykcje offshore, co gwarantuje bezpieczne \u015brodowisko. Problem polega na tym, \u017ce opr\u00f3cz \u015bwietnych kasyn dzia\u0142aj\u0105cych na rynku ameryka\u0144skim, istnieje r\u00f3wnie\u017c wiele podejrzanych stron, kt\u00f3re maj\u0105 problemy z wyp\u0142atami lub po prostu nie oferuj\u0105 uczciwego procentu wyp\u0142at w swoich grach.<\/p>\n<p>Dlatego koniecznie najpierw przeczytaj kilka recenzji strony, do kt\u00f3rej chcesz do\u0142\u0105czy\u0107, i sprawd\u017a, czy jest tak dobra, jak si\u0119 wydaje. Zajmie to nie wi\u0119cej ni\u017c kilka minut i zapewni Ci jak najlepsze wra\u017cenia z gry online. Je\u015bli chodzi o uczciw\u0105 gr\u0119, godne zaufania kasyna online korzystaj\u0105 z generator\u00f3w liczb losowych, aby zapewni\u0107, \u017ce ka\u017cda gra opiera si\u0119 wy\u0142\u0105cznie na przypadku. Kasyno online mo\u017ce po\u0142\u0105czy\u0107 tradycyjne sto\u0142y kasynowe z zaletami gry online poprzez transmisj\u0119 wideo z krupierem na \u017cywo.<\/p>\n<p>Jako gracz z USA, nie mo\u017cesz si\u0119 pomyli\u0107, wybieraj\u0105c wiod\u0105cego na rynku dostawc\u0119 gier kasynowych online, czyli BetOnline. <a class=\"thirstylink\" title=\"Betonline casino en\" href=\"https:\/\/gambling6.com\/go\/betonline-casino-en\/\" target=\"_blank\" rel=\"nofollow noopener\">Kliknij tutaj, aby odwiedzi\u0107 ich stron\u0119 internetow\u0105<\/a>. Twoje bezpiecze\u0144stwo jest tam w dobrych r\u0119kach, w przeciwie\u0144stwie do wi\u0119kszo\u015bci innych operator\u00f3w kasyn offshore, kt\u00f3rzy akceptuj\u0105 mieszka\u0144c\u00f3w USA.<\/p>\n<h2>\u015arodki bezpiecze\u0144stwa, kt\u00f3re warto rozwa\u017cy\u0107<\/h2>\n<p>Nale\u017cy r\u00f3wnie\u017c wspomnie\u0107, \u017ce znaczna cz\u0119\u015b\u0107 odpowiedzialno\u015bci spoczywa na graczu i istniej\u0105 konkretne \u015brodki, kt\u00f3re mo\u017ce on podj\u0105\u0107, aby zapobiec oszustwom i zapewni\u0107 bezpiecze\u0144stwo swoich \u015brodk\u00f3w.<\/p>\n<p><strong>1. U\u017cywaj bezpiecznego has\u0142a<\/strong><\/p>\n<p>Coraz wi\u0119cej stron internetowych zach\u0119ca u\u017cytkownik\u00f3w do u\u017cywania bezpiecznych, trudnych do odgadni\u0119cia hase\u0142. U\u017cycie cyfr i liter zar\u00f3wno wielkich, jak i ma\u0142ych sprawia, \u017ce \u200b\u200bhas\u0142o jest znacznie bezpieczniejsze, a ponadto zaleca si\u0119, aby nie u\u017cywa\u0107 tego samego has\u0142a do wielu kont.<\/p>\n<p><strong>2. Upewnij si\u0119, \u017ce masz dobry program antywirusowy <\/strong><\/p>\n<p>Wi\u0119kszo\u015b\u0107 graczy zapomina o znaczeniu dobrego programu antywirusowego. Program ten pozwala natychmiast wykry\u0107 wszelkie problemy podczas surfowania po internecie lub pobierania czego\u015b, na przyk\u0142ad aplikacji nowego kasyna online.<\/p>\n<p><strong>3. Zawsze upewnij si\u0119, \u017ce strona jest bezpieczna <\/strong><\/p>\n<p>Podaj\u0105c dane osobowe, takie jak informacje o koncie, upewnij si\u0119, \u017ce strona jest bezpieczna. Mo\u017cesz to zrobi\u0107, sprawdzaj\u0105c pasek adresu w przegl\u0105darce pod k\u0105tem protoko\u0142u HTTPS i szukaj\u0105c zamkni\u0119tej k\u0142\u00f3dki.<\/p>\n","protected":false},"excerpt":{"rendered":"<p>Unikaj z\u0142ych stron i podejmij \u015brodki bezpiecze\u0144stwa. \u015awiat gier online znacznie si\u0119 rozwin\u0105\u0142 i cho\u0107 generalnie jest to korzystne dla graczy, niesie ze sob\u0105 r\u00f3wnie\u017c pewne wady. Bezpiecze\u0144stwo online oferowane przez kasyna jest prawdopodobnie najwa\u017cniejszym elementem gry na prawdziwe pieni\u0105dze, a u\u017cytkownicy musz\u0105 mie\u0107 gwarancj\u0119 bezb\u0142\u0119dnych transakcji finansowych. Niestety, w dzisiejszym zaawansowanym technologicznie \u015bwiecie oszustwa [&hellip;]<\/p>\n","protected":false},"author":1,"featured_media":0,"parent":8320,"menu_order":36,"comment_status":"closed","ping_status":"closed","template":"","meta":{"footnotes":""},"class_list":["post-8858","page","type-page","status-publish","hentry"],"yoast_head":"<!-- This site is optimized with the Yoast SEO plugin v27.3 - https:\/\/yoast.com\/product\/yoast-seo-wordpress\/ -->\n<title>Jak mog\u0119 zadba\u0107 o bezpiecze\u0144stwo mojego konta w kasynie online?<\/title>\n<meta name=\"description\" content=\"Przydatne wskaz\u00f3wki dotycz\u0105ce bezpiecze\u0144stwa w grach hazardowych online, dzi\u0119ki kt\u00f3rym upewnisz si\u0119, \u017ce Twoje konto w kasynie jest bezpieczne\" \/>\n<meta name=\"robots\" content=\"index, follow, max-snippet:-1, max-image-preview:large, max-video-preview:-1\" \/>\n<link rel=\"canonical\" href=\"https:\/\/gambling6.com\/pl\/kasyno\/dbanie-o-bezpieczenstwo-twojego-konta-do-gier-hazardowych-online\/\" \/>\n<meta property=\"og:locale\" content=\"pl_PL\" \/>\n<meta property=\"og:type\" content=\"article\" \/>\n<meta property=\"og:title\" content=\"Jak mog\u0119 zadba\u0107 o bezpiecze\u0144stwo mojego konta w kasynie online?\" \/>\n<meta property=\"og:description\" content=\"Przydatne wskaz\u00f3wki dotycz\u0105ce bezpiecze\u0144stwa w grach hazardowych online, dzi\u0119ki kt\u00f3rym upewnisz si\u0119, \u017ce Twoje konto w kasynie jest bezpieczne\" \/>\n<meta property=\"og:url\" content=\"https:\/\/gambling6.com\/pl\/kasyno\/dbanie-o-bezpieczenstwo-twojego-konta-do-gier-hazardowych-online\/\" \/>\n<meta property=\"og:site_name\" content=\"Gambling6\" \/>\n<meta property=\"article:modified_time\" content=\"2025-11-12T09:09:06+00:00\" \/>\n<meta property=\"og:image\" content=\"https:\/\/gambling6.com\/wp-content\/uploads\/2022\/04\/1_play_euromillions_online3.jpg\" \/>\n\t<meta property=\"og:image:width\" content=\"320\" \/>\n\t<meta property=\"og:image:height\" content=\"213\" \/>\n\t<meta property=\"og:image:type\" content=\"image\/jpeg\" \/>\n<meta name=\"twitter:card\" content=\"summary_large_image\" \/>\n<meta name=\"twitter:label1\" content=\"Szacowany czas czytania\" \/>\n\t<meta name=\"twitter:data1\" content=\"3 minuty\" \/>\n<script type=\"application\/ld+json\" class=\"yoast-schema-graph\">{\"@context\":\"https:\\\/\\\/schema.org\",\"@graph\":[{\"@type\":\"WebPage\",\"@id\":\"https:\\\/\\\/gambling6.com\\\/pl\\\/kasyno\\\/dbanie-o-bezpieczenstwo-twojego-konta-do-gier-hazardowych-online\\\/\",\"url\":\"https:\\\/\\\/gambling6.com\\\/pl\\\/kasyno\\\/dbanie-o-bezpieczenstwo-twojego-konta-do-gier-hazardowych-online\\\/\",\"name\":\"Jak mog\u0119 zadba\u0107 o bezpiecze\u0144stwo mojego konta w kasynie online?\",\"isPartOf\":{\"@id\":\"https:\\\/\\\/gambling6.com\\\/pl\\\/#website\"},\"primaryImageOfPage\":{\"@id\":\"https:\\\/\\\/gambling6.com\\\/pl\\\/kasyno\\\/dbanie-o-bezpieczenstwo-twojego-konta-do-gier-hazardowych-online\\\/#primaryimage\"},\"image\":{\"@id\":\"https:\\\/\\\/gambling6.com\\\/pl\\\/kasyno\\\/dbanie-o-bezpieczenstwo-twojego-konta-do-gier-hazardowych-online\\\/#primaryimage\"},\"thumbnailUrl\":\"https:\\\/\\\/gambling6.com\\\/wp-content\\\/uploads\\\/2022\\\/04\\\/1_play_euromillions_online3-300x200.jpg\",\"datePublished\":\"2025-11-08T08:55:51+00:00\",\"dateModified\":\"2025-11-12T09:09:06+00:00\",\"description\":\"Przydatne wskaz\u00f3wki dotycz\u0105ce bezpiecze\u0144stwa w grach hazardowych online, dzi\u0119ki kt\u00f3rym upewnisz si\u0119, \u017ce Twoje konto w kasynie jest bezpieczne\",\"breadcrumb\":{\"@id\":\"https:\\\/\\\/gambling6.com\\\/pl\\\/kasyno\\\/dbanie-o-bezpieczenstwo-twojego-konta-do-gier-hazardowych-online\\\/#breadcrumb\"},\"inLanguage\":\"pl-PL\",\"potentialAction\":[{\"@type\":\"ReadAction\",\"target\":[\"https:\\\/\\\/gambling6.com\\\/pl\\\/kasyno\\\/dbanie-o-bezpieczenstwo-twojego-konta-do-gier-hazardowych-online\\\/\"]}]},{\"@type\":\"ImageObject\",\"inLanguage\":\"pl-PL\",\"@id\":\"https:\\\/\\\/gambling6.com\\\/pl\\\/kasyno\\\/dbanie-o-bezpieczenstwo-twojego-konta-do-gier-hazardowych-online\\\/#primaryimage\",\"url\":\"https:\\\/\\\/gambling6.com\\\/wp-content\\\/uploads\\\/2022\\\/04\\\/1_play_euromillions_online3-300x200.jpg\",\"contentUrl\":\"https:\\\/\\\/gambling6.com\\\/wp-content\\\/uploads\\\/2022\\\/04\\\/1_play_euromillions_online3-300x200.jpg\"},{\"@type\":\"BreadcrumbList\",\"@id\":\"https:\\\/\\\/gambling6.com\\\/pl\\\/kasyno\\\/dbanie-o-bezpieczenstwo-twojego-konta-do-gier-hazardowych-online\\\/#breadcrumb\",\"itemListElement\":[{\"@type\":\"ListItem\",\"position\":1,\"name\":\"Home\",\"item\":\"https:\\\/\\\/gambling6.com\\\/pl\\\/home\\\/\"},{\"@type\":\"ListItem\",\"position\":2,\"name\":\"Kasyno\",\"item\":\"https:\\\/\\\/gambling6.com\\\/pl\\\/get-started-with-online-gambling\\\/\"},{\"@type\":\"ListItem\",\"position\":3,\"name\":\"Dbanie o bezpiecze\u0144stwo Twojego konta do gier hazardowych online\"}]},{\"@type\":\"WebSite\",\"@id\":\"https:\\\/\\\/gambling6.com\\\/pl\\\/#website\",\"url\":\"https:\\\/\\\/gambling6.com\\\/pl\\\/\",\"name\":\"Gambling6\",\"description\":\"\",\"potentialAction\":[{\"@type\":\"SearchAction\",\"target\":{\"@type\":\"EntryPoint\",\"urlTemplate\":\"https:\\\/\\\/gambling6.com\\\/pl\\\/?s={search_term_string}\"},\"query-input\":{\"@type\":\"PropertyValueSpecification\",\"valueRequired\":true,\"valueName\":\"search_term_string\"}}],\"inLanguage\":\"pl-PL\"}]}<\/script>\n<!-- \/ Yoast SEO plugin. -->","yoast_head_json":{"title":"Jak mog\u0119 zadba\u0107 o bezpiecze\u0144stwo mojego konta w kasynie online?","description":"Przydatne wskaz\u00f3wki dotycz\u0105ce bezpiecze\u0144stwa w grach hazardowych online, dzi\u0119ki kt\u00f3rym upewnisz si\u0119, \u017ce Twoje konto w kasynie jest bezpieczne","robots":{"index":"index","follow":"follow","max-snippet":"max-snippet:-1","max-image-preview":"max-image-preview:large","max-video-preview":"max-video-preview:-1"},"canonical":"https:\/\/gambling6.com\/pl\/kasyno\/dbanie-o-bezpieczenstwo-twojego-konta-do-gier-hazardowych-online\/","og_locale":"pl_PL","og_type":"article","og_title":"Jak mog\u0119 zadba\u0107 o bezpiecze\u0144stwo mojego konta w kasynie online?","og_description":"Przydatne wskaz\u00f3wki dotycz\u0105ce bezpiecze\u0144stwa w grach hazardowych online, dzi\u0119ki kt\u00f3rym upewnisz si\u0119, \u017ce Twoje konto w kasynie jest bezpieczne","og_url":"https:\/\/gambling6.com\/pl\/kasyno\/dbanie-o-bezpieczenstwo-twojego-konta-do-gier-hazardowych-online\/","og_site_name":"Gambling6","article_modified_time":"2025-11-12T09:09:06+00:00","og_image":[{"width":320,"height":213,"url":"https:\/\/gambling6.com\/wp-content\/uploads\/2022\/04\/1_play_euromillions_online3.jpg","type":"image\/jpeg"}],"twitter_card":"summary_large_image","twitter_misc":{"Szacowany czas czytania":"3 minuty"},"schema":{"@context":"https:\/\/schema.org","@graph":[{"@type":"WebPage","@id":"https:\/\/gambling6.com\/pl\/kasyno\/dbanie-o-bezpieczenstwo-twojego-konta-do-gier-hazardowych-online\/","url":"https:\/\/gambling6.com\/pl\/kasyno\/dbanie-o-bezpieczenstwo-twojego-konta-do-gier-hazardowych-online\/","name":"Jak mog\u0119 zadba\u0107 o bezpiecze\u0144stwo mojego konta w kasynie online?","isPartOf":{"@id":"https:\/\/gambling6.com\/pl\/#website"},"primaryImageOfPage":{"@id":"https:\/\/gambling6.com\/pl\/kasyno\/dbanie-o-bezpieczenstwo-twojego-konta-do-gier-hazardowych-online\/#primaryimage"},"image":{"@id":"https:\/\/gambling6.com\/pl\/kasyno\/dbanie-o-bezpieczenstwo-twojego-konta-do-gier-hazardowych-online\/#primaryimage"},"thumbnailUrl":"https:\/\/gambling6.com\/wp-content\/uploads\/2022\/04\/1_play_euromillions_online3-300x200.jpg","datePublished":"2025-11-08T08:55:51+00:00","dateModified":"2025-11-12T09:09:06+00:00","description":"Przydatne wskaz\u00f3wki dotycz\u0105ce bezpiecze\u0144stwa w grach hazardowych online, dzi\u0119ki kt\u00f3rym upewnisz si\u0119, \u017ce Twoje konto w kasynie jest bezpieczne","breadcrumb":{"@id":"https:\/\/gambling6.com\/pl\/kasyno\/dbanie-o-bezpieczenstwo-twojego-konta-do-gier-hazardowych-online\/#breadcrumb"},"inLanguage":"pl-PL","potentialAction":[{"@type":"ReadAction","target":["https:\/\/gambling6.com\/pl\/kasyno\/dbanie-o-bezpieczenstwo-twojego-konta-do-gier-hazardowych-online\/"]}]},{"@type":"ImageObject","inLanguage":"pl-PL","@id":"https:\/\/gambling6.com\/pl\/kasyno\/dbanie-o-bezpieczenstwo-twojego-konta-do-gier-hazardowych-online\/#primaryimage","url":"https:\/\/gambling6.com\/wp-content\/uploads\/2022\/04\/1_play_euromillions_online3-300x200.jpg","contentUrl":"https:\/\/gambling6.com\/wp-content\/uploads\/2022\/04\/1_play_euromillions_online3-300x200.jpg"},{"@type":"BreadcrumbList","@id":"https:\/\/gambling6.com\/pl\/kasyno\/dbanie-o-bezpieczenstwo-twojego-konta-do-gier-hazardowych-online\/#breadcrumb","itemListElement":[{"@type":"ListItem","position":1,"name":"Home","item":"https:\/\/gambling6.com\/pl\/home\/"},{"@type":"ListItem","position":2,"name":"Kasyno","item":"https:\/\/gambling6.com\/pl\/get-started-with-online-gambling\/"},{"@type":"ListItem","position":3,"name":"Dbanie o bezpiecze\u0144stwo Twojego konta do gier hazardowych online"}]},{"@type":"WebSite","@id":"https:\/\/gambling6.com\/pl\/#website","url":"https:\/\/gambling6.com\/pl\/","name":"Gambling6","description":"","potentialAction":[{"@type":"SearchAction","target":{"@type":"EntryPoint","urlTemplate":"https:\/\/gambling6.com\/pl\/?s={search_term_string}"},"query-input":{"@type":"PropertyValueSpecification","valueRequired":true,"valueName":"search_term_string"}}],"inLanguage":"pl-PL"}]}},"_links":{"self":[{"href":"https:\/\/gambling6.com\/pl\/wp-json\/wp\/v2\/pages\/8858","targetHints":{"allow":["GET"]}}],"collection":[{"href":"https:\/\/gambling6.com\/pl\/wp-json\/wp\/v2\/pages"}],"about":[{"href":"https:\/\/gambling6.com\/pl\/wp-json\/wp\/v2\/types\/page"}],"author":[{"embeddable":true,"href":"https:\/\/gambling6.com\/pl\/wp-json\/wp\/v2\/users\/1"}],"replies":[{"embeddable":true,"href":"https:\/\/gambling6.com\/pl\/wp-json\/wp\/v2\/comments?post=8858"}],"version-history":[{"count":1,"href":"https:\/\/gambling6.com\/pl\/wp-json\/wp\/v2\/pages\/8858\/revisions"}],"predecessor-version":[{"id":10446,"href":"https:\/\/gambling6.com\/pl\/wp-json\/wp\/v2\/pages\/8858\/revisions\/10446"}],"up":[{"embeddable":true,"href":"https:\/\/gambling6.com\/pl\/wp-json\/wp\/v2\/pages\/8320"}],"wp:attachment":[{"href":"https:\/\/gambling6.com\/pl\/wp-json\/wp\/v2\/media?parent=8858"}],"curies":[{"name":"wp","href":"https:\/\/api.w.org\/{rel}","templated":true}]}}