{"id":8898,"date":"2025-11-08T09:33:33","date_gmt":"2025-11-08T09:33:33","guid":{"rendered":"https:\/\/gambling6.com\/kasyno\/pochodzenie-blackjacka\/"},"modified":"2025-11-08T09:33:33","modified_gmt":"2025-11-08T09:33:33","slug":"pochodzenie-blackjacka","status":"publish","type":"page","link":"https:\/\/gambling6.com\/pl\/kasyno\/pochodzenie-blackjacka\/","title":{"rendered":"Pochodzenie Blackjacka"},"content":{"rendered":"<h2>Kiedy po raz pierwszy grano w blackjacka<\/h2>\n<p><a href=\"http:\/\/gambling6.com\/wp-content\/uploads\/2013\/12\/history-of-balck-jack.jpg\"><img loading=\"lazy\" decoding=\"async\" class=\"aligncenter size-full wp-image-547 alignright size-full wp-image-183\" style=\"margin: 5px; float: right;\" src=\"http:\/\/gambling6.com\/wp-content\/uploads\/2013\/12\/history-of-balck-jack.jpg\" alt=\"historia blackjacka\" width=\"243\" height=\"207\" \/><\/a>Historycy hazardu maj\u0105 w\u0105tpliwo\u015bci co do historii i pochodzenia gry, kt\u00f3r\u0105 znamy jako blackjack. Nawet dzi\u015b jego historia jest gor\u0105cym tematem debaty wielu badaczy. Z historii gier karcianych wynika, \u017ce \u200b\u200bkarty do gry by\u0142y pierwotnie u\u017cywane w Chinach, Indiach i Egipcie ju\u017c w 900 roku n.e. Pierwsze gry karciane podobno narodzi\u0142y si\u0119 w Chinach.<\/p>\n<p>Nadal jednak uwa\u017ca si\u0119, \u017ce to Francuzi tak naprawd\u0119 wynale\u017ali blackjacka. Francuzi mieli gry karciane znane jako \u201echemin de fer\u201d i \u201eFrench Ferme\u201d. Uwa\u017ca si\u0119, \u017ce blackjack jest w rzeczywisto\u015bci odnog\u0105 tych dw\u00f3ch francuskich gier.<\/p>\n<p>Gdzie\u015b w 1700 roku n.e. w \u00f3wczesnych francuskich kasynach pojawi\u0142a si\u0119 gra znana jako \u201evingt-et-un\u201d, co oznacza dwadzie\u015bcia jeden. W XIX wieku ta sama gra dotar\u0142a do Stan\u00f3w Zjednoczonych.<\/p>\n<p>Chocia\u017c \u201evingt-et-un\u201d wydaje si\u0119 by\u0107 do\u015b\u0107 podobna do blackjacka, r\u00f3\u017cni si\u0119 jednak pod pewnymi wzgl\u0119dami. W tej grze celem jest uzyskanie \u201enaturalnego\u201d uk\u0142adu kart, kt\u00f3rego suma wynosi dwadzie\u015bcia jeden. Dodatkowo, karty rozdawano w rundach, a zak\u0142ady by\u0142y stawiane w ka\u017cdej rundzie. Co wi\u0119cej, tylko krupier mia\u0142 prawo do \u201epodwojenia\u201d i W przypadku, gdyby gracz uzyska\u0142 natural, wszyscy pozostali gracze byliby zobowi\u0105zani do zap\u0142aty mu potr\u00f3jnej stawki.<\/p>\n<p>Innym argumentem badaczy jest to, \u017ce w\u0142oska gra znana jako \u201eSiedem i p\u00f3\u0142\u201d mog\u0142a r\u00f3wnie\u017c przyczyni\u0107 si\u0119 do powstania wsp\u00f3\u0142czesnego blackjacka. Grano w ni\u0105 kartami o numerach 8, 9 i 10 oraz figurami. Figury liczono jako \u201epo\u0142\u00f3wk\u0119\u201d. Ponadto, kr\u00f3l karo by\u0142 traktowany jak dzika karta. Uwa\u017ca si\u0119, \u017ce by\u0142a to pierwsza gra, w kt\u00f3rej wprowadzono koncepcj\u0119 \u201ebustu\u201d. Oznacza to, \u017ce je\u015bli suma kart kt\u00f3regokolwiek gracza przekroczy\u0142a siedem i p\u00f3\u0142, gracz przegrywa\u0142 lub odpada\u0142 z gry.<\/p>\n<p>S\u0142ynna hiszpa\u0144ska gra \u201eJeden i trzydzie\u015bci\u201d r\u00f3wnie\u017c by\u0142a podobna do blackjacka. Jednak w tym przypadku suma wynosi\u0142a trzydzie\u015bci jeden zamiast dwudziestu jeden, a ponadto grano w ni\u0105 trzema kartami, a nie dwiema, jak w blackjacku.<\/p>\n<p>Pocz\u0105tkowo, gdy blackjack pojawi\u0142 si\u0119 w ameryka\u0144skich kasynach w 1910 roku, nie cieszy\u0142 si\u0119 du\u017c\u0105 popularno\u015bci\u0105. Domy hazardowe wprowadzi\u0142y r\u00f3\u017cne zach\u0119ty i bonusy, aby zach\u0119ci\u0107 graczy do gry. Pocz\u0105tkowo oferowana przez kasyno premia wynosi\u0142a 10 do 1. Niekt\u00f3re domy hazardowe doda\u0142y atrakcyjno\u015bci nowej grze, uznaj\u0105c zar\u00f3wno waleta trefl, jak i waleta pik, co dawa\u0142o wyp\u0142at\u0119 10 do 1.<\/p>\n<p>Kolejn\u0105 osobliwo\u015bci\u0105 jest spos\u00f3b u\u017cycia nazwy \u201eBlackjack\u201d w tej grze. M\u00f3wi si\u0119, \u017ce gra zosta\u0142a nazwana Blackjack, poniewa\u017c aby otrzyma\u0107 premi\u0119, gracz musia\u0142 mie\u0107 waleta pik lub asa pik jako dwie pierwsze karty.<\/p>\n<p>Chocia\u017c teraz walet nie jest ju\u017c wymagany do utworzenia zwyci\u0119skiej r\u0119ki, a ka\u017cda karta o warto\u015bci dziesi\u0119ciu z asem kwalifikuje si\u0119 jako zwyci\u0119ska r\u0119ka, nazwa Black Jack ma tak\u0105 w\u0142a\u015bnie nazw\u0119.<\/p>\n","protected":false},"excerpt":{"rendered":"<p>Kiedy po raz pierwszy grano w blackjacka Historycy hazardu maj\u0105 w\u0105tpliwo\u015bci co do historii i pochodzenia gry, kt\u00f3r\u0105 znamy jako blackjack. Nawet dzi\u015b jego historia jest gor\u0105cym tematem debaty wielu badaczy. Z historii gier karcianych wynika, \u017ce \u200b\u200bkarty do gry by\u0142y pierwotnie u\u017cywane w Chinach, Indiach i Egipcie ju\u017c w 900 roku n.e. Pierwsze gry [&hellip;]<\/p>\n","protected":false},"author":1,"featured_media":8883,"parent":8320,"menu_order":56,"comment_status":"closed","ping_status":"closed","template":"","meta":{"footnotes":""},"class_list":["post-8898","page","type-page","status-publish","has-post-thumbnail","hentry"],"yoast_head":"<!-- This site is optimized with the Yoast SEO plugin v27.3 - https:\/\/yoast.com\/product\/yoast-seo-wordpress\/ -->\n<title>Geneza gry karcianej Blackjack<\/title>\n<meta name=\"description\" content=\"Przeczytaj o historii Black Jacka, od popularnej gry ulicznej, przez rozrywk\u0119 kasynow\u0105, po kasyna online\" \/>\n<meta name=\"robots\" content=\"index, follow, max-snippet:-1, max-image-preview:large, max-video-preview:-1\" \/>\n<link rel=\"canonical\" href=\"https:\/\/gambling6.com\/pl\/kasyno\/pochodzenie-blackjacka\/\" \/>\n<meta property=\"og:locale\" content=\"pl_PL\" \/>\n<meta property=\"og:type\" content=\"article\" \/>\n<meta property=\"og:title\" content=\"Geneza gry karcianej Blackjack\" \/>\n<meta property=\"og:description\" content=\"Przeczytaj o historii Black Jacka, od popularnej gry ulicznej, przez rozrywk\u0119 kasynow\u0105, po kasyna online\" \/>\n<meta property=\"og:url\" content=\"https:\/\/gambling6.com\/pl\/kasyno\/pochodzenie-blackjacka\/\" \/>\n<meta property=\"og:site_name\" content=\"Gambling6\" \/>\n<meta property=\"og:image\" content=\"https:\/\/gambling6.com\/wp-content\/uploads\/2013\/12\/history-of-balck-jack.jpg\" \/>\n\t<meta property=\"og:image:width\" content=\"243\" \/>\n\t<meta property=\"og:image:height\" content=\"207\" \/>\n\t<meta property=\"og:image:type\" content=\"image\/jpeg\" \/>\n<meta name=\"twitter:card\" content=\"summary_large_image\" \/>\n<meta name=\"twitter:label1\" content=\"Szacowany czas czytania\" \/>\n\t<meta name=\"twitter:data1\" content=\"2 minuty\" \/>\n<script type=\"application\/ld+json\" class=\"yoast-schema-graph\">{\"@context\":\"https:\\\/\\\/schema.org\",\"@graph\":[{\"@type\":\"WebPage\",\"@id\":\"https:\\\/\\\/gambling6.com\\\/pl\\\/kasyno\\\/pochodzenie-blackjacka\\\/\",\"url\":\"https:\\\/\\\/gambling6.com\\\/pl\\\/kasyno\\\/pochodzenie-blackjacka\\\/\",\"name\":\"Geneza gry karcianej Blackjack\",\"isPartOf\":{\"@id\":\"https:\\\/\\\/gambling6.com\\\/pl\\\/#website\"},\"primaryImageOfPage\":{\"@id\":\"https:\\\/\\\/gambling6.com\\\/pl\\\/kasyno\\\/pochodzenie-blackjacka\\\/#primaryimage\"},\"image\":{\"@id\":\"https:\\\/\\\/gambling6.com\\\/pl\\\/kasyno\\\/pochodzenie-blackjacka\\\/#primaryimage\"},\"thumbnailUrl\":\"https:\\\/\\\/gambling6.com\\\/wp-content\\\/uploads\\\/2013\\\/12\\\/history-of-balck-jack.jpg\",\"datePublished\":\"2025-11-08T09:33:33+00:00\",\"description\":\"Przeczytaj o historii Black Jacka, od popularnej gry ulicznej, przez rozrywk\u0119 kasynow\u0105, po kasyna online\",\"breadcrumb\":{\"@id\":\"https:\\\/\\\/gambling6.com\\\/pl\\\/kasyno\\\/pochodzenie-blackjacka\\\/#breadcrumb\"},\"inLanguage\":\"pl-PL\",\"potentialAction\":[{\"@type\":\"ReadAction\",\"target\":[\"https:\\\/\\\/gambling6.com\\\/pl\\\/kasyno\\\/pochodzenie-blackjacka\\\/\"]}]},{\"@type\":\"ImageObject\",\"inLanguage\":\"pl-PL\",\"@id\":\"https:\\\/\\\/gambling6.com\\\/pl\\\/kasyno\\\/pochodzenie-blackjacka\\\/#primaryimage\",\"url\":\"https:\\\/\\\/gambling6.com\\\/wp-content\\\/uploads\\\/2013\\\/12\\\/history-of-balck-jack.jpg\",\"contentUrl\":\"https:\\\/\\\/gambling6.com\\\/wp-content\\\/uploads\\\/2013\\\/12\\\/history-of-balck-jack.jpg\",\"width\":243,\"height\":207,\"caption\":\"blackjack\"},{\"@type\":\"BreadcrumbList\",\"@id\":\"https:\\\/\\\/gambling6.com\\\/pl\\\/kasyno\\\/pochodzenie-blackjacka\\\/#breadcrumb\",\"itemListElement\":[{\"@type\":\"ListItem\",\"position\":1,\"name\":\"Home\",\"item\":\"https:\\\/\\\/gambling6.com\\\/pl\\\/home\\\/\"},{\"@type\":\"ListItem\",\"position\":2,\"name\":\"Kasyno\",\"item\":\"https:\\\/\\\/gambling6.com\\\/pl\\\/get-started-with-online-gambling\\\/\"},{\"@type\":\"ListItem\",\"position\":3,\"name\":\"Pochodzenie Blackjacka\"}]},{\"@type\":\"WebSite\",\"@id\":\"https:\\\/\\\/gambling6.com\\\/pl\\\/#website\",\"url\":\"https:\\\/\\\/gambling6.com\\\/pl\\\/\",\"name\":\"Gambling6\",\"description\":\"\",\"potentialAction\":[{\"@type\":\"SearchAction\",\"target\":{\"@type\":\"EntryPoint\",\"urlTemplate\":\"https:\\\/\\\/gambling6.com\\\/pl\\\/?s={search_term_string}\"},\"query-input\":{\"@type\":\"PropertyValueSpecification\",\"valueRequired\":true,\"valueName\":\"search_term_string\"}}],\"inLanguage\":\"pl-PL\"}]}<\/script>\n<!-- \/ Yoast SEO plugin. -->","yoast_head_json":{"title":"Geneza gry karcianej Blackjack","description":"Przeczytaj o historii Black Jacka, od popularnej gry ulicznej, przez rozrywk\u0119 kasynow\u0105, po kasyna online","robots":{"index":"index","follow":"follow","max-snippet":"max-snippet:-1","max-image-preview":"max-image-preview:large","max-video-preview":"max-video-preview:-1"},"canonical":"https:\/\/gambling6.com\/pl\/kasyno\/pochodzenie-blackjacka\/","og_locale":"pl_PL","og_type":"article","og_title":"Geneza gry karcianej Blackjack","og_description":"Przeczytaj o historii Black Jacka, od popularnej gry ulicznej, przez rozrywk\u0119 kasynow\u0105, po kasyna online","og_url":"https:\/\/gambling6.com\/pl\/kasyno\/pochodzenie-blackjacka\/","og_site_name":"Gambling6","og_image":[{"width":243,"height":207,"url":"https:\/\/gambling6.com\/wp-content\/uploads\/2013\/12\/history-of-balck-jack.jpg","type":"image\/jpeg"}],"twitter_card":"summary_large_image","twitter_misc":{"Szacowany czas czytania":"2 minuty"},"schema":{"@context":"https:\/\/schema.org","@graph":[{"@type":"WebPage","@id":"https:\/\/gambling6.com\/pl\/kasyno\/pochodzenie-blackjacka\/","url":"https:\/\/gambling6.com\/pl\/kasyno\/pochodzenie-blackjacka\/","name":"Geneza gry karcianej Blackjack","isPartOf":{"@id":"https:\/\/gambling6.com\/pl\/#website"},"primaryImageOfPage":{"@id":"https:\/\/gambling6.com\/pl\/kasyno\/pochodzenie-blackjacka\/#primaryimage"},"image":{"@id":"https:\/\/gambling6.com\/pl\/kasyno\/pochodzenie-blackjacka\/#primaryimage"},"thumbnailUrl":"https:\/\/gambling6.com\/wp-content\/uploads\/2013\/12\/history-of-balck-jack.jpg","datePublished":"2025-11-08T09:33:33+00:00","description":"Przeczytaj o historii Black Jacka, od popularnej gry ulicznej, przez rozrywk\u0119 kasynow\u0105, po kasyna online","breadcrumb":{"@id":"https:\/\/gambling6.com\/pl\/kasyno\/pochodzenie-blackjacka\/#breadcrumb"},"inLanguage":"pl-PL","potentialAction":[{"@type":"ReadAction","target":["https:\/\/gambling6.com\/pl\/kasyno\/pochodzenie-blackjacka\/"]}]},{"@type":"ImageObject","inLanguage":"pl-PL","@id":"https:\/\/gambling6.com\/pl\/kasyno\/pochodzenie-blackjacka\/#primaryimage","url":"https:\/\/gambling6.com\/wp-content\/uploads\/2013\/12\/history-of-balck-jack.jpg","contentUrl":"https:\/\/gambling6.com\/wp-content\/uploads\/2013\/12\/history-of-balck-jack.jpg","width":243,"height":207,"caption":"blackjack"},{"@type":"BreadcrumbList","@id":"https:\/\/gambling6.com\/pl\/kasyno\/pochodzenie-blackjacka\/#breadcrumb","itemListElement":[{"@type":"ListItem","position":1,"name":"Home","item":"https:\/\/gambling6.com\/pl\/home\/"},{"@type":"ListItem","position":2,"name":"Kasyno","item":"https:\/\/gambling6.com\/pl\/get-started-with-online-gambling\/"},{"@type":"ListItem","position":3,"name":"Pochodzenie Blackjacka"}]},{"@type":"WebSite","@id":"https:\/\/gambling6.com\/pl\/#website","url":"https:\/\/gambling6.com\/pl\/","name":"Gambling6","description":"","potentialAction":[{"@type":"SearchAction","target":{"@type":"EntryPoint","urlTemplate":"https:\/\/gambling6.com\/pl\/?s={search_term_string}"},"query-input":{"@type":"PropertyValueSpecification","valueRequired":true,"valueName":"search_term_string"}}],"inLanguage":"pl-PL"}]}},"_links":{"self":[{"href":"https:\/\/gambling6.com\/pl\/wp-json\/wp\/v2\/pages\/8898","targetHints":{"allow":["GET"]}}],"collection":[{"href":"https:\/\/gambling6.com\/pl\/wp-json\/wp\/v2\/pages"}],"about":[{"href":"https:\/\/gambling6.com\/pl\/wp-json\/wp\/v2\/types\/page"}],"author":[{"embeddable":true,"href":"https:\/\/gambling6.com\/pl\/wp-json\/wp\/v2\/users\/1"}],"replies":[{"embeddable":true,"href":"https:\/\/gambling6.com\/pl\/wp-json\/wp\/v2\/comments?post=8898"}],"version-history":[{"count":0,"href":"https:\/\/gambling6.com\/pl\/wp-json\/wp\/v2\/pages\/8898\/revisions"}],"up":[{"embeddable":true,"href":"https:\/\/gambling6.com\/pl\/wp-json\/wp\/v2\/pages\/8320"}],"wp:featuredmedia":[{"embeddable":true,"href":"https:\/\/gambling6.com\/pl\/wp-json\/wp\/v2\/media\/8883"}],"wp:attachment":[{"href":"https:\/\/gambling6.com\/pl\/wp-json\/wp\/v2\/media?parent=8898"}],"curies":[{"name":"wp","href":"https:\/\/api.w.org\/{rel}","templated":true}]}}