{"id":8942,"date":"2025-11-08T10:22:45","date_gmt":"2025-11-08T10:22:45","guid":{"rendered":"https:\/\/gambling6.com\/kasyno\/wszystko-co-musisz-wiedziec-o-automatach-online\/"},"modified":"2025-11-12T09:42:14","modified_gmt":"2025-11-12T09:42:14","slug":"wszystko-co-musisz-wiedziec-o-automatach-online","status":"publish","type":"page","link":"https:\/\/gambling6.com\/pl\/kasyno\/wszystko-co-musisz-wiedziec-o-automatach-online\/","title":{"rendered":"Wszystko, co musisz wiedzie\u0107 o automatach online"},"content":{"rendered":"<h2>Granie w sloty \u2013 najpopularniejsza gra kasynowa online<\/h2>\n<p>Sloty online s\u0105 najpopularniejszym wyborem w\u015br\u00f3d graczy kasynowych i jest ku temu wiele powod\u00f3w. Cho\u0107 na pierwszy rzut oka gry wydaj\u0105 si\u0119 proste, w rzeczywisto\u015bci jest wiele rzeczy, kt\u00f3re warto o nich wiedzie\u0107, aby poprawi\u0107 swoje wyniki i zapewni\u0107 sobie lepsze wra\u017cenia z gry online. Aby uzyska\u0107 informacje na temat r\u00f3\u017cnych element\u00f3w dotycz\u0105cych slot\u00f3w na prawdziwe pieni\u0105dze, odwied\u017a nasz\u0105 stron\u0119 internetow\u0105, kt\u00f3ra uczy graczy, jak dzia\u0142a gra i jakich strategii mog\u0105 u\u017cy\u0107.<\/p>\n<h2>Przedstawiamy sloty online<\/h2>\n<p><img loading=\"lazy\" decoding=\"async\" class=\" alignright size-full wp-image-370\" style=\"margin: 5px; float: right;\" src=\"http:\/\/gambling6.com\/wp-content\/uploads\/2013\/12\/Slots-150x150.jpg\" alt=\"Slots-150x150\" width=\"150\" height=\"150\" \/>Automaty do gry ciesz\u0105 si\u0119 du\u017c\u0105 popularno\u015bci\u0105 w kasynach stacjonarnych i zazwyczaj wype\u0142niaj\u0105 du\u017ce pomieszczenia, aby sprosta\u0107 wysokiemu popytowi. W rzeczywisto\u015bci, w godzinach szczytu, jest bardzo prawdopodobne, \u017ce nie znajdziesz automatu do gry w popularnych kasynach. Koncepcja gry jest prosta: na 3 lub 5 obracaj\u0105cych si\u0119 b\u0119bnach znajduje si\u0119 kilka symboli. Gracz musi postawi\u0107 zak\u0142ad i wybra\u0107 liczb\u0119 linii, na kt\u00f3rych chce gra\u0107.<\/p>\n<p>Nast\u0119pnie mo\u017ce zakr\u0119ci\u0107 b\u0119bnami, a je\u015bli symbole zatrzymaj\u0105 si\u0119 w okre\u015blonej kombinacji na ka\u017cdej wybranej linii, gra przyzna nagrod\u0119 w oparciu o szanse i wysoko\u015b\u0107 zak\u0142adu. To w\u0142a\u015bnie ta prostota gry, w po\u0142\u0105czeniu z mo\u017cliwo\u015bci\u0105 wygrania ogromnych nagr\u00f3d, sprawi\u0142a, \u017ce \u200b\u200bsta\u0142a si\u0119 ona tak popularna. Wraz ze wzrostem popularno\u015bci kasyn online na przestrzeni lat, sloty wci\u0105\u017c ciesz\u0105 si\u0119 popularno\u015bci\u0105, poniewa\u017c gracze przenie\u015bli si\u0119 do sieci, aby uzyska\u0107 \u0142atwiejszy dost\u0119p do swoich ulubionych gier.<\/p>\n<p>Obowi\u0105zuj\u0105 te same zasady, ale sloty online wykorzystuj\u0105 teraz generatory liczb losowych, aby okre\u015bli\u0107, kt\u00f3re symbole pojawi\u0105 si\u0119 po zatrzymaniu b\u0119bn\u00f3w. Teoretycznie szanse na wygran\u0105 w slotach pozostaj\u0105 takie same, ale wi\u0119kszo\u015b\u0107 graczy twierdzi, \u017ce sloty online s\u0105 znacznie bardziej dochodowe, poniewa\u017c nie s\u0105 w \u017caden spos\u00f3b modyfikowane w zale\u017cno\u015bci od ich lokalizacji w kasynie.<\/p>\n<h2>Nowe mo\u017cliwo\u015bci online<\/h2>\n<p>Sloty online naprawd\u0119 zyska\u0142y na popularno\u015bci w ci\u0105gu ostatnich kilku lat, a internet da\u0142 tw\u00f3rcom oprogramowania szans\u0119 na przeniesienie gry na wy\u017cszy poziom. Gracze mog\u0105 teraz wybiera\u0107 spo\u015br\u00f3d du\u017cej liczby linii wyp\u0142at. Ka\u017cda dodatkowa linia ma takie same szanse na trafienie zwyci\u0119skiej kombinacji, wi\u0119c gracz ma mo\u017cliwo\u015b\u0107 wp\u0142acenia wi\u0119kszej kwoty i zagrania wi\u0119kszej liczby linii w jednym obrocie. Internet zapewni\u0142 r\u00f3wnie\u017c najlepszy spos\u00f3b na rozszerzenie slot\u00f3w online w oparciu o ich motyw i styl. Nowe tytu\u0142y pojawiaj\u0105 si\u0119 do\u015b\u0107 cz\u0119sto i mog\u0105 obejmowa\u0107 r\u00f3\u017cnorodn\u0105 tematyk\u0119, a mo\u017cliwo\u015bci s\u0105 ograniczone jedynie wyobra\u017ani\u0105. Popularne filmy, takie jak \u201eMroczny Rycerz\u201d i \u201eGladiator\u201d, inspiruj\u0105 tw\u00f3rc\u00f3w automat\u00f3w online.<\/p>\n<p>Jednym z najlepszych kasyn oferuj\u0105cych gry kasynowe o atrakcyjnej tematyce i przyci\u0105gaj\u0105cym wzrok designie jest zdecydowanie 888 Casino. <a class=\"thirstylink\" title=\"888 casino en\" href=\"https:\/\/gambling6.com\/go\/888-casino-en\/\" target=\"_blank\" rel=\"nofollow noopener\">Je\u015bli chcesz je wypr\u00f3bowa\u0107, kliknij ten link \u2013 nie zawiedziesz si\u0119.<\/a><\/p>\n<h2>Automaty progresywne<\/h2>\n<p>Automaty progresywne mo\u017cna znale\u017a\u0107 r\u00f3wnie\u017c w kasynach stacjonarnych, ale ciesz\u0105 si\u0119 one ogromn\u0105 popularno\u015bci\u0105 online. Idea polega na tym, \u017ce kasyno \u0142\u0105czy ze sob\u0105 kilka automat\u00f3w, tak aby ka\u017cdy zak\u0142ad na nich m\u00f3g\u0142 przyczyni\u0107 si\u0119 do jednego standardowego jackpota, kt\u00f3ry mo\u017cna wygra\u0107 w dowolnym momencie. W przypadku kasyn online \u0142\u0105czenie tych gier jest znacznie \u0142atwiejsze, co pozwala wi\u0119kszej liczbie u\u017cytkownik\u00f3w gra\u0107 w t\u0119 sam\u0105 gr\u0119. W rezultacie powstaj\u0105 bardzo popularne sloty progresywne, kt\u00f3re mog\u0105 dawa\u0107 miliony dolar\u00f3w co kilka miesi\u0119cy.<\/p>\n<p>Jackpot ro\u015bnie z ka\u017cdym dodatkowym zak\u0142adem postawionym przez graczy, a\u017c kto\u015b trafi zwyci\u0119sk\u0105 kombinacj\u0119 i zgarnie ca\u0142\u0105 kwot\u0119. Na przyk\u0142ad, w slocie online o tematyce pokerowej, jackpot wygrywa si\u0119, trafiaj\u0105c pokera kr\u00f3lewskiego. Oczywi\u015bcie, s\u0105 te\u017c mniejsze nagrody za inne, cz\u0119\u015bciej pojawiaj\u0105ce si\u0119 kombinacje, wi\u0119c gracze nie obstawiaj\u0105 tylko jackpota. Popularne sloty progresywne mo\u017cna znale\u017a\u0107 w kilku kasynach online jednocze\u015bnie, o ile korzystaj\u0105 z tego samego dostawcy oprogramowania.<\/p>\n<h2>Strategie dla slot\u00f3w online<\/h2>\n<p>Chocia\u017c sloty to gra czysto losowa, kilka przydatnych wskaz\u00f3wek mo\u017ce pom\u00f3c zwi\u0119kszy\u0107 zyski. Najwa\u017cniejsze jest to, \u017ce spin nie jest zale\u017cny od poprzedniego; ka\u017cdy spin ma takie same szanse. Wielu graczy wierzy, \u017ce je\u015bli b\u0119d\u0105 gra\u0107 wystarczaj\u0105co d\u0142ugo, w ko\u0144cu wygraj\u0105 du\u017c\u0105 nagrod\u0119. Najlepszym sposobem na wygran\u0105 w slotach online jest odpowiednie zarz\u0105dzanie swoim kapita\u0142em, unikaj\u0105c niepotrzebnego ryzyka na wczesnym etapie. Oznacza to, \u017ce powiniene\u015b gra\u0107 na mniejszej liczbie linii i unika\u0107 gier z funkcj\u0105 \u201epodw\u00f3jna albo nic\u201d. Aby lepiej pozna\u0107 zasady gry, mo\u017cesz najpierw zagra\u0107 na wirtualne pieni\u0105dze.<\/p>\n","protected":false},"excerpt":{"rendered":"<p>Granie w sloty \u2013 najpopularniejsza gra kasynowa online Sloty online s\u0105 najpopularniejszym wyborem w\u015br\u00f3d graczy kasynowych i jest ku temu wiele powod\u00f3w. Cho\u0107 na pierwszy rzut oka gry wydaj\u0105 si\u0119 proste, w rzeczywisto\u015bci jest wiele rzeczy, kt\u00f3re warto o nich wiedzie\u0107, aby poprawi\u0107 swoje wyniki i zapewni\u0107 sobie lepsze wra\u017cenia z gry online. Aby uzyska\u0107 [&hellip;]<\/p>\n","protected":false},"author":1,"featured_media":8927,"parent":8320,"menu_order":42,"comment_status":"closed","ping_status":"closed","template":"","meta":{"footnotes":""},"class_list":["post-8942","page","type-page","status-publish","has-post-thumbnail","hentry"],"yoast_head":"<!-- This site is optimized with the Yoast SEO plugin v27.4 - https:\/\/yoast.com\/product\/yoast-seo-wordpress\/ -->\n<title>Informacje o grach slotowych online<\/title>\n<meta name=\"description\" content=\"Dowiedz si\u0119, jak gra\u0107 w sloty online i zgarnia\u0107 miliony dolar\u00f3w w progresywnych jackpotach za pomoc\u0105 jednego klikni\u0119cia przycisku myszy.\" \/>\n<meta name=\"robots\" content=\"index, follow, max-snippet:-1, max-image-preview:large, max-video-preview:-1\" \/>\n<link rel=\"canonical\" href=\"https:\/\/gambling6.com\/pl\/kasyno\/wszystko-co-musisz-wiedziec-o-automatach-online\/\" \/>\n<meta property=\"og:locale\" content=\"pl_PL\" \/>\n<meta property=\"og:type\" content=\"article\" \/>\n<meta property=\"og:title\" content=\"Informacje o grach slotowych online\" \/>\n<meta property=\"og:description\" content=\"Dowiedz si\u0119, jak gra\u0107 w sloty online i zgarnia\u0107 miliony dolar\u00f3w w progresywnych jackpotach za pomoc\u0105 jednego klikni\u0119cia przycisku myszy.\" \/>\n<meta property=\"og:url\" content=\"https:\/\/gambling6.com\/pl\/kasyno\/wszystko-co-musisz-wiedziec-o-automatach-online\/\" \/>\n<meta property=\"og:site_name\" content=\"Gambling6\" \/>\n<meta property=\"article:modified_time\" content=\"2025-11-12T09:42:14+00:00\" \/>\n<meta property=\"og:image\" content=\"https:\/\/gambling6.com\/wp-content\/uploads\/2013\/12\/Slots-150x150.jpg\" \/>\n\t<meta property=\"og:image:width\" content=\"150\" \/>\n\t<meta property=\"og:image:height\" content=\"150\" \/>\n\t<meta property=\"og:image:type\" content=\"image\/jpeg\" \/>\n<meta name=\"twitter:card\" content=\"summary_large_image\" \/>\n<meta name=\"twitter:label1\" content=\"Szacowany czas czytania\" \/>\n\t<meta name=\"twitter:data1\" content=\"4 minuty\" \/>\n<script type=\"application\/ld+json\" class=\"yoast-schema-graph\">{\"@context\":\"https:\\\/\\\/schema.org\",\"@graph\":[{\"@type\":\"WebPage\",\"@id\":\"https:\\\/\\\/gambling6.com\\\/pl\\\/kasyno\\\/wszystko-co-musisz-wiedziec-o-automatach-online\\\/\",\"url\":\"https:\\\/\\\/gambling6.com\\\/pl\\\/kasyno\\\/wszystko-co-musisz-wiedziec-o-automatach-online\\\/\",\"name\":\"Informacje o grach slotowych online\",\"isPartOf\":{\"@id\":\"https:\\\/\\\/gambling6.com\\\/pl\\\/#website\"},\"primaryImageOfPage\":{\"@id\":\"https:\\\/\\\/gambling6.com\\\/pl\\\/kasyno\\\/wszystko-co-musisz-wiedziec-o-automatach-online\\\/#primaryimage\"},\"image\":{\"@id\":\"https:\\\/\\\/gambling6.com\\\/pl\\\/kasyno\\\/wszystko-co-musisz-wiedziec-o-automatach-online\\\/#primaryimage\"},\"thumbnailUrl\":\"https:\\\/\\\/gambling6.com\\\/wp-content\\\/uploads\\\/2013\\\/12\\\/Slots-150x150.jpg\",\"datePublished\":\"2025-11-08T10:22:45+00:00\",\"dateModified\":\"2025-11-12T09:42:14+00:00\",\"description\":\"Dowiedz si\u0119, jak gra\u0107 w sloty online i zgarnia\u0107 miliony dolar\u00f3w w progresywnych jackpotach za pomoc\u0105 jednego klikni\u0119cia przycisku myszy.\",\"breadcrumb\":{\"@id\":\"https:\\\/\\\/gambling6.com\\\/pl\\\/kasyno\\\/wszystko-co-musisz-wiedziec-o-automatach-online\\\/#breadcrumb\"},\"inLanguage\":\"pl-PL\",\"potentialAction\":[{\"@type\":\"ReadAction\",\"target\":[\"https:\\\/\\\/gambling6.com\\\/pl\\\/kasyno\\\/wszystko-co-musisz-wiedziec-o-automatach-online\\\/\"]}]},{\"@type\":\"ImageObject\",\"inLanguage\":\"pl-PL\",\"@id\":\"https:\\\/\\\/gambling6.com\\\/pl\\\/kasyno\\\/wszystko-co-musisz-wiedziec-o-automatach-online\\\/#primaryimage\",\"url\":\"https:\\\/\\\/gambling6.com\\\/wp-content\\\/uploads\\\/2013\\\/12\\\/Slots-150x150.jpg\",\"contentUrl\":\"https:\\\/\\\/gambling6.com\\\/wp-content\\\/uploads\\\/2013\\\/12\\\/Slots-150x150.jpg\",\"width\":150,\"height\":150},{\"@type\":\"BreadcrumbList\",\"@id\":\"https:\\\/\\\/gambling6.com\\\/pl\\\/kasyno\\\/wszystko-co-musisz-wiedziec-o-automatach-online\\\/#breadcrumb\",\"itemListElement\":[{\"@type\":\"ListItem\",\"position\":1,\"name\":\"Home\",\"item\":\"https:\\\/\\\/gambling6.com\\\/pl\\\/home\\\/\"},{\"@type\":\"ListItem\",\"position\":2,\"name\":\"Kasyno\",\"item\":\"https:\\\/\\\/gambling6.com\\\/pl\\\/get-started-with-online-gambling\\\/\"},{\"@type\":\"ListItem\",\"position\":3,\"name\":\"Wszystko, co musisz wiedzie\u0107 o automatach online\"}]},{\"@type\":\"WebSite\",\"@id\":\"https:\\\/\\\/gambling6.com\\\/pl\\\/#website\",\"url\":\"https:\\\/\\\/gambling6.com\\\/pl\\\/\",\"name\":\"Gambling6\",\"description\":\"\",\"potentialAction\":[{\"@type\":\"SearchAction\",\"target\":{\"@type\":\"EntryPoint\",\"urlTemplate\":\"https:\\\/\\\/gambling6.com\\\/pl\\\/?s={search_term_string}\"},\"query-input\":{\"@type\":\"PropertyValueSpecification\",\"valueRequired\":true,\"valueName\":\"search_term_string\"}}],\"inLanguage\":\"pl-PL\"}]}<\/script>\n<!-- \/ Yoast SEO plugin. -->","yoast_head_json":{"title":"Informacje o grach slotowych online","description":"Dowiedz si\u0119, jak gra\u0107 w sloty online i zgarnia\u0107 miliony dolar\u00f3w w progresywnych jackpotach za pomoc\u0105 jednego klikni\u0119cia przycisku myszy.","robots":{"index":"index","follow":"follow","max-snippet":"max-snippet:-1","max-image-preview":"max-image-preview:large","max-video-preview":"max-video-preview:-1"},"canonical":"https:\/\/gambling6.com\/pl\/kasyno\/wszystko-co-musisz-wiedziec-o-automatach-online\/","og_locale":"pl_PL","og_type":"article","og_title":"Informacje o grach slotowych online","og_description":"Dowiedz si\u0119, jak gra\u0107 w sloty online i zgarnia\u0107 miliony dolar\u00f3w w progresywnych jackpotach za pomoc\u0105 jednego klikni\u0119cia przycisku myszy.","og_url":"https:\/\/gambling6.com\/pl\/kasyno\/wszystko-co-musisz-wiedziec-o-automatach-online\/","og_site_name":"Gambling6","article_modified_time":"2025-11-12T09:42:14+00:00","og_image":[{"width":150,"height":150,"url":"https:\/\/gambling6.com\/wp-content\/uploads\/2013\/12\/Slots-150x150.jpg","type":"image\/jpeg"}],"twitter_card":"summary_large_image","twitter_misc":{"Szacowany czas czytania":"4 minuty"},"schema":{"@context":"https:\/\/schema.org","@graph":[{"@type":"WebPage","@id":"https:\/\/gambling6.com\/pl\/kasyno\/wszystko-co-musisz-wiedziec-o-automatach-online\/","url":"https:\/\/gambling6.com\/pl\/kasyno\/wszystko-co-musisz-wiedziec-o-automatach-online\/","name":"Informacje o grach slotowych online","isPartOf":{"@id":"https:\/\/gambling6.com\/pl\/#website"},"primaryImageOfPage":{"@id":"https:\/\/gambling6.com\/pl\/kasyno\/wszystko-co-musisz-wiedziec-o-automatach-online\/#primaryimage"},"image":{"@id":"https:\/\/gambling6.com\/pl\/kasyno\/wszystko-co-musisz-wiedziec-o-automatach-online\/#primaryimage"},"thumbnailUrl":"https:\/\/gambling6.com\/wp-content\/uploads\/2013\/12\/Slots-150x150.jpg","datePublished":"2025-11-08T10:22:45+00:00","dateModified":"2025-11-12T09:42:14+00:00","description":"Dowiedz si\u0119, jak gra\u0107 w sloty online i zgarnia\u0107 miliony dolar\u00f3w w progresywnych jackpotach za pomoc\u0105 jednego klikni\u0119cia przycisku myszy.","breadcrumb":{"@id":"https:\/\/gambling6.com\/pl\/kasyno\/wszystko-co-musisz-wiedziec-o-automatach-online\/#breadcrumb"},"inLanguage":"pl-PL","potentialAction":[{"@type":"ReadAction","target":["https:\/\/gambling6.com\/pl\/kasyno\/wszystko-co-musisz-wiedziec-o-automatach-online\/"]}]},{"@type":"ImageObject","inLanguage":"pl-PL","@id":"https:\/\/gambling6.com\/pl\/kasyno\/wszystko-co-musisz-wiedziec-o-automatach-online\/#primaryimage","url":"https:\/\/gambling6.com\/wp-content\/uploads\/2013\/12\/Slots-150x150.jpg","contentUrl":"https:\/\/gambling6.com\/wp-content\/uploads\/2013\/12\/Slots-150x150.jpg","width":150,"height":150},{"@type":"BreadcrumbList","@id":"https:\/\/gambling6.com\/pl\/kasyno\/wszystko-co-musisz-wiedziec-o-automatach-online\/#breadcrumb","itemListElement":[{"@type":"ListItem","position":1,"name":"Home","item":"https:\/\/gambling6.com\/pl\/home\/"},{"@type":"ListItem","position":2,"name":"Kasyno","item":"https:\/\/gambling6.com\/pl\/get-started-with-online-gambling\/"},{"@type":"ListItem","position":3,"name":"Wszystko, co musisz wiedzie\u0107 o automatach online"}]},{"@type":"WebSite","@id":"https:\/\/gambling6.com\/pl\/#website","url":"https:\/\/gambling6.com\/pl\/","name":"Gambling6","description":"","potentialAction":[{"@type":"SearchAction","target":{"@type":"EntryPoint","urlTemplate":"https:\/\/gambling6.com\/pl\/?s={search_term_string}"},"query-input":{"@type":"PropertyValueSpecification","valueRequired":true,"valueName":"search_term_string"}}],"inLanguage":"pl-PL"}]}},"_links":{"self":[{"href":"https:\/\/gambling6.com\/pl\/wp-json\/wp\/v2\/pages\/8942","targetHints":{"allow":["GET"]}}],"collection":[{"href":"https:\/\/gambling6.com\/pl\/wp-json\/wp\/v2\/pages"}],"about":[{"href":"https:\/\/gambling6.com\/pl\/wp-json\/wp\/v2\/types\/page"}],"author":[{"embeddable":true,"href":"https:\/\/gambling6.com\/pl\/wp-json\/wp\/v2\/users\/1"}],"replies":[{"embeddable":true,"href":"https:\/\/gambling6.com\/pl\/wp-json\/wp\/v2\/comments?post=8942"}],"version-history":[{"count":1,"href":"https:\/\/gambling6.com\/pl\/wp-json\/wp\/v2\/pages\/8942\/revisions"}],"predecessor-version":[{"id":10489,"href":"https:\/\/gambling6.com\/pl\/wp-json\/wp\/v2\/pages\/8942\/revisions\/10489"}],"up":[{"embeddable":true,"href":"https:\/\/gambling6.com\/pl\/wp-json\/wp\/v2\/pages\/8320"}],"wp:featuredmedia":[{"embeddable":true,"href":"https:\/\/gambling6.com\/pl\/wp-json\/wp\/v2\/media\/8927"}],"wp:attachment":[{"href":"https:\/\/gambling6.com\/pl\/wp-json\/wp\/v2\/media?parent=8942"}],"curies":[{"name":"wp","href":"https:\/\/api.w.org\/{rel}","templated":true}]}}