{"id":8967,"date":"2025-11-08T12:11:12","date_gmt":"2025-11-08T12:11:12","guid":{"rendered":"https:\/\/gambling6.com\/kasyno\/gdzie-znalezc-najwyzszej-jakosci-sloty-online\/"},"modified":"2025-11-08T12:11:12","modified_gmt":"2025-11-08T12:11:12","slug":"gdzie-znalezc-najwyzszej-jakosci-sloty-online","status":"publish","type":"page","link":"https:\/\/gambling6.com\/pl\/kasyno\/gdzie-znalezc-najwyzszej-jakosci-sloty-online\/","title":{"rendered":"Gdzie znale\u017a\u0107 najwy\u017cszej jako\u015bci sloty online"},"content":{"rendered":"<h2>Wysokiej jako\u015bci kasyna z automatami online<\/h2>\n<p>Je\u015bli chodzi o kasyna online, automaty zazwyczaj zajmuj\u0105 pierwsze miejsce pod wzgl\u0119dem r\u00f3\u017cnorodno\u015bci, liczby graczy i jackpot\u00f3w. Oczywi\u015bcie, \u0142atwo zrozumie\u0107, dlaczego gry na automatach online s\u0105 tak popularne \u2013 wystarczy jeden obr\u00f3t symbolami, a ka\u017cdy gracz ma szans\u0119 na wygranie du\u017cych nagr\u00f3d, nawet milion\u00f3w dolar\u00f3w. W rzeczywisto\u015bci automaty online s\u0105 tak popularne, \u017ce niekt\u00f3re kasyna oferuj\u0105 specjalne bonusy tylko dla tych gier, poniewa\u017c gracze rejestruj\u0105 si\u0119 tylko po to, aby gra\u0107 w r\u00f3\u017cne automaty i nie interesuj\u0105 si\u0119 niczym innym. Poniewa\u017c najlepsz\u0105 strategi\u0105 w automatach online jest granie wi\u0119cej, te bonusy szybko si\u0119 przydaj\u0105.<\/p>\n<h2>Dostawcy oprogramowania do gier kasynowych<\/h2>\n<p><img loading=\"lazy\" decoding=\"async\" class=\"size-full wp-image-400 alignright\" src=\"https:\/\/gambling6.com\/wp-content\/uploads\/2013\/12\/mobile-gambling-150x150.jpg\" alt=\"automaty do gier online\" width=\"150\" height=\"150\" \/>Ka\u017cde kasyno online jest obs\u0142ugiwane przez programist\u0119, a wiele firm zyska\u0142o sobie renom\u0119, oferuj\u0105c jedne z naj\u0142adniejszych gier kasynowych w internecie. Kliknij link, je\u015bli nie wiesz, jakie oprogramowanie do gier slotowych wybra\u0107, a znajdziesz tam dwie najpopularniejsze marki w bran\u017cy.<\/p>\n<h2>Granie w najlepsze gry slotowe w internecie<\/h2>\n<p>Grafika i funkcje mog\u0105 si\u0119 znacznie r\u00f3\u017cni\u0107 w zale\u017cno\u015bci od oprogramowania, dlatego zawsze warto sprawdzi\u0107 kilka opcji i wybra\u0107 t\u0119, kt\u00f3ra najbardziej Ci odpowiada. Wiedz\u0105c, jak wygl\u0105daj\u0105 niekt\u00f3re gry od konkretnego producenta oprogramowania, mo\u017cesz znacznie u\u0142atwi\u0107 sobie poszukiwanie nowego kasyna online. Chocia\u017c niekt\u00f3re strony oferuj\u0105 kilka unikalnych gier, zaprojektowanych specjalnie dla danego kasyna online, wszystkie strony obs\u0142ugiwane przez tego samego dostawc\u0119 oprogramowania oferuj\u0105 praktycznie te same gry. Aby zapewni\u0107 zadowolenie klient\u00f3w, niekt\u00f3re kasyna online oferuj\u0105 gry od kilku dostawc\u00f3w oprogramowania, co zawsze jest mi\u0142ym widokiem.<\/p>\n<h3>Gry slotowe online<\/h3>\n<p>Przy tak wielu kasynach online oferuj\u0105cych gry slotowe od r\u00f3\u017cnych dostawc\u00f3w, bardzo trudno jest okre\u015bli\u0107, kt\u00f3re z nich s\u0105 rzeczywi\u015bcie najlepsze. To gwarantuje wspania\u0142e wra\u017cenia z gry za ka\u017cdym razem. Sprawd\u017a t\u0119 opcj\u0119, kt\u00f3ra jest obecnie uwa\u017cana za kasyno z najlepszymi slotami w internecie, poniewa\u017c oferuje praktycznie wszystko. Wymieniona tutaj strona mo\u017ce ulec zmianie, je\u015bli pojawi si\u0119 lepsza opcja, ale na razie najlepsz\u0105 stron\u0105 do gry w sloty jest 888 Casino. 888 to jeden z lider\u00f3w w bran\u017cy hazardu online, z du\u017cym zak\u0142adem bukmacherskim, realistycznym pokojem pokerowym i du\u017cym kasynem.<\/p>\n<p>To, co sprawia, \u017ce \u200b\u200bkasyno 888 jest tak doskona\u0142ym miejscem do gry w sloty, to d\u0142uga lista gier od Playtech, IGT, Microgaming i kilku innych. Nowemu graczowi zajmie kilka dni zapoznanie si\u0119 ze wszystkimi dost\u0119pnymi grami, a r\u00f3\u017cnorodno\u015b\u0107 styl\u00f3w gwarantuje, \u017ce nigdy si\u0119 nie znudzi.<\/p>\n<p><a href=\"https:\/\/ic.aff-handler.com\/C\/45871?sr=1064399&amp;anid=\" rel=\"nofollow\"><img loading=\"lazy\" decoding=\"async\" class=\"aligncenter\" src=\"https:\/\/ic.aff-handler.com\/I\/45871?sr=1064399&amp;anid=\" width=\"725\" height=\"93\" \/><\/a><\/p>\n<p>Oczywi\u015bcie, \u015bwietne kasyno online to nie tylko oferowane gry; aby strona by\u0142a uznawana za znacz\u0105c\u0105, musz\u0105 by\u0107 spe\u0142nione r\u00f3\u017cne warunki. By\u0107 mo\u017ce najwa\u017cniejsze jest bezpiecze\u0144stwo, poniewa\u017c transakcje finansowe stanowi\u0105 istotn\u0105 cz\u0119\u015b\u0107 hazardu online, a kasyno online powinno gwarantowa\u0107 bezpiecze\u0144stwo za ka\u017cdym razem.<\/p>\n<p>Je\u015bli jeste\u015b rezydentem USA, przepisy prawa USA uniemo\u017cliwiaj\u0105 Ci do\u0142\u0105czenie do kasyna 888. Dobre alternatywy dla graczy z USA s\u0105 rzadko\u015bci\u0105, ale mo\u017cemy poleci\u0107 kasyno BetOnline do wszystkich gier hazardowych online. Kliknij poni\u017cszy baner, aby odwiedzi\u0107 kasyno BetOnline \u2013 nie b\u0119dziesz zawiedziony!<\/p>\n<p><a class=\"thirstylink\" title=\"Kasyno Betonline en\" href=\"https:\/\/gambling6.com\/go\/kasyno-betonline-en\/\" target=\"_blank\" rel=\"nofollow noopener\"><img loading=\"lazy\" decoding=\"async\" class=\" wp-image-7875 aligncenter\" src=\"https:\/\/gambling6.com\/wp-content\/uploads\/2025\/10\/BOL_AQC_banner_468x60_FS1_casino-300x38.gif\" alt=\"Kasyno BetOnline\" width=\"553\" height=\"70\" \/><\/a><\/p>\n<p>Dlatego zawsze warto sprawdzi\u0107 recenzje i sprawdzi\u0107, kt\u00f3re kasyna online s\u0105 godne zaufania, a kt\u00f3re maj\u0105 problemy z wyp\u0142atami. Poniewa\u017c m\u00f3wimy o pieni\u0105dzach, bonusy i promocje sta\u0142y si\u0119 bardzo wa\u017cne w ci\u0105gu ostatnich kilku lat i zazwyczaj s\u0105 pierwsz\u0105 rzecz\u0105, na kt\u00f3r\u0105 zwraca uwag\u0119 nowy gracz. Bardzo cz\u0119sto najlepsze kasyna online oferuj\u0105 bonusy powitalne uzale\u017cnione od kwoty depozytu, a bonusy w grach slotowych s\u0105 najpopularniejsze ze wzgl\u0119du na popularno\u015b\u0107 tej gry.<\/p>\n","protected":false},"excerpt":{"rendered":"<p>Wysokiej jako\u015bci kasyna z automatami online Je\u015bli chodzi o kasyna online, automaty zazwyczaj zajmuj\u0105 pierwsze miejsce pod wzgl\u0119dem r\u00f3\u017cnorodno\u015bci, liczby graczy i jackpot\u00f3w. Oczywi\u015bcie, \u0142atwo zrozumie\u0107, dlaczego gry na automatach online s\u0105 tak popularne \u2013 wystarczy jeden obr\u00f3t symbolami, a ka\u017cdy gracz ma szans\u0119 na wygranie du\u017cych nagr\u00f3d, nawet milion\u00f3w dolar\u00f3w. W rzeczywisto\u015bci automaty online [&hellip;]<\/p>\n","protected":false},"author":1,"featured_media":0,"parent":8320,"menu_order":47,"comment_status":"closed","ping_status":"closed","template":"","meta":{"footnotes":""},"class_list":["post-8967","page","type-page","status-publish","hentry"],"yoast_head":"<!-- This site is optimized with the Yoast SEO plugin v27.4 - https:\/\/yoast.com\/product\/yoast-seo-wordpress\/ -->\n<title>Najwy\u017cszej jako\u015bci automaty do gry online<\/title>\n<meta name=\"description\" content=\"Graj w najlepsze sloty i gry slotowe w Internecie. Znajd\u017a najwy\u017cszej jako\u015bci automaty online tutaj!\" \/>\n<meta name=\"robots\" content=\"index, follow, max-snippet:-1, max-image-preview:large, max-video-preview:-1\" \/>\n<link rel=\"canonical\" href=\"https:\/\/gambling6.com\/pl\/kasyno\/gdzie-znalezc-najwyzszej-jakosci-sloty-online\/\" \/>\n<meta property=\"og:locale\" content=\"pl_PL\" \/>\n<meta property=\"og:type\" content=\"article\" \/>\n<meta property=\"og:title\" content=\"Najwy\u017cszej jako\u015bci automaty do gry online\" \/>\n<meta property=\"og:description\" content=\"Graj w najlepsze sloty i gry slotowe w Internecie. Znajd\u017a najwy\u017cszej jako\u015bci automaty online tutaj!\" \/>\n<meta property=\"og:url\" content=\"https:\/\/gambling6.com\/pl\/kasyno\/gdzie-znalezc-najwyzszej-jakosci-sloty-online\/\" \/>\n<meta property=\"og:site_name\" content=\"Gambling6\" \/>\n<meta property=\"og:image\" content=\"https:\/\/gambling6.com\/wp-content\/uploads\/2013\/12\/mobile-gambling-150x150.jpg\" \/>\n\t<meta property=\"og:image:width\" content=\"150\" \/>\n\t<meta property=\"og:image:height\" content=\"150\" \/>\n\t<meta property=\"og:image:type\" content=\"image\/jpeg\" \/>\n<meta name=\"twitter:card\" content=\"summary_large_image\" \/>\n<meta name=\"twitter:label1\" content=\"Szacowany czas czytania\" \/>\n\t<meta name=\"twitter:data1\" content=\"3 minuty\" \/>\n<script type=\"application\/ld+json\" class=\"yoast-schema-graph\">{\"@context\":\"https:\\\/\\\/schema.org\",\"@graph\":[{\"@type\":\"WebPage\",\"@id\":\"https:\\\/\\\/gambling6.com\\\/pl\\\/kasyno\\\/gdzie-znalezc-najwyzszej-jakosci-sloty-online\\\/\",\"url\":\"https:\\\/\\\/gambling6.com\\\/pl\\\/kasyno\\\/gdzie-znalezc-najwyzszej-jakosci-sloty-online\\\/\",\"name\":\"Najwy\u017cszej jako\u015bci automaty do gry online\",\"isPartOf\":{\"@id\":\"https:\\\/\\\/gambling6.com\\\/pl\\\/#website\"},\"primaryImageOfPage\":{\"@id\":\"https:\\\/\\\/gambling6.com\\\/pl\\\/kasyno\\\/gdzie-znalezc-najwyzszej-jakosci-sloty-online\\\/#primaryimage\"},\"image\":{\"@id\":\"https:\\\/\\\/gambling6.com\\\/pl\\\/kasyno\\\/gdzie-znalezc-najwyzszej-jakosci-sloty-online\\\/#primaryimage\"},\"thumbnailUrl\":\"https:\\\/\\\/gambling6.com\\\/wp-content\\\/uploads\\\/2013\\\/12\\\/mobile-gambling-150x150.jpg\",\"datePublished\":\"2025-11-08T12:11:12+00:00\",\"description\":\"Graj w najlepsze sloty i gry slotowe w Internecie. Znajd\u017a najwy\u017cszej jako\u015bci automaty online tutaj!\",\"breadcrumb\":{\"@id\":\"https:\\\/\\\/gambling6.com\\\/pl\\\/kasyno\\\/gdzie-znalezc-najwyzszej-jakosci-sloty-online\\\/#breadcrumb\"},\"inLanguage\":\"pl-PL\",\"potentialAction\":[{\"@type\":\"ReadAction\",\"target\":[\"https:\\\/\\\/gambling6.com\\\/pl\\\/kasyno\\\/gdzie-znalezc-najwyzszej-jakosci-sloty-online\\\/\"]}]},{\"@type\":\"ImageObject\",\"inLanguage\":\"pl-PL\",\"@id\":\"https:\\\/\\\/gambling6.com\\\/pl\\\/kasyno\\\/gdzie-znalezc-najwyzszej-jakosci-sloty-online\\\/#primaryimage\",\"url\":\"https:\\\/\\\/gambling6.com\\\/wp-content\\\/uploads\\\/2013\\\/12\\\/mobile-gambling-150x150.jpg\",\"contentUrl\":\"https:\\\/\\\/gambling6.com\\\/wp-content\\\/uploads\\\/2013\\\/12\\\/mobile-gambling-150x150.jpg\"},{\"@type\":\"BreadcrumbList\",\"@id\":\"https:\\\/\\\/gambling6.com\\\/pl\\\/kasyno\\\/gdzie-znalezc-najwyzszej-jakosci-sloty-online\\\/#breadcrumb\",\"itemListElement\":[{\"@type\":\"ListItem\",\"position\":1,\"name\":\"Home\",\"item\":\"https:\\\/\\\/gambling6.com\\\/pl\\\/home\\\/\"},{\"@type\":\"ListItem\",\"position\":2,\"name\":\"Kasyno\",\"item\":\"https:\\\/\\\/gambling6.com\\\/pl\\\/get-started-with-online-gambling\\\/\"},{\"@type\":\"ListItem\",\"position\":3,\"name\":\"Gdzie znale\u017a\u0107 najwy\u017cszej jako\u015bci sloty online\"}]},{\"@type\":\"WebSite\",\"@id\":\"https:\\\/\\\/gambling6.com\\\/pl\\\/#website\",\"url\":\"https:\\\/\\\/gambling6.com\\\/pl\\\/\",\"name\":\"Gambling6\",\"description\":\"\",\"potentialAction\":[{\"@type\":\"SearchAction\",\"target\":{\"@type\":\"EntryPoint\",\"urlTemplate\":\"https:\\\/\\\/gambling6.com\\\/pl\\\/?s={search_term_string}\"},\"query-input\":{\"@type\":\"PropertyValueSpecification\",\"valueRequired\":true,\"valueName\":\"search_term_string\"}}],\"inLanguage\":\"pl-PL\"}]}<\/script>\n<!-- \/ Yoast SEO plugin. -->","yoast_head_json":{"title":"Najwy\u017cszej jako\u015bci automaty do gry online","description":"Graj w najlepsze sloty i gry slotowe w Internecie. Znajd\u017a najwy\u017cszej jako\u015bci automaty online tutaj!","robots":{"index":"index","follow":"follow","max-snippet":"max-snippet:-1","max-image-preview":"max-image-preview:large","max-video-preview":"max-video-preview:-1"},"canonical":"https:\/\/gambling6.com\/pl\/kasyno\/gdzie-znalezc-najwyzszej-jakosci-sloty-online\/","og_locale":"pl_PL","og_type":"article","og_title":"Najwy\u017cszej jako\u015bci automaty do gry online","og_description":"Graj w najlepsze sloty i gry slotowe w Internecie. Znajd\u017a najwy\u017cszej jako\u015bci automaty online tutaj!","og_url":"https:\/\/gambling6.com\/pl\/kasyno\/gdzie-znalezc-najwyzszej-jakosci-sloty-online\/","og_site_name":"Gambling6","og_image":[{"width":150,"height":150,"url":"https:\/\/gambling6.com\/wp-content\/uploads\/2013\/12\/mobile-gambling-150x150.jpg","type":"image\/jpeg"}],"twitter_card":"summary_large_image","twitter_misc":{"Szacowany czas czytania":"3 minuty"},"schema":{"@context":"https:\/\/schema.org","@graph":[{"@type":"WebPage","@id":"https:\/\/gambling6.com\/pl\/kasyno\/gdzie-znalezc-najwyzszej-jakosci-sloty-online\/","url":"https:\/\/gambling6.com\/pl\/kasyno\/gdzie-znalezc-najwyzszej-jakosci-sloty-online\/","name":"Najwy\u017cszej jako\u015bci automaty do gry online","isPartOf":{"@id":"https:\/\/gambling6.com\/pl\/#website"},"primaryImageOfPage":{"@id":"https:\/\/gambling6.com\/pl\/kasyno\/gdzie-znalezc-najwyzszej-jakosci-sloty-online\/#primaryimage"},"image":{"@id":"https:\/\/gambling6.com\/pl\/kasyno\/gdzie-znalezc-najwyzszej-jakosci-sloty-online\/#primaryimage"},"thumbnailUrl":"https:\/\/gambling6.com\/wp-content\/uploads\/2013\/12\/mobile-gambling-150x150.jpg","datePublished":"2025-11-08T12:11:12+00:00","description":"Graj w najlepsze sloty i gry slotowe w Internecie. Znajd\u017a najwy\u017cszej jako\u015bci automaty online tutaj!","breadcrumb":{"@id":"https:\/\/gambling6.com\/pl\/kasyno\/gdzie-znalezc-najwyzszej-jakosci-sloty-online\/#breadcrumb"},"inLanguage":"pl-PL","potentialAction":[{"@type":"ReadAction","target":["https:\/\/gambling6.com\/pl\/kasyno\/gdzie-znalezc-najwyzszej-jakosci-sloty-online\/"]}]},{"@type":"ImageObject","inLanguage":"pl-PL","@id":"https:\/\/gambling6.com\/pl\/kasyno\/gdzie-znalezc-najwyzszej-jakosci-sloty-online\/#primaryimage","url":"https:\/\/gambling6.com\/wp-content\/uploads\/2013\/12\/mobile-gambling-150x150.jpg","contentUrl":"https:\/\/gambling6.com\/wp-content\/uploads\/2013\/12\/mobile-gambling-150x150.jpg"},{"@type":"BreadcrumbList","@id":"https:\/\/gambling6.com\/pl\/kasyno\/gdzie-znalezc-najwyzszej-jakosci-sloty-online\/#breadcrumb","itemListElement":[{"@type":"ListItem","position":1,"name":"Home","item":"https:\/\/gambling6.com\/pl\/home\/"},{"@type":"ListItem","position":2,"name":"Kasyno","item":"https:\/\/gambling6.com\/pl\/get-started-with-online-gambling\/"},{"@type":"ListItem","position":3,"name":"Gdzie znale\u017a\u0107 najwy\u017cszej jako\u015bci sloty online"}]},{"@type":"WebSite","@id":"https:\/\/gambling6.com\/pl\/#website","url":"https:\/\/gambling6.com\/pl\/","name":"Gambling6","description":"","potentialAction":[{"@type":"SearchAction","target":{"@type":"EntryPoint","urlTemplate":"https:\/\/gambling6.com\/pl\/?s={search_term_string}"},"query-input":{"@type":"PropertyValueSpecification","valueRequired":true,"valueName":"search_term_string"}}],"inLanguage":"pl-PL"}]}},"_links":{"self":[{"href":"https:\/\/gambling6.com\/pl\/wp-json\/wp\/v2\/pages\/8967","targetHints":{"allow":["GET"]}}],"collection":[{"href":"https:\/\/gambling6.com\/pl\/wp-json\/wp\/v2\/pages"}],"about":[{"href":"https:\/\/gambling6.com\/pl\/wp-json\/wp\/v2\/types\/page"}],"author":[{"embeddable":true,"href":"https:\/\/gambling6.com\/pl\/wp-json\/wp\/v2\/users\/1"}],"replies":[{"embeddable":true,"href":"https:\/\/gambling6.com\/pl\/wp-json\/wp\/v2\/comments?post=8967"}],"version-history":[{"count":0,"href":"https:\/\/gambling6.com\/pl\/wp-json\/wp\/v2\/pages\/8967\/revisions"}],"up":[{"embeddable":true,"href":"https:\/\/gambling6.com\/pl\/wp-json\/wp\/v2\/pages\/8320"}],"wp:attachment":[{"href":"https:\/\/gambling6.com\/pl\/wp-json\/wp\/v2\/media?parent=8967"}],"curies":[{"name":"wp","href":"https:\/\/api.w.org\/{rel}","templated":true}]}}