{"id":9008,"date":"2025-11-08T12:54:46","date_gmt":"2025-11-08T12:54:46","guid":{"rendered":"https:\/\/gambling6.com\/kasyno\/unele-jocuri-de-cazino-sunt-de-fapt-gratuite\/"},"modified":"2025-11-15T09:31:08","modified_gmt":"2025-11-15T09:31:08","slug":"unele-jocuri-de-cazino-sunt-de-fapt-gratuite","status":"publish","type":"page","link":"https:\/\/gambling6.com\/pl\/kasyno\/unele-jocuri-de-cazino-sunt-de-fapt-gratuite\/","title":{"rendered":"Unele jocuri de cazino sunt de fapt gratuite!"},"content":{"rendered":"<h2>De ce ofer\u0103 cazinourile jocuri gratuite<\/h2>\n<p>Odat\u0103 cu apari\u021bia tehnologiei internetului, majoritatea <a href=\"http:\/\/gambling6.com\/wp-content\/uploads\/2013\/12\/img_116.png\"><img loading=\"lazy\" decoding=\"async\" class=\"alignright size-full wp-image-638 alignleft size-full wp-image-238\" style=\"margin: 5px; float: left;\" src=\"http:\/\/gambling6.com\/wp-content\/uploads\/2013\/12\/img_116.png\" alt=\"gry kasynowe fre2\" width=\"219\" height=\"151\" \/><\/a>fanilor cazinourilor au \u00eenceput s\u0103 joace jocuri de cazino din confortul casei lor. Cazinourile online ofer\u0103 mai multe avantaje dec\u00e2t cazinourile terestre. Jocurile online nu numai c\u0103 ofer\u0103 confort, dar v\u0103 permit \u0219i s\u0103 juca\u021bi jocurile preferate f\u0103r\u0103 a v\u0103 risca banii. Cazinourile online se confrunt\u0103 cu o concuren\u021b\u0103 acerb\u0103, a\u0219a c\u0103 ofer\u0103 jocuri gratuite pentru a \u00eencuraja noii juc\u0103tori s\u0103 devin\u0103 membri. Po\u021bi juca aceste jocuri gratuite p\u00e2n\u0103 c\u00e2nd \u00ee\u021bi perfec\u021bionezi abilit\u0103\u021bile \u0219i devii expert.<\/p>\n<h2>La ce s\u0103 te a\u0219tep\u021bi atunci c\u00e2nd alegi cazinouri care ofer\u0103 jocuri gratuite<\/h2>\n<p>Cel mai important lucru pe care trebuie s\u0103-l faci pentru a juca jocuri de cazinou gratuit este s\u0103 cau\u021bi un site web bun care ofer\u0103 o gam\u0103 larg\u0103 de jocuri gratuite. Asigur\u0103-te c\u0103 site-ul web este fiabil \u0219i reputat. Aventura ta de jocuri online \u00eencepe cu deschiderea unui cont. Cazinourile online \u00ee\u021bi cer s\u0103 furnizezi date personale, cum ar fi numele, v\u00e2rsta, adresa \u0219i adresa de e-mail. Cele mai bune cazinouri \u00eencearc\u0103 s\u0103 ofere un mediu sigur \u0219i confortabil, unde te po\u021bi bucura de jocurile tale preferate ore \u00eentregi. Dup\u0103 ce \u00ee\u021bi \u00eenregistrezi contul pe site, po\u021bi alege \u00eentre modul distractiv \u0219i modul pe bani reali. Po\u021bi alege modul distractiv sau pe bani gratis pentru a \u00eencerca diverse jocuri f\u0103r\u0103 a cheltui bani din portofel.<\/p>\n<h2>Exist\u0103 vreun risc \u00een a juca jocuri gratuite?<\/h2>\n<p>Nu exist\u0103 niciun risc \u00een a juca jocuri de cazinou gratuite dac\u0103 e\u0219ti atent \u00een alegerea unui site web de \u00eencredere. Cazinourile iau toate m\u0103surile esen\u021biale pentru a v\u0103 oferi o experien\u021b\u0103 de joc \u00eenc\u00e2nt\u0103toare, astfel \u00eenc\u00e2t s\u0103 pute\u021bi deveni un juc\u0103tor real al jocului.<\/p>\n<p>Dac\u0103 dori\u021bi s\u0103 \u00eencerca\u021bi jocuri de cazino gratuit \u00een timp ce juca\u021bi pe bani reali, avem o recomandare excelent\u0103 pentru dvs. 888 Casino v\u0103 ofer\u0103 20 \u20ac pentru a juca, f\u0103r\u0103 a fi nevoie de o depunere proprie. \u0218i dac\u0103 decide\u021bi s\u0103 depune\u021bi fonduri suplimentare ulterior, ve\u021bi primi \u00een continuare un bonus de p\u00e2n\u0103 la 1500 \u20ac la prima depunere proprie.<br \/>\n<a href=\"https:\/\/ic.aff-handler.com\/C\/45871?sr=1064399&amp;anid=\" rel=\"nofollow\"><img loading=\"lazy\" decoding=\"async\" class=\"aligncenter\" src=\"https:\/\/ic.aff-handler.com\/I\/45871?sr=1064399&amp;anid=\" width=\"594\" height=\"77\" \/><\/a><br \/>\n<strong>Exist\u0103 restric\u021bii?<\/strong><\/p>\n<p>Cazinourile online v\u0103 permit de obicei s\u0103 juca\u021bi jocuri pentru un anumit num\u0103r de ori \u0219i pentru o anumit\u0103 perioad\u0103. Pot exista unele restric\u021bii privind jocurile gratuite. Este posibil ca cazinourile s\u0103 nu v\u0103 permit\u0103 s\u0103 juca\u021bi gratuit toate jocurile de pe site-ul lor web. Majoritatea cazinourilor v\u0103 solicit\u0103 s\u0103 plasa\u021bi pariul de un anumit num\u0103r de ori \u00eenainte de a putea retrage fondurile c\u00e2\u0219tigate.<\/p>\n<h2>Unde g\u0103si\u021bi jocuri de cazino gratuite<\/h2>\n<p>Multe site-uri web v\u0103 permit s\u0103 juca\u021bi jocuri de <strong>cazino<\/strong> gratuite. Cel mai bun loc pentru a juca jocuri gratuite este un site care nu necesit\u0103 desc\u0103rcarea niciunui software. Acesta \u00ee\u021bi permite s\u0103 joci jocuri instantaneu, f\u0103c\u00e2nd clic pe jocul t\u0103u preferat. Po\u021bi verifica dac\u0103 site-ul ofer\u0103 o gam\u0103 larg\u0103 de jocuri gratuite, cum ar fi jocuri de mas\u0103 gratuite, jocuri de sloturi, bingo, video poker \u0219i alte jocuri, astfel \u00eenc\u00e2t s\u0103 nu te plictise\u0219ti cur\u00e2nd.<\/p>\n<p>Jocurile gratuite de cazino \u00ee\u021bi ofer\u0103 \u0219ansa de a testa orice program, tehnic\u0103 sau strategie nou\u0103 \u0219i de a confirma dac\u0103 va func\u021biona pentru tine \u00eentr-un mediu real de jocuri online. Deoarece nu vei pierde bani, nu vei sim\u021bi nicio presiune \u00een timp ce joci.<\/p>\n","protected":false},"excerpt":{"rendered":"<p>De ce ofer\u0103 cazinourile jocuri gratuite Odat\u0103 cu apari\u021bia tehnologiei internetului, majoritatea fanilor cazinourilor au \u00eenceput s\u0103 joace jocuri de cazino din confortul casei lor. Cazinourile online ofer\u0103 mai multe avantaje dec\u00e2t cazinourile terestre. Jocurile online nu numai c\u0103 ofer\u0103 confort, dar v\u0103 permit \u0219i s\u0103 juca\u021bi jocurile preferate f\u0103r\u0103 a v\u0103 risca banii. Cazinourile [&hellip;]<\/p>\n","protected":false},"author":1,"featured_media":8995,"parent":8320,"menu_order":53,"comment_status":"closed","ping_status":"closed","template":"","meta":{"footnotes":""},"class_list":["post-9008","page","type-page","status-publish","has-post-thumbnail","hentry"],"yoast_head":"<!-- This site is optimized with the Yoast SEO plugin v27.4 - https:\/\/yoast.com\/product\/yoast-seo-wordpress\/ -->\n<title>Joac\u0103 jocuri de cazinou online gratuit<\/title>\n<meta name=\"description\" content=\"A juca jocuri de cazino gratuite este foarte distractiv. Cunoa\u0219terea c\u00e2torva lucruri importante despre jocurile de cazino gratuite te va ajuta.\" \/>\n<meta name=\"robots\" content=\"index, follow, max-snippet:-1, max-image-preview:large, max-video-preview:-1\" \/>\n<link rel=\"canonical\" href=\"https:\/\/gambling6.com\/pl\/kasyno\/unele-jocuri-de-cazino-sunt-de-fapt-gratuite\/\" \/>\n<meta property=\"og:locale\" content=\"pl_PL\" \/>\n<meta property=\"og:type\" content=\"article\" \/>\n<meta property=\"og:title\" content=\"Joac\u0103 jocuri de cazinou online gratuit\" \/>\n<meta property=\"og:description\" content=\"A juca jocuri de cazino gratuite este foarte distractiv. Cunoa\u0219terea c\u00e2torva lucruri importante despre jocurile de cazino gratuite te va ajuta.\" \/>\n<meta property=\"og:url\" content=\"https:\/\/gambling6.com\/pl\/kasyno\/unele-jocuri-de-cazino-sunt-de-fapt-gratuite\/\" \/>\n<meta property=\"og:site_name\" content=\"Gambling6\" \/>\n<meta property=\"article:modified_time\" content=\"2025-11-15T09:31:08+00:00\" \/>\n<meta property=\"og:image\" content=\"https:\/\/gambling6.com\/wp-content\/uploads\/2013\/12\/img_116.png\" \/>\n\t<meta property=\"og:image:width\" content=\"270\" \/>\n\t<meta property=\"og:image:height\" content=\"186\" \/>\n\t<meta property=\"og:image:type\" content=\"image\/png\" \/>\n<meta name=\"twitter:card\" content=\"summary_large_image\" \/>\n<meta name=\"twitter:label1\" content=\"Szacowany czas czytania\" \/>\n\t<meta name=\"twitter:data1\" content=\"3 minuty\" \/>\n<script type=\"application\/ld+json\" class=\"yoast-schema-graph\">{\"@context\":\"https:\\\/\\\/schema.org\",\"@graph\":[{\"@type\":\"WebPage\",\"@id\":\"https:\\\/\\\/gambling6.com\\\/pl\\\/kasyno\\\/unele-jocuri-de-cazino-sunt-de-fapt-gratuite\\\/\",\"url\":\"https:\\\/\\\/gambling6.com\\\/pl\\\/kasyno\\\/unele-jocuri-de-cazino-sunt-de-fapt-gratuite\\\/\",\"name\":\"Joac\u0103 jocuri de cazinou online gratuit\",\"isPartOf\":{\"@id\":\"https:\\\/\\\/gambling6.com\\\/pl\\\/#website\"},\"primaryImageOfPage\":{\"@id\":\"https:\\\/\\\/gambling6.com\\\/pl\\\/kasyno\\\/unele-jocuri-de-cazino-sunt-de-fapt-gratuite\\\/#primaryimage\"},\"image\":{\"@id\":\"https:\\\/\\\/gambling6.com\\\/pl\\\/kasyno\\\/unele-jocuri-de-cazino-sunt-de-fapt-gratuite\\\/#primaryimage\"},\"thumbnailUrl\":\"https:\\\/\\\/gambling6.com\\\/wp-content\\\/uploads\\\/2013\\\/12\\\/img_116.png\",\"datePublished\":\"2025-11-08T12:54:46+00:00\",\"dateModified\":\"2025-11-15T09:31:08+00:00\",\"description\":\"A juca jocuri de cazino gratuite este foarte distractiv. Cunoa\u0219terea c\u00e2torva lucruri importante despre jocurile de cazino gratuite te va ajuta.\",\"breadcrumb\":{\"@id\":\"https:\\\/\\\/gambling6.com\\\/pl\\\/kasyno\\\/unele-jocuri-de-cazino-sunt-de-fapt-gratuite\\\/#breadcrumb\"},\"inLanguage\":\"pl-PL\",\"potentialAction\":[{\"@type\":\"ReadAction\",\"target\":[\"https:\\\/\\\/gambling6.com\\\/pl\\\/kasyno\\\/unele-jocuri-de-cazino-sunt-de-fapt-gratuite\\\/\"]}]},{\"@type\":\"ImageObject\",\"inLanguage\":\"pl-PL\",\"@id\":\"https:\\\/\\\/gambling6.com\\\/pl\\\/kasyno\\\/unele-jocuri-de-cazino-sunt-de-fapt-gratuite\\\/#primaryimage\",\"url\":\"https:\\\/\\\/gambling6.com\\\/wp-content\\\/uploads\\\/2013\\\/12\\\/img_116.png\",\"contentUrl\":\"https:\\\/\\\/gambling6.com\\\/wp-content\\\/uploads\\\/2013\\\/12\\\/img_116.png\",\"width\":270,\"height\":186},{\"@type\":\"BreadcrumbList\",\"@id\":\"https:\\\/\\\/gambling6.com\\\/pl\\\/kasyno\\\/unele-jocuri-de-cazino-sunt-de-fapt-gratuite\\\/#breadcrumb\",\"itemListElement\":[{\"@type\":\"ListItem\",\"position\":1,\"name\":\"Home\",\"item\":\"https:\\\/\\\/gambling6.com\\\/pl\\\/home\\\/\"},{\"@type\":\"ListItem\",\"position\":2,\"name\":\"Kasyno\",\"item\":\"https:\\\/\\\/gambling6.com\\\/pl\\\/get-started-with-online-gambling\\\/\"},{\"@type\":\"ListItem\",\"position\":3,\"name\":\"Unele jocuri de cazino sunt de fapt gratuite!\"}]},{\"@type\":\"WebSite\",\"@id\":\"https:\\\/\\\/gambling6.com\\\/pl\\\/#website\",\"url\":\"https:\\\/\\\/gambling6.com\\\/pl\\\/\",\"name\":\"Gambling6\",\"description\":\"\",\"potentialAction\":[{\"@type\":\"SearchAction\",\"target\":{\"@type\":\"EntryPoint\",\"urlTemplate\":\"https:\\\/\\\/gambling6.com\\\/pl\\\/?s={search_term_string}\"},\"query-input\":{\"@type\":\"PropertyValueSpecification\",\"valueRequired\":true,\"valueName\":\"search_term_string\"}}],\"inLanguage\":\"pl-PL\"}]}<\/script>\n<!-- \/ Yoast SEO plugin. -->","yoast_head_json":{"title":"Joac\u0103 jocuri de cazinou online gratuit","description":"A juca jocuri de cazino gratuite este foarte distractiv. Cunoa\u0219terea c\u00e2torva lucruri importante despre jocurile de cazino gratuite te va ajuta.","robots":{"index":"index","follow":"follow","max-snippet":"max-snippet:-1","max-image-preview":"max-image-preview:large","max-video-preview":"max-video-preview:-1"},"canonical":"https:\/\/gambling6.com\/pl\/kasyno\/unele-jocuri-de-cazino-sunt-de-fapt-gratuite\/","og_locale":"pl_PL","og_type":"article","og_title":"Joac\u0103 jocuri de cazinou online gratuit","og_description":"A juca jocuri de cazino gratuite este foarte distractiv. Cunoa\u0219terea c\u00e2torva lucruri importante despre jocurile de cazino gratuite te va ajuta.","og_url":"https:\/\/gambling6.com\/pl\/kasyno\/unele-jocuri-de-cazino-sunt-de-fapt-gratuite\/","og_site_name":"Gambling6","article_modified_time":"2025-11-15T09:31:08+00:00","og_image":[{"width":270,"height":186,"url":"https:\/\/gambling6.com\/wp-content\/uploads\/2013\/12\/img_116.png","type":"image\/png"}],"twitter_card":"summary_large_image","twitter_misc":{"Szacowany czas czytania":"3 minuty"},"schema":{"@context":"https:\/\/schema.org","@graph":[{"@type":"WebPage","@id":"https:\/\/gambling6.com\/pl\/kasyno\/unele-jocuri-de-cazino-sunt-de-fapt-gratuite\/","url":"https:\/\/gambling6.com\/pl\/kasyno\/unele-jocuri-de-cazino-sunt-de-fapt-gratuite\/","name":"Joac\u0103 jocuri de cazinou online gratuit","isPartOf":{"@id":"https:\/\/gambling6.com\/pl\/#website"},"primaryImageOfPage":{"@id":"https:\/\/gambling6.com\/pl\/kasyno\/unele-jocuri-de-cazino-sunt-de-fapt-gratuite\/#primaryimage"},"image":{"@id":"https:\/\/gambling6.com\/pl\/kasyno\/unele-jocuri-de-cazino-sunt-de-fapt-gratuite\/#primaryimage"},"thumbnailUrl":"https:\/\/gambling6.com\/wp-content\/uploads\/2013\/12\/img_116.png","datePublished":"2025-11-08T12:54:46+00:00","dateModified":"2025-11-15T09:31:08+00:00","description":"A juca jocuri de cazino gratuite este foarte distractiv. Cunoa\u0219terea c\u00e2torva lucruri importante despre jocurile de cazino gratuite te va ajuta.","breadcrumb":{"@id":"https:\/\/gambling6.com\/pl\/kasyno\/unele-jocuri-de-cazino-sunt-de-fapt-gratuite\/#breadcrumb"},"inLanguage":"pl-PL","potentialAction":[{"@type":"ReadAction","target":["https:\/\/gambling6.com\/pl\/kasyno\/unele-jocuri-de-cazino-sunt-de-fapt-gratuite\/"]}]},{"@type":"ImageObject","inLanguage":"pl-PL","@id":"https:\/\/gambling6.com\/pl\/kasyno\/unele-jocuri-de-cazino-sunt-de-fapt-gratuite\/#primaryimage","url":"https:\/\/gambling6.com\/wp-content\/uploads\/2013\/12\/img_116.png","contentUrl":"https:\/\/gambling6.com\/wp-content\/uploads\/2013\/12\/img_116.png","width":270,"height":186},{"@type":"BreadcrumbList","@id":"https:\/\/gambling6.com\/pl\/kasyno\/unele-jocuri-de-cazino-sunt-de-fapt-gratuite\/#breadcrumb","itemListElement":[{"@type":"ListItem","position":1,"name":"Home","item":"https:\/\/gambling6.com\/pl\/home\/"},{"@type":"ListItem","position":2,"name":"Kasyno","item":"https:\/\/gambling6.com\/pl\/get-started-with-online-gambling\/"},{"@type":"ListItem","position":3,"name":"Unele jocuri de cazino sunt de fapt gratuite!"}]},{"@type":"WebSite","@id":"https:\/\/gambling6.com\/pl\/#website","url":"https:\/\/gambling6.com\/pl\/","name":"Gambling6","description":"","potentialAction":[{"@type":"SearchAction","target":{"@type":"EntryPoint","urlTemplate":"https:\/\/gambling6.com\/pl\/?s={search_term_string}"},"query-input":{"@type":"PropertyValueSpecification","valueRequired":true,"valueName":"search_term_string"}}],"inLanguage":"pl-PL"}]}},"_links":{"self":[{"href":"https:\/\/gambling6.com\/pl\/wp-json\/wp\/v2\/pages\/9008","targetHints":{"allow":["GET"]}}],"collection":[{"href":"https:\/\/gambling6.com\/pl\/wp-json\/wp\/v2\/pages"}],"about":[{"href":"https:\/\/gambling6.com\/pl\/wp-json\/wp\/v2\/types\/page"}],"author":[{"embeddable":true,"href":"https:\/\/gambling6.com\/pl\/wp-json\/wp\/v2\/users\/1"}],"replies":[{"embeddable":true,"href":"https:\/\/gambling6.com\/pl\/wp-json\/wp\/v2\/comments?post=9008"}],"version-history":[{"count":1,"href":"https:\/\/gambling6.com\/pl\/wp-json\/wp\/v2\/pages\/9008\/revisions"}],"predecessor-version":[{"id":10881,"href":"https:\/\/gambling6.com\/pl\/wp-json\/wp\/v2\/pages\/9008\/revisions\/10881"}],"up":[{"embeddable":true,"href":"https:\/\/gambling6.com\/pl\/wp-json\/wp\/v2\/pages\/8320"}],"wp:featuredmedia":[{"embeddable":true,"href":"https:\/\/gambling6.com\/pl\/wp-json\/wp\/v2\/media\/8995"}],"wp:attachment":[{"href":"https:\/\/gambling6.com\/pl\/wp-json\/wp\/v2\/media?parent=9008"}],"curies":[{"name":"wp","href":"https:\/\/api.w.org\/{rel}","templated":true}]}}