{"id":9052,"date":"2025-11-08T13:49:42","date_gmt":"2025-11-08T13:49:42","guid":{"rendered":"https:\/\/gambling6.com\/kasyno\/kasyna-online-z-gotowka-zrozumienie-drobnego-druku\/"},"modified":"2025-11-08T13:49:42","modified_gmt":"2025-11-08T13:49:42","slug":"kasyna-online-z-gotowka-zrozumienie-drobnego-druku","status":"publish","type":"page","link":"https:\/\/gambling6.com\/pl\/kasyno\/kasyna-online-z-gotowka-zrozumienie-drobnego-druku\/","title":{"rendered":"Kasyna online z got\u00f3wk\u0105: Zrozumienie drobnego druku"},"content":{"rendered":"<h2>Sprawdzanie regulaminu kasyn online<\/h2>\n<p><img loading=\"lazy\" decoding=\"async\" class=\"alignright size-full wp-image-62 alignleft size-full wp-image-64\" style=\"margin: 5px; float: left;\" title=\"kasyno drobny druk\" src=\"http:\/\/gambling6.com\/wp-content\/uploads\/2013\/12\/casino-fine-print.jpg\" alt=\"kasyno drobny druk \u2013 warunki umowy\" width=\"168\" height=\"147\" \/><span style=\"box-sizing: border-box; margin: 0px; padding: 0px;\">Rejestruj\u0105c si\u0119 w <strong>kasynie online na pieni\u0105dze<\/strong>, musisz zaakceptowa\u0107 umow\u0119 u\u017cytkownika, kt\u00f3ra zawiera regulamin kasyna online, kt\u00f3rego musisz przestrzega\u0107.<\/span> Niekt\u00f3re z tych warunk\u00f3w dotycz\u0105 proces\u00f3w bankowych kasyna, podczas gdy inne mog\u0105 dotyczy\u0107 zak\u0142ad\u00f3w, gier i bonus\u00f3w.<\/p>\n<p>Konieczne jest dok\u0142adne zrozumienie i u\u015bwiadomienie sobie wp\u0142ywu tych warunk\u00f3w przed ich zaakceptowaniem. Transfer \u015brodk\u00f3w do i z kasyna jest prawdopodobnie najwa\u017cniejsz\u0105 funkcj\u0105, kt\u00f3ra ma wp\u0142yw na gracza. Dlatego wa\u017cne jest, aby by\u0107 \u015bwiadomym tego, co dok\u0142adnie robisz, akceptuj\u0105c regulamin kasyna. W tym artykule staramy si\u0119 upro\u015bci\u0107 j\u0119zyk prawny, aby wyja\u015bni\u0107, co oznaczaj\u0105 te warunki. Gracz musi zaakceptowa\u0107 okre\u015blone zobowi\u0105zania, akceptuj\u0105c umow\u0119 u\u017cytkownika. Musi r\u00f3wnie\u017c udzieli\u0107 okre\u015blonych gwarancji.<\/p>\n<p>Og\u00f3lnie rzecz bior\u0105c, mo\u017cna powiedzie\u0107, \u017ce niekt\u00f3re kasyna online umieszczaj\u0105 w swoich regulaminach zapisy, kt\u00f3re mog\u0105 mie\u0107 bardzo negatywne konsekwencje dla graczy. Zak\u0142adaj\u0105, \u017ce nikt nie przeczyta ich wszystkich. W zwi\u0105zku z tym sugerujemy korzystanie z kasyn regulowanych, o dobrej reputacji, a tym samym z uczciwych warunk\u00f3w.<\/p>\n<p>Kasyno BetOnline jest jednym z takich kasyn. Ich regulamin nie zawiera \u017cadnych niespodzianek. \u015awiadczy to o tym, \u017ce ze wzgl\u0119du na niedawne regulacje w USA, proces wp\u0142at i wyp\u0142at nie jest ju\u017c tak prosty jak kiedy\u015b. Jednak w tych okoliczno\u015bciach ich warunki nadal s\u0105 uczciwe.<\/p>\n<p><a class=\"thirstylink\" title=\"Kasyno Betonline en\" href=\"https:\/\/gambling6.com\/go\/kasyno-betonline-en\/\" target=\"_blank\" rel=\"nofollow noopener\"><img loading=\"lazy\" decoding=\"async\" class=\" wp-image-7875 aligncenter\" src=\"https:\/\/gambling6.com\/wp-content\/uploads\/2025\/10\/BOL_AQC_banner_468x60_FS1_casino-300x38.gif\" alt=\"Kasyno BetOnline\" width=\"498\" height=\"63\" \/><\/a><\/p>\n<h2>Czego zazwyczaj wymaga od gracza drobny druk w kasynie<\/h2>\n<p>Kasyno oczekuje r\u00f3wnie\u017c potwierdzenia od gracza, \u017ce \u200b\u200bjest on prawowitym w\u0142a\u015bcicielem \u015brodk\u00f3w wykorzystanych na zak\u0142ady. Innymi s\u0142owy, nie mo\u017ce on u\u017cy\u0107 karty kredytowej, kt\u00f3ra do niego nie nale\u017cy, do zasilenia swojego konta. Ponadto, jego karta kredytowa zostanie zweryfikowana przed dokonaniem jakichkolwiek wyp\u0142at. Podobnie, nie mo\u017ce on korzysta\u0107 z \u017cadnych innych metod p\u0142atno\u015bci, kt\u00f3re nie s\u0105 na jego nazwisko.<\/p>\n<p>Naruszenia umowy, zar\u00f3wno zwi\u0105zane z procesami bankowymi, jak i zak\u0142adami, b\u0119d\u0105 mia\u0142y wp\u0142yw na konto gracza. W przypadku zawieszenia konta, kasyno got\u00f3wkowe mo\u017ce wstrzyma\u0107 kwestionowane \u015brodki; w wi\u0119kszo\u015bci przypadk\u00f3w wstrzyma wszystkie \u015brodki, w tym bonusy, depozyty i zwroty, bez wzgl\u0119du na okoliczno\u015bci. Jest to zgodne z warunkami, na kt\u00f3re wyrazi\u0142e\u015b zgod\u0119.<\/p>\n<p>Je\u015bli gracz jest winien pieni\u0105dze kasynu, kasyno mo\u017ce do\u0142o\u017cy\u0107 wszelkich stara\u0144, aby odzyska\u0107 t\u0119 kwot\u0119, w tym zaanga\u017cowa\u0107 agencje windykacyjne. Niekt\u00f3re kasyna online maj\u0105 surowe zasady dotycz\u0105ce nieaktywnych kont. Jeden z moich znajomych przekona\u0142 si\u0119 o tym na w\u0142asnej sk\u00f3rze. Zarejestrowa\u0142 si\u0119 w jednym kasynie online i gra\u0142 tam przez jaki\u015b czas, wygrywaj\u0105c spor\u0105 sum\u0119. Przeszed\u0142 do innego kasyna, planuj\u0105c wr\u00f3ci\u0107 do pierwszego po kr\u00f3tkim czasie. Kiedy nast\u0119pnym razem sprawdzi\u0142 swoje konto, nie znalaz\u0142 na nim salda. Po skontaktowaniu si\u0119 z obs\u0142ug\u0105 klienta, powiedziano mu, \u017ce jego pieni\u0105dze przepad\u0142y, poniewa\u017c nie gra\u0142 w kasynie przez ponad 6 miesi\u0119cy. To oczywi\u015bcie do\u015b\u0107 nietypowe i nawet je\u015bli Tobie si\u0119 to przytrafi\u0142o, mo\u017cesz rozwi\u0105za\u0107 problem, wysy\u0142aj\u0105c kr\u00f3tki e-mail do obs\u0142ugi klienta.<\/p>\n<h2>Na co zwr\u00f3ci\u0107 uwag\u0119<\/h2>\n<p>Je\u015bli jednak zdecydujesz si\u0119 przesta\u0107 gra\u0107 w kasynie online, koniecznie wyp\u0142a\u0107 wszystkie \u015brodki z konta got\u00f3wkowego kasyna, niezale\u017cnie od tego, jak kr\u00f3tka b\u0119dzie przerwa. Sprawd\u017a, czy zostan\u0105 pobrane op\u0142aty za wyp\u0142aty. Je\u015bli obowi\u0105zuje sta\u0142a op\u0142ata za wyp\u0142aty, mo\u017cesz wyp\u0142aci\u0107 wszystkie \u015brodki na raz, zamiast dokonywa\u0107 wielu wyp\u0142at. Nie wyp\u0142acaj \u015brodk\u00f3w, je\u015bli planujesz wp\u0142aci\u0107 je ponownie za chwil\u0119 \u2013 stracisz pieni\u0105dze, je\u015bli to zrobisz. <strong>Por\u00f3wnaj r\u00f3\u017cne dost\u0119pne opcje przetwarzania p\u0142atno\u015bci \u2013 niekt\u00f3re wi\u0105\u017c\u0105 si\u0119 z ni\u017cszymi op\u0142atami, inne z wy\u017cszymi!<\/strong><\/p>\n<p>Istniej\u0105 inne warunki dotycz\u0105ce bonus\u00f3w i ofert promocyjnych kasyna. Zazwyczaj s\u0105 to warunki kwalifikowalno\u015bci i wymagania dotycz\u0105ce obrotu wymagane do wyp\u0142aty bonusu kasynowego. Dobr\u0105 praktyk\u0105 jest przeczytanie i zrozumienie tych wymaga\u0144 przed zaakceptowaniem ofert bonus\u00f3w kasynowych. Podobnie, przed rejestracj\u0105 w dowolnym kasynie online, gracze musz\u0105 przeczyta\u0107 regulamin i zrozumie\u0107 drobny druk oraz sekcj\u0119 FAQ kasyna na prawdziwe pieni\u0105dze, aby unikn\u0105\u0107 niepotrzebnych problem\u00f3w w przysz\u0142o\u015bci. Zazwyczaj kasyna online maj\u0105 osobn\u0105 stron\u0119 po\u015bwi\u0119con\u0105 umowom z u\u017cytkownikiem ko\u0144cowym, a TyPierwszym zadaniem powinno by\u0107 dok\u0142adne ich przeczytanie przed podj\u0119ciem decyzji o do\u0142\u0105czeniu do kasyna.<\/p>\n","protected":false},"excerpt":{"rendered":"<p>Sprawdzanie regulaminu kasyn online Rejestruj\u0105c si\u0119 w kasynie online na pieni\u0105dze, musisz zaakceptowa\u0107 umow\u0119 u\u017cytkownika, kt\u00f3ra zawiera regulamin kasyna online, kt\u00f3rego musisz przestrzega\u0107. Niekt\u00f3re z tych warunk\u00f3w dotycz\u0105 proces\u00f3w bankowych kasyna, podczas gdy inne mog\u0105 dotyczy\u0107 zak\u0142ad\u00f3w, gier i bonus\u00f3w. Konieczne jest dok\u0142adne zrozumienie i u\u015bwiadomienie sobie wp\u0142ywu tych warunk\u00f3w przed ich zaakceptowaniem. Transfer \u015brodk\u00f3w [&hellip;]<\/p>\n","protected":false},"author":1,"featured_media":9038,"parent":8320,"menu_order":68,"comment_status":"closed","ping_status":"closed","template":"","meta":{"footnotes":""},"class_list":["post-9052","page","type-page","status-publish","has-post-thumbnail","hentry"],"yoast_head":"<!-- This site is optimized with the Yoast SEO plugin v27.4 - https:\/\/yoast.com\/product\/yoast-seo-wordpress\/ -->\n<title>Na co zwr\u00f3ci\u0107 uwag\u0119 w regulaminie kasyna<\/title>\n<meta name=\"description\" content=\"Regulamin kasyn online w drobnym druku \u2013 czego si\u0119 spodziewa\u0107, a czego nie\" \/>\n<meta name=\"robots\" content=\"index, follow, max-snippet:-1, max-image-preview:large, max-video-preview:-1\" \/>\n<link rel=\"canonical\" href=\"https:\/\/gambling6.com\/pl\/kasyno\/kasyna-online-z-gotowka-zrozumienie-drobnego-druku\/\" \/>\n<meta property=\"og:locale\" content=\"pl_PL\" \/>\n<meta property=\"og:type\" content=\"article\" \/>\n<meta property=\"og:title\" content=\"Na co zwr\u00f3ci\u0107 uwag\u0119 w regulaminie kasyna\" \/>\n<meta property=\"og:description\" content=\"Regulamin kasyn online w drobnym druku \u2013 czego si\u0119 spodziewa\u0107, a czego nie\" \/>\n<meta property=\"og:url\" content=\"https:\/\/gambling6.com\/pl\/kasyno\/kasyna-online-z-gotowka-zrozumienie-drobnego-druku\/\" \/>\n<meta property=\"og:site_name\" content=\"Gambling6\" \/>\n<meta property=\"og:image\" content=\"https:\/\/gambling6.com\/wp-content\/uploads\/2013\/12\/casino-fine-print.jpg\" \/>\n\t<meta property=\"og:image:width\" content=\"200\" \/>\n\t<meta property=\"og:image:height\" content=\"175\" \/>\n\t<meta property=\"og:image:type\" content=\"image\/jpeg\" \/>\n<meta name=\"twitter:card\" content=\"summary_large_image\" \/>\n<meta name=\"twitter:label1\" content=\"Szacowany czas czytania\" \/>\n\t<meta name=\"twitter:data1\" content=\"4 minuty\" \/>\n<script type=\"application\/ld+json\" class=\"yoast-schema-graph\">{\"@context\":\"https:\\\/\\\/schema.org\",\"@graph\":[{\"@type\":\"WebPage\",\"@id\":\"https:\\\/\\\/gambling6.com\\\/pl\\\/kasyno\\\/kasyna-online-z-gotowka-zrozumienie-drobnego-druku\\\/\",\"url\":\"https:\\\/\\\/gambling6.com\\\/pl\\\/kasyno\\\/kasyna-online-z-gotowka-zrozumienie-drobnego-druku\\\/\",\"name\":\"Na co zwr\u00f3ci\u0107 uwag\u0119 w regulaminie kasyna\",\"isPartOf\":{\"@id\":\"https:\\\/\\\/gambling6.com\\\/pl\\\/#website\"},\"primaryImageOfPage\":{\"@id\":\"https:\\\/\\\/gambling6.com\\\/pl\\\/kasyno\\\/kasyna-online-z-gotowka-zrozumienie-drobnego-druku\\\/#primaryimage\"},\"image\":{\"@id\":\"https:\\\/\\\/gambling6.com\\\/pl\\\/kasyno\\\/kasyna-online-z-gotowka-zrozumienie-drobnego-druku\\\/#primaryimage\"},\"thumbnailUrl\":\"https:\\\/\\\/gambling6.com\\\/wp-content\\\/uploads\\\/2013\\\/12\\\/casino-fine-print.jpg\",\"datePublished\":\"2025-11-08T13:49:42+00:00\",\"description\":\"Regulamin kasyn online w drobnym druku \u2013 czego si\u0119 spodziewa\u0107, a czego nie\",\"breadcrumb\":{\"@id\":\"https:\\\/\\\/gambling6.com\\\/pl\\\/kasyno\\\/kasyna-online-z-gotowka-zrozumienie-drobnego-druku\\\/#breadcrumb\"},\"inLanguage\":\"pl-PL\",\"potentialAction\":[{\"@type\":\"ReadAction\",\"target\":[\"https:\\\/\\\/gambling6.com\\\/pl\\\/kasyno\\\/kasyna-online-z-gotowka-zrozumienie-drobnego-druku\\\/\"]}]},{\"@type\":\"ImageObject\",\"inLanguage\":\"pl-PL\",\"@id\":\"https:\\\/\\\/gambling6.com\\\/pl\\\/kasyno\\\/kasyna-online-z-gotowka-zrozumienie-drobnego-druku\\\/#primaryimage\",\"url\":\"https:\\\/\\\/gambling6.com\\\/wp-content\\\/uploads\\\/2013\\\/12\\\/casino-fine-print.jpg\",\"contentUrl\":\"https:\\\/\\\/gambling6.com\\\/wp-content\\\/uploads\\\/2013\\\/12\\\/casino-fine-print.jpg\",\"width\":200,\"height\":175,\"caption\":\"casino fine print\"},{\"@type\":\"BreadcrumbList\",\"@id\":\"https:\\\/\\\/gambling6.com\\\/pl\\\/kasyno\\\/kasyna-online-z-gotowka-zrozumienie-drobnego-druku\\\/#breadcrumb\",\"itemListElement\":[{\"@type\":\"ListItem\",\"position\":1,\"name\":\"Home\",\"item\":\"https:\\\/\\\/gambling6.com\\\/pl\\\/home\\\/\"},{\"@type\":\"ListItem\",\"position\":2,\"name\":\"Kasyno\",\"item\":\"https:\\\/\\\/gambling6.com\\\/pl\\\/get-started-with-online-gambling\\\/\"},{\"@type\":\"ListItem\",\"position\":3,\"name\":\"Kasyna online z got\u00f3wk\u0105: Zrozumienie drobnego druku\"}]},{\"@type\":\"WebSite\",\"@id\":\"https:\\\/\\\/gambling6.com\\\/pl\\\/#website\",\"url\":\"https:\\\/\\\/gambling6.com\\\/pl\\\/\",\"name\":\"Gambling6\",\"description\":\"\",\"potentialAction\":[{\"@type\":\"SearchAction\",\"target\":{\"@type\":\"EntryPoint\",\"urlTemplate\":\"https:\\\/\\\/gambling6.com\\\/pl\\\/?s={search_term_string}\"},\"query-input\":{\"@type\":\"PropertyValueSpecification\",\"valueRequired\":true,\"valueName\":\"search_term_string\"}}],\"inLanguage\":\"pl-PL\"}]}<\/script>\n<!-- \/ Yoast SEO plugin. -->","yoast_head_json":{"title":"Na co zwr\u00f3ci\u0107 uwag\u0119 w regulaminie kasyna","description":"Regulamin kasyn online w drobnym druku \u2013 czego si\u0119 spodziewa\u0107, a czego nie","robots":{"index":"index","follow":"follow","max-snippet":"max-snippet:-1","max-image-preview":"max-image-preview:large","max-video-preview":"max-video-preview:-1"},"canonical":"https:\/\/gambling6.com\/pl\/kasyno\/kasyna-online-z-gotowka-zrozumienie-drobnego-druku\/","og_locale":"pl_PL","og_type":"article","og_title":"Na co zwr\u00f3ci\u0107 uwag\u0119 w regulaminie kasyna","og_description":"Regulamin kasyn online w drobnym druku \u2013 czego si\u0119 spodziewa\u0107, a czego nie","og_url":"https:\/\/gambling6.com\/pl\/kasyno\/kasyna-online-z-gotowka-zrozumienie-drobnego-druku\/","og_site_name":"Gambling6","og_image":[{"width":200,"height":175,"url":"https:\/\/gambling6.com\/wp-content\/uploads\/2013\/12\/casino-fine-print.jpg","type":"image\/jpeg"}],"twitter_card":"summary_large_image","twitter_misc":{"Szacowany czas czytania":"4 minuty"},"schema":{"@context":"https:\/\/schema.org","@graph":[{"@type":"WebPage","@id":"https:\/\/gambling6.com\/pl\/kasyno\/kasyna-online-z-gotowka-zrozumienie-drobnego-druku\/","url":"https:\/\/gambling6.com\/pl\/kasyno\/kasyna-online-z-gotowka-zrozumienie-drobnego-druku\/","name":"Na co zwr\u00f3ci\u0107 uwag\u0119 w regulaminie kasyna","isPartOf":{"@id":"https:\/\/gambling6.com\/pl\/#website"},"primaryImageOfPage":{"@id":"https:\/\/gambling6.com\/pl\/kasyno\/kasyna-online-z-gotowka-zrozumienie-drobnego-druku\/#primaryimage"},"image":{"@id":"https:\/\/gambling6.com\/pl\/kasyno\/kasyna-online-z-gotowka-zrozumienie-drobnego-druku\/#primaryimage"},"thumbnailUrl":"https:\/\/gambling6.com\/wp-content\/uploads\/2013\/12\/casino-fine-print.jpg","datePublished":"2025-11-08T13:49:42+00:00","description":"Regulamin kasyn online w drobnym druku \u2013 czego si\u0119 spodziewa\u0107, a czego nie","breadcrumb":{"@id":"https:\/\/gambling6.com\/pl\/kasyno\/kasyna-online-z-gotowka-zrozumienie-drobnego-druku\/#breadcrumb"},"inLanguage":"pl-PL","potentialAction":[{"@type":"ReadAction","target":["https:\/\/gambling6.com\/pl\/kasyno\/kasyna-online-z-gotowka-zrozumienie-drobnego-druku\/"]}]},{"@type":"ImageObject","inLanguage":"pl-PL","@id":"https:\/\/gambling6.com\/pl\/kasyno\/kasyna-online-z-gotowka-zrozumienie-drobnego-druku\/#primaryimage","url":"https:\/\/gambling6.com\/wp-content\/uploads\/2013\/12\/casino-fine-print.jpg","contentUrl":"https:\/\/gambling6.com\/wp-content\/uploads\/2013\/12\/casino-fine-print.jpg","width":200,"height":175,"caption":"casino fine print"},{"@type":"BreadcrumbList","@id":"https:\/\/gambling6.com\/pl\/kasyno\/kasyna-online-z-gotowka-zrozumienie-drobnego-druku\/#breadcrumb","itemListElement":[{"@type":"ListItem","position":1,"name":"Home","item":"https:\/\/gambling6.com\/pl\/home\/"},{"@type":"ListItem","position":2,"name":"Kasyno","item":"https:\/\/gambling6.com\/pl\/get-started-with-online-gambling\/"},{"@type":"ListItem","position":3,"name":"Kasyna online z got\u00f3wk\u0105: Zrozumienie drobnego druku"}]},{"@type":"WebSite","@id":"https:\/\/gambling6.com\/pl\/#website","url":"https:\/\/gambling6.com\/pl\/","name":"Gambling6","description":"","potentialAction":[{"@type":"SearchAction","target":{"@type":"EntryPoint","urlTemplate":"https:\/\/gambling6.com\/pl\/?s={search_term_string}"},"query-input":{"@type":"PropertyValueSpecification","valueRequired":true,"valueName":"search_term_string"}}],"inLanguage":"pl-PL"}]}},"_links":{"self":[{"href":"https:\/\/gambling6.com\/pl\/wp-json\/wp\/v2\/pages\/9052","targetHints":{"allow":["GET"]}}],"collection":[{"href":"https:\/\/gambling6.com\/pl\/wp-json\/wp\/v2\/pages"}],"about":[{"href":"https:\/\/gambling6.com\/pl\/wp-json\/wp\/v2\/types\/page"}],"author":[{"embeddable":true,"href":"https:\/\/gambling6.com\/pl\/wp-json\/wp\/v2\/users\/1"}],"replies":[{"embeddable":true,"href":"https:\/\/gambling6.com\/pl\/wp-json\/wp\/v2\/comments?post=9052"}],"version-history":[{"count":0,"href":"https:\/\/gambling6.com\/pl\/wp-json\/wp\/v2\/pages\/9052\/revisions"}],"up":[{"embeddable":true,"href":"https:\/\/gambling6.com\/pl\/wp-json\/wp\/v2\/pages\/8320"}],"wp:featuredmedia":[{"embeddable":true,"href":"https:\/\/gambling6.com\/pl\/wp-json\/wp\/v2\/media\/9038"}],"wp:attachment":[{"href":"https:\/\/gambling6.com\/pl\/wp-json\/wp\/v2\/media?parent=9052"}],"curies":[{"name":"wp","href":"https:\/\/api.w.org\/{rel}","templated":true}]}}