{"id":9110,"date":"2025-11-10T09:26:22","date_gmt":"2025-11-10T09:26:22","guid":{"rendered":"https:\/\/gambling6.com\/porady-dotyczace-zakladow-sportowych-twoj-przewodnik-po-zakladach-online\/"},"modified":"2025-11-12T19:20:34","modified_gmt":"2025-11-12T19:20:34","slug":"porady-dotyczace-zakladow-sportowych-twoj-przewodnik-po-zakladach-online","status":"publish","type":"page","link":"https:\/\/gambling6.com\/pl\/zaklady-sportowe\/porady-dotyczace-zakladow-sportowych-twoj-przewodnik-po-zakladach-online\/","title":{"rendered":"Porady dotycz\u0105ce zak\u0142ad\u00f3w sportowych \u2013 Tw\u00f3j przewodnik po zak\u0142adach online"},"content":{"rendered":"<h2>Kompletny przewodnik po \u015bwiecie zak\u0142ad\u00f3w online!<\/h2>\n<p>Od zarania dziej\u00f3w hazard le\u017ca\u0142 w naszej naturze. Wraz z pojawieniem si\u0119 internetu, naturalne by\u0142o pojawienie si\u0119 stron hazardowych. Od tamtej pory cieszy\u0142y si\u0119 one ogromnym powodzeniem, a hazard online sta\u0142 si\u0119 obecnie jedn\u0105 z najpopularniejszych form rozrywki na \u015bwiecie.<\/p>\n<p>Za\u0142\u00f3\u017cmy, \u017ce chcesz zacz\u0105\u0107 gra\u0107 w gr\u0119 hazardow\u0105 online. W takim przypadku powiniene\u015b wiedzie\u0107, \u017ce za\u0142o\u017cenie konta na dowolnej z g\u0142\u00f3wnych stron z grami hazardowymi online zajmie Ci tylko kilka minut, po czym b\u0119dziesz m\u00f3g\u0142 gra\u0107 w cokolwiek zechcesz \u2013 od gier kasynowych online, przez pokera online, po zak\u0142ady sportowe i finansowe.<\/p>\n<p><img loading=\"lazy\" decoding=\"async\" class=\"size-medium wp-image-3057 alignright\" src=\"https:\/\/gambling6.com\/wp-content\/uploads\/2022\/04\/soccermoney-300x200.jpg\" alt=\"przewodnik po zak\u0142adach online\" width=\"300\" height=\"200\" srcset=\"https:\/\/gambling6.com\/wp-content\/uploads\/2022\/04\/soccermoney-300x200.jpg 300w, https:\/\/gambling6.com\/wp-content\/uploads\/2022\/04\/soccermoney.jpg 424w\" sizes=\"auto, (max-width: 300px) 100vw, 300px\" \/> Skoro mowa o zak\u0142adach online, powiniene\u015b wiedzie\u0107, \u017ce je\u015bli chcesz do\u0142\u0105czy\u0107 do strony z grami hazardowymi online, kt\u00f3ra nie wymaga nauki nowej gry (co ma miejsce w przypadku wszystkiego, od pokera online po gry kasynowe online), obstawianie online jest idealnym rozwi\u0105zaniem. Znasz ju\u017c zasady \u2013 wystarczy, \u017ce poprawnie wytypujesz wynik meczu w profesjonalnym sporcie i to wszystko. Je\u015bli masz racj\u0119, otrzymujesz wyp\u0142at\u0119. Je\u015bli si\u0119 mylisz, mo\u017cesz spr\u00f3bowa\u0107 ponownie.<\/p>\n<p>Za\u0142\u00f3\u017cmy, \u017ce do tej pory nie odkry\u0142e\u015b zak\u0142ad\u00f3w online. G\u0142upot\u0105 by\u0142oby zacz\u0105\u0107 gra\u0107, nie maj\u0105c poj\u0119cia o bran\u017cy, sporcie, a nawet o stronach z grami hazardowymi online, do kt\u00f3rych chcesz do\u0142\u0105czy\u0107. Dlatego istniej\u0105 strony, kt\u00f3rych jedynym celem jest przybli\u017cenie Ci Twoich ulubionych gier hazardowych online poprzez zapewnienie Ci jak najwi\u0119kszej wiedzy.<\/p>\n<p>BetOnline to jedna z najlepszych stron z zak\u0142adami online na \u015bwiecie. Od zak\u0142ad\u00f3w na wy\u015bcigi konne, przez zak\u0142ady sportowe, po zak\u0142ady finansowe \u2013 wszystkie s\u0105 tu szczeg\u00f3\u0142owo przedstawione. Mo\u017cesz dowiedzie\u0107 si\u0119 wszystkiego, co pocz\u0105tkuj\u0105cy powinien wiedzie\u0107, po\u015bwi\u0119caj\u0105c zaledwie kilka minut na interesuj\u0105c\u0105 Ci\u0119 sekcj\u0119.<\/p>\n<p><a class=\"thirstylink\" title=\"Betonline sports en\" href=\"https:\/\/gambling6.com\/go\/betonline-sports-en\/\" target=\"_blank\" rel=\"nofollow noopener\">Do\u0142\u0105cz do milion\u00f3w fan\u00f3w zak\u0142ad\u00f3w sportowych z ca\u0142ego \u015bwiata w Betonline, naszym ulubionym bukmacherze, klikaj\u0105c ten link.<\/a><\/p>\n<p>Na przyk\u0142ad, je\u015bli chcesz zacz\u0105\u0107 obstawia\u0107 wy\u015bcigi, zajrzyj do sekcji Zak\u0142ady na wy\u015bcigi konne, kt\u00f3ra oferuje wszystko, co dotyczy wy\u015bcig\u00f3w online \u2013 od wy\u015bcig\u00f3w ps\u00f3w, przez tradycyjne wy\u015bcigi konne, po nowsze dyscypliny, takie jak NASCAR czy Formu\u0142a 1. BetOnline oferuje wszystko, co chcia\u0142by\u015b wiedzie\u0107 o ka\u017cdym z tych sport\u00f3w.<\/p>\n<p>Podsumowuj\u0105c, je\u015bli chcesz zacz\u0105\u0107 obstawia\u0107 zak\u0142ady sportowe, wypr\u00f3buj BetOnline, jedn\u0105 z najlepszych stron z grami hazardowymi online. Dzi\u0119ki nim przejdziesz od zupe\u0142nej niewiedzy o tej bran\u017cy do zarabiania na niej fortuny!<\/p>\n","protected":false},"excerpt":{"rendered":"<p>Kompletny przewodnik po \u015bwiecie zak\u0142ad\u00f3w online! Od zarania dziej\u00f3w hazard le\u017ca\u0142 w naszej naturze. Wraz z pojawieniem si\u0119 internetu, naturalne by\u0142o pojawienie si\u0119 stron hazardowych. Od tamtej pory cieszy\u0142y si\u0119 one ogromnym powodzeniem, a hazard online sta\u0142 si\u0119 obecnie jedn\u0105 z najpopularniejszych form rozrywki na \u015bwiecie. Za\u0142\u00f3\u017cmy, \u017ce chcesz zacz\u0105\u0107 gra\u0107 w gr\u0119 hazardow\u0105 online. [&hellip;]<\/p>\n","protected":false},"author":1,"featured_media":0,"parent":9236,"menu_order":14,"comment_status":"closed","ping_status":"closed","template":"","meta":{"footnotes":""},"class_list":["post-9110","page","type-page","status-publish","hentry"],"yoast_head":"<!-- This site is optimized with the Yoast SEO plugin v27.4 - https:\/\/yoast.com\/product\/yoast-seo-wordpress\/ -->\n<title>Przewodnik i wskaz\u00f3wki dotycz\u0105ce zak\u0142ad\u00f3w sportowych online<\/title>\n<meta name=\"description\" content=\"Zacznij obstawia\u0107 online ju\u017c dzi\u015b. Odwied\u017a BetOnline, aby skorzysta\u0107 z pe\u0142nego wyboru opcji zak\u0142ad\u00f3w, a tak\u017ce pokera online i kasyna \u2013 wszystko na jednej stronie.\" \/>\n<meta name=\"robots\" content=\"index, follow, max-snippet:-1, max-image-preview:large, max-video-preview:-1\" \/>\n<link rel=\"canonical\" href=\"https:\/\/gambling6.com\/pl\/zaklady-sportowe\/porady-dotyczace-zakladow-sportowych-twoj-przewodnik-po-zakladach-online\/\" \/>\n<meta property=\"og:locale\" content=\"pl_PL\" \/>\n<meta property=\"og:type\" content=\"article\" \/>\n<meta property=\"og:title\" content=\"Przewodnik i wskaz\u00f3wki dotycz\u0105ce zak\u0142ad\u00f3w sportowych online\" \/>\n<meta property=\"og:description\" content=\"Zacznij obstawia\u0107 online ju\u017c dzi\u015b. Odwied\u017a BetOnline, aby skorzysta\u0107 z pe\u0142nego wyboru opcji zak\u0142ad\u00f3w, a tak\u017ce pokera online i kasyna \u2013 wszystko na jednej stronie.\" \/>\n<meta property=\"og:url\" content=\"https:\/\/gambling6.com\/pl\/zaklady-sportowe\/porady-dotyczace-zakladow-sportowych-twoj-przewodnik-po-zakladach-online\/\" \/>\n<meta property=\"og:site_name\" content=\"Gambling6\" \/>\n<meta property=\"article:modified_time\" content=\"2025-11-12T19:20:34+00:00\" \/>\n<meta property=\"og:image\" content=\"https:\/\/gambling6.com\/wp-content\/uploads\/2022\/04\/soccermoney.jpg\" \/>\n\t<meta property=\"og:image:width\" content=\"424\" \/>\n\t<meta property=\"og:image:height\" content=\"283\" \/>\n\t<meta property=\"og:image:type\" content=\"image\/jpeg\" \/>\n<meta name=\"twitter:card\" content=\"summary_large_image\" \/>\n<meta name=\"twitter:label1\" content=\"Szacowany czas czytania\" \/>\n\t<meta name=\"twitter:data1\" content=\"2 minuty\" \/>\n<script type=\"application\/ld+json\" class=\"yoast-schema-graph\">{\"@context\":\"https:\\\/\\\/schema.org\",\"@graph\":[{\"@type\":\"WebPage\",\"@id\":\"https:\\\/\\\/gambling6.com\\\/pl\\\/zaklady-sportowe\\\/porady-dotyczace-zakladow-sportowych-twoj-przewodnik-po-zakladach-online\\\/\",\"url\":\"https:\\\/\\\/gambling6.com\\\/pl\\\/zaklady-sportowe\\\/porady-dotyczace-zakladow-sportowych-twoj-przewodnik-po-zakladach-online\\\/\",\"name\":\"Przewodnik i wskaz\u00f3wki dotycz\u0105ce zak\u0142ad\u00f3w sportowych online\",\"isPartOf\":{\"@id\":\"https:\\\/\\\/gambling6.com\\\/pl\\\/#website\"},\"primaryImageOfPage\":{\"@id\":\"https:\\\/\\\/gambling6.com\\\/pl\\\/zaklady-sportowe\\\/porady-dotyczace-zakladow-sportowych-twoj-przewodnik-po-zakladach-online\\\/#primaryimage\"},\"image\":{\"@id\":\"https:\\\/\\\/gambling6.com\\\/pl\\\/zaklady-sportowe\\\/porady-dotyczace-zakladow-sportowych-twoj-przewodnik-po-zakladach-online\\\/#primaryimage\"},\"thumbnailUrl\":\"https:\\\/\\\/gambling6.com\\\/wp-content\\\/uploads\\\/2022\\\/04\\\/soccermoney-300x200.jpg\",\"datePublished\":\"2025-11-10T09:26:22+00:00\",\"dateModified\":\"2025-11-12T19:20:34+00:00\",\"description\":\"Zacznij obstawia\u0107 online ju\u017c dzi\u015b. Odwied\u017a BetOnline, aby skorzysta\u0107 z pe\u0142nego wyboru opcji zak\u0142ad\u00f3w, a tak\u017ce pokera online i kasyna \u2013 wszystko na jednej stronie.\",\"breadcrumb\":{\"@id\":\"https:\\\/\\\/gambling6.com\\\/pl\\\/zaklady-sportowe\\\/porady-dotyczace-zakladow-sportowych-twoj-przewodnik-po-zakladach-online\\\/#breadcrumb\"},\"inLanguage\":\"pl-PL\",\"potentialAction\":[{\"@type\":\"ReadAction\",\"target\":[\"https:\\\/\\\/gambling6.com\\\/pl\\\/zaklady-sportowe\\\/porady-dotyczace-zakladow-sportowych-twoj-przewodnik-po-zakladach-online\\\/\"]}]},{\"@type\":\"ImageObject\",\"inLanguage\":\"pl-PL\",\"@id\":\"https:\\\/\\\/gambling6.com\\\/pl\\\/zaklady-sportowe\\\/porady-dotyczace-zakladow-sportowych-twoj-przewodnik-po-zakladach-online\\\/#primaryimage\",\"url\":\"https:\\\/\\\/gambling6.com\\\/wp-content\\\/uploads\\\/2022\\\/04\\\/soccermoney-300x200.jpg\",\"contentUrl\":\"https:\\\/\\\/gambling6.com\\\/wp-content\\\/uploads\\\/2022\\\/04\\\/soccermoney-300x200.jpg\"},{\"@type\":\"BreadcrumbList\",\"@id\":\"https:\\\/\\\/gambling6.com\\\/pl\\\/zaklady-sportowe\\\/porady-dotyczace-zakladow-sportowych-twoj-przewodnik-po-zakladach-online\\\/#breadcrumb\",\"itemListElement\":[{\"@type\":\"ListItem\",\"position\":1,\"name\":\"Home\",\"item\":\"https:\\\/\\\/gambling6.com\\\/pl\\\/home\\\/\"},{\"@type\":\"ListItem\",\"position\":2,\"name\":\"Zak\u0142ady sportowe\",\"item\":\"https:\\\/\\\/gambling6.com\\\/pl\\\/introduction-to-online-sportsbetting\\\/\"},{\"@type\":\"ListItem\",\"position\":3,\"name\":\"Porady dotycz\u0105ce zak\u0142ad\u00f3w sportowych \u2013 Tw\u00f3j przewodnik po zak\u0142adach online\"}]},{\"@type\":\"WebSite\",\"@id\":\"https:\\\/\\\/gambling6.com\\\/pl\\\/#website\",\"url\":\"https:\\\/\\\/gambling6.com\\\/pl\\\/\",\"name\":\"Gambling6\",\"description\":\"\",\"potentialAction\":[{\"@type\":\"SearchAction\",\"target\":{\"@type\":\"EntryPoint\",\"urlTemplate\":\"https:\\\/\\\/gambling6.com\\\/pl\\\/?s={search_term_string}\"},\"query-input\":{\"@type\":\"PropertyValueSpecification\",\"valueRequired\":true,\"valueName\":\"search_term_string\"}}],\"inLanguage\":\"pl-PL\"}]}<\/script>\n<!-- \/ Yoast SEO plugin. -->","yoast_head_json":{"title":"Przewodnik i wskaz\u00f3wki dotycz\u0105ce zak\u0142ad\u00f3w sportowych online","description":"Zacznij obstawia\u0107 online ju\u017c dzi\u015b. Odwied\u017a BetOnline, aby skorzysta\u0107 z pe\u0142nego wyboru opcji zak\u0142ad\u00f3w, a tak\u017ce pokera online i kasyna \u2013 wszystko na jednej stronie.","robots":{"index":"index","follow":"follow","max-snippet":"max-snippet:-1","max-image-preview":"max-image-preview:large","max-video-preview":"max-video-preview:-1"},"canonical":"https:\/\/gambling6.com\/pl\/zaklady-sportowe\/porady-dotyczace-zakladow-sportowych-twoj-przewodnik-po-zakladach-online\/","og_locale":"pl_PL","og_type":"article","og_title":"Przewodnik i wskaz\u00f3wki dotycz\u0105ce zak\u0142ad\u00f3w sportowych online","og_description":"Zacznij obstawia\u0107 online ju\u017c dzi\u015b. Odwied\u017a BetOnline, aby skorzysta\u0107 z pe\u0142nego wyboru opcji zak\u0142ad\u00f3w, a tak\u017ce pokera online i kasyna \u2013 wszystko na jednej stronie.","og_url":"https:\/\/gambling6.com\/pl\/zaklady-sportowe\/porady-dotyczace-zakladow-sportowych-twoj-przewodnik-po-zakladach-online\/","og_site_name":"Gambling6","article_modified_time":"2025-11-12T19:20:34+00:00","og_image":[{"width":424,"height":283,"url":"https:\/\/gambling6.com\/wp-content\/uploads\/2022\/04\/soccermoney.jpg","type":"image\/jpeg"}],"twitter_card":"summary_large_image","twitter_misc":{"Szacowany czas czytania":"2 minuty"},"schema":{"@context":"https:\/\/schema.org","@graph":[{"@type":"WebPage","@id":"https:\/\/gambling6.com\/pl\/zaklady-sportowe\/porady-dotyczace-zakladow-sportowych-twoj-przewodnik-po-zakladach-online\/","url":"https:\/\/gambling6.com\/pl\/zaklady-sportowe\/porady-dotyczace-zakladow-sportowych-twoj-przewodnik-po-zakladach-online\/","name":"Przewodnik i wskaz\u00f3wki dotycz\u0105ce zak\u0142ad\u00f3w sportowych online","isPartOf":{"@id":"https:\/\/gambling6.com\/pl\/#website"},"primaryImageOfPage":{"@id":"https:\/\/gambling6.com\/pl\/zaklady-sportowe\/porady-dotyczace-zakladow-sportowych-twoj-przewodnik-po-zakladach-online\/#primaryimage"},"image":{"@id":"https:\/\/gambling6.com\/pl\/zaklady-sportowe\/porady-dotyczace-zakladow-sportowych-twoj-przewodnik-po-zakladach-online\/#primaryimage"},"thumbnailUrl":"https:\/\/gambling6.com\/wp-content\/uploads\/2022\/04\/soccermoney-300x200.jpg","datePublished":"2025-11-10T09:26:22+00:00","dateModified":"2025-11-12T19:20:34+00:00","description":"Zacznij obstawia\u0107 online ju\u017c dzi\u015b. Odwied\u017a BetOnline, aby skorzysta\u0107 z pe\u0142nego wyboru opcji zak\u0142ad\u00f3w, a tak\u017ce pokera online i kasyna \u2013 wszystko na jednej stronie.","breadcrumb":{"@id":"https:\/\/gambling6.com\/pl\/zaklady-sportowe\/porady-dotyczace-zakladow-sportowych-twoj-przewodnik-po-zakladach-online\/#breadcrumb"},"inLanguage":"pl-PL","potentialAction":[{"@type":"ReadAction","target":["https:\/\/gambling6.com\/pl\/zaklady-sportowe\/porady-dotyczace-zakladow-sportowych-twoj-przewodnik-po-zakladach-online\/"]}]},{"@type":"ImageObject","inLanguage":"pl-PL","@id":"https:\/\/gambling6.com\/pl\/zaklady-sportowe\/porady-dotyczace-zakladow-sportowych-twoj-przewodnik-po-zakladach-online\/#primaryimage","url":"https:\/\/gambling6.com\/wp-content\/uploads\/2022\/04\/soccermoney-300x200.jpg","contentUrl":"https:\/\/gambling6.com\/wp-content\/uploads\/2022\/04\/soccermoney-300x200.jpg"},{"@type":"BreadcrumbList","@id":"https:\/\/gambling6.com\/pl\/zaklady-sportowe\/porady-dotyczace-zakladow-sportowych-twoj-przewodnik-po-zakladach-online\/#breadcrumb","itemListElement":[{"@type":"ListItem","position":1,"name":"Home","item":"https:\/\/gambling6.com\/pl\/home\/"},{"@type":"ListItem","position":2,"name":"Zak\u0142ady sportowe","item":"https:\/\/gambling6.com\/pl\/introduction-to-online-sportsbetting\/"},{"@type":"ListItem","position":3,"name":"Porady dotycz\u0105ce zak\u0142ad\u00f3w sportowych \u2013 Tw\u00f3j przewodnik po zak\u0142adach online"}]},{"@type":"WebSite","@id":"https:\/\/gambling6.com\/pl\/#website","url":"https:\/\/gambling6.com\/pl\/","name":"Gambling6","description":"","potentialAction":[{"@type":"SearchAction","target":{"@type":"EntryPoint","urlTemplate":"https:\/\/gambling6.com\/pl\/?s={search_term_string}"},"query-input":{"@type":"PropertyValueSpecification","valueRequired":true,"valueName":"search_term_string"}}],"inLanguage":"pl-PL"}]}},"_links":{"self":[{"href":"https:\/\/gambling6.com\/pl\/wp-json\/wp\/v2\/pages\/9110","targetHints":{"allow":["GET"]}}],"collection":[{"href":"https:\/\/gambling6.com\/pl\/wp-json\/wp\/v2\/pages"}],"about":[{"href":"https:\/\/gambling6.com\/pl\/wp-json\/wp\/v2\/types\/page"}],"author":[{"embeddable":true,"href":"https:\/\/gambling6.com\/pl\/wp-json\/wp\/v2\/users\/1"}],"replies":[{"embeddable":true,"href":"https:\/\/gambling6.com\/pl\/wp-json\/wp\/v2\/comments?post=9110"}],"version-history":[{"count":2,"href":"https:\/\/gambling6.com\/pl\/wp-json\/wp\/v2\/pages\/9110\/revisions"}],"predecessor-version":[{"id":10550,"href":"https:\/\/gambling6.com\/pl\/wp-json\/wp\/v2\/pages\/9110\/revisions\/10550"}],"up":[{"embeddable":true,"href":"https:\/\/gambling6.com\/pl\/wp-json\/wp\/v2\/pages\/9236"}],"wp:attachment":[{"href":"https:\/\/gambling6.com\/pl\/wp-json\/wp\/v2\/media?parent=9110"}],"curies":[{"name":"wp","href":"https:\/\/api.w.org\/{rel}","templated":true}]}}