{"id":9176,"date":"2025-11-10T10:45:45","date_gmt":"2025-11-10T10:45:45","guid":{"rendered":"https:\/\/gambling6.com\/kup-bilety-online-na-loterie-powerball\/"},"modified":"2025-11-12T10:02:28","modified_gmt":"2025-11-12T10:02:28","slug":"kup-bilety-online-na-loterie-powerball","status":"publish","type":"page","link":"https:\/\/gambling6.com\/pl\/kup-bilety-online-na-loterie-powerball\/","title":{"rendered":"Kup bilety online na loteri\u0119 Powerball"},"content":{"rendered":"<h2>Zagraj w loteri\u0119 Powerball online.<\/h2>\n<p>Loteria Powerball jest znana na ca\u0142ym \u015bwiecie z niesamowitych jackpot\u00f3w. Regularnie trafiaj\u0105 si\u0119 jackpoty przekraczaj\u0105ce 100 milion\u00f3w dolar\u00f3w. <strong>Wzrost jackpota jest wyk\u0142adniczy, poniewa\u017c mo\u017cna kupi\u0107 losy na loteri\u0119 Powerball online.<\/strong> Gra w Powerball online jest prosta w zaciszu w\u0142asnego domu, wystarczy komputer i po\u0142\u0105czenie z internetem.<\/p>\n<h2>Loty Powerball online, proste jak 1-2-3<\/h2>\n<p>Aby zagra\u0107 w loteri\u0119 Powerball online, musisz odwiedzi\u0107 stron\u0119 naszego partnera <a class=\"thirstylink\" title=\"Redfoxlotto\" href=\"https:\/\/gambling6.com\/go\/redfoxlotto\/\" target=\"_blank\" rel=\"nofollow noopener\">RedFoxLotto (kliknij tutaj, aby odwiedzi\u0107)<\/a> i za\u0142o\u017cy\u0107 konto. Za\u0142o\u017cenie konta jest proste, a w loterii Powerball mo\u017cna gra\u0107 w kilka minut. Nast\u0119pnym krokiem jest przej\u015bcie do sekcji los\u00f3w, gdzie za pomoc\u0105 formularza wybiera si\u0119 pi\u0119\u0107 liczb g\u0142\u00f3wnych.<\/p>\n<p>Po tym wybiera si\u0119 jedn\u0105 liczb\u0119 bonusow\u0105 Powerball. <strong>Aby wygra\u0107 g\u0142\u00f3wn\u0105 wygran\u0105, nale\u017cy dopasowa\u0107 pi\u0119\u0107 liczb g\u0142\u00f3wnych i liczb\u0119 Powerball do wylosowanych kul.<\/strong> Bez obaw, je\u015bli nie uda Ci si\u0119 ich dopasowa\u0107, mo\u017cesz wzi\u0105\u0107 udzia\u0142 w losowaniu jednego z siedmiu pozosta\u0142ych poziom\u00f3w nagr\u00f3d.<\/p>\n<h2>Sprzeda\u017c los\u00f3w Powerball online gwa\u0142townie ro\u015bnie<\/h2>\n<p><img loading=\"lazy\" decoding=\"async\" class=\"size-medium wp-image-1533 alignright\" src=\"https:\/\/gambling6.com\/wp-content\/uploads\/2022\/04\/2_ticket_powerball_au2-1-163x300.jpg\" alt=\"bilet Powerball\" width=\"163\" height=\"300\" srcset=\"https:\/\/gambling6.com\/wp-content\/uploads\/2022\/04\/2_ticket_powerball_au2-1-163x300.jpg 163w, https:\/\/gambling6.com\/wp-content\/uploads\/2022\/04\/2_ticket_powerball_au2-1.jpg 250w\" sizes=\"auto, (max-width: 163px) 100vw, 163px\" \/>W ci\u0105gu ostatnich dw\u00f3ch lat sprzeda\u017c los\u00f3w Powerball USA ros\u0142a w bardzo szybkim tempie, podwajaj\u0105c si\u0119 rok do roku w tym okresie. <strong>Wielko\u015b\u0107 jackpot\u00f3w i \u0142atwo\u015b\u0107 zakupu los\u00f3w online by\u0142y si\u0142\u0105 nap\u0119dow\u0105 tak znacz\u0105cego wzrostu.<\/strong> Je\u015bli przesz\u0142o\u015b\u0107 jest jakimkolwiek wska\u017anikiem przysz\u0142ej sprzeda\u017cy, mo\u017cemy spodziewa\u0107 si\u0119 zwi\u0119kszonego wzrostu jackpot\u00f3w w nadchodz\u0105cych latach.<\/p>\n<h2>Gra w loterie na ca\u0142ym \u015bwiecie ro\u015bnie.<\/h2>\n<p>Z wyj\u0105tkiem Mega Millions, kt\u00f3ra jest rekordzistk\u0105 pod wzgl\u0119dem wysoko\u015bci jackpot\u00f3w, w wi\u0119kszo\u015bci loterii online w zesz\u0142ym roku odnotowali\u015bmy rekordowe jackpoty. Nic nie wskazuje na to, \u017ce te rekordowe jackpoty wkr\u00f3tce si\u0119 obni\u017c\u0105. W rzeczywisto\u015bci mo\u017cemy spodziewa\u0107 si\u0119, \u017ce rekordy b\u0119d\u0105 wielokrotnie bite, poniewa\u017c ludzie gromadz\u0105 si\u0119 przed komputerami, gdy tylko doniesienia o wysokich jackpotach osi\u0105gn\u0105 ten poziom.<\/p>\n<h2>Sprawd\u017a zwyci\u0119skie numery Powerball online.<\/h2>\n<p>Upewnij si\u0119, \u017ce kupuj\u0105c losy, po\u015bwi\u0119cisz czas na sprawdzenie wynik\u00f3w za pomoc\u0105 internetowej bazy danych. Wiele nagr\u00f3d ka\u017cdego roku pozostaje nieodebranych, poniewa\u017c gdy ludzie s\u0142ysz\u0105 o wygranej jackpota w miejscu, w kt\u00f3rym nie mieszkaj\u0105, lub w lokalu, w kt\u00f3rym nie kupili losu, wyrzucaj\u0105 go i nie sprawdzaj\u0105, czy wygrali na innych poziomach nagr\u00f3d.<\/p>\n<p>Nie pope\u0142nij b\u0142\u0119du wyrzucania pieni\u0119dzy do kosza lub nie zostawiaj ich niewidocznych w portfelu. Zas\u0142ugujesz na wszystkie wygrane. Zagraj w loteri\u0119 Powerball online ju\u017c dzi\u015b i zosta\u0144 kolejnym multimilionerem.<\/p>\n<table style=\"width: 500px;\" border=\"1\" cellspacing=\"5\" cellpadding=\"5\" align=\"center\">\n<tbody>\n<tr>\n<td colspan=\"3\" align=\"center\">Dziesi\u0119\u0107 najwi\u0119kszych jackpot\u00f3w w 2013 roku<\/td>\n<\/tr>\n<tr>\n<td>Losowanie<\/td>\n<td align=\"center\">Data<\/td>\n<td align=\"center\">G\u0142\u00f3wna nagroda (USD)<\/td>\n<\/tr>\n<tr>\n<td>Powerball &#8211; USA<\/td>\n<td align=\"center\">18 maja 2013<\/td>\n<td align=\"right\">590 500 000 USD<\/td>\n<\/tr>\n<tr>\n<td>Powerball &#8211; USA<\/td>\n<td align=\"center\">7 sierpnia 2013<\/td>\n<td align=\"right\">448\u00a0400\u00a0000 USD<\/td>\n<\/tr>\n<tr>\n<td>Powerball &#8211; USA<\/td>\n<td align=\"center\">18 wrze\u015bnia 2013<\/td>\n<td align=\"right\">399\u00a0400\u00a0000 USD<\/td>\n<\/tr>\n<tr>\n<td>Powerball &#8211; USA<\/td>\n<td align=\"center\">23 marca 2013<\/td>\n<td align=\"right\">338\u00a0300\u00a0000 USD<\/td>\n<\/tr>\n<tr>\n<td>Powerball &#8211; USA<\/td>\n<td align=\"center\">6 lutego 2013<\/td>\n<td align=\"right\">217\u00a0000\u00a0000 USD<\/td>\n<\/tr>\n<tr>\n<td>Powerball &#8211; USA<\/td>\n<td align=\"center\">23 pa\u017adziernika 2013<\/td>\n<td align=\"right\">213 400 000 USD<\/td>\n<\/tr>\n<tr>\n<td>Powerball &#8211; USA<\/td>\n<td align=\"center\">22 czerwca 2013<\/td>\n<td align=\"right\">131 500 000 USD<\/td>\n<\/tr>\n<tr>\n<td>Powerball &#8211; USA<\/td>\n<td align=\"center\">16 listopada 2013<\/td>\n<td align=\"right\">130 300 000 USD<\/td>\n<\/tr>\n<tr>\n<td>Powerball &#8211; USA<\/td>\n<td align=\"center\">11 grudnia 2013<\/td>\n<td align=\"right\">122 900 000 dolar\u00f3w<\/td>\n<\/tr>\n<tr>\n<td>Powerball &#8211; USA<\/td>\n<td align=\"center\">25 grudnia 2013<\/td>\n<td align=\"right\">74 000 000 dolar\u00f3w<\/td>\n<\/tr>\n<\/tbody>\n<\/table>\n<table style=\"width: 500px;\" border=\"1\" cellspacing=\"5\" cellpadding=\"5\" align=\"center\">\n<tbody>\n<tr>\n<td colspan=\"3\" align=\"center\">Lotto Powerball &#8211; poziomy nagr\u00f3d w USA<\/td>\n<\/tr>\n<tr>\n<td>Nagroda<\/td>\n<td align=\"center\">Dopasowania<\/td>\n<td align=\"center\">Szanse<\/td>\n<\/tr>\n<tr>\n<td>1. miejsce (G\u0142\u00f3wna wygrana)<\/td>\n<td align=\"center\">5 + 1<\/td>\n<td align=\"right\">175 223 510 : 1<\/td>\n<\/tr>\n<tr>\n<td>2. miejsce<\/td>\n<td align=\"center\">5<\/td>\n<td align=\"right\">5 153 633 : 1<\/td>\n<\/tr>\n<tr>\n<td>3.<\/td>\n<td align=\"center\">4 + 1<\/td>\n<td align=\"right\">648 976 : 1<\/td>\n<\/tr>\n<tr>\n<td>4.<\/td>\n<td align=\"center\">4<\/td>\n<td align=\"right\">19 087 : 1<\/td>\n<\/tr>\n<tr>\n<td>5.<\/td>\n<td align=\"center\">3 + 1<\/td>\n<td align=\"right\">12 245 : 1<\/td>\n<\/tr>\n<tr>\n<td>6<\/td>\n<td align=\"center\">3<\/td>\n<td align=\"right\">360 : 1<\/td>\n<\/tr>\n<tr>\n<td>7<\/td>\n<td align=\"center\">2 + 1<\/td>\n<td align=\"right\">706 : 1<\/td>\n<\/tr>\n<tr>\n<td>8<\/td>\n<td align=\"center\">1 + 1<\/td>\n<td align=\"right\">111 : 1<\/td>\n<\/tr>\n<tr>\n<td>9<\/td>\n<td align=\"center\">0 + 1<\/td>\n<td align=\"right\">55 : 1<\/td>\n<\/tr>\n<\/tbody>\n<\/table>\n","protected":false},"excerpt":{"rendered":"<p>Zagraj w loteri\u0119 Powerball online. Loteria Powerball jest znana na ca\u0142ym \u015bwiecie z niesamowitych jackpot\u00f3w. Regularnie trafiaj\u0105 si\u0119 jackpoty przekraczaj\u0105ce 100 milion\u00f3w dolar\u00f3w. Wzrost jackpota jest wyk\u0142adniczy, poniewa\u017c mo\u017cna kupi\u0107 losy na loteri\u0119 Powerball online. Gra w Powerball online jest prosta w zaciszu w\u0142asnego domu, wystarczy komputer i po\u0142\u0105czenie z internetem. Loty Powerball online, proste [&hellip;]<\/p>\n","protected":false},"author":1,"featured_media":0,"parent":0,"menu_order":4,"comment_status":"closed","ping_status":"closed","template":"","meta":{"footnotes":""},"class_list":["post-9176","page","type-page","status-publish","hentry"],"yoast_head":"<!-- This site is optimized with the Yoast SEO plugin v27.5 - https:\/\/yoast.com\/product\/yoast-seo-wordpress\/ -->\n<title>Kup bilety na loteri\u0119 Powerball online<\/title>\n<meta name=\"description\" content=\"Kup ju\u017c dzi\u015b online bilety na loteri\u0119 Powerball w USA.\" \/>\n<meta name=\"robots\" content=\"index, follow, max-snippet:-1, max-image-preview:large, max-video-preview:-1\" \/>\n<link rel=\"canonical\" href=\"https:\/\/gambling6.com\/pl\/kup-bilety-online-na-loterie-powerball\/\" \/>\n<meta property=\"og:locale\" content=\"pl_PL\" \/>\n<meta property=\"og:type\" content=\"article\" \/>\n<meta property=\"og:title\" content=\"Kup bilety na loteri\u0119 Powerball online\" \/>\n<meta property=\"og:description\" content=\"Kup ju\u017c dzi\u015b online bilety na loteri\u0119 Powerball w USA.\" \/>\n<meta property=\"og:url\" content=\"https:\/\/gambling6.com\/pl\/kup-bilety-online-na-loterie-powerball\/\" \/>\n<meta property=\"og:site_name\" content=\"Gambling6\" \/>\n<meta property=\"article:modified_time\" content=\"2025-11-12T10:02:28+00:00\" \/>\n<meta property=\"og:image\" content=\"https:\/\/gambling6.com\/wp-content\/uploads\/2022\/04\/2_ticket_powerball_au2-1.jpg\" \/>\n\t<meta property=\"og:image:width\" content=\"250\" \/>\n\t<meta property=\"og:image:height\" content=\"460\" \/>\n\t<meta property=\"og:image:type\" content=\"image\/jpeg\" \/>\n<meta name=\"twitter:card\" content=\"summary_large_image\" \/>\n<meta name=\"twitter:label1\" content=\"Szacowany czas czytania\" \/>\n\t<meta name=\"twitter:data1\" content=\"3 minuty\" \/>\n<script type=\"application\/ld+json\" class=\"yoast-schema-graph\">{\"@context\":\"https:\\\/\\\/schema.org\",\"@graph\":[{\"@type\":\"WebPage\",\"@id\":\"https:\\\/\\\/gambling6.com\\\/pl\\\/kup-bilety-online-na-loterie-powerball\\\/\",\"url\":\"https:\\\/\\\/gambling6.com\\\/pl\\\/kup-bilety-online-na-loterie-powerball\\\/\",\"name\":\"Kup bilety na loteri\u0119 Powerball online\",\"isPartOf\":{\"@id\":\"https:\\\/\\\/gambling6.com\\\/pl\\\/#website\"},\"primaryImageOfPage\":{\"@id\":\"https:\\\/\\\/gambling6.com\\\/pl\\\/kup-bilety-online-na-loterie-powerball\\\/#primaryimage\"},\"image\":{\"@id\":\"https:\\\/\\\/gambling6.com\\\/pl\\\/kup-bilety-online-na-loterie-powerball\\\/#primaryimage\"},\"thumbnailUrl\":\"https:\\\/\\\/gambling6.com\\\/wp-content\\\/uploads\\\/2022\\\/04\\\/2_ticket_powerball_au2-1-163x300.jpg\",\"datePublished\":\"2025-11-10T10:45:45+00:00\",\"dateModified\":\"2025-11-12T10:02:28+00:00\",\"description\":\"Kup ju\u017c dzi\u015b online bilety na loteri\u0119 Powerball w USA.\",\"breadcrumb\":{\"@id\":\"https:\\\/\\\/gambling6.com\\\/pl\\\/kup-bilety-online-na-loterie-powerball\\\/#breadcrumb\"},\"inLanguage\":\"pl-PL\",\"potentialAction\":[{\"@type\":\"ReadAction\",\"target\":[\"https:\\\/\\\/gambling6.com\\\/pl\\\/kup-bilety-online-na-loterie-powerball\\\/\"]}]},{\"@type\":\"ImageObject\",\"inLanguage\":\"pl-PL\",\"@id\":\"https:\\\/\\\/gambling6.com\\\/pl\\\/kup-bilety-online-na-loterie-powerball\\\/#primaryimage\",\"url\":\"https:\\\/\\\/gambling6.com\\\/wp-content\\\/uploads\\\/2022\\\/04\\\/2_ticket_powerball_au2-1-163x300.jpg\",\"contentUrl\":\"https:\\\/\\\/gambling6.com\\\/wp-content\\\/uploads\\\/2022\\\/04\\\/2_ticket_powerball_au2-1-163x300.jpg\"},{\"@type\":\"BreadcrumbList\",\"@id\":\"https:\\\/\\\/gambling6.com\\\/pl\\\/kup-bilety-online-na-loterie-powerball\\\/#breadcrumb\",\"itemListElement\":[{\"@type\":\"ListItem\",\"position\":1,\"name\":\"Home\",\"item\":\"https:\\\/\\\/gambling6.com\\\/pl\\\/home\\\/\"},{\"@type\":\"ListItem\",\"position\":2,\"name\":\"Kup bilety online na loteri\u0119 Powerball\"}]},{\"@type\":\"WebSite\",\"@id\":\"https:\\\/\\\/gambling6.com\\\/pl\\\/#website\",\"url\":\"https:\\\/\\\/gambling6.com\\\/pl\\\/\",\"name\":\"Gambling6\",\"description\":\"\",\"potentialAction\":[{\"@type\":\"SearchAction\",\"target\":{\"@type\":\"EntryPoint\",\"urlTemplate\":\"https:\\\/\\\/gambling6.com\\\/pl\\\/?s={search_term_string}\"},\"query-input\":{\"@type\":\"PropertyValueSpecification\",\"valueRequired\":true,\"valueName\":\"search_term_string\"}}],\"inLanguage\":\"pl-PL\"}]}<\/script>\n<!-- \/ Yoast SEO plugin. -->","yoast_head_json":{"title":"Kup bilety na loteri\u0119 Powerball online","description":"Kup ju\u017c dzi\u015b online bilety na loteri\u0119 Powerball w USA.","robots":{"index":"index","follow":"follow","max-snippet":"max-snippet:-1","max-image-preview":"max-image-preview:large","max-video-preview":"max-video-preview:-1"},"canonical":"https:\/\/gambling6.com\/pl\/kup-bilety-online-na-loterie-powerball\/","og_locale":"pl_PL","og_type":"article","og_title":"Kup bilety na loteri\u0119 Powerball online","og_description":"Kup ju\u017c dzi\u015b online bilety na loteri\u0119 Powerball w USA.","og_url":"https:\/\/gambling6.com\/pl\/kup-bilety-online-na-loterie-powerball\/","og_site_name":"Gambling6","article_modified_time":"2025-11-12T10:02:28+00:00","og_image":[{"width":250,"height":460,"url":"https:\/\/gambling6.com\/wp-content\/uploads\/2022\/04\/2_ticket_powerball_au2-1.jpg","type":"image\/jpeg"}],"twitter_card":"summary_large_image","twitter_misc":{"Szacowany czas czytania":"3 minuty"},"schema":{"@context":"https:\/\/schema.org","@graph":[{"@type":"WebPage","@id":"https:\/\/gambling6.com\/pl\/kup-bilety-online-na-loterie-powerball\/","url":"https:\/\/gambling6.com\/pl\/kup-bilety-online-na-loterie-powerball\/","name":"Kup bilety na loteri\u0119 Powerball online","isPartOf":{"@id":"https:\/\/gambling6.com\/pl\/#website"},"primaryImageOfPage":{"@id":"https:\/\/gambling6.com\/pl\/kup-bilety-online-na-loterie-powerball\/#primaryimage"},"image":{"@id":"https:\/\/gambling6.com\/pl\/kup-bilety-online-na-loterie-powerball\/#primaryimage"},"thumbnailUrl":"https:\/\/gambling6.com\/wp-content\/uploads\/2022\/04\/2_ticket_powerball_au2-1-163x300.jpg","datePublished":"2025-11-10T10:45:45+00:00","dateModified":"2025-11-12T10:02:28+00:00","description":"Kup ju\u017c dzi\u015b online bilety na loteri\u0119 Powerball w USA.","breadcrumb":{"@id":"https:\/\/gambling6.com\/pl\/kup-bilety-online-na-loterie-powerball\/#breadcrumb"},"inLanguage":"pl-PL","potentialAction":[{"@type":"ReadAction","target":["https:\/\/gambling6.com\/pl\/kup-bilety-online-na-loterie-powerball\/"]}]},{"@type":"ImageObject","inLanguage":"pl-PL","@id":"https:\/\/gambling6.com\/pl\/kup-bilety-online-na-loterie-powerball\/#primaryimage","url":"https:\/\/gambling6.com\/wp-content\/uploads\/2022\/04\/2_ticket_powerball_au2-1-163x300.jpg","contentUrl":"https:\/\/gambling6.com\/wp-content\/uploads\/2022\/04\/2_ticket_powerball_au2-1-163x300.jpg"},{"@type":"BreadcrumbList","@id":"https:\/\/gambling6.com\/pl\/kup-bilety-online-na-loterie-powerball\/#breadcrumb","itemListElement":[{"@type":"ListItem","position":1,"name":"Home","item":"https:\/\/gambling6.com\/pl\/home\/"},{"@type":"ListItem","position":2,"name":"Kup bilety online na loteri\u0119 Powerball"}]},{"@type":"WebSite","@id":"https:\/\/gambling6.com\/pl\/#website","url":"https:\/\/gambling6.com\/pl\/","name":"Gambling6","description":"","potentialAction":[{"@type":"SearchAction","target":{"@type":"EntryPoint","urlTemplate":"https:\/\/gambling6.com\/pl\/?s={search_term_string}"},"query-input":{"@type":"PropertyValueSpecification","valueRequired":true,"valueName":"search_term_string"}}],"inLanguage":"pl-PL"}]}},"_links":{"self":[{"href":"https:\/\/gambling6.com\/pl\/wp-json\/wp\/v2\/pages\/9176","targetHints":{"allow":["GET"]}}],"collection":[{"href":"https:\/\/gambling6.com\/pl\/wp-json\/wp\/v2\/pages"}],"about":[{"href":"https:\/\/gambling6.com\/pl\/wp-json\/wp\/v2\/types\/page"}],"author":[{"embeddable":true,"href":"https:\/\/gambling6.com\/pl\/wp-json\/wp\/v2\/users\/1"}],"replies":[{"embeddable":true,"href":"https:\/\/gambling6.com\/pl\/wp-json\/wp\/v2\/comments?post=9176"}],"version-history":[{"count":1,"href":"https:\/\/gambling6.com\/pl\/wp-json\/wp\/v2\/pages\/9176\/revisions"}],"predecessor-version":[{"id":10511,"href":"https:\/\/gambling6.com\/pl\/wp-json\/wp\/v2\/pages\/9176\/revisions\/10511"}],"wp:attachment":[{"href":"https:\/\/gambling6.com\/pl\/wp-json\/wp\/v2\/media?parent=9176"}],"curies":[{"name":"wp","href":"https:\/\/api.w.org\/{rel}","templated":true}]}}