{"id":9236,"date":"2025-11-10T12:30:53","date_gmt":"2025-11-10T12:30:53","guid":{"rendered":"https:\/\/gambling6.com\/zaklady-sportowe\/"},"modified":"2025-11-12T10:33:08","modified_gmt":"2025-11-12T10:33:08","slug":"zaklady-sportowe","status":"publish","type":"page","link":"https:\/\/gambling6.com\/pl\/zaklady-sportowe\/","title":{"rendered":"Zak\u0142ady sportowe"},"content":{"rendered":"<h2>Podstawy zak\u0142ad\u00f3w sportowych<\/h2>\n<p>Zak\u0142ady sportowe, termin powsta\u0142y z po\u0142\u0105czenia tych s\u0142\u00f3w, to dzia\u0142alno\u015b\u0107 polegaj\u0105ca na przewidywaniu wynik\u00f3w sportowych zawod\u00f3w zawodowych i amatorskich, a tak\u017ce obstawianiu wyniku. <strong>Sportsbet to termin u\u017cywany do opisania miejsca, w kt\u00f3rym mo\u017cna obstawia\u0107 zak\u0142ady sportowe.<\/strong> Og\u00f3lnie rzecz bior\u0105c, w Stanach Zjednoczonych dzia\u0142alno\u015b\u0107 ta nie jest legalna. Zasadniczo, tylko w czterech z pi\u0119\u0107dziesi\u0119ciu stan\u00f3w Ameryki zak\u0142ady sportowe i zak\u0142ady sportowe s\u0105 w 100% legalne. Potem pojawi\u0142 si\u0119 internet.<\/p>\n<h2>Miliony ludzi codziennie obstawiaj\u0105 zak\u0142ady sportowe<\/h2>\n<p>Codziennie miliony ludzi gromadz\u0105 si\u0119 na tysi\u0105cach stron internetowych, aby obstawia\u0107 dowoln\u0105 dyscyplin\u0119 sportow\u0105. Jednak <strong>to wprowadzenie do zak\u0142ad\u00f3w sportowych online poka\u017ce Ci, \u017ce chodzi o co\u015b wi\u0119cej ni\u017c tylko o znajomo\u015b\u0107 spreadu i obstawianie dru\u017cyny<\/strong>, kt\u00f3r\u0105 chcesz wygra\u0107. Obstawianie meczu nie tylko mo\u017ce uczyni\u0107 go bardziej interesuj\u0105cym, ale sztuka obstawiania sportu mo\u017ce przynie\u015b\u0107 Ci ogromne zyski, je\u015bli zostanie poprawnie przeprowadzona. Je\u015bli jest to nowe przedsi\u0119wzi\u0119cie dla osoby bez do\u015bwiadczenia w obstawianiu sportu, musisz zna\u0107 podstawy i zasady zak\u0142ad\u00f3w sportowych, aby nie straci\u0107 orientacji po rozpocz\u0119ciu akcji.<\/p>\n<h2>Terminologia zak\u0142ad\u00f3w sportowych online<\/h2>\n<p>Po pierwsze,<strong>musisz zapozna\u0107 si\u0119 z terminologi\u0105 stosowan\u0105 w zak\u0142adach sportowych<\/strong>. \u201e<a href=\"http:\/\/en.wikipedia.org\/wiki\/Handicapping\" target=\"_blank\" rel=\"noopener\">Handicap<\/a>\u201d to pierwszy termin, kt\u00f3ry wprowadz\u0119; oznacza on danie jednej dru\u017cynie lub zawodnikowi przewagi nad drug\u0105 poprzez zwi\u0119kszenie liczby uderze\u0144, goli, przy\u0142o\u017ce\u0144 lub po prostu punkt\u00f3w przeciwnika, aby da\u0107 przeciwnikowi wi\u0119ksz\u0105 szans\u0119 na wyr\u00f3wnanie poziomu gry. Za\u0142\u00f3\u017cmy na przyk\u0142ad, \u017ce mam zamiar gra\u0107 w koszyk\u00f3wk\u0119 jeden na jednego z Michaelem Jordanem i ten, kto pierwszy zdob\u0119dzie 21 punkt\u00f3w, wygrywa. Mog\u0119 otrzyma\u0107 18 punkt\u00f3w przewagi, co oznacza, \u017ce \u200b\u200bon ma 18-punktowy handicap. Musi zdoby\u0107 21 punkt\u00f3w, zanim ja zdob\u0119d\u0119 3 punkty, aby wygra\u0107. Istnieje wiele przyk\u0142ad\u00f3w handicapu, czyli \u201espread\u00f3w punktowych\u201d, jak si\u0119 je r\u00f3wnie\u017c nazywa. Zrozumienie tej zasady jest jednym z kluczy do zrozumienia dobrych zak\u0142ad\u00f3w w internetowych zak\u0142adach sportowych.<\/p>\n<h2>Poznaj swojego bukmachera online<\/h2>\n<p><strong>Zak\u0142ady sportowe, zar\u00f3wno online, jak i na \u017cywo, zazwyczaj odbywaj\u0105 si\u0119 w tzw. \u201ezak\u0142adzie bukmacherskim\u201d.<\/strong> \u201eBukmacher\u201d to zak\u0142ad przyjmuj\u0105cy zak\u0142ady, a bukmacher to osoba, kt\u00f3ra zazwyczaj ustala spread dla konkretnego zak\u0142adu. Proces ustalania \u201espreadu\u201d w przeciwie\u0144stwie do zak\u0142adu \u201ez kursem r\u00f3wnym\u201d (zak\u0142adu o kursie 1:1) mo\u017ce by\u0107 bardzo skomplikowany i mo\u017ce si\u0119 r\u00f3\u017cni\u0107 w zale\u017cno\u015bci od bukmachera.<\/p>\n<h2>Betonline Sportsbook \u2013 akceptuje fan\u00f3w sportu z USA<\/h2>\n<p>Kiedy jeste\u015b gotowy na obstawianie zak\u0142ad\u00f3w sportowych, musisz znale\u017a\u0107 renomowane kasyno online lub bukmachera, aby m\u00f3c obstawia\u0107. <a class=\"thirstylink\" title=\"Betonline casino en\" href=\"https:\/\/gambling6.com\/go\/betonline-casino-en\/\" target=\"_blank\" rel=\"nofollow noopener\">Mo\u017cesz sprawdzi\u0107 Betonline Sportsbook<\/a>, znane kasyno online o reputacji niezawodnego bezpiecze\u0144stwa. Oferuje wiele r\u00f3\u017cnych metod wp\u0142at i wyp\u0142at, a Ty powiniene\u015b znale\u017a\u0107 spos\u00f3b na dopasowanie ich do swoich potrzeb.<\/p>\n<p>Kolejn\u0105 \u015bwietn\u0105 alternatyw\u0105 jest kasyno 888 \u2013 ich sekcja zak\u0142ad\u00f3w sportowych jest jedn\u0105 z najlepszych na rynku. Poza tym oferuj\u0105 \u015bwietny pok\u00f3j pokerowy, absolutnie najlepsze gry kasynowe, a nawet takie rzeczy jak bingo i zdrapki.<\/p>\n<p>Jedyn\u0105 wad\u0105 888 jest to, \u017ce nie akceptuje klient\u00f3w ze Stan\u00f3w Zjednoczonych. Je\u015bli jednak mieszkasz w innym kraju, zdecydowanie powiniene\u015b <a class=\"thirstylink\" title=\"888 casino en\" href=\"https:\/\/gambling6.com\/go\/888-casino-en\/\" target=\"_blank\" rel=\"nofollow noopener\">odwiedzi\u0107 stron\u0119 internetow\u0105 kasyna 888 \u2013 wystarczy klikn\u0105\u0107 ten link.<\/a><\/p>\n<p>Spr\u00f3buj swoich si\u0142, ale masz jeszcze wiele do nauczenia si\u0119 o zak\u0142adach sportowych online. B\u0119dziemy stale aktualizowa\u0107 t\u0119 stron\u0119, aby\u015b m\u00f3g\u0142 dowiedzie\u0107 si\u0119 wi\u0119cej o kursach i czynnikach wp\u0142ywaj\u0105cych na wyniki niekt\u00f3rych wydarze\u0144.<strong>Je\u015bli chcesz zosta\u0107 ekspertem w dziedzinie zak\u0142ad\u00f3w sportowych<\/strong>, jeste\u015b we w\u0142a\u015bciwym miejscu. Usi\u0105d\u017a wygodnie, rozsi\u0105d\u017a si\u0119 wygodnie i ciesz si\u0119 zabaw\u0105 z zak\u0142adami sportowymi online.<\/p>\n","protected":false},"excerpt":{"rendered":"<p>Podstawy zak\u0142ad\u00f3w sportowych Zak\u0142ady sportowe, termin powsta\u0142y z po\u0142\u0105czenia tych s\u0142\u00f3w, to dzia\u0142alno\u015b\u0107 polegaj\u0105ca na przewidywaniu wynik\u00f3w sportowych zawod\u00f3w zawodowych i amatorskich, a tak\u017ce obstawianiu wyniku. Sportsbet to termin u\u017cywany do opisania miejsca, w kt\u00f3rym mo\u017cna obstawia\u0107 zak\u0142ady sportowe. Og\u00f3lnie rzecz bior\u0105c, w Stanach Zjednoczonych dzia\u0142alno\u015b\u0107 ta nie jest legalna. Zasadniczo, tylko w czterech z [&hellip;]<\/p>\n","protected":false},"author":1,"featured_media":0,"parent":0,"menu_order":4,"comment_status":"closed","ping_status":"closed","template":"","meta":{"footnotes":""},"class_list":["post-9236","page","type-page","status-publish","hentry"],"yoast_head":"<!-- This site is optimized with the Yoast SEO plugin v27.3 - https:\/\/yoast.com\/product\/yoast-seo-wordpress\/ -->\n<title>Wprowadzenie do zak\u0142ad\u00f3w sportowych online<\/title>\n<meta name=\"description\" content=\"Zapoznaj si\u0119 z terminologi\u0105 stosowan\u0105 w internetowych zak\u0142adach sportowych.\" \/>\n<meta name=\"robots\" content=\"index, follow, max-snippet:-1, max-image-preview:large, max-video-preview:-1\" \/>\n<link rel=\"canonical\" href=\"https:\/\/gambling6.com\/pl\/zaklady-sportowe\/\" \/>\n<meta property=\"og:locale\" content=\"pl_PL\" \/>\n<meta property=\"og:type\" content=\"article\" \/>\n<meta property=\"og:title\" content=\"Wprowadzenie do zak\u0142ad\u00f3w sportowych online\" \/>\n<meta property=\"og:description\" content=\"Zapoznaj si\u0119 z terminologi\u0105 stosowan\u0105 w internetowych zak\u0142adach sportowych.\" \/>\n<meta property=\"og:url\" content=\"https:\/\/gambling6.com\/pl\/zaklady-sportowe\/\" \/>\n<meta property=\"og:site_name\" content=\"Gambling6\" \/>\n<meta property=\"article:modified_time\" content=\"2025-11-12T10:33:08+00:00\" \/>\n<meta name=\"twitter:card\" content=\"summary_large_image\" \/>\n<meta name=\"twitter:label1\" content=\"Szacowany czas czytania\" \/>\n\t<meta name=\"twitter:data1\" content=\"3 minuty\" \/>\n<script type=\"application\/ld+json\" class=\"yoast-schema-graph\">{\"@context\":\"https:\\\/\\\/schema.org\",\"@graph\":[{\"@type\":\"WebPage\",\"@id\":\"https:\\\/\\\/gambling6.com\\\/pl\\\/zaklady-sportowe\\\/\",\"url\":\"https:\\\/\\\/gambling6.com\\\/pl\\\/zaklady-sportowe\\\/\",\"name\":\"Wprowadzenie do zak\u0142ad\u00f3w sportowych online\",\"isPartOf\":{\"@id\":\"https:\\\/\\\/gambling6.com\\\/pl\\\/#website\"},\"datePublished\":\"2025-11-10T12:30:53+00:00\",\"dateModified\":\"2025-11-12T10:33:08+00:00\",\"description\":\"Zapoznaj si\u0119 z terminologi\u0105 stosowan\u0105 w internetowych zak\u0142adach sportowych.\",\"breadcrumb\":{\"@id\":\"https:\\\/\\\/gambling6.com\\\/pl\\\/zaklady-sportowe\\\/#breadcrumb\"},\"inLanguage\":\"pl-PL\",\"potentialAction\":[{\"@type\":\"ReadAction\",\"target\":[\"https:\\\/\\\/gambling6.com\\\/pl\\\/zaklady-sportowe\\\/\"]}]},{\"@type\":\"BreadcrumbList\",\"@id\":\"https:\\\/\\\/gambling6.com\\\/pl\\\/zaklady-sportowe\\\/#breadcrumb\",\"itemListElement\":[{\"@type\":\"ListItem\",\"position\":1,\"name\":\"Home\",\"item\":\"https:\\\/\\\/gambling6.com\\\/pl\\\/home\\\/\"},{\"@type\":\"ListItem\",\"position\":2,\"name\":\"Zak\u0142ady sportowe\"}]},{\"@type\":\"WebSite\",\"@id\":\"https:\\\/\\\/gambling6.com\\\/pl\\\/#website\",\"url\":\"https:\\\/\\\/gambling6.com\\\/pl\\\/\",\"name\":\"Gambling6\",\"description\":\"\",\"potentialAction\":[{\"@type\":\"SearchAction\",\"target\":{\"@type\":\"EntryPoint\",\"urlTemplate\":\"https:\\\/\\\/gambling6.com\\\/pl\\\/?s={search_term_string}\"},\"query-input\":{\"@type\":\"PropertyValueSpecification\",\"valueRequired\":true,\"valueName\":\"search_term_string\"}}],\"inLanguage\":\"pl-PL\"}]}<\/script>\n<!-- \/ Yoast SEO plugin. -->","yoast_head_json":{"title":"Wprowadzenie do zak\u0142ad\u00f3w sportowych online","description":"Zapoznaj si\u0119 z terminologi\u0105 stosowan\u0105 w internetowych zak\u0142adach sportowych.","robots":{"index":"index","follow":"follow","max-snippet":"max-snippet:-1","max-image-preview":"max-image-preview:large","max-video-preview":"max-video-preview:-1"},"canonical":"https:\/\/gambling6.com\/pl\/zaklady-sportowe\/","og_locale":"pl_PL","og_type":"article","og_title":"Wprowadzenie do zak\u0142ad\u00f3w sportowych online","og_description":"Zapoznaj si\u0119 z terminologi\u0105 stosowan\u0105 w internetowych zak\u0142adach sportowych.","og_url":"https:\/\/gambling6.com\/pl\/zaklady-sportowe\/","og_site_name":"Gambling6","article_modified_time":"2025-11-12T10:33:08+00:00","twitter_card":"summary_large_image","twitter_misc":{"Szacowany czas czytania":"3 minuty"},"schema":{"@context":"https:\/\/schema.org","@graph":[{"@type":"WebPage","@id":"https:\/\/gambling6.com\/pl\/zaklady-sportowe\/","url":"https:\/\/gambling6.com\/pl\/zaklady-sportowe\/","name":"Wprowadzenie do zak\u0142ad\u00f3w sportowych online","isPartOf":{"@id":"https:\/\/gambling6.com\/pl\/#website"},"datePublished":"2025-11-10T12:30:53+00:00","dateModified":"2025-11-12T10:33:08+00:00","description":"Zapoznaj si\u0119 z terminologi\u0105 stosowan\u0105 w internetowych zak\u0142adach sportowych.","breadcrumb":{"@id":"https:\/\/gambling6.com\/pl\/zaklady-sportowe\/#breadcrumb"},"inLanguage":"pl-PL","potentialAction":[{"@type":"ReadAction","target":["https:\/\/gambling6.com\/pl\/zaklady-sportowe\/"]}]},{"@type":"BreadcrumbList","@id":"https:\/\/gambling6.com\/pl\/zaklady-sportowe\/#breadcrumb","itemListElement":[{"@type":"ListItem","position":1,"name":"Home","item":"https:\/\/gambling6.com\/pl\/home\/"},{"@type":"ListItem","position":2,"name":"Zak\u0142ady sportowe"}]},{"@type":"WebSite","@id":"https:\/\/gambling6.com\/pl\/#website","url":"https:\/\/gambling6.com\/pl\/","name":"Gambling6","description":"","potentialAction":[{"@type":"SearchAction","target":{"@type":"EntryPoint","urlTemplate":"https:\/\/gambling6.com\/pl\/?s={search_term_string}"},"query-input":{"@type":"PropertyValueSpecification","valueRequired":true,"valueName":"search_term_string"}}],"inLanguage":"pl-PL"}]}},"_links":{"self":[{"href":"https:\/\/gambling6.com\/pl\/wp-json\/wp\/v2\/pages\/9236","targetHints":{"allow":["GET"]}}],"collection":[{"href":"https:\/\/gambling6.com\/pl\/wp-json\/wp\/v2\/pages"}],"about":[{"href":"https:\/\/gambling6.com\/pl\/wp-json\/wp\/v2\/types\/page"}],"author":[{"embeddable":true,"href":"https:\/\/gambling6.com\/pl\/wp-json\/wp\/v2\/users\/1"}],"replies":[{"embeddable":true,"href":"https:\/\/gambling6.com\/pl\/wp-json\/wp\/v2\/comments?post=9236"}],"version-history":[{"count":1,"href":"https:\/\/gambling6.com\/pl\/wp-json\/wp\/v2\/pages\/9236\/revisions"}],"predecessor-version":[{"id":10534,"href":"https:\/\/gambling6.com\/pl\/wp-json\/wp\/v2\/pages\/9236\/revisions\/10534"}],"wp:attachment":[{"href":"https:\/\/gambling6.com\/pl\/wp-json\/wp\/v2\/media?parent=9236"}],"curies":[{"name":"wp","href":"https:\/\/api.w.org\/{rel}","templated":true}]}}