{"id":9312,"date":"2025-11-10T13:32:52","date_gmt":"2025-11-10T13:32:52","guid":{"rendered":"https:\/\/gambling6.com\/loteria\/"},"modified":"2025-11-12T18:25:05","modified_gmt":"2025-11-12T18:25:05","slug":"loteria","status":"publish","type":"page","link":"https:\/\/gambling6.com\/pl\/loteria\/","title":{"rendered":"Loteria"},"content":{"rendered":"<h2>Lotto staje si\u0119 dost\u0119pne za granic\u0105 i online.<\/h2>\n<p>Chocia\u017c uwa\u017ca si\u0119 je za \u015bwietn\u0105 form\u0119 rozrywki, kupowanie los\u00f3w na loteri\u0119 mi\u0119dzynarodow\u0105 sta\u0142o si\u0119 r\u00f3wnie\u017c du\u017cym biznesem. Hazard, og\u00f3lnie rzecz bior\u0105c, rozkwit\u0142 cz\u0119\u015bciowo dzi\u0119ki znakomitemu nag\u0142o\u015bnieniu pokera w mediach, a dodatkowy sukces przypisuje si\u0119 internetowi. <strong>Gra w loterie mi\u0119dzynarodowe i kupowanie los\u00f3w online przyspieszy\u0142o wzrost jackpot\u00f3w<\/strong>, a wiele os\u00f3b w\u0142\u0105cza teraz gr\u0119 w RedFoxLotto do swojego planu dochod\u00f3w.<\/p>\n<h2>Internet u\u0142atwia kupowanie los\u00f3w na loteri\u0119.<\/h2>\n<p>Internet zmieni\u0142 nasze \u017cycie na wiele sposob\u00f3w; zdecydowanie sprawi\u0142, \u017ce \u015bwiat sta\u0142 si\u0119 znacznie mniejszy. Codziennie w wielu krajach na ca\u0142ym \u015bwiecie rozgrywane s\u0105 setki loterii. Wi\u0119kszo\u015b\u0107 losowa\u0144 krajowych, w tym te z wy\u017cszymi jackpotami, jest dost\u0119pna dla os\u00f3b kupuj\u0105cych losy na loteri\u0119 za granic\u0105. <strong>Najwi\u0119ksze \u015bwiatowe loterie, takie jak Mega Millions w Stanach Zjednoczonych i Powerball w USA i Australii, umo\u017cliwiaj\u0105 zakup los\u00f3w online za po\u015brednictwem naszego partnera RedFoxLotto.<\/strong><img loading=\"lazy\" decoding=\"async\" class=\" alignright size-full wp-image-437\" style=\"margin: 10px; border: 5px none #ffffff; float: right;\" src=\"http:\/\/gambling6.com\/wp-content\/uploads\/2013\/12\/International-Community-150x150.jpg\" alt=\"Mi\u0119dzynarodowe loterie online\" width=\"150\" height=\"150\" \/><\/p>\n<h2>Kup losy na loteri\u0119 24\/7<\/h2>\n<p>W dzisiejszym, zaawansowanym technologicznie \u015bwiecie mo\u017cemy kupowa\u0107 losy na wiele mi\u0119dzynarodowych loterii 24 godziny na dob\u0119, 365 dni w tygodniu. Dzi\u0119ki internetowi mo\u017cemy kupi\u0107 te losy bez konieczno\u015bci chodzenia do punkt\u00f3w loteryjnych i stania w kolejce. Mo\u017cemy po\u015bwi\u0119ci\u0107 czas na wyb\u00f3r Twoich liczb i skorzysta\u0107 z r\u00f3\u017cnych dost\u0119pnych narz\u0119dzi. \u0141atwo\u015b\u0107 gry w loterie mi\u0119dzynarodowe podnios\u0142a jackpoty i nagrody wielopoziomowe do rekordowych poziom\u00f3w. Wysokie poziomy nagr\u00f3d sk\u0142oni\u0142y wielu do za\u0142o\u017cenia biznesu, graj\u0105c w RedFoxLotto online.<\/p>\n<h2>Kupowanie los\u00f3w na loteri\u0119 online jest bezpieczne.<\/h2>\n<p>Dzi\u0119ki naszemu partnerowi RedFoxLotto kupowanie los\u00f3w na loterie mi\u0119dzynarodowe jest bezpieczne i proste. Najpierw musisz za\u0142o\u017cy\u0107 konto. Podczas otwierania konta zostaniesz poproszony o podanie danych osobowych. Upewnij si\u0119, \u017ce poda\u0142e\u015b aktualne i poprawne dane, aby m\u00f3c zweryfikowa\u0107 Twoj\u0105 to\u017csamo\u015b\u0107 w przypadku wygranej du\u017cej kumulacji. Wprowadzane i wysy\u0142ane informacje s\u0105 chronione 256-bitowym szyfrowaniem, a hosting Safe Harbor zapewnia ich prywatno\u015b\u0107 i wykorzystanie wy\u0142\u0105cznie do cel\u00f3w okre\u015blonych na stronie internetowej.<\/p>\n<h2>Metody bankowo\u015bci internetowej dla wygranych w RedFoxLotto<\/h2>\n<p>Do zakupu los\u00f3w mo\u017cesz u\u017cy\u0107 kart takich jak Visa, MasterCard i Visa debit. Dost\u0119pnych jest kilka innych metod p\u0142atno\u015bci, takich jak przelewy bankowe i p\u0142atno\u015bci kryptowalutowe. Je\u015bli jednak odniesiesz znaczn\u0105 wygran\u0105, b\u0119dziesz musia\u0142 poda\u0107 numer konta bankowego, aby m\u00f3c j\u0105 przela\u0107. Bezpieczne \u015brodowisko sprawia, \u017ce \u200b\u200bjest to idealny wyb\u00f3r do gry w loterie mi\u0119dzynarodowe i odbierania wygranych.<\/p>\n<h2>Kupowanie los\u00f3w na loteri\u0119 online ma swoje zalety.<\/h2>\n<p>Kolejn\u0105 zalet\u0105 kupowania los\u00f3w na loteri\u0119 online jest to, \u017ce dost\u0119pnych jest wiele narz\u0119dzi, kt\u00f3re pomagaj\u0105 analizowa\u0107 liczby w wi\u0119kszo\u015bci du\u017cych losowa\u0144 mi\u0119dzynarodowych. Narz\u0119dzia do loterii online pozwalaj\u0105 przegl\u0105da\u0107 najcz\u0119\u015bciej i najrzadziej wyst\u0119puj\u0105ce liczby oraz histori\u0119 losowa\u0144 loterii na ca\u0142ym \u015bwiecie. Te informacje daj\u0105 Ci przewag\u0119 przy zakupie los\u00f3w i mog\u0105 zasili\u0107 Twoje konto bankowe wygranymi z wielu poziom\u00f3w.<\/p>\n<p>Gra w RedFoxLotto mo\u017ce by\u0107 przyjemna i op\u0142acalna. Zacznij gra\u0107 w loterie mi\u0119dzynarodowe ju\u017c dzi\u015b. <a class=\"thirstylink\" title=\"Redfoxlotto\" href=\"https:\/\/gambling6.com\/go\/redfoxlotto\/\" target=\"_blank\" rel=\"nofollow noopener\">Aby kupi\u0107 losy na mi\u0119dzynarodow\u0105 loteri\u0119 online, odwied\u017a stron\u0119 naszego partnera RedFoxLotto.<\/a><\/p>\n<h2>Czy musisz by\u0107 rezydentem, aby gra\u0107 w mi\u0119dzynarodow\u0105 loteri\u0119?<\/h2>\n<p>Prosta odpowied\u017a brzmi: nie! Je\u015bli czyta\u0142e\u015b artyku\u0142y w internecie lub w gazecie o ludziach, kt\u00f3rzy wygrali wielomilionowe jackpoty, mog\u0142e\u015b pomy\u015ble\u0107: \u201eDlaczego nie mog\u0119 spr\u00f3bowa\u0107 zagra\u0107 w jedn\u0105 z tych loterii?\u201d. Teraz to, \u017ce nie jeste\u015b rezydentem kraju, w kt\u00f3rym odbywa si\u0119 losowanie jackpota, nie stanowi ju\u017c problemu.<\/p>\n<p>Mo\u017cesz kupi\u0107 los na dowoln\u0105 loteri\u0119, kt\u00f3r\u0105 chcesz wygra\u0107, poniewa\u017c s\u0105 one dost\u0119pne online dla ka\u017cdego na \u015bwiecie. Ta strona internetowa pomo\u017ce Ci kupi\u0107 los online na najwi\u0119ksze mi\u0119dzynarodowe jackpoty. Procedura jest banalnie prosta. Kliknij powy\u017cszy link i wybierz loteri\u0119. Zostaniesz przeniesiony na stron\u0119, na kt\u00f3rej mo\u017cesz samodzielnie wybra\u0107 swoje ulubione liczby do tej loterii lub pozwoli\u0107 komputerowi na losowe wybranie liczb za Ciebie.<\/p>\n<p>Nast\u0119pnie p\u0142acisz online, korzystaj\u0105c z najwygodniejszej dla Ciebie opcji p\u0142atno\u015bci. W\u015br\u00f3d tych metod p\u0142atno\u015bci znajduj\u0105 si\u0119 popularne, bezpieczne portfele elektroniczne, takie jak Skrill, a nawet kryptowaluty. Oczywi\u015bcie mo\u017cesz r\u00f3wnie\u017c wybra\u0107 najpopularniejsz\u0105 opcj\u0119: p\u0142atno\u015b\u0107 kart\u0105 kredytow\u0105.<\/p>\n<p><strong>Co dalej \u2014 jak mog\u0119 otrzyma\u0107 sw\u00f3j los na loteri\u0119 online?<\/strong> Dzia\u0142a to jak us\u0142uga kurierska \u2014 Tw\u00f3j los na loteri\u0119 online zostanieZakupione na Twoje nazwisko, zeskanowane i przes\u0142ane na Twoje konto.<\/p>\n<p>Wystarczy, \u017ce usi\u0105dziesz wygodnie i poczekasz na losowanie, sprawdzisz swoje liczby i zobaczysz, ile wygra\u0142e\u015b. Je\u015bli wygrasz kwot\u0119 poni\u017cej 2000 euro, pieni\u0105dze zostan\u0105 przelane na Twoje konto klienta. W przypadku wy\u017cszych kwot, regulamin RedFoxLotto wymaga wype\u0142nienia formularza zg\u0142oszeniowego, kt\u00f3ry jest dost\u0119pny na stronie internetowej. Komisja przekazuje go w Twoim imieniu do odpowiedniej komisji loteryjnej i zanim si\u0119 obejrzysz, otrzymasz czek poczt\u0105! <a class=\"thirstylink\" title=\"Redfoxlotto\" href=\"https:\/\/gambling6.com\/go\/redfoxlotto\/\" target=\"_blank\" rel=\"nofollow noopener\">Kup losy na loteri\u0119 ju\u017c dzi\u015b w RedFoxLotto!<\/a><\/p>\n<p>&nbsp;<\/p>\n","protected":false},"excerpt":{"rendered":"<p>Lotto staje si\u0119 dost\u0119pne za granic\u0105 i online. Chocia\u017c uwa\u017ca si\u0119 je za \u015bwietn\u0105 form\u0119 rozrywki, kupowanie los\u00f3w na loteri\u0119 mi\u0119dzynarodow\u0105 sta\u0142o si\u0119 r\u00f3wnie\u017c du\u017cym biznesem. Hazard, og\u00f3lnie rzecz bior\u0105c, rozkwit\u0142 cz\u0119\u015bciowo dzi\u0119ki znakomitemu nag\u0142o\u015bnieniu pokera w mediach, a dodatkowy sukces przypisuje si\u0119 internetowi. Gra w loterie mi\u0119dzynarodowe i kupowanie los\u00f3w online przyspieszy\u0142o wzrost jackpot\u00f3w, [&hellip;]<\/p>\n","protected":false},"author":1,"featured_media":9290,"parent":0,"menu_order":8,"comment_status":"closed","ping_status":"closed","template":"","meta":{"footnotes":""},"class_list":["post-9312","page","type-page","status-publish","has-post-thumbnail","hentry"],"yoast_head":"<!-- This site is optimized with the Yoast SEO plugin v27.3 - https:\/\/yoast.com\/product\/yoast-seo-wordpress\/ -->\n<title>Kupowanie los\u00f3w mi\u0119dzynarodowego loterii online<\/title>\n<meta name=\"description\" content=\"Kupowanie los\u00f3w na mi\u0119dzynarodowe loterie online jest proste. Niezale\u017cnie od tego, gdzie mieszkasz, we\u017a udzia\u0142 w jednej z najlepszych loterii na \u015bwiecie.\" \/>\n<meta name=\"robots\" content=\"index, follow, max-snippet:-1, max-image-preview:large, max-video-preview:-1\" \/>\n<link rel=\"canonical\" href=\"https:\/\/gambling6.com\/pl\/loteria\/\" \/>\n<meta property=\"og:locale\" content=\"pl_PL\" \/>\n<meta property=\"og:type\" content=\"article\" \/>\n<meta property=\"og:title\" content=\"Kupowanie los\u00f3w mi\u0119dzynarodowego loterii online\" \/>\n<meta property=\"og:description\" content=\"Kupowanie los\u00f3w na mi\u0119dzynarodowe loterie online jest proste. Niezale\u017cnie od tego, gdzie mieszkasz, we\u017a udzia\u0142 w jednej z najlepszych loterii na \u015bwiecie.\" \/>\n<meta property=\"og:url\" content=\"https:\/\/gambling6.com\/pl\/loteria\/\" \/>\n<meta property=\"og:site_name\" content=\"Gambling6\" \/>\n<meta property=\"article:modified_time\" content=\"2025-11-12T18:25:05+00:00\" \/>\n<meta property=\"og:image\" content=\"https:\/\/gambling6.com\/wp-content\/uploads\/2013\/12\/International-Community-150x150.jpg\" \/>\n\t<meta property=\"og:image:width\" content=\"150\" \/>\n\t<meta property=\"og:image:height\" content=\"150\" \/>\n\t<meta property=\"og:image:type\" content=\"image\/jpeg\" \/>\n<meta name=\"twitter:card\" content=\"summary_large_image\" \/>\n<meta name=\"twitter:label1\" content=\"Szacowany czas czytania\" \/>\n\t<meta name=\"twitter:data1\" content=\"4 minuty\" \/>\n<script type=\"application\/ld+json\" class=\"yoast-schema-graph\">{\"@context\":\"https:\\\/\\\/schema.org\",\"@graph\":[{\"@type\":\"WebPage\",\"@id\":\"https:\\\/\\\/gambling6.com\\\/pl\\\/loteria\\\/\",\"url\":\"https:\\\/\\\/gambling6.com\\\/pl\\\/loteria\\\/\",\"name\":\"Kupowanie los\u00f3w mi\u0119dzynarodowego loterii online\",\"isPartOf\":{\"@id\":\"https:\\\/\\\/gambling6.com\\\/pl\\\/#website\"},\"primaryImageOfPage\":{\"@id\":\"https:\\\/\\\/gambling6.com\\\/pl\\\/loteria\\\/#primaryimage\"},\"image\":{\"@id\":\"https:\\\/\\\/gambling6.com\\\/pl\\\/loteria\\\/#primaryimage\"},\"thumbnailUrl\":\"https:\\\/\\\/gambling6.com\\\/wp-content\\\/uploads\\\/2013\\\/12\\\/International-Community-150x150.jpg\",\"datePublished\":\"2025-11-10T13:32:52+00:00\",\"dateModified\":\"2025-11-12T18:25:05+00:00\",\"description\":\"Kupowanie los\u00f3w na mi\u0119dzynarodowe loterie online jest proste. Niezale\u017cnie od tego, gdzie mieszkasz, we\u017a udzia\u0142 w jednej z najlepszych loterii na \u015bwiecie.\",\"breadcrumb\":{\"@id\":\"https:\\\/\\\/gambling6.com\\\/pl\\\/loteria\\\/#breadcrumb\"},\"inLanguage\":\"pl-PL\",\"potentialAction\":[{\"@type\":\"ReadAction\",\"target\":[\"https:\\\/\\\/gambling6.com\\\/pl\\\/loteria\\\/\"]}]},{\"@type\":\"ImageObject\",\"inLanguage\":\"pl-PL\",\"@id\":\"https:\\\/\\\/gambling6.com\\\/pl\\\/loteria\\\/#primaryimage\",\"url\":\"https:\\\/\\\/gambling6.com\\\/wp-content\\\/uploads\\\/2013\\\/12\\\/International-Community-150x150.jpg\",\"contentUrl\":\"https:\\\/\\\/gambling6.com\\\/wp-content\\\/uploads\\\/2013\\\/12\\\/International-Community-150x150.jpg\",\"width\":150,\"height\":150},{\"@type\":\"BreadcrumbList\",\"@id\":\"https:\\\/\\\/gambling6.com\\\/pl\\\/loteria\\\/#breadcrumb\",\"itemListElement\":[{\"@type\":\"ListItem\",\"position\":1,\"name\":\"Home\",\"item\":\"https:\\\/\\\/gambling6.com\\\/pl\\\/home\\\/\"},{\"@type\":\"ListItem\",\"position\":2,\"name\":\"Loteria\"}]},{\"@type\":\"WebSite\",\"@id\":\"https:\\\/\\\/gambling6.com\\\/pl\\\/#website\",\"url\":\"https:\\\/\\\/gambling6.com\\\/pl\\\/\",\"name\":\"Gambling6\",\"description\":\"\",\"potentialAction\":[{\"@type\":\"SearchAction\",\"target\":{\"@type\":\"EntryPoint\",\"urlTemplate\":\"https:\\\/\\\/gambling6.com\\\/pl\\\/?s={search_term_string}\"},\"query-input\":{\"@type\":\"PropertyValueSpecification\",\"valueRequired\":true,\"valueName\":\"search_term_string\"}}],\"inLanguage\":\"pl-PL\"}]}<\/script>\n<!-- \/ Yoast SEO plugin. -->","yoast_head_json":{"title":"Kupowanie los\u00f3w mi\u0119dzynarodowego loterii online","description":"Kupowanie los\u00f3w na mi\u0119dzynarodowe loterie online jest proste. Niezale\u017cnie od tego, gdzie mieszkasz, we\u017a udzia\u0142 w jednej z najlepszych loterii na \u015bwiecie.","robots":{"index":"index","follow":"follow","max-snippet":"max-snippet:-1","max-image-preview":"max-image-preview:large","max-video-preview":"max-video-preview:-1"},"canonical":"https:\/\/gambling6.com\/pl\/loteria\/","og_locale":"pl_PL","og_type":"article","og_title":"Kupowanie los\u00f3w mi\u0119dzynarodowego loterii online","og_description":"Kupowanie los\u00f3w na mi\u0119dzynarodowe loterie online jest proste. Niezale\u017cnie od tego, gdzie mieszkasz, we\u017a udzia\u0142 w jednej z najlepszych loterii na \u015bwiecie.","og_url":"https:\/\/gambling6.com\/pl\/loteria\/","og_site_name":"Gambling6","article_modified_time":"2025-11-12T18:25:05+00:00","og_image":[{"width":150,"height":150,"url":"https:\/\/gambling6.com\/wp-content\/uploads\/2013\/12\/International-Community-150x150.jpg","type":"image\/jpeg"}],"twitter_card":"summary_large_image","twitter_misc":{"Szacowany czas czytania":"4 minuty"},"schema":{"@context":"https:\/\/schema.org","@graph":[{"@type":"WebPage","@id":"https:\/\/gambling6.com\/pl\/loteria\/","url":"https:\/\/gambling6.com\/pl\/loteria\/","name":"Kupowanie los\u00f3w mi\u0119dzynarodowego loterii online","isPartOf":{"@id":"https:\/\/gambling6.com\/pl\/#website"},"primaryImageOfPage":{"@id":"https:\/\/gambling6.com\/pl\/loteria\/#primaryimage"},"image":{"@id":"https:\/\/gambling6.com\/pl\/loteria\/#primaryimage"},"thumbnailUrl":"https:\/\/gambling6.com\/wp-content\/uploads\/2013\/12\/International-Community-150x150.jpg","datePublished":"2025-11-10T13:32:52+00:00","dateModified":"2025-11-12T18:25:05+00:00","description":"Kupowanie los\u00f3w na mi\u0119dzynarodowe loterie online jest proste. Niezale\u017cnie od tego, gdzie mieszkasz, we\u017a udzia\u0142 w jednej z najlepszych loterii na \u015bwiecie.","breadcrumb":{"@id":"https:\/\/gambling6.com\/pl\/loteria\/#breadcrumb"},"inLanguage":"pl-PL","potentialAction":[{"@type":"ReadAction","target":["https:\/\/gambling6.com\/pl\/loteria\/"]}]},{"@type":"ImageObject","inLanguage":"pl-PL","@id":"https:\/\/gambling6.com\/pl\/loteria\/#primaryimage","url":"https:\/\/gambling6.com\/wp-content\/uploads\/2013\/12\/International-Community-150x150.jpg","contentUrl":"https:\/\/gambling6.com\/wp-content\/uploads\/2013\/12\/International-Community-150x150.jpg","width":150,"height":150},{"@type":"BreadcrumbList","@id":"https:\/\/gambling6.com\/pl\/loteria\/#breadcrumb","itemListElement":[{"@type":"ListItem","position":1,"name":"Home","item":"https:\/\/gambling6.com\/pl\/home\/"},{"@type":"ListItem","position":2,"name":"Loteria"}]},{"@type":"WebSite","@id":"https:\/\/gambling6.com\/pl\/#website","url":"https:\/\/gambling6.com\/pl\/","name":"Gambling6","description":"","potentialAction":[{"@type":"SearchAction","target":{"@type":"EntryPoint","urlTemplate":"https:\/\/gambling6.com\/pl\/?s={search_term_string}"},"query-input":{"@type":"PropertyValueSpecification","valueRequired":true,"valueName":"search_term_string"}}],"inLanguage":"pl-PL"}]}},"_links":{"self":[{"href":"https:\/\/gambling6.com\/pl\/wp-json\/wp\/v2\/pages\/9312","targetHints":{"allow":["GET"]}}],"collection":[{"href":"https:\/\/gambling6.com\/pl\/wp-json\/wp\/v2\/pages"}],"about":[{"href":"https:\/\/gambling6.com\/pl\/wp-json\/wp\/v2\/types\/page"}],"author":[{"embeddable":true,"href":"https:\/\/gambling6.com\/pl\/wp-json\/wp\/v2\/users\/1"}],"replies":[{"embeddable":true,"href":"https:\/\/gambling6.com\/pl\/wp-json\/wp\/v2\/comments?post=9312"}],"version-history":[{"count":1,"href":"https:\/\/gambling6.com\/pl\/wp-json\/wp\/v2\/pages\/9312\/revisions"}],"predecessor-version":[{"id":10736,"href":"https:\/\/gambling6.com\/pl\/wp-json\/wp\/v2\/pages\/9312\/revisions\/10736"}],"wp:featuredmedia":[{"embeddable":true,"href":"https:\/\/gambling6.com\/pl\/wp-json\/wp\/v2\/media\/9290"}],"wp:attachment":[{"href":"https:\/\/gambling6.com\/pl\/wp-json\/wp\/v2\/media?parent=9312"}],"curies":[{"name":"wp","href":"https:\/\/api.w.org\/{rel}","templated":true}]}}