{"id":9364,"date":"2025-11-10T20:49:20","date_gmt":"2025-11-10T20:49:20","guid":{"rendered":"https:\/\/gambling6.com\/loteria\/kup-bilety-online-na-loterie-mega-millions\/"},"modified":"2025-11-10T20:49:20","modified_gmt":"2025-11-10T20:49:20","slug":"kup-bilety-online-na-loterie-mega-millions","status":"publish","type":"page","link":"https:\/\/gambling6.com\/pl\/loteria\/kup-bilety-online-na-loterie-mega-millions\/","title":{"rendered":"Kup bilety online na loteri\u0119 Mega Millions"},"content":{"rendered":"<h2>Losy na loteri\u0119 Mega Millions dost\u0119pne z dowolnego miejsca na \u015bwiecie<\/h2>\n<p>Niewiarygodnie du\u017ca liczba os\u00f3b kupuje losy na loteri\u0119 ka\u017cdego dnia, zar\u00f3wno w Ameryce P\u00f3\u0142nocnej, jak i na ca\u0142ym \u015bwiecie. Wi\u0119kszo\u015b\u0107 uczestnik\u00f3w loterii doskonale zdaje sobie spraw\u0119, \u017ce ich szanse na wygranie g\u0142\u00f3wnej wygranej s\u0105 bardzo nik\u0142e. <strong>Mimo \u017ce mo\u017cna kupi\u0107 losy online na loteri\u0119 Mega Millions, ludzie codziennie biegn\u0105 do komputer\u00f3w<\/strong>, loguj\u0105 si\u0119 na stronie naszego partnera RedFoxLotto.com i kupuj\u0105 losy<\/span> na gigantyczn\u0105 loteri\u0119 Mega Millions z siedzib\u0105 w USA.<img loading=\"lazy\" decoding=\"async\" class=\" alignright wp-image-544\" style=\"margin: 10px; border: 5px solid #ffffff; float: right;\" src=\"http:\/\/gambling6.com\/wp-content\/uploads\/2013\/12\/get-mega-millions-tickets-online.png\" alt=\"Twoje losy MegaMillions online\" width=\"297\" height=\"163\" srcset=\"https:\/\/gambling6.com\/wp-content\/uploads\/2013\/12\/get-mega-millions-tickets-online.png 388w, https:\/\/gambling6.com\/wp-content\/uploads\/2013\/12\/get-mega-millions-tickets-online-300x165.png 300w\" sizes=\"auto, (max-width: 297px) 100vw, 297px\" \/><\/p>\n<h2>Aby wygra\u0107, musisz zdoby\u0107 losy online.<\/h2>\n<p>Wiele os\u00f3b woli mie\u0107 niewielk\u0105 szans\u0119 na wygran\u0105 ni\u017c \u017cadn\u0105. Jak m\u00f3wi przys\u0142owie: \u201ebez losu nie da si\u0119 wygra\u0107\u201d. To zdanie utkwi\u0142o w pami\u0119ci wielu os\u00f3b, a poniewa\u017c obrazy loterii zalewaj\u0105 ich ka\u017cdego dnia, bardzo prawdopodobne jest, \u017ce kupi\u0105 swoje losy online. Internet umo\u017cliwi\u0142 ludziom z ca\u0142ego \u015bwiata zakup los\u00f3w na ka\u017cde losowanie loterii. Poniewa\u017c MegaMillions jest jednym z najwi\u0119kszych losowa\u0144 na \u015bwiecie, to po prostu logiczne, \u017ce ludzie masowo kupuj\u0105 losy online.<\/p>\n<p>Aby zdoby\u0107 sw\u00f3j los, <a class=\"thirstylink\" title=\"Redfoxlotto\" href=\"https:\/\/gambling6.com\/go\/redfoxlotto\/\" target=\"_blank\" rel=\"nofollow noopener\">kliknij tutaj, aby odwiedzi\u0107 RedFoxLotto.com<\/a>, doskona\u0142\u0105 us\u0142ug\u0119 dostarczaj\u0105c\u0105 losy na loterie, gdzie mo\u017cesz kupi\u0107 losy na najwi\u0119ksze jackpoty z ca\u0142ego \u015bwiata.<\/p>\n<h2>Na kupuj\u0105cych online czekaj\u0105 mo\u017cliwo\u015bci zmieniaj\u0105ce \u017cycie.<\/h2>\n<p>Warto zauwa\u017cy\u0107, \u017ce ludzie kupuj\u0105 losy online na loteri\u0119 Mega Millions, aby spr\u00f3bowa\u0107 odmieni\u0107 swoje \u017cycie. Kiedy s\u0142ysz\u0105 o wynikach, \u017ce para z Tunkhannock w Pensylwanii wygra\u0142a g\u0142\u00f3wn\u0105 nagrod\u0119, s\u0105 rozczarowani i nawet nie sprawdzaj\u0105 swoich los\u00f3w.<\/p>\n<h2>Losy Mega Millions i Powerball online s\u0105 najpopularniejsze.<\/h2>\n<p>Dwie loterie w USA, a mianowicie Megamillions i Powerball, s\u0105 rzeczywi\u015bcie loteriami generuj\u0105cymi najwi\u0119ksze jackpoty na \u015bwiecie. Nic wi\u0119c dziwnego, \u017ce sprzeda\u017c bilet\u00f3w online na te dwa giganty co tydzie\u0144 osi\u0105ga nowe rekordy. Kupowanie bilet\u00f3w online na Mega Millions regularnie podnosi\u0142o jackpoty do niesamowitych poziom\u00f3w.<\/p>\n<h2>Niesamowite jackpoty Mega Millions w 2013 roku zbli\u017caj\u0105 si\u0119 do rekordu<\/h2>\n<table style=\"width: 500px;\" border=\"1\" cellspacing=\"5\" cellpadding=\"5\" align=\"center\">\n<tbody>\n<tr>\n<td colspan=\"3\" align=\"center\">Pi\u0119\u0107 najwi\u0119kszych jackpot\u00f3w w 2013 roku<\/td>\n<\/tr>\n<tr>\n<td>Losowanie<\/td>\n<td align=\"center\">Data<\/td>\n<td align=\"center\">G\u0142\u00f3wna nagroda (USD)<\/td>\n<\/tr>\n<tr>\n<td>Mega Millions &#8211; USA<\/td>\n<td align=\"center\">17 grudnia 2013<\/td>\n<td align=\"right\">636 000 000 USD<\/td>\n<\/tr>\n<tr>\n<td>Mega Millions &#8211; USA<\/td>\n<td align=\"center\">17 maja 2013 r.<\/td>\n<td align=\"right\">190 000 000 USD<\/td>\n<\/tr>\n<tr>\n<td>Mega Millions &#8211; USA<\/td>\n<td align=\"center\">1 pa\u017adziernika 2013 r.<\/td>\n<td align=\"right\">189 000 000 USD<\/td>\n<\/tr>\n<tr>\n<td>Mega Millions &#8211; USA<\/td>\n<td align=\"center\">25 stycznia 2013 r.<\/td>\n<td align=\"right\">89 000 000 USD<\/td>\n<\/tr>\n<tr>\n<td>Mega Millions &#8211; USA<\/td>\n<td align=\"center\">5 lipca 2013 r.<\/td>\n<td align=\"right\">79 000 000 $<\/td>\n<\/tr>\n<\/tbody>\n<\/table>\n<h2>\u00a0Wiele nagr\u00f3d dla posiadaczy los\u00f3w online Mega Millions<\/h2>\n<table style=\"width: 500px;\" border=\"1\" cellspacing=\"5\" cellpadding=\"5\" align=\"center\">\n<tbody>\n<tr>\n<td colspan=\"3\" align=\"center\">Poziomy nagr\u00f3d w loterii Mega Millions<\/td>\n<\/tr>\n<tr>\n<td>Nagroda<\/td>\n<td align=\"center\">Dopasowania<\/td>\n<td align=\"center\">Szanse<\/td>\n<\/tr>\n<tr>\n<td>1. miejsce (G\u0142\u00f3wna wygrana)<\/td>\n<td align=\"center\">5 + 1<\/td>\n<td align=\"right\">175 711 538 : 1<\/td>\n<\/tr>\n<tr>\n<td>2. miejsce<\/td>\n<td align=\"center\">5<\/td>\n<td align=\"right\">3 904 701 : 1<\/td>\n<\/tr>\n<tr>\n<td>3.<\/td>\n<td align=\"center\">4 + 1<\/td>\n<td align=\"right\">689 065 : 1<\/td>\n<\/tr>\n<tr>\n<td>4.<\/td>\n<td align=\"center\">4<\/td>\n<td align=\"right\">15 313 \u200b\u200b: 1<\/td>\n<\/tr>\n<tr>\n<td>5.<\/td>\n<td align=\"center\">3 + 1<\/td>\n<td align=\"right\">13 781 : 1<\/td>\n<\/tr>\n<tr>\n<td>6.<\/td>\n<td align=\"center\">2 + 1<\/td>\n<td align=\"right\">844 : 1<\/td>\n<\/tr>\n<tr>\n<td>7.<\/td>\n<td align=\"center\">3<\/td>\n<td align=\"right\">360 : 1<\/td>\n<\/tr>\n<tr>\n<td>8.<\/td>\n<td align=\"center\">1 + 1<\/td>\n<td align=\"right\">141 : 1<\/td>\n<\/tr>\n<tr>\n<td>9.<\/td>\n<td align=\"center\">0 + 1<\/td>\n<td align=\"right\">75 : 1<\/td>\n<\/tr>\n<\/tbody>\n<\/table>\n<p style=\"text-align: center;\"><strong>Zagraj w Mega Millions ju\u017c dzi\u015b, korzystaj\u0105c z los\u00f3w online, a Twoje marzenia mog\u0105 si\u0119 spe\u0142ni\u0107!<\/strong><\/p>\n","protected":false},"excerpt":{"rendered":"<p>Losy na loteri\u0119 Mega Millions dost\u0119pne z dowolnego miejsca na \u015bwiecie Niewiarygodnie du\u017ca liczba os\u00f3b kupuje losy na loteri\u0119 ka\u017cdego dnia, zar\u00f3wno w Ameryce P\u00f3\u0142nocnej, jak i na ca\u0142ym \u015bwiecie. Wi\u0119kszo\u015b\u0107 uczestnik\u00f3w loterii doskonale zdaje sobie spraw\u0119, \u017ce ich szanse na wygranie g\u0142\u00f3wnej wygranej s\u0105 bardzo nik\u0142e. Mimo \u017ce mo\u017cna kupi\u0107 losy online na loteri\u0119 [&hellip;]<\/p>\n","protected":false},"author":1,"featured_media":9349,"parent":9312,"menu_order":13,"comment_status":"closed","ping_status":"closed","template":"","meta":{"footnotes":""},"class_list":["post-9364","page","type-page","status-publish","has-post-thumbnail","hentry"],"yoast_head":"<!-- This site is optimized with the Yoast SEO plugin v27.4 - https:\/\/yoast.com\/product\/yoast-seo-wordpress\/ -->\n<title>Kup bilety na loteri\u0119 Mega Millions online<\/title>\n<meta name=\"description\" content=\"Wygraj du\u017co, kupuj\u0105c online losy na loteri\u0119 Mega Millions.\" \/>\n<meta name=\"robots\" content=\"index, follow, max-snippet:-1, max-image-preview:large, max-video-preview:-1\" \/>\n<link rel=\"canonical\" href=\"https:\/\/gambling6.com\/pl\/loteria\/kup-bilety-online-na-loterie-mega-millions\/\" \/>\n<meta property=\"og:locale\" content=\"pl_PL\" \/>\n<meta property=\"og:type\" content=\"article\" \/>\n<meta property=\"og:title\" content=\"Kup bilety na loteri\u0119 Mega Millions online\" \/>\n<meta property=\"og:description\" content=\"Wygraj du\u017co, kupuj\u0105c online losy na loteri\u0119 Mega Millions.\" \/>\n<meta property=\"og:url\" content=\"https:\/\/gambling6.com\/pl\/loteria\/kup-bilety-online-na-loterie-mega-millions\/\" \/>\n<meta property=\"og:site_name\" content=\"Gambling6\" \/>\n<meta property=\"og:image\" content=\"https:\/\/gambling6.com\/wp-content\/uploads\/2013\/12\/get-mega-millions-tickets-online.png\" \/>\n\t<meta property=\"og:image:width\" content=\"388\" \/>\n\t<meta property=\"og:image:height\" content=\"213\" \/>\n\t<meta property=\"og:image:type\" content=\"image\/png\" \/>\n<meta name=\"twitter:card\" content=\"summary_large_image\" \/>\n<meta name=\"twitter:label1\" content=\"Szacowany czas czytania\" \/>\n\t<meta name=\"twitter:data1\" content=\"2 minuty\" \/>\n<script type=\"application\/ld+json\" class=\"yoast-schema-graph\">{\"@context\":\"https:\\\/\\\/schema.org\",\"@graph\":[{\"@type\":\"WebPage\",\"@id\":\"https:\\\/\\\/gambling6.com\\\/pl\\\/loteria\\\/kup-bilety-online-na-loterie-mega-millions\\\/\",\"url\":\"https:\\\/\\\/gambling6.com\\\/pl\\\/loteria\\\/kup-bilety-online-na-loterie-mega-millions\\\/\",\"name\":\"Kup bilety na loteri\u0119 Mega Millions online\",\"isPartOf\":{\"@id\":\"https:\\\/\\\/gambling6.com\\\/pl\\\/#website\"},\"primaryImageOfPage\":{\"@id\":\"https:\\\/\\\/gambling6.com\\\/pl\\\/loteria\\\/kup-bilety-online-na-loterie-mega-millions\\\/#primaryimage\"},\"image\":{\"@id\":\"https:\\\/\\\/gambling6.com\\\/pl\\\/loteria\\\/kup-bilety-online-na-loterie-mega-millions\\\/#primaryimage\"},\"thumbnailUrl\":\"https:\\\/\\\/gambling6.com\\\/wp-content\\\/uploads\\\/2013\\\/12\\\/get-mega-millions-tickets-online.png\",\"datePublished\":\"2025-11-10T20:49:20+00:00\",\"description\":\"Wygraj du\u017co, kupuj\u0105c online losy na loteri\u0119 Mega Millions.\",\"breadcrumb\":{\"@id\":\"https:\\\/\\\/gambling6.com\\\/pl\\\/loteria\\\/kup-bilety-online-na-loterie-mega-millions\\\/#breadcrumb\"},\"inLanguage\":\"pl-PL\",\"potentialAction\":[{\"@type\":\"ReadAction\",\"target\":[\"https:\\\/\\\/gambling6.com\\\/pl\\\/loteria\\\/kup-bilety-online-na-loterie-mega-millions\\\/\"]}]},{\"@type\":\"ImageObject\",\"inLanguage\":\"pl-PL\",\"@id\":\"https:\\\/\\\/gambling6.com\\\/pl\\\/loteria\\\/kup-bilety-online-na-loterie-mega-millions\\\/#primaryimage\",\"url\":\"https:\\\/\\\/gambling6.com\\\/wp-content\\\/uploads\\\/2013\\\/12\\\/get-mega-millions-tickets-online.png\",\"contentUrl\":\"https:\\\/\\\/gambling6.com\\\/wp-content\\\/uploads\\\/2013\\\/12\\\/get-mega-millions-tickets-online.png\",\"width\":388,\"height\":213},{\"@type\":\"BreadcrumbList\",\"@id\":\"https:\\\/\\\/gambling6.com\\\/pl\\\/loteria\\\/kup-bilety-online-na-loterie-mega-millions\\\/#breadcrumb\",\"itemListElement\":[{\"@type\":\"ListItem\",\"position\":1,\"name\":\"Home\",\"item\":\"https:\\\/\\\/gambling6.com\\\/pl\\\/home\\\/\"},{\"@type\":\"ListItem\",\"position\":2,\"name\":\"Loteria\",\"item\":\"https:\\\/\\\/gambling6.com\\\/pl\\\/buying-international-lotto-tickets-online\\\/\"},{\"@type\":\"ListItem\",\"position\":3,\"name\":\"Kup bilety online na loteri\u0119 Mega Millions\"}]},{\"@type\":\"WebSite\",\"@id\":\"https:\\\/\\\/gambling6.com\\\/pl\\\/#website\",\"url\":\"https:\\\/\\\/gambling6.com\\\/pl\\\/\",\"name\":\"Gambling6\",\"description\":\"\",\"potentialAction\":[{\"@type\":\"SearchAction\",\"target\":{\"@type\":\"EntryPoint\",\"urlTemplate\":\"https:\\\/\\\/gambling6.com\\\/pl\\\/?s={search_term_string}\"},\"query-input\":{\"@type\":\"PropertyValueSpecification\",\"valueRequired\":true,\"valueName\":\"search_term_string\"}}],\"inLanguage\":\"pl-PL\"}]}<\/script>\n<!-- \/ Yoast SEO plugin. -->","yoast_head_json":{"title":"Kup bilety na loteri\u0119 Mega Millions online","description":"Wygraj du\u017co, kupuj\u0105c online losy na loteri\u0119 Mega Millions.","robots":{"index":"index","follow":"follow","max-snippet":"max-snippet:-1","max-image-preview":"max-image-preview:large","max-video-preview":"max-video-preview:-1"},"canonical":"https:\/\/gambling6.com\/pl\/loteria\/kup-bilety-online-na-loterie-mega-millions\/","og_locale":"pl_PL","og_type":"article","og_title":"Kup bilety na loteri\u0119 Mega Millions online","og_description":"Wygraj du\u017co, kupuj\u0105c online losy na loteri\u0119 Mega Millions.","og_url":"https:\/\/gambling6.com\/pl\/loteria\/kup-bilety-online-na-loterie-mega-millions\/","og_site_name":"Gambling6","og_image":[{"width":388,"height":213,"url":"https:\/\/gambling6.com\/wp-content\/uploads\/2013\/12\/get-mega-millions-tickets-online.png","type":"image\/png"}],"twitter_card":"summary_large_image","twitter_misc":{"Szacowany czas czytania":"2 minuty"},"schema":{"@context":"https:\/\/schema.org","@graph":[{"@type":"WebPage","@id":"https:\/\/gambling6.com\/pl\/loteria\/kup-bilety-online-na-loterie-mega-millions\/","url":"https:\/\/gambling6.com\/pl\/loteria\/kup-bilety-online-na-loterie-mega-millions\/","name":"Kup bilety na loteri\u0119 Mega Millions online","isPartOf":{"@id":"https:\/\/gambling6.com\/pl\/#website"},"primaryImageOfPage":{"@id":"https:\/\/gambling6.com\/pl\/loteria\/kup-bilety-online-na-loterie-mega-millions\/#primaryimage"},"image":{"@id":"https:\/\/gambling6.com\/pl\/loteria\/kup-bilety-online-na-loterie-mega-millions\/#primaryimage"},"thumbnailUrl":"https:\/\/gambling6.com\/wp-content\/uploads\/2013\/12\/get-mega-millions-tickets-online.png","datePublished":"2025-11-10T20:49:20+00:00","description":"Wygraj du\u017co, kupuj\u0105c online losy na loteri\u0119 Mega Millions.","breadcrumb":{"@id":"https:\/\/gambling6.com\/pl\/loteria\/kup-bilety-online-na-loterie-mega-millions\/#breadcrumb"},"inLanguage":"pl-PL","potentialAction":[{"@type":"ReadAction","target":["https:\/\/gambling6.com\/pl\/loteria\/kup-bilety-online-na-loterie-mega-millions\/"]}]},{"@type":"ImageObject","inLanguage":"pl-PL","@id":"https:\/\/gambling6.com\/pl\/loteria\/kup-bilety-online-na-loterie-mega-millions\/#primaryimage","url":"https:\/\/gambling6.com\/wp-content\/uploads\/2013\/12\/get-mega-millions-tickets-online.png","contentUrl":"https:\/\/gambling6.com\/wp-content\/uploads\/2013\/12\/get-mega-millions-tickets-online.png","width":388,"height":213},{"@type":"BreadcrumbList","@id":"https:\/\/gambling6.com\/pl\/loteria\/kup-bilety-online-na-loterie-mega-millions\/#breadcrumb","itemListElement":[{"@type":"ListItem","position":1,"name":"Home","item":"https:\/\/gambling6.com\/pl\/home\/"},{"@type":"ListItem","position":2,"name":"Loteria","item":"https:\/\/gambling6.com\/pl\/buying-international-lotto-tickets-online\/"},{"@type":"ListItem","position":3,"name":"Kup bilety online na loteri\u0119 Mega Millions"}]},{"@type":"WebSite","@id":"https:\/\/gambling6.com\/pl\/#website","url":"https:\/\/gambling6.com\/pl\/","name":"Gambling6","description":"","potentialAction":[{"@type":"SearchAction","target":{"@type":"EntryPoint","urlTemplate":"https:\/\/gambling6.com\/pl\/?s={search_term_string}"},"query-input":{"@type":"PropertyValueSpecification","valueRequired":true,"valueName":"search_term_string"}}],"inLanguage":"pl-PL"}]}},"_links":{"self":[{"href":"https:\/\/gambling6.com\/pl\/wp-json\/wp\/v2\/pages\/9364","targetHints":{"allow":["GET"]}}],"collection":[{"href":"https:\/\/gambling6.com\/pl\/wp-json\/wp\/v2\/pages"}],"about":[{"href":"https:\/\/gambling6.com\/pl\/wp-json\/wp\/v2\/types\/page"}],"author":[{"embeddable":true,"href":"https:\/\/gambling6.com\/pl\/wp-json\/wp\/v2\/users\/1"}],"replies":[{"embeddable":true,"href":"https:\/\/gambling6.com\/pl\/wp-json\/wp\/v2\/comments?post=9364"}],"version-history":[{"count":0,"href":"https:\/\/gambling6.com\/pl\/wp-json\/wp\/v2\/pages\/9364\/revisions"}],"up":[{"embeddable":true,"href":"https:\/\/gambling6.com\/pl\/wp-json\/wp\/v2\/pages\/9312"}],"wp:featuredmedia":[{"embeddable":true,"href":"https:\/\/gambling6.com\/pl\/wp-json\/wp\/v2\/media\/9349"}],"wp:attachment":[{"href":"https:\/\/gambling6.com\/pl\/wp-json\/wp\/v2\/media?parent=9364"}],"curies":[{"name":"wp","href":"https:\/\/api.w.org\/{rel}","templated":true}]}}