{"id":9431,"date":"2025-11-11T02:37:57","date_gmt":"2025-11-11T02:37:57","guid":{"rendered":"https:\/\/gambling6.com\/loteria\/kup-bilety-online-na-loterie-w-nowym-jorku\/"},"modified":"2025-11-11T02:37:57","modified_gmt":"2025-11-11T02:37:57","slug":"kup-bilety-online-na-loterie-w-nowym-jorku","status":"publish","type":"page","link":"https:\/\/gambling6.com\/pl\/loteria\/kup-bilety-online-na-loterie-w-nowym-jorku\/","title":{"rendered":"Kup bilety online na loteri\u0119 w Nowym Jorku"},"content":{"rendered":"<h2>Loteria Nowojorska online<\/h2>\n<p>Z jackpotami zaczynaj\u0105cymi si\u0119 od 3 milion\u00f3w dolar\u00f3w, Lotto Nowojorskie staje si\u0119 r\u00f3wnie du\u017ce jak samo miasto, je\u015bli chodzi o dzie\u0144 losowania. Dla Twojej informacji, minimalna pula nagr\u00f3d jest znacznie wy\u017csza ni\u017c w wi\u0119kszo\u015bci, <strong>wi\u0119c podejmuj\u0105c decyzj\u0119, rozwa\u017c zakup los\u00f3w online na Lotto Nowojorskie<\/strong>.<\/p>\n<p>Je\u015bli jackpot nie zostanie wygrany, mo\u017cesz spodziewa\u0107 si\u0119 kumulacji, kt\u00f3re cz\u0119sto s\u0105 podwy\u017cszane do 10 cyfr. Rekordowa pula nagr\u00f3d w Lotto Nowojorskim wynosi 58 milion\u00f3w dolar\u00f3w. <strong>Dzi\u0119ki mo\u017cliwo\u015bci zakupu los\u00f3w online mo\u017cesz wzi\u0105\u0107 udzia\u0142 w kolejnej rekordowej puli nagr\u00f3d.<\/strong><\/p>\n<h2>Losowania Lotto Nowojorskiego odbywaj\u0105 si\u0119 dwa razy w tygodniu.<\/h2>\n<p>G\u0142\u00f3wna pula nagr\u00f3d zawsze wynosi miliony dolar\u00f3w w losowaniach odbywaj\u0105cych si\u0119 dwa razy w tygodniu w Nowym Jorku. Nic dziwnego, \u017ce jedno z najwi\u0119kszych miast na \u015bwiecie ma loteri\u0119 z jackpotem, kt\u00f3ra na pocz\u0105tku jest jedn\u0105 z najwi\u0119kszych na \u015bwiecie. Ka\u017cdego tygodnia miliony mieszka\u0144c\u00f3w Nowego Jorku ustawiaj\u0105 si\u0119 w kolejce, aby kupi\u0107 losy na t\u0119 zmieniaj\u0105c\u0105 \u017cycie loteri\u0119. <b>Nie musisz sta\u0107 w kolejce, je\u015bli mo\u017cesz kupi\u0107 losy online.<\/b><\/p>\n<p>Nowojorska Loteria, jedna z najstarszych loterii w USA, za\u0142o\u017cona w 1967 roku, zebra\u0142a blisko 40 miliard\u00f3w dolar\u00f3w na cele charytatywne na ca\u0142ym \u015bwiecie. W 2004 roku posiadacz pojedynczego losu zgarn\u0105\u0142 58 milion\u00f3w dolar\u00f3w, co w tamtym czasie by\u0142o jedn\u0105 z najwi\u0119kszych wygranych w historii loterii w USA.<\/p>\n<p>Gra w Nowojorsk\u0105 Loteri\u0119 jest \u0142atwa. W tej loterii 6\/59 nale\u017cy wybra\u0107 sze\u015b\u0107 liczb z zakresu od 1 do 59 wraz z liczb\u0105 bonusow\u0105.<strong> Aby wygra\u0107 g\u0142\u00f3wn\u0105 wygran\u0105, nale\u017cy trafi\u0107 sze\u015b\u0107 liczb g\u0142\u00f3wnych, a prawdopodobie\u0144stwo trafienia wynosi oko\u0142o 1 do 45 milion\u00f3w.<\/strong> Trafiaj\u0105c pi\u0119\u0107, cztery lub trzy liczby, mo\u017cesz wzi\u0105\u0107 udzia\u0142 w jednej z pi\u0119ciu nagr\u00f3d dodatkowych dost\u0119pnych w ka\u017cdym losowaniu w \u015brod\u0119 i sobot\u0119 ka\u017cdego tygodnia.<\/p>\n<p>Nowojorska Loteria to gra, w kt\u00f3r\u0105 ka\u017cdy chce zagra\u0107, a teraz <span style=\"box-sizing: border-box; margin: 0px; padding: 0px;\">mo\u017cesz <a href=\"https:\/\/gambling6.com\/go\/redfoxlotto-en\/\" target=\"_blank\" rel=\"noopener\">kupi\u0107 swoje losy online za po\u015brednictwem naszego partnera RedFoxLotto, korzystaj\u0105c<\/a><\/span><a class=\"thirstylink\" title=\"RedFoxLotto en\" href=\"https:\/\/gambling6.com\/go\/redfoxlotto-en\/\" target=\"_blank\" rel=\"nofollow noopener\"> z tego linku.<\/a><\/p>\n<table style=\"width: 500px;\" border=\"1\" cellspacing=\"5\" cellpadding=\"5\" align=\"center\">\n<tbody>\n<tr>\n<td colspan=\"3\" align=\"center\">Pi\u0119\u0107 najwi\u0119kszych jackpot\u00f3w w 2013 roku<\/td>\n<\/tr>\n<tr>\n<td>Losowanie<\/td>\n<td align=\"center\">Data<\/td>\n<td align=\"center\">G\u0142\u00f3wna nagroda (USD)<\/td>\n<\/tr>\n<tr>\n<td>Lotto w Nowym Jorku &#8211; USA<\/td>\n<td align=\"center\">10 kwietnia 2013<\/td>\n<td align=\"right\">26 500 000 USD<\/td>\n<\/tr>\n<tr>\n<td>Lotto w Nowym Jorku &#8211; USA<\/td>\n<td align=\"center\">29 czerwca 2013<\/td>\n<td align=\"right\">10 700 000 $<\/td>\n<\/tr>\n<tr>\n<td>Lotto Nowego Jorku &#8211; USA<\/td>\n<td align=\"center\">4 wrze\u015bnia 2013<\/td>\n<td align=\"right\">7 100 000 $<\/td>\n<\/tr>\n<tr>\n<td>Lotto Nowego Jorku &#8211; USA<\/td>\n<td align=\"center\">6 listopada 2013<\/td>\n<td align=\"right\">6 200 000 $<\/td>\n<\/tr>\n<tr>\n<td>Lotto Nowego Jorku &#8211; USA<\/td>\n<td align=\"center\">23 listopada 2013<\/td>\n<td align=\"right\">3 200 000 dolar\u00f3w<\/td>\n<\/tr>\n<\/tbody>\n<\/table>\n<table style=\"width: 500px;\" border=\"1\" cellspacing=\"5\" cellpadding=\"5\" align=\"center\">\n<tbody>\n<tr>\n<td colspan=\"3\" align=\"center\">New York Lotto &#8211; poziomy nagr\u00f3d w USA<\/td>\n<\/tr>\n<tr>\n<td>Nagroda<\/td>\n<td align=\"center\">Dopasowania<\/td>\n<td align=\"center\">Szanse<\/td>\n<\/tr>\n<tr>\n<td>1. miejsce (G\u0142\u00f3wna wygrana)<\/td>\n<td align=\"center\">6<\/td>\n<td align=\"right\">45 057 474 : 1<\/td>\n<\/tr>\n<tr>\n<td>2. miejsce<\/td>\n<td align=\"center\">5 + 1<\/td>\n<td align=\"right\">7 509 579 : 1<\/td>\n<\/tr>\n<tr>\n<td>3.<\/td>\n<td align=\"center\">5<\/td>\n<td align=\"right\">141 690 : 1<\/td>\n<\/tr>\n<tr>\n<td>4.<\/td>\n<td align=\"center\">4<\/td>\n<td align=\"right\">2180 : 1<\/td>\n<\/tr>\n<tr>\n<td>5.<\/td>\n<td align=\"center\">3<\/td>\n<td align=\"right\">96 : 1<\/td>\n<\/tr>\n<\/tbody>\n<\/table>\n","protected":false},"excerpt":{"rendered":"<p>Loteria Nowojorska online Z jackpotami zaczynaj\u0105cymi si\u0119 od 3 milion\u00f3w dolar\u00f3w, Lotto Nowojorskie staje si\u0119 r\u00f3wnie du\u017ce jak samo miasto, je\u015bli chodzi o dzie\u0144 losowania. Dla Twojej informacji, minimalna pula nagr\u00f3d jest znacznie wy\u017csza ni\u017c w wi\u0119kszo\u015bci, wi\u0119c podejmuj\u0105c decyzj\u0119, rozwa\u017c zakup los\u00f3w online na Lotto Nowojorskie. Je\u015bli jackpot nie zostanie wygrany, mo\u017cesz spodziewa\u0107 si\u0119 [&hellip;]<\/p>\n","protected":false},"author":1,"featured_media":0,"parent":9312,"menu_order":12,"comment_status":"closed","ping_status":"closed","template":"","meta":{"footnotes":""},"class_list":["post-9431","page","type-page","status-publish","hentry"],"yoast_head":"<!-- This site is optimized with the Yoast SEO plugin v27.3 - https:\/\/yoast.com\/product\/yoast-seo-wordpress\/ -->\n<title>Kup bilety na loteri\u0119 nowojorsk\u0105 online<\/title>\n<meta name=\"description\" content=\"Zosta\u0144 natychmiastowym milionerem, kupuj\u0105c online losy na loteri\u0119 New York Lotto.\" \/>\n<meta name=\"robots\" content=\"index, follow, max-snippet:-1, max-image-preview:large, max-video-preview:-1\" \/>\n<link rel=\"canonical\" href=\"https:\/\/gambling6.com\/pl\/loteria\/kup-bilety-online-na-loterie-w-nowym-jorku\/\" \/>\n<meta property=\"og:locale\" content=\"pl_PL\" \/>\n<meta property=\"og:type\" content=\"article\" \/>\n<meta property=\"og:title\" content=\"Kup bilety na loteri\u0119 nowojorsk\u0105 online\" \/>\n<meta property=\"og:description\" content=\"Zosta\u0144 natychmiastowym milionerem, kupuj\u0105c online losy na loteri\u0119 New York Lotto.\" \/>\n<meta property=\"og:url\" content=\"https:\/\/gambling6.com\/pl\/loteria\/kup-bilety-online-na-loterie-w-nowym-jorku\/\" \/>\n<meta property=\"og:site_name\" content=\"Gambling6\" \/>\n<meta name=\"twitter:card\" content=\"summary_large_image\" \/>\n<meta name=\"twitter:label1\" content=\"Szacowany czas czytania\" \/>\n\t<meta name=\"twitter:data1\" content=\"2 minuty\" \/>\n<script type=\"application\/ld+json\" class=\"yoast-schema-graph\">{\"@context\":\"https:\\\/\\\/schema.org\",\"@graph\":[{\"@type\":\"WebPage\",\"@id\":\"https:\\\/\\\/gambling6.com\\\/pl\\\/loteria\\\/kup-bilety-online-na-loterie-w-nowym-jorku\\\/\",\"url\":\"https:\\\/\\\/gambling6.com\\\/pl\\\/loteria\\\/kup-bilety-online-na-loterie-w-nowym-jorku\\\/\",\"name\":\"Kup bilety na loteri\u0119 nowojorsk\u0105 online\",\"isPartOf\":{\"@id\":\"https:\\\/\\\/gambling6.com\\\/pl\\\/#website\"},\"datePublished\":\"2025-11-11T02:37:57+00:00\",\"description\":\"Zosta\u0144 natychmiastowym milionerem, kupuj\u0105c online losy na loteri\u0119 New York Lotto.\",\"breadcrumb\":{\"@id\":\"https:\\\/\\\/gambling6.com\\\/pl\\\/loteria\\\/kup-bilety-online-na-loterie-w-nowym-jorku\\\/#breadcrumb\"},\"inLanguage\":\"pl-PL\",\"potentialAction\":[{\"@type\":\"ReadAction\",\"target\":[\"https:\\\/\\\/gambling6.com\\\/pl\\\/loteria\\\/kup-bilety-online-na-loterie-w-nowym-jorku\\\/\"]}]},{\"@type\":\"BreadcrumbList\",\"@id\":\"https:\\\/\\\/gambling6.com\\\/pl\\\/loteria\\\/kup-bilety-online-na-loterie-w-nowym-jorku\\\/#breadcrumb\",\"itemListElement\":[{\"@type\":\"ListItem\",\"position\":1,\"name\":\"Home\",\"item\":\"https:\\\/\\\/gambling6.com\\\/pl\\\/home\\\/\"},{\"@type\":\"ListItem\",\"position\":2,\"name\":\"Loteria\",\"item\":\"https:\\\/\\\/gambling6.com\\\/pl\\\/buying-international-lotto-tickets-online\\\/\"},{\"@type\":\"ListItem\",\"position\":3,\"name\":\"Kup bilety online na loteri\u0119 w Nowym Jorku\"}]},{\"@type\":\"WebSite\",\"@id\":\"https:\\\/\\\/gambling6.com\\\/pl\\\/#website\",\"url\":\"https:\\\/\\\/gambling6.com\\\/pl\\\/\",\"name\":\"Gambling6\",\"description\":\"\",\"potentialAction\":[{\"@type\":\"SearchAction\",\"target\":{\"@type\":\"EntryPoint\",\"urlTemplate\":\"https:\\\/\\\/gambling6.com\\\/pl\\\/?s={search_term_string}\"},\"query-input\":{\"@type\":\"PropertyValueSpecification\",\"valueRequired\":true,\"valueName\":\"search_term_string\"}}],\"inLanguage\":\"pl-PL\"}]}<\/script>\n<!-- \/ Yoast SEO plugin. -->","yoast_head_json":{"title":"Kup bilety na loteri\u0119 nowojorsk\u0105 online","description":"Zosta\u0144 natychmiastowym milionerem, kupuj\u0105c online losy na loteri\u0119 New York Lotto.","robots":{"index":"index","follow":"follow","max-snippet":"max-snippet:-1","max-image-preview":"max-image-preview:large","max-video-preview":"max-video-preview:-1"},"canonical":"https:\/\/gambling6.com\/pl\/loteria\/kup-bilety-online-na-loterie-w-nowym-jorku\/","og_locale":"pl_PL","og_type":"article","og_title":"Kup bilety na loteri\u0119 nowojorsk\u0105 online","og_description":"Zosta\u0144 natychmiastowym milionerem, kupuj\u0105c online losy na loteri\u0119 New York Lotto.","og_url":"https:\/\/gambling6.com\/pl\/loteria\/kup-bilety-online-na-loterie-w-nowym-jorku\/","og_site_name":"Gambling6","twitter_card":"summary_large_image","twitter_misc":{"Szacowany czas czytania":"2 minuty"},"schema":{"@context":"https:\/\/schema.org","@graph":[{"@type":"WebPage","@id":"https:\/\/gambling6.com\/pl\/loteria\/kup-bilety-online-na-loterie-w-nowym-jorku\/","url":"https:\/\/gambling6.com\/pl\/loteria\/kup-bilety-online-na-loterie-w-nowym-jorku\/","name":"Kup bilety na loteri\u0119 nowojorsk\u0105 online","isPartOf":{"@id":"https:\/\/gambling6.com\/pl\/#website"},"datePublished":"2025-11-11T02:37:57+00:00","description":"Zosta\u0144 natychmiastowym milionerem, kupuj\u0105c online losy na loteri\u0119 New York Lotto.","breadcrumb":{"@id":"https:\/\/gambling6.com\/pl\/loteria\/kup-bilety-online-na-loterie-w-nowym-jorku\/#breadcrumb"},"inLanguage":"pl-PL","potentialAction":[{"@type":"ReadAction","target":["https:\/\/gambling6.com\/pl\/loteria\/kup-bilety-online-na-loterie-w-nowym-jorku\/"]}]},{"@type":"BreadcrumbList","@id":"https:\/\/gambling6.com\/pl\/loteria\/kup-bilety-online-na-loterie-w-nowym-jorku\/#breadcrumb","itemListElement":[{"@type":"ListItem","position":1,"name":"Home","item":"https:\/\/gambling6.com\/pl\/home\/"},{"@type":"ListItem","position":2,"name":"Loteria","item":"https:\/\/gambling6.com\/pl\/buying-international-lotto-tickets-online\/"},{"@type":"ListItem","position":3,"name":"Kup bilety online na loteri\u0119 w Nowym Jorku"}]},{"@type":"WebSite","@id":"https:\/\/gambling6.com\/pl\/#website","url":"https:\/\/gambling6.com\/pl\/","name":"Gambling6","description":"","potentialAction":[{"@type":"SearchAction","target":{"@type":"EntryPoint","urlTemplate":"https:\/\/gambling6.com\/pl\/?s={search_term_string}"},"query-input":{"@type":"PropertyValueSpecification","valueRequired":true,"valueName":"search_term_string"}}],"inLanguage":"pl-PL"}]}},"_links":{"self":[{"href":"https:\/\/gambling6.com\/pl\/wp-json\/wp\/v2\/pages\/9431","targetHints":{"allow":["GET"]}}],"collection":[{"href":"https:\/\/gambling6.com\/pl\/wp-json\/wp\/v2\/pages"}],"about":[{"href":"https:\/\/gambling6.com\/pl\/wp-json\/wp\/v2\/types\/page"}],"author":[{"embeddable":true,"href":"https:\/\/gambling6.com\/pl\/wp-json\/wp\/v2\/users\/1"}],"replies":[{"embeddable":true,"href":"https:\/\/gambling6.com\/pl\/wp-json\/wp\/v2\/comments?post=9431"}],"version-history":[{"count":0,"href":"https:\/\/gambling6.com\/pl\/wp-json\/wp\/v2\/pages\/9431\/revisions"}],"up":[{"embeddable":true,"href":"https:\/\/gambling6.com\/pl\/wp-json\/wp\/v2\/pages\/9312"}],"wp:attachment":[{"href":"https:\/\/gambling6.com\/pl\/wp-json\/wp\/v2\/media?parent=9431"}],"curies":[{"name":"wp","href":"https:\/\/api.w.org\/{rel}","templated":true}]}}