{"id":9497,"date":"2025-11-11T03:34:47","date_gmt":"2025-11-11T03:34:47","guid":{"rendered":"https:\/\/gambling6.com\/loteria\/wez-udzial-w-kanadyjskim-lotto-6-49\/"},"modified":"2025-11-11T03:34:47","modified_gmt":"2025-11-11T03:34:47","slug":"wez-udzial-w-kanadyjskim-lotto-6-49","status":"publish","type":"page","link":"https:\/\/gambling6.com\/pl\/loteria\/wez-udzial-w-kanadyjskim-lotto-6-49\/","title":{"rendered":"We\u017a udzia\u0142 w kanadyjskim Lotto 6\/49"},"content":{"rendered":"<h2>Canada Lotto 6\/49<\/h2>\n<p>Od 1982 roku w Kanadzie zim\u0105 gwarantowano dwie rzeczy. Pierwsz\u0105 rzecz\u0105, na kt\u00f3r\u0105 mo\u017cna by\u0142o liczy\u0107, by\u0142 fakt, \u017ce mo\u017cna by\u0142o ogl\u0105da\u0107 Hockey Night in Canada na CBC. Drug\u0105 rzecz\u0105, kt\u00f3r\u0105 mo\u017cna by\u0142o przewidzie\u0107, by\u0142o to, \u017ce kto\u015b zostanie milionerem, graj\u0105c w Lotto 6\/49. Dzi\u015b nadal mo\u017cna liczy\u0107 na losowanie w sobotni wiecz\u00f3r. <strong>Dzi\u015b najwi\u0119ksz\u0105 r\u00f3\u017cnic\u0105 jest to, \u017ce mo\u017cesz kupi\u0107 losy online na losowanie kanadyjskiego Lotto 6\/49.<\/strong> Po\u015bwi\u0119\u0107 chwil\u0119 na <a class=\"thirstylink\" title=\"Redfoxlotto\" href=\"https:\/\/gambling6.com\/go\/redfoxlotto\/\" target=\"_blank\" rel=\"nofollow noopener\">kupienie los\u00f3w online ju\u017c dzi\u015b u naszego partnera RedFoxLotto.com.<\/a><img loading=\"lazy\" decoding=\"async\" class=\" alignright size-full wp-image-562\" style=\"margin: 10px; border: 5px solid #ffffff; float: right;\" src=\"http:\/\/gambling6.com\/wp-content\/uploads\/2013\/12\/get-online-649-lotto-tickets.png\" alt=\"Lotto 6\/49 Kanada\" width=\"300\" height=\"190\" \/><\/p>\n<p>Prawdopodobie\u0144stwo wygrania pierwszej nagrody w kanadyjskim Lotto 6\/49 wynosi 13 983 816:1. Ca\u0142kowite szanse na wygranie nagrody wynosz\u0105 oko\u0142o 1 do 32. Aby kupi\u0107 losy online, nale\u017cy najpierw wybra\u0107 sze\u015b\u0107 g\u0142\u00f3wnych liczb od 1 do 49. <strong>Aby wygra\u0107 cz\u0119\u015b\u0107 jackpota, nale\u017cy poprawnie wytypowa\u0107 wszystkie sze\u015b\u0107 wylosowanych liczb<\/strong>. Aby zdoby\u0107 drug\u0105 nagrod\u0119, nale\u017cy poprawnie wytypowa\u0107 pi\u0119\u0107 g\u0142\u00f3wnych liczb oraz liczb\u0119 bonusow\u0105. Losowania odbywaj\u0105 si\u0119 w sobot\u0119 i \u015brod\u0119 wieczorem oko\u0142o godziny 19:10 czasu wschodniego (EST) w Kanadzie. Istnieje sze\u015b\u0107 poziom\u00f3w nagr\u00f3d, a je\u015bli nikt nie zdob\u0119dzie jackpota, nagroda jest przenoszona do nast\u0119pnej gry, a\u017c kto\u015b w ko\u0144cu wygra.<\/p>\n<h2>Graj o ogromne jackpoty z losami online na Lotto 6\/49<\/h2>\n<table style=\"width: 500px;\" border=\"1\" cellspacing=\"5\" cellpadding=\"5\" align=\"center\">\n<tbody>\n<tr>\n<td colspan=\"3\" align=\"center\">Pi\u0119\u0107 najwi\u0119kszych jackpot\u00f3w w 2013 roku<\/td>\n<\/tr>\n<tr>\n<td>Losowanie<\/td>\n<td align=\"center\">Data<\/td>\n<td align=\"center\">G\u0142\u00f3wna wygrana (USD)<\/td>\n<\/tr>\n<tr>\n<td>Lotto 6\/49 &#8211; Kanada<\/td>\n<td align=\"center\">13 kwietnia 2013<\/td>\n<td align=\"right\">58 974 913 USD<\/td>\n<\/tr>\n<tr>\n<td>Lotto 6\/49 &#8211; Kanada<\/td>\n<td align=\"center\">12 pa\u017adziernika 2013 r.<\/td>\n<td align=\"right\">37 200 000 USD<\/td>\n<\/tr>\n<tr>\n<td>Lotto 6\/49 &#8211; Kanada<\/td>\n<td align=\"center\">30 pa\u017adziernika 2013 r.<\/td>\n<td align=\"right\">18 807 390 USD<\/td>\n<\/tr>\n<tr>\n<td>Lotto 6\/49 &#8211; Kanada<\/td>\n<td align=\"center\">6 lipca 2013 r.<\/td>\n<td align=\"right\">18 351 756 USD<\/td>\n<\/tr>\n<tr>\n<td>Lotto 6\/49 &#8211; Kanada<\/td>\n<td align=\"center\">4 grudnia 2013 r.<\/td>\n<td align=\"right\">17 670 000 $<\/td>\n<\/tr>\n<\/tbody>\n<\/table>\n<h2>Wiele poziom\u00f3w nagr\u00f3d do wygrania dzi\u0119ki losom lotto online<\/h2>\n<p>Mo\u017cliwo\u015b\u0107 wygrania siedmiu r\u00f3\u017cnych poziom\u00f3w nagr\u00f3d otwiera \u015bwiat mo\u017cliwo\u015bci zarabiania pieni\u0119dzy przy zakupie los\u00f3w Lotto 6\/49 online. Wiele os\u00f3b zapomina o wszystkich dodatkowych poziomach, na kt\u00f3rych mo\u017cna wygra\u0107 nagrod\u0119. Po zakupie los\u00f3w wa\u017cne jest, aby sprawdzi\u0107 je, czy co\u015b si\u0119 wygra\u0142o.<\/p>\n<p>Prawd\u0105 jest, \u017ce wiele os\u00f3b kupuje losy co tydzie\u0144 i nie sprawdza, czy co\u015b wygra\u0142o, po tym jak dowiedzia\u0142o si\u0119, \u017ce kto\u015b inny kupi\u0142 los w innym miejscu i trafi\u0142 g\u0142\u00f3wn\u0105 wygran\u0105. <b>Tak samo \u0142atwo jest kupi\u0107 losy Lotto 6\/49 online, jak i sprawdzi\u0107 swoje losy online.<\/b> Istnieje wiele narz\u0119dzi, kt\u00f3re pomog\u0105 Ci przeszuka\u0107 liczne bazy danych g\u0142\u00f3wnych loterii na ca\u0142ym \u015bwiecie.<\/p>\n<table style=\"width: 500px;\" border=\"1\" cellspacing=\"5\" cellpadding=\"5\" align=\"center\">\n<tbody>\n<tr>\n<td colspan=\"3\" align=\"center\">Lotto 6\/49 &#8211; Kanada &#8211; poziomy nagr\u00f3d<\/td>\n<\/tr>\n<tr>\n<td>Nagroda<\/td>\n<td align=\"center\">Zgadza si\u0119<\/td>\n<td align=\"center\">Szanse<\/td>\n<\/tr>\n<tr>\n<td>1. miejsce (G\u0142\u00f3wna wygrana)<\/td>\n<td align=\"center\">6<\/td>\n<td align=\"right\">13 983 816 : 1<\/td>\n<\/tr>\n<tr>\n<td>2. miejsce<\/td>\n<td align=\"center\">5 + 1<\/td>\n<td align=\"right\">2\u00a0330\u00a0636 : 1<\/td>\n<\/tr>\n<tr>\n<td>3.<\/td>\n<td align=\"center\">5<\/td>\n<td align=\"right\">55\u00a0492 : 1<\/td>\n<\/tr>\n<tr>\n<td>4.<\/td>\n<td align=\"center\">4<\/td>\n<td align=\"right\">1\u00a0033 : 1<\/td>\n<\/tr>\n<tr>\n<td>5.<\/td>\n<td align=\"center\">3<\/td>\n<td align=\"right\">57 : 1<\/td>\n<\/tr>\n<tr>\n<td>6.<\/td>\n<td align=\"center\">2 + 1<\/td>\n<td align=\"right\">81 : 1<\/td>\n<\/tr>\n<tr>\n<td>7<\/td>\n<td align=\"center\">2<\/td>\n<td align=\"right\">8 : 1<\/td>\n<\/tr>\n<\/tbody>\n<\/table>\n<p style=\"text-align: center;\"><strong>Zagraj w kanadyjskie lotto 6\/49 online i ciesz si\u0119 wolno\u015bci\u0105, jak\u0105 daje zostanie milionerem!<\/strong><\/p>\n","protected":false},"excerpt":{"rendered":"<p>Canada Lotto 6\/49 Od 1982 roku w Kanadzie zim\u0105 gwarantowano dwie rzeczy. Pierwsz\u0105 rzecz\u0105, na kt\u00f3r\u0105 mo\u017cna by\u0142o liczy\u0107, by\u0142 fakt, \u017ce mo\u017cna by\u0142o ogl\u0105da\u0107 Hockey Night in Canada na CBC. Drug\u0105 rzecz\u0105, kt\u00f3r\u0105 mo\u017cna by\u0142o przewidzie\u0107, by\u0142o to, \u017ce kto\u015b zostanie milionerem, graj\u0105c w Lotto 6\/49. Dzi\u015b nadal mo\u017cna liczy\u0107 na losowanie w sobotni [&hellip;]<\/p>\n","protected":false},"author":1,"featured_media":9482,"parent":9312,"menu_order":5,"comment_status":"closed","ping_status":"closed","template":"","meta":{"footnotes":""},"class_list":["post-9497","page","type-page","status-publish","has-post-thumbnail","hentry"],"yoast_head":"<!-- This site is optimized with the Yoast SEO plugin v27.4 - https:\/\/yoast.com\/product\/yoast-seo-wordpress\/ -->\n<title>Kup bilety online na loteri\u0119 Canada 6\/49<\/title>\n<meta name=\"description\" content=\"Teraz mo\u017cesz \u0142atwo kupi\u0107 losy na Lotto 6\/49 w Kanadzie online.\" \/>\n<meta name=\"robots\" content=\"index, follow, max-snippet:-1, max-image-preview:large, max-video-preview:-1\" \/>\n<link rel=\"canonical\" href=\"https:\/\/gambling6.com\/pl\/loteria\/wez-udzial-w-kanadyjskim-lotto-6-49\/\" \/>\n<meta property=\"og:locale\" content=\"pl_PL\" \/>\n<meta property=\"og:type\" content=\"article\" \/>\n<meta property=\"og:title\" content=\"Kup bilety online na loteri\u0119 Canada 6\/49\" \/>\n<meta property=\"og:description\" content=\"Teraz mo\u017cesz \u0142atwo kupi\u0107 losy na Lotto 6\/49 w Kanadzie online.\" \/>\n<meta property=\"og:url\" content=\"https:\/\/gambling6.com\/pl\/loteria\/wez-udzial-w-kanadyjskim-lotto-6-49\/\" \/>\n<meta property=\"og:site_name\" content=\"Gambling6\" \/>\n<meta property=\"og:image\" content=\"https:\/\/gambling6.com\/wp-content\/uploads\/2013\/12\/get-online-649-lotto-tickets.png\" \/>\n\t<meta property=\"og:image:width\" content=\"300\" \/>\n\t<meta property=\"og:image:height\" content=\"190\" \/>\n\t<meta property=\"og:image:type\" content=\"image\/png\" \/>\n<meta name=\"twitter:card\" content=\"summary_large_image\" \/>\n<meta name=\"twitter:label1\" content=\"Szacowany czas czytania\" \/>\n\t<meta name=\"twitter:data1\" content=\"2 minuty\" \/>\n<script type=\"application\/ld+json\" class=\"yoast-schema-graph\">{\"@context\":\"https:\\\/\\\/schema.org\",\"@graph\":[{\"@type\":\"WebPage\",\"@id\":\"https:\\\/\\\/gambling6.com\\\/pl\\\/loteria\\\/wez-udzial-w-kanadyjskim-lotto-6-49\\\/\",\"url\":\"https:\\\/\\\/gambling6.com\\\/pl\\\/loteria\\\/wez-udzial-w-kanadyjskim-lotto-6-49\\\/\",\"name\":\"Kup bilety online na loteri\u0119 Canada 6\\\/49\",\"isPartOf\":{\"@id\":\"https:\\\/\\\/gambling6.com\\\/pl\\\/#website\"},\"primaryImageOfPage\":{\"@id\":\"https:\\\/\\\/gambling6.com\\\/pl\\\/loteria\\\/wez-udzial-w-kanadyjskim-lotto-6-49\\\/#primaryimage\"},\"image\":{\"@id\":\"https:\\\/\\\/gambling6.com\\\/pl\\\/loteria\\\/wez-udzial-w-kanadyjskim-lotto-6-49\\\/#primaryimage\"},\"thumbnailUrl\":\"https:\\\/\\\/gambling6.com\\\/wp-content\\\/uploads\\\/2013\\\/12\\\/get-online-649-lotto-tickets.png\",\"datePublished\":\"2025-11-11T03:34:47+00:00\",\"description\":\"Teraz mo\u017cesz \u0142atwo kupi\u0107 losy na Lotto 6\\\/49 w Kanadzie online.\",\"breadcrumb\":{\"@id\":\"https:\\\/\\\/gambling6.com\\\/pl\\\/loteria\\\/wez-udzial-w-kanadyjskim-lotto-6-49\\\/#breadcrumb\"},\"inLanguage\":\"pl-PL\",\"potentialAction\":[{\"@type\":\"ReadAction\",\"target\":[\"https:\\\/\\\/gambling6.com\\\/pl\\\/loteria\\\/wez-udzial-w-kanadyjskim-lotto-6-49\\\/\"]}]},{\"@type\":\"ImageObject\",\"inLanguage\":\"pl-PL\",\"@id\":\"https:\\\/\\\/gambling6.com\\\/pl\\\/loteria\\\/wez-udzial-w-kanadyjskim-lotto-6-49\\\/#primaryimage\",\"url\":\"https:\\\/\\\/gambling6.com\\\/wp-content\\\/uploads\\\/2013\\\/12\\\/get-online-649-lotto-tickets.png\",\"contentUrl\":\"https:\\\/\\\/gambling6.com\\\/wp-content\\\/uploads\\\/2013\\\/12\\\/get-online-649-lotto-tickets.png\",\"width\":300,\"height\":190},{\"@type\":\"BreadcrumbList\",\"@id\":\"https:\\\/\\\/gambling6.com\\\/pl\\\/loteria\\\/wez-udzial-w-kanadyjskim-lotto-6-49\\\/#breadcrumb\",\"itemListElement\":[{\"@type\":\"ListItem\",\"position\":1,\"name\":\"Home\",\"item\":\"https:\\\/\\\/gambling6.com\\\/pl\\\/home\\\/\"},{\"@type\":\"ListItem\",\"position\":2,\"name\":\"Loteria\",\"item\":\"https:\\\/\\\/gambling6.com\\\/pl\\\/buying-international-lotto-tickets-online\\\/\"},{\"@type\":\"ListItem\",\"position\":3,\"name\":\"We\u017a udzia\u0142 w kanadyjskim Lotto 6\\\/49\"}]},{\"@type\":\"WebSite\",\"@id\":\"https:\\\/\\\/gambling6.com\\\/pl\\\/#website\",\"url\":\"https:\\\/\\\/gambling6.com\\\/pl\\\/\",\"name\":\"Gambling6\",\"description\":\"\",\"potentialAction\":[{\"@type\":\"SearchAction\",\"target\":{\"@type\":\"EntryPoint\",\"urlTemplate\":\"https:\\\/\\\/gambling6.com\\\/pl\\\/?s={search_term_string}\"},\"query-input\":{\"@type\":\"PropertyValueSpecification\",\"valueRequired\":true,\"valueName\":\"search_term_string\"}}],\"inLanguage\":\"pl-PL\"}]}<\/script>\n<!-- \/ Yoast SEO plugin. -->","yoast_head_json":{"title":"Kup bilety online na loteri\u0119 Canada 6\/49","description":"Teraz mo\u017cesz \u0142atwo kupi\u0107 losy na Lotto 6\/49 w Kanadzie online.","robots":{"index":"index","follow":"follow","max-snippet":"max-snippet:-1","max-image-preview":"max-image-preview:large","max-video-preview":"max-video-preview:-1"},"canonical":"https:\/\/gambling6.com\/pl\/loteria\/wez-udzial-w-kanadyjskim-lotto-6-49\/","og_locale":"pl_PL","og_type":"article","og_title":"Kup bilety online na loteri\u0119 Canada 6\/49","og_description":"Teraz mo\u017cesz \u0142atwo kupi\u0107 losy na Lotto 6\/49 w Kanadzie online.","og_url":"https:\/\/gambling6.com\/pl\/loteria\/wez-udzial-w-kanadyjskim-lotto-6-49\/","og_site_name":"Gambling6","og_image":[{"width":300,"height":190,"url":"https:\/\/gambling6.com\/wp-content\/uploads\/2013\/12\/get-online-649-lotto-tickets.png","type":"image\/png"}],"twitter_card":"summary_large_image","twitter_misc":{"Szacowany czas czytania":"2 minuty"},"schema":{"@context":"https:\/\/schema.org","@graph":[{"@type":"WebPage","@id":"https:\/\/gambling6.com\/pl\/loteria\/wez-udzial-w-kanadyjskim-lotto-6-49\/","url":"https:\/\/gambling6.com\/pl\/loteria\/wez-udzial-w-kanadyjskim-lotto-6-49\/","name":"Kup bilety online na loteri\u0119 Canada 6\/49","isPartOf":{"@id":"https:\/\/gambling6.com\/pl\/#website"},"primaryImageOfPage":{"@id":"https:\/\/gambling6.com\/pl\/loteria\/wez-udzial-w-kanadyjskim-lotto-6-49\/#primaryimage"},"image":{"@id":"https:\/\/gambling6.com\/pl\/loteria\/wez-udzial-w-kanadyjskim-lotto-6-49\/#primaryimage"},"thumbnailUrl":"https:\/\/gambling6.com\/wp-content\/uploads\/2013\/12\/get-online-649-lotto-tickets.png","datePublished":"2025-11-11T03:34:47+00:00","description":"Teraz mo\u017cesz \u0142atwo kupi\u0107 losy na Lotto 6\/49 w Kanadzie online.","breadcrumb":{"@id":"https:\/\/gambling6.com\/pl\/loteria\/wez-udzial-w-kanadyjskim-lotto-6-49\/#breadcrumb"},"inLanguage":"pl-PL","potentialAction":[{"@type":"ReadAction","target":["https:\/\/gambling6.com\/pl\/loteria\/wez-udzial-w-kanadyjskim-lotto-6-49\/"]}]},{"@type":"ImageObject","inLanguage":"pl-PL","@id":"https:\/\/gambling6.com\/pl\/loteria\/wez-udzial-w-kanadyjskim-lotto-6-49\/#primaryimage","url":"https:\/\/gambling6.com\/wp-content\/uploads\/2013\/12\/get-online-649-lotto-tickets.png","contentUrl":"https:\/\/gambling6.com\/wp-content\/uploads\/2013\/12\/get-online-649-lotto-tickets.png","width":300,"height":190},{"@type":"BreadcrumbList","@id":"https:\/\/gambling6.com\/pl\/loteria\/wez-udzial-w-kanadyjskim-lotto-6-49\/#breadcrumb","itemListElement":[{"@type":"ListItem","position":1,"name":"Home","item":"https:\/\/gambling6.com\/pl\/home\/"},{"@type":"ListItem","position":2,"name":"Loteria","item":"https:\/\/gambling6.com\/pl\/buying-international-lotto-tickets-online\/"},{"@type":"ListItem","position":3,"name":"We\u017a udzia\u0142 w kanadyjskim Lotto 6\/49"}]},{"@type":"WebSite","@id":"https:\/\/gambling6.com\/pl\/#website","url":"https:\/\/gambling6.com\/pl\/","name":"Gambling6","description":"","potentialAction":[{"@type":"SearchAction","target":{"@type":"EntryPoint","urlTemplate":"https:\/\/gambling6.com\/pl\/?s={search_term_string}"},"query-input":{"@type":"PropertyValueSpecification","valueRequired":true,"valueName":"search_term_string"}}],"inLanguage":"pl-PL"}]}},"_links":{"self":[{"href":"https:\/\/gambling6.com\/pl\/wp-json\/wp\/v2\/pages\/9497","targetHints":{"allow":["GET"]}}],"collection":[{"href":"https:\/\/gambling6.com\/pl\/wp-json\/wp\/v2\/pages"}],"about":[{"href":"https:\/\/gambling6.com\/pl\/wp-json\/wp\/v2\/types\/page"}],"author":[{"embeddable":true,"href":"https:\/\/gambling6.com\/pl\/wp-json\/wp\/v2\/users\/1"}],"replies":[{"embeddable":true,"href":"https:\/\/gambling6.com\/pl\/wp-json\/wp\/v2\/comments?post=9497"}],"version-history":[{"count":0,"href":"https:\/\/gambling6.com\/pl\/wp-json\/wp\/v2\/pages\/9497\/revisions"}],"up":[{"embeddable":true,"href":"https:\/\/gambling6.com\/pl\/wp-json\/wp\/v2\/pages\/9312"}],"wp:featuredmedia":[{"embeddable":true,"href":"https:\/\/gambling6.com\/pl\/wp-json\/wp\/v2\/media\/9482"}],"wp:attachment":[{"href":"https:\/\/gambling6.com\/pl\/wp-json\/wp\/v2\/media?parent=9497"}],"curies":[{"name":"wp","href":"https:\/\/api.w.org\/{rel}","templated":true}]}}