{"id":9629,"date":"2025-11-11T08:19:47","date_gmt":"2025-11-11T08:19:47","guid":{"rendered":"https:\/\/gambling6.com\/loteria\/kup-bilety-na-loterie-na-florydzie-online\/"},"modified":"2025-11-11T08:19:47","modified_gmt":"2025-11-11T08:19:47","slug":"kup-bilety-na-loterie-na-florydzie-online","status":"publish","type":"page","link":"https:\/\/gambling6.com\/pl\/loteria\/kup-bilety-na-loterie-na-florydzie-online\/","title":{"rendered":"Kup bilety na loteri\u0119 na Florydzie online"},"content":{"rendered":"<h2>Lotto na Florydzie<\/h2>\n<p>Gor\u0105cy stan, gor\u0105ca loteria! Mieszka\u0144cy Florydy z pewno\u015bci\u0105 zgodziliby si\u0119, \u017ce loteria to obowi\u0105zkowy punkt programu w ka\u017cd\u0105 \u015brod\u0119 i sobot\u0119. Z jackpotami zaczynaj\u0105cymi si\u0119 od 2 milion\u00f3w dolar\u00f3w i cz\u0119sto przekraczaj\u0105cymi 10 milion\u00f3w dolar\u00f3w, loteria na Florydzie sta\u0142a si\u0119 niezwykle popularna w\u015br\u00f3d \u201ezimowych ptak\u00f3w\u201d i fanatyk\u00f3w loterii online. <strong>Zakup los\u00f3w na loteri\u0119 na Florydzie online jest \u0142atwiejszy ni\u017c podr\u00f3\u017c na Floryd\u0119 w celu ich zakupu.<\/strong><\/p>\n<p>Chocia\u017c prawdopodobie\u0144stwo wygrania jackpota wynosi 1 do 22 957 480,<strong> masz ponad 1 do 67 szans na wygranie jednej z nagr\u00f3d dost\u0119pnych w czterech poziomach<\/strong>. Poniewa\u017c istniej\u0105 tylko cztery poziomy nagr\u00f3d, kwoty pieni\u0119\u017cne s\u0105 wy\u017csze ni\u017c w wi\u0119kszo\u015bci innych loterii. Mimo to wygranie jackpota nie jest wykluczone. Rekordowa kumulacja wynios\u0142a nieco ponad 106 milion\u00f3w dolar\u00f3w; by\u0142a to jedna z najwi\u0119kszych kumulacji w historii Ameryki w momencie jej wygrania. <\/p>\n<h2>Lotto na Florydzie wspiera edukacj\u0119<\/h2>\n<p>W 1988 roku, aby wesprze\u0107 edukacj\u0119 w stanie Floryda, powsta\u0142o Lotto na Florydzie. Na ten cel zebrano ogromne sumy pieni\u0119dzy, a dzi\u0119ki sprzeda\u017cy online, pula nagr\u00f3d w Lotto na Florydzie szybko wzros\u0142a. \u015awiadczy o tym rekordowa pula nagr\u00f3d z 1990 roku, wynosz\u0105ca 106 milion\u00f3w dolar\u00f3w. <strong>T\u0119 rekordow\u0105 pul\u0119 zdoby\u0142o sze\u015bciu r\u00f3\u017cnych zwyci\u0119zc\u00f3w, kt\u00f3rzy trafili liczby ze swoich los\u00f3w.<\/strong><\/p>\n<p>Aby zagra\u0107 w t\u0119 loteri\u0119, nale\u017cy wybra\u0107 sze\u015b\u0107 liczb z zakresu od 1 do 53. Aby wygra\u0107 g\u0142\u00f3wn\u0105 wygran\u0105, wystarczy trafi\u0107 wszystkie sze\u015b\u0107 liczb. Je\u015bli g\u0142\u00f3wna wygrana nie zostanie odebrana, przechodzi na kolejne losowanie. Jako posiadacz losu online, masz szans\u0119 na wygranie na czterech r\u00f3\u017cnych poziomach nagr\u00f3d, kt\u00f3re mog\u0105 r\u00f3wnie\u017c przynie\u015b\u0107 Ci spore wygrane.<\/p>\n<p>Mo\u017ce nie znosisz upalnego klimatu Florydy. Mimo to mo\u017cesz <a class=\"thirstylink\" title=\"TheLotter en\" href=\"https:\/\/gambling6.com\/go\/thelotter-en\/\" target=\"_blank\" rel=\"nofollow noopener\"><strong>skorzysta\u0107 z mo\u017cliwo\u015bci zakupu los\u00f3w online na Florida Lotto, odwiedzaj\u0105c stron\u0119 naszego partnera, TheLotter<\/strong>.<\/a><\/p>\n<p>&nbsp;<\/p>\n<table style=\"width: 500px;\" border=\"1\" cellspacing=\"5\" cellpadding=\"5\" align=\"center\">\n<tbody>\n<tr>\n<td colspan=\"3\" align=\"center\">Najwi\u0119ksze jackpoty w 2013 roku<\/td>\n<\/tr>\n<tr>\n<td>Losowanie<\/td>\n<td align=\"center\">Data<\/td>\n<td align=\"center\">G\u0142\u00f3wna nagroda (USD)<\/td>\n<\/tr>\n<tr>\n<td>Lotto Florydy &#8211; USA<\/td>\n<td align=\"center\">24 sierpnia 2013<\/td>\n<td align=\"right\">58 000 000 USD<\/td>\n<\/tr>\n<tr>\n<td>Lotto Florydy &#8211; USA<\/td>\n<td align=\"center\">18 grudnia 2013<\/td>\n<td align=\"right\">46 000 000 USD<\/td>\n<\/tr>\n<\/tbody>\n<\/table>\n<table style=\"width: 500px;\" border=\"1\" cellspacing=\"5\" cellpadding=\"5\" align=\"center\">\n<tbody>\n<tr>\n<td colspan=\"3\" align=\"center\">Lotto Florydy &#8211; Poziomy nagr\u00f3d w USA<\/td>\n<\/tr>\n<tr>\n<td>Nagroda<\/td>\n<td align=\"center\">Dopasowania<\/td>\n<td align=\"center\">Szanse<\/td>\n<\/tr>\n<tr>\n<td>1. miejsce (G\u0142\u00f3wna wygrana)<\/td>\n<td align=\"center\">6<\/td>\n<td align=\"right\">22 957 480 : 1<\/td>\n<\/tr>\n<tr>\n<td>2. miejsce<\/td>\n<td align=\"center\">5<\/td>\n<td align=\"right\">81 410 : 1<\/td>\n<\/tr>\n<tr>\n<td>3.<\/td>\n<td align=\"center\">4<\/td>\n<td align=\"right\">1416 : 1<\/td>\n<\/tr>\n<tr>\n<td>4.<\/td>\n<td align=\"center\">3<\/td>\n<td align=\"right\">71 : 1<\/td>\n<\/tr>\n<\/tbody>\n<\/table>\n","protected":false},"excerpt":{"rendered":"<p>Lotto na Florydzie Gor\u0105cy stan, gor\u0105ca loteria! Mieszka\u0144cy Florydy z pewno\u015bci\u0105 zgodziliby si\u0119, \u017ce loteria to obowi\u0105zkowy punkt programu w ka\u017cd\u0105 \u015brod\u0119 i sobot\u0119. Z jackpotami zaczynaj\u0105cymi si\u0119 od 2 milion\u00f3w dolar\u00f3w i cz\u0119sto przekraczaj\u0105cymi 10 milion\u00f3w dolar\u00f3w, loteria na Florydzie sta\u0142a si\u0119 niezwykle popularna w\u015br\u00f3d \u201ezimowych ptak\u00f3w\u201d i fanatyk\u00f3w loterii online. Zakup los\u00f3w na [&hellip;]<\/p>\n","protected":false},"author":1,"featured_media":0,"parent":9312,"menu_order":11,"comment_status":"closed","ping_status":"closed","template":"","meta":{"footnotes":""},"class_list":["post-9629","page","type-page","status-publish","hentry"],"yoast_head":"<!-- This site is optimized with the Yoast SEO plugin v27.5 - https:\/\/yoast.com\/product\/yoast-seo-wordpress\/ -->\n<title>Kup bilety online na loteri\u0119 na Florydzie<\/title>\n<meta name=\"description\" content=\"We\u017a udzia\u0142 w losowaniu Florida Lotto i uniknij upa\u0142u, kupuj\u0105c losy online.\" \/>\n<meta name=\"robots\" content=\"index, follow, max-snippet:-1, max-image-preview:large, max-video-preview:-1\" \/>\n<link rel=\"canonical\" href=\"https:\/\/gambling6.com\/pl\/loteria\/kup-bilety-na-loterie-na-florydzie-online\/\" \/>\n<meta property=\"og:locale\" content=\"pl_PL\" \/>\n<meta property=\"og:type\" content=\"article\" \/>\n<meta property=\"og:title\" content=\"Kup bilety online na loteri\u0119 na Florydzie\" \/>\n<meta property=\"og:description\" content=\"We\u017a udzia\u0142 w losowaniu Florida Lotto i uniknij upa\u0142u, kupuj\u0105c losy online.\" \/>\n<meta property=\"og:url\" content=\"https:\/\/gambling6.com\/pl\/loteria\/kup-bilety-na-loterie-na-florydzie-online\/\" \/>\n<meta property=\"og:site_name\" content=\"Gambling6\" \/>\n<meta name=\"twitter:card\" content=\"summary_large_image\" \/>\n<meta name=\"twitter:label1\" content=\"Szacowany czas czytania\" \/>\n\t<meta name=\"twitter:data1\" content=\"2 minuty\" \/>\n<script type=\"application\/ld+json\" class=\"yoast-schema-graph\">{\"@context\":\"https:\\\/\\\/schema.org\",\"@graph\":[{\"@type\":\"WebPage\",\"@id\":\"https:\\\/\\\/gambling6.com\\\/pl\\\/loteria\\\/kup-bilety-na-loterie-na-florydzie-online\\\/\",\"url\":\"https:\\\/\\\/gambling6.com\\\/pl\\\/loteria\\\/kup-bilety-na-loterie-na-florydzie-online\\\/\",\"name\":\"Kup bilety online na loteri\u0119 na Florydzie\",\"isPartOf\":{\"@id\":\"https:\\\/\\\/gambling6.com\\\/pl\\\/#website\"},\"datePublished\":\"2025-11-11T08:19:47+00:00\",\"description\":\"We\u017a udzia\u0142 w losowaniu Florida Lotto i uniknij upa\u0142u, kupuj\u0105c losy online.\",\"breadcrumb\":{\"@id\":\"https:\\\/\\\/gambling6.com\\\/pl\\\/loteria\\\/kup-bilety-na-loterie-na-florydzie-online\\\/#breadcrumb\"},\"inLanguage\":\"pl-PL\",\"potentialAction\":[{\"@type\":\"ReadAction\",\"target\":[\"https:\\\/\\\/gambling6.com\\\/pl\\\/loteria\\\/kup-bilety-na-loterie-na-florydzie-online\\\/\"]}]},{\"@type\":\"BreadcrumbList\",\"@id\":\"https:\\\/\\\/gambling6.com\\\/pl\\\/loteria\\\/kup-bilety-na-loterie-na-florydzie-online\\\/#breadcrumb\",\"itemListElement\":[{\"@type\":\"ListItem\",\"position\":1,\"name\":\"Home\",\"item\":\"https:\\\/\\\/gambling6.com\\\/pl\\\/home\\\/\"},{\"@type\":\"ListItem\",\"position\":2,\"name\":\"Loteria\",\"item\":\"https:\\\/\\\/gambling6.com\\\/pl\\\/buying-international-lotto-tickets-online\\\/\"},{\"@type\":\"ListItem\",\"position\":3,\"name\":\"Kup bilety na loteri\u0119 na Florydzie online\"}]},{\"@type\":\"WebSite\",\"@id\":\"https:\\\/\\\/gambling6.com\\\/pl\\\/#website\",\"url\":\"https:\\\/\\\/gambling6.com\\\/pl\\\/\",\"name\":\"Gambling6\",\"description\":\"\",\"potentialAction\":[{\"@type\":\"SearchAction\",\"target\":{\"@type\":\"EntryPoint\",\"urlTemplate\":\"https:\\\/\\\/gambling6.com\\\/pl\\\/?s={search_term_string}\"},\"query-input\":{\"@type\":\"PropertyValueSpecification\",\"valueRequired\":true,\"valueName\":\"search_term_string\"}}],\"inLanguage\":\"pl-PL\"}]}<\/script>\n<!-- \/ Yoast SEO plugin. -->","yoast_head_json":{"title":"Kup bilety online na loteri\u0119 na Florydzie","description":"We\u017a udzia\u0142 w losowaniu Florida Lotto i uniknij upa\u0142u, kupuj\u0105c losy online.","robots":{"index":"index","follow":"follow","max-snippet":"max-snippet:-1","max-image-preview":"max-image-preview:large","max-video-preview":"max-video-preview:-1"},"canonical":"https:\/\/gambling6.com\/pl\/loteria\/kup-bilety-na-loterie-na-florydzie-online\/","og_locale":"pl_PL","og_type":"article","og_title":"Kup bilety online na loteri\u0119 na Florydzie","og_description":"We\u017a udzia\u0142 w losowaniu Florida Lotto i uniknij upa\u0142u, kupuj\u0105c losy online.","og_url":"https:\/\/gambling6.com\/pl\/loteria\/kup-bilety-na-loterie-na-florydzie-online\/","og_site_name":"Gambling6","twitter_card":"summary_large_image","twitter_misc":{"Szacowany czas czytania":"2 minuty"},"schema":{"@context":"https:\/\/schema.org","@graph":[{"@type":"WebPage","@id":"https:\/\/gambling6.com\/pl\/loteria\/kup-bilety-na-loterie-na-florydzie-online\/","url":"https:\/\/gambling6.com\/pl\/loteria\/kup-bilety-na-loterie-na-florydzie-online\/","name":"Kup bilety online na loteri\u0119 na Florydzie","isPartOf":{"@id":"https:\/\/gambling6.com\/pl\/#website"},"datePublished":"2025-11-11T08:19:47+00:00","description":"We\u017a udzia\u0142 w losowaniu Florida Lotto i uniknij upa\u0142u, kupuj\u0105c losy online.","breadcrumb":{"@id":"https:\/\/gambling6.com\/pl\/loteria\/kup-bilety-na-loterie-na-florydzie-online\/#breadcrumb"},"inLanguage":"pl-PL","potentialAction":[{"@type":"ReadAction","target":["https:\/\/gambling6.com\/pl\/loteria\/kup-bilety-na-loterie-na-florydzie-online\/"]}]},{"@type":"BreadcrumbList","@id":"https:\/\/gambling6.com\/pl\/loteria\/kup-bilety-na-loterie-na-florydzie-online\/#breadcrumb","itemListElement":[{"@type":"ListItem","position":1,"name":"Home","item":"https:\/\/gambling6.com\/pl\/home\/"},{"@type":"ListItem","position":2,"name":"Loteria","item":"https:\/\/gambling6.com\/pl\/buying-international-lotto-tickets-online\/"},{"@type":"ListItem","position":3,"name":"Kup bilety na loteri\u0119 na Florydzie online"}]},{"@type":"WebSite","@id":"https:\/\/gambling6.com\/pl\/#website","url":"https:\/\/gambling6.com\/pl\/","name":"Gambling6","description":"","potentialAction":[{"@type":"SearchAction","target":{"@type":"EntryPoint","urlTemplate":"https:\/\/gambling6.com\/pl\/?s={search_term_string}"},"query-input":{"@type":"PropertyValueSpecification","valueRequired":true,"valueName":"search_term_string"}}],"inLanguage":"pl-PL"}]}},"_links":{"self":[{"href":"https:\/\/gambling6.com\/pl\/wp-json\/wp\/v2\/pages\/9629","targetHints":{"allow":["GET"]}}],"collection":[{"href":"https:\/\/gambling6.com\/pl\/wp-json\/wp\/v2\/pages"}],"about":[{"href":"https:\/\/gambling6.com\/pl\/wp-json\/wp\/v2\/types\/page"}],"author":[{"embeddable":true,"href":"https:\/\/gambling6.com\/pl\/wp-json\/wp\/v2\/users\/1"}],"replies":[{"embeddable":true,"href":"https:\/\/gambling6.com\/pl\/wp-json\/wp\/v2\/comments?post=9629"}],"version-history":[{"count":0,"href":"https:\/\/gambling6.com\/pl\/wp-json\/wp\/v2\/pages\/9629\/revisions"}],"up":[{"embeddable":true,"href":"https:\/\/gambling6.com\/pl\/wp-json\/wp\/v2\/pages\/9312"}],"wp:attachment":[{"href":"https:\/\/gambling6.com\/pl\/wp-json\/wp\/v2\/media?parent=9629"}],"curies":[{"name":"wp","href":"https:\/\/api.w.org\/{rel}","templated":true}]}}