{"id":9645,"date":"2025-11-11T09:00:07","date_gmt":"2025-11-11T09:00:07","guid":{"rendered":"https:\/\/gambling6.com\/loteria\/kup-bilety-online-na-loterie-eurojackpot\/"},"modified":"2025-11-11T09:00:07","modified_gmt":"2025-11-11T09:00:07","slug":"kup-bilety-online-na-loterie-eurojackpot","status":"publish","type":"page","link":"https:\/\/gambling6.com\/pl\/loteria\/kup-bilety-online-na-loterie-eurojackpot\/","title":{"rendered":"Kup bilety online na loteri\u0119 Eurojackpot"},"content":{"rendered":"<h2>Loteria Eurojackpot<\/h2>\n<p>Mo\u017cesz kupi\u0107 losy Eurojackpot online i zosta\u0107 milionerem z dnia na dzie\u0144. Internet umo\u017cliwi\u0142 teraz gr\u0119 w Eurojackpot online, a tak\u017ce w wiele innych europejskich loterii. Mo\u017cesz to zrobi\u0107, kupuj\u0105c losy online, siedz\u0105c wygodnie w domowym fotelu. Koniec z bieganiem do sklepu za rogiem czy kiosku z loteri\u0105 \u2013 kup losy Eurojackpot online.<img loading=\"lazy\" decoding=\"async\" class=\"alignright wp-image-552 \" style=\"margin: 10px; border: 5px solid #ffffff; float: right;\" src=\"https:\/\/gambling6.com\/wp-content\/uploads\/2013\/12\/play-euro-jackpot-online.jpg\" alt=\"kup losy Eurojackpot online\" width=\"240\" height=\"218\" \/><\/p>\n<p>Je\u015bli chcesz do\u0142\u0105czy\u0107 do milion\u00f3w os\u00f3b, kt\u00f3re chc\u0105 wygra\u0107 ogromne jackpoty, wystarczy, \u017ce wybierzesz siedem liczb online i wyp\u0142acisz wygrane za pomoc\u0105 jednej z wielu wygodnych metod p\u0142atno\u015bci. Kupowanie los\u00f3w na loteri\u0119 online nigdy nie by\u0142o prostsze. W niekt\u00f3rych cz\u0119\u015bciach Europy mo\u017cesz kupi\u0107 losy online na kilka g\u0142\u00f3wnych loterii z jackpotami.<\/p>\n<h2>Kup losy na Eurojackpot online z dowolnego kraju<\/h2>\n<p>Nie ma granic w przypadku zakupu los\u00f3w online. Niezale\u017cnie od tego, czy mieszkasz na Kubie, czy w Chinach, mo\u017cesz skorzysta\u0107 z internetu, aby kupi\u0107 losy w szybkim, przyjaznym i bezpiecznym \u015brodowisku, korzystaj\u0105c z us\u0142ug naszego partnera RedFoxLotto. <a class=\"thirstylink\" title=\"RedFoxLotto en\" href=\"https:\/\/gambling6.com\/go\/redfoxlotto-en\/\" target=\"_blank\" rel=\"nofollow noopener\">Rejestrujesz si\u0119 tutaj, logujesz si\u0119 na swoje konto<\/a>, wybierasz numery, p\u0142acisz i czekasz, a\u017c Tw\u00f3j los sprawdzi si\u0119 z wynikami losowania.<\/p>\n<p>RedFoxLotto nie akceptuje fan\u00f3w loterii z USA; zamiast tego gracze z USA powinni wypr\u00f3bowa\u0107 TheLotter, inn\u0105 opcj\u0119 dla mi\u0119dzynarodowych los\u00f3w loteryjnych.<br \/>\n<a href=\"https:\/\/smarturl.it\/theBig_Play?tl_affid=8190&amp;tl_bannerid=6cc3afab\" target=\"_self\" rel=\"noopener\"><img loading=\"lazy\" decoding=\"async\" class=\"aligncenter\" title=\"\" src=\"\/\/www.thelotter-affiliates.com\/accounts\/default1\/banners\/6cc3afab.gif\" alt=\"\" width=\"468\" height=\"60\" \/><\/a><\/p>\n<h2>Ogromne nagrody z Twoimi losami Eurojackpot online<\/h2>\n<table style=\"width: 500px;\" border=\"1\" cellspacing=\"5\" cellpadding=\"5\" align=\"center\">\n<tbody>\n<tr>\n<td colspan=\"3\" align=\"center\">Pi\u0119\u0107 najwi\u0119kszych jackpot\u00f3w w 2013 roku<\/td>\n<\/tr>\n<tr>\n<td>Losowanie<\/td>\n<td align=\"center\">Data<\/td>\n<td align=\"center\">Jackpot (USD)<\/td>\n<\/tr>\n<tr>\n<td>Euro Jackpot &#8211; Europa<\/td>\n<td align=\"center\">12 kwietnia 2013<\/td>\n<td align=\"right\">63 128 694 USD<\/td>\n<\/tr>\n<tr>\n<td>Euro Jackpot &#8211; Europa<\/td>\n<td align=\"center\">19 lipca 2013<\/td>\n<td align=\"right\">56\u00a0886\u00a0414 USD<\/td>\n<\/tr>\n<tr>\n<td>Euro Jackpot &#8211; Europa<\/td>\n<td align=\"center\">25 stycznia 2013<\/td>\n<td align=\"right\">40\u00a0470\u00a0680 USD<\/td>\n<\/tr>\n<tr>\n<td>Euro Jackpot &#8211; Europa<\/td>\n<td align=\"center\">27 wrze\u015bnia 2013<\/td>\n<td align=\"right\">29\u00a0122\u00a0090 USD<\/td>\n<\/tr>\n<tr>\n<td>Euro Jackpot &#8211; Europa<\/td>\n<td align=\"center\">7 grudnia 2013<\/td>\n<td align=\"right\">28 770 000 $<\/td>\n<\/tr>\n<\/tbody>\n<\/table>\n<h2>\u00a0Dwana\u015bcie szans na wygran\u0105 dzi\u0119ki internetowym losom Eurojackpot<\/h2>\n<table style=\"width: 500px;\" border=\"1\" cellspacing=\"5\" cellpadding=\"5\" align=\"center\">\n<tbody>\n<tr>\n<td colspan=\"3\" align=\"center\">Poziomy nagr\u00f3d Eurojackpot<\/td>\n<\/tr>\n<tr>\n<td>Nagroda<\/td>\n<td align=\"center\">Mecze<\/td>\n<td align=\"center\">Kursy<\/td>\n<\/tr>\n<tr>\n<td>1. miejsce (Jackpot)<\/td>\n<td align=\"center\">5 + 2<\/td>\n<td align=\"right\">59 325 280 : 1<\/td>\n<\/tr>\n<tr>\n<td>2. miejsce<\/td>\n<td align=\"center\">5 + 1<\/td>\n<td align=\"right\">4 943 773 : 1<\/td>\n<\/tr>\n<tr>\n<td>3.<\/td>\n<td align=\"center\">5<\/td>\n<td align=\"right\">3 955 019 : 1<\/td>\n<\/tr>\n<tr>\n<td>4.<\/td>\n<td align=\"center\">4 + 2<\/td>\n<td align=\"right\">263 668 : 1<\/td>\n<\/tr>\n<tr>\n<td>5.<\/td>\n<td align=\"center\">4 + 1<\/td>\n<td align=\"right\">21 972 : 1<\/td>\n<\/tr>\n<tr>\n<td>6.<\/td>\n<td align=\"center\">4<\/td>\n<td align=\"right\">17 578 : 1<\/td>\n<\/tr>\n<tr>\n<td>7.<\/td>\n<td align=\"center\">3 + 2<\/td>\n<td align=\"right\">5992 : 1<\/td>\n<\/tr>\n<tr>\n<td>8.<\/td>\n<td align=\"center\">3 + 1<\/td>\n<td align=\"right\">499 : 1<\/td>\n<\/tr>\n<tr>\n<td>9.<\/td>\n<td align=\"center\">2 + 2<\/td>\n<td align=\"right\">418 : 1<\/td>\n<\/tr>\n<tr>\n<td>10.<\/td>\n<td align=\"center\">3<\/td>\n<td align=\"right\">399 : 1<\/td>\n<\/tr>\n<tr>\n<td>11.<\/td>\n<td align=\"center\">1 + 2<\/td>\n<td align=\"right\">80 : 1<\/td>\n<\/tr>\n<tr>\n<td>12.<\/td>\n<td align=\"center\">2 + 1<\/td>\n<td align=\"right\">35 : 1<\/td>\n<\/tr>\n<\/tbody>\n<\/table>\n<p style=\"text-align: center;\"><strong>Nie przegap szansy na zostanie milionerem. Zarejestruj si\u0119 i kup losy Eurojackpot online ju\u017c dzi\u015b.<\/strong><\/p>\n","protected":false},"excerpt":{"rendered":"<p>Loteria Eurojackpot Mo\u017cesz kupi\u0107 losy Eurojackpot online i zosta\u0107 milionerem z dnia na dzie\u0144. Internet umo\u017cliwi\u0142 teraz gr\u0119 w Eurojackpot online, a tak\u017ce w wiele innych europejskich loterii. Mo\u017cesz to zrobi\u0107, kupuj\u0105c losy online, siedz\u0105c wygodnie w domowym fotelu. Koniec z bieganiem do sklepu za rogiem czy kiosku z loteri\u0105 \u2013 kup losy Eurojackpot online. [&hellip;]<\/p>\n","protected":false},"author":1,"featured_media":9524,"parent":9312,"menu_order":10,"comment_status":"closed","ping_status":"closed","template":"","meta":{"footnotes":""},"class_list":["post-9645","page","type-page","status-publish","has-post-thumbnail","hentry"],"yoast_head":"<!-- This site is optimized with the Yoast SEO plugin v27.3 - https:\/\/yoast.com\/product\/yoast-seo-wordpress\/ -->\n<title>Kup bilety na loteri\u0119 Eurojackpot online<\/title>\n<meta name=\"description\" content=\"Mo\u017cesz wygra\u0107 du\u017co pieni\u0119dzy graj\u0105c w Eurojackpot, kupuj\u0105c losy loterii online.\" \/>\n<meta name=\"robots\" content=\"index, follow, max-snippet:-1, max-image-preview:large, max-video-preview:-1\" \/>\n<link rel=\"canonical\" href=\"https:\/\/gambling6.com\/pl\/loteria\/kup-bilety-online-na-loterie-eurojackpot\/\" \/>\n<meta property=\"og:locale\" content=\"pl_PL\" \/>\n<meta property=\"og:type\" content=\"article\" \/>\n<meta property=\"og:title\" content=\"Kup bilety na loteri\u0119 Eurojackpot online\" \/>\n<meta property=\"og:description\" content=\"Mo\u017cesz wygra\u0107 du\u017co pieni\u0119dzy graj\u0105c w Eurojackpot, kupuj\u0105c losy loterii online.\" \/>\n<meta property=\"og:url\" content=\"https:\/\/gambling6.com\/pl\/loteria\/kup-bilety-online-na-loterie-eurojackpot\/\" \/>\n<meta property=\"og:site_name\" content=\"Gambling6\" \/>\n<meta property=\"og:image\" content=\"https:\/\/gambling6.com\/wp-content\/uploads\/2013\/12\/play-euro-jackpot-online.jpg\" \/>\n\t<meta property=\"og:image:width\" content=\"285\" \/>\n\t<meta property=\"og:image:height\" content=\"259\" \/>\n\t<meta property=\"og:image:type\" content=\"image\/jpeg\" \/>\n<meta name=\"twitter:card\" content=\"summary_large_image\" \/>\n<meta name=\"twitter:label1\" content=\"Szacowany czas czytania\" \/>\n\t<meta name=\"twitter:data1\" content=\"2 minuty\" \/>\n<script type=\"application\/ld+json\" class=\"yoast-schema-graph\">{\"@context\":\"https:\\\/\\\/schema.org\",\"@graph\":[{\"@type\":\"WebPage\",\"@id\":\"https:\\\/\\\/gambling6.com\\\/pl\\\/loteria\\\/kup-bilety-online-na-loterie-eurojackpot\\\/\",\"url\":\"https:\\\/\\\/gambling6.com\\\/pl\\\/loteria\\\/kup-bilety-online-na-loterie-eurojackpot\\\/\",\"name\":\"Kup bilety na loteri\u0119 Eurojackpot online\",\"isPartOf\":{\"@id\":\"https:\\\/\\\/gambling6.com\\\/pl\\\/#website\"},\"primaryImageOfPage\":{\"@id\":\"https:\\\/\\\/gambling6.com\\\/pl\\\/loteria\\\/kup-bilety-online-na-loterie-eurojackpot\\\/#primaryimage\"},\"image\":{\"@id\":\"https:\\\/\\\/gambling6.com\\\/pl\\\/loteria\\\/kup-bilety-online-na-loterie-eurojackpot\\\/#primaryimage\"},\"thumbnailUrl\":\"https:\\\/\\\/gambling6.com\\\/wp-content\\\/uploads\\\/2013\\\/12\\\/play-euro-jackpot-online.jpg\",\"datePublished\":\"2025-11-11T09:00:07+00:00\",\"description\":\"Mo\u017cesz wygra\u0107 du\u017co pieni\u0119dzy graj\u0105c w Eurojackpot, kupuj\u0105c losy loterii online.\",\"breadcrumb\":{\"@id\":\"https:\\\/\\\/gambling6.com\\\/pl\\\/loteria\\\/kup-bilety-online-na-loterie-eurojackpot\\\/#breadcrumb\"},\"inLanguage\":\"pl-PL\",\"potentialAction\":[{\"@type\":\"ReadAction\",\"target\":[\"https:\\\/\\\/gambling6.com\\\/pl\\\/loteria\\\/kup-bilety-online-na-loterie-eurojackpot\\\/\"]}]},{\"@type\":\"ImageObject\",\"inLanguage\":\"pl-PL\",\"@id\":\"https:\\\/\\\/gambling6.com\\\/pl\\\/loteria\\\/kup-bilety-online-na-loterie-eurojackpot\\\/#primaryimage\",\"url\":\"https:\\\/\\\/gambling6.com\\\/wp-content\\\/uploads\\\/2013\\\/12\\\/play-euro-jackpot-online.jpg\",\"contentUrl\":\"https:\\\/\\\/gambling6.com\\\/wp-content\\\/uploads\\\/2013\\\/12\\\/play-euro-jackpot-online.jpg\",\"width\":285,\"height\":259},{\"@type\":\"BreadcrumbList\",\"@id\":\"https:\\\/\\\/gambling6.com\\\/pl\\\/loteria\\\/kup-bilety-online-na-loterie-eurojackpot\\\/#breadcrumb\",\"itemListElement\":[{\"@type\":\"ListItem\",\"position\":1,\"name\":\"Home\",\"item\":\"https:\\\/\\\/gambling6.com\\\/pl\\\/home\\\/\"},{\"@type\":\"ListItem\",\"position\":2,\"name\":\"Loteria\",\"item\":\"https:\\\/\\\/gambling6.com\\\/pl\\\/buying-international-lotto-tickets-online\\\/\"},{\"@type\":\"ListItem\",\"position\":3,\"name\":\"Kup bilety online na loteri\u0119 Eurojackpot\"}]},{\"@type\":\"WebSite\",\"@id\":\"https:\\\/\\\/gambling6.com\\\/pl\\\/#website\",\"url\":\"https:\\\/\\\/gambling6.com\\\/pl\\\/\",\"name\":\"Gambling6\",\"description\":\"\",\"potentialAction\":[{\"@type\":\"SearchAction\",\"target\":{\"@type\":\"EntryPoint\",\"urlTemplate\":\"https:\\\/\\\/gambling6.com\\\/pl\\\/?s={search_term_string}\"},\"query-input\":{\"@type\":\"PropertyValueSpecification\",\"valueRequired\":true,\"valueName\":\"search_term_string\"}}],\"inLanguage\":\"pl-PL\"}]}<\/script>\n<!-- \/ Yoast SEO plugin. -->","yoast_head_json":{"title":"Kup bilety na loteri\u0119 Eurojackpot online","description":"Mo\u017cesz wygra\u0107 du\u017co pieni\u0119dzy graj\u0105c w Eurojackpot, kupuj\u0105c losy loterii online.","robots":{"index":"index","follow":"follow","max-snippet":"max-snippet:-1","max-image-preview":"max-image-preview:large","max-video-preview":"max-video-preview:-1"},"canonical":"https:\/\/gambling6.com\/pl\/loteria\/kup-bilety-online-na-loterie-eurojackpot\/","og_locale":"pl_PL","og_type":"article","og_title":"Kup bilety na loteri\u0119 Eurojackpot online","og_description":"Mo\u017cesz wygra\u0107 du\u017co pieni\u0119dzy graj\u0105c w Eurojackpot, kupuj\u0105c losy loterii online.","og_url":"https:\/\/gambling6.com\/pl\/loteria\/kup-bilety-online-na-loterie-eurojackpot\/","og_site_name":"Gambling6","og_image":[{"width":285,"height":259,"url":"https:\/\/gambling6.com\/wp-content\/uploads\/2013\/12\/play-euro-jackpot-online.jpg","type":"image\/jpeg"}],"twitter_card":"summary_large_image","twitter_misc":{"Szacowany czas czytania":"2 minuty"},"schema":{"@context":"https:\/\/schema.org","@graph":[{"@type":"WebPage","@id":"https:\/\/gambling6.com\/pl\/loteria\/kup-bilety-online-na-loterie-eurojackpot\/","url":"https:\/\/gambling6.com\/pl\/loteria\/kup-bilety-online-na-loterie-eurojackpot\/","name":"Kup bilety na loteri\u0119 Eurojackpot online","isPartOf":{"@id":"https:\/\/gambling6.com\/pl\/#website"},"primaryImageOfPage":{"@id":"https:\/\/gambling6.com\/pl\/loteria\/kup-bilety-online-na-loterie-eurojackpot\/#primaryimage"},"image":{"@id":"https:\/\/gambling6.com\/pl\/loteria\/kup-bilety-online-na-loterie-eurojackpot\/#primaryimage"},"thumbnailUrl":"https:\/\/gambling6.com\/wp-content\/uploads\/2013\/12\/play-euro-jackpot-online.jpg","datePublished":"2025-11-11T09:00:07+00:00","description":"Mo\u017cesz wygra\u0107 du\u017co pieni\u0119dzy graj\u0105c w Eurojackpot, kupuj\u0105c losy loterii online.","breadcrumb":{"@id":"https:\/\/gambling6.com\/pl\/loteria\/kup-bilety-online-na-loterie-eurojackpot\/#breadcrumb"},"inLanguage":"pl-PL","potentialAction":[{"@type":"ReadAction","target":["https:\/\/gambling6.com\/pl\/loteria\/kup-bilety-online-na-loterie-eurojackpot\/"]}]},{"@type":"ImageObject","inLanguage":"pl-PL","@id":"https:\/\/gambling6.com\/pl\/loteria\/kup-bilety-online-na-loterie-eurojackpot\/#primaryimage","url":"https:\/\/gambling6.com\/wp-content\/uploads\/2013\/12\/play-euro-jackpot-online.jpg","contentUrl":"https:\/\/gambling6.com\/wp-content\/uploads\/2013\/12\/play-euro-jackpot-online.jpg","width":285,"height":259},{"@type":"BreadcrumbList","@id":"https:\/\/gambling6.com\/pl\/loteria\/kup-bilety-online-na-loterie-eurojackpot\/#breadcrumb","itemListElement":[{"@type":"ListItem","position":1,"name":"Home","item":"https:\/\/gambling6.com\/pl\/home\/"},{"@type":"ListItem","position":2,"name":"Loteria","item":"https:\/\/gambling6.com\/pl\/buying-international-lotto-tickets-online\/"},{"@type":"ListItem","position":3,"name":"Kup bilety online na loteri\u0119 Eurojackpot"}]},{"@type":"WebSite","@id":"https:\/\/gambling6.com\/pl\/#website","url":"https:\/\/gambling6.com\/pl\/","name":"Gambling6","description":"","potentialAction":[{"@type":"SearchAction","target":{"@type":"EntryPoint","urlTemplate":"https:\/\/gambling6.com\/pl\/?s={search_term_string}"},"query-input":{"@type":"PropertyValueSpecification","valueRequired":true,"valueName":"search_term_string"}}],"inLanguage":"pl-PL"}]}},"_links":{"self":[{"href":"https:\/\/gambling6.com\/pl\/wp-json\/wp\/v2\/pages\/9645","targetHints":{"allow":["GET"]}}],"collection":[{"href":"https:\/\/gambling6.com\/pl\/wp-json\/wp\/v2\/pages"}],"about":[{"href":"https:\/\/gambling6.com\/pl\/wp-json\/wp\/v2\/types\/page"}],"author":[{"embeddable":true,"href":"https:\/\/gambling6.com\/pl\/wp-json\/wp\/v2\/users\/1"}],"replies":[{"embeddable":true,"href":"https:\/\/gambling6.com\/pl\/wp-json\/wp\/v2\/comments?post=9645"}],"version-history":[{"count":0,"href":"https:\/\/gambling6.com\/pl\/wp-json\/wp\/v2\/pages\/9645\/revisions"}],"up":[{"embeddable":true,"href":"https:\/\/gambling6.com\/pl\/wp-json\/wp\/v2\/pages\/9312"}],"wp:featuredmedia":[{"embeddable":true,"href":"https:\/\/gambling6.com\/pl\/wp-json\/wp\/v2\/media\/9524"}],"wp:attachment":[{"href":"https:\/\/gambling6.com\/pl\/wp-json\/wp\/v2\/media?parent=9645"}],"curies":[{"name":"wp","href":"https:\/\/api.w.org\/{rel}","templated":true}]}}