{"id":9661,"date":"2025-11-11T09:20:59","date_gmt":"2025-11-11T09:20:59","guid":{"rendered":"https:\/\/gambling6.com\/loteria\/zdobadz-losy-na-loterie-el-gordo-z-dowolnego-miejsca\/"},"modified":"2025-11-11T09:20:59","modified_gmt":"2025-11-11T09:20:59","slug":"zdobadz-losy-na-loterie-el-gordo-z-dowolnego-miejsca","status":"publish","type":"page","link":"https:\/\/gambling6.com\/pl\/loteria\/zdobadz-losy-na-loterie-el-gordo-z-dowolnego-miejsca\/","title":{"rendered":"Zdob\u0105d\u017a losy na loteri\u0119 El Gordo z dowolnego miejsca"},"content":{"rendered":"<h2>\u0141atwy zakup los\u00f3w online na loteri\u0119 El Gordo.<\/h2>\n<p><img loading=\"lazy\" decoding=\"async\" class=\" wp-image-1569 alignright\" src=\"https:\/\/gambling6.com\/wp-content\/uploads\/2022\/04\/2_ticket_spanish_lottery.jpg\" alt=\"bilet El Gordo\" width=\"200\" height=\"274\" \/>W Europie loteria El Gordo cieszy si\u0119 ogromn\u0105 popularno\u015bci\u0105 i graj\u0105 w ni\u0105 zar\u00f3wno Hiszpanie, jak i za granic\u0105. Minimalna pula nagr\u00f3d wynosi oko\u0142o 6,5 miliona euro tygodniowo. Losowania odbywaj\u0105 si\u0119 tylko raz w tygodniu, w niedziel\u0119, a kolejki do gry s\u0105 co tydzie\u0144. Jackpot mo\u017ce osi\u0105gn\u0105\u0107 nawet 26 milion\u00f3w euro. Jednak w przypadku cz\u0119stych kumulacji nagr\u00f3d (nie jackpota), mo\u017ce on czasami osi\u0105gn\u0105\u0107 nawet 35 milion\u00f3w euro, po uwzgl\u0119dnieniu przeniesie\u0144 z poprzednich tygodni.<\/p>\n<h2>Europejczycy kupuj\u0105 losy na loteri\u0119 online co tydzie\u0144.<\/h2>\n<p>Europa pozostaje rosn\u0105cym \u017ar\u00f3d\u0142em dochod\u00f3w z loterii; ka\u017cdego tygodnia miliony graczy ustawiaj\u0105 si\u0119 w kolejce, aby zagra\u0107 w lotto na tym kontynencie. Aby kupi\u0107 losy online na loteri\u0119 El Gordo, nale\u017cy odwiedzi\u0107 stron\u0119 naszego partnera RedFoxLotto, zalogowa\u0107 si\u0119 na swoje konto, a nast\u0119pnie zdecydowa\u0107, czy skorzysta\u0107 z opcji \u201eszybkiego wyboru\u201d, czy wybra\u0107 w\u0142asne liczby. Je\u015bli wybierasz w\u0142asne liczby, musisz wybra\u0107 pi\u0119\u0107 liczb g\u0142\u00f3wnych i jedn\u0105 liczb\u0119 bonusow\u0105.<\/p>\n<h2>Europejczycy kupuj\u0105 losy online na niedzielne losowanie.<\/h2>\n<p>El Gordo, znanej jako hiszpa\u0144ska loteria 6\/49, nie nale\u017cy myli\u0107 z loteri\u0105 \u015bwi\u0105teczn\u0105 El Gordo. Ta popularna cotygodniowa loteria odbywa si\u0119 w niedziele. Kupuj\u0105c losy online na loteri\u0119 El Gordo, nale\u017cy pami\u0119ta\u0107, \u017ce szansa na wygran\u0105 wynosi 1 do 10. Wynika to z faktu, \u017ce opr\u00f3cz wygranej g\u0142\u00f3wnej wygranej istnieje siedem r\u00f3\u017cnych poziom\u00f3w nagr\u00f3d.<\/p>\n<h2>Miliony dolar\u00f3w s\u0105 wydawane miesi\u0119cznie na zakup los\u00f3w.<\/h2>\n<p>Europejczycy oszaleli na punkcie los\u00f3w loterii w ci\u0105gu ostatnich kilku lat. Ust\u0119puj\u0105c miejsca tylko Ameryce P\u00f3\u0142nocnej, Europejczycy wydaj\u0105 na nie setki milion\u00f3w dolar\u00f3w rocznie. Teraz, gdy mo\u017cna kupi\u0107 losy na \u015bwiatowe loterie online, sprzeda\u017c drastycznie wzros\u0142a. Je\u015bli chcesz zdoby\u0107 losy na nadchodz\u0105c\u0105 loteri\u0119 El Gordo, <a class=\"thirstylink\" title=\"Redfoxlotto\" href=\"https:\/\/gambling6.com\/go\/redfoxlotto\/\" target=\"_blank\" rel=\"nofollow noopener\">po prostu odwied\u017a stron\u0119 naszego partnera RedFoxLotto<\/a>, za\u0142\u00f3\u017c konto, a mo\u017cesz by\u0107 na dobrej drodze do zostania multimilionerem z dnia na dzie\u0144.<\/p>\n<table style=\"width: 500px;\" border=\"1\" cellspacing=\"5\" cellpadding=\"5\" align=\"center\">\n<tbody>\n<tr>\n<td colspan=\"3\" align=\"center\">Najwi\u0119ksze jackpoty w 2013 roku<\/td>\n<\/tr>\n<tr>\n<td>Losowanie<\/td>\n<td align=\"center\">Data<\/td>\n<td align=\"center\">G\u0142\u00f3wna pula (USD)<\/td>\n<\/tr>\n<tr>\n<td>El Gordo &#8211; Hiszpania<\/td>\n<td align=\"center\">13 pa\u017adziernika 2013<\/td>\n<td align=\"right\">13 327 360 USD<\/td>\n<\/tr>\n<tr>\n<td>El Gordo &#8211; Hiszpania<\/td>\n<td align=\"center\">4 sierpnia 2013<\/td>\n<td align=\"right\">10 275 000 USD<\/td>\n<\/tr>\n<tr>\n<td>El Gordo &#8211; Hiszpania<\/td>\n<td align=\"center\">16 czerwca 2013<\/td>\n<td align=\"right\">9 590 000 USD<\/td>\n<\/tr>\n<tr>\n<td>El Gordo &#8211; Hiszpania<\/td>\n<td align=\"center\">23 czerwca 2013<\/td>\n<td align=\"right\">6 850 000 USD<\/td>\n<\/tr>\n<\/tbody>\n<\/table>\n<table style=\"width: 500px;\" border=\"1\" cellspacing=\"5\" cellpadding=\"5\" align=\"center\">\n<tbody>\n<tr>\n<td colspan=\"3\" align=\"center\">El Gordo Lotto &#8211; hiszpa\u0144skie poziomy nagr\u00f3d 6\/49<\/td>\n<\/tr>\n<tr>\n<td>Nagroda<\/td>\n<td align=\"center\">Zwi\u0105zki<\/td>\n<td align=\"center\">Szanse<\/td>\n<\/tr>\n<tr>\n<td>1. miejsce (G\u0142\u00f3wna wygrana)<\/td>\n<td align=\"center\">5 + 1<\/td>\n<td align=\"right\">31 625 100 : 1<\/td>\n<\/tr>\n<tr>\n<td>2. miejsce<\/td>\n<td align=\"center\">5<\/td>\n<td align=\"right\">3\u00a0513\u00a0900 : 1<\/td>\n<\/tr>\n<tr>\n<td>3.<\/td>\n<td align=\"center\">4 + 1<\/td>\n<td align=\"right\">129\u00a0082 : 1<\/td>\n<\/tr>\n<tr>\n<td>4.<\/td>\n<td align=\"center\">4<\/td>\n<td align=\"right\">14\u00a0342 : 1<\/td>\n<\/tr>\n<tr>\n<td>5.<\/td>\n<td align=\"center\">3 + 1<\/td>\n<td align=\"right\">2689 : 1<\/td>\n<\/tr>\n<tr>\n<td>6.<\/td>\n<td align=\"center\">3<\/td>\n<td align=\"right\">299 : 1<\/td>\n<\/tr>\n<tr>\n<td>7.<\/td>\n<td align=\"center\">2 + 1<\/td>\n<td align=\"right\">172 : 1<\/td>\n<\/tr>\n<tr>\n<td>8.<\/td>\n<td align=\"center\">2<\/td>\n<td align=\"right\">19 : 1<\/td>\n<\/tr>\n<tr>\n<td>9.<\/td>\n<td align=\"center\">0 + 1<\/td>\n<td align=\"right\">10 : 1<\/td>\n<\/tr>\n<\/tbody>\n<\/table>\n","protected":false},"excerpt":{"rendered":"<p>\u0141atwy zakup los\u00f3w online na loteri\u0119 El Gordo. W Europie loteria El Gordo cieszy si\u0119 ogromn\u0105 popularno\u015bci\u0105 i graj\u0105 w ni\u0105 zar\u00f3wno Hiszpanie, jak i za granic\u0105. Minimalna pula nagr\u00f3d wynosi oko\u0142o 6,5 miliona euro tygodniowo. Losowania odbywaj\u0105 si\u0119 tylko raz w tygodniu, w niedziel\u0119, a kolejki do gry s\u0105 co tydzie\u0144. Jackpot mo\u017ce osi\u0105gn\u0105\u0107 [&hellip;]<\/p>\n","protected":false},"author":1,"featured_media":0,"parent":9312,"menu_order":3,"comment_status":"closed","ping_status":"closed","template":"","meta":{"footnotes":""},"class_list":["post-9661","page","type-page","status-publish","hentry"],"yoast_head":"<!-- This site is optimized with the Yoast SEO plugin v27.4 - https:\/\/yoast.com\/product\/yoast-seo-wordpress\/ -->\n<title>Kup bilety na loteri\u0119 El Gordo online<\/title>\n<meta name=\"description\" content=\"Zosta\u0144 milionerem, kupuj\u0105c online losy na loteri\u0119 El Gordo.\" \/>\n<meta name=\"robots\" content=\"index, follow, max-snippet:-1, max-image-preview:large, max-video-preview:-1\" \/>\n<link rel=\"canonical\" href=\"https:\/\/gambling6.com\/pl\/loteria\/zdobadz-losy-na-loterie-el-gordo-z-dowolnego-miejsca\/\" \/>\n<meta property=\"og:locale\" content=\"pl_PL\" \/>\n<meta property=\"og:type\" content=\"article\" \/>\n<meta property=\"og:title\" content=\"Kup bilety na loteri\u0119 El Gordo online\" \/>\n<meta property=\"og:description\" content=\"Zosta\u0144 milionerem, kupuj\u0105c online losy na loteri\u0119 El Gordo.\" \/>\n<meta property=\"og:url\" content=\"https:\/\/gambling6.com\/pl\/loteria\/zdobadz-losy-na-loterie-el-gordo-z-dowolnego-miejsca\/\" \/>\n<meta property=\"og:site_name\" content=\"Gambling6\" \/>\n<meta property=\"og:image\" content=\"https:\/\/gambling6.com\/wp-content\/uploads\/2022\/04\/2_ticket_spanish_lottery.jpg\" \/>\n\t<meta property=\"og:image:width\" content=\"219\" \/>\n\t<meta property=\"og:image:height\" content=\"300\" \/>\n\t<meta property=\"og:image:type\" content=\"image\/jpeg\" \/>\n<meta name=\"twitter:card\" content=\"summary_large_image\" \/>\n<meta name=\"twitter:label1\" content=\"Szacowany czas czytania\" \/>\n\t<meta name=\"twitter:data1\" content=\"2 minuty\" \/>\n<script type=\"application\/ld+json\" class=\"yoast-schema-graph\">{\"@context\":\"https:\\\/\\\/schema.org\",\"@graph\":[{\"@type\":\"WebPage\",\"@id\":\"https:\\\/\\\/gambling6.com\\\/pl\\\/loteria\\\/zdobadz-losy-na-loterie-el-gordo-z-dowolnego-miejsca\\\/\",\"url\":\"https:\\\/\\\/gambling6.com\\\/pl\\\/loteria\\\/zdobadz-losy-na-loterie-el-gordo-z-dowolnego-miejsca\\\/\",\"name\":\"Kup bilety na loteri\u0119 El Gordo online\",\"isPartOf\":{\"@id\":\"https:\\\/\\\/gambling6.com\\\/pl\\\/#website\"},\"primaryImageOfPage\":{\"@id\":\"https:\\\/\\\/gambling6.com\\\/pl\\\/loteria\\\/zdobadz-losy-na-loterie-el-gordo-z-dowolnego-miejsca\\\/#primaryimage\"},\"image\":{\"@id\":\"https:\\\/\\\/gambling6.com\\\/pl\\\/loteria\\\/zdobadz-losy-na-loterie-el-gordo-z-dowolnego-miejsca\\\/#primaryimage\"},\"thumbnailUrl\":\"https:\\\/\\\/gambling6.com\\\/wp-content\\\/uploads\\\/2022\\\/04\\\/2_ticket_spanish_lottery.jpg\",\"datePublished\":\"2025-11-11T09:20:59+00:00\",\"description\":\"Zosta\u0144 milionerem, kupuj\u0105c online losy na loteri\u0119 El Gordo.\",\"breadcrumb\":{\"@id\":\"https:\\\/\\\/gambling6.com\\\/pl\\\/loteria\\\/zdobadz-losy-na-loterie-el-gordo-z-dowolnego-miejsca\\\/#breadcrumb\"},\"inLanguage\":\"pl-PL\",\"potentialAction\":[{\"@type\":\"ReadAction\",\"target\":[\"https:\\\/\\\/gambling6.com\\\/pl\\\/loteria\\\/zdobadz-losy-na-loterie-el-gordo-z-dowolnego-miejsca\\\/\"]}]},{\"@type\":\"ImageObject\",\"inLanguage\":\"pl-PL\",\"@id\":\"https:\\\/\\\/gambling6.com\\\/pl\\\/loteria\\\/zdobadz-losy-na-loterie-el-gordo-z-dowolnego-miejsca\\\/#primaryimage\",\"url\":\"https:\\\/\\\/gambling6.com\\\/wp-content\\\/uploads\\\/2022\\\/04\\\/2_ticket_spanish_lottery.jpg\",\"contentUrl\":\"https:\\\/\\\/gambling6.com\\\/wp-content\\\/uploads\\\/2022\\\/04\\\/2_ticket_spanish_lottery.jpg\"},{\"@type\":\"BreadcrumbList\",\"@id\":\"https:\\\/\\\/gambling6.com\\\/pl\\\/loteria\\\/zdobadz-losy-na-loterie-el-gordo-z-dowolnego-miejsca\\\/#breadcrumb\",\"itemListElement\":[{\"@type\":\"ListItem\",\"position\":1,\"name\":\"Home\",\"item\":\"https:\\\/\\\/gambling6.com\\\/pl\\\/home\\\/\"},{\"@type\":\"ListItem\",\"position\":2,\"name\":\"Loteria\",\"item\":\"https:\\\/\\\/gambling6.com\\\/pl\\\/buying-international-lotto-tickets-online\\\/\"},{\"@type\":\"ListItem\",\"position\":3,\"name\":\"Zdob\u0105d\u017a losy na loteri\u0119 El Gordo z dowolnego miejsca\"}]},{\"@type\":\"WebSite\",\"@id\":\"https:\\\/\\\/gambling6.com\\\/pl\\\/#website\",\"url\":\"https:\\\/\\\/gambling6.com\\\/pl\\\/\",\"name\":\"Gambling6\",\"description\":\"\",\"potentialAction\":[{\"@type\":\"SearchAction\",\"target\":{\"@type\":\"EntryPoint\",\"urlTemplate\":\"https:\\\/\\\/gambling6.com\\\/pl\\\/?s={search_term_string}\"},\"query-input\":{\"@type\":\"PropertyValueSpecification\",\"valueRequired\":true,\"valueName\":\"search_term_string\"}}],\"inLanguage\":\"pl-PL\"}]}<\/script>\n<!-- \/ Yoast SEO plugin. -->","yoast_head_json":{"title":"Kup bilety na loteri\u0119 El Gordo online","description":"Zosta\u0144 milionerem, kupuj\u0105c online losy na loteri\u0119 El Gordo.","robots":{"index":"index","follow":"follow","max-snippet":"max-snippet:-1","max-image-preview":"max-image-preview:large","max-video-preview":"max-video-preview:-1"},"canonical":"https:\/\/gambling6.com\/pl\/loteria\/zdobadz-losy-na-loterie-el-gordo-z-dowolnego-miejsca\/","og_locale":"pl_PL","og_type":"article","og_title":"Kup bilety na loteri\u0119 El Gordo online","og_description":"Zosta\u0144 milionerem, kupuj\u0105c online losy na loteri\u0119 El Gordo.","og_url":"https:\/\/gambling6.com\/pl\/loteria\/zdobadz-losy-na-loterie-el-gordo-z-dowolnego-miejsca\/","og_site_name":"Gambling6","og_image":[{"width":219,"height":300,"url":"https:\/\/gambling6.com\/wp-content\/uploads\/2022\/04\/2_ticket_spanish_lottery.jpg","type":"image\/jpeg"}],"twitter_card":"summary_large_image","twitter_misc":{"Szacowany czas czytania":"2 minuty"},"schema":{"@context":"https:\/\/schema.org","@graph":[{"@type":"WebPage","@id":"https:\/\/gambling6.com\/pl\/loteria\/zdobadz-losy-na-loterie-el-gordo-z-dowolnego-miejsca\/","url":"https:\/\/gambling6.com\/pl\/loteria\/zdobadz-losy-na-loterie-el-gordo-z-dowolnego-miejsca\/","name":"Kup bilety na loteri\u0119 El Gordo online","isPartOf":{"@id":"https:\/\/gambling6.com\/pl\/#website"},"primaryImageOfPage":{"@id":"https:\/\/gambling6.com\/pl\/loteria\/zdobadz-losy-na-loterie-el-gordo-z-dowolnego-miejsca\/#primaryimage"},"image":{"@id":"https:\/\/gambling6.com\/pl\/loteria\/zdobadz-losy-na-loterie-el-gordo-z-dowolnego-miejsca\/#primaryimage"},"thumbnailUrl":"https:\/\/gambling6.com\/wp-content\/uploads\/2022\/04\/2_ticket_spanish_lottery.jpg","datePublished":"2025-11-11T09:20:59+00:00","description":"Zosta\u0144 milionerem, kupuj\u0105c online losy na loteri\u0119 El Gordo.","breadcrumb":{"@id":"https:\/\/gambling6.com\/pl\/loteria\/zdobadz-losy-na-loterie-el-gordo-z-dowolnego-miejsca\/#breadcrumb"},"inLanguage":"pl-PL","potentialAction":[{"@type":"ReadAction","target":["https:\/\/gambling6.com\/pl\/loteria\/zdobadz-losy-na-loterie-el-gordo-z-dowolnego-miejsca\/"]}]},{"@type":"ImageObject","inLanguage":"pl-PL","@id":"https:\/\/gambling6.com\/pl\/loteria\/zdobadz-losy-na-loterie-el-gordo-z-dowolnego-miejsca\/#primaryimage","url":"https:\/\/gambling6.com\/wp-content\/uploads\/2022\/04\/2_ticket_spanish_lottery.jpg","contentUrl":"https:\/\/gambling6.com\/wp-content\/uploads\/2022\/04\/2_ticket_spanish_lottery.jpg"},{"@type":"BreadcrumbList","@id":"https:\/\/gambling6.com\/pl\/loteria\/zdobadz-losy-na-loterie-el-gordo-z-dowolnego-miejsca\/#breadcrumb","itemListElement":[{"@type":"ListItem","position":1,"name":"Home","item":"https:\/\/gambling6.com\/pl\/home\/"},{"@type":"ListItem","position":2,"name":"Loteria","item":"https:\/\/gambling6.com\/pl\/buying-international-lotto-tickets-online\/"},{"@type":"ListItem","position":3,"name":"Zdob\u0105d\u017a losy na loteri\u0119 El Gordo z dowolnego miejsca"}]},{"@type":"WebSite","@id":"https:\/\/gambling6.com\/pl\/#website","url":"https:\/\/gambling6.com\/pl\/","name":"Gambling6","description":"","potentialAction":[{"@type":"SearchAction","target":{"@type":"EntryPoint","urlTemplate":"https:\/\/gambling6.com\/pl\/?s={search_term_string}"},"query-input":{"@type":"PropertyValueSpecification","valueRequired":true,"valueName":"search_term_string"}}],"inLanguage":"pl-PL"}]}},"_links":{"self":[{"href":"https:\/\/gambling6.com\/pl\/wp-json\/wp\/v2\/pages\/9661","targetHints":{"allow":["GET"]}}],"collection":[{"href":"https:\/\/gambling6.com\/pl\/wp-json\/wp\/v2\/pages"}],"about":[{"href":"https:\/\/gambling6.com\/pl\/wp-json\/wp\/v2\/types\/page"}],"author":[{"embeddable":true,"href":"https:\/\/gambling6.com\/pl\/wp-json\/wp\/v2\/users\/1"}],"replies":[{"embeddable":true,"href":"https:\/\/gambling6.com\/pl\/wp-json\/wp\/v2\/comments?post=9661"}],"version-history":[{"count":0,"href":"https:\/\/gambling6.com\/pl\/wp-json\/wp\/v2\/pages\/9661\/revisions"}],"up":[{"embeddable":true,"href":"https:\/\/gambling6.com\/pl\/wp-json\/wp\/v2\/pages\/9312"}],"wp:attachment":[{"href":"https:\/\/gambling6.com\/pl\/wp-json\/wp\/v2\/media?parent=9661"}],"curies":[{"name":"wp","href":"https:\/\/api.w.org\/{rel}","templated":true}]}}