{"id":9673,"date":"2025-11-11T09:38:53","date_gmt":"2025-11-11T09:38:53","guid":{"rendered":"https:\/\/gambling6.com\/loteria\/kup-bilety-online-na-australijska-loterie\/"},"modified":"2025-11-11T09:38:53","modified_gmt":"2025-11-11T09:38:53","slug":"kup-bilety-online-na-australijska-loterie","status":"publish","type":"page","link":"https:\/\/gambling6.com\/pl\/loteria\/kup-bilety-online-na-australijska-loterie\/","title":{"rendered":"Kup bilety online na australijsk\u0105 loteri\u0119"},"content":{"rendered":"<h2>Australijska Loteria<\/h2>\n<p>Ka\u017cdego tygodnia, we wtorek i czwartek, w Australii odbywaj\u0105 si\u0119 dwie niezwykle emocjonuj\u0105ce loterie. Losy Powerball i Oz Lotto mo\u017cna kupi\u0107 online. Kupno los\u00f3w online na Australijskie Lotto jest tak proste, jak \u201ewrzucenie kolejnej krewetki na grilla\u201d. Ludzie graj\u0105 w te loterie o regularnie wysokie jackpoty, si\u0119gaj\u0105ce 50 milion\u00f3w dolar\u00f3w i wi\u0119cej.<\/p>\n<p>Szanse na wygranie obu jackpot\u00f3w s\u0105 do\u015b\u0107 korzystne, bior\u0105c pod uwag\u0119 ich wysoko\u015b\u0107, a dzi\u0119ki mo\u017cliwo\u015bci zakupu los\u00f3w online, rosn\u0105 one do\u015b\u0107 szybko. Na ca\u0142ym \u015bwiecie jackpoty te zyska\u0142y na popularno\u015bci w ci\u0105gu ostatnich kilku lat. Ka\u017cdego dnia s\u0142yszymy wi\u0119cej o tych losowaniach w wiadomo\u015bciach.<\/p>\n<h2>Losy Oz Lotto online s\u0105 bezpieczne.<\/h2>\n<p>Mo\u017cesz bezpiecznie wybra\u0107 7 liczb i czeka\u0107 na losowanie. Nasz partner <a class=\"thirstylink\" title=\"Redfoxlotto\" href=\"https:\/\/gambling6.com\/go\/redfoxlotto\/\" target=\"_blank\" rel=\"nofollow noopener\">RedFoxLotto.com<\/a> eliminuje wszelkie obawy zwi\u0105zane z zakupem los\u00f3w loterii online, dzi\u0119ki czemu mo\u017cesz po prostu usi\u0105\u015b\u0107 i czeka\u0107 na wygran\u0105.<\/p>\n<p>Gracze z USA, kt\u00f3rzy <span style=\"box-sizing: border-box; margin: 0px; padding: 0px;\">chc\u0105 wzi\u0105\u0107 udzia\u0142 w losowaniu Powerball lub innej loterii australijskiej i kupi\u0107 los online, powinni wybra\u0107 nasz\u0105 drug\u0105 rekomendacj\u0119: <a href=\"https:\/\/gambling6.com\/go\/thelotter-en\/\" target=\"_blank\" rel=\"noopener\">TheLotter. Kliknij tutaj, aby odwiedzi\u0107<\/a><\/span><a class=\"thirstylink\" title=\"TheLotter en\" href=\"https:\/\/gambling6.com\/go\/thelotter-en\/\" target=\"_blank\" rel=\"nofollow noopener\"> ich stron\u0119 internetow\u0105.<\/a><\/p>\n<h2>Ogromne jackpoty z losami online na loteri\u0119 Powerball Australia<\/h2>\n<table style=\"width: 500px;\" border=\"1\" cellspacing=\"5\" cellpadding=\"5\" align=\"center\">\n<tbody>\n<tr>\n<td colspan=\"3\" align=\"center\">Pi\u0119\u0107 najwi\u0119kszych jackpot\u00f3w w 2013 roku<\/td>\n<\/tr>\n<tr>\n<td>Losowanie<\/td>\n<td align=\"center\">Data<\/td>\n<td align=\"center\">G\u0142\u00f3wna nagroda (USD)<\/td>\n<\/tr>\n<tr>\n<td>Powerball &#8211; Australia<\/td>\n<td align=\"center\">2 maja 2013<\/td>\n<td align=\"right\">55 229 291 USD<\/td>\n<\/tr>\n<tr>\n<td>Powerball &#8211; Australia<\/td>\n<td align=\"center\">18 lipca 2013<\/td>\n<td align=\"right\">26 700 000 $<\/td>\n<\/tr>\n<tr>\n<td>Powerball &#8211; Australia<\/td>\n<td align=\"center\">19 wrze\u015bnia 2013<\/td>\n<td align=\"right\">26 700 000 $<\/td>\n<\/tr>\n<tr>\n<td>Powerball &#8211; Australia<\/td>\n<td align=\"center\">24 pa\u017adziernika 2013<\/td>\n<td align=\"right\">26 700 000 $<\/td>\n<\/tr>\n<tr>\n<td>Powerball &#8211; Australia<\/td>\n<td align=\"center\">3 stycznia 2013<\/td>\n<td align=\"right\">22 250 000 $<\/td>\n<\/tr>\n<\/tbody>\n<\/table>\n<h2>\u00a0Osiem poziom\u00f3w nagr\u00f3d dla kupuj\u0105cych losy online w australijskim Powerball<\/h2>\n<table style=\"width: 500px;\" border=\"1\" cellspacing=\"5\" cellpadding=\"5\" align=\"center\">\n<tbody>\n<tr>\n<td colspan=\"3\" align=\"center\">Lotto Powerball &#8211; Poziomy nagr\u00f3d w Australii<\/td>\n<\/tr>\n<tr>\n<td>Nagroda<\/td>\n<td align=\"center\">Dopasowania<\/td>\n<td align=\"center\">Szanse<\/td>\n<\/tr>\n<tr>\n<td>1. miejsce (G\u0142\u00f3wna wygrana)<\/td>\n<td align=\"center\">6 + 1<\/td>\n<td align=\"right\">76 767 600 : 1<\/td>\n<\/tr>\n<tr>\n<td>2. miejsce<\/td>\n<td align=\"center\">6<\/td>\n<td align=\"right\">4 040 400 : 1<\/td>\n<\/tr>\n<tr>\n<td>3.<\/td>\n<td align=\"center\">5 + 1<\/td>\n<td align=\"right\">376 312 : 1<\/td>\n<\/tr>\n<tr>\n<td>4.<\/td>\n<td align=\"center\">5<\/td>\n<td align=\"right\">19 806 : 1<\/td>\n<\/tr>\n<tr>\n<td>5.<\/td>\n<td align=\"center\">4 + 1<\/td>\n<td align=\"right\">9 123 : 1<\/td>\n<\/tr>\n<tr>\n<td>6.<\/td>\n<td align=\"center\">3 + 1<\/td>\n<td align=\"right\">641 : 1<\/td>\n<\/tr>\n<tr>\n<td>7<\/td>\n<td align=\"center\">4<\/td>\n<td align=\"right\">480 : 1<\/td>\n<\/tr>\n<tr>\n<td>8<\/td>\n<td align=\"center\">2 + 1<\/td>\n<td align=\"right\">110 : 1<\/td>\n<\/tr>\n<\/tbody>\n<\/table>\n<h2>\u00a0Posiadacze los\u00f3w Oz Lotto online mog\u0105 zarobi\u0107 krocie<\/h2>\n<table style=\"width: 500px;\" border=\"1\" cellspacing=\"5\" cellpadding=\"5\" align=\"center\">\n<tbody>\n<tr>\n<td colspan=\"3\" align=\"center\">Pi\u0119\u0107 najwi\u0119kszych jackpot\u00f3w w 2013 roku<\/td>\n<\/tr>\n<tr>\n<td>Losowanie<\/td>\n<td align=\"center\">Data<\/td>\n<td align=\"center\">G\u0142\u00f3wna nagroda (USD)<\/td>\n<\/tr>\n<tr>\n<td>Oz Lotto &#8211; Australia<\/td>\n<td align=\"center\">17 grudnia 2013<\/td>\n<td align=\"right\">62 300 000 USD<\/td>\n<\/tr>\n<tr>\n<td>Oz Lotto &#8211; Australia<\/td>\n<td align=\"center\">2 lipca 2013<\/td>\n<td align=\"right\">44 500 000 USD<\/td>\n<\/tr>\n<tr>\n<td>Oz Lotto &#8211; Australia<\/td>\n<td align=\"center\">30 kwietnia 2013 r.<\/td>\n<td align=\"right\">26 700 000 USD<\/td>\n<\/tr>\n<tr>\n<td>Oz Lotto &#8211; Australia<\/td>\n<td align=\"center\">29 stycznia 2013 r.<\/td>\n<td align=\"right\">20 296 484 USD<\/td>\n<\/tr>\n<tr>\n<td>Oz Lotto &#8211; Australia<\/td>\n<td align=\"center\">3 wrze\u015bnia 2013 r.<\/td>\n<td align=\"right\">19 790 620 $<\/td>\n<\/tr>\n<\/tbody>\n<\/table>\n<h2>\u00a0Sprawd\u017a bilety online, aby zobaczy\u0107, czy kt\u00f3ry\u015b mecz jest p\u0142atny<\/h2>\n<table style=\"width: 500px;\" border=\"1\" cellspacing=\"5\" cellpadding=\"5\" align=\"center\">\n<tbody>\n<tr>\n<td colspan=\"3\" align=\"center\">Oz Lotto &#8211; Poziomy nagr\u00f3d w Australii<\/td>\n<\/tr>\n<tr>\n<td>Nagroda<\/td>\n<td align=\"center\">Dopasowania<\/td>\n<td align=\"center\">Szanse<\/td>\n<\/tr>\n<tr>\n<td>1. miejsce (G\u0142\u00f3wna wygrana)<\/td>\n<td align=\"center\">7<\/td>\n<td align=\"right\">45 379 620 : 1<\/td>\n<\/tr>\n<tr>\n<td>2. miejsce<\/td>\n<td align=\"center\">6 + 1<\/td>\n<td align=\"right\">3 241 401 : 1<\/td>\n<\/tr>\n<tr>\n<td>3.<\/td>\n<td align=\"center\">6<\/td>\n<td align=\"right\">180 078 : 1<\/td>\n<\/tr>\n<tr>\n<td>4.<\/td>\n<td align=\"center\">5 + 1<\/td>\n<td align=\"right\">29 602 : 1<\/td>\n<\/tr>\n<tr>\n<td>5<\/td>\n<td align=\"center\">5<\/td>\n<td align=\"right\">3430 : 1<\/td>\n<\/tr>\n<tr>\n<td>6<\/td>\n<td align=\"center\">4<\/td>\n<td align=\"right\">154 : 1<\/td>\n<\/tr>\n<tr>\n<td>7<\/td>\n<td align=\"center\">3 + 1<\/td>\n<td align=\"right\">55 : 1<\/td>\n<\/tr>\n<\/tbody>\n<\/table>\n","protected":false},"excerpt":{"rendered":"<p>Australijska Loteria Ka\u017cdego tygodnia, we wtorek i czwartek, w Australii odbywaj\u0105 si\u0119 dwie niezwykle emocjonuj\u0105ce loterie. Losy Powerball i Oz Lotto mo\u017cna kupi\u0107 online. Kupno los\u00f3w online na Australijskie Lotto jest tak proste, jak \u201ewrzucenie kolejnej krewetki na grilla\u201d. Ludzie graj\u0105 w te loterie o regularnie wysokie jackpoty, si\u0119gaj\u0105ce 50 milion\u00f3w dolar\u00f3w i wi\u0119cej. Szanse [&hellip;]<\/p>\n","protected":false},"author":1,"featured_media":0,"parent":9312,"menu_order":9,"comment_status":"closed","ping_status":"closed","template":"","meta":{"footnotes":""},"class_list":["post-9673","page","type-page","status-publish","hentry"],"yoast_head":"<!-- This site is optimized with the Yoast SEO plugin v27.6 - https:\/\/yoast.com\/product\/yoast-seo-wordpress\/ -->\n<title>Kup bilety na australijsk\u0105 loteri\u0119 online<\/title>\n<meta name=\"description\" content=\"Zakup bilet\u00f3w na australijskie loterie online przenosi emocje na nowy poziom.\" \/>\n<meta name=\"robots\" content=\"index, follow, max-snippet:-1, max-image-preview:large, max-video-preview:-1\" \/>\n<link rel=\"canonical\" href=\"https:\/\/gambling6.com\/pl\/loteria\/kup-bilety-online-na-australijska-loterie\/\" \/>\n<meta property=\"og:locale\" content=\"pl_PL\" \/>\n<meta property=\"og:type\" content=\"article\" \/>\n<meta property=\"og:title\" content=\"Kup bilety na australijsk\u0105 loteri\u0119 online\" \/>\n<meta property=\"og:description\" content=\"Zakup bilet\u00f3w na australijskie loterie online przenosi emocje na nowy poziom.\" \/>\n<meta property=\"og:url\" content=\"https:\/\/gambling6.com\/pl\/loteria\/kup-bilety-online-na-australijska-loterie\/\" \/>\n<meta property=\"og:site_name\" content=\"Gambling6\" \/>\n<meta name=\"twitter:card\" content=\"summary_large_image\" \/>\n<meta name=\"twitter:label1\" content=\"Szacowany czas czytania\" \/>\n\t<meta name=\"twitter:data1\" content=\"2 minuty\" \/>\n<script type=\"application\/ld+json\" class=\"yoast-schema-graph\">{\"@context\":\"https:\\\/\\\/schema.org\",\"@graph\":[{\"@type\":\"WebPage\",\"@id\":\"https:\\\/\\\/gambling6.com\\\/pl\\\/loteria\\\/kup-bilety-online-na-australijska-loterie\\\/\",\"url\":\"https:\\\/\\\/gambling6.com\\\/pl\\\/loteria\\\/kup-bilety-online-na-australijska-loterie\\\/\",\"name\":\"Kup bilety na australijsk\u0105 loteri\u0119 online\",\"isPartOf\":{\"@id\":\"https:\\\/\\\/gambling6.com\\\/pl\\\/#website\"},\"datePublished\":\"2025-11-11T09:38:53+00:00\",\"description\":\"Zakup bilet\u00f3w na australijskie loterie online przenosi emocje na nowy poziom.\",\"breadcrumb\":{\"@id\":\"https:\\\/\\\/gambling6.com\\\/pl\\\/loteria\\\/kup-bilety-online-na-australijska-loterie\\\/#breadcrumb\"},\"inLanguage\":\"pl-PL\",\"potentialAction\":[{\"@type\":\"ReadAction\",\"target\":[\"https:\\\/\\\/gambling6.com\\\/pl\\\/loteria\\\/kup-bilety-online-na-australijska-loterie\\\/\"]}]},{\"@type\":\"BreadcrumbList\",\"@id\":\"https:\\\/\\\/gambling6.com\\\/pl\\\/loteria\\\/kup-bilety-online-na-australijska-loterie\\\/#breadcrumb\",\"itemListElement\":[{\"@type\":\"ListItem\",\"position\":1,\"name\":\"Home\",\"item\":\"https:\\\/\\\/gambling6.com\\\/pl\\\/home\\\/\"},{\"@type\":\"ListItem\",\"position\":2,\"name\":\"Loteria\",\"item\":\"https:\\\/\\\/gambling6.com\\\/pl\\\/buying-international-lotto-tickets-online\\\/\"},{\"@type\":\"ListItem\",\"position\":3,\"name\":\"Kup bilety online na australijsk\u0105 loteri\u0119\"}]},{\"@type\":\"WebSite\",\"@id\":\"https:\\\/\\\/gambling6.com\\\/pl\\\/#website\",\"url\":\"https:\\\/\\\/gambling6.com\\\/pl\\\/\",\"name\":\"Gambling6\",\"description\":\"\",\"potentialAction\":[{\"@type\":\"SearchAction\",\"target\":{\"@type\":\"EntryPoint\",\"urlTemplate\":\"https:\\\/\\\/gambling6.com\\\/pl\\\/?s={search_term_string}\"},\"query-input\":{\"@type\":\"PropertyValueSpecification\",\"valueRequired\":true,\"valueName\":\"search_term_string\"}}],\"inLanguage\":\"pl-PL\"}]}<\/script>\n<!-- \/ Yoast SEO plugin. -->","yoast_head_json":{"title":"Kup bilety na australijsk\u0105 loteri\u0119 online","description":"Zakup bilet\u00f3w na australijskie loterie online przenosi emocje na nowy poziom.","robots":{"index":"index","follow":"follow","max-snippet":"max-snippet:-1","max-image-preview":"max-image-preview:large","max-video-preview":"max-video-preview:-1"},"canonical":"https:\/\/gambling6.com\/pl\/loteria\/kup-bilety-online-na-australijska-loterie\/","og_locale":"pl_PL","og_type":"article","og_title":"Kup bilety na australijsk\u0105 loteri\u0119 online","og_description":"Zakup bilet\u00f3w na australijskie loterie online przenosi emocje na nowy poziom.","og_url":"https:\/\/gambling6.com\/pl\/loteria\/kup-bilety-online-na-australijska-loterie\/","og_site_name":"Gambling6","twitter_card":"summary_large_image","twitter_misc":{"Szacowany czas czytania":"2 minuty"},"schema":{"@context":"https:\/\/schema.org","@graph":[{"@type":"WebPage","@id":"https:\/\/gambling6.com\/pl\/loteria\/kup-bilety-online-na-australijska-loterie\/","url":"https:\/\/gambling6.com\/pl\/loteria\/kup-bilety-online-na-australijska-loterie\/","name":"Kup bilety na australijsk\u0105 loteri\u0119 online","isPartOf":{"@id":"https:\/\/gambling6.com\/pl\/#website"},"datePublished":"2025-11-11T09:38:53+00:00","description":"Zakup bilet\u00f3w na australijskie loterie online przenosi emocje na nowy poziom.","breadcrumb":{"@id":"https:\/\/gambling6.com\/pl\/loteria\/kup-bilety-online-na-australijska-loterie\/#breadcrumb"},"inLanguage":"pl-PL","potentialAction":[{"@type":"ReadAction","target":["https:\/\/gambling6.com\/pl\/loteria\/kup-bilety-online-na-australijska-loterie\/"]}]},{"@type":"BreadcrumbList","@id":"https:\/\/gambling6.com\/pl\/loteria\/kup-bilety-online-na-australijska-loterie\/#breadcrumb","itemListElement":[{"@type":"ListItem","position":1,"name":"Home","item":"https:\/\/gambling6.com\/pl\/home\/"},{"@type":"ListItem","position":2,"name":"Loteria","item":"https:\/\/gambling6.com\/pl\/buying-international-lotto-tickets-online\/"},{"@type":"ListItem","position":3,"name":"Kup bilety online na australijsk\u0105 loteri\u0119"}]},{"@type":"WebSite","@id":"https:\/\/gambling6.com\/pl\/#website","url":"https:\/\/gambling6.com\/pl\/","name":"Gambling6","description":"","potentialAction":[{"@type":"SearchAction","target":{"@type":"EntryPoint","urlTemplate":"https:\/\/gambling6.com\/pl\/?s={search_term_string}"},"query-input":{"@type":"PropertyValueSpecification","valueRequired":true,"valueName":"search_term_string"}}],"inLanguage":"pl-PL"}]}},"_links":{"self":[{"href":"https:\/\/gambling6.com\/pl\/wp-json\/wp\/v2\/pages\/9673","targetHints":{"allow":["GET"]}}],"collection":[{"href":"https:\/\/gambling6.com\/pl\/wp-json\/wp\/v2\/pages"}],"about":[{"href":"https:\/\/gambling6.com\/pl\/wp-json\/wp\/v2\/types\/page"}],"author":[{"embeddable":true,"href":"https:\/\/gambling6.com\/pl\/wp-json\/wp\/v2\/users\/1"}],"replies":[{"embeddable":true,"href":"https:\/\/gambling6.com\/pl\/wp-json\/wp\/v2\/comments?post=9673"}],"version-history":[{"count":0,"href":"https:\/\/gambling6.com\/pl\/wp-json\/wp\/v2\/pages\/9673\/revisions"}],"up":[{"embeddable":true,"href":"https:\/\/gambling6.com\/pl\/wp-json\/wp\/v2\/pages\/9312"}],"wp:attachment":[{"href":"https:\/\/gambling6.com\/pl\/wp-json\/wp\/v2\/media?parent=9673"}],"curies":[{"name":"wp","href":"https:\/\/api.w.org\/{rel}","templated":true}]}}