{"id":9694,"date":"2025-11-11T10:14:43","date_gmt":"2025-11-11T10:14:43","guid":{"rendered":"https:\/\/gambling6.com\/loteria\/kup-bilety-online-na-loterie-mega-sena\/"},"modified":"2025-11-11T10:14:43","modified_gmt":"2025-11-11T10:14:43","slug":"kup-bilety-online-na-loterie-mega-sena","status":"publish","type":"page","link":"https:\/\/gambling6.com\/pl\/loteria\/kup-bilety-online-na-loterie-mega-sena\/","title":{"rendered":"Kup bilety online na loteri\u0119 Mega Sena"},"content":{"rendered":"<h2>Loteria Mega Sena<\/h2>\n<p>Z gwarantowan\u0105 minimaln\u0105 pul\u0105 nagr\u00f3d w wysoko\u015bci 1,1 miliona dolar\u00f3w, brazylijska loteria Mega Sena przyci\u0105ga ogromn\u0105 rzesz\u0119 fan\u00f3w dwa razy w tygodniu. Dzi\u0119ki mo\u017cliwo\u015bci zakupu los\u00f3w online, pula nagr\u00f3d cz\u0119sto ro\u015bnie znacznie<strong>.<\/strong> W kraju znanym na ca\u0142ym \u015bwiecie z pi\u0119knych kobiet na pla\u017cach i dobrej zabawy, brazylijska narodowa loteria Mega Sena dodaje emocji, oferuj\u0105c pul\u0119 nagr\u00f3d, kt\u00f3ra mo\u017ce si\u0119ga\u0107 35 milion\u00f3w dolar\u00f3w.<\/p>\n<p><strong>Jakby 35 milion\u00f3w dolar\u00f3w to by\u0142o za ma\u0142o, w sylwestra odbywa si\u0119 specjalne losowanie z gwarantowan\u0105 pul\u0105 nagr\u00f3d w wysoko\u015bci 200 milion\u00f3w dolar\u00f3w.<\/strong><\/p>\n<p>Loteria Mega Sena, odbywaj\u0105ca si\u0119 dwa razy w tygodniu w Brazylii, jest najwi\u0119ksz\u0105 loteri\u0105 w Ameryce Po\u0142udniowej i mo\u017cna j\u0105 kupi\u0107 online. Mieszka\u0144cy Brazylii, wraz z wieloma graczami online, gromadz\u0105 si\u0119, aby kupi\u0107 losy dwa razy w tygodniu na t\u0119 \u0142atw\u0105 w obs\u0142udze loteri\u0119.<\/p>\n<h2>Gra w loteri\u0119 Mega-Sena online.<\/h2>\n<p>Aby wzi\u0105\u0107 udzia\u0142 w tej loterii, wystarczy wybra\u0107 sze\u015b\u0107 liczb z zakresu od 1 do 60 i czeka\u0107 na losowanie. Aby wygra\u0107 g\u0142\u00f3wn\u0105 wygran\u0105, wystarczy trafi\u0107 sze\u015b\u0107 liczb. <strong>Jako gracz online, nast\u0119pnym krokiem b\u0119dzie lot do Brazylii<\/strong>, odebranie g\u0142\u00f3wnej wygranej i wyj\u015bcie na pla\u017c\u0119 ze wszystkimi nowo poznanymi przyjaci\u00f3\u0142mi.<\/p>\n<p>Szansa na wygran\u0105 w Mega Sena z losami online wynosi oko\u0142o 50 000 000 do 1. Kupuj\u0105c losy Mega Sena online, mo\u017cesz r\u00f3wnie\u017c wygra\u0107 jedn\u0105 z nagr\u00f3d drugiego lub trzeciego stopnia, kt\u00f3re cz\u0119sto s\u0105 znacz\u0105ce. <a class=\"thirstylink\" title=\"Redfoxlotto\" href=\"https:\/\/gambling6.com\/go\/redfoxlotto\/\" target=\"_blank\" rel=\"nofollow noopener\">Kliknij tutaj, aby odwiedzi\u0107 naszego partnera RedFoxlotto i kupi\u0107 online losy na loteri\u0119 Mega Sena.<\/a><\/p>\n<table style=\"width: 500px;\" border=\"1\" cellspacing=\"5\" cellpadding=\"5\" align=\"center\">\n<tbody>\n<tr>\n<td colspan=\"3\" align=\"center\">Pi\u0119\u0107 najwi\u0119kszych jackpot\u00f3w w 2013 roku<\/td>\n<\/tr>\n<tr>\n<td>Losowanie<\/td>\n<td align=\"center\">Data<\/td>\n<td align=\"center\">G\u0142\u00f3wna pula (USD)<\/td>\n<\/tr>\n<tr>\n<td>Mega-Sena &#8211; Ameryka \u0141aci\u0144ska<\/td>\n<td align=\"center\">6 listopada 2013<\/td>\n<td align=\"right\">34 615 000 USD<\/td>\n<\/tr>\n<tr>\n<td>Mega-Sena &#8211; Ameryka \u0141aci\u0144ska<\/td>\n<td align=\"center\">1 czerwca 2013 r.<\/td>\n<td align=\"right\">18 505 745 USD<\/td>\n<\/tr>\n<tr>\n<td>Mega-Sena &#8211; Ameryka \u0141aci\u0144ska<\/td>\n<td align=\"center\">3 lipca 2013 r.<\/td>\n<td align=\"right\">18 205 319 USD<\/td>\n<\/tr>\n<tr>\n<td>Mega-Sena &#8211; Ameryka \u0141aci\u0144ska<\/td>\n<td align=\"center\">31 sierpnia 2013 r.<\/td>\n<td align=\"right\">13 760 000 USD<\/td>\n<\/tr>\n<tr>\n<td>Mega-Sena &#8211; Ameryka \u0141aci\u0144ska<\/td>\n<td align=\"center\">14 sierpnia 2013 r.<\/td>\n<td align=\"right\">10 884 923 USD<\/td>\n<\/tr>\n<\/tbody>\n<\/table>\n<table style=\"width: 500px;\" border=\"1\" cellspacing=\"5\" cellpadding=\"5\" align=\"center\">\n<tbody>\n<tr>\n<td colspan=\"3\" align=\"center\">Loteria Mega-Sena &#8211; Brazylia &#8211; Poziomy nagr\u00f3d<\/td>\n<\/tr>\n<tr>\n<td>Nagroda<\/td>\n<td align=\"center\">Dopasowania<\/td>\n<td align=\"center\">Szanse<\/td>\n<\/tr>\n<tr>\n<td>1. miejsce (G\u0142\u00f3wna wygrana)<\/td>\n<td align=\"center\">6<\/td>\n<td align=\"right\">50 063 856 : 1<\/td>\n<\/tr>\n<tr>\n<td>2. miejsce<\/td>\n<td align=\"center\">5<\/td>\n<td align=\"right\">154 518 : 1<\/td>\n<\/tr>\n<tr>\n<td>3.<\/td>\n<td align=\"center\">4<\/td>\n<td align=\"right\">2332 : 1<\/td>\n<\/tr>\n<\/tbody>\n<\/table>\n","protected":false},"excerpt":{"rendered":"<p>Loteria Mega Sena Z gwarantowan\u0105 minimaln\u0105 pul\u0105 nagr\u00f3d w wysoko\u015bci 1,1 miliona dolar\u00f3w, brazylijska loteria Mega Sena przyci\u0105ga ogromn\u0105 rzesz\u0119 fan\u00f3w dwa razy w tygodniu. Dzi\u0119ki mo\u017cliwo\u015bci zakupu los\u00f3w online, pula nagr\u00f3d cz\u0119sto ro\u015bnie znacznie. W kraju znanym na ca\u0142ym \u015bwiecie z pi\u0119knych kobiet na pla\u017cach i dobrej zabawy, brazylijska narodowa loteria Mega Sena dodaje [&hellip;]<\/p>\n","protected":false},"author":1,"featured_media":0,"parent":9312,"menu_order":8,"comment_status":"closed","ping_status":"closed","template":"","meta":{"footnotes":""},"class_list":["post-9694","page","type-page","status-publish","hentry"],"yoast_head":"<!-- This site is optimized with the Yoast SEO plugin v27.3 - https:\/\/yoast.com\/product\/yoast-seo-wordpress\/ -->\n<title>Kup bilety online na loteri\u0119 Mega Sena<\/title>\n<meta name=\"description\" content=\"Dowiedz si\u0119, jak mo\u017cesz kupi\u0107 online bilety na brazylijsk\u0105 loteri\u0119 Mega-Sena.\" \/>\n<meta name=\"robots\" content=\"index, follow, max-snippet:-1, max-image-preview:large, max-video-preview:-1\" \/>\n<link rel=\"canonical\" href=\"https:\/\/gambling6.com\/pl\/loteria\/kup-bilety-online-na-loterie-mega-sena\/\" \/>\n<meta property=\"og:locale\" content=\"pl_PL\" \/>\n<meta property=\"og:type\" content=\"article\" \/>\n<meta property=\"og:title\" content=\"Kup bilety online na loteri\u0119 Mega Sena\" \/>\n<meta property=\"og:description\" content=\"Dowiedz si\u0119, jak mo\u017cesz kupi\u0107 online bilety na brazylijsk\u0105 loteri\u0119 Mega-Sena.\" \/>\n<meta property=\"og:url\" content=\"https:\/\/gambling6.com\/pl\/loteria\/kup-bilety-online-na-loterie-mega-sena\/\" \/>\n<meta property=\"og:site_name\" content=\"Gambling6\" \/>\n<meta name=\"twitter:card\" content=\"summary_large_image\" \/>\n<meta name=\"twitter:label1\" content=\"Szacowany czas czytania\" \/>\n\t<meta name=\"twitter:data1\" content=\"2 minuty\" \/>\n<script type=\"application\/ld+json\" class=\"yoast-schema-graph\">{\"@context\":\"https:\\\/\\\/schema.org\",\"@graph\":[{\"@type\":\"WebPage\",\"@id\":\"https:\\\/\\\/gambling6.com\\\/pl\\\/loteria\\\/kup-bilety-online-na-loterie-mega-sena\\\/\",\"url\":\"https:\\\/\\\/gambling6.com\\\/pl\\\/loteria\\\/kup-bilety-online-na-loterie-mega-sena\\\/\",\"name\":\"Kup bilety online na loteri\u0119 Mega Sena\",\"isPartOf\":{\"@id\":\"https:\\\/\\\/gambling6.com\\\/pl\\\/#website\"},\"datePublished\":\"2025-11-11T10:14:43+00:00\",\"description\":\"Dowiedz si\u0119, jak mo\u017cesz kupi\u0107 online bilety na brazylijsk\u0105 loteri\u0119 Mega-Sena.\",\"breadcrumb\":{\"@id\":\"https:\\\/\\\/gambling6.com\\\/pl\\\/loteria\\\/kup-bilety-online-na-loterie-mega-sena\\\/#breadcrumb\"},\"inLanguage\":\"pl-PL\",\"potentialAction\":[{\"@type\":\"ReadAction\",\"target\":[\"https:\\\/\\\/gambling6.com\\\/pl\\\/loteria\\\/kup-bilety-online-na-loterie-mega-sena\\\/\"]}]},{\"@type\":\"BreadcrumbList\",\"@id\":\"https:\\\/\\\/gambling6.com\\\/pl\\\/loteria\\\/kup-bilety-online-na-loterie-mega-sena\\\/#breadcrumb\",\"itemListElement\":[{\"@type\":\"ListItem\",\"position\":1,\"name\":\"Home\",\"item\":\"https:\\\/\\\/gambling6.com\\\/pl\\\/home\\\/\"},{\"@type\":\"ListItem\",\"position\":2,\"name\":\"Loteria\",\"item\":\"https:\\\/\\\/gambling6.com\\\/pl\\\/buying-international-lotto-tickets-online\\\/\"},{\"@type\":\"ListItem\",\"position\":3,\"name\":\"Kup bilety online na loteri\u0119 Mega Sena\"}]},{\"@type\":\"WebSite\",\"@id\":\"https:\\\/\\\/gambling6.com\\\/pl\\\/#website\",\"url\":\"https:\\\/\\\/gambling6.com\\\/pl\\\/\",\"name\":\"Gambling6\",\"description\":\"\",\"potentialAction\":[{\"@type\":\"SearchAction\",\"target\":{\"@type\":\"EntryPoint\",\"urlTemplate\":\"https:\\\/\\\/gambling6.com\\\/pl\\\/?s={search_term_string}\"},\"query-input\":{\"@type\":\"PropertyValueSpecification\",\"valueRequired\":true,\"valueName\":\"search_term_string\"}}],\"inLanguage\":\"pl-PL\"}]}<\/script>\n<!-- \/ Yoast SEO plugin. -->","yoast_head_json":{"title":"Kup bilety online na loteri\u0119 Mega Sena","description":"Dowiedz si\u0119, jak mo\u017cesz kupi\u0107 online bilety na brazylijsk\u0105 loteri\u0119 Mega-Sena.","robots":{"index":"index","follow":"follow","max-snippet":"max-snippet:-1","max-image-preview":"max-image-preview:large","max-video-preview":"max-video-preview:-1"},"canonical":"https:\/\/gambling6.com\/pl\/loteria\/kup-bilety-online-na-loterie-mega-sena\/","og_locale":"pl_PL","og_type":"article","og_title":"Kup bilety online na loteri\u0119 Mega Sena","og_description":"Dowiedz si\u0119, jak mo\u017cesz kupi\u0107 online bilety na brazylijsk\u0105 loteri\u0119 Mega-Sena.","og_url":"https:\/\/gambling6.com\/pl\/loteria\/kup-bilety-online-na-loterie-mega-sena\/","og_site_name":"Gambling6","twitter_card":"summary_large_image","twitter_misc":{"Szacowany czas czytania":"2 minuty"},"schema":{"@context":"https:\/\/schema.org","@graph":[{"@type":"WebPage","@id":"https:\/\/gambling6.com\/pl\/loteria\/kup-bilety-online-na-loterie-mega-sena\/","url":"https:\/\/gambling6.com\/pl\/loteria\/kup-bilety-online-na-loterie-mega-sena\/","name":"Kup bilety online na loteri\u0119 Mega Sena","isPartOf":{"@id":"https:\/\/gambling6.com\/pl\/#website"},"datePublished":"2025-11-11T10:14:43+00:00","description":"Dowiedz si\u0119, jak mo\u017cesz kupi\u0107 online bilety na brazylijsk\u0105 loteri\u0119 Mega-Sena.","breadcrumb":{"@id":"https:\/\/gambling6.com\/pl\/loteria\/kup-bilety-online-na-loterie-mega-sena\/#breadcrumb"},"inLanguage":"pl-PL","potentialAction":[{"@type":"ReadAction","target":["https:\/\/gambling6.com\/pl\/loteria\/kup-bilety-online-na-loterie-mega-sena\/"]}]},{"@type":"BreadcrumbList","@id":"https:\/\/gambling6.com\/pl\/loteria\/kup-bilety-online-na-loterie-mega-sena\/#breadcrumb","itemListElement":[{"@type":"ListItem","position":1,"name":"Home","item":"https:\/\/gambling6.com\/pl\/home\/"},{"@type":"ListItem","position":2,"name":"Loteria","item":"https:\/\/gambling6.com\/pl\/buying-international-lotto-tickets-online\/"},{"@type":"ListItem","position":3,"name":"Kup bilety online na loteri\u0119 Mega Sena"}]},{"@type":"WebSite","@id":"https:\/\/gambling6.com\/pl\/#website","url":"https:\/\/gambling6.com\/pl\/","name":"Gambling6","description":"","potentialAction":[{"@type":"SearchAction","target":{"@type":"EntryPoint","urlTemplate":"https:\/\/gambling6.com\/pl\/?s={search_term_string}"},"query-input":{"@type":"PropertyValueSpecification","valueRequired":true,"valueName":"search_term_string"}}],"inLanguage":"pl-PL"}]}},"_links":{"self":[{"href":"https:\/\/gambling6.com\/pl\/wp-json\/wp\/v2\/pages\/9694","targetHints":{"allow":["GET"]}}],"collection":[{"href":"https:\/\/gambling6.com\/pl\/wp-json\/wp\/v2\/pages"}],"about":[{"href":"https:\/\/gambling6.com\/pl\/wp-json\/wp\/v2\/types\/page"}],"author":[{"embeddable":true,"href":"https:\/\/gambling6.com\/pl\/wp-json\/wp\/v2\/users\/1"}],"replies":[{"embeddable":true,"href":"https:\/\/gambling6.com\/pl\/wp-json\/wp\/v2\/comments?post=9694"}],"version-history":[{"count":0,"href":"https:\/\/gambling6.com\/pl\/wp-json\/wp\/v2\/pages\/9694\/revisions"}],"up":[{"embeddable":true,"href":"https:\/\/gambling6.com\/pl\/wp-json\/wp\/v2\/pages\/9312"}],"wp:attachment":[{"href":"https:\/\/gambling6.com\/pl\/wp-json\/wp\/v2\/media?parent=9694"}],"curies":[{"name":"wp","href":"https:\/\/api.w.org\/{rel}","templated":true}]}}