{"id":9722,"date":"2025-11-11T10:58:53","date_gmt":"2025-11-11T10:58:53","guid":{"rendered":"https:\/\/gambling6.com\/loteria\/kup-bilety-online-na-brytyjska-loterie-narodowa\/"},"modified":"2025-11-11T10:58:53","modified_gmt":"2025-11-11T10:58:53","slug":"kup-bilety-online-na-brytyjska-loterie-narodowa","status":"publish","type":"page","link":"https:\/\/gambling6.com\/pl\/loteria\/kup-bilety-online-na-brytyjska-loterie-narodowa\/","title":{"rendered":"Kup bilety online na brytyjsk\u0105 loteri\u0119 narodow\u0105"},"content":{"rendered":"<h2>Losy na UK National Lottery online<\/h2>\n<p><strong style=\"background-color: initial;\">Posiadanie losu online na UK National Lottery sprawi, \u017ce staniesz si\u0119 cz\u0119\u015bci\u0105 ulubionego brytyjskiego lotto.<\/strong><span style=\"background-color: initial;\"> Sprzeda\u017c los\u00f3w, zar\u00f3wno online, jak i lokalnie, wynosi oko\u0142o 50 000 000 na losowanie. Z takim losowaniem masz 1 do 56 szans na wygranie 25 funt\u00f3w, nagrody podstawowej w UK National Lottery.<\/span><\/p>\n<p>Aby zagra\u0107 w t\u0119 loteri\u0119, wybierasz sze\u015b\u0107 liczb g\u0142\u00f3wnych z zakresu od 1 do 49. Aby wygra\u0107 g\u0142\u00f3wn\u0105 wygran\u0105, wystarczy trafi\u0107 sze\u015b\u0107 liczb. <strong>Szanse na wygran\u0105 w UK National Lottery wynosz\u0105 oko\u0142o 1 do 14 milion\u00f3w.<\/strong> Te szanse s\u0105 znacznie lepsze ni\u017c pr\u00f3ba wygrania w Euromillions; W rzeczywisto\u015bci masz oko\u0142o 10 razy wi\u0119ksz\u0105 szans\u0119 na wygran\u0105.<\/p>\n<p>W ka\u017cd\u0105 \u015brod\u0119 i sobot\u0119 sprzeda\u017c los\u00f3w gwa\u0142townie ro\u015bnie, poniewa\u017c <span style=\"box-sizing: border-box; margin: 0px; padding: 0px;\">lokalni Brytyjczycy i <strong>mi\u0119dzynarodowi gracze loterii online kupuj\u0105 losy, aby wygra\u0107<\/strong><\/span><strong> g\u0142\u00f3wn\u0105 wygran\u0105<\/strong>, kt\u00f3ra prawie zawsze przekracza 5 milion\u00f3w funt\u00f3w. Chocia\u017c 45% sprzeda\u017cy los\u00f3w trafia do puli nagr\u00f3d, od czasu wprowadzenia tej loterii w 1994 roku ponad 42 miliardy funt\u00f3w przekazano na szczytne cele w Wielkiej Brytanii i za granic\u0105.<\/p>\n<p><img loading=\"lazy\" decoding=\"async\" class=\"size-medium wp-image-1371 alignright\" src=\"https:\/\/gambling6.com\/wp-content\/uploads\/2022\/04\/2_ticket_uk_lottery-192x300.jpg\" alt=\"ticket uk lottery\" width=\"192\" height=\"300\" srcset=\"https:\/\/gambling6.com\/wp-content\/uploads\/2022\/04\/2_ticket_uk_lottery-192x300.jpg 192w, https:\/\/gambling6.com\/wp-content\/uploads\/2022\/04\/2_ticket_uk_lottery.jpg 564w\" sizes=\"auto, (max-width: 192px) 100vw, 192px\" \/>Kiedy losowania tej loterii odbywaj\u0105 si\u0119 w soboty i \u015brody w Londynie, publiczno\u015b\u0107 \u015bciskaj\u0105ca w d\u0142oniach losy jest ca\u0142kiem spora. Ludzie gromadz\u0105 si\u0119 w lokalach Telly w lokalnych pubach z nadziej\u0105 na wygranie 5 milion\u00f3w funt\u00f3w. Dodatkowo, je\u015bli jackpot nie zostanie wygrany, nagroda jest przenoszona na kolejne losowanie. <a class=\"thirstylink\" title=\"RedFoxLotto en\" href=\"https:\/\/gambling6.com\/go\/redfoxlotto-en\/\" target=\"_blank\" rel=\"nofollow noopener\">Kup sw\u00f3j los online i zyskaj szans\u0119 na wygranie nagrody w brytyjskiej loterii narodowej, odwiedzaj\u0105c stron\u0119 naszego partnera RedFoxLotto.<\/a><\/p>\n<table style=\"width: 500px;\" border=\"1\" cellspacing=\"5\" cellpadding=\"5\" align=\"center\">\n<tbody>\n<tr>\n<td colspan=\"3\" align=\"center\">Pi\u0119\u0107 najwi\u0119kszych jackpot\u00f3w w 2013 roku<\/td>\n<\/tr>\n<tr>\n<td>Losowanie<\/td>\n<td align=\"center\">Data<\/td>\n<td align=\"center\">G\u0142\u00f3wna nagroda (USD)<\/td>\n<\/tr>\n<tr>\n<td>Loteria Narodowa &#8211; Wielka Brytania<\/td>\n<td align=\"center\">5 pa\u017adziernika 2013<\/td>\n<td style=\"text-align: center;\" align=\"right\">16 500 000 USD<\/td>\n<\/tr>\n<tr>\n<td>Loteria Narodowa &#8211; Wielka Brytania<\/td>\n<td align=\"center\">12 pa\u017adziernika 2013 r.<\/td>\n<td align=\"right\">16 500 000 USD<\/td>\n<\/tr>\n<tr>\n<td>Loteria Narodowa &#8211; Wielka Brytania<\/td>\n<td align=\"center\">18 wrze\u015bnia 2013 r.<\/td>\n<td align=\"right\">14 025 000 USD<\/td>\n<\/tr>\n<tr>\n<td>Loteria Narodowa &#8211; Wielka Brytania<\/td>\n<td align=\"center\">18 grudnia 2013 r.<\/td>\n<td align=\"right\">13 173 600 USD<\/td>\n<\/tr>\n<tr>\n<td>Loteria Narodowa &#8211; Wielka Brytania<\/td>\n<td align=\"center\">2 listopada 2013<\/td>\n<td align=\"right\">13 134 000 USD<\/td>\n<\/tr>\n<\/tbody>\n<\/table>\n<table style=\"width: 500px;\" border=\"1\" cellspacing=\"5\" cellpadding=\"5\" align=\"center\">\n<tbody>\n<tr>\n<td colspan=\"3\" align=\"center\">Poziomy nagr\u00f3d w UK National Lottery<\/td>\n<\/tr>\n<tr>\n<td>Nagroda<\/td>\n<td align=\"center\">Dopasowania<\/td>\n<td align=\"center\">Szanse<\/td>\n<\/tr>\n<tr>\n<td>1. miejsce (G\u0142\u00f3wna wygrana)<\/td>\n<td style=\"text-align: center;\" align=\"center\">6<\/td>\n<td align=\"right\">13\u00a0983\u00a0816 : 1<\/td>\n<\/tr>\n<tr>\n<td>2.<\/td>\n<td align=\"center\">5 + 1<\/td>\n<td align=\"right\">2\u00a0330\u00a0636 : 1<\/td>\n<\/tr>\n<tr>\n<td>3.<\/td>\n<td align=\"center\">5<\/td>\n<td align=\"right\">55\u00a0492 : 1<\/td>\n<\/tr>\n<tr>\n<td>4.<\/td>\n<td align=\"center\">4<\/td>\n<td align=\"right\">1033 : 1<\/td>\n<\/tr>\n<tr>\n<td>5<\/td>\n<td align=\"center\">3<\/td>\n<td align=\"right\">57 : 1<\/td>\n<\/tr>\n<\/tbody>\n<\/table>\n","protected":false},"excerpt":{"rendered":"<p>Losy na UK National Lottery online Posiadanie losu online na UK National Lottery sprawi, \u017ce staniesz si\u0119 cz\u0119\u015bci\u0105 ulubionego brytyjskiego lotto. Sprzeda\u017c los\u00f3w, zar\u00f3wno online, jak i lokalnie, wynosi oko\u0142o 50 000 000 na losowanie. Z takim losowaniem masz 1 do 56 szans na wygranie 25 funt\u00f3w, nagrody podstawowej w UK National Lottery. Aby zagra\u0107 [&hellip;]<\/p>\n","protected":false},"author":1,"featured_media":0,"parent":9312,"menu_order":6,"comment_status":"closed","ping_status":"closed","template":"","meta":{"footnotes":""},"class_list":["post-9722","page","type-page","status-publish","hentry"],"yoast_head":"<!-- This site is optimized with the Yoast SEO plugin v27.3 - https:\/\/yoast.com\/product\/yoast-seo-wordpress\/ -->\n<title>Kup bilety na brytyjsk\u0105 loteri\u0119 narodow\u0105 online<\/title>\n<meta name=\"description\" content=\"We\u017a udzia\u0142 w brytyjskiej loterii narodowej, kupuj\u0105c losy online.\" \/>\n<meta name=\"robots\" content=\"index, follow, max-snippet:-1, max-image-preview:large, max-video-preview:-1\" \/>\n<link rel=\"canonical\" href=\"https:\/\/gambling6.com\/pl\/loteria\/kup-bilety-online-na-brytyjska-loterie-narodowa\/\" \/>\n<meta property=\"og:locale\" content=\"pl_PL\" \/>\n<meta property=\"og:type\" content=\"article\" \/>\n<meta property=\"og:title\" content=\"Kup bilety na brytyjsk\u0105 loteri\u0119 narodow\u0105 online\" \/>\n<meta property=\"og:description\" content=\"We\u017a udzia\u0142 w brytyjskiej loterii narodowej, kupuj\u0105c losy online.\" \/>\n<meta property=\"og:url\" content=\"https:\/\/gambling6.com\/pl\/loteria\/kup-bilety-online-na-brytyjska-loterie-narodowa\/\" \/>\n<meta property=\"og:site_name\" content=\"Gambling6\" \/>\n<meta property=\"og:image\" content=\"https:\/\/gambling6.com\/wp-content\/uploads\/2022\/04\/2_ticket_uk_lottery.jpg\" \/>\n\t<meta property=\"og:image:width\" content=\"564\" \/>\n\t<meta property=\"og:image:height\" content=\"883\" \/>\n\t<meta property=\"og:image:type\" content=\"image\/jpeg\" \/>\n<meta name=\"twitter:card\" content=\"summary_large_image\" \/>\n<meta name=\"twitter:label1\" content=\"Szacowany czas czytania\" \/>\n\t<meta name=\"twitter:data1\" content=\"2 minuty\" \/>\n<script type=\"application\/ld+json\" class=\"yoast-schema-graph\">{\"@context\":\"https:\\\/\\\/schema.org\",\"@graph\":[{\"@type\":\"WebPage\",\"@id\":\"https:\\\/\\\/gambling6.com\\\/pl\\\/loteria\\\/kup-bilety-online-na-brytyjska-loterie-narodowa\\\/\",\"url\":\"https:\\\/\\\/gambling6.com\\\/pl\\\/loteria\\\/kup-bilety-online-na-brytyjska-loterie-narodowa\\\/\",\"name\":\"Kup bilety na brytyjsk\u0105 loteri\u0119 narodow\u0105 online\",\"isPartOf\":{\"@id\":\"https:\\\/\\\/gambling6.com\\\/pl\\\/#website\"},\"primaryImageOfPage\":{\"@id\":\"https:\\\/\\\/gambling6.com\\\/pl\\\/loteria\\\/kup-bilety-online-na-brytyjska-loterie-narodowa\\\/#primaryimage\"},\"image\":{\"@id\":\"https:\\\/\\\/gambling6.com\\\/pl\\\/loteria\\\/kup-bilety-online-na-brytyjska-loterie-narodowa\\\/#primaryimage\"},\"thumbnailUrl\":\"https:\\\/\\\/gambling6.com\\\/wp-content\\\/uploads\\\/2022\\\/04\\\/2_ticket_uk_lottery-192x300.jpg\",\"datePublished\":\"2025-11-11T10:58:53+00:00\",\"description\":\"We\u017a udzia\u0142 w brytyjskiej loterii narodowej, kupuj\u0105c losy online.\",\"breadcrumb\":{\"@id\":\"https:\\\/\\\/gambling6.com\\\/pl\\\/loteria\\\/kup-bilety-online-na-brytyjska-loterie-narodowa\\\/#breadcrumb\"},\"inLanguage\":\"pl-PL\",\"potentialAction\":[{\"@type\":\"ReadAction\",\"target\":[\"https:\\\/\\\/gambling6.com\\\/pl\\\/loteria\\\/kup-bilety-online-na-brytyjska-loterie-narodowa\\\/\"]}]},{\"@type\":\"ImageObject\",\"inLanguage\":\"pl-PL\",\"@id\":\"https:\\\/\\\/gambling6.com\\\/pl\\\/loteria\\\/kup-bilety-online-na-brytyjska-loterie-narodowa\\\/#primaryimage\",\"url\":\"https:\\\/\\\/gambling6.com\\\/wp-content\\\/uploads\\\/2022\\\/04\\\/2_ticket_uk_lottery-192x300.jpg\",\"contentUrl\":\"https:\\\/\\\/gambling6.com\\\/wp-content\\\/uploads\\\/2022\\\/04\\\/2_ticket_uk_lottery-192x300.jpg\"},{\"@type\":\"BreadcrumbList\",\"@id\":\"https:\\\/\\\/gambling6.com\\\/pl\\\/loteria\\\/kup-bilety-online-na-brytyjska-loterie-narodowa\\\/#breadcrumb\",\"itemListElement\":[{\"@type\":\"ListItem\",\"position\":1,\"name\":\"Home\",\"item\":\"https:\\\/\\\/gambling6.com\\\/pl\\\/home\\\/\"},{\"@type\":\"ListItem\",\"position\":2,\"name\":\"Loteria\",\"item\":\"https:\\\/\\\/gambling6.com\\\/pl\\\/buying-international-lotto-tickets-online\\\/\"},{\"@type\":\"ListItem\",\"position\":3,\"name\":\"Kup bilety online na brytyjsk\u0105 loteri\u0119 narodow\u0105\"}]},{\"@type\":\"WebSite\",\"@id\":\"https:\\\/\\\/gambling6.com\\\/pl\\\/#website\",\"url\":\"https:\\\/\\\/gambling6.com\\\/pl\\\/\",\"name\":\"Gambling6\",\"description\":\"\",\"potentialAction\":[{\"@type\":\"SearchAction\",\"target\":{\"@type\":\"EntryPoint\",\"urlTemplate\":\"https:\\\/\\\/gambling6.com\\\/pl\\\/?s={search_term_string}\"},\"query-input\":{\"@type\":\"PropertyValueSpecification\",\"valueRequired\":true,\"valueName\":\"search_term_string\"}}],\"inLanguage\":\"pl-PL\"}]}<\/script>\n<!-- \/ Yoast SEO plugin. -->","yoast_head_json":{"title":"Kup bilety na brytyjsk\u0105 loteri\u0119 narodow\u0105 online","description":"We\u017a udzia\u0142 w brytyjskiej loterii narodowej, kupuj\u0105c losy online.","robots":{"index":"index","follow":"follow","max-snippet":"max-snippet:-1","max-image-preview":"max-image-preview:large","max-video-preview":"max-video-preview:-1"},"canonical":"https:\/\/gambling6.com\/pl\/loteria\/kup-bilety-online-na-brytyjska-loterie-narodowa\/","og_locale":"pl_PL","og_type":"article","og_title":"Kup bilety na brytyjsk\u0105 loteri\u0119 narodow\u0105 online","og_description":"We\u017a udzia\u0142 w brytyjskiej loterii narodowej, kupuj\u0105c losy online.","og_url":"https:\/\/gambling6.com\/pl\/loteria\/kup-bilety-online-na-brytyjska-loterie-narodowa\/","og_site_name":"Gambling6","og_image":[{"width":564,"height":883,"url":"https:\/\/gambling6.com\/wp-content\/uploads\/2022\/04\/2_ticket_uk_lottery.jpg","type":"image\/jpeg"}],"twitter_card":"summary_large_image","twitter_misc":{"Szacowany czas czytania":"2 minuty"},"schema":{"@context":"https:\/\/schema.org","@graph":[{"@type":"WebPage","@id":"https:\/\/gambling6.com\/pl\/loteria\/kup-bilety-online-na-brytyjska-loterie-narodowa\/","url":"https:\/\/gambling6.com\/pl\/loteria\/kup-bilety-online-na-brytyjska-loterie-narodowa\/","name":"Kup bilety na brytyjsk\u0105 loteri\u0119 narodow\u0105 online","isPartOf":{"@id":"https:\/\/gambling6.com\/pl\/#website"},"primaryImageOfPage":{"@id":"https:\/\/gambling6.com\/pl\/loteria\/kup-bilety-online-na-brytyjska-loterie-narodowa\/#primaryimage"},"image":{"@id":"https:\/\/gambling6.com\/pl\/loteria\/kup-bilety-online-na-brytyjska-loterie-narodowa\/#primaryimage"},"thumbnailUrl":"https:\/\/gambling6.com\/wp-content\/uploads\/2022\/04\/2_ticket_uk_lottery-192x300.jpg","datePublished":"2025-11-11T10:58:53+00:00","description":"We\u017a udzia\u0142 w brytyjskiej loterii narodowej, kupuj\u0105c losy online.","breadcrumb":{"@id":"https:\/\/gambling6.com\/pl\/loteria\/kup-bilety-online-na-brytyjska-loterie-narodowa\/#breadcrumb"},"inLanguage":"pl-PL","potentialAction":[{"@type":"ReadAction","target":["https:\/\/gambling6.com\/pl\/loteria\/kup-bilety-online-na-brytyjska-loterie-narodowa\/"]}]},{"@type":"ImageObject","inLanguage":"pl-PL","@id":"https:\/\/gambling6.com\/pl\/loteria\/kup-bilety-online-na-brytyjska-loterie-narodowa\/#primaryimage","url":"https:\/\/gambling6.com\/wp-content\/uploads\/2022\/04\/2_ticket_uk_lottery-192x300.jpg","contentUrl":"https:\/\/gambling6.com\/wp-content\/uploads\/2022\/04\/2_ticket_uk_lottery-192x300.jpg"},{"@type":"BreadcrumbList","@id":"https:\/\/gambling6.com\/pl\/loteria\/kup-bilety-online-na-brytyjska-loterie-narodowa\/#breadcrumb","itemListElement":[{"@type":"ListItem","position":1,"name":"Home","item":"https:\/\/gambling6.com\/pl\/home\/"},{"@type":"ListItem","position":2,"name":"Loteria","item":"https:\/\/gambling6.com\/pl\/buying-international-lotto-tickets-online\/"},{"@type":"ListItem","position":3,"name":"Kup bilety online na brytyjsk\u0105 loteri\u0119 narodow\u0105"}]},{"@type":"WebSite","@id":"https:\/\/gambling6.com\/pl\/#website","url":"https:\/\/gambling6.com\/pl\/","name":"Gambling6","description":"","potentialAction":[{"@type":"SearchAction","target":{"@type":"EntryPoint","urlTemplate":"https:\/\/gambling6.com\/pl\/?s={search_term_string}"},"query-input":{"@type":"PropertyValueSpecification","valueRequired":true,"valueName":"search_term_string"}}],"inLanguage":"pl-PL"}]}},"_links":{"self":[{"href":"https:\/\/gambling6.com\/pl\/wp-json\/wp\/v2\/pages\/9722","targetHints":{"allow":["GET"]}}],"collection":[{"href":"https:\/\/gambling6.com\/pl\/wp-json\/wp\/v2\/pages"}],"about":[{"href":"https:\/\/gambling6.com\/pl\/wp-json\/wp\/v2\/types\/page"}],"author":[{"embeddable":true,"href":"https:\/\/gambling6.com\/pl\/wp-json\/wp\/v2\/users\/1"}],"replies":[{"embeddable":true,"href":"https:\/\/gambling6.com\/pl\/wp-json\/wp\/v2\/comments?post=9722"}],"version-history":[{"count":0,"href":"https:\/\/gambling6.com\/pl\/wp-json\/wp\/v2\/pages\/9722\/revisions"}],"up":[{"embeddable":true,"href":"https:\/\/gambling6.com\/pl\/wp-json\/wp\/v2\/pages\/9312"}],"wp:attachment":[{"href":"https:\/\/gambling6.com\/pl\/wp-json\/wp\/v2\/media?parent=9722"}],"curies":[{"name":"wp","href":"https:\/\/api.w.org\/{rel}","templated":true}]}}