{"id":9723,"date":"2025-11-11T11:02:43","date_gmt":"2025-11-11T11:02:43","guid":{"rendered":"https:\/\/gambling6.com\/loteria\/kup-bilety-online-na-superenalotto\/"},"modified":"2025-11-11T11:02:43","modified_gmt":"2025-11-11T11:02:43","slug":"kup-bilety-online-na-superenalotto","status":"publish","type":"page","link":"https:\/\/gambling6.com\/pl\/loteria\/kup-bilety-online-na-superenalotto\/","title":{"rendered":"Kup bilety online na SuperEnaLotto"},"content":{"rendered":"<h2>Superenalotto<\/h2>\n<p>W\u0142osi to fani loterii, szczeg\u00f3lnie upodobali sobie Superenalotto. Ka\u017cdego tygodnia sprzeda\u017c los\u00f3w na t\u0119 loteri\u0119 osi\u0105ga niebotyczne kwoty, a prawdopodobie\u0144stwo wygranej wynosi ponad 1 do 600 milion\u00f3w. <strong>Kupuj\u0105c losy online na w\u0142osk\u0105 loteri\u0119 Superenalotto, masz najni\u017csze mo\u017cliwe szanse na wygran\u0105 spo\u015br\u00f3d wszystkich loterii na \u015bwiecie.<\/strong> Jednak wydaje si\u0119, \u017ce to w\u0142a\u015bnie ta cecha przyci\u0105ga zar\u00f3wno Europejczyk\u00f3w, jak i graczy online z ca\u0142ego \u015bwiata.<\/p>\n<h2><img loading=\"lazy\" decoding=\"async\" class=\"size-full wp-image-1575 alignright\" src=\"https:\/\/gambling6.com\/wp-content\/uploads\/2022\/04\/2_ticket_superenalotto.jpg\" alt=\"bilet na superenalotto\" width=\"228\" height=\"300\" \/>G\u0142\u00f3wne kumulacje w SuperEnalotto<\/h2>\n<p>Ze wzgl\u0119du na prawdopodobie\u0144stwo wygranej we w\u0142oskim Superenalotto, kumulacja kumulacji zdarza si\u0119 do\u015b\u0107 cz\u0119sto. Wytypowanie sze\u015bciu liczb z zakresu od 1 do 90 daje szans\u0119 na wygranie g\u0142\u00f3wnej wygranej poprzez trafienie wszystkich sze\u015bciu liczb. Trafienie tylko pi\u0119ciu liczb i bonusu daje nagrod\u0119 drugiego stopnia. Liczba bonusowa jest losowana osobno i jest znana jako \u201ejolly ball\u201d. <strong>Gracze online spiesz\u0105 si\u0119 z zakupem los\u00f3w, aby spr\u00f3bowa\u0107 zdoby\u0107 rekordowe kumulacje si\u0119gaj\u0105ce 500 milion\u00f3w euro.<\/strong><\/p>\n<p>W\u0142oskie Superenalotto odbywa si\u0119 trzy losowania tygodniowo. <b>G\u0142\u00f3wna pula nagr\u00f3d zaczyna si\u0119 od 2 milion\u00f3w euro i nic dziwnego, \u017ce ludzie s\u0105 tak zainteresowani gr\u0105.<\/b> Zar\u00f3wno lokalni, jak i internetowi gracze chc\u0105 mie\u0107 sw\u00f3j udzia\u0142 w tej mi\u0119dzynarodowej loterii, kt\u00f3ra oferuje podobno najwy\u017csze szanse na wygran\u0105.<\/p>\n<p>Wprowadzone w 1997 roku w\u0142oskie Superenalotto szybko przyci\u0105gn\u0119\u0142o uwag\u0119 europejskich graczy, a kumulacje wzros\u0142y i kumulowa\u0142y si\u0119. Najwi\u0119ksz\u0105 kumulacj\u0119 wygra\u0142 posiadacz pojedynczego losu w 2010 roku, wynosz\u0105c\u0105 223 miliony euro. <strong>Wraz ze wzrostem liczby os\u00f3b kupuj\u0105cych losy Superenalotto online<\/strong>, kumulacja ma potencja\u0142, aby jeszcze bardziej wzrosn\u0105\u0107, poniewa\u017c nie ma limitu jej wysoko\u015bci<\/span>.<\/p>\n<p>Opr\u00f3cz mo\u017cliwo\u015bci wygrania du\u017cej kumulacji, gracze internetowi mog\u0105 wzi\u0105\u0107 udzia\u0142 w jednej z pi\u0119ciu pozosta\u0142ych dost\u0119pnych nagr\u00f3d. <a class=\"thirstylink\" title=\"RedFoxLotto en\" href=\"https:\/\/gambling6.com\/go\/redfoxlotto-en\/\" target=\"_blank\" rel=\"nofollow noopener\">Aby kupi\u0107 losy na w\u0142oskie Superenalotto za po\u015brednictwem RedFoxLotto, kliknij tutaj.<\/a><\/p>\n<table style=\"width: 500px;\" border=\"1\" cellspacing=\"5\" cellpadding=\"5\" align=\"center\">\n<tbody>\n<tr>\n<td colspan=\"3\" align=\"center\">Najwi\u0119ksze jackpoty w 2013 roku<\/td>\n<\/tr>\n<tr>\n<td>Losowanie<\/td>\n<td align=\"center\">Data<\/td>\n<td align=\"center\">G\u0142\u00f3wna pula (USD)<\/td>\n<\/tr>\n<tr>\n<td>Superenalotto &#8211; W\u0142ochy<\/td>\n<td align=\"center\">29 czerwca 2013<\/td>\n<td align=\"right\">55 759 000 USD<\/td>\n<\/tr>\n<tr>\n<td>Superenalotto &#8211; W\u0142ochy<\/td>\n<td align=\"center\">15 pa\u017adziernika 2013<\/td>\n<td align=\"right\">25 124 430 USD<\/td>\n<\/tr>\n<tr>\n<td>Superenalotto &#8211; W\u0142ochy<\/td>\n<td align=\"center\">3 pa\u017adziernika 2013 r.<\/td>\n<td align=\"right\">21 372 000 USD<\/td>\n<\/tr>\n<tr>\n<td>Superenalotto &#8211; W\u0142ochy<\/td>\n<td align=\"center\">27 lipca 2013 r.<\/td>\n<td align=\"right\">19 043 000 USD<\/td>\n<\/tr>\n<\/tbody>\n<\/table>\n<table style=\"width: 500px;\" border=\"1\" cellspacing=\"5\" cellpadding=\"5\" align=\"center\">\n<tbody>\n<tr>\n<td colspan=\"3\" align=\"center\">Superenalotto &#8211; W\u0142ochy &#8211; poziomy nagr\u00f3d<\/td>\n<\/tr>\n<tr>\n<td>Nagroda<\/td>\n<td align=\"center\">Dopasowania<\/td>\n<td align=\"center\">Szanse<\/td>\n<\/tr>\n<tr>\n<td>1. miejsce (G\u0142\u00f3wna wygrana)<\/td>\n<td align=\"center\">6<\/td>\n<td align=\"right\">622 614 630 : 1<\/td>\n<\/tr>\n<tr>\n<td>2. miejsce<\/td>\n<td align=\"center\">5 + 1<\/td>\n<td align=\"right\">103 769 105 : 1<\/td>\n<\/tr>\n<tr>\n<td>3.<\/td>\n<td align=\"center\">5<\/td>\n<td align=\"right\">1 235 346 : 1<\/td>\n<\/tr>\n<tr>\n<td>4.<\/td>\n<td align=\"center\">4<\/td>\n<td align=\"right\">11 907 : 1<\/td>\n<\/tr>\n<tr>\n<td>5.<\/td>\n<td align=\"center\">3<\/td>\n<td align=\"right\">327 : 1<\/td>\n<\/tr>\n<\/tbody>\n<\/table>\n","protected":false},"excerpt":{"rendered":"<p>Superenalotto W\u0142osi to fani loterii, szczeg\u00f3lnie upodobali sobie Superenalotto. Ka\u017cdego tygodnia sprzeda\u017c los\u00f3w na t\u0119 loteri\u0119 osi\u0105ga niebotyczne kwoty, a prawdopodobie\u0144stwo wygranej wynosi ponad 1 do 600 milion\u00f3w. Kupuj\u0105c losy online na w\u0142osk\u0105 loteri\u0119 Superenalotto, masz najni\u017csze mo\u017cliwe szanse na wygran\u0105 spo\u015br\u00f3d wszystkich loterii na \u015bwiecie. Jednak wydaje si\u0119, \u017ce to w\u0142a\u015bnie ta cecha przyci\u0105ga [&hellip;]<\/p>\n","protected":false},"author":1,"featured_media":0,"parent":9312,"menu_order":7,"comment_status":"closed","ping_status":"closed","template":"","meta":{"footnotes":""},"class_list":["post-9723","page","type-page","status-publish","hentry"],"yoast_head":"<!-- This site is optimized with the Yoast SEO plugin v27.3 - https:\/\/yoast.com\/product\/yoast-seo-wordpress\/ -->\n<title>Kup bilety na Superenalotto online<\/title>\n<meta name=\"description\" content=\"Kup swoje bilety na loteri\u0119 Superenalotto online, odwiedzaj\u0105c stron\u0119 naszego partnera, RedFoxLotto\" \/>\n<meta name=\"robots\" content=\"index, follow, max-snippet:-1, max-image-preview:large, max-video-preview:-1\" \/>\n<link rel=\"canonical\" href=\"https:\/\/gambling6.com\/pl\/loteria\/kup-bilety-online-na-superenalotto\/\" \/>\n<meta property=\"og:locale\" content=\"pl_PL\" \/>\n<meta property=\"og:type\" content=\"article\" \/>\n<meta property=\"og:title\" content=\"Kup bilety na Superenalotto online\" \/>\n<meta property=\"og:description\" content=\"Kup swoje bilety na loteri\u0119 Superenalotto online, odwiedzaj\u0105c stron\u0119 naszego partnera, RedFoxLotto\" \/>\n<meta property=\"og:url\" content=\"https:\/\/gambling6.com\/pl\/loteria\/kup-bilety-online-na-superenalotto\/\" \/>\n<meta property=\"og:site_name\" content=\"Gambling6\" \/>\n<meta property=\"og:image\" content=\"https:\/\/gambling6.com\/wp-content\/uploads\/2022\/04\/2_ticket_superenalotto.jpg\" \/>\n\t<meta property=\"og:image:width\" content=\"228\" \/>\n\t<meta property=\"og:image:height\" content=\"300\" \/>\n\t<meta property=\"og:image:type\" content=\"image\/jpeg\" \/>\n<meta name=\"twitter:card\" content=\"summary_large_image\" \/>\n<meta name=\"twitter:label1\" content=\"Szacowany czas czytania\" \/>\n\t<meta name=\"twitter:data1\" content=\"2 minuty\" \/>\n<script type=\"application\/ld+json\" class=\"yoast-schema-graph\">{\"@context\":\"https:\\\/\\\/schema.org\",\"@graph\":[{\"@type\":\"WebPage\",\"@id\":\"https:\\\/\\\/gambling6.com\\\/pl\\\/loteria\\\/kup-bilety-online-na-superenalotto\\\/\",\"url\":\"https:\\\/\\\/gambling6.com\\\/pl\\\/loteria\\\/kup-bilety-online-na-superenalotto\\\/\",\"name\":\"Kup bilety na Superenalotto online\",\"isPartOf\":{\"@id\":\"https:\\\/\\\/gambling6.com\\\/pl\\\/#website\"},\"primaryImageOfPage\":{\"@id\":\"https:\\\/\\\/gambling6.com\\\/pl\\\/loteria\\\/kup-bilety-online-na-superenalotto\\\/#primaryimage\"},\"image\":{\"@id\":\"https:\\\/\\\/gambling6.com\\\/pl\\\/loteria\\\/kup-bilety-online-na-superenalotto\\\/#primaryimage\"},\"thumbnailUrl\":\"https:\\\/\\\/gambling6.com\\\/wp-content\\\/uploads\\\/2022\\\/04\\\/2_ticket_superenalotto.jpg\",\"datePublished\":\"2025-11-11T11:02:43+00:00\",\"description\":\"Kup swoje bilety na loteri\u0119 Superenalotto online, odwiedzaj\u0105c stron\u0119 naszego partnera, RedFoxLotto\",\"breadcrumb\":{\"@id\":\"https:\\\/\\\/gambling6.com\\\/pl\\\/loteria\\\/kup-bilety-online-na-superenalotto\\\/#breadcrumb\"},\"inLanguage\":\"pl-PL\",\"potentialAction\":[{\"@type\":\"ReadAction\",\"target\":[\"https:\\\/\\\/gambling6.com\\\/pl\\\/loteria\\\/kup-bilety-online-na-superenalotto\\\/\"]}]},{\"@type\":\"ImageObject\",\"inLanguage\":\"pl-PL\",\"@id\":\"https:\\\/\\\/gambling6.com\\\/pl\\\/loteria\\\/kup-bilety-online-na-superenalotto\\\/#primaryimage\",\"url\":\"https:\\\/\\\/gambling6.com\\\/wp-content\\\/uploads\\\/2022\\\/04\\\/2_ticket_superenalotto.jpg\",\"contentUrl\":\"https:\\\/\\\/gambling6.com\\\/wp-content\\\/uploads\\\/2022\\\/04\\\/2_ticket_superenalotto.jpg\"},{\"@type\":\"BreadcrumbList\",\"@id\":\"https:\\\/\\\/gambling6.com\\\/pl\\\/loteria\\\/kup-bilety-online-na-superenalotto\\\/#breadcrumb\",\"itemListElement\":[{\"@type\":\"ListItem\",\"position\":1,\"name\":\"Home\",\"item\":\"https:\\\/\\\/gambling6.com\\\/pl\\\/home\\\/\"},{\"@type\":\"ListItem\",\"position\":2,\"name\":\"Loteria\",\"item\":\"https:\\\/\\\/gambling6.com\\\/pl\\\/buying-international-lotto-tickets-online\\\/\"},{\"@type\":\"ListItem\",\"position\":3,\"name\":\"Kup bilety online na SuperEnaLotto\"}]},{\"@type\":\"WebSite\",\"@id\":\"https:\\\/\\\/gambling6.com\\\/pl\\\/#website\",\"url\":\"https:\\\/\\\/gambling6.com\\\/pl\\\/\",\"name\":\"Gambling6\",\"description\":\"\",\"potentialAction\":[{\"@type\":\"SearchAction\",\"target\":{\"@type\":\"EntryPoint\",\"urlTemplate\":\"https:\\\/\\\/gambling6.com\\\/pl\\\/?s={search_term_string}\"},\"query-input\":{\"@type\":\"PropertyValueSpecification\",\"valueRequired\":true,\"valueName\":\"search_term_string\"}}],\"inLanguage\":\"pl-PL\"}]}<\/script>\n<!-- \/ Yoast SEO plugin. -->","yoast_head_json":{"title":"Kup bilety na Superenalotto online","description":"Kup swoje bilety na loteri\u0119 Superenalotto online, odwiedzaj\u0105c stron\u0119 naszego partnera, RedFoxLotto","robots":{"index":"index","follow":"follow","max-snippet":"max-snippet:-1","max-image-preview":"max-image-preview:large","max-video-preview":"max-video-preview:-1"},"canonical":"https:\/\/gambling6.com\/pl\/loteria\/kup-bilety-online-na-superenalotto\/","og_locale":"pl_PL","og_type":"article","og_title":"Kup bilety na Superenalotto online","og_description":"Kup swoje bilety na loteri\u0119 Superenalotto online, odwiedzaj\u0105c stron\u0119 naszego partnera, RedFoxLotto","og_url":"https:\/\/gambling6.com\/pl\/loteria\/kup-bilety-online-na-superenalotto\/","og_site_name":"Gambling6","og_image":[{"width":228,"height":300,"url":"https:\/\/gambling6.com\/wp-content\/uploads\/2022\/04\/2_ticket_superenalotto.jpg","type":"image\/jpeg"}],"twitter_card":"summary_large_image","twitter_misc":{"Szacowany czas czytania":"2 minuty"},"schema":{"@context":"https:\/\/schema.org","@graph":[{"@type":"WebPage","@id":"https:\/\/gambling6.com\/pl\/loteria\/kup-bilety-online-na-superenalotto\/","url":"https:\/\/gambling6.com\/pl\/loteria\/kup-bilety-online-na-superenalotto\/","name":"Kup bilety na Superenalotto online","isPartOf":{"@id":"https:\/\/gambling6.com\/pl\/#website"},"primaryImageOfPage":{"@id":"https:\/\/gambling6.com\/pl\/loteria\/kup-bilety-online-na-superenalotto\/#primaryimage"},"image":{"@id":"https:\/\/gambling6.com\/pl\/loteria\/kup-bilety-online-na-superenalotto\/#primaryimage"},"thumbnailUrl":"https:\/\/gambling6.com\/wp-content\/uploads\/2022\/04\/2_ticket_superenalotto.jpg","datePublished":"2025-11-11T11:02:43+00:00","description":"Kup swoje bilety na loteri\u0119 Superenalotto online, odwiedzaj\u0105c stron\u0119 naszego partnera, RedFoxLotto","breadcrumb":{"@id":"https:\/\/gambling6.com\/pl\/loteria\/kup-bilety-online-na-superenalotto\/#breadcrumb"},"inLanguage":"pl-PL","potentialAction":[{"@type":"ReadAction","target":["https:\/\/gambling6.com\/pl\/loteria\/kup-bilety-online-na-superenalotto\/"]}]},{"@type":"ImageObject","inLanguage":"pl-PL","@id":"https:\/\/gambling6.com\/pl\/loteria\/kup-bilety-online-na-superenalotto\/#primaryimage","url":"https:\/\/gambling6.com\/wp-content\/uploads\/2022\/04\/2_ticket_superenalotto.jpg","contentUrl":"https:\/\/gambling6.com\/wp-content\/uploads\/2022\/04\/2_ticket_superenalotto.jpg"},{"@type":"BreadcrumbList","@id":"https:\/\/gambling6.com\/pl\/loteria\/kup-bilety-online-na-superenalotto\/#breadcrumb","itemListElement":[{"@type":"ListItem","position":1,"name":"Home","item":"https:\/\/gambling6.com\/pl\/home\/"},{"@type":"ListItem","position":2,"name":"Loteria","item":"https:\/\/gambling6.com\/pl\/buying-international-lotto-tickets-online\/"},{"@type":"ListItem","position":3,"name":"Kup bilety online na SuperEnaLotto"}]},{"@type":"WebSite","@id":"https:\/\/gambling6.com\/pl\/#website","url":"https:\/\/gambling6.com\/pl\/","name":"Gambling6","description":"","potentialAction":[{"@type":"SearchAction","target":{"@type":"EntryPoint","urlTemplate":"https:\/\/gambling6.com\/pl\/?s={search_term_string}"},"query-input":{"@type":"PropertyValueSpecification","valueRequired":true,"valueName":"search_term_string"}}],"inLanguage":"pl-PL"}]}},"_links":{"self":[{"href":"https:\/\/gambling6.com\/pl\/wp-json\/wp\/v2\/pages\/9723","targetHints":{"allow":["GET"]}}],"collection":[{"href":"https:\/\/gambling6.com\/pl\/wp-json\/wp\/v2\/pages"}],"about":[{"href":"https:\/\/gambling6.com\/pl\/wp-json\/wp\/v2\/types\/page"}],"author":[{"embeddable":true,"href":"https:\/\/gambling6.com\/pl\/wp-json\/wp\/v2\/users\/1"}],"replies":[{"embeddable":true,"href":"https:\/\/gambling6.com\/pl\/wp-json\/wp\/v2\/comments?post=9723"}],"version-history":[{"count":0,"href":"https:\/\/gambling6.com\/pl\/wp-json\/wp\/v2\/pages\/9723\/revisions"}],"up":[{"embeddable":true,"href":"https:\/\/gambling6.com\/pl\/wp-json\/wp\/v2\/pages\/9312"}],"wp:attachment":[{"href":"https:\/\/gambling6.com\/pl\/wp-json\/wp\/v2\/media?parent=9723"}],"curies":[{"name":"wp","href":"https:\/\/api.w.org\/{rel}","templated":true}]}}