{"id":11020,"date":"2025-11-17T11:10:35","date_gmt":"2025-11-17T11:10:35","guid":{"rendered":"https:\/\/gambling6.com\/?page_id=11020"},"modified":"2025-11-17T11:10:52","modified_gmt":"2025-11-17T11:10:52","slug":"analise-do-casino-888","status":"publish","type":"page","link":"https:\/\/gambling6.com\/pt-pt\/analise-do-casino-888\/","title":{"rendered":"An\u00e1lise do Casino 888"},"content":{"rendered":"<h2>N\u00e3o \u00e9 apenas um site de roleta &#8211; Casino 888<\/h2>\n<p>O casino online 888 \u00e9 uma marca consolidada na ind\u00fastria do jogo. Este casino online oferece um fant\u00e1stico casino baseado em Flash que carrega rapidamente no seu browser, al\u00e9m da op\u00e7\u00e3o de descarregar o software do jogo para aceder aos jogos. Os jogadores preferem a vers\u00e3o descarreg\u00e1vel, uma vez que proporciona uma experi\u00eancia e um aspeto consistentes em todos os jogos.<br \/>\n<a href=\"https:\/\/ic.aff-handler.com\/C\/45871?sr=1064399&amp;anid=\" rel=\"nofollow\"><img decoding=\"async\" class=\"aligncenter\" src=\"https:\/\/ic.aff-handler.com\/I\/45871?sr=1064399&amp;anid=\" \/><\/a><\/p>\n<h2>Jogos de Roleta 888<\/h2>\n<p>Desde a Roleta Europeia \u00e0 Roleta 3D, pode desfrutar de todos os tipos de roleta que imaginar neste casino. Existem tamb\u00e9m jogos de roleta gratuitos onde pode aprender as regras do jogo caso seja principiante. A principal atra\u00e7\u00e3o do casino \u00e9 a roleta ao vivo. Pode escolher entre tr\u00eas mesas com um \u00fanico zero: Roleta Europeia, Roleta Francesa e Roleta Veneziana (com dealer que fala italiano).<\/p>\n<p>O intervalo de apostas come\u00e7a em 1 e vai at\u00e9 um m\u00e1ximo de 200. As moedas aceites s\u00e3o USD, Euro e GBP. O jogo oferece aos jogadores uma \u00f3tima experi\u00eancia visual. A melhor parte \u00e9 que os jogadores podem jogar no browser sem terem de descarregar qualquer software. Existem duas visualiza\u00e7\u00f5es do jogo: a cl\u00e1ssica e a 3D. O jogo tem tudo o que um f\u00e3 de roleta pode desejar.<\/p>\n<p>Mas para al\u00e9m dos jogos de roleta, encontrar\u00e1 aqui todos os tipos de jogos online com dinheiro real. Poker, apostas desportivas, bingo, raspadinhas, slot machines, blackjack &#8211; o que imaginar, eles t\u00eam!<\/p>\n<h2>Seguran\u00e7a 888<\/h2>\n<p>Este casino sediado em Gibraltar leva muito a s\u00e9rio a prote\u00e7\u00e3o das informa\u00e7\u00f5es pessoais dos seus membros. Seguem protocolos de seguran\u00e7a rigorosos para manter os dados e as informa\u00e7\u00f5es protegidos contra ataques cibern\u00e9ticos. O casino orgulha-se de possuir diversas certifica\u00e7\u00f5es de seguran\u00e7a. Oferecem 20 m\u00e9todos de dep\u00f3sito, incluindo os nomes mais fi\u00e1veis \u200b\u200bdo setor, como Visa e Neteller. O casino deve manter um elevado n\u00edvel de seguran\u00e7a, uma vez que os jogadores precisam de divulgar documentos de verifica\u00e7\u00e3o para evitar fraudes, e as informa\u00e7\u00f5es s\u00e3o confidenciais. Com estas medidas de seguran\u00e7a extraordin\u00e1rias, os jogadores podem desfrutar do jogo sem preocupa\u00e7\u00f5es.<\/p>\n<h2>B\u00f3nus e Promo\u00e7\u00f5es Casino 888<\/h2>\n<p>Al\u00e9m dos jogos, o pr\u00f3ximo aspeto que interessa \u00e0 maioria dos jogadores de casino s\u00e3o os b\u00f3nus e as promo\u00e7\u00f5es. O 888 oferece grandes promo\u00e7\u00f5es regularmente. Fornecem um generoso b\u00f3nus de boas-vindas para todos os novos jogadores. Pode us\u00e1-lo em qualquer sec\u00e7\u00e3o de jogos do casino. Ao jogar roleta pela primeira vez, ser\u00e1 recebido com um b\u00f3nus de boas-vindas de 1.500\u20ac. O casino tem tamb\u00e9m uma promo\u00e7\u00e3o de refer\u00eancias, na qual pode ganhar recompensas convidando amigos para participar. No geral, o Casino 888 \u00e9 um local divertido para qualquer entusiasta da roleta. Qualquer f\u00e3 de jogos de azar pode divertir-se e passar bons momentos neste casino!<\/p>\n","protected":false},"excerpt":{"rendered":"<p>N\u00e3o \u00e9 apenas um site de roleta &#8211; Casino 888 O casino online 888 \u00e9 uma marca consolidada na ind\u00fastria do jogo. Este casino online oferece um fant\u00e1stico casino baseado em Flash que carrega rapidamente no seu browser, al\u00e9m da op\u00e7\u00e3o de descarregar o software do jogo para aceder aos jogos. Os jogadores preferem a [&hellip;]<\/p>\n","protected":false},"author":1,"featured_media":0,"parent":0,"menu_order":3,"comment_status":"closed","ping_status":"closed","template":"","meta":{"footnotes":""},"class_list":["post-11020","page","type-page","status-publish","hentry"],"yoast_head":"<!-- This site is optimized with the Yoast SEO plugin v27.4 - https:\/\/yoast.com\/product\/yoast-seo-wordpress\/ -->\n<title>An\u00e1lise do Casino 888 - Gambling6<\/title>\n<meta name=\"robots\" content=\"index, follow, max-snippet:-1, max-image-preview:large, max-video-preview:-1\" \/>\n<link rel=\"canonical\" href=\"https:\/\/gambling6.com\/pt-pt\/analise-do-casino-888\/\" \/>\n<meta property=\"og:locale\" content=\"pt_PT\" \/>\n<meta property=\"og:type\" content=\"article\" \/>\n<meta property=\"og:title\" content=\"An\u00e1lise do Casino 888 - Gambling6\" \/>\n<meta property=\"og:description\" content=\"N\u00e3o \u00e9 apenas um site de roleta &#8211; Casino 888 O casino online 888 \u00e9 uma marca consolidada na ind\u00fastria do jogo. Este casino online oferece um fant\u00e1stico casino baseado em Flash que carrega rapidamente no seu browser, al\u00e9m da op\u00e7\u00e3o de descarregar o software do jogo para aceder aos jogos. Os jogadores preferem a [&hellip;]\" \/>\n<meta property=\"og:url\" content=\"https:\/\/gambling6.com\/pt-pt\/analise-do-casino-888\/\" \/>\n<meta property=\"og:site_name\" content=\"Gambling6\" \/>\n<meta property=\"article:modified_time\" content=\"2025-11-17T11:10:52+00:00\" \/>\n<meta property=\"og:image\" content=\"https:\/\/ic.aff-handler.com\/I\/45871?sr=1064399&amp;anid=\" \/>\n<meta name=\"twitter:card\" content=\"summary_large_image\" \/>\n<meta name=\"twitter:label1\" content=\"Tempo estimado de leitura\" \/>\n\t<meta name=\"twitter:data1\" content=\"2 minutos\" \/>\n<script type=\"application\/ld+json\" class=\"yoast-schema-graph\">{\"@context\":\"https:\\\/\\\/schema.org\",\"@graph\":[{\"@type\":\"WebPage\",\"@id\":\"https:\\\/\\\/gambling6.com\\\/pt-pt\\\/analise-do-casino-888\\\/\",\"url\":\"https:\\\/\\\/gambling6.com\\\/pt-pt\\\/analise-do-casino-888\\\/\",\"name\":\"An\u00e1lise do Casino 888 - Gambling6\",\"isPartOf\":{\"@id\":\"https:\\\/\\\/gambling6.com\\\/pt-pt\\\/#website\"},\"primaryImageOfPage\":{\"@id\":\"https:\\\/\\\/gambling6.com\\\/pt-pt\\\/analise-do-casino-888\\\/#primaryimage\"},\"image\":{\"@id\":\"https:\\\/\\\/gambling6.com\\\/pt-pt\\\/analise-do-casino-888\\\/#primaryimage\"},\"thumbnailUrl\":\"https:\\\/\\\/ic.aff-handler.com\\\/I\\\/45871?sr=1064399&amp;anid=\",\"datePublished\":\"2025-11-17T11:10:35+00:00\",\"dateModified\":\"2025-11-17T11:10:52+00:00\",\"breadcrumb\":{\"@id\":\"https:\\\/\\\/gambling6.com\\\/pt-pt\\\/analise-do-casino-888\\\/#breadcrumb\"},\"inLanguage\":\"pt-PT\",\"potentialAction\":[{\"@type\":\"ReadAction\",\"target\":[\"https:\\\/\\\/gambling6.com\\\/pt-pt\\\/analise-do-casino-888\\\/\"]}]},{\"@type\":\"ImageObject\",\"inLanguage\":\"pt-PT\",\"@id\":\"https:\\\/\\\/gambling6.com\\\/pt-pt\\\/analise-do-casino-888\\\/#primaryimage\",\"url\":\"https:\\\/\\\/ic.aff-handler.com\\\/I\\\/45871?sr=1064399&amp;anid=\",\"contentUrl\":\"https:\\\/\\\/ic.aff-handler.com\\\/I\\\/45871?sr=1064399&amp;anid=\"},{\"@type\":\"BreadcrumbList\",\"@id\":\"https:\\\/\\\/gambling6.com\\\/pt-pt\\\/analise-do-casino-888\\\/#breadcrumb\",\"itemListElement\":[{\"@type\":\"ListItem\",\"position\":1,\"name\":\"Home\",\"item\":\"https:\\\/\\\/gambling6.com\\\/pt-pt\\\/home\\\/\"},{\"@type\":\"ListItem\",\"position\":2,\"name\":\"An\u00e1lise do Casino 888\"}]},{\"@type\":\"WebSite\",\"@id\":\"https:\\\/\\\/gambling6.com\\\/pt-pt\\\/#website\",\"url\":\"https:\\\/\\\/gambling6.com\\\/pt-pt\\\/\",\"name\":\"Gambling6\",\"description\":\"\",\"potentialAction\":[{\"@type\":\"SearchAction\",\"target\":{\"@type\":\"EntryPoint\",\"urlTemplate\":\"https:\\\/\\\/gambling6.com\\\/pt-pt\\\/?s={search_term_string}\"},\"query-input\":{\"@type\":\"PropertyValueSpecification\",\"valueRequired\":true,\"valueName\":\"search_term_string\"}}],\"inLanguage\":\"pt-PT\"}]}<\/script>\n<!-- \/ Yoast SEO plugin. -->","yoast_head_json":{"title":"An\u00e1lise do Casino 888 - Gambling6","robots":{"index":"index","follow":"follow","max-snippet":"max-snippet:-1","max-image-preview":"max-image-preview:large","max-video-preview":"max-video-preview:-1"},"canonical":"https:\/\/gambling6.com\/pt-pt\/analise-do-casino-888\/","og_locale":"pt_PT","og_type":"article","og_title":"An\u00e1lise do Casino 888 - Gambling6","og_description":"N\u00e3o \u00e9 apenas um site de roleta &#8211; Casino 888 O casino online 888 \u00e9 uma marca consolidada na ind\u00fastria do jogo. Este casino online oferece um fant\u00e1stico casino baseado em Flash que carrega rapidamente no seu browser, al\u00e9m da op\u00e7\u00e3o de descarregar o software do jogo para aceder aos jogos. Os jogadores preferem a [&hellip;]","og_url":"https:\/\/gambling6.com\/pt-pt\/analise-do-casino-888\/","og_site_name":"Gambling6","article_modified_time":"2025-11-17T11:10:52+00:00","og_image":[{"url":"https:\/\/ic.aff-handler.com\/I\/45871?sr=1064399&amp;anid=","type":"","width":"","height":""}],"twitter_card":"summary_large_image","twitter_misc":{"Tempo estimado de leitura":"2 minutos"},"schema":{"@context":"https:\/\/schema.org","@graph":[{"@type":"WebPage","@id":"https:\/\/gambling6.com\/pt-pt\/analise-do-casino-888\/","url":"https:\/\/gambling6.com\/pt-pt\/analise-do-casino-888\/","name":"An\u00e1lise do Casino 888 - Gambling6","isPartOf":{"@id":"https:\/\/gambling6.com\/pt-pt\/#website"},"primaryImageOfPage":{"@id":"https:\/\/gambling6.com\/pt-pt\/analise-do-casino-888\/#primaryimage"},"image":{"@id":"https:\/\/gambling6.com\/pt-pt\/analise-do-casino-888\/#primaryimage"},"thumbnailUrl":"https:\/\/ic.aff-handler.com\/I\/45871?sr=1064399&amp;anid=","datePublished":"2025-11-17T11:10:35+00:00","dateModified":"2025-11-17T11:10:52+00:00","breadcrumb":{"@id":"https:\/\/gambling6.com\/pt-pt\/analise-do-casino-888\/#breadcrumb"},"inLanguage":"pt-PT","potentialAction":[{"@type":"ReadAction","target":["https:\/\/gambling6.com\/pt-pt\/analise-do-casino-888\/"]}]},{"@type":"ImageObject","inLanguage":"pt-PT","@id":"https:\/\/gambling6.com\/pt-pt\/analise-do-casino-888\/#primaryimage","url":"https:\/\/ic.aff-handler.com\/I\/45871?sr=1064399&amp;anid=","contentUrl":"https:\/\/ic.aff-handler.com\/I\/45871?sr=1064399&amp;anid="},{"@type":"BreadcrumbList","@id":"https:\/\/gambling6.com\/pt-pt\/analise-do-casino-888\/#breadcrumb","itemListElement":[{"@type":"ListItem","position":1,"name":"Home","item":"https:\/\/gambling6.com\/pt-pt\/home\/"},{"@type":"ListItem","position":2,"name":"An\u00e1lise do Casino 888"}]},{"@type":"WebSite","@id":"https:\/\/gambling6.com\/pt-pt\/#website","url":"https:\/\/gambling6.com\/pt-pt\/","name":"Gambling6","description":"","potentialAction":[{"@type":"SearchAction","target":{"@type":"EntryPoint","urlTemplate":"https:\/\/gambling6.com\/pt-pt\/?s={search_term_string}"},"query-input":{"@type":"PropertyValueSpecification","valueRequired":true,"valueName":"search_term_string"}}],"inLanguage":"pt-PT"}]}},"_links":{"self":[{"href":"https:\/\/gambling6.com\/pt-pt\/wp-json\/wp\/v2\/pages\/11020","targetHints":{"allow":["GET"]}}],"collection":[{"href":"https:\/\/gambling6.com\/pt-pt\/wp-json\/wp\/v2\/pages"}],"about":[{"href":"https:\/\/gambling6.com\/pt-pt\/wp-json\/wp\/v2\/types\/page"}],"author":[{"embeddable":true,"href":"https:\/\/gambling6.com\/pt-pt\/wp-json\/wp\/v2\/users\/1"}],"replies":[{"embeddable":true,"href":"https:\/\/gambling6.com\/pt-pt\/wp-json\/wp\/v2\/comments?post=11020"}],"version-history":[{"count":1,"href":"https:\/\/gambling6.com\/pt-pt\/wp-json\/wp\/v2\/pages\/11020\/revisions"}],"predecessor-version":[{"id":11022,"href":"https:\/\/gambling6.com\/pt-pt\/wp-json\/wp\/v2\/pages\/11020\/revisions\/11022"}],"wp:attachment":[{"href":"https:\/\/gambling6.com\/pt-pt\/wp-json\/wp\/v2\/media?parent=11020"}],"curies":[{"name":"wp","href":"https:\/\/api.w.org\/{rel}","templated":true}]}}