{"id":5802,"date":"2022-06-02T15:06:22","date_gmt":"2022-06-02T14:06:22","guid":{"rendered":"https:\/\/gambling6.com\/?p=5802"},"modified":"2025-11-17T12:15:19","modified_gmt":"2025-11-17T12:15:19","slug":"revisao-da-redfoxlotto","status":"publish","type":"page","link":"https:\/\/gambling6.com\/pt-pt\/revisao-da-redfoxlotto\/","title":{"rendered":"Revis\u00e3o da RedFoxLotto"},"content":{"rendered":"<h2>Uma revis\u00e3o da RedFoxLotto<\/h2>\n<p><strong>RedFoxLotto<\/strong> \u00e9 um local extremamente f\u00e1cil de usar, seguro e seguro para comprar bilhetes online para todas as principais lotarias do mundo. No website da RedFoxLotto, encontrar\u00e1 a possibilidade de jogar em muitas lotarias mundiais, e os bilhetes da lotaria mundial podem ser encomendados 24 horas por dia, sete dias por semana. \u00c9 f\u00e1cil criar uma conta, depositar dinheiro e come\u00e7ar a jogar bilhetes de lotaria internacional em minutos.<\/p>\n<h2>Guarda todo o dinheiro que ganha na RedFoxLotto<\/h2>\n<p>A RedFoxLotto emprega mensageiros de lotaria em todo o mundo que compram os bilhetes de lotaria que deseja jogar em seu nome. Uma vez comprados os bilhetes, o seu nome \u00e9 impresso nos bilhetes, que s\u00e3o digitalizados e carregados na sua conta antes do sorteio. Este m\u00e9todo garante que v\u00ea os seus bilhetes e recebe 100% dos seus ganhos. A RedFoxLotto n\u00e3o recebe uma percentagem dos seus ganhos; todas as despesas s\u00e3o inclu\u00eddas na compra dos seus bilhetes. <strong>Quer ganhe $10 ou $10 milh\u00f5es, cada c\u00eantimo \u00e9 depositado na sua conta online RedFoxLotto.<\/strong><\/p>\n<h2>Bilhetes dispon\u00edveis para todas as grandes lotarias<\/h2>\n<p><strong>Est\u00e3o dispon\u00edveis bilhetes para todas as principais lotarias mundiais, incluindo MEGA Millions, Powerball USA, Eurojackpot, Euro Millions e mais.<\/strong> N\u00e3o importa em que pa\u00eds vive, pode participar na compra de bilhetes para todas as principais lotarias do mundo. Tudo o que precisa de fazer \u00e9 entrar na sua conta, escolher o RedFoxLotto que deseja jogar, escolher os n\u00fameros que deseja jogar e sentar-se \u00e0 espera do sorteio. A RedFoxLotto enviar-lhe-\u00e1 notifica\u00e7\u00f5es de quaisquer ganhos.<br \/>\n<a href=\"https:\/\/redfoxlotto.com\/?ref=a8564250a2&amp;medium=G6\"><img loading=\"lazy\" decoding=\"async\" class=\"aligncenter\" src=\"https:\/\/redfoxlotto.com\/image\/?size=7&amp;lottery=powerball\" width=\"548\" height=\"70\" \/><\/a><\/p>\n<h2>F\u00e1cil de recolher os seus ganhos na RedFoxLotto<\/h2>\n<p>Para qualquer bilhete vencedor, <strong>a RedFoxLotto notific\u00e1-lo-\u00e1 por e-mail ou telefonar-lhe-\u00e1 no caso de pr\u00e9mios maiores para o informar sobre o vencedor.<\/strong> Os pr\u00e9mios at\u00e9 2.000 euros ser\u00e3o automaticamente depositados na sua conta. Se ganhar um pr\u00e9mio superior a 2.000 euros, os especialistas de processamento da RedFoxLotto gui\u00e1-lo-\u00e3o atrav\u00e9s dos passos necess\u00e1rios para receber os seus ganhos. Os vencedores dos grandes pr\u00e9mios podem optar por ter a RedFoxLotto a agir em seu nome ou, se preferirem, podem ir pessoalmente recolher os seus ganhos. Estamos confiantes de que se se tornar um vencedor multi-milion\u00e1rio, n\u00e3o ter\u00e1 problemas em tomar todas as medidas necess\u00e1rias para receber os seus ganhos.<\/p>\n<h2>Pagar os seus bilhetes de lotaria online<\/h2>\n<p>A RedFoxLotto oferece muitas op\u00e7\u00f5es de pagamento seguras, independentemente do pa\u00eds onde vive. <strong>Aceita Visa, MasterCard, American Express, money booker e uma s\u00e9rie de outros produtos de carteira l\u00edquida.<\/strong> Pode optar por depositar os seus ganhos utilizando um destes m\u00e9todos ou receber o dinheiro directamente na sua conta banc\u00e1ria. A RedFoxLotto opera dentro do sistema banc\u00e1rio do Reino Unido e \u00e9 fortemente regulamentada pela Organiza\u00e7\u00e3o Internacional da Lotaria.<\/p>\n<p>Todos os anos, a RedFoxLotto contabiliza milh\u00f5es de d\u00f3lares em vencedores e tem uma garantia de pagamento de 100%. Descobrir\u00e1 que se tiver alguma d\u00favida \u00e9 f\u00e1cil contactar os dedicados representantes do servi\u00e7o ao cliente dispon\u00edveis 24 horas por dia a ganhar trili\u00f5es. J\u00e1 n\u00e3o precisa de visitar os quiosques de lotaria locais para comprar bilhetes para todas as grandes lotarias internacionais. Pode comprar bilhetes do conforto da sua casa ou escrit\u00f3rio a tempo para todas as lotarias.<\/p>\n<p><strong>Comece hoje a jogar nas lotarias internacionais on-line visitando o nosso parceiro RedFoxLotto e abrindo a sua conta pessoal.<\/strong> Uma vez aberta a sua conta, encontrar\u00e1 muitas ofertas de b\u00f3nus e programas especiais de compra de bilhetes que tornar\u00e3o o jogo da lotaria f\u00e1cil e rent\u00e1vel.<\/p>\n<p><a class=\"thirstylink\" title=\"RedFoxLotto en\" href=\"https:\/\/gambling6.com\/go\/redfoxlotto-en\/\" target=\"_blank\" rel=\"nofollow noopener\">Clique aqui agora para criar a sua conta pessoal online RedFoxLotto<\/a> e poder\u00e1 tornar-se um multimilion\u00e1rio durante a noite.<\/p>\n","protected":false},"excerpt":{"rendered":"<p>Uma revis\u00e3o da RedFoxLotto RedFoxLotto \u00e9 um local extremamente f\u00e1cil de usar, seguro e seguro para comprar bilhetes online para todas as principais lotarias do mundo. No website da RedFoxLotto, encontrar\u00e1 a possibilidade de jogar em muitas lotarias mundiais, e os bilhetes da lotaria mundial podem ser encomendados 24 horas por dia, sete dias por [&hellip;]<\/p>\n","protected":false},"author":1,"featured_media":0,"parent":0,"menu_order":1,"comment_status":"closed","ping_status":"closed","template":"","meta":{"footnotes":""},"class_list":["post-5802","page","type-page","status-publish","hentry"],"yoast_head":"<!-- This site is optimized with the Yoast SEO plugin v27.4 - https:\/\/yoast.com\/product\/yoast-seo-wordpress\/ -->\n<title>Revis\u00e3o RedFoxLotto<\/title>\n<meta name=\"description\" content=\"Pode comprar bilhetes para todas as lotarias internacionais online, incluindo Powerball e MEGA Millions.\" \/>\n<meta name=\"robots\" content=\"index, follow, max-snippet:-1, max-image-preview:large, max-video-preview:-1\" \/>\n<link rel=\"canonical\" href=\"https:\/\/gambling6.com\/pt-pt\/revisao-da-redfoxlotto\/\" \/>\n<meta property=\"og:locale\" content=\"pt_PT\" \/>\n<meta property=\"og:type\" content=\"article\" \/>\n<meta property=\"og:title\" content=\"Revis\u00e3o RedFoxLotto\" \/>\n<meta property=\"og:description\" content=\"Pode comprar bilhetes para todas as lotarias internacionais online, incluindo Powerball e MEGA Millions.\" \/>\n<meta property=\"og:url\" content=\"https:\/\/gambling6.com\/pt-pt\/revisao-da-redfoxlotto\/\" \/>\n<meta property=\"og:site_name\" content=\"Gambling6\" \/>\n<meta property=\"article:published_time\" content=\"2022-06-02T14:06:22+00:00\" \/>\n<meta property=\"article:modified_time\" content=\"2025-11-17T12:15:19+00:00\" \/>\n<meta property=\"og:image\" content=\"https:\/\/redfoxlotto.com\/image\/?size=7&amp;lottery=powerball\" \/>\n<meta name=\"author\" content=\"Catfish\" \/>\n<meta name=\"twitter:card\" content=\"summary_large_image\" \/>\n<meta name=\"twitter:label1\" content=\"Escrito por\" \/>\n\t<meta name=\"twitter:data1\" content=\"Catfish\" \/>\n\t<meta name=\"twitter:label2\" content=\"Tempo estimado de leitura\" \/>\n\t<meta name=\"twitter:data2\" content=\"3 minutos\" \/>\n<script type=\"application\/ld+json\" class=\"yoast-schema-graph\">{\"@context\":\"https:\\\/\\\/schema.org\",\"@graph\":[{\"@type\":\"Article\",\"@id\":\"https:\\\/\\\/gambling6.com\\\/pt-pt\\\/revisao-da-redfoxlotto\\\/#article\",\"isPartOf\":{\"@id\":\"https:\\\/\\\/gambling6.com\\\/pt-pt\\\/revisao-da-redfoxlotto\\\/\"},\"author\":{\"name\":\"Catfish\",\"@id\":\"https:\\\/\\\/gambling6.com\\\/pt-pt\\\/#\\\/schema\\\/person\\\/d093de87a44a018ef67117d02d86ddaf\"},\"headline\":\"Revis\u00e3o da RedFoxLotto\",\"datePublished\":\"2022-06-02T14:06:22+00:00\",\"dateModified\":\"2025-11-17T12:15:19+00:00\",\"mainEntityOfPage\":{\"@id\":\"https:\\\/\\\/gambling6.com\\\/pt-pt\\\/revisao-da-redfoxlotto\\\/\"},\"wordCount\":630,\"image\":{\"@id\":\"https:\\\/\\\/gambling6.com\\\/pt-pt\\\/revisao-da-redfoxlotto\\\/#primaryimage\"},\"thumbnailUrl\":\"https:\\\/\\\/redfoxlotto.com\\\/image\\\/?size=7&amp;lottery=powerball\",\"articleSection\":[\"Not\u00edcias da lotaria\"],\"inLanguage\":\"pt-PT\"},{\"@type\":\"WebPage\",\"@id\":\"https:\\\/\\\/gambling6.com\\\/pt-pt\\\/revisao-da-redfoxlotto\\\/\",\"url\":\"https:\\\/\\\/gambling6.com\\\/pt-pt\\\/revisao-da-redfoxlotto\\\/\",\"name\":\"Revis\u00e3o RedFoxLotto\",\"isPartOf\":{\"@id\":\"https:\\\/\\\/gambling6.com\\\/pt-pt\\\/#website\"},\"primaryImageOfPage\":{\"@id\":\"https:\\\/\\\/gambling6.com\\\/pt-pt\\\/revisao-da-redfoxlotto\\\/#primaryimage\"},\"image\":{\"@id\":\"https:\\\/\\\/gambling6.com\\\/pt-pt\\\/revisao-da-redfoxlotto\\\/#primaryimage\"},\"thumbnailUrl\":\"https:\\\/\\\/redfoxlotto.com\\\/image\\\/?size=7&amp;lottery=powerball\",\"datePublished\":\"2022-06-02T14:06:22+00:00\",\"dateModified\":\"2025-11-17T12:15:19+00:00\",\"author\":{\"@id\":\"https:\\\/\\\/gambling6.com\\\/pt-pt\\\/#\\\/schema\\\/person\\\/d093de87a44a018ef67117d02d86ddaf\"},\"description\":\"Pode comprar bilhetes para todas as lotarias internacionais online, incluindo Powerball e MEGA Millions.\",\"breadcrumb\":{\"@id\":\"https:\\\/\\\/gambling6.com\\\/pt-pt\\\/revisao-da-redfoxlotto\\\/#breadcrumb\"},\"inLanguage\":\"pt-PT\",\"potentialAction\":[{\"@type\":\"ReadAction\",\"target\":[\"https:\\\/\\\/gambling6.com\\\/pt-pt\\\/revisao-da-redfoxlotto\\\/\"]}]},{\"@type\":\"ImageObject\",\"inLanguage\":\"pt-PT\",\"@id\":\"https:\\\/\\\/gambling6.com\\\/pt-pt\\\/revisao-da-redfoxlotto\\\/#primaryimage\",\"url\":\"https:\\\/\\\/redfoxlotto.com\\\/image\\\/?size=7&amp;lottery=powerball\",\"contentUrl\":\"https:\\\/\\\/redfoxlotto.com\\\/image\\\/?size=7&amp;lottery=powerball\"},{\"@type\":\"BreadcrumbList\",\"@id\":\"https:\\\/\\\/gambling6.com\\\/pt-pt\\\/revisao-da-redfoxlotto\\\/#breadcrumb\",\"itemListElement\":[{\"@type\":\"ListItem\",\"position\":1,\"name\":\"Home\",\"item\":\"https:\\\/\\\/gambling6.com\\\/pt-pt\\\/home\\\/\"},{\"@type\":\"ListItem\",\"position\":2,\"name\":\"Revis\u00e3o da RedFoxLotto\"}]},{\"@type\":\"WebSite\",\"@id\":\"https:\\\/\\\/gambling6.com\\\/pt-pt\\\/#website\",\"url\":\"https:\\\/\\\/gambling6.com\\\/pt-pt\\\/\",\"name\":\"Gambling6\",\"description\":\"\",\"potentialAction\":[{\"@type\":\"SearchAction\",\"target\":{\"@type\":\"EntryPoint\",\"urlTemplate\":\"https:\\\/\\\/gambling6.com\\\/pt-pt\\\/?s={search_term_string}\"},\"query-input\":{\"@type\":\"PropertyValueSpecification\",\"valueRequired\":true,\"valueName\":\"search_term_string\"}}],\"inLanguage\":\"pt-PT\"},{\"@type\":\"Person\",\"@id\":\"https:\\\/\\\/gambling6.com\\\/pt-pt\\\/#\\\/schema\\\/person\\\/d093de87a44a018ef67117d02d86ddaf\",\"name\":\"Catfish\",\"image\":{\"@type\":\"ImageObject\",\"inLanguage\":\"pt-PT\",\"@id\":\"https:\\\/\\\/secure.gravatar.com\\\/avatar\\\/32edfa28ccbf005c231538b245a2670a36c7f33f2d3a9ab09e50843b363f2821?s=96&d=mm&r=g\",\"url\":\"https:\\\/\\\/secure.gravatar.com\\\/avatar\\\/32edfa28ccbf005c231538b245a2670a36c7f33f2d3a9ab09e50843b363f2821?s=96&d=mm&r=g\",\"contentUrl\":\"https:\\\/\\\/secure.gravatar.com\\\/avatar\\\/32edfa28ccbf005c231538b245a2670a36c7f33f2d3a9ab09e50843b363f2821?s=96&d=mm&r=g\",\"caption\":\"Catfish\"},\"sameAs\":[\"http:\\\/\\\/gambling6.com\"],\"url\":\"https:\\\/\\\/gambling6.com\\\/pt-pt\\\/author\\\/catfish\\\/\"}]}<\/script>\n<!-- \/ Yoast SEO plugin. -->","yoast_head_json":{"title":"Revis\u00e3o RedFoxLotto","description":"Pode comprar bilhetes para todas as lotarias internacionais online, incluindo Powerball e MEGA Millions.","robots":{"index":"index","follow":"follow","max-snippet":"max-snippet:-1","max-image-preview":"max-image-preview:large","max-video-preview":"max-video-preview:-1"},"canonical":"https:\/\/gambling6.com\/pt-pt\/revisao-da-redfoxlotto\/","og_locale":"pt_PT","og_type":"article","og_title":"Revis\u00e3o RedFoxLotto","og_description":"Pode comprar bilhetes para todas as lotarias internacionais online, incluindo Powerball e MEGA Millions.","og_url":"https:\/\/gambling6.com\/pt-pt\/revisao-da-redfoxlotto\/","og_site_name":"Gambling6","article_published_time":"2022-06-02T14:06:22+00:00","article_modified_time":"2025-11-17T12:15:19+00:00","og_image":[{"url":"https:\/\/redfoxlotto.com\/image\/?size=7&amp;lottery=powerball","type":"","width":"","height":""}],"author":"Catfish","twitter_card":"summary_large_image","twitter_misc":{"Escrito por":"Catfish","Tempo estimado de leitura":"3 minutos"},"schema":{"@context":"https:\/\/schema.org","@graph":[{"@type":"Article","@id":"https:\/\/gambling6.com\/pt-pt\/revisao-da-redfoxlotto\/#article","isPartOf":{"@id":"https:\/\/gambling6.com\/pt-pt\/revisao-da-redfoxlotto\/"},"author":{"name":"Catfish","@id":"https:\/\/gambling6.com\/pt-pt\/#\/schema\/person\/d093de87a44a018ef67117d02d86ddaf"},"headline":"Revis\u00e3o da RedFoxLotto","datePublished":"2022-06-02T14:06:22+00:00","dateModified":"2025-11-17T12:15:19+00:00","mainEntityOfPage":{"@id":"https:\/\/gambling6.com\/pt-pt\/revisao-da-redfoxlotto\/"},"wordCount":630,"image":{"@id":"https:\/\/gambling6.com\/pt-pt\/revisao-da-redfoxlotto\/#primaryimage"},"thumbnailUrl":"https:\/\/redfoxlotto.com\/image\/?size=7&amp;lottery=powerball","articleSection":["Not\u00edcias da lotaria"],"inLanguage":"pt-PT"},{"@type":"WebPage","@id":"https:\/\/gambling6.com\/pt-pt\/revisao-da-redfoxlotto\/","url":"https:\/\/gambling6.com\/pt-pt\/revisao-da-redfoxlotto\/","name":"Revis\u00e3o RedFoxLotto","isPartOf":{"@id":"https:\/\/gambling6.com\/pt-pt\/#website"},"primaryImageOfPage":{"@id":"https:\/\/gambling6.com\/pt-pt\/revisao-da-redfoxlotto\/#primaryimage"},"image":{"@id":"https:\/\/gambling6.com\/pt-pt\/revisao-da-redfoxlotto\/#primaryimage"},"thumbnailUrl":"https:\/\/redfoxlotto.com\/image\/?size=7&amp;lottery=powerball","datePublished":"2022-06-02T14:06:22+00:00","dateModified":"2025-11-17T12:15:19+00:00","author":{"@id":"https:\/\/gambling6.com\/pt-pt\/#\/schema\/person\/d093de87a44a018ef67117d02d86ddaf"},"description":"Pode comprar bilhetes para todas as lotarias internacionais online, incluindo Powerball e MEGA Millions.","breadcrumb":{"@id":"https:\/\/gambling6.com\/pt-pt\/revisao-da-redfoxlotto\/#breadcrumb"},"inLanguage":"pt-PT","potentialAction":[{"@type":"ReadAction","target":["https:\/\/gambling6.com\/pt-pt\/revisao-da-redfoxlotto\/"]}]},{"@type":"ImageObject","inLanguage":"pt-PT","@id":"https:\/\/gambling6.com\/pt-pt\/revisao-da-redfoxlotto\/#primaryimage","url":"https:\/\/redfoxlotto.com\/image\/?size=7&amp;lottery=powerball","contentUrl":"https:\/\/redfoxlotto.com\/image\/?size=7&amp;lottery=powerball"},{"@type":"BreadcrumbList","@id":"https:\/\/gambling6.com\/pt-pt\/revisao-da-redfoxlotto\/#breadcrumb","itemListElement":[{"@type":"ListItem","position":1,"name":"Home","item":"https:\/\/gambling6.com\/pt-pt\/home\/"},{"@type":"ListItem","position":2,"name":"Revis\u00e3o da RedFoxLotto"}]},{"@type":"WebSite","@id":"https:\/\/gambling6.com\/pt-pt\/#website","url":"https:\/\/gambling6.com\/pt-pt\/","name":"Gambling6","description":"","potentialAction":[{"@type":"SearchAction","target":{"@type":"EntryPoint","urlTemplate":"https:\/\/gambling6.com\/pt-pt\/?s={search_term_string}"},"query-input":{"@type":"PropertyValueSpecification","valueRequired":true,"valueName":"search_term_string"}}],"inLanguage":"pt-PT"},{"@type":"Person","@id":"https:\/\/gambling6.com\/pt-pt\/#\/schema\/person\/d093de87a44a018ef67117d02d86ddaf","name":"Catfish","image":{"@type":"ImageObject","inLanguage":"pt-PT","@id":"https:\/\/secure.gravatar.com\/avatar\/32edfa28ccbf005c231538b245a2670a36c7f33f2d3a9ab09e50843b363f2821?s=96&d=mm&r=g","url":"https:\/\/secure.gravatar.com\/avatar\/32edfa28ccbf005c231538b245a2670a36c7f33f2d3a9ab09e50843b363f2821?s=96&d=mm&r=g","contentUrl":"https:\/\/secure.gravatar.com\/avatar\/32edfa28ccbf005c231538b245a2670a36c7f33f2d3a9ab09e50843b363f2821?s=96&d=mm&r=g","caption":"Catfish"},"sameAs":["http:\/\/gambling6.com"],"url":"https:\/\/gambling6.com\/pt-pt\/author\/catfish\/"}]}},"_links":{"self":[{"href":"https:\/\/gambling6.com\/pt-pt\/wp-json\/wp\/v2\/pages\/5802","targetHints":{"allow":["GET"]}}],"collection":[{"href":"https:\/\/gambling6.com\/pt-pt\/wp-json\/wp\/v2\/pages"}],"about":[{"href":"https:\/\/gambling6.com\/pt-pt\/wp-json\/wp\/v2\/types\/page"}],"author":[{"embeddable":true,"href":"https:\/\/gambling6.com\/pt-pt\/wp-json\/wp\/v2\/users\/1"}],"replies":[{"embeddable":true,"href":"https:\/\/gambling6.com\/pt-pt\/wp-json\/wp\/v2\/comments?post=5802"}],"version-history":[{"count":4,"href":"https:\/\/gambling6.com\/pt-pt\/wp-json\/wp\/v2\/pages\/5802\/revisions"}],"predecessor-version":[{"id":5806,"href":"https:\/\/gambling6.com\/pt-pt\/wp-json\/wp\/v2\/pages\/5802\/revisions\/5806"}],"wp:attachment":[{"href":"https:\/\/gambling6.com\/pt-pt\/wp-json\/wp\/v2\/media?parent=5802"}],"curies":[{"name":"wp","href":"https:\/\/api.w.org\/{rel}","templated":true}]}}