{"id":6063,"date":"2022-06-07T09:09:43","date_gmt":"2022-06-07T08:09:43","guid":{"rendered":"https:\/\/gambling6.com\/?p=6063"},"modified":"2025-11-17T16:15:28","modified_gmt":"2025-11-17T16:15:28","slug":"estrategia-de-jogo-para-o-bingo-online-bingo","status":"publish","type":"page","link":"https:\/\/gambling6.com\/pt-pt\/bingo\/estrategia-de-jogo-para-o-bingo-online-bingo\/","title":{"rendered":"Estrat\u00e9gia de jogo para o Bingo Online"},"content":{"rendered":"<h2>Jogar bingo online com a estrat\u00e9gia certa<\/h2>\n<p>Gra\u00e7as ao desenvolvimento da Internet, pode agora desfrutar de um divertido jogo de bingo a partir do conforto da sua casa. A melhor parte \u00e9 que pode jogar o jogo sempre que quiser. Esta \u00e9 a raz\u00e3o pela qual o bingo online se tornou t\u00e3o popular entre as pessoas, especialmente entre as mulheres. Se \u00e9 um novato, n\u00e3o se preocupe, pode aprender o jogo experimentando-o primeiro num site de bingo gratuito. Um bom lugar para come\u00e7ar \u00e9 Bingo Billy &#8211; <a class=\"thirstylink\" title=\"Bingo Billy en\" href=\"https:\/\/gambling6.com\/go\/downtownbingo-en\/\" target=\"_blank\" rel=\"nofollow noopener\">clique aqui para visitar o site.<\/a><\/p>\n<p>No entanto, se estiver a jogar o jogo online, aqui est\u00e3o algumas dicas que o podem ajudar a aumentar as suas hip\u00f3teses de ganhar. Continue a ler para saber mais. Fa\u00e7a alguma pesquisa r\u00e1pida e descubra quais os sites de bingo que oferecem os melhores b\u00f3nus de dep\u00f3sito. Muitos sites tamb\u00e9m oferecem b\u00f3nus de inscri\u00e7\u00e3o lucrativos. \u00c9 sempre aconselh\u00e1vel jogar bingo em sites de casino de confian\u00e7a. Certifique-se de ler as opini\u00f5es de utilizadores reais destes sites de casino antes de se registar ou de se inscrever.<br \/>\n<a href=\"https:\/\/record.revenueplanet.com\/_BoBybWC_aAPUOsjNOfgKefwM06wa-Rwt\/1\/\" target=\"_new\" rel=\"noopener\"><img loading=\"lazy\" decoding=\"async\" class=\"aligncenter\" style=\"border: none;\" src=\"https:\/\/media.revenueplanet.com\/uploads\/nbb-468x60-nov-generic.gif\" alt=\"BingoBilly bingo gr\u00e1tis\" width=\"468\" height=\"60\" \/><\/a><br \/>\nApenas casinos respeit\u00e1veis e de confian\u00e7a pagam a quantia total que ganhou num jogo. A Internet est\u00e1 inundada de sites de bingo e infelizmente h\u00e1 muitos sites fraudulentos que roubam o seu dinheiro e n\u00e3o lhe pagam quando ganha um jogo. Por este motivo, deve ter um cuidado extra ao escolher um casino online. Os jogos de bingo s\u00e3o jogados apenas por divers\u00e3o.<\/p>\n<p>As regras e regulamentos do jogo s\u00e3o muito f\u00e1ceis de seguir. O jogo de bingo \u00e9 totalmente dependente da sorte. N\u00e3o h\u00e1 nenhum elemento que possa prever o resultado ou influenciar o jogo. Pode relaxar e jogar o jogo \u00e0 sua vontade, uma vez que n\u00e3o h\u00e1 nenhuma decis\u00e3o a tomar. O bingo online tornou o jogo mais acess\u00edvel, pois pode jog\u00e1-lo no seu pr\u00f3prio tempo e a partir de qualquer lugar que tenha uma liga\u00e7\u00e3o \u00e0 Internet e um computador.<\/p>\n<p>Tente sempre jogar num site que esteja menos lotado. Isto aumentar\u00e1 as suas hip\u00f3teses de ganhar o jogo, uma vez que ter\u00e1 de competir contra um n\u00famero menor de jogadores. Num site com um n\u00famero equilibrado de jogadores, tem mais probabilidades de ganhar o jogo. Opte por sites que oferecem salas de conversa\u00e7\u00e3o para facilitar a comunica\u00e7\u00e3o entre os jogadores. Pode tamb\u00e9m conversar com outros jogadores sobre as cartas que eles est\u00e3o a jogar. Pode tamb\u00e9m aumentar o n\u00famero de cartas para trazer a vit\u00f3ria para o seu lado.<\/p>\n<p>Muito depende tamb\u00e9m do tempo que escolher para jogar. Tem-se verificado que se jogar a horas \u00edmpares, ent\u00e3o tem uma oportunidade de ganhar, uma vez que n\u00e3o h\u00e1 muitos jogadores online a essa hora do dia. Em jogos de bingo com grandes jackpot, evite sempre demasiadas cartas. Escolha sempre os sites de casino que oferecem cem por cento de b\u00f3nus de dep\u00f3sito. Hoje em dia, tamb\u00e9m se pode deparar com programas de refer\u00eancia pelos sites de casinos. Como parte do programa, ser-lhe-\u00e1 atribu\u00eddo dinheiro gr\u00e1tis se a sua refer\u00eancia se registar no casino. Al\u00e9m disso, existem tamb\u00e9m muitos b\u00f3nus promocionais que o casino online oferece de tempos a tempos.<\/p>\n","protected":false},"excerpt":{"rendered":"<p>Jogar bingo online com a estrat\u00e9gia certa Gra\u00e7as ao desenvolvimento da Internet, pode agora desfrutar de um divertido jogo de bingo a partir do conforto da sua casa. A melhor parte \u00e9 que pode jogar o jogo sempre que quiser. Esta \u00e9 a raz\u00e3o pela qual o bingo online se tornou t\u00e3o popular entre as [&hellip;]<\/p>\n","protected":false},"author":1,"featured_media":0,"parent":8525,"menu_order":3,"comment_status":"closed","ping_status":"closed","template":"","meta":{"footnotes":""},"class_list":["post-6063","page","type-page","status-publish","hentry"],"yoast_head":"<!-- This site is optimized with the Yoast SEO plugin v27.6 - https:\/\/yoast.com\/product\/yoast-seo-wordpress\/ -->\n<title>Estrat\u00e9gia de jogo para o bingo online<\/title>\n<meta name=\"description\" content=\"Aumente as suas hip\u00f3teses de ganhar bingo online seguindo a estrat\u00e9gia de jogo correcta.\" \/>\n<meta name=\"robots\" content=\"index, follow, max-snippet:-1, max-image-preview:large, max-video-preview:-1\" \/>\n<link rel=\"canonical\" href=\"https:\/\/gambling6.com\/pt-pt\/bingo\/estrategia-de-jogo-para-o-bingo-online-bingo\/\" \/>\n<meta property=\"og:locale\" content=\"pt_PT\" \/>\n<meta property=\"og:type\" content=\"article\" \/>\n<meta property=\"og:title\" content=\"Estrat\u00e9gia de jogo para o bingo online\" \/>\n<meta property=\"og:description\" content=\"Aumente as suas hip\u00f3teses de ganhar bingo online seguindo a estrat\u00e9gia de jogo correcta.\" \/>\n<meta property=\"og:url\" content=\"https:\/\/gambling6.com\/pt-pt\/bingo\/estrategia-de-jogo-para-o-bingo-online-bingo\/\" \/>\n<meta property=\"og:site_name\" content=\"Gambling6\" \/>\n<meta property=\"article:published_time\" content=\"2022-06-07T08:09:43+00:00\" \/>\n<meta property=\"article:modified_time\" content=\"2025-11-17T16:15:28+00:00\" \/>\n<meta property=\"og:image\" content=\"https:\/\/media.revenueplanet.com\/uploads\/nbb-468x60-nov-generic.gif\" \/>\n<meta name=\"author\" content=\"Catfish\" \/>\n<meta name=\"twitter:card\" content=\"summary_large_image\" \/>\n<meta name=\"twitter:label1\" content=\"Escrito por\" \/>\n\t<meta name=\"twitter:data1\" content=\"Catfish\" \/>\n\t<meta name=\"twitter:label2\" content=\"Tempo estimado de leitura\" \/>\n\t<meta name=\"twitter:data2\" content=\"3 minutos\" \/>\n<script type=\"application\/ld+json\" class=\"yoast-schema-graph\">{\"@context\":\"https:\\\/\\\/schema.org\",\"@graph\":[{\"@type\":\"Article\",\"@id\":\"https:\\\/\\\/gambling6.com\\\/pt-pt\\\/bingo\\\/estrategia-de-jogo-para-o-bingo-online-bingo\\\/#article\",\"isPartOf\":{\"@id\":\"https:\\\/\\\/gambling6.com\\\/pt-pt\\\/bingo\\\/estrategia-de-jogo-para-o-bingo-online-bingo\\\/\"},\"author\":{\"name\":\"Catfish\",\"@id\":\"https:\\\/\\\/gambling6.com\\\/pt-pt\\\/#\\\/schema\\\/person\\\/d093de87a44a018ef67117d02d86ddaf\"},\"headline\":\"Estrat\u00e9gia de jogo para o Bingo Online\",\"datePublished\":\"2022-06-07T08:09:43+00:00\",\"dateModified\":\"2025-11-17T16:15:28+00:00\",\"mainEntityOfPage\":{\"@id\":\"https:\\\/\\\/gambling6.com\\\/pt-pt\\\/bingo\\\/estrategia-de-jogo-para-o-bingo-online-bingo\\\/\"},\"wordCount\":577,\"image\":{\"@id\":\"https:\\\/\\\/gambling6.com\\\/pt-pt\\\/bingo\\\/estrategia-de-jogo-para-o-bingo-online-bingo\\\/#primaryimage\"},\"thumbnailUrl\":\"https:\\\/\\\/media.revenueplanet.com\\\/uploads\\\/nbb-468x60-nov-generic.gif\",\"articleSection\":[\"Not\u00edcias de Bingo\"],\"inLanguage\":\"pt-PT\"},{\"@type\":\"WebPage\",\"@id\":\"https:\\\/\\\/gambling6.com\\\/pt-pt\\\/bingo\\\/estrategia-de-jogo-para-o-bingo-online-bingo\\\/\",\"url\":\"https:\\\/\\\/gambling6.com\\\/pt-pt\\\/bingo\\\/estrategia-de-jogo-para-o-bingo-online-bingo\\\/\",\"name\":\"Estrat\u00e9gia de jogo para o bingo online\",\"isPartOf\":{\"@id\":\"https:\\\/\\\/gambling6.com\\\/pt-pt\\\/#website\"},\"primaryImageOfPage\":{\"@id\":\"https:\\\/\\\/gambling6.com\\\/pt-pt\\\/bingo\\\/estrategia-de-jogo-para-o-bingo-online-bingo\\\/#primaryimage\"},\"image\":{\"@id\":\"https:\\\/\\\/gambling6.com\\\/pt-pt\\\/bingo\\\/estrategia-de-jogo-para-o-bingo-online-bingo\\\/#primaryimage\"},\"thumbnailUrl\":\"https:\\\/\\\/media.revenueplanet.com\\\/uploads\\\/nbb-468x60-nov-generic.gif\",\"datePublished\":\"2022-06-07T08:09:43+00:00\",\"dateModified\":\"2025-11-17T16:15:28+00:00\",\"author\":{\"@id\":\"https:\\\/\\\/gambling6.com\\\/pt-pt\\\/#\\\/schema\\\/person\\\/d093de87a44a018ef67117d02d86ddaf\"},\"description\":\"Aumente as suas hip\u00f3teses de ganhar bingo online seguindo a estrat\u00e9gia de jogo correcta.\",\"breadcrumb\":{\"@id\":\"https:\\\/\\\/gambling6.com\\\/pt-pt\\\/bingo\\\/estrategia-de-jogo-para-o-bingo-online-bingo\\\/#breadcrumb\"},\"inLanguage\":\"pt-PT\",\"potentialAction\":[{\"@type\":\"ReadAction\",\"target\":[\"https:\\\/\\\/gambling6.com\\\/pt-pt\\\/bingo\\\/estrategia-de-jogo-para-o-bingo-online-bingo\\\/\"]}]},{\"@type\":\"ImageObject\",\"inLanguage\":\"pt-PT\",\"@id\":\"https:\\\/\\\/gambling6.com\\\/pt-pt\\\/bingo\\\/estrategia-de-jogo-para-o-bingo-online-bingo\\\/#primaryimage\",\"url\":\"https:\\\/\\\/media.revenueplanet.com\\\/uploads\\\/nbb-468x60-nov-generic.gif\",\"contentUrl\":\"https:\\\/\\\/media.revenueplanet.com\\\/uploads\\\/nbb-468x60-nov-generic.gif\"},{\"@type\":\"BreadcrumbList\",\"@id\":\"https:\\\/\\\/gambling6.com\\\/pt-pt\\\/bingo\\\/estrategia-de-jogo-para-o-bingo-online-bingo\\\/#breadcrumb\",\"itemListElement\":[{\"@type\":\"ListItem\",\"position\":1,\"name\":\"Home\",\"item\":\"https:\\\/\\\/gambling6.com\\\/pt-pt\\\/home\\\/\"},{\"@type\":\"ListItem\",\"position\":2,\"name\":\"Estrat\u00e9gia de jogo para o Bingo Online\"}]},{\"@type\":\"WebSite\",\"@id\":\"https:\\\/\\\/gambling6.com\\\/pt-pt\\\/#website\",\"url\":\"https:\\\/\\\/gambling6.com\\\/pt-pt\\\/\",\"name\":\"Gambling6\",\"description\":\"\",\"potentialAction\":[{\"@type\":\"SearchAction\",\"target\":{\"@type\":\"EntryPoint\",\"urlTemplate\":\"https:\\\/\\\/gambling6.com\\\/pt-pt\\\/?s={search_term_string}\"},\"query-input\":{\"@type\":\"PropertyValueSpecification\",\"valueRequired\":true,\"valueName\":\"search_term_string\"}}],\"inLanguage\":\"pt-PT\"},{\"@type\":\"Person\",\"@id\":\"https:\\\/\\\/gambling6.com\\\/pt-pt\\\/#\\\/schema\\\/person\\\/d093de87a44a018ef67117d02d86ddaf\",\"name\":\"Catfish\",\"image\":{\"@type\":\"ImageObject\",\"inLanguage\":\"pt-PT\",\"@id\":\"https:\\\/\\\/secure.gravatar.com\\\/avatar\\\/32edfa28ccbf005c231538b245a2670a36c7f33f2d3a9ab09e50843b363f2821?s=96&d=mm&r=g\",\"url\":\"https:\\\/\\\/secure.gravatar.com\\\/avatar\\\/32edfa28ccbf005c231538b245a2670a36c7f33f2d3a9ab09e50843b363f2821?s=96&d=mm&r=g\",\"contentUrl\":\"https:\\\/\\\/secure.gravatar.com\\\/avatar\\\/32edfa28ccbf005c231538b245a2670a36c7f33f2d3a9ab09e50843b363f2821?s=96&d=mm&r=g\",\"caption\":\"Catfish\"},\"sameAs\":[\"http:\\\/\\\/gambling6.com\"],\"url\":\"https:\\\/\\\/gambling6.com\\\/pt-pt\\\/author\\\/catfish\\\/\"}]}<\/script>\n<!-- \/ Yoast SEO plugin. -->","yoast_head_json":{"title":"Estrat\u00e9gia de jogo para o bingo online","description":"Aumente as suas hip\u00f3teses de ganhar bingo online seguindo a estrat\u00e9gia de jogo correcta.","robots":{"index":"index","follow":"follow","max-snippet":"max-snippet:-1","max-image-preview":"max-image-preview:large","max-video-preview":"max-video-preview:-1"},"canonical":"https:\/\/gambling6.com\/pt-pt\/bingo\/estrategia-de-jogo-para-o-bingo-online-bingo\/","og_locale":"pt_PT","og_type":"article","og_title":"Estrat\u00e9gia de jogo para o bingo online","og_description":"Aumente as suas hip\u00f3teses de ganhar bingo online seguindo a estrat\u00e9gia de jogo correcta.","og_url":"https:\/\/gambling6.com\/pt-pt\/bingo\/estrategia-de-jogo-para-o-bingo-online-bingo\/","og_site_name":"Gambling6","article_published_time":"2022-06-07T08:09:43+00:00","article_modified_time":"2025-11-17T16:15:28+00:00","og_image":[{"url":"https:\/\/media.revenueplanet.com\/uploads\/nbb-468x60-nov-generic.gif","type":"","width":"","height":""}],"author":"Catfish","twitter_card":"summary_large_image","twitter_misc":{"Escrito por":"Catfish","Tempo estimado de leitura":"3 minutos"},"schema":{"@context":"https:\/\/schema.org","@graph":[{"@type":"Article","@id":"https:\/\/gambling6.com\/pt-pt\/bingo\/estrategia-de-jogo-para-o-bingo-online-bingo\/#article","isPartOf":{"@id":"https:\/\/gambling6.com\/pt-pt\/bingo\/estrategia-de-jogo-para-o-bingo-online-bingo\/"},"author":{"name":"Catfish","@id":"https:\/\/gambling6.com\/pt-pt\/#\/schema\/person\/d093de87a44a018ef67117d02d86ddaf"},"headline":"Estrat\u00e9gia de jogo para o Bingo Online","datePublished":"2022-06-07T08:09:43+00:00","dateModified":"2025-11-17T16:15:28+00:00","mainEntityOfPage":{"@id":"https:\/\/gambling6.com\/pt-pt\/bingo\/estrategia-de-jogo-para-o-bingo-online-bingo\/"},"wordCount":577,"image":{"@id":"https:\/\/gambling6.com\/pt-pt\/bingo\/estrategia-de-jogo-para-o-bingo-online-bingo\/#primaryimage"},"thumbnailUrl":"https:\/\/media.revenueplanet.com\/uploads\/nbb-468x60-nov-generic.gif","articleSection":["Not\u00edcias de Bingo"],"inLanguage":"pt-PT"},{"@type":"WebPage","@id":"https:\/\/gambling6.com\/pt-pt\/bingo\/estrategia-de-jogo-para-o-bingo-online-bingo\/","url":"https:\/\/gambling6.com\/pt-pt\/bingo\/estrategia-de-jogo-para-o-bingo-online-bingo\/","name":"Estrat\u00e9gia de jogo para o bingo online","isPartOf":{"@id":"https:\/\/gambling6.com\/pt-pt\/#website"},"primaryImageOfPage":{"@id":"https:\/\/gambling6.com\/pt-pt\/bingo\/estrategia-de-jogo-para-o-bingo-online-bingo\/#primaryimage"},"image":{"@id":"https:\/\/gambling6.com\/pt-pt\/bingo\/estrategia-de-jogo-para-o-bingo-online-bingo\/#primaryimage"},"thumbnailUrl":"https:\/\/media.revenueplanet.com\/uploads\/nbb-468x60-nov-generic.gif","datePublished":"2022-06-07T08:09:43+00:00","dateModified":"2025-11-17T16:15:28+00:00","author":{"@id":"https:\/\/gambling6.com\/pt-pt\/#\/schema\/person\/d093de87a44a018ef67117d02d86ddaf"},"description":"Aumente as suas hip\u00f3teses de ganhar bingo online seguindo a estrat\u00e9gia de jogo correcta.","breadcrumb":{"@id":"https:\/\/gambling6.com\/pt-pt\/bingo\/estrategia-de-jogo-para-o-bingo-online-bingo\/#breadcrumb"},"inLanguage":"pt-PT","potentialAction":[{"@type":"ReadAction","target":["https:\/\/gambling6.com\/pt-pt\/bingo\/estrategia-de-jogo-para-o-bingo-online-bingo\/"]}]},{"@type":"ImageObject","inLanguage":"pt-PT","@id":"https:\/\/gambling6.com\/pt-pt\/bingo\/estrategia-de-jogo-para-o-bingo-online-bingo\/#primaryimage","url":"https:\/\/media.revenueplanet.com\/uploads\/nbb-468x60-nov-generic.gif","contentUrl":"https:\/\/media.revenueplanet.com\/uploads\/nbb-468x60-nov-generic.gif"},{"@type":"BreadcrumbList","@id":"https:\/\/gambling6.com\/pt-pt\/bingo\/estrategia-de-jogo-para-o-bingo-online-bingo\/#breadcrumb","itemListElement":[{"@type":"ListItem","position":1,"name":"Home","item":"https:\/\/gambling6.com\/pt-pt\/home\/"},{"@type":"ListItem","position":2,"name":"Estrat\u00e9gia de jogo para o Bingo Online"}]},{"@type":"WebSite","@id":"https:\/\/gambling6.com\/pt-pt\/#website","url":"https:\/\/gambling6.com\/pt-pt\/","name":"Gambling6","description":"","potentialAction":[{"@type":"SearchAction","target":{"@type":"EntryPoint","urlTemplate":"https:\/\/gambling6.com\/pt-pt\/?s={search_term_string}"},"query-input":{"@type":"PropertyValueSpecification","valueRequired":true,"valueName":"search_term_string"}}],"inLanguage":"pt-PT"},{"@type":"Person","@id":"https:\/\/gambling6.com\/pt-pt\/#\/schema\/person\/d093de87a44a018ef67117d02d86ddaf","name":"Catfish","image":{"@type":"ImageObject","inLanguage":"pt-PT","@id":"https:\/\/secure.gravatar.com\/avatar\/32edfa28ccbf005c231538b245a2670a36c7f33f2d3a9ab09e50843b363f2821?s=96&d=mm&r=g","url":"https:\/\/secure.gravatar.com\/avatar\/32edfa28ccbf005c231538b245a2670a36c7f33f2d3a9ab09e50843b363f2821?s=96&d=mm&r=g","contentUrl":"https:\/\/secure.gravatar.com\/avatar\/32edfa28ccbf005c231538b245a2670a36c7f33f2d3a9ab09e50843b363f2821?s=96&d=mm&r=g","caption":"Catfish"},"sameAs":["http:\/\/gambling6.com"],"url":"https:\/\/gambling6.com\/pt-pt\/author\/catfish\/"}]}},"_links":{"self":[{"href":"https:\/\/gambling6.com\/pt-pt\/wp-json\/wp\/v2\/pages\/6063","targetHints":{"allow":["GET"]}}],"collection":[{"href":"https:\/\/gambling6.com\/pt-pt\/wp-json\/wp\/v2\/pages"}],"about":[{"href":"https:\/\/gambling6.com\/pt-pt\/wp-json\/wp\/v2\/types\/page"}],"author":[{"embeddable":true,"href":"https:\/\/gambling6.com\/pt-pt\/wp-json\/wp\/v2\/users\/1"}],"replies":[{"embeddable":true,"href":"https:\/\/gambling6.com\/pt-pt\/wp-json\/wp\/v2\/comments?post=6063"}],"version-history":[{"count":1,"href":"https:\/\/gambling6.com\/pt-pt\/wp-json\/wp\/v2\/pages\/6063\/revisions"}],"predecessor-version":[{"id":6064,"href":"https:\/\/gambling6.com\/pt-pt\/wp-json\/wp\/v2\/pages\/6063\/revisions\/6064"}],"up":[{"embeddable":true,"href":"https:\/\/gambling6.com\/pt-pt\/wp-json\/wp\/v2\/pages\/8525"}],"wp:attachment":[{"href":"https:\/\/gambling6.com\/pt-pt\/wp-json\/wp\/v2\/media?parent=6063"}],"curies":[{"name":"wp","href":"https:\/\/api.w.org\/{rel}","templated":true}]}}