{"id":8137,"date":"2025-10-29T11:48:41","date_gmt":"2025-10-29T11:48:41","guid":{"rendered":"https:\/\/gambling6.com\/?page_id=8137"},"modified":"2025-10-29T12:26:43","modified_gmt":"2025-10-29T12:26:43","slug":"home","status":"publish","type":"page","link":"https:\/\/gambling6.com\/pt-pt\/","title":{"rendered":"Home"},"content":{"rendered":"<h2>Bem-vindo ao Gambling6 &#8211; informa\u00e7\u00f5es sobre todas as suas necessidades de jogos de azar a dinheiro<\/h2>\n<p><img loading=\"lazy\" decoding=\"async\" class=\" wp-image-2679 alignright\" src=\"https:\/\/gambling6.com\/wp-content\/uploads\/2022\/04\/1_win_lottery_online1.jpg\" alt=\"jogos de azar online a dinheiro\" width=\"253\" height=\"168\" \/><br \/>\nPara muitas pessoas, o mundo dos jogos de azar online com dinheiro real pode parecer assustador e algo que elas relutam em experimentar. Elas podem gostar de jogos de azar em geral, mas questionam-se se os sites de jogos de azar online s\u00e3o confi\u00e1veis. No entanto, hoje em dia, essa \u00e9 uma das maneiras mais f\u00e1ceis de desfrutar de todos os seus jogos de casino favoritos, mesmo que n\u00e3o more perto de um casino.<\/p>\n<p>Os sites de jogos de azar online criaram uma maneira de as pessoas jogarem p\u00f3quer, blackjack, roleta, v\u00eddeo p\u00f3quer, ca\u00e7a-n\u00edqueis, bingo, raspadinhas, apostar em eventos desportivos e agora voc\u00ea pode at\u00e9 participar de qualquer um dos grandes jackpots de loteria do mundo online &#8211; sem nunca ter que sair do conforto da sua casa.<\/p>\n<p>Todos adoram sites de casino com pagamentos r\u00e1pidos e, se gosta de jogar, precisa de verificar do que se trata e ver como pode come\u00e7ar a jogar nos muitos sites de jogos online que existem. Seguir os conselhos de um site de recursos de jogos de azar online como o nosso ir\u00e1 ajud\u00e1-lo a escolher um bom fornecedor e garantir que tem uma \u00f3tima experi\u00eancia. Caso queira come\u00e7ar imediatamente, estas s\u00e3o as minhas recomenda\u00e7\u00f5es pessoais:<\/p>\n<h2>O melhor site de jogos de azar<\/h2>\n<p>Pessoalmente, gosto de fazer todos os meus jogos de azar online num s\u00f3 lugar, sem ter que depositar em v\u00e1rios sites. \u00c9 por isso que o meu site favorito em geral \u00e9 o 888 &#8211; um \u00f3timo casino online com as m\u00e1quinas ca\u00e7a-n\u00edqueis mais legais que j\u00e1 vi e uma excelente sala de p\u00f4quer online. A sele\u00e7\u00e3o de jogos de casino, incluindo Blackjack, Roleta e muito mais, n\u00e3o deixa nada a desejar. Se procura uma experi\u00eancia realista de bingo ou raspadinhas, n\u00e3o h\u00e1 nada melhor do que o 888.<\/p>\n<p>\u00c9 por isso que o meu site favorito \u00e9 o 888 &#8211; um \u00f3timo casino online com as m\u00e1quinas ca\u00e7a-n\u00edqueis mais legais que j\u00e1 vi e uma excelente sala de p\u00f4quer online. A sele\u00e7\u00e3o de jogos de casino, incluindo Blackjack, Roleta e muito mais, n\u00e3o deixa nada a desejar. Se procura uma experi\u00eancia realista de bingo ou raspadinhas, n\u00e3o h\u00e1 nada melhor do que o 888.<\/p>\n<p>E ainda h\u00e1 a sec\u00e7\u00e3o de apostas desportivas, que oferece uma ampla variedade de eventos para apostar e as melhores odds que encontrar\u00e1 na web. Pode at\u00e9 apostar em finan\u00e7as, como os principais \u00edndices de a\u00e7\u00f5es e taxas de c\u00e2mbio! <a class=\"thirstylink\" title=\"888 casino en\" href=\"https:\/\/gambling6.com\/go\/888-casino-en\/\" target=\"_blank\" rel=\"nofollow noopener\">Use este link para acessar o 888 hoje e ganhe um b\u00f3nus de at\u00e9 \u20ac 1.500 no seu primeiro dep\u00f3sito.<\/a><\/p>\n<h2>O melhor site de apostas para residentes nos EUA<\/h2>\n<p>Se voc\u00ea \u00e9 residente nos EUA, suas op\u00e7\u00f5es s\u00e3o limitadas, e algumas das operadoras que aceitam clientes dos EUA s\u00e3o um pouco duvidosas, ent\u00e3o voc\u00ea precisa ter cuidado ao escolher.<\/p>\n<p>No entanto, um site se destaca da multid\u00e3o, que \u00e9 o <a class=\"thirstylink\" title=\"Betonline casino en\" href=\"https:\/\/gambling6.com\/go\/betonline-casino-en\/\" target=\"_blank\" rel=\"nofollow noopener\">Betonline &#8211; aqui pode jogar p\u00f3quer online, jogos de casino, slots, roleta, blackjack e fazer apostas desportivas.<\/a> Eles aceitam jogadores dos EUA e existem v\u00e1rias maneiras de depositar fundos na sua conta, bem como levantar os seus ganhos.<\/p>\n<h2>Gambling6 &#8211; as seis formas mais populares de jogo online<\/h2>\n<p>No Gambling6.com, encontrar\u00e1 informa\u00e7\u00f5es sobre o seguinte:<\/p>\n<ul>\n<li>Jogos de casino, incluindo Blackjack, Roleta, Craps, V\u00eddeo P\u00f3quer, Slots, etc.<\/li>\n<li>P\u00f3quer em todas as suas varia\u00e7\u00f5es<\/li>\n<li>Bingo online<\/li>\n<li>Raspadinhas online<\/li>\n<li>Apostas desportivas e apostas em outros eventos<\/li>\n<li>Como obter um bilhete online para qualquer lotaria fora do seu pa\u00eds de resid\u00eancia<\/li>\n<\/ul>\n<h2>Que tal um pouco de divers\u00e3o com lotarias e jackpots de classe mundial?<\/h2>\n<p>Suponha que \u00e9 um f\u00e3 de lotaria e n\u00e3o quer ficar restrito \u00e0 lotaria local. Nesse caso, temos boas not\u00edcias para si: agora pode tentar a sua sorte em qualquer jackpot de lotaria em todo o mundo &#8211; a RedFoxLotto permite-lhe comprar bilhetes de lotaria online para os maiores jackpots de lotaria do mundo, como Mega Millions, Powerball, El Gordo, EuroMillions e muitos mais. <a href=\"https:\/\/redfoxlotto.com\/pt-pt\/\">Clique aqui para verificar qual lotaria tem o maior jackpot a sair e compre um bilhete em segundos!<\/a><\/p>\n<h2>Perguntas frequentes sobre casinos online<\/h2>\n<p>Se \u00e9 novo no mundo dos casinos online, provavelmente tem d\u00favidas sobre como jogar online e como tudo funciona. Algumas das suas perguntas s\u00e3o as mesmas que muitos outros novos jogadores de casino online t\u00eam. Essas perguntas foram respondidas nesta sec\u00e7\u00e3o de perguntas frequentes e ir\u00e3o ajud\u00e1-lo a come\u00e7ar.<\/p>\n<p><strong>Tenho de ter uma certa idade para jogar num casino online?<\/strong><\/p>\n<p>Cada casino online define as suas pr\u00f3prias regras e diretrizes. No entanto, a maioria exige que os jogadores tenham 18 ou 21 anos para participar em jogos de casino com dinheiro real.<\/p>\n<p><strong>Preciso de fazer o download de algo no meu computador para jogar jogos de casino online?<\/strong><\/p>\n<p>Muitos dos casinos online permitem que jogue no modo de jogo instant\u00e2neo. Quando optar por aproveitar o modo de jogo instant\u00e2neo, n\u00e3o precisar\u00e1 de fazer o download de nenhum software para o seu computador.<\/p>\n<p><strong>\u00c9 dif\u00edcil registar-se num casino online?<\/strong><\/p>\n<p>O processo \u00e9, na verdade, muito f\u00e1cil. Ter\u00e1 de introduzir informa\u00e7\u00f5es b\u00e1sicas sobre si e descarregar e instalar o software se pretender jogar os jogos que requerem descarregamento. Todo o processo demora apenas alguns minutos.<\/p>\n<p><strong>Tenho de depositar dinheiro imediatamente?<\/strong><\/p>\n<p>A maioria dos casinos permite-lhe experimentar os seus jogos sem depositar. Alguns oferecem rodadas gr\u00e1tis ou permitem que jogue gratuitamente por um per\u00edodo espec\u00edfico. Muitas vezes, pode at\u00e9 ficar com os seus ganhos durante esse per\u00edodo se fizer um dep\u00f3sito em dinheiro real mais tarde!<\/p>\n<p><strong>O que s\u00e3o os b\u00f3nus?<\/strong><\/p>\n<p>A maioria dos casinos online usa b\u00f3nus para atrair jogadores e faz\u00ea-los voltar. Alguns dos b\u00f3nus valem centenas ou at\u00e9 milhares de d\u00f3lares. Na maioria das vezes, ter\u00e1 de liberar os b\u00f3nus antes de ter acesso a eles. As instru\u00e7\u00f5es para liberar o b\u00f3nus podem ser encontradas no casino online que oferece o b\u00f3nus.<\/p>\n<p><strong>Que jogos posso jogar num casino online?<\/strong><\/p>\n<p>Cada casino online oferece a sua pr\u00f3pria sele\u00e7\u00e3o de jogos. No entanto, alguns dos jogos mais comuns incluem slots de v\u00eddeo, m\u00e1quinas ca\u00e7a-n\u00edqueis, roleta, craps, blackjack, p\u00f4quer e at\u00e9 loterias de todo o mundo.<\/p>\n<p><strong>Quanto dinheiro posso realmente ganhar jogando num casino online?<\/strong><\/p>\n<p>Em primeiro lugar, n\u00e3o h\u00e1 garantia de que ganhar\u00e1 alguma coisa. No entanto, h\u00e1 muito dinheiro a ganhar. Encontrar\u00e1 jackpots de slot machines de milh\u00f5es de d\u00f3lares, torneios de p\u00f3quer com pr\u00e9mios garantidos de 1 milh\u00e3o de d\u00f3lares ou mais, etc. Na verdade, a maioria dos casinos online tem melhores percentagens de pagamento do que os casinos f\u00edsicos. Isto porque t\u00eam custos operacionais mais baixos e podem pagar uma taxa mais elevada de apostas.<\/p>\n","protected":false},"excerpt":{"rendered":"<p>Bem-vindo ao Gambling6 &#8211; informa\u00e7\u00f5es sobre todas as suas necessidades de jogos de azar a dinheiro Para muitas pessoas, o mundo dos jogos de azar online com dinheiro real pode parecer assustador e algo que elas relutam em experimentar. Elas podem gostar de jogos de azar em geral, mas questionam-se se os sites de jogos [&hellip;]<\/p>\n","protected":false},"author":1,"featured_media":0,"parent":0,"menu_order":1,"comment_status":"closed","ping_status":"closed","template":"","meta":{"footnotes":""},"class_list":["post-8137","page","type-page","status-publish","hentry"],"yoast_head":"<!-- This site is optimized with the Yoast SEO plugin v27.4 - https:\/\/yoast.com\/product\/yoast-seo-wordpress\/ -->\n<title>Melhores jogos de azar online a dinheiro | Bem-vindo ao Gambling6<\/title>\n<meta name=\"description\" content=\"Se gosta de jogar a dinheiro, o nosso site de recursos de jogos de azar tem todas as informa\u00e7\u00f5es de que precisa sobre os 6 jogos online mais populares\" \/>\n<meta name=\"robots\" content=\"index, follow, max-snippet:-1, max-image-preview:large, max-video-preview:-1\" \/>\n<link rel=\"canonical\" href=\"https:\/\/gambling6.com\/pt-pt\/\" \/>\n<meta property=\"og:locale\" content=\"pt_PT\" \/>\n<meta property=\"og:type\" content=\"article\" \/>\n<meta property=\"og:title\" content=\"Melhores jogos de azar online a dinheiro | Bem-vindo ao Gambling6\" \/>\n<meta property=\"og:description\" content=\"Se gosta de jogar a dinheiro, o nosso site de recursos de jogos de azar tem todas as informa\u00e7\u00f5es de que precisa sobre os 6 jogos online mais populares\" \/>\n<meta property=\"og:url\" content=\"https:\/\/gambling6.com\/pt-pt\/\" \/>\n<meta property=\"og:site_name\" content=\"Gambling6\" \/>\n<meta property=\"article:modified_time\" content=\"2025-10-29T12:26:43+00:00\" \/>\n<meta property=\"og:image\" content=\"https:\/\/gambling6.com\/wp-content\/uploads\/2022\/04\/1_win_lottery_online1.jpg\" \/>\n\t<meta property=\"og:image:width\" content=\"300\" \/>\n\t<meta property=\"og:image:height\" content=\"199\" \/>\n\t<meta property=\"og:image:type\" content=\"image\/jpeg\" \/>\n<meta name=\"twitter:card\" content=\"summary_large_image\" \/>\n<meta name=\"twitter:label1\" content=\"Tempo estimado de leitura\" \/>\n\t<meta name=\"twitter:data1\" content=\"6 minutos\" \/>\n<script type=\"application\/ld+json\" class=\"yoast-schema-graph\">{\"@context\":\"https:\\\/\\\/schema.org\",\"@graph\":[{\"@type\":\"WebPage\",\"@id\":\"https:\\\/\\\/gambling6.com\\\/pt-pt\\\/\",\"url\":\"https:\\\/\\\/gambling6.com\\\/pt-pt\\\/\",\"name\":\"Melhores jogos de azar online a dinheiro | Bem-vindo ao Gambling6\",\"isPartOf\":{\"@id\":\"https:\\\/\\\/gambling6.com\\\/pt-pt\\\/#website\"},\"primaryImageOfPage\":{\"@id\":\"https:\\\/\\\/gambling6.com\\\/pt-pt\\\/#primaryimage\"},\"image\":{\"@id\":\"https:\\\/\\\/gambling6.com\\\/pt-pt\\\/#primaryimage\"},\"thumbnailUrl\":\"https:\\\/\\\/gambling6.com\\\/wp-content\\\/uploads\\\/2022\\\/04\\\/1_win_lottery_online1.jpg\",\"datePublished\":\"2025-10-29T11:48:41+00:00\",\"dateModified\":\"2025-10-29T12:26:43+00:00\",\"description\":\"Se gosta de jogar a dinheiro, o nosso site de recursos de jogos de azar tem todas as informa\u00e7\u00f5es de que precisa sobre os 6 jogos online mais populares\",\"breadcrumb\":{\"@id\":\"https:\\\/\\\/gambling6.com\\\/pt-pt\\\/#breadcrumb\"},\"inLanguage\":\"pt-PT\",\"potentialAction\":[{\"@type\":\"ReadAction\",\"target\":[\"https:\\\/\\\/gambling6.com\\\/pt-pt\\\/\"]}]},{\"@type\":\"ImageObject\",\"inLanguage\":\"pt-PT\",\"@id\":\"https:\\\/\\\/gambling6.com\\\/pt-pt\\\/#primaryimage\",\"url\":\"https:\\\/\\\/gambling6.com\\\/wp-content\\\/uploads\\\/2022\\\/04\\\/1_win_lottery_online1.jpg\",\"contentUrl\":\"https:\\\/\\\/gambling6.com\\\/wp-content\\\/uploads\\\/2022\\\/04\\\/1_win_lottery_online1.jpg\"},{\"@type\":\"BreadcrumbList\",\"@id\":\"https:\\\/\\\/gambling6.com\\\/pt-pt\\\/#breadcrumb\",\"itemListElement\":[{\"@type\":\"ListItem\",\"position\":1,\"name\":\"Home\",\"item\":\"https:\\\/\\\/gambling6.com\\\/pt-pt\\\/home\\\/\"},{\"@type\":\"ListItem\",\"position\":2,\"name\":\"Home\"}]},{\"@type\":\"WebSite\",\"@id\":\"https:\\\/\\\/gambling6.com\\\/pt-pt\\\/#website\",\"url\":\"https:\\\/\\\/gambling6.com\\\/pt-pt\\\/\",\"name\":\"Gambling6\",\"description\":\"\",\"potentialAction\":[{\"@type\":\"SearchAction\",\"target\":{\"@type\":\"EntryPoint\",\"urlTemplate\":\"https:\\\/\\\/gambling6.com\\\/pt-pt\\\/?s={search_term_string}\"},\"query-input\":{\"@type\":\"PropertyValueSpecification\",\"valueRequired\":true,\"valueName\":\"search_term_string\"}}],\"inLanguage\":\"pt-PT\"}]}<\/script>\n<!-- \/ Yoast SEO plugin. -->","yoast_head_json":{"title":"Melhores jogos de azar online a dinheiro | Bem-vindo ao Gambling6","description":"Se gosta de jogar a dinheiro, o nosso site de recursos de jogos de azar tem todas as informa\u00e7\u00f5es de que precisa sobre os 6 jogos online mais populares","robots":{"index":"index","follow":"follow","max-snippet":"max-snippet:-1","max-image-preview":"max-image-preview:large","max-video-preview":"max-video-preview:-1"},"canonical":"https:\/\/gambling6.com\/pt-pt\/","og_locale":"pt_PT","og_type":"article","og_title":"Melhores jogos de azar online a dinheiro | Bem-vindo ao Gambling6","og_description":"Se gosta de jogar a dinheiro, o nosso site de recursos de jogos de azar tem todas as informa\u00e7\u00f5es de que precisa sobre os 6 jogos online mais populares","og_url":"https:\/\/gambling6.com\/pt-pt\/","og_site_name":"Gambling6","article_modified_time":"2025-10-29T12:26:43+00:00","og_image":[{"width":300,"height":199,"url":"https:\/\/gambling6.com\/wp-content\/uploads\/2022\/04\/1_win_lottery_online1.jpg","type":"image\/jpeg"}],"twitter_card":"summary_large_image","twitter_misc":{"Tempo estimado de leitura":"6 minutos"},"schema":{"@context":"https:\/\/schema.org","@graph":[{"@type":"WebPage","@id":"https:\/\/gambling6.com\/pt-pt\/","url":"https:\/\/gambling6.com\/pt-pt\/","name":"Melhores jogos de azar online a dinheiro | Bem-vindo ao Gambling6","isPartOf":{"@id":"https:\/\/gambling6.com\/pt-pt\/#website"},"primaryImageOfPage":{"@id":"https:\/\/gambling6.com\/pt-pt\/#primaryimage"},"image":{"@id":"https:\/\/gambling6.com\/pt-pt\/#primaryimage"},"thumbnailUrl":"https:\/\/gambling6.com\/wp-content\/uploads\/2022\/04\/1_win_lottery_online1.jpg","datePublished":"2025-10-29T11:48:41+00:00","dateModified":"2025-10-29T12:26:43+00:00","description":"Se gosta de jogar a dinheiro, o nosso site de recursos de jogos de azar tem todas as informa\u00e7\u00f5es de que precisa sobre os 6 jogos online mais populares","breadcrumb":{"@id":"https:\/\/gambling6.com\/pt-pt\/#breadcrumb"},"inLanguage":"pt-PT","potentialAction":[{"@type":"ReadAction","target":["https:\/\/gambling6.com\/pt-pt\/"]}]},{"@type":"ImageObject","inLanguage":"pt-PT","@id":"https:\/\/gambling6.com\/pt-pt\/#primaryimage","url":"https:\/\/gambling6.com\/wp-content\/uploads\/2022\/04\/1_win_lottery_online1.jpg","contentUrl":"https:\/\/gambling6.com\/wp-content\/uploads\/2022\/04\/1_win_lottery_online1.jpg"},{"@type":"BreadcrumbList","@id":"https:\/\/gambling6.com\/pt-pt\/#breadcrumb","itemListElement":[{"@type":"ListItem","position":1,"name":"Home","item":"https:\/\/gambling6.com\/pt-pt\/home\/"},{"@type":"ListItem","position":2,"name":"Home"}]},{"@type":"WebSite","@id":"https:\/\/gambling6.com\/pt-pt\/#website","url":"https:\/\/gambling6.com\/pt-pt\/","name":"Gambling6","description":"","potentialAction":[{"@type":"SearchAction","target":{"@type":"EntryPoint","urlTemplate":"https:\/\/gambling6.com\/pt-pt\/?s={search_term_string}"},"query-input":{"@type":"PropertyValueSpecification","valueRequired":true,"valueName":"search_term_string"}}],"inLanguage":"pt-PT"}]}},"_links":{"self":[{"href":"https:\/\/gambling6.com\/pt-pt\/wp-json\/wp\/v2\/pages\/8137","targetHints":{"allow":["GET"]}}],"collection":[{"href":"https:\/\/gambling6.com\/pt-pt\/wp-json\/wp\/v2\/pages"}],"about":[{"href":"https:\/\/gambling6.com\/pt-pt\/wp-json\/wp\/v2\/types\/page"}],"author":[{"embeddable":true,"href":"https:\/\/gambling6.com\/pt-pt\/wp-json\/wp\/v2\/users\/1"}],"replies":[{"embeddable":true,"href":"https:\/\/gambling6.com\/pt-pt\/wp-json\/wp\/v2\/comments?post=8137"}],"version-history":[{"count":2,"href":"https:\/\/gambling6.com\/pt-pt\/wp-json\/wp\/v2\/pages\/8137\/revisions"}],"predecessor-version":[{"id":8141,"href":"https:\/\/gambling6.com\/pt-pt\/wp-json\/wp\/v2\/pages\/8137\/revisions\/8141"}],"wp:attachment":[{"href":"https:\/\/gambling6.com\/pt-pt\/wp-json\/wp\/v2\/media?parent=8137"}],"curies":[{"name":"wp","href":"https:\/\/api.w.org\/{rel}","templated":true}]}}