{"id":8322,"date":"2025-11-07T10:06:05","date_gmt":"2025-11-07T10:06:05","guid":{"rendered":"https:\/\/gambling6.com\/cassino\/"},"modified":"2025-11-12T15:52:04","modified_gmt":"2025-11-12T15:52:04","slug":"cassino","status":"publish","type":"page","link":"https:\/\/gambling6.com\/pt-pt\/cassino\/","title":{"rendered":"Cassino"},"content":{"rendered":"<h2>Guia para Iniciantes em Casinos Online<\/h2>\n<p>Sejamos sinceros: os casinos online vieram para ficar. Considerando a sua crescente popularidade, \u00e9 um facto que os jogadores os adoram. Jogar online com dinheiro real agrada a todos os que come\u00e7am, e querem mais. Quase todos os dias, grandes quantias de dinheiro mudam de m\u00e3os nestes casinos online. Sejam dep\u00f3sitos ou levantamentos, tudo acontece a alta velocidade atrav\u00e9s da internet.<\/p>\n<p>No entanto, \u00e9 aqui que muitas pessoas ficam um pouco nervosas. Mais do que as combina\u00e7\u00f5es de cartas ou slot machines, s\u00e3o as op\u00e7\u00f5es de pagamento e a sua seguran\u00e7a que preocupam os jogadores. E n\u00e3o podemos culp\u00e1-los. As transa\u00e7\u00f5es online podem causar muitas dores de cabe\u00e7a se n\u00e3o houver cuidado.<\/p>\n<p>\u00c9 por isso que muitos casinos online se esfor\u00e7am por convencer os clientes de que as <strong>op\u00e7\u00f5es de pagamento oferecidas nos seus sites s\u00e3o seguras.<\/strong> De facto, \u00e9 uma boa ideia estar atento quando se trata de transa\u00e7\u00f5es online. A \u00faltima coisa que quer \u00e9 que os dados do seu cart\u00e3o de cr\u00e9dito caiam em m\u00e3os erradas. A internet est\u00e1 repleta de hackers e burl\u00f5es, e a \u00faltima coisa que quer \u00e9 tornar-se a pr\u00f3xima v\u00edtima. O melhor a fazer \u00e9 aumentar o seu conhecimento sobre os m\u00e9todos de pagamento online e as suas diversas op\u00e7\u00f5es.<\/p>\n<p>Existem v\u00e1rios canais de pagamento oferecidos pelos casinos online, que s\u00e3o seguros de utilizar quando se joga online. Pagar com cart\u00f5es de cr\u00e9dito ou d\u00e9bito \u00e9 bastante comum no panorama dos casinos online. Quase todos os casinos aceitam Visa, Mastercard e American Express. Pode utilizar qualquer um destes cart\u00f5es para fazer transa\u00e7\u00f5es.<\/p>\n<h2>Casinos online que aceitam clientes dos EUA<\/h2>\n<p><img loading=\"lazy\" decoding=\"async\" class=\" wp-image-2901 alignright\" src=\"https:\/\/gambling6.com\/wp-content\/uploads\/2022\/04\/download-image2-300x190.jpg\" alt=\"download de casino online\" width=\"249\" height=\"158\" srcset=\"https:\/\/gambling6.com\/wp-content\/uploads\/2022\/04\/download-image2-300x190.jpg 300w, https:\/\/gambling6.com\/wp-content\/uploads\/2022\/04\/download-image2.jpg 435w\" sizes=\"auto, (max-width: 249px) 100vw, 249px\" \/>Se reside nos Estados Unidos, as suas op\u00e7\u00f5es em rela\u00e7\u00e3o aos casinos online s\u00e3o algo limitadas devido \u00e0 legisla\u00e7\u00e3o americana. O mesmo se aplica \u00e0s op\u00e7\u00f5es de pagamento dispon\u00edveis. Por isso, como residente nos EUA, deve procurar um casino com m\u00e9todos convenientes para dep\u00f3sitos e levantamentos para come\u00e7ar a jogar online.<\/p>\n<p>Principalmente quando se trata de facilidade no processamento de pagamentos, o casino BetOnline destaca-se, e \u00e9 por isso que o recomendamos vivamente aos visitantes dos EUA. <a class=\"thirstylink\" title=\"Betonline casino en\" href=\"https:\/\/gambling6.com\/go\/betonline-casino-en\/\" target=\"_blank\" rel=\"nofollow noopener\"><strong>Clique <\/strong><strong>aqui para os visitar agora.<\/strong><\/a><\/p>\n<p>Embora possa parecer uma sugest\u00e3o \u00f3bvia, antes de introduzir os dados do seu cart\u00e3o de cr\u00e9dito, certifique-se de que compreende o objetivo da transa\u00e7\u00e3o e confia no site. Pode tamb\u00e9m ir al\u00e9m da simples introdu\u00e7\u00e3o das informa\u00e7\u00f5es do cart\u00e3o de cr\u00e9dito, optando por m\u00e9todos de pagamento online. Existem diversos portais online dedicados a este fim. \u00c9 verdade que os casinos podem ter os seus sites de transa\u00e7\u00f5es online favoritos, mas alguns s\u00e3o mais populares do que outros.<\/p>\n<p>Estes sites de transa\u00e7\u00f5es online incluem Neteller, Money Transfer, eWalletXpress, PayPal, Instadebit e Moneybookers. O Moneybookers \u00e9 um m\u00e9todo bastante popular nos pa\u00edses europeus, incluindo o Reino Unido. Esta facilidade tornou os cidad\u00e3os europeus grandes f\u00e3s de casinos online.<\/p>\n<h2>Casinos que processam pagamentos via PayPal<\/h2>\n<p>Se j\u00e1 conhece o PayPal, n\u00e3o ter\u00e1 problemas em utiliz\u00e1-lo para as suas sess\u00f5es de jogo online. Tudo o que tem de fazer \u00e9 registar o seu nome e ligar o seu cart\u00e3o de cr\u00e9dito \u00e0 conta. Este m\u00e9todo de pagamento \u00e9 aceite pela maioria dos casinos e sites de jogo online. Se pretende permanecer an\u00f3nimo ao jogar online, o eWalletXpress \u00e9 a melhor op\u00e7\u00e3o. Al\u00e9m da seguran\u00e7a, este site ajuda os depositantes a manterem-se em sigilo. \u00c9 um m\u00e9todo de transa\u00e7\u00e3o r\u00e1pido e aceite pela maioria dos casinos online.<\/p>\n<p>Gra\u00e7as \u00e0 popularidade das transa\u00e7\u00f5es online, incluindo o jogo online, o PayPal ganhou muita destaque. Parece que h\u00e1 um pequeno n\u00famero de casinos que confiam neste site pelo seu m\u00e9todo de pagamento seguro.<\/p>\n<p>O 888 Casino oferece a op\u00e7\u00e3o PayPal para todos os seus jogadores residentes no Reino Unido e na Irlanda. No entanto, caso seja residente na Austr\u00e1lia e pretenda jogar neste site, poder\u00e1 efetuar as suas transa\u00e7\u00f5es atrav\u00e9s do MasterCard. Para al\u00e9m dos dois pa\u00edses acima mencionados, os outros pa\u00edses europeus abrangidos por este sistema de transa\u00e7\u00f5es online s\u00e3o a Espanha, Portugal, It\u00e1lia, \u00c1ustria, Finl\u00e2ndia, Su\u00e9cia e Dinamarca.<\/p>\n<p>Atualmente, o 888 Casino tem uma grande oferta para novos jogadores: um b\u00f3nus de 100% at\u00e9 1500,00\u20ac no seu primeiro dep\u00f3sito! Esta promo\u00e7\u00e3o \u00e9 v\u00e1lida apenas para residentes em pa\u00edses espec\u00edficos. <a class=\"thirstylink\" title=\"888 casino en\" href=\"https:\/\/gambling6.com\/go\/888-casino-en\/\" target=\"_blank\" rel=\"nofollow noopener\">Consulte o site do 888 para mais informa\u00e7\u00f5es.<\/a><\/p>\n<p>Em s\u00edntese, a maioria oferece op\u00e7\u00f5es de pagamento para todos os jogadores, independentemente do local onde residem.Os cidad\u00e3os americanos e australianos podem utilizar Visa, MasterCard, Neteller e Moneybookers, enquanto os que residem na Europa podem utilizar o sistema PayPal.<\/p>\n<p>O 888 Casino oferece uma variedade de jogos, incluindo jogos 3D. Pode fazer as suas apostas utilizando PayPal, MasterCard ou qualquer outro m\u00e9todo de pagamento aceite. Todos estes m\u00e9todos de pagamento s\u00e3o bastante seguros. No entanto, tal como muitos outros casinos online, o 888casinos.com tamb\u00e9m tem um valor m\u00ednimo de dep\u00f3sito que ter\u00e1 de cumprir. Este valor depende geralmente do m\u00e9todo de pagamento escolhido. Caso utilize cart\u00f5es MasterCard ou Visa, o dep\u00f3sito m\u00ednimo ser\u00e1 de 20 d\u00f3lares, 20\u20ac ou 20 libras, dependendo da sua regi\u00e3o. J\u00e1 os jogadores que utilizem cart\u00f5es de d\u00e9bito Maestro dever\u00e3o depositar pelo menos 10 d\u00f3lares ou 10 euros. Se estiver a utilizar sites como o PayPal, MoneyBookers ou Neteller, o valor m\u00ednimo ser\u00e1 de 20 d\u00f3lares.<\/p>\n<p>Na maioria das vezes, o valor pode variar de acordo com a moeda, dependendo da taxa de c\u00e2mbio e de outras taxas aplic\u00e1veis. \u00c9 por isso que, enquanto um jogador pode depositar 10 libras via Neteller, outro pode acabar por pagar 20 d\u00f3lares, o dobro do valor anterior. Portanto, ao realizar transa\u00e7\u00f5es, \u00e9 melhor saber qual a moeda que deve utilizar em cada casino.<\/p>\n<p>Em resumo, ao jogar online com o seu dinheiro num casino online, \u00e9 melhor utilizar um m\u00e9todo de pagamento fi\u00e1vel. Desta forma, n\u00e3o ter\u00e1 arrependimentos depois. Afinal, est\u00e1 ali para se divertir e n\u00e3o para ser v\u00edtima de fraude. Por isso, jogue com seguran\u00e7a e que a sorte esteja consigo!<\/p>\n","protected":false},"excerpt":{"rendered":"<p>Guia para Iniciantes em Casinos Online Sejamos sinceros: os casinos online vieram para ficar. Considerando a sua crescente popularidade, \u00e9 um facto que os jogadores os adoram. Jogar online com dinheiro real agrada a todos os que come\u00e7am, e querem mais. Quase todos os dias, grandes quantias de dinheiro mudam de m\u00e3os nestes casinos online. [&hellip;]<\/p>\n","protected":false},"author":1,"featured_media":0,"parent":0,"menu_order":2,"comment_status":"closed","ping_status":"closed","template":"","meta":{"footnotes":""},"class_list":["post-8322","page","type-page","status-publish","hentry"],"yoast_head":"<!-- This site is optimized with the Yoast SEO plugin v27.4 - https:\/\/yoast.com\/product\/yoast-seo-wordpress\/ -->\n<title>Comece a jogar online | Guia de Casinos Online<\/title>\n<meta name=\"description\" content=\"Sejamos sinceros: os casinos online vieram para ficar. Comece agora mesmo \u2013 o nosso guia de casinos online ajuda-o a escolher os melhores sites.\" \/>\n<meta name=\"robots\" content=\"index, follow, max-snippet:-1, max-image-preview:large, max-video-preview:-1\" \/>\n<link rel=\"canonical\" href=\"https:\/\/gambling6.com\/pt-pt\/cassino\/\" \/>\n<meta property=\"og:locale\" content=\"pt_PT\" \/>\n<meta property=\"og:type\" content=\"article\" \/>\n<meta property=\"og:title\" content=\"Comece a jogar online | Guia de Casinos Online\" \/>\n<meta property=\"og:description\" content=\"Sejamos sinceros: os casinos online vieram para ficar. Comece agora mesmo \u2013 o nosso guia de casinos online ajuda-o a escolher os melhores sites.\" \/>\n<meta property=\"og:url\" content=\"https:\/\/gambling6.com\/pt-pt\/cassino\/\" \/>\n<meta property=\"og:site_name\" content=\"Gambling6\" \/>\n<meta property=\"article:modified_time\" content=\"2025-11-12T15:52:04+00:00\" \/>\n<meta property=\"og:image\" content=\"https:\/\/gambling6.com\/wp-content\/uploads\/2022\/04\/download-image2.jpg\" \/>\n\t<meta property=\"og:image:width\" content=\"435\" \/>\n\t<meta property=\"og:image:height\" content=\"276\" \/>\n\t<meta property=\"og:image:type\" content=\"image\/jpeg\" \/>\n<meta name=\"twitter:card\" content=\"summary_large_image\" \/>\n<meta name=\"twitter:label1\" content=\"Tempo estimado de leitura\" \/>\n\t<meta name=\"twitter:data1\" content=\"5 minutos\" \/>\n<script type=\"application\/ld+json\" class=\"yoast-schema-graph\">{\"@context\":\"https:\\\/\\\/schema.org\",\"@graph\":[{\"@type\":\"WebPage\",\"@id\":\"https:\\\/\\\/gambling6.com\\\/pt-pt\\\/cassino\\\/\",\"url\":\"https:\\\/\\\/gambling6.com\\\/pt-pt\\\/cassino\\\/\",\"name\":\"Comece a jogar online | Guia de Casinos Online\",\"isPartOf\":{\"@id\":\"https:\\\/\\\/gambling6.com\\\/pt-pt\\\/#website\"},\"primaryImageOfPage\":{\"@id\":\"https:\\\/\\\/gambling6.com\\\/pt-pt\\\/cassino\\\/#primaryimage\"},\"image\":{\"@id\":\"https:\\\/\\\/gambling6.com\\\/pt-pt\\\/cassino\\\/#primaryimage\"},\"thumbnailUrl\":\"https:\\\/\\\/gambling6.com\\\/wp-content\\\/uploads\\\/2022\\\/04\\\/download-image2-300x190.jpg\",\"datePublished\":\"2025-11-07T10:06:05+00:00\",\"dateModified\":\"2025-11-12T15:52:04+00:00\",\"description\":\"Sejamos sinceros: os casinos online vieram para ficar. Comece agora mesmo \u2013 o nosso guia de casinos online ajuda-o a escolher os melhores sites.\",\"breadcrumb\":{\"@id\":\"https:\\\/\\\/gambling6.com\\\/pt-pt\\\/cassino\\\/#breadcrumb\"},\"inLanguage\":\"pt-PT\",\"potentialAction\":[{\"@type\":\"ReadAction\",\"target\":[\"https:\\\/\\\/gambling6.com\\\/pt-pt\\\/cassino\\\/\"]}]},{\"@type\":\"ImageObject\",\"inLanguage\":\"pt-PT\",\"@id\":\"https:\\\/\\\/gambling6.com\\\/pt-pt\\\/cassino\\\/#primaryimage\",\"url\":\"https:\\\/\\\/gambling6.com\\\/wp-content\\\/uploads\\\/2022\\\/04\\\/download-image2-300x190.jpg\",\"contentUrl\":\"https:\\\/\\\/gambling6.com\\\/wp-content\\\/uploads\\\/2022\\\/04\\\/download-image2-300x190.jpg\"},{\"@type\":\"BreadcrumbList\",\"@id\":\"https:\\\/\\\/gambling6.com\\\/pt-pt\\\/cassino\\\/#breadcrumb\",\"itemListElement\":[{\"@type\":\"ListItem\",\"position\":1,\"name\":\"Home\",\"item\":\"https:\\\/\\\/gambling6.com\\\/pt-pt\\\/home\\\/\"},{\"@type\":\"ListItem\",\"position\":2,\"name\":\"Cassino\"}]},{\"@type\":\"WebSite\",\"@id\":\"https:\\\/\\\/gambling6.com\\\/pt-pt\\\/#website\",\"url\":\"https:\\\/\\\/gambling6.com\\\/pt-pt\\\/\",\"name\":\"Gambling6\",\"description\":\"\",\"potentialAction\":[{\"@type\":\"SearchAction\",\"target\":{\"@type\":\"EntryPoint\",\"urlTemplate\":\"https:\\\/\\\/gambling6.com\\\/pt-pt\\\/?s={search_term_string}\"},\"query-input\":{\"@type\":\"PropertyValueSpecification\",\"valueRequired\":true,\"valueName\":\"search_term_string\"}}],\"inLanguage\":\"pt-PT\"}]}<\/script>\n<!-- \/ Yoast SEO plugin. -->","yoast_head_json":{"title":"Comece a jogar online | Guia de Casinos Online","description":"Sejamos sinceros: os casinos online vieram para ficar. Comece agora mesmo \u2013 o nosso guia de casinos online ajuda-o a escolher os melhores sites.","robots":{"index":"index","follow":"follow","max-snippet":"max-snippet:-1","max-image-preview":"max-image-preview:large","max-video-preview":"max-video-preview:-1"},"canonical":"https:\/\/gambling6.com\/pt-pt\/cassino\/","og_locale":"pt_PT","og_type":"article","og_title":"Comece a jogar online | Guia de Casinos Online","og_description":"Sejamos sinceros: os casinos online vieram para ficar. Comece agora mesmo \u2013 o nosso guia de casinos online ajuda-o a escolher os melhores sites.","og_url":"https:\/\/gambling6.com\/pt-pt\/cassino\/","og_site_name":"Gambling6","article_modified_time":"2025-11-12T15:52:04+00:00","og_image":[{"width":435,"height":276,"url":"https:\/\/gambling6.com\/wp-content\/uploads\/2022\/04\/download-image2.jpg","type":"image\/jpeg"}],"twitter_card":"summary_large_image","twitter_misc":{"Tempo estimado de leitura":"5 minutos"},"schema":{"@context":"https:\/\/schema.org","@graph":[{"@type":"WebPage","@id":"https:\/\/gambling6.com\/pt-pt\/cassino\/","url":"https:\/\/gambling6.com\/pt-pt\/cassino\/","name":"Comece a jogar online | Guia de Casinos Online","isPartOf":{"@id":"https:\/\/gambling6.com\/pt-pt\/#website"},"primaryImageOfPage":{"@id":"https:\/\/gambling6.com\/pt-pt\/cassino\/#primaryimage"},"image":{"@id":"https:\/\/gambling6.com\/pt-pt\/cassino\/#primaryimage"},"thumbnailUrl":"https:\/\/gambling6.com\/wp-content\/uploads\/2022\/04\/download-image2-300x190.jpg","datePublished":"2025-11-07T10:06:05+00:00","dateModified":"2025-11-12T15:52:04+00:00","description":"Sejamos sinceros: os casinos online vieram para ficar. Comece agora mesmo \u2013 o nosso guia de casinos online ajuda-o a escolher os melhores sites.","breadcrumb":{"@id":"https:\/\/gambling6.com\/pt-pt\/cassino\/#breadcrumb"},"inLanguage":"pt-PT","potentialAction":[{"@type":"ReadAction","target":["https:\/\/gambling6.com\/pt-pt\/cassino\/"]}]},{"@type":"ImageObject","inLanguage":"pt-PT","@id":"https:\/\/gambling6.com\/pt-pt\/cassino\/#primaryimage","url":"https:\/\/gambling6.com\/wp-content\/uploads\/2022\/04\/download-image2-300x190.jpg","contentUrl":"https:\/\/gambling6.com\/wp-content\/uploads\/2022\/04\/download-image2-300x190.jpg"},{"@type":"BreadcrumbList","@id":"https:\/\/gambling6.com\/pt-pt\/cassino\/#breadcrumb","itemListElement":[{"@type":"ListItem","position":1,"name":"Home","item":"https:\/\/gambling6.com\/pt-pt\/home\/"},{"@type":"ListItem","position":2,"name":"Cassino"}]},{"@type":"WebSite","@id":"https:\/\/gambling6.com\/pt-pt\/#website","url":"https:\/\/gambling6.com\/pt-pt\/","name":"Gambling6","description":"","potentialAction":[{"@type":"SearchAction","target":{"@type":"EntryPoint","urlTemplate":"https:\/\/gambling6.com\/pt-pt\/?s={search_term_string}"},"query-input":{"@type":"PropertyValueSpecification","valueRequired":true,"valueName":"search_term_string"}}],"inLanguage":"pt-PT"}]}},"_links":{"self":[{"href":"https:\/\/gambling6.com\/pt-pt\/wp-json\/wp\/v2\/pages\/8322","targetHints":{"allow":["GET"]}}],"collection":[{"href":"https:\/\/gambling6.com\/pt-pt\/wp-json\/wp\/v2\/pages"}],"about":[{"href":"https:\/\/gambling6.com\/pt-pt\/wp-json\/wp\/v2\/types\/page"}],"author":[{"embeddable":true,"href":"https:\/\/gambling6.com\/pt-pt\/wp-json\/wp\/v2\/users\/1"}],"replies":[{"embeddable":true,"href":"https:\/\/gambling6.com\/pt-pt\/wp-json\/wp\/v2\/comments?post=8322"}],"version-history":[{"count":1,"href":"https:\/\/gambling6.com\/pt-pt\/wp-json\/wp\/v2\/pages\/8322\/revisions"}],"predecessor-version":[{"id":10252,"href":"https:\/\/gambling6.com\/pt-pt\/wp-json\/wp\/v2\/pages\/8322\/revisions\/10252"}],"wp:attachment":[{"href":"https:\/\/gambling6.com\/pt-pt\/wp-json\/wp\/v2\/media?parent=8322"}],"curies":[{"name":"wp","href":"https:\/\/api.w.org\/{rel}","templated":true}]}}