{"id":8357,"date":"2025-11-07T12:26:44","date_gmt":"2025-11-07T12:26:44","guid":{"rendered":"https:\/\/gambling6.com\/cassino\/avaliacoes-de-casinos\/"},"modified":"2025-11-12T06:47:52","modified_gmt":"2025-11-12T06:47:52","slug":"avaliacoes-de-casinos","status":"publish","type":"page","link":"https:\/\/gambling6.com\/pt-pt\/cassino\/avaliacoes-de-casinos\/","title":{"rendered":"Avalia\u00e7\u00f5es de casinos"},"content":{"rendered":"<h2>Ajudando-o a escolher o melhor site de jogo atrav\u00e9s das nossas avalia\u00e7\u00f5es<\/h2>\n<p>Os sites de casino s\u00e3o locais que lhe oferecem a hip\u00f3tese de fazer as suas apostas em jogos de casino ou desporto, ou apostar numa sala de p\u00f3quer online. Os jogos de azar online oferecem a comodidade de jogar em casa. Pode desfrutar da emo\u00e7\u00e3o de apostar nos seus desportos favoritos sem sair do conforto do seu lar. A popularidade dos jogos de azar online deu origem a muitos sites de apostas e casinos online. Como qualquer outro setor, os jogos de azar online tamb\u00e9m t\u00eam operadores sem escr\u00fapulos. Portanto, selecionar o melhor site de casino \u00e9 crucial. <strong>Consultar as nossas avalia\u00e7\u00f5es de sites de casino pode ajud\u00e1-lo a determinar se \u00e9 fi\u00e1vel.<\/strong><\/p>\n<p><a href=\"https:\/\/ic.aff-handler.com\/C\/47965?sr=1064399&amp;anid=\" rel=\"nofollow\"><img loading=\"lazy\" decoding=\"async\" class=\"alignright\" src=\"https:\/\/ic.aff-handler.com\/I\/47965?sr=1064399&amp;anid=\" width=\"420\" height=\"84\" \/><\/a><\/p>\n<ul>\n<li><strong>Reputa\u00e7\u00e3o<\/strong><\/li>\n<\/ul>\n<p>A reputa\u00e7\u00e3o dos sites de casino \u00e9 o primeiro e mais importante fator a considerar antes de tomar uma decis\u00e3o. Como n\u00e3o pode inspecionar o casino fisicamente, tem de confiar na sua reputa\u00e7\u00e3o para decidir se deve ou n\u00e3o jogar l\u00e1. Os melhores sites de casino s\u00e3o aqueles que t\u00eam anos de experi\u00eancia no setor e constru\u00edram uma boa reputa\u00e7\u00e3o por prestarem um excelente servi\u00e7o ao cliente.<\/p>\n<ul>\n<li><strong>Licen\u00e7a<\/strong><\/li>\n<\/ul>\n<p>Os sites de casino fidedignos \u200b\u200bobt\u00eam as licen\u00e7as adequadas para operar. As comiss\u00f5es de jogo ou as autoridades de jogo registadas em jurisdi\u00e7\u00f5es espec\u00edficas concedem licen\u00e7as aos sites de jogo, ap\u00f3s garantirem que o site cumpre alguns padr\u00f5es em termos de seguran\u00e7a, pol\u00edtica de jogo justo, pagamentos e servi\u00e7o ao cliente. Os sites de jogo fi\u00e1veis \u200b\u200bexibem esta licen\u00e7a de forma destacada, mas uma <strong>boa avalia\u00e7\u00e3o de casino tamb\u00e9m deve informar onde o casino est\u00e1 licenciado<\/strong>. Al\u00e9m disso, os seus sistemas e processos s\u00e3o auditados por organismos competentes e obt\u00e9m certifica\u00e7\u00f5es. Pode ver essas certifica\u00e7\u00f5es nos seus sites. Escolher um site de jogo licenciado ajuda-o a desfrutar de uma experi\u00eancia de jogo segura.<\/p>\n<ul>\n<li><strong>Op\u00e7\u00f5es de Jogos<\/strong><\/li>\n<\/ul>\n<p>O site de casino que pretende escolher precisa de oferecer uma variedade de jogos, incluindo Craps, roleta, blackjack, slots, v\u00eddeo p\u00f3quer e jogos de mesa. O software de jogo utilizado pelo site de casino ajuda-o a avaliar a qualidade da experi\u00eancia de jogo. Se escolher um site de casino que ofere\u00e7a uma grande variedade de jogos, a sua experi\u00eancia de jogo online ser\u00e1 mais agrad\u00e1vel.<\/p>\n<ul>\n<li><strong>Software de Jogos<\/strong><\/li>\n<\/ul>\n<p>Os melhores sites de jogo online utilizam o software de jogo mais robusto, que oferece um ambiente que o faz sentir como se estivesse num casino real. Oferece gr\u00e1ficos e som da mais alta qualidade. \u00c9 f\u00e1cil de utilizar, pelo que pode descarreg\u00e1-lo, instal\u00e1-lo e utiliz\u00e1-lo facilmente.<\/p>\n<ul>\n<li><strong>Op\u00e7\u00f5es de Dep\u00f3sito e Levantamento<\/strong><\/li>\n<\/ul>\n<p>\u00c9 crucial ler as avalia\u00e7\u00f5es sobre as op\u00e7\u00f5es de dep\u00f3sito e levantamento oferecidas pelo casino online. As op\u00e7\u00f5es devem ser adequadas \u00e0s suas necessidades. Hoje em dia, muitos jogadores querem mais seguran\u00e7a ao jogar em casinos online, por isso querem mais do que uma op\u00e7\u00e3o de dep\u00f3sito. O melhor site de jogo oferece v\u00e1rias op\u00e7\u00f5es, como cart\u00f5es de cr\u00e9dito, transfer\u00eancias banc\u00e1rias, carteiras eletr\u00f3nicas como Neteller e PayPal, cart\u00f5es como Ukash e Paysafecard e at\u00e9 pagamentos com criptomoedas. As nossas p\u00e1ginas de avalia\u00e7\u00e3o de casinos fornecem informa\u00e7\u00f5es sobre se pode esperar dep\u00f3sitos e levantamentos r\u00e1pidos e sem complica\u00e7\u00f5es. O casino deve esfor\u00e7ar-se para proteger as suas informa\u00e7\u00f5es financeiras e pessoais, realizando as transa\u00e7\u00f5es atrav\u00e9s de servidores seguros.<\/p>\n<ul>\n<li><strong>Apoio ao Cliente<\/strong><\/li>\n<\/ul>\n<p><span style=\"background-color: transparent;\">O apoio ao cliente \u00e9 um dos aspetos mais importantes a considerar antes de escolher um<\/span><strong style=\"background-color: transparent;\">site de casino.<\/strong><span style=\"background-color: transparent;\">O melhor site oferece apoio ao cliente amig\u00e1vel por telefone, e-mail e chat ao vivo 24 horas por dia, 7 dias por semana.<\/span><\/p>\n<p>Em caso de d\u00favida, opte por um casino l\u00edder de mercado, como o 888 Casino &#8211; oferecem tudo o que precisa para as suas apostas. <a class=\"thirstylink\" title=\"888 casino en\" href=\"https:\/\/gambling6.com\/go\/888-casino-en\/\" target=\"_blank\" rel=\"nofollow noopener\">Clique aqui para visitar o 888 hoje.<\/a><\/p>\n","protected":false},"excerpt":{"rendered":"<p>Ajudando-o a escolher o melhor site de jogo atrav\u00e9s das nossas avalia\u00e7\u00f5es Os sites de casino s\u00e3o locais que lhe oferecem a hip\u00f3tese de fazer as suas apostas em jogos de casino ou desporto, ou apostar numa sala de p\u00f3quer online. Os jogos de azar online oferecem a comodidade de jogar em casa. Pode desfrutar [&hellip;]<\/p>\n","protected":false},"author":1,"featured_media":0,"parent":8322,"menu_order":0,"comment_status":"closed","ping_status":"closed","template":"","meta":{"footnotes":""},"class_list":["post-8357","page","type-page","status-publish","hentry"],"yoast_head":"<!-- This site is optimized with the Yoast SEO plugin v27.3 - https:\/\/yoast.com\/product\/yoast-seo-wordpress\/ -->\n<title>An\u00e1lises e testes de sites de casino online recomendados<\/title>\n<meta name=\"description\" content=\"As nossas avalia\u00e7\u00f5es de sites de casino oferecem-lhe uma ideia do que procurar ao procurar os melhores sites de casino online.\" \/>\n<meta name=\"robots\" content=\"index, follow, max-snippet:-1, max-image-preview:large, max-video-preview:-1\" \/>\n<link rel=\"canonical\" href=\"https:\/\/gambling6.com\/pt-pt\/cassino\/avaliacoes-de-casinos\/\" \/>\n<meta property=\"og:locale\" content=\"pt_PT\" \/>\n<meta property=\"og:type\" content=\"article\" \/>\n<meta property=\"og:title\" content=\"An\u00e1lises e testes de sites de casino online recomendados\" \/>\n<meta property=\"og:description\" content=\"As nossas avalia\u00e7\u00f5es de sites de casino oferecem-lhe uma ideia do que procurar ao procurar os melhores sites de casino online.\" \/>\n<meta property=\"og:url\" content=\"https:\/\/gambling6.com\/pt-pt\/cassino\/avaliacoes-de-casinos\/\" \/>\n<meta property=\"og:site_name\" content=\"Gambling6\" \/>\n<meta property=\"article:modified_time\" content=\"2025-11-12T06:47:52+00:00\" \/>\n<meta property=\"og:image\" content=\"https:\/\/ic.aff-handler.com\/I\/47965?sr=1064399&amp;anid=\" \/>\n<meta name=\"twitter:card\" content=\"summary_large_image\" \/>\n<meta name=\"twitter:label1\" content=\"Tempo estimado de leitura\" \/>\n\t<meta name=\"twitter:data1\" content=\"4 minutos\" \/>\n<script type=\"application\/ld+json\" class=\"yoast-schema-graph\">{\"@context\":\"https:\\\/\\\/schema.org\",\"@graph\":[{\"@type\":\"WebPage\",\"@id\":\"https:\\\/\\\/gambling6.com\\\/pt-pt\\\/cassino\\\/avaliacoes-de-casinos\\\/\",\"url\":\"https:\\\/\\\/gambling6.com\\\/pt-pt\\\/cassino\\\/avaliacoes-de-casinos\\\/\",\"name\":\"An\u00e1lises e testes de sites de casino online recomendados\",\"isPartOf\":{\"@id\":\"https:\\\/\\\/gambling6.com\\\/pt-pt\\\/#website\"},\"primaryImageOfPage\":{\"@id\":\"https:\\\/\\\/gambling6.com\\\/pt-pt\\\/cassino\\\/avaliacoes-de-casinos\\\/#primaryimage\"},\"image\":{\"@id\":\"https:\\\/\\\/gambling6.com\\\/pt-pt\\\/cassino\\\/avaliacoes-de-casinos\\\/#primaryimage\"},\"thumbnailUrl\":\"https:\\\/\\\/ic.aff-handler.com\\\/I\\\/47965?sr=1064399&amp;anid=\",\"datePublished\":\"2025-11-07T12:26:44+00:00\",\"dateModified\":\"2025-11-12T06:47:52+00:00\",\"description\":\"As nossas avalia\u00e7\u00f5es de sites de casino oferecem-lhe uma ideia do que procurar ao procurar os melhores sites de casino online.\",\"breadcrumb\":{\"@id\":\"https:\\\/\\\/gambling6.com\\\/pt-pt\\\/cassino\\\/avaliacoes-de-casinos\\\/#breadcrumb\"},\"inLanguage\":\"pt-PT\",\"potentialAction\":[{\"@type\":\"ReadAction\",\"target\":[\"https:\\\/\\\/gambling6.com\\\/pt-pt\\\/cassino\\\/avaliacoes-de-casinos\\\/\"]}]},{\"@type\":\"ImageObject\",\"inLanguage\":\"pt-PT\",\"@id\":\"https:\\\/\\\/gambling6.com\\\/pt-pt\\\/cassino\\\/avaliacoes-de-casinos\\\/#primaryimage\",\"url\":\"https:\\\/\\\/ic.aff-handler.com\\\/I\\\/47965?sr=1064399&amp;anid=\",\"contentUrl\":\"https:\\\/\\\/ic.aff-handler.com\\\/I\\\/47965?sr=1064399&amp;anid=\"},{\"@type\":\"BreadcrumbList\",\"@id\":\"https:\\\/\\\/gambling6.com\\\/pt-pt\\\/cassino\\\/avaliacoes-de-casinos\\\/#breadcrumb\",\"itemListElement\":[{\"@type\":\"ListItem\",\"position\":1,\"name\":\"Home\",\"item\":\"https:\\\/\\\/gambling6.com\\\/pt-pt\\\/home\\\/\"},{\"@type\":\"ListItem\",\"position\":2,\"name\":\"Cassino\",\"item\":\"https:\\\/\\\/gambling6.com\\\/pt-pt\\\/get-started-with-online-gambling\\\/\"},{\"@type\":\"ListItem\",\"position\":3,\"name\":\"Avalia\u00e7\u00f5es de casinos\"}]},{\"@type\":\"WebSite\",\"@id\":\"https:\\\/\\\/gambling6.com\\\/pt-pt\\\/#website\",\"url\":\"https:\\\/\\\/gambling6.com\\\/pt-pt\\\/\",\"name\":\"Gambling6\",\"description\":\"\",\"potentialAction\":[{\"@type\":\"SearchAction\",\"target\":{\"@type\":\"EntryPoint\",\"urlTemplate\":\"https:\\\/\\\/gambling6.com\\\/pt-pt\\\/?s={search_term_string}\"},\"query-input\":{\"@type\":\"PropertyValueSpecification\",\"valueRequired\":true,\"valueName\":\"search_term_string\"}}],\"inLanguage\":\"pt-PT\"}]}<\/script>\n<!-- \/ Yoast SEO plugin. -->","yoast_head_json":{"title":"An\u00e1lises e testes de sites de casino online recomendados","description":"As nossas avalia\u00e7\u00f5es de sites de casino oferecem-lhe uma ideia do que procurar ao procurar os melhores sites de casino online.","robots":{"index":"index","follow":"follow","max-snippet":"max-snippet:-1","max-image-preview":"max-image-preview:large","max-video-preview":"max-video-preview:-1"},"canonical":"https:\/\/gambling6.com\/pt-pt\/cassino\/avaliacoes-de-casinos\/","og_locale":"pt_PT","og_type":"article","og_title":"An\u00e1lises e testes de sites de casino online recomendados","og_description":"As nossas avalia\u00e7\u00f5es de sites de casino oferecem-lhe uma ideia do que procurar ao procurar os melhores sites de casino online.","og_url":"https:\/\/gambling6.com\/pt-pt\/cassino\/avaliacoes-de-casinos\/","og_site_name":"Gambling6","article_modified_time":"2025-11-12T06:47:52+00:00","og_image":[{"url":"https:\/\/ic.aff-handler.com\/I\/47965?sr=1064399&amp;anid=","type":"","width":"","height":""}],"twitter_card":"summary_large_image","twitter_misc":{"Tempo estimado de leitura":"4 minutos"},"schema":{"@context":"https:\/\/schema.org","@graph":[{"@type":"WebPage","@id":"https:\/\/gambling6.com\/pt-pt\/cassino\/avaliacoes-de-casinos\/","url":"https:\/\/gambling6.com\/pt-pt\/cassino\/avaliacoes-de-casinos\/","name":"An\u00e1lises e testes de sites de casino online recomendados","isPartOf":{"@id":"https:\/\/gambling6.com\/pt-pt\/#website"},"primaryImageOfPage":{"@id":"https:\/\/gambling6.com\/pt-pt\/cassino\/avaliacoes-de-casinos\/#primaryimage"},"image":{"@id":"https:\/\/gambling6.com\/pt-pt\/cassino\/avaliacoes-de-casinos\/#primaryimage"},"thumbnailUrl":"https:\/\/ic.aff-handler.com\/I\/47965?sr=1064399&amp;anid=","datePublished":"2025-11-07T12:26:44+00:00","dateModified":"2025-11-12T06:47:52+00:00","description":"As nossas avalia\u00e7\u00f5es de sites de casino oferecem-lhe uma ideia do que procurar ao procurar os melhores sites de casino online.","breadcrumb":{"@id":"https:\/\/gambling6.com\/pt-pt\/cassino\/avaliacoes-de-casinos\/#breadcrumb"},"inLanguage":"pt-PT","potentialAction":[{"@type":"ReadAction","target":["https:\/\/gambling6.com\/pt-pt\/cassino\/avaliacoes-de-casinos\/"]}]},{"@type":"ImageObject","inLanguage":"pt-PT","@id":"https:\/\/gambling6.com\/pt-pt\/cassino\/avaliacoes-de-casinos\/#primaryimage","url":"https:\/\/ic.aff-handler.com\/I\/47965?sr=1064399&amp;anid=","contentUrl":"https:\/\/ic.aff-handler.com\/I\/47965?sr=1064399&amp;anid="},{"@type":"BreadcrumbList","@id":"https:\/\/gambling6.com\/pt-pt\/cassino\/avaliacoes-de-casinos\/#breadcrumb","itemListElement":[{"@type":"ListItem","position":1,"name":"Home","item":"https:\/\/gambling6.com\/pt-pt\/home\/"},{"@type":"ListItem","position":2,"name":"Cassino","item":"https:\/\/gambling6.com\/pt-pt\/get-started-with-online-gambling\/"},{"@type":"ListItem","position":3,"name":"Avalia\u00e7\u00f5es de casinos"}]},{"@type":"WebSite","@id":"https:\/\/gambling6.com\/pt-pt\/#website","url":"https:\/\/gambling6.com\/pt-pt\/","name":"Gambling6","description":"","potentialAction":[{"@type":"SearchAction","target":{"@type":"EntryPoint","urlTemplate":"https:\/\/gambling6.com\/pt-pt\/?s={search_term_string}"},"query-input":{"@type":"PropertyValueSpecification","valueRequired":true,"valueName":"search_term_string"}}],"inLanguage":"pt-PT"}]}},"_links":{"self":[{"href":"https:\/\/gambling6.com\/pt-pt\/wp-json\/wp\/v2\/pages\/8357","targetHints":{"allow":["GET"]}}],"collection":[{"href":"https:\/\/gambling6.com\/pt-pt\/wp-json\/wp\/v2\/pages"}],"about":[{"href":"https:\/\/gambling6.com\/pt-pt\/wp-json\/wp\/v2\/types\/page"}],"author":[{"embeddable":true,"href":"https:\/\/gambling6.com\/pt-pt\/wp-json\/wp\/v2\/users\/1"}],"replies":[{"embeddable":true,"href":"https:\/\/gambling6.com\/pt-pt\/wp-json\/wp\/v2\/comments?post=8357"}],"version-history":[{"count":1,"href":"https:\/\/gambling6.com\/pt-pt\/wp-json\/wp\/v2\/pages\/8357\/revisions"}],"predecessor-version":[{"id":10378,"href":"https:\/\/gambling6.com\/pt-pt\/wp-json\/wp\/v2\/pages\/8357\/revisions\/10378"}],"up":[{"embeddable":true,"href":"https:\/\/gambling6.com\/pt-pt\/wp-json\/wp\/v2\/pages\/8322"}],"wp:attachment":[{"href":"https:\/\/gambling6.com\/pt-pt\/wp-json\/wp\/v2\/media?parent=8357"}],"curies":[{"name":"wp","href":"https:\/\/api.w.org\/{rel}","templated":true}]}}