{"id":8381,"date":"2025-11-07T13:46:59","date_gmt":"2025-11-07T13:46:59","guid":{"rendered":"https:\/\/gambling6.com\/cassino\/casinos-online-versus-casinos-fisicos\/"},"modified":"2025-11-07T13:46:59","modified_gmt":"2025-11-07T13:46:59","slug":"casinos-online-versus-casinos-fisicos","status":"publish","type":"page","link":"https:\/\/gambling6.com\/pt-pt\/cassino\/casinos-online-versus-casinos-fisicos\/","title":{"rendered":"Casinos online versus casinos f\u00edsicos"},"content":{"rendered":"<h2>Casinos ao vivo ou online<\/h2>\n<h3>Cada tipo tem algo que os jogadores gostam<\/h3>\n<p><img loading=\"lazy\" decoding=\"async\" class=\" wp-image-332 alignright\" src=\"https:\/\/gambling6.com\/wp-content\/uploads\/2013\/12\/phil_ivey-247x300.jpg\" alt=\"casino ao vivo\" width=\"175\" height=\"213\" srcset=\"https:\/\/gambling6.com\/wp-content\/uploads\/2013\/12\/phil_ivey-247x300.jpg 247w, https:\/\/gambling6.com\/wp-content\/uploads\/2013\/12\/phil_ivey.jpg 250w\" sizes=\"auto, (max-width: 175px) 100vw, 175px\" \/>Os jogadores de casino devem jogar os seus jogos favoritos de uma forma que lhes seja confort\u00e1vel e que combine com a sua personalidade. Alguns jogadores preferir\u00e3o sempre jogar em casinos f\u00edsicos porque gostam da atmosfera. Gostam de interagir com outros jogadores, com a multid\u00e3o e com o barulho.<\/p>\n<p>No entanto, outros jogadores de casino gostam da ideia de jogar num ambiente tranquilo e relaxante, onde t\u00eam controlo total. Estes jogadores tendem a preferir os casinos online. N\u00e3o importa como um jogador quer desfrutar dos seus jogos, h\u00e1 algo para ele, seja em casinos f\u00edsicos ou online.<\/p>\n<h3>Eis as principais diferen\u00e7as entre os casinos online e os f\u00edsicos:<\/h3>\n<ul>\n<li>Obviamente, os casinos online e os f\u00edsicos est\u00e3o em ambientes completamente diferentes. Um casino f\u00edsico \u00e9 aquele onde os jogadores se podem sentir e fazer parte fisicamente dele. Os casinos online s\u00e3o jogados na internet, o que significa que os jogadores podem jogar os jogos que quiserem de onde quiserem. Esse local pode ser a sua casa, o seu escrit\u00f3rio ou qualquer lugar, desde que se possam ligar \u00e0 internet.<\/li>\n<li>Os casinos f\u00edsicos possuem clubes de jogadores que permitem aos jogadores ganhar recompensas. As recompensas variam consoante o casino. Os sites de jogo online tamb\u00e9m t\u00eam a sua vers\u00e3o destes clubes, que s\u00e3o chamados de programas VIP. No entanto, muitos jogadores de casino descobrem que os casinos online tendem a ser mais generosos porque n\u00e3o enfrentam o mesmo n\u00edvel de despesas gerais que os casinos f\u00edsicos.<\/li>\n<li>Embora os casinos f\u00edsicos ofere\u00e7am aos jogadores a possibilidade de jogar praticamente qualquer jogo de casino que desejem, ainda haver\u00e1 momentos em que os jogadores n\u00e3o v\u00e3o querer percorrer todo o casino para ir de um jogo para outro. Tamb\u00e9m haver\u00e1 momentos em que querem jogar um jogo espec\u00edfico, mas n\u00e3o haver\u00e1 um lugar dispon\u00edvel. No entanto, os casinos online permitem que os jogadores joguem os jogos que desejam a qualquer momento, sem terem de caminhar ou esperar por um lugar sentado.<\/li>\n<li>Os casinos f\u00edsicos podem ser intimidantes para os novos jogadores e, muitas vezes, n\u00e3o oferecem recursos gratuitos que os possam ajudar a aprender os jogos e as v\u00e1rias estrat\u00e9gias. Os casinos online permitem que os jogadores joguem num ambiente com o qual se podem sentir menos intimidados e oferecem uma grande quantidade de conte\u00fado gratuito para os guiar atrav\u00e9s de v\u00e1rios aspetos dos jogos de casino online.<\/li>\n<\/ul>\n<p>Qualquer pessoa que pense que os casinos online podem ser para si deve come\u00e7ar por aprender tudo o que puder sobre os casinos com tecnologia Microgaming. O melhor deles \u00e9, sem d\u00favida, o 888 Casino, que pode visitar clicando no banner abaixo.<br \/>\n<a href=\"https:\/\/ic.aff-handler.com\/C\/45871?sr=1064399&amp;anid=\" rel=\"nofollow\"><img loading=\"lazy\" decoding=\"async\" class=\"aligncenter\" src=\"https:\/\/ic.aff-handler.com\/I\/45871?sr=1064399&amp;anid=\" width=\"725\" height=\"93\" \/><\/a><br \/>\nSe reside nos EUA, a sua melhor op\u00e7\u00e3o seria o BetOnline para jogos de casino em geral ou para p\u00f3quer online.<br \/>\n<img loading=\"lazy\" decoding=\"async\" class=\" wp-image-7875 aligncenter\" src=\"https:\/\/gambling6.com\/wp-content\/uploads\/2025\/10\/BOL_AQC_banner_468x60_FS1_casino-300x38.gif\" alt=\"Casino de apostas online\" width=\"694\" height=\"88\" \/><\/p>\n","protected":false},"excerpt":{"rendered":"<p>Casinos ao vivo ou online Cada tipo tem algo que os jogadores gostam Os jogadores de casino devem jogar os seus jogos favoritos de uma forma que lhes seja confort\u00e1vel e que combine com a sua personalidade. Alguns jogadores preferir\u00e3o sempre jogar em casinos f\u00edsicos porque gostam da atmosfera. Gostam de interagir com outros jogadores, [&hellip;]<\/p>\n","protected":false},"author":1,"featured_media":0,"parent":8322,"menu_order":28,"comment_status":"closed","ping_status":"closed","template":"","meta":{"footnotes":""},"class_list":["post-8381","page","type-page","status-publish","hentry"],"yoast_head":"<!-- This site is optimized with the Yoast SEO plugin v27.4 - https:\/\/yoast.com\/product\/yoast-seo-wordpress\/ -->\n<title>Comparando casinos f\u00edsicos e online<\/title>\n<meta name=\"description\" content=\"Tanto os casinos online como os casinos f\u00edsicos proporcionam aos jogadores grandes momentos e muitas oportunidades.\" \/>\n<meta name=\"robots\" content=\"index, follow, max-snippet:-1, max-image-preview:large, max-video-preview:-1\" \/>\n<link rel=\"canonical\" href=\"https:\/\/gambling6.com\/pt-pt\/cassino\/casinos-online-versus-casinos-fisicos\/\" \/>\n<meta property=\"og:locale\" content=\"pt_PT\" \/>\n<meta property=\"og:type\" content=\"article\" \/>\n<meta property=\"og:title\" content=\"Comparando casinos f\u00edsicos e online\" \/>\n<meta property=\"og:description\" content=\"Tanto os casinos online como os casinos f\u00edsicos proporcionam aos jogadores grandes momentos e muitas oportunidades.\" \/>\n<meta property=\"og:url\" content=\"https:\/\/gambling6.com\/pt-pt\/cassino\/casinos-online-versus-casinos-fisicos\/\" \/>\n<meta property=\"og:site_name\" content=\"Gambling6\" \/>\n<meta property=\"og:image\" content=\"https:\/\/gambling6.com\/wp-content\/uploads\/2013\/12\/phil_ivey.jpg\" \/>\n\t<meta property=\"og:image:width\" content=\"250\" \/>\n\t<meta property=\"og:image:height\" content=\"304\" \/>\n\t<meta property=\"og:image:type\" content=\"image\/jpeg\" \/>\n<meta name=\"twitter:card\" content=\"summary_large_image\" \/>\n<meta name=\"twitter:label1\" content=\"Tempo estimado de leitura\" \/>\n\t<meta name=\"twitter:data1\" content=\"3 minutos\" \/>\n<script type=\"application\/ld+json\" class=\"yoast-schema-graph\">{\"@context\":\"https:\\\/\\\/schema.org\",\"@graph\":[{\"@type\":\"WebPage\",\"@id\":\"https:\\\/\\\/gambling6.com\\\/pt-pt\\\/cassino\\\/casinos-online-versus-casinos-fisicos\\\/\",\"url\":\"https:\\\/\\\/gambling6.com\\\/pt-pt\\\/cassino\\\/casinos-online-versus-casinos-fisicos\\\/\",\"name\":\"Comparando casinos f\u00edsicos e online\",\"isPartOf\":{\"@id\":\"https:\\\/\\\/gambling6.com\\\/pt-pt\\\/#website\"},\"primaryImageOfPage\":{\"@id\":\"https:\\\/\\\/gambling6.com\\\/pt-pt\\\/cassino\\\/casinos-online-versus-casinos-fisicos\\\/#primaryimage\"},\"image\":{\"@id\":\"https:\\\/\\\/gambling6.com\\\/pt-pt\\\/cassino\\\/casinos-online-versus-casinos-fisicos\\\/#primaryimage\"},\"thumbnailUrl\":\"https:\\\/\\\/gambling6.com\\\/wp-content\\\/uploads\\\/2013\\\/12\\\/phil_ivey-247x300.jpg\",\"datePublished\":\"2025-11-07T13:46:59+00:00\",\"description\":\"Tanto os casinos online como os casinos f\u00edsicos proporcionam aos jogadores grandes momentos e muitas oportunidades.\",\"breadcrumb\":{\"@id\":\"https:\\\/\\\/gambling6.com\\\/pt-pt\\\/cassino\\\/casinos-online-versus-casinos-fisicos\\\/#breadcrumb\"},\"inLanguage\":\"pt-PT\",\"potentialAction\":[{\"@type\":\"ReadAction\",\"target\":[\"https:\\\/\\\/gambling6.com\\\/pt-pt\\\/cassino\\\/casinos-online-versus-casinos-fisicos\\\/\"]}]},{\"@type\":\"ImageObject\",\"inLanguage\":\"pt-PT\",\"@id\":\"https:\\\/\\\/gambling6.com\\\/pt-pt\\\/cassino\\\/casinos-online-versus-casinos-fisicos\\\/#primaryimage\",\"url\":\"https:\\\/\\\/gambling6.com\\\/wp-content\\\/uploads\\\/2013\\\/12\\\/phil_ivey-247x300.jpg\",\"contentUrl\":\"https:\\\/\\\/gambling6.com\\\/wp-content\\\/uploads\\\/2013\\\/12\\\/phil_ivey-247x300.jpg\"},{\"@type\":\"BreadcrumbList\",\"@id\":\"https:\\\/\\\/gambling6.com\\\/pt-pt\\\/cassino\\\/casinos-online-versus-casinos-fisicos\\\/#breadcrumb\",\"itemListElement\":[{\"@type\":\"ListItem\",\"position\":1,\"name\":\"Home\",\"item\":\"https:\\\/\\\/gambling6.com\\\/pt-pt\\\/home\\\/\"},{\"@type\":\"ListItem\",\"position\":2,\"name\":\"Cassino\",\"item\":\"https:\\\/\\\/gambling6.com\\\/pt-pt\\\/get-started-with-online-gambling\\\/\"},{\"@type\":\"ListItem\",\"position\":3,\"name\":\"Casinos online versus casinos f\u00edsicos\"}]},{\"@type\":\"WebSite\",\"@id\":\"https:\\\/\\\/gambling6.com\\\/pt-pt\\\/#website\",\"url\":\"https:\\\/\\\/gambling6.com\\\/pt-pt\\\/\",\"name\":\"Gambling6\",\"description\":\"\",\"potentialAction\":[{\"@type\":\"SearchAction\",\"target\":{\"@type\":\"EntryPoint\",\"urlTemplate\":\"https:\\\/\\\/gambling6.com\\\/pt-pt\\\/?s={search_term_string}\"},\"query-input\":{\"@type\":\"PropertyValueSpecification\",\"valueRequired\":true,\"valueName\":\"search_term_string\"}}],\"inLanguage\":\"pt-PT\"}]}<\/script>\n<!-- \/ Yoast SEO plugin. -->","yoast_head_json":{"title":"Comparando casinos f\u00edsicos e online","description":"Tanto os casinos online como os casinos f\u00edsicos proporcionam aos jogadores grandes momentos e muitas oportunidades.","robots":{"index":"index","follow":"follow","max-snippet":"max-snippet:-1","max-image-preview":"max-image-preview:large","max-video-preview":"max-video-preview:-1"},"canonical":"https:\/\/gambling6.com\/pt-pt\/cassino\/casinos-online-versus-casinos-fisicos\/","og_locale":"pt_PT","og_type":"article","og_title":"Comparando casinos f\u00edsicos e online","og_description":"Tanto os casinos online como os casinos f\u00edsicos proporcionam aos jogadores grandes momentos e muitas oportunidades.","og_url":"https:\/\/gambling6.com\/pt-pt\/cassino\/casinos-online-versus-casinos-fisicos\/","og_site_name":"Gambling6","og_image":[{"width":250,"height":304,"url":"https:\/\/gambling6.com\/wp-content\/uploads\/2013\/12\/phil_ivey.jpg","type":"image\/jpeg"}],"twitter_card":"summary_large_image","twitter_misc":{"Tempo estimado de leitura":"3 minutos"},"schema":{"@context":"https:\/\/schema.org","@graph":[{"@type":"WebPage","@id":"https:\/\/gambling6.com\/pt-pt\/cassino\/casinos-online-versus-casinos-fisicos\/","url":"https:\/\/gambling6.com\/pt-pt\/cassino\/casinos-online-versus-casinos-fisicos\/","name":"Comparando casinos f\u00edsicos e online","isPartOf":{"@id":"https:\/\/gambling6.com\/pt-pt\/#website"},"primaryImageOfPage":{"@id":"https:\/\/gambling6.com\/pt-pt\/cassino\/casinos-online-versus-casinos-fisicos\/#primaryimage"},"image":{"@id":"https:\/\/gambling6.com\/pt-pt\/cassino\/casinos-online-versus-casinos-fisicos\/#primaryimage"},"thumbnailUrl":"https:\/\/gambling6.com\/wp-content\/uploads\/2013\/12\/phil_ivey-247x300.jpg","datePublished":"2025-11-07T13:46:59+00:00","description":"Tanto os casinos online como os casinos f\u00edsicos proporcionam aos jogadores grandes momentos e muitas oportunidades.","breadcrumb":{"@id":"https:\/\/gambling6.com\/pt-pt\/cassino\/casinos-online-versus-casinos-fisicos\/#breadcrumb"},"inLanguage":"pt-PT","potentialAction":[{"@type":"ReadAction","target":["https:\/\/gambling6.com\/pt-pt\/cassino\/casinos-online-versus-casinos-fisicos\/"]}]},{"@type":"ImageObject","inLanguage":"pt-PT","@id":"https:\/\/gambling6.com\/pt-pt\/cassino\/casinos-online-versus-casinos-fisicos\/#primaryimage","url":"https:\/\/gambling6.com\/wp-content\/uploads\/2013\/12\/phil_ivey-247x300.jpg","contentUrl":"https:\/\/gambling6.com\/wp-content\/uploads\/2013\/12\/phil_ivey-247x300.jpg"},{"@type":"BreadcrumbList","@id":"https:\/\/gambling6.com\/pt-pt\/cassino\/casinos-online-versus-casinos-fisicos\/#breadcrumb","itemListElement":[{"@type":"ListItem","position":1,"name":"Home","item":"https:\/\/gambling6.com\/pt-pt\/home\/"},{"@type":"ListItem","position":2,"name":"Cassino","item":"https:\/\/gambling6.com\/pt-pt\/get-started-with-online-gambling\/"},{"@type":"ListItem","position":3,"name":"Casinos online versus casinos f\u00edsicos"}]},{"@type":"WebSite","@id":"https:\/\/gambling6.com\/pt-pt\/#website","url":"https:\/\/gambling6.com\/pt-pt\/","name":"Gambling6","description":"","potentialAction":[{"@type":"SearchAction","target":{"@type":"EntryPoint","urlTemplate":"https:\/\/gambling6.com\/pt-pt\/?s={search_term_string}"},"query-input":{"@type":"PropertyValueSpecification","valueRequired":true,"valueName":"search_term_string"}}],"inLanguage":"pt-PT"}]}},"_links":{"self":[{"href":"https:\/\/gambling6.com\/pt-pt\/wp-json\/wp\/v2\/pages\/8381","targetHints":{"allow":["GET"]}}],"collection":[{"href":"https:\/\/gambling6.com\/pt-pt\/wp-json\/wp\/v2\/pages"}],"about":[{"href":"https:\/\/gambling6.com\/pt-pt\/wp-json\/wp\/v2\/types\/page"}],"author":[{"embeddable":true,"href":"https:\/\/gambling6.com\/pt-pt\/wp-json\/wp\/v2\/users\/1"}],"replies":[{"embeddable":true,"href":"https:\/\/gambling6.com\/pt-pt\/wp-json\/wp\/v2\/comments?post=8381"}],"version-history":[{"count":0,"href":"https:\/\/gambling6.com\/pt-pt\/wp-json\/wp\/v2\/pages\/8381\/revisions"}],"up":[{"embeddable":true,"href":"https:\/\/gambling6.com\/pt-pt\/wp-json\/wp\/v2\/pages\/8322"}],"wp:attachment":[{"href":"https:\/\/gambling6.com\/pt-pt\/wp-json\/wp\/v2\/media?parent=8381"}],"curies":[{"name":"wp","href":"https:\/\/api.w.org\/{rel}","templated":true}]}}