{"id":8405,"date":"2025-11-07T16:32:12","date_gmt":"2025-11-07T16:32:12","guid":{"rendered":"https:\/\/gambling6.com\/cassino\/cinco-principais-motivos-para-se-registar-num-casino-online\/"},"modified":"2025-11-15T10:04:47","modified_gmt":"2025-11-15T10:04:47","slug":"cinco-principais-motivos-para-se-registar-num-casino-online","status":"publish","type":"page","link":"https:\/\/gambling6.com\/pt-pt\/cassino\/cinco-principais-motivos-para-se-registar-num-casino-online\/","title":{"rendered":"Cinco principais motivos para se registar num casino online"},"content":{"rendered":"<h2>Por que raz\u00e3o deve registar-se num casino online<\/h2>\n<h2>Muitos fatores tornam os casinos online t\u00e3o incr\u00edveis<\/h2>\n<p><img loading=\"lazy\" decoding=\"async\" class=\"size-medium wp-image-318 alignright\" src=\"https:\/\/gambling6.com\/wp-content\/uploads\/2013\/12\/classic-casino-games-300x179.jpg\" alt=\"casino online\" width=\"300\" height=\"179\" srcset=\"https:\/\/gambling6.com\/wp-content\/uploads\/2013\/12\/classic-casino-games-300x179.jpg 300w, https:\/\/gambling6.com\/wp-content\/uploads\/2013\/12\/classic-casino-games.jpg 612w\" sizes=\"auto, (max-width: 300px) 100vw, 300px\" \/>Cada jogador de casino online tem os seus pr\u00f3prios motivos para jogar jogos de casino na internet. No entanto, alguns motivos s\u00e3o mais comuns. Quando os jogadores decidem levar os seus jogos para o ambiente online, descobrem um mundo totalmente novo. Os casinos online oferecem diversos estilos, permitindo aos jogadores pesquisar at\u00e9 encontrarem o que mais lhes agrada.<\/p>\n<p>Com o nosso casino online favorito, o 888, n\u00e3o tem como falhar. <a class=\"thirstylink\" title=\"888 casino en\" href=\"https:\/\/gambling6.com\/go\/888-casino-en\/\" target=\"_blank\" rel=\"nofollow noopener\">Este link ir\u00e1 lev\u00e1-lo ao seu site e garantir-lhe um grande b\u00f3nus at\u00e9 1500\u20ac.<\/a><\/p>\n<h2>Eis cinco dos principais motivos pelos quais a maioria dos jogadores se regista num casino online:<\/h2>\n<ol>\n<li>Um dos grandes motivos para se registar num casino online s\u00e3o os b\u00f3nus. Existem muitos tipos de b\u00f3nus de casino online, e cada casino permite que os seus jogadores aproveitem aqueles que considera apropriados. No entanto, alguns b\u00f3nus podem valer muito e at\u00e9 oferecer aos jogadores a hip\u00f3tese de ganhar centenas ou at\u00e9 milhares de d\u00f3lares gratuitamente. Alguns dos b\u00f3nus frequentemente encontrados nos casinos online s\u00e3o os b\u00f3nus de boas-vindas, b\u00f3nus de recarga, b\u00f3nus de jogos e b\u00f3nus de refer\u00eancia. Os jogadores querem ler os requisitos do b\u00f3nus para saberem como continuar eleg\u00edveis e exatamente o que precisam de fazer para os cumprir.<\/li>\n<li>Outro motivo importante pelo qual muitos jogadores se juntam a casinos online \u00e9 a quantidade de jogos que podem jogar num s\u00f3 lugar. Quando os jogadores acedem a um dos casinos online populares, podem ir de um jogo para outro sem terem de sair dos seus lugares. N\u00e3o precisam de se preocupar em esperar por uma mesa ou com qualquer outro problema que surja ao jogar em casinos f\u00edsicos. Os jogos est\u00e3o prontamente dispon\u00edveis e sempre a decorrer, desde que o jogador tenha escolhido um dos casinos mais populares.<\/li>\n<li>Mais uma raz\u00e3o pela qual muitos jogadores recorrem aos casinos online \u00e9 financeira. Os jogadores que passam tempo em casinos online n\u00e3o t\u00eam de pagar coisas como gasolina, bilhetes, alojamento em hotel, refei\u00e7\u00f5es fora de casa ou qualquer outra despesa que enfrentam ao planear uma viagem a casinos f\u00edsicos. Isto significa que os jogadores ter\u00e3o mais dinheiro para investir nos jogos, o que \u00e9 sempre uma vantagem.<\/li>\n<li>Alguns jogadores t\u00eam vidas agitadas e ocupadas. Isto significa que podem ter muita dificuldade at\u00e9 em chegar aos casinos f\u00edsicos. No entanto, os casinos online est\u00e3o sempre dispon\u00edveis para eles. Mesmo que s\u00f3 possam aceder durante alguns minutos ao longo do dia, pelo menos poder\u00e3o jogar um pouco ao registarem-se num casino online.<\/li>\n<li>Outro benef\u00edcio ineg\u00e1vel de jogar em casinos online \u00e9 que os jogadores t\u00eam controlo total sobre a sua experi\u00eancia de jogo. Escolhem o casino, os b\u00f3nus, as promo\u00e7\u00f5es e os jogos, e podem personalizar muitos aspetos dos diferentes jogos de casino online.<\/li>\n<\/ol>\n<p>Qualquer pessoa que procure um bom casino online que torne tudo seguro e simples deve ler avalia\u00e7\u00f5es e encontrar um que utilize um software fi\u00e1vel, ofere\u00e7a um excelente suporte e tenha muitos jogos.<\/p>\n","protected":false},"excerpt":{"rendered":"<p>Por que raz\u00e3o deve registar-se num casino online Muitos fatores tornam os casinos online t\u00e3o incr\u00edveis Cada jogador de casino online tem os seus pr\u00f3prios motivos para jogar jogos de casino na internet. No entanto, alguns motivos s\u00e3o mais comuns. Quando os jogadores decidem levar os seus jogos para o ambiente online, descobrem um mundo [&hellip;]<\/p>\n","protected":false},"author":1,"featured_media":0,"parent":8322,"menu_order":30,"comment_status":"closed","ping_status":"closed","template":"","meta":{"footnotes":""},"class_list":["post-8405","page","type-page","status-publish","hentry"],"yoast_head":"<!-- This site is optimized with the Yoast SEO plugin v27.6 - https:\/\/yoast.com\/product\/yoast-seo-wordpress\/ -->\n<title>Motivos para se registar num casino online<\/title>\n<meta name=\"description\" content=\"Os casinos online t\u00eam muito para oferecer aos jogadores que procuram divers\u00e3o e muitas hip\u00f3teses de sair vencedores.\" \/>\n<meta name=\"robots\" content=\"index, follow, max-snippet:-1, max-image-preview:large, max-video-preview:-1\" \/>\n<link rel=\"canonical\" href=\"https:\/\/gambling6.com\/pt-pt\/cassino\/cinco-principais-motivos-para-se-registar-num-casino-online\/\" \/>\n<meta property=\"og:locale\" content=\"pt_PT\" \/>\n<meta property=\"og:type\" content=\"article\" \/>\n<meta property=\"og:title\" content=\"Motivos para se registar num casino online\" \/>\n<meta property=\"og:description\" content=\"Os casinos online t\u00eam muito para oferecer aos jogadores que procuram divers\u00e3o e muitas hip\u00f3teses de sair vencedores.\" \/>\n<meta property=\"og:url\" content=\"https:\/\/gambling6.com\/pt-pt\/cassino\/cinco-principais-motivos-para-se-registar-num-casino-online\/\" \/>\n<meta property=\"og:site_name\" content=\"Gambling6\" \/>\n<meta property=\"article:modified_time\" content=\"2025-11-15T10:04:47+00:00\" \/>\n<meta property=\"og:image\" content=\"https:\/\/gambling6.com\/wp-content\/uploads\/2013\/12\/classic-casino-games.jpg\" \/>\n\t<meta property=\"og:image:width\" content=\"612\" \/>\n\t<meta property=\"og:image:height\" content=\"366\" \/>\n\t<meta property=\"og:image:type\" content=\"image\/jpeg\" \/>\n<meta name=\"twitter:card\" content=\"summary_large_image\" \/>\n<meta name=\"twitter:label1\" content=\"Tempo estimado de leitura\" \/>\n\t<meta name=\"twitter:data1\" content=\"3 minutos\" \/>\n<script type=\"application\/ld+json\" class=\"yoast-schema-graph\">{\"@context\":\"https:\\\/\\\/schema.org\",\"@graph\":[{\"@type\":\"WebPage\",\"@id\":\"https:\\\/\\\/gambling6.com\\\/pt-pt\\\/cassino\\\/cinco-principais-motivos-para-se-registar-num-casino-online\\\/\",\"url\":\"https:\\\/\\\/gambling6.com\\\/pt-pt\\\/cassino\\\/cinco-principais-motivos-para-se-registar-num-casino-online\\\/\",\"name\":\"Motivos para se registar num casino online\",\"isPartOf\":{\"@id\":\"https:\\\/\\\/gambling6.com\\\/pt-pt\\\/#website\"},\"primaryImageOfPage\":{\"@id\":\"https:\\\/\\\/gambling6.com\\\/pt-pt\\\/cassino\\\/cinco-principais-motivos-para-se-registar-num-casino-online\\\/#primaryimage\"},\"image\":{\"@id\":\"https:\\\/\\\/gambling6.com\\\/pt-pt\\\/cassino\\\/cinco-principais-motivos-para-se-registar-num-casino-online\\\/#primaryimage\"},\"thumbnailUrl\":\"https:\\\/\\\/gambling6.com\\\/wp-content\\\/uploads\\\/2013\\\/12\\\/classic-casino-games-300x179.jpg\",\"datePublished\":\"2025-11-07T16:32:12+00:00\",\"dateModified\":\"2025-11-15T10:04:47+00:00\",\"description\":\"Os casinos online t\u00eam muito para oferecer aos jogadores que procuram divers\u00e3o e muitas hip\u00f3teses de sair vencedores.\",\"breadcrumb\":{\"@id\":\"https:\\\/\\\/gambling6.com\\\/pt-pt\\\/cassino\\\/cinco-principais-motivos-para-se-registar-num-casino-online\\\/#breadcrumb\"},\"inLanguage\":\"pt-PT\",\"potentialAction\":[{\"@type\":\"ReadAction\",\"target\":[\"https:\\\/\\\/gambling6.com\\\/pt-pt\\\/cassino\\\/cinco-principais-motivos-para-se-registar-num-casino-online\\\/\"]}]},{\"@type\":\"ImageObject\",\"inLanguage\":\"pt-PT\",\"@id\":\"https:\\\/\\\/gambling6.com\\\/pt-pt\\\/cassino\\\/cinco-principais-motivos-para-se-registar-num-casino-online\\\/#primaryimage\",\"url\":\"https:\\\/\\\/gambling6.com\\\/wp-content\\\/uploads\\\/2013\\\/12\\\/classic-casino-games-300x179.jpg\",\"contentUrl\":\"https:\\\/\\\/gambling6.com\\\/wp-content\\\/uploads\\\/2013\\\/12\\\/classic-casino-games-300x179.jpg\"},{\"@type\":\"BreadcrumbList\",\"@id\":\"https:\\\/\\\/gambling6.com\\\/pt-pt\\\/cassino\\\/cinco-principais-motivos-para-se-registar-num-casino-online\\\/#breadcrumb\",\"itemListElement\":[{\"@type\":\"ListItem\",\"position\":1,\"name\":\"Home\",\"item\":\"https:\\\/\\\/gambling6.com\\\/pt-pt\\\/home\\\/\"},{\"@type\":\"ListItem\",\"position\":2,\"name\":\"Cassino\",\"item\":\"https:\\\/\\\/gambling6.com\\\/pt-pt\\\/get-started-with-online-gambling\\\/\"},{\"@type\":\"ListItem\",\"position\":3,\"name\":\"Cinco principais motivos para se registar num casino online\"}]},{\"@type\":\"WebSite\",\"@id\":\"https:\\\/\\\/gambling6.com\\\/pt-pt\\\/#website\",\"url\":\"https:\\\/\\\/gambling6.com\\\/pt-pt\\\/\",\"name\":\"Gambling6\",\"description\":\"\",\"potentialAction\":[{\"@type\":\"SearchAction\",\"target\":{\"@type\":\"EntryPoint\",\"urlTemplate\":\"https:\\\/\\\/gambling6.com\\\/pt-pt\\\/?s={search_term_string}\"},\"query-input\":{\"@type\":\"PropertyValueSpecification\",\"valueRequired\":true,\"valueName\":\"search_term_string\"}}],\"inLanguage\":\"pt-PT\"}]}<\/script>\n<!-- \/ Yoast SEO plugin. -->","yoast_head_json":{"title":"Motivos para se registar num casino online","description":"Os casinos online t\u00eam muito para oferecer aos jogadores que procuram divers\u00e3o e muitas hip\u00f3teses de sair vencedores.","robots":{"index":"index","follow":"follow","max-snippet":"max-snippet:-1","max-image-preview":"max-image-preview:large","max-video-preview":"max-video-preview:-1"},"canonical":"https:\/\/gambling6.com\/pt-pt\/cassino\/cinco-principais-motivos-para-se-registar-num-casino-online\/","og_locale":"pt_PT","og_type":"article","og_title":"Motivos para se registar num casino online","og_description":"Os casinos online t\u00eam muito para oferecer aos jogadores que procuram divers\u00e3o e muitas hip\u00f3teses de sair vencedores.","og_url":"https:\/\/gambling6.com\/pt-pt\/cassino\/cinco-principais-motivos-para-se-registar-num-casino-online\/","og_site_name":"Gambling6","article_modified_time":"2025-11-15T10:04:47+00:00","og_image":[{"width":612,"height":366,"url":"https:\/\/gambling6.com\/wp-content\/uploads\/2013\/12\/classic-casino-games.jpg","type":"image\/jpeg"}],"twitter_card":"summary_large_image","twitter_misc":{"Tempo estimado de leitura":"3 minutos"},"schema":{"@context":"https:\/\/schema.org","@graph":[{"@type":"WebPage","@id":"https:\/\/gambling6.com\/pt-pt\/cassino\/cinco-principais-motivos-para-se-registar-num-casino-online\/","url":"https:\/\/gambling6.com\/pt-pt\/cassino\/cinco-principais-motivos-para-se-registar-num-casino-online\/","name":"Motivos para se registar num casino online","isPartOf":{"@id":"https:\/\/gambling6.com\/pt-pt\/#website"},"primaryImageOfPage":{"@id":"https:\/\/gambling6.com\/pt-pt\/cassino\/cinco-principais-motivos-para-se-registar-num-casino-online\/#primaryimage"},"image":{"@id":"https:\/\/gambling6.com\/pt-pt\/cassino\/cinco-principais-motivos-para-se-registar-num-casino-online\/#primaryimage"},"thumbnailUrl":"https:\/\/gambling6.com\/wp-content\/uploads\/2013\/12\/classic-casino-games-300x179.jpg","datePublished":"2025-11-07T16:32:12+00:00","dateModified":"2025-11-15T10:04:47+00:00","description":"Os casinos online t\u00eam muito para oferecer aos jogadores que procuram divers\u00e3o e muitas hip\u00f3teses de sair vencedores.","breadcrumb":{"@id":"https:\/\/gambling6.com\/pt-pt\/cassino\/cinco-principais-motivos-para-se-registar-num-casino-online\/#breadcrumb"},"inLanguage":"pt-PT","potentialAction":[{"@type":"ReadAction","target":["https:\/\/gambling6.com\/pt-pt\/cassino\/cinco-principais-motivos-para-se-registar-num-casino-online\/"]}]},{"@type":"ImageObject","inLanguage":"pt-PT","@id":"https:\/\/gambling6.com\/pt-pt\/cassino\/cinco-principais-motivos-para-se-registar-num-casino-online\/#primaryimage","url":"https:\/\/gambling6.com\/wp-content\/uploads\/2013\/12\/classic-casino-games-300x179.jpg","contentUrl":"https:\/\/gambling6.com\/wp-content\/uploads\/2013\/12\/classic-casino-games-300x179.jpg"},{"@type":"BreadcrumbList","@id":"https:\/\/gambling6.com\/pt-pt\/cassino\/cinco-principais-motivos-para-se-registar-num-casino-online\/#breadcrumb","itemListElement":[{"@type":"ListItem","position":1,"name":"Home","item":"https:\/\/gambling6.com\/pt-pt\/home\/"},{"@type":"ListItem","position":2,"name":"Cassino","item":"https:\/\/gambling6.com\/pt-pt\/get-started-with-online-gambling\/"},{"@type":"ListItem","position":3,"name":"Cinco principais motivos para se registar num casino online"}]},{"@type":"WebSite","@id":"https:\/\/gambling6.com\/pt-pt\/#website","url":"https:\/\/gambling6.com\/pt-pt\/","name":"Gambling6","description":"","potentialAction":[{"@type":"SearchAction","target":{"@type":"EntryPoint","urlTemplate":"https:\/\/gambling6.com\/pt-pt\/?s={search_term_string}"},"query-input":{"@type":"PropertyValueSpecification","valueRequired":true,"valueName":"search_term_string"}}],"inLanguage":"pt-PT"}]}},"_links":{"self":[{"href":"https:\/\/gambling6.com\/pt-pt\/wp-json\/wp\/v2\/pages\/8405","targetHints":{"allow":["GET"]}}],"collection":[{"href":"https:\/\/gambling6.com\/pt-pt\/wp-json\/wp\/v2\/pages"}],"about":[{"href":"https:\/\/gambling6.com\/pt-pt\/wp-json\/wp\/v2\/types\/page"}],"author":[{"embeddable":true,"href":"https:\/\/gambling6.com\/pt-pt\/wp-json\/wp\/v2\/users\/1"}],"replies":[{"embeddable":true,"href":"https:\/\/gambling6.com\/pt-pt\/wp-json\/wp\/v2\/comments?post=8405"}],"version-history":[{"count":2,"href":"https:\/\/gambling6.com\/pt-pt\/wp-json\/wp\/v2\/pages\/8405\/revisions"}],"predecessor-version":[{"id":10913,"href":"https:\/\/gambling6.com\/pt-pt\/wp-json\/wp\/v2\/pages\/8405\/revisions\/10913"}],"up":[{"embeddable":true,"href":"https:\/\/gambling6.com\/pt-pt\/wp-json\/wp\/v2\/pages\/8322"}],"wp:attachment":[{"href":"https:\/\/gambling6.com\/pt-pt\/wp-json\/wp\/v2\/media?parent=8405"}],"curies":[{"name":"wp","href":"https:\/\/api.w.org\/{rel}","templated":true}]}}