{"id":8463,"date":"2025-11-07T18:00:54","date_gmt":"2025-11-07T18:00:54","guid":{"rendered":"https:\/\/gambling6.com\/dicas-sobre-os-melhores-sites-de-bingo\/"},"modified":"2025-11-15T15:55:42","modified_gmt":"2025-11-15T15:55:42","slug":"dicas-sobre-os-melhores-sites-de-bingo","status":"publish","type":"page","link":"https:\/\/gambling6.com\/pt-pt\/bingo\/dicas-sobre-os-melhores-sites-de-bingo\/","title":{"rendered":"Dicas sobre os melhores sites de bingo"},"content":{"rendered":"<h2>Escolher um Site de Bingo<\/h2>\n<p>O bingo \u00e9 um jogo emocionante que exige muito menos habilidade do que jogos como o blackjack ou o p\u00f3quer. O jogo atrai muitas pessoas pela sua simplicidade. N\u00e3o \u00e9 necess\u00e1rio aprender regras ou estrat\u00e9gias complicadas. Al\u00e9m disso, jogar com cart\u00f5es de bingo \u00e9 mais barato. Muitos sites oferecem este jogo online. Pode registar-se num deles e jogar por uma quantia m\u00ednima de dinheiro. <img loading=\"lazy\" decoding=\"async\" class=\" alignright size-full wp-image-213\" style=\"margin: 5px; float: right;\" src=\"http:\/\/gambling6.com\/wp-content\/uploads\/2013\/12\/img_110.png\" alt=\"escolha o melhor site de bingo\" width=\"288\" height=\"175\" \/><\/p>\n<p>Com tantos sites de bingo dispon\u00edveis, descobrir qual \u00e9 o melhor site de bingo online pode ser um desafio. Por conseguinte, \u00e9 aconselh\u00e1vel considerar fatores essenciais e decidir se um website \u00e9 ideal para si.<\/p>\n<ul>\n<li><strong>Reputa\u00e7\u00e3o e Experi\u00eancia<\/strong><\/li>\n<\/ul>\n<p>Certifique-se de que escolhe um site de bingo que esteja no mercado h\u00e1 bastante tempo e que tenha uma s\u00f3lida reputa\u00e7\u00e3o por proporcionar uma boa experi\u00eancia de jogo. Pode verificar isso lendo as avalia\u00e7\u00f5es de profissionais e jogadores reais. Um site de bingo com muitos jogadores pode ser fi\u00e1vel, uma vez que os jogadores n\u00e3o querem permanecer num site que n\u00e3o ofere\u00e7a uma experi\u00eancia de jogo agrad\u00e1vel.<\/p>\n<p><a href=\"https:\/\/record.revenueplanet.com\/_BoBybWC_aAPUOsjNOfgKefwM06wa-Rwt\/1\/\" target=\"_new\"><img loading=\"lazy\" decoding=\"async\" class=\"aligncenter\" style=\"border: none;\" src=\"https:\/\/media.revenueplanet.com\/uploads\/nbb-468x60-nov-generic.gif\" alt=\"BingoBilly Bingo Gr\u00e1tis\" width=\"686\" height=\"88\" \/><\/a><\/p>\n<ul>\n<li><strong>Jogos Oferecidos<\/strong><\/li>\n<\/ul>\n<p>O site que escolher precisa de oferecer uma grande variedade de jogos. <strong>O bingo<\/strong> apresenta-se em v\u00e1rias formas. Bingo de 90 bolas, 80 bolas, 75 bolas, mini, r\u00e1pido, cobertura total, bonanza e standard s\u00e3o algumas das varia\u00e7\u00f5es populares do jogo. Escolher o site que oferece todas estas varia\u00e7\u00f5es ajuda-o a divertir-se a jogar sem se sentir aborrecido.<\/p>\n<ul>\n<li><strong>B\u00f3nus<\/strong><\/li>\n<\/ul>\n<p>Embora n\u00e3o seja aconselh\u00e1vel decidir com base no b\u00f3nus oferecido pelo site de jogos, o site com o maior b\u00f3nus n\u00e3o \u00e9 necessariamente o melhor site de bingo para si. Funcionalidades \u00fateis e uma grande variedade de jogos s\u00e3o, sem d\u00favida, aspetos mais importantes. A maioria dos sites de bingo oferece um b\u00f3nus de boas-vindas. Assim que fizer o seu primeiro dep\u00f3sito, o valor do b\u00f3nus de boas-vindas ser\u00e1 automaticamente depositado na sua conta. Pode usar este b\u00f3nus para jogar mais. Certifique-se de que l\u00ea os termos e condi\u00e7\u00f5es associados ao b\u00f3nus. Normalmente, o b\u00f3nus deve ser utilizado no prazo de um m\u00eas.<\/p>\n<ul>\n<li><strong>M\u00e9todos de Dep\u00f3sito e Saque<\/strong><\/li>\n<\/ul>\n<p>O melhor site de bingo oferece v\u00e1rios m\u00e9todos de dep\u00f3sito para que possa escolher o mais conveniente. Tamb\u00e9m oferece uma variedade de op\u00e7\u00f5es para levantar os seus ganhos. Facilitam a cria\u00e7\u00e3o de uma conta. Pode facilmente concluir o registo online e inserir os seus dados banc\u00e1rios.<\/p>\n<ul>\n<li><strong>Atendimento ao Cliente<\/strong><\/li>\n<\/ul>\n<p>Pode verificar se o site de jogos oferece o melhor servi\u00e7o ao cliente. O melhor site tem uma equipa de atendimento ao cliente bem treinada que responde \u00e0s suas perguntas e resolve os seus problemas rapidamente. N\u00e3o importa se tem dificuldades em abrir uma conta ou se encontra problemas ao levantar os seus ganhos, pode obter ajuda a qualquer momento. Oferecem suporte por chat ao vivo, telefone e e-mail para resolver as suas d\u00favidas de forma profissional.<\/p>\n<p>Considerar todos estes fatores pode ajud\u00e1-lo a escolher um excelente site de bingo online. Particularmente, gost\u00e1mos do Bingo Billy. Mesmo que resida nos EUA, pode continuar a jogar no Bingo Billy \u2014 basta aceder a este link para o seu site.<\/p>\n","protected":false},"excerpt":{"rendered":"<p>Escolher um Site de Bingo O bingo \u00e9 um jogo emocionante que exige muito menos habilidade do que jogos como o blackjack ou o p\u00f3quer. O jogo atrai muitas pessoas pela sua simplicidade. N\u00e3o \u00e9 necess\u00e1rio aprender regras ou estrat\u00e9gias complicadas. Al\u00e9m disso, jogar com cart\u00f5es de bingo \u00e9 mais barato. Muitos sites oferecem este [&hellip;]<\/p>\n","protected":false},"author":1,"featured_media":4081,"parent":8525,"menu_order":5,"comment_status":"closed","ping_status":"closed","template":"","meta":{"footnotes":""},"class_list":["post-8463","page","type-page","status-publish","has-post-thumbnail","hentry"],"yoast_head":"<!-- This site is optimized with the Yoast SEO plugin v27.4 - https:\/\/yoast.com\/product\/yoast-seo-wordpress\/ -->\n<title>Dicas de Bingo - Quais os melhores sites de bingo?<\/title>\n<meta name=\"description\" content=\"Escolher o melhor site de bingo \u00e9 importante, mas que site escolher? Encontre as respostas aqui.\" \/>\n<meta name=\"robots\" content=\"index, follow, max-snippet:-1, max-image-preview:large, max-video-preview:-1\" \/>\n<link rel=\"canonical\" href=\"https:\/\/gambling6.com\/pt-pt\/bingo\/dicas-sobre-os-melhores-sites-de-bingo\/\" \/>\n<meta property=\"og:locale\" content=\"pt_PT\" \/>\n<meta property=\"og:type\" content=\"article\" \/>\n<meta property=\"og:title\" content=\"Dicas de Bingo - Quais os melhores sites de bingo?\" \/>\n<meta property=\"og:description\" content=\"Escolher o melhor site de bingo \u00e9 importante, mas que site escolher? Encontre as respostas aqui.\" \/>\n<meta property=\"og:url\" content=\"https:\/\/gambling6.com\/pt-pt\/bingo\/dicas-sobre-os-melhores-sites-de-bingo\/\" \/>\n<meta property=\"og:site_name\" content=\"Gambling6\" \/>\n<meta property=\"article:modified_time\" content=\"2025-11-15T15:55:42+00:00\" \/>\n<meta property=\"og:image\" content=\"https:\/\/gambling6.com\/wp-content\/uploads\/2013\/12\/img_110.png\" \/>\n\t<meta property=\"og:image:width\" content=\"288\" \/>\n\t<meta property=\"og:image:height\" content=\"175\" \/>\n\t<meta property=\"og:image:type\" content=\"image\/png\" \/>\n<meta name=\"twitter:card\" content=\"summary_large_image\" \/>\n<meta name=\"twitter:label1\" content=\"Tempo estimado de leitura\" \/>\n\t<meta name=\"twitter:data1\" content=\"3 minutos\" \/>\n<script type=\"application\/ld+json\" class=\"yoast-schema-graph\">{\"@context\":\"https:\\\/\\\/schema.org\",\"@graph\":[{\"@type\":\"WebPage\",\"@id\":\"https:\\\/\\\/gambling6.com\\\/pt-pt\\\/bingo\\\/dicas-sobre-os-melhores-sites-de-bingo\\\/\",\"url\":\"https:\\\/\\\/gambling6.com\\\/pt-pt\\\/bingo\\\/dicas-sobre-os-melhores-sites-de-bingo\\\/\",\"name\":\"Dicas de Bingo - Quais os melhores sites de bingo?\",\"isPartOf\":{\"@id\":\"https:\\\/\\\/gambling6.com\\\/pt-pt\\\/#website\"},\"primaryImageOfPage\":{\"@id\":\"https:\\\/\\\/gambling6.com\\\/pt-pt\\\/bingo\\\/dicas-sobre-os-melhores-sites-de-bingo\\\/#primaryimage\"},\"image\":{\"@id\":\"https:\\\/\\\/gambling6.com\\\/pt-pt\\\/bingo\\\/dicas-sobre-os-melhores-sites-de-bingo\\\/#primaryimage\"},\"thumbnailUrl\":\"https:\\\/\\\/gambling6.com\\\/wp-content\\\/uploads\\\/2013\\\/12\\\/img_110.png\",\"datePublished\":\"2025-11-07T18:00:54+00:00\",\"dateModified\":\"2025-11-15T15:55:42+00:00\",\"description\":\"Escolher o melhor site de bingo \u00e9 importante, mas que site escolher? Encontre as respostas aqui.\",\"breadcrumb\":{\"@id\":\"https:\\\/\\\/gambling6.com\\\/pt-pt\\\/bingo\\\/dicas-sobre-os-melhores-sites-de-bingo\\\/#breadcrumb\"},\"inLanguage\":\"pt-PT\",\"potentialAction\":[{\"@type\":\"ReadAction\",\"target\":[\"https:\\\/\\\/gambling6.com\\\/pt-pt\\\/bingo\\\/dicas-sobre-os-melhores-sites-de-bingo\\\/\"]}]},{\"@type\":\"ImageObject\",\"inLanguage\":\"pt-PT\",\"@id\":\"https:\\\/\\\/gambling6.com\\\/pt-pt\\\/bingo\\\/dicas-sobre-os-melhores-sites-de-bingo\\\/#primaryimage\",\"url\":\"https:\\\/\\\/gambling6.com\\\/wp-content\\\/uploads\\\/2013\\\/12\\\/img_110.png\",\"contentUrl\":\"https:\\\/\\\/gambling6.com\\\/wp-content\\\/uploads\\\/2013\\\/12\\\/img_110.png\",\"width\":288,\"height\":175},{\"@type\":\"BreadcrumbList\",\"@id\":\"https:\\\/\\\/gambling6.com\\\/pt-pt\\\/bingo\\\/dicas-sobre-os-melhores-sites-de-bingo\\\/#breadcrumb\",\"itemListElement\":[{\"@type\":\"ListItem\",\"position\":1,\"name\":\"Home\",\"item\":\"https:\\\/\\\/gambling6.com\\\/pt-pt\\\/home\\\/\"},{\"@type\":\"ListItem\",\"position\":2,\"name\":\"Bingo\",\"item\":\"https:\\\/\\\/gambling6.com\\\/pt-pt\\\/bingo\\\/\"},{\"@type\":\"ListItem\",\"position\":3,\"name\":\"Dicas sobre os melhores sites de bingo\"}]},{\"@type\":\"WebSite\",\"@id\":\"https:\\\/\\\/gambling6.com\\\/pt-pt\\\/#website\",\"url\":\"https:\\\/\\\/gambling6.com\\\/pt-pt\\\/\",\"name\":\"Gambling6\",\"description\":\"\",\"potentialAction\":[{\"@type\":\"SearchAction\",\"target\":{\"@type\":\"EntryPoint\",\"urlTemplate\":\"https:\\\/\\\/gambling6.com\\\/pt-pt\\\/?s={search_term_string}\"},\"query-input\":{\"@type\":\"PropertyValueSpecification\",\"valueRequired\":true,\"valueName\":\"search_term_string\"}}],\"inLanguage\":\"pt-PT\"}]}<\/script>\n<!-- \/ Yoast SEO plugin. -->","yoast_head_json":{"title":"Dicas de Bingo - Quais os melhores sites de bingo?","description":"Escolher o melhor site de bingo \u00e9 importante, mas que site escolher? Encontre as respostas aqui.","robots":{"index":"index","follow":"follow","max-snippet":"max-snippet:-1","max-image-preview":"max-image-preview:large","max-video-preview":"max-video-preview:-1"},"canonical":"https:\/\/gambling6.com\/pt-pt\/bingo\/dicas-sobre-os-melhores-sites-de-bingo\/","og_locale":"pt_PT","og_type":"article","og_title":"Dicas de Bingo - Quais os melhores sites de bingo?","og_description":"Escolher o melhor site de bingo \u00e9 importante, mas que site escolher? Encontre as respostas aqui.","og_url":"https:\/\/gambling6.com\/pt-pt\/bingo\/dicas-sobre-os-melhores-sites-de-bingo\/","og_site_name":"Gambling6","article_modified_time":"2025-11-15T15:55:42+00:00","og_image":[{"width":288,"height":175,"url":"https:\/\/gambling6.com\/wp-content\/uploads\/2013\/12\/img_110.png","type":"image\/png"}],"twitter_card":"summary_large_image","twitter_misc":{"Tempo estimado de leitura":"3 minutos"},"schema":{"@context":"https:\/\/schema.org","@graph":[{"@type":"WebPage","@id":"https:\/\/gambling6.com\/pt-pt\/bingo\/dicas-sobre-os-melhores-sites-de-bingo\/","url":"https:\/\/gambling6.com\/pt-pt\/bingo\/dicas-sobre-os-melhores-sites-de-bingo\/","name":"Dicas de Bingo - Quais os melhores sites de bingo?","isPartOf":{"@id":"https:\/\/gambling6.com\/pt-pt\/#website"},"primaryImageOfPage":{"@id":"https:\/\/gambling6.com\/pt-pt\/bingo\/dicas-sobre-os-melhores-sites-de-bingo\/#primaryimage"},"image":{"@id":"https:\/\/gambling6.com\/pt-pt\/bingo\/dicas-sobre-os-melhores-sites-de-bingo\/#primaryimage"},"thumbnailUrl":"https:\/\/gambling6.com\/wp-content\/uploads\/2013\/12\/img_110.png","datePublished":"2025-11-07T18:00:54+00:00","dateModified":"2025-11-15T15:55:42+00:00","description":"Escolher o melhor site de bingo \u00e9 importante, mas que site escolher? Encontre as respostas aqui.","breadcrumb":{"@id":"https:\/\/gambling6.com\/pt-pt\/bingo\/dicas-sobre-os-melhores-sites-de-bingo\/#breadcrumb"},"inLanguage":"pt-PT","potentialAction":[{"@type":"ReadAction","target":["https:\/\/gambling6.com\/pt-pt\/bingo\/dicas-sobre-os-melhores-sites-de-bingo\/"]}]},{"@type":"ImageObject","inLanguage":"pt-PT","@id":"https:\/\/gambling6.com\/pt-pt\/bingo\/dicas-sobre-os-melhores-sites-de-bingo\/#primaryimage","url":"https:\/\/gambling6.com\/wp-content\/uploads\/2013\/12\/img_110.png","contentUrl":"https:\/\/gambling6.com\/wp-content\/uploads\/2013\/12\/img_110.png","width":288,"height":175},{"@type":"BreadcrumbList","@id":"https:\/\/gambling6.com\/pt-pt\/bingo\/dicas-sobre-os-melhores-sites-de-bingo\/#breadcrumb","itemListElement":[{"@type":"ListItem","position":1,"name":"Home","item":"https:\/\/gambling6.com\/pt-pt\/home\/"},{"@type":"ListItem","position":2,"name":"Bingo","item":"https:\/\/gambling6.com\/pt-pt\/bingo\/"},{"@type":"ListItem","position":3,"name":"Dicas sobre os melhores sites de bingo"}]},{"@type":"WebSite","@id":"https:\/\/gambling6.com\/pt-pt\/#website","url":"https:\/\/gambling6.com\/pt-pt\/","name":"Gambling6","description":"","potentialAction":[{"@type":"SearchAction","target":{"@type":"EntryPoint","urlTemplate":"https:\/\/gambling6.com\/pt-pt\/?s={search_term_string}"},"query-input":{"@type":"PropertyValueSpecification","valueRequired":true,"valueName":"search_term_string"}}],"inLanguage":"pt-PT"}]}},"_links":{"self":[{"href":"https:\/\/gambling6.com\/pt-pt\/wp-json\/wp\/v2\/pages\/8463","targetHints":{"allow":["GET"]}}],"collection":[{"href":"https:\/\/gambling6.com\/pt-pt\/wp-json\/wp\/v2\/pages"}],"about":[{"href":"https:\/\/gambling6.com\/pt-pt\/wp-json\/wp\/v2\/types\/page"}],"author":[{"embeddable":true,"href":"https:\/\/gambling6.com\/pt-pt\/wp-json\/wp\/v2\/users\/1"}],"replies":[{"embeddable":true,"href":"https:\/\/gambling6.com\/pt-pt\/wp-json\/wp\/v2\/comments?post=8463"}],"version-history":[{"count":2,"href":"https:\/\/gambling6.com\/pt-pt\/wp-json\/wp\/v2\/pages\/8463\/revisions"}],"predecessor-version":[{"id":10962,"href":"https:\/\/gambling6.com\/pt-pt\/wp-json\/wp\/v2\/pages\/8463\/revisions\/10962"}],"up":[{"embeddable":true,"href":"https:\/\/gambling6.com\/pt-pt\/wp-json\/wp\/v2\/pages\/8525"}],"wp:featuredmedia":[{"embeddable":true,"href":"https:\/\/gambling6.com\/pt-pt\/wp-json\/wp\/v2\/media\/4081"}],"wp:attachment":[{"href":"https:\/\/gambling6.com\/pt-pt\/wp-json\/wp\/v2\/media?parent=8463"}],"curies":[{"name":"wp","href":"https:\/\/api.w.org\/{rel}","templated":true}]}}