{"id":8585,"date":"2025-11-07T20:52:45","date_gmt":"2025-11-07T20:52:45","guid":{"rendered":"https:\/\/gambling6.com\/cassino\/a-era-movel-jogo-em-qualquer-lugar\/"},"modified":"2025-11-15T09:55:55","modified_gmt":"2025-11-15T09:55:55","slug":"a-era-movel-jogo-em-qualquer-lugar","status":"publish","type":"page","link":"https:\/\/gambling6.com\/pt-pt\/cassino\/a-era-movel-jogo-em-qualquer-lugar\/","title":{"rendered":"A era m\u00f3vel: jogo em qualquer lugar."},"content":{"rendered":"<h2>Jogos de azar online em dispositivos m\u00f3veis<\/h2>\n<h3>HTML5 vs. Aplica\u00e7\u00f5es nativas \u2013 a escolha \u00e9 sua!<\/h3>\n<p>Ao consultar um bom diret\u00f3rio de jogo, \u00e9 f\u00e1cil perceber que existem muitas op\u00e7\u00f5es excelentes para os jogadores que desejam desfrutar dos seus jogos favoritos atrav\u00e9s da internet. V\u00e1rios sites oferecem jogos de azar online seguros em praticamente todas as categorias, com o p\u00f3quer, casino e apostas desportivas geralmente no topo da lista. \u00c9 importante notar que tamb\u00e9m existem op\u00e7\u00f5es para os jogadores dos EUA, apesar das regulamenta\u00e7\u00f5es neste mercado, pelo que os americanos n\u00e3o dever\u00e3o ter problemas em encontrar um site fi\u00e1vel atrav\u00e9s de um portal de jogo online.<\/p>\n<p><img loading=\"lazy\" decoding=\"async\" class=\" alignright size-full wp-image-400\" style=\"margin: 5px; float: right;\" src=\"http:\/\/gambling6.com\/wp-content\/uploads\/2013\/12\/mobile-gambling-150x150.jpg\" alt=\"aplica\u00e7\u00f5es de jogos de azar para dispositivos m\u00f3veis\" width=\"150\" height=\"150\" \/>Enquanto a oferta de jogo online continua a crescer, a tend\u00eancia parece ser que os jogos para dispositivos m\u00f3veis s\u00e3o o futuro. Praticamente todos os principais operadores do sector t\u00eam, ou est\u00e3o a desenvolver, uma aplica\u00e7\u00e3o m\u00f3vel que permite aos seus utilizadores aceder aos mesmos servi\u00e7os que t\u00eam em casa, atrav\u00e9s de um smartphone. Numa entrevista recente, o diretor de informa\u00e7\u00e3o da Intralot, Dr. Christos Dimitriadis, afirmou que o jogo em dispositivos m\u00f3veis se tornar\u00e1 legal em todos os pa\u00edses da Uni\u00e3o Europeia.<\/p>\n<p>Embora n\u00e3o tenha especificado quando \u00e9 prov\u00e1vel que tal aconte\u00e7a, o facto de os Estados necessitarem de manter o controlo sobre o jogo torna obrigat\u00f3ria a legaliza\u00e7\u00e3o e a regulamenta\u00e7\u00e3o rigorosa do jogo em dispositivos m\u00f3veis. \u00c0 medida que cada vez mais players realizam as suas atividades em dispositivos m\u00f3veis, tanto os operadores como os reguladores em mercados espec\u00edficos precisam de trabalhar em conjunto para chegar a uma solu\u00e7\u00e3o ideal.<\/p>\n<h2>HTML5<\/h2>\n<p>Alguns dos principais operadores do mercado de jogo online j\u00e1 deram passos significativos para melhorar as suas ofertas para dispositivos m\u00f3veis. O 888 \u00e9 conhecido mundialmente, principalmente pelas suas apostas desportivas online, que praticamente abrangem todo o mundo e oferecem apostas em todos os principais desportos e v\u00e1rias ligas. O site tamb\u00e9m oferece jogos de casino, p\u00f3quer, bingo e outras categorias de jogos online, tornando-o um dos maiores nomes do setor.<\/p>\n<p><a class=\"thirstylink\" title=\"888 casino en\" href=\"https:\/\/gambling6.com\/go\/888-casino-en\/\" target=\"_blank\" rel=\"nofollow noopener\"><strong>Clique aqui para visitar o 888 Casino<\/strong><\/a> &#8211; crie uma conta de jogador gratuitamente e descarregue a aplica\u00e7\u00e3o para dispositivos m\u00f3veis.<\/p>\n<p>Recentemente, o 888 migrou a sua plataforma m\u00f3vel para uma vers\u00e3o HTML5, tornando-a muito mais conveniente para os jogadores. Basicamente, o streaming de \u00e1udio e v\u00eddeo da operadora ser\u00e1 agora feito em HTML5, permitindo aos utilizadores acompanhar a a\u00e7\u00e3o nos seus dispositivos preferidos sem a necessidade de um plug-in Flash. Isto tamb\u00e9m abre portas a novas possibilidades, uma vez que os utilizadores podem agora fazer apostas enquanto recebem dados em tempo real. A vers\u00e3o HTML5 proporciona tamb\u00e9m uma melhor experi\u00eancia ao utilizador. Consegue detetar o tamanho do ecr\u00e3 do dispositivo, os recursos do sistema e as liga\u00e7\u00f5es dispon\u00edveis.<\/p>\n<p>Isto significa tomar as precau\u00e7\u00f5es necess\u00e1rias para garantir que tudo funciona sem problemas, como diminuir a qualidade ou esperar antes de iniciar um v\u00eddeo para poupar largura de banda. Os sites de avalia\u00e7\u00e3o de jogos de azar facilitam muito a procura de um casino online fi\u00e1vel, agrupando os sites em diferentes categorias com base nos seus pontos fortes. Alguns sites tendem a concentrar-se nas suas ofertas para dispositivos m\u00f3veis, e os casinos online dos EUA s\u00e3o sempre um excelente tema de discuss\u00e3o.<\/p>\n<h2>Aplica\u00e7\u00f5es nativas<\/h2>\n<p>As aplica\u00e7\u00f5es nativas requerem download e instala\u00e7\u00e3o, o que significa que \u00e9 necess\u00e1rio haver diferentes vers\u00f5es para suportar os v\u00e1rios sistemas operativos m\u00f3veis atualmente dispon\u00edveis. Embora sejam muito comuns entre os casinos online, est\u00e3o a perder terreno para o HTML5. Existem v\u00e1rias raz\u00f5es para tal, sendo a principal o facto de uma \u00fanica vers\u00e3o em HTML5 ser compat\u00edvel com todos os dispositivos m\u00f3veis e realizar as altera\u00e7\u00f5es necess\u00e1rias de forma autom\u00e1tica. \u00c9 fundamental real\u00e7ar que, como j\u00e1 foi referido anteriormente, a 888 n\u00e3o abandonar\u00e1 as suas aplica\u00e7\u00f5es nativas, nem deixar\u00e1 de utilizar a tecnologia HTML4.<\/p>\n<p>Este \u00e9 um excelente exemplo tamb\u00e9m para outros operadores, uma vez que a transi\u00e7\u00e3o repentina para o HTML5 e o abandono das op\u00e7\u00f5es anteriores significariam que alguns utilizadores deixariam de ter acesso \u00e0s ofertas. Nem todos os jogadores possuem a tecnologia necess\u00e1ria para executar a nova gera\u00e7\u00e3o de software sem problemas, pelo que, embora este seja um passo importante para uma melhor experi\u00eancia de jogo em dispositivos m\u00f3veis, n\u00e3o dever\u00e1 afetar negativamente os clientes atuais. As aplica\u00e7\u00f5es nativas continuam a ser uma \u00f3tima maneira de aproveitar os jogos de casino online em diversos dispositivos m\u00f3veis. O processo de configura\u00e7\u00e3o inicial \u00e9 geralmente r\u00e1pido, pelo que, embora o HTML5 seja o pr\u00f3ximo grande passo para todos os operadores, as ofertas atualmente dispon\u00edveis tamb\u00e9m s\u00e3o excelentes.<\/p>\n","protected":false},"excerpt":{"rendered":"<p>Jogos de azar online em dispositivos m\u00f3veis HTML5 vs. Aplica\u00e7\u00f5es nativas \u2013 a escolha \u00e9 sua! Ao consultar um bom diret\u00f3rio de jogo, \u00e9 f\u00e1cil perceber que existem muitas op\u00e7\u00f5es excelentes para os jogadores que desejam desfrutar dos seus jogos favoritos atrav\u00e9s da internet. V\u00e1rios sites oferecem jogos de azar online seguros em praticamente todas [&hellip;]<\/p>\n","protected":false},"author":1,"featured_media":3847,"parent":8322,"menu_order":40,"comment_status":"closed","ping_status":"closed","template":"","meta":{"footnotes":""},"class_list":["post-8585","page","type-page","status-publish","has-post-thumbnail","hentry"],"yoast_head":"<!-- This site is optimized with the Yoast SEO plugin v27.3 - https:\/\/yoast.com\/product\/yoast-seo-wordpress\/ -->\n<title>Jogos de azar online em dispositivos m\u00f3veis<\/title>\n<meta name=\"description\" content=\"Os jogos de azar em dispositivos m\u00f3veis est\u00e3o a tornar-se cada vez mais populares, e as aplica\u00e7\u00f5es est\u00e3o a apresentar melhores gr\u00e1ficos e mais recursos.\" \/>\n<meta name=\"robots\" content=\"index, follow, max-snippet:-1, max-image-preview:large, max-video-preview:-1\" \/>\n<link rel=\"canonical\" href=\"https:\/\/gambling6.com\/pt-pt\/cassino\/a-era-movel-jogo-em-qualquer-lugar\/\" \/>\n<meta property=\"og:locale\" content=\"pt_PT\" \/>\n<meta property=\"og:type\" content=\"article\" \/>\n<meta property=\"og:title\" content=\"Jogos de azar online em dispositivos m\u00f3veis\" \/>\n<meta property=\"og:description\" content=\"Os jogos de azar em dispositivos m\u00f3veis est\u00e3o a tornar-se cada vez mais populares, e as aplica\u00e7\u00f5es est\u00e3o a apresentar melhores gr\u00e1ficos e mais recursos.\" \/>\n<meta property=\"og:url\" content=\"https:\/\/gambling6.com\/pt-pt\/cassino\/a-era-movel-jogo-em-qualquer-lugar\/\" \/>\n<meta property=\"og:site_name\" content=\"Gambling6\" \/>\n<meta property=\"article:modified_time\" content=\"2025-11-15T09:55:55+00:00\" \/>\n<meta property=\"og:image\" content=\"https:\/\/gambling6.com\/wp-content\/uploads\/2013\/12\/mobile-gambling-150x150.jpg\" \/>\n\t<meta property=\"og:image:width\" content=\"150\" \/>\n\t<meta property=\"og:image:height\" content=\"150\" \/>\n\t<meta property=\"og:image:type\" content=\"image\/jpeg\" \/>\n<meta name=\"twitter:card\" content=\"summary_large_image\" \/>\n<meta name=\"twitter:label1\" content=\"Tempo estimado de leitura\" \/>\n\t<meta name=\"twitter:data1\" content=\"4 minutos\" \/>\n<script type=\"application\/ld+json\" class=\"yoast-schema-graph\">{\"@context\":\"https:\\\/\\\/schema.org\",\"@graph\":[{\"@type\":\"WebPage\",\"@id\":\"https:\\\/\\\/gambling6.com\\\/pt-pt\\\/cassino\\\/a-era-movel-jogo-em-qualquer-lugar\\\/\",\"url\":\"https:\\\/\\\/gambling6.com\\\/pt-pt\\\/cassino\\\/a-era-movel-jogo-em-qualquer-lugar\\\/\",\"name\":\"Jogos de azar online em dispositivos m\u00f3veis\",\"isPartOf\":{\"@id\":\"https:\\\/\\\/gambling6.com\\\/pt-pt\\\/#website\"},\"primaryImageOfPage\":{\"@id\":\"https:\\\/\\\/gambling6.com\\\/pt-pt\\\/cassino\\\/a-era-movel-jogo-em-qualquer-lugar\\\/#primaryimage\"},\"image\":{\"@id\":\"https:\\\/\\\/gambling6.com\\\/pt-pt\\\/cassino\\\/a-era-movel-jogo-em-qualquer-lugar\\\/#primaryimage\"},\"thumbnailUrl\":\"https:\\\/\\\/gambling6.com\\\/wp-content\\\/uploads\\\/2013\\\/12\\\/mobile-gambling-150x150.jpg\",\"datePublished\":\"2025-11-07T20:52:45+00:00\",\"dateModified\":\"2025-11-15T09:55:55+00:00\",\"description\":\"Os jogos de azar em dispositivos m\u00f3veis est\u00e3o a tornar-se cada vez mais populares, e as aplica\u00e7\u00f5es est\u00e3o a apresentar melhores gr\u00e1ficos e mais recursos.\",\"breadcrumb\":{\"@id\":\"https:\\\/\\\/gambling6.com\\\/pt-pt\\\/cassino\\\/a-era-movel-jogo-em-qualquer-lugar\\\/#breadcrumb\"},\"inLanguage\":\"pt-PT\",\"potentialAction\":[{\"@type\":\"ReadAction\",\"target\":[\"https:\\\/\\\/gambling6.com\\\/pt-pt\\\/cassino\\\/a-era-movel-jogo-em-qualquer-lugar\\\/\"]}]},{\"@type\":\"ImageObject\",\"inLanguage\":\"pt-PT\",\"@id\":\"https:\\\/\\\/gambling6.com\\\/pt-pt\\\/cassino\\\/a-era-movel-jogo-em-qualquer-lugar\\\/#primaryimage\",\"url\":\"https:\\\/\\\/gambling6.com\\\/wp-content\\\/uploads\\\/2013\\\/12\\\/mobile-gambling-150x150.jpg\",\"contentUrl\":\"https:\\\/\\\/gambling6.com\\\/wp-content\\\/uploads\\\/2013\\\/12\\\/mobile-gambling-150x150.jpg\",\"width\":150,\"height\":150,\"caption\":\"online slotmachine\"},{\"@type\":\"BreadcrumbList\",\"@id\":\"https:\\\/\\\/gambling6.com\\\/pt-pt\\\/cassino\\\/a-era-movel-jogo-em-qualquer-lugar\\\/#breadcrumb\",\"itemListElement\":[{\"@type\":\"ListItem\",\"position\":1,\"name\":\"Home\",\"item\":\"https:\\\/\\\/gambling6.com\\\/pt-pt\\\/home\\\/\"},{\"@type\":\"ListItem\",\"position\":2,\"name\":\"Cassino\",\"item\":\"https:\\\/\\\/gambling6.com\\\/pt-pt\\\/get-started-with-online-gambling\\\/\"},{\"@type\":\"ListItem\",\"position\":3,\"name\":\"A era m\u00f3vel: jogo em qualquer lugar.\"}]},{\"@type\":\"WebSite\",\"@id\":\"https:\\\/\\\/gambling6.com\\\/pt-pt\\\/#website\",\"url\":\"https:\\\/\\\/gambling6.com\\\/pt-pt\\\/\",\"name\":\"Gambling6\",\"description\":\"\",\"potentialAction\":[{\"@type\":\"SearchAction\",\"target\":{\"@type\":\"EntryPoint\",\"urlTemplate\":\"https:\\\/\\\/gambling6.com\\\/pt-pt\\\/?s={search_term_string}\"},\"query-input\":{\"@type\":\"PropertyValueSpecification\",\"valueRequired\":true,\"valueName\":\"search_term_string\"}}],\"inLanguage\":\"pt-PT\"}]}<\/script>\n<!-- \/ Yoast SEO plugin. -->","yoast_head_json":{"title":"Jogos de azar online em dispositivos m\u00f3veis","description":"Os jogos de azar em dispositivos m\u00f3veis est\u00e3o a tornar-se cada vez mais populares, e as aplica\u00e7\u00f5es est\u00e3o a apresentar melhores gr\u00e1ficos e mais recursos.","robots":{"index":"index","follow":"follow","max-snippet":"max-snippet:-1","max-image-preview":"max-image-preview:large","max-video-preview":"max-video-preview:-1"},"canonical":"https:\/\/gambling6.com\/pt-pt\/cassino\/a-era-movel-jogo-em-qualquer-lugar\/","og_locale":"pt_PT","og_type":"article","og_title":"Jogos de azar online em dispositivos m\u00f3veis","og_description":"Os jogos de azar em dispositivos m\u00f3veis est\u00e3o a tornar-se cada vez mais populares, e as aplica\u00e7\u00f5es est\u00e3o a apresentar melhores gr\u00e1ficos e mais recursos.","og_url":"https:\/\/gambling6.com\/pt-pt\/cassino\/a-era-movel-jogo-em-qualquer-lugar\/","og_site_name":"Gambling6","article_modified_time":"2025-11-15T09:55:55+00:00","og_image":[{"width":150,"height":150,"url":"https:\/\/gambling6.com\/wp-content\/uploads\/2013\/12\/mobile-gambling-150x150.jpg","type":"image\/jpeg"}],"twitter_card":"summary_large_image","twitter_misc":{"Tempo estimado de leitura":"4 minutos"},"schema":{"@context":"https:\/\/schema.org","@graph":[{"@type":"WebPage","@id":"https:\/\/gambling6.com\/pt-pt\/cassino\/a-era-movel-jogo-em-qualquer-lugar\/","url":"https:\/\/gambling6.com\/pt-pt\/cassino\/a-era-movel-jogo-em-qualquer-lugar\/","name":"Jogos de azar online em dispositivos m\u00f3veis","isPartOf":{"@id":"https:\/\/gambling6.com\/pt-pt\/#website"},"primaryImageOfPage":{"@id":"https:\/\/gambling6.com\/pt-pt\/cassino\/a-era-movel-jogo-em-qualquer-lugar\/#primaryimage"},"image":{"@id":"https:\/\/gambling6.com\/pt-pt\/cassino\/a-era-movel-jogo-em-qualquer-lugar\/#primaryimage"},"thumbnailUrl":"https:\/\/gambling6.com\/wp-content\/uploads\/2013\/12\/mobile-gambling-150x150.jpg","datePublished":"2025-11-07T20:52:45+00:00","dateModified":"2025-11-15T09:55:55+00:00","description":"Os jogos de azar em dispositivos m\u00f3veis est\u00e3o a tornar-se cada vez mais populares, e as aplica\u00e7\u00f5es est\u00e3o a apresentar melhores gr\u00e1ficos e mais recursos.","breadcrumb":{"@id":"https:\/\/gambling6.com\/pt-pt\/cassino\/a-era-movel-jogo-em-qualquer-lugar\/#breadcrumb"},"inLanguage":"pt-PT","potentialAction":[{"@type":"ReadAction","target":["https:\/\/gambling6.com\/pt-pt\/cassino\/a-era-movel-jogo-em-qualquer-lugar\/"]}]},{"@type":"ImageObject","inLanguage":"pt-PT","@id":"https:\/\/gambling6.com\/pt-pt\/cassino\/a-era-movel-jogo-em-qualquer-lugar\/#primaryimage","url":"https:\/\/gambling6.com\/wp-content\/uploads\/2013\/12\/mobile-gambling-150x150.jpg","contentUrl":"https:\/\/gambling6.com\/wp-content\/uploads\/2013\/12\/mobile-gambling-150x150.jpg","width":150,"height":150,"caption":"online slotmachine"},{"@type":"BreadcrumbList","@id":"https:\/\/gambling6.com\/pt-pt\/cassino\/a-era-movel-jogo-em-qualquer-lugar\/#breadcrumb","itemListElement":[{"@type":"ListItem","position":1,"name":"Home","item":"https:\/\/gambling6.com\/pt-pt\/home\/"},{"@type":"ListItem","position":2,"name":"Cassino","item":"https:\/\/gambling6.com\/pt-pt\/get-started-with-online-gambling\/"},{"@type":"ListItem","position":3,"name":"A era m\u00f3vel: jogo em qualquer lugar."}]},{"@type":"WebSite","@id":"https:\/\/gambling6.com\/pt-pt\/#website","url":"https:\/\/gambling6.com\/pt-pt\/","name":"Gambling6","description":"","potentialAction":[{"@type":"SearchAction","target":{"@type":"EntryPoint","urlTemplate":"https:\/\/gambling6.com\/pt-pt\/?s={search_term_string}"},"query-input":{"@type":"PropertyValueSpecification","valueRequired":true,"valueName":"search_term_string"}}],"inLanguage":"pt-PT"}]}},"_links":{"self":[{"href":"https:\/\/gambling6.com\/pt-pt\/wp-json\/wp\/v2\/pages\/8585","targetHints":{"allow":["GET"]}}],"collection":[{"href":"https:\/\/gambling6.com\/pt-pt\/wp-json\/wp\/v2\/pages"}],"about":[{"href":"https:\/\/gambling6.com\/pt-pt\/wp-json\/wp\/v2\/types\/page"}],"author":[{"embeddable":true,"href":"https:\/\/gambling6.com\/pt-pt\/wp-json\/wp\/v2\/users\/1"}],"replies":[{"embeddable":true,"href":"https:\/\/gambling6.com\/pt-pt\/wp-json\/wp\/v2\/comments?post=8585"}],"version-history":[{"count":2,"href":"https:\/\/gambling6.com\/pt-pt\/wp-json\/wp\/v2\/pages\/8585\/revisions"}],"predecessor-version":[{"id":10907,"href":"https:\/\/gambling6.com\/pt-pt\/wp-json\/wp\/v2\/pages\/8585\/revisions\/10907"}],"up":[{"embeddable":true,"href":"https:\/\/gambling6.com\/pt-pt\/wp-json\/wp\/v2\/pages\/8322"}],"wp:featuredmedia":[{"embeddable":true,"href":"https:\/\/gambling6.com\/pt-pt\/wp-json\/wp\/v2\/media\/3847"}],"wp:attachment":[{"href":"https:\/\/gambling6.com\/pt-pt\/wp-json\/wp\/v2\/media?parent=8585"}],"curies":[{"name":"wp","href":"https:\/\/api.w.org\/{rel}","templated":true}]}}