{"id":8720,"date":"2025-11-07T23:12:22","date_gmt":"2025-11-07T23:12:22","guid":{"rendered":"https:\/\/gambling6.com\/cartoes-de-raspadinha\/"},"modified":"2025-11-07T23:12:22","modified_gmt":"2025-11-07T23:12:22","slug":"cartoes-de-raspadinha","status":"publish","type":"page","link":"https:\/\/gambling6.com\/pt-pt\/cartoes-de-raspadinha\/","title":{"rendered":"Cart\u00f5es de raspadinha"},"content":{"rendered":"<p>Se gosta da emo\u00e7\u00e3o de jogar raspadinhas ou outros jogos de pr\u00e9mios instant\u00e2neos, <strong>vai adorar a nossa recomenda\u00e7\u00e3o de sites para jogar raspadinhas online.<\/strong> Existem muitas op\u00e7\u00f5es para jogar raspadinhas na internet. Todos estes sites oferecem b\u00f3nus de inscri\u00e7\u00e3o e uma boa sele\u00e7\u00e3o de produtos. Pode registar-se, escolher um m\u00e9todo de pagamento, adicionar fundos \u00e0 sua conta e come\u00e7ar a jogar em poucos minutos. <img loading=\"lazy\" decoding=\"async\" class=\" alignright wp-image-511\" style=\"margin: 10px; border: 5px solid #ffffff; float: right;\" src=\"http:\/\/gambling6.com\/wp-content\/uploads\/2013\/12\/best_online_scratchcards.jpg\" alt=\"best online scratchcards\" width=\"299\" height=\"163\" srcset=\"https:\/\/gambling6.com\/wp-content\/uploads\/2013\/12\/best_online_scratchcards.jpg 446w, https:\/\/gambling6.com\/wp-content\/uploads\/2013\/12\/best_online_scratchcards-300x163.jpg 300w\" sizes=\"auto, (max-width: 299px) 100vw, 299px\" \/><\/p>\n<h2>Os sites de raspadinhas online oferecem grandes anima\u00e7\u00f5es<\/h2>\n<p>Ao contr\u00e1rio dos jogos que joga em cart\u00f5es da sua loja de lotaria favorita, as vers\u00f5es online de raspadinhas oferecem anima\u00e7\u00f5es emocionantes para criar um ambiente divertido. A emo\u00e7\u00e3o de ganhar e a adrenalina que se sente ao ver os pr\u00e9mios aparecerem no ecr\u00e3 \u00e9 o que faz com que os jogadores voltem sempre aos sites de raspadinhas online. Estes sites adicionaram recursos visuais para aumentar o suspense e a emo\u00e7\u00e3o.<\/p>\n<h2>As raspadinhas Instant Win do 888 Casino s\u00e3o concebidas para jogadores europeus e do Reino Unido<\/h2>\n<p>O 888 Casino \u00e9 conhecido internacionalmente como um casino de classe mundial, mas \u00e9 tamb\u00e9m uma for\u00e7a a ser reconhecida no mundo das raspadinhas online. <a class=\"thirstylink\" title=\"888 casino en\" href=\"https:\/\/gambling6.com\/go\/888-casino-en\/\" target=\"_blank\" rel=\"nofollow noopener\">Pode visitar a sec\u00e7\u00e3o de raspadinhas clicando aqui.<\/a><\/p>\n<p>O que encontrar\u00e1 exatamente nos jogos de raspadinha online do 888 Casino? Principalmente, os jogadores v\u00e3o adorar a quantidade de raspadinhas oferecidas. Pode jogar mais de 40 jogos diferentes e, se se cansar de jogar raspadinhas, pode mudar rapidamente para as centenas de slot machines online com jackpots progressivos e uma variedade de jogos para todos os jogadores. Muitas destas m\u00e1quinas come\u00e7am com apostas m\u00ednimas de um c\u00eantimo, mas oferecem pagamentos fant\u00e1sticos.<\/p>\n<p>Este site oferece uma grande variedade de jogos de casino, bem como apostas de p\u00f3quer e desportivas.<\/p>\n<p>A emo\u00e7\u00e3o do 888 Casino \u00e9 impulsionada pela equipa de suporte, respons\u00e1vel por criar um ambiente que nos faz querer voltar sempre. Est\u00e3o sempre a pensar em novas formas de oferecer novos jogos e novas formas de ganhar, mantendo-o atualizado em todas as etapas.<\/p>\n<p>Combine jackpots enormes com muitos t\u00edtulos de jogos e adicione uma equipa de classe mundial a trabalhar dia e noite para oferecer novos programas que o mantenham entretido, e ter\u00e1 uma deliciosa mistura de pura divers\u00e3o com raspadinhas. N\u00e3o deixe de participar na a\u00e7\u00e3o das raspadinhas no 888 Casino.<\/p>\n","protected":false},"excerpt":{"rendered":"<p>Se gosta da emo\u00e7\u00e3o de jogar raspadinhas ou outros jogos de pr\u00e9mios instant\u00e2neos, vai adorar a nossa recomenda\u00e7\u00e3o de sites para jogar raspadinhas online. Existem muitas op\u00e7\u00f5es para jogar raspadinhas na internet. Todos estes sites oferecem b\u00f3nus de inscri\u00e7\u00e3o e uma boa sele\u00e7\u00e3o de produtos. Pode registar-se, escolher um m\u00e9todo de pagamento, adicionar fundos \u00e0 [&hellip;]<\/p>\n","protected":false},"author":1,"featured_media":4068,"parent":0,"menu_order":7,"comment_status":"closed","ping_status":"closed","template":"","meta":{"footnotes":""},"class_list":["post-8720","page","type-page","status-publish","has-post-thumbnail","hentry"],"yoast_head":"<!-- This site is optimized with the Yoast SEO plugin v27.4 - https:\/\/yoast.com\/product\/yoast-seo-wordpress\/ -->\n<title>Quais s\u00e3o os melhores sites de raspadinhas online?<\/title>\n<meta name=\"description\" content=\"Comece a jogar no melhor site de raspadinhas online. Dezenas de raspadinhas dispon\u00edveis com uma grande variedade de pr\u00e9mios.\" \/>\n<meta name=\"robots\" content=\"index, follow, max-snippet:-1, max-image-preview:large, max-video-preview:-1\" \/>\n<link rel=\"canonical\" href=\"https:\/\/gambling6.com\/pt-pt\/cartoes-de-raspadinha\/\" \/>\n<meta property=\"og:locale\" content=\"pt_PT\" \/>\n<meta property=\"og:type\" content=\"article\" \/>\n<meta property=\"og:title\" content=\"Quais s\u00e3o os melhores sites de raspadinhas online?\" \/>\n<meta property=\"og:description\" content=\"Comece a jogar no melhor site de raspadinhas online. Dezenas de raspadinhas dispon\u00edveis com uma grande variedade de pr\u00e9mios.\" \/>\n<meta property=\"og:url\" content=\"https:\/\/gambling6.com\/pt-pt\/cartoes-de-raspadinha\/\" \/>\n<meta property=\"og:site_name\" content=\"Gambling6\" \/>\n<meta property=\"og:image\" content=\"https:\/\/gambling6.com\/wp-content\/uploads\/2013\/12\/best_online_scratchcards.jpg\" \/>\n\t<meta property=\"og:image:width\" content=\"446\" \/>\n\t<meta property=\"og:image:height\" content=\"243\" \/>\n\t<meta property=\"og:image:type\" content=\"image\/jpeg\" \/>\n<meta name=\"twitter:card\" content=\"summary_large_image\" \/>\n<meta name=\"twitter:label1\" content=\"Tempo estimado de leitura\" \/>\n\t<meta name=\"twitter:data1\" content=\"2 minutos\" \/>\n<script type=\"application\/ld+json\" class=\"yoast-schema-graph\">{\"@context\":\"https:\\\/\\\/schema.org\",\"@graph\":[{\"@type\":\"WebPage\",\"@id\":\"https:\\\/\\\/gambling6.com\\\/pt-pt\\\/cartoes-de-raspadinha\\\/\",\"url\":\"https:\\\/\\\/gambling6.com\\\/pt-pt\\\/cartoes-de-raspadinha\\\/\",\"name\":\"Quais s\u00e3o os melhores sites de raspadinhas online?\",\"isPartOf\":{\"@id\":\"https:\\\/\\\/gambling6.com\\\/pt-pt\\\/#website\"},\"primaryImageOfPage\":{\"@id\":\"https:\\\/\\\/gambling6.com\\\/pt-pt\\\/cartoes-de-raspadinha\\\/#primaryimage\"},\"image\":{\"@id\":\"https:\\\/\\\/gambling6.com\\\/pt-pt\\\/cartoes-de-raspadinha\\\/#primaryimage\"},\"thumbnailUrl\":\"https:\\\/\\\/gambling6.com\\\/wp-content\\\/uploads\\\/2013\\\/12\\\/best_online_scratchcards.jpg\",\"datePublished\":\"2025-11-07T23:12:22+00:00\",\"description\":\"Comece a jogar no melhor site de raspadinhas online. Dezenas de raspadinhas dispon\u00edveis com uma grande variedade de pr\u00e9mios.\",\"breadcrumb\":{\"@id\":\"https:\\\/\\\/gambling6.com\\\/pt-pt\\\/cartoes-de-raspadinha\\\/#breadcrumb\"},\"inLanguage\":\"pt-PT\",\"potentialAction\":[{\"@type\":\"ReadAction\",\"target\":[\"https:\\\/\\\/gambling6.com\\\/pt-pt\\\/cartoes-de-raspadinha\\\/\"]}]},{\"@type\":\"ImageObject\",\"inLanguage\":\"pt-PT\",\"@id\":\"https:\\\/\\\/gambling6.com\\\/pt-pt\\\/cartoes-de-raspadinha\\\/#primaryimage\",\"url\":\"https:\\\/\\\/gambling6.com\\\/wp-content\\\/uploads\\\/2013\\\/12\\\/best_online_scratchcards.jpg\",\"contentUrl\":\"https:\\\/\\\/gambling6.com\\\/wp-content\\\/uploads\\\/2013\\\/12\\\/best_online_scratchcards.jpg\",\"width\":446,\"height\":243},{\"@type\":\"BreadcrumbList\",\"@id\":\"https:\\\/\\\/gambling6.com\\\/pt-pt\\\/cartoes-de-raspadinha\\\/#breadcrumb\",\"itemListElement\":[{\"@type\":\"ListItem\",\"position\":1,\"name\":\"Home\",\"item\":\"https:\\\/\\\/gambling6.com\\\/pt-pt\\\/home\\\/\"},{\"@type\":\"ListItem\",\"position\":2,\"name\":\"Cart\u00f5es de raspadinha\"}]},{\"@type\":\"WebSite\",\"@id\":\"https:\\\/\\\/gambling6.com\\\/pt-pt\\\/#website\",\"url\":\"https:\\\/\\\/gambling6.com\\\/pt-pt\\\/\",\"name\":\"Gambling6\",\"description\":\"\",\"potentialAction\":[{\"@type\":\"SearchAction\",\"target\":{\"@type\":\"EntryPoint\",\"urlTemplate\":\"https:\\\/\\\/gambling6.com\\\/pt-pt\\\/?s={search_term_string}\"},\"query-input\":{\"@type\":\"PropertyValueSpecification\",\"valueRequired\":true,\"valueName\":\"search_term_string\"}}],\"inLanguage\":\"pt-PT\"}]}<\/script>\n<!-- \/ Yoast SEO plugin. -->","yoast_head_json":{"title":"Quais s\u00e3o os melhores sites de raspadinhas online?","description":"Comece a jogar no melhor site de raspadinhas online. Dezenas de raspadinhas dispon\u00edveis com uma grande variedade de pr\u00e9mios.","robots":{"index":"index","follow":"follow","max-snippet":"max-snippet:-1","max-image-preview":"max-image-preview:large","max-video-preview":"max-video-preview:-1"},"canonical":"https:\/\/gambling6.com\/pt-pt\/cartoes-de-raspadinha\/","og_locale":"pt_PT","og_type":"article","og_title":"Quais s\u00e3o os melhores sites de raspadinhas online?","og_description":"Comece a jogar no melhor site de raspadinhas online. Dezenas de raspadinhas dispon\u00edveis com uma grande variedade de pr\u00e9mios.","og_url":"https:\/\/gambling6.com\/pt-pt\/cartoes-de-raspadinha\/","og_site_name":"Gambling6","og_image":[{"width":446,"height":243,"url":"https:\/\/gambling6.com\/wp-content\/uploads\/2013\/12\/best_online_scratchcards.jpg","type":"image\/jpeg"}],"twitter_card":"summary_large_image","twitter_misc":{"Tempo estimado de leitura":"2 minutos"},"schema":{"@context":"https:\/\/schema.org","@graph":[{"@type":"WebPage","@id":"https:\/\/gambling6.com\/pt-pt\/cartoes-de-raspadinha\/","url":"https:\/\/gambling6.com\/pt-pt\/cartoes-de-raspadinha\/","name":"Quais s\u00e3o os melhores sites de raspadinhas online?","isPartOf":{"@id":"https:\/\/gambling6.com\/pt-pt\/#website"},"primaryImageOfPage":{"@id":"https:\/\/gambling6.com\/pt-pt\/cartoes-de-raspadinha\/#primaryimage"},"image":{"@id":"https:\/\/gambling6.com\/pt-pt\/cartoes-de-raspadinha\/#primaryimage"},"thumbnailUrl":"https:\/\/gambling6.com\/wp-content\/uploads\/2013\/12\/best_online_scratchcards.jpg","datePublished":"2025-11-07T23:12:22+00:00","description":"Comece a jogar no melhor site de raspadinhas online. Dezenas de raspadinhas dispon\u00edveis com uma grande variedade de pr\u00e9mios.","breadcrumb":{"@id":"https:\/\/gambling6.com\/pt-pt\/cartoes-de-raspadinha\/#breadcrumb"},"inLanguage":"pt-PT","potentialAction":[{"@type":"ReadAction","target":["https:\/\/gambling6.com\/pt-pt\/cartoes-de-raspadinha\/"]}]},{"@type":"ImageObject","inLanguage":"pt-PT","@id":"https:\/\/gambling6.com\/pt-pt\/cartoes-de-raspadinha\/#primaryimage","url":"https:\/\/gambling6.com\/wp-content\/uploads\/2013\/12\/best_online_scratchcards.jpg","contentUrl":"https:\/\/gambling6.com\/wp-content\/uploads\/2013\/12\/best_online_scratchcards.jpg","width":446,"height":243},{"@type":"BreadcrumbList","@id":"https:\/\/gambling6.com\/pt-pt\/cartoes-de-raspadinha\/#breadcrumb","itemListElement":[{"@type":"ListItem","position":1,"name":"Home","item":"https:\/\/gambling6.com\/pt-pt\/home\/"},{"@type":"ListItem","position":2,"name":"Cart\u00f5es de raspadinha"}]},{"@type":"WebSite","@id":"https:\/\/gambling6.com\/pt-pt\/#website","url":"https:\/\/gambling6.com\/pt-pt\/","name":"Gambling6","description":"","potentialAction":[{"@type":"SearchAction","target":{"@type":"EntryPoint","urlTemplate":"https:\/\/gambling6.com\/pt-pt\/?s={search_term_string}"},"query-input":{"@type":"PropertyValueSpecification","valueRequired":true,"valueName":"search_term_string"}}],"inLanguage":"pt-PT"}]}},"_links":{"self":[{"href":"https:\/\/gambling6.com\/pt-pt\/wp-json\/wp\/v2\/pages\/8720","targetHints":{"allow":["GET"]}}],"collection":[{"href":"https:\/\/gambling6.com\/pt-pt\/wp-json\/wp\/v2\/pages"}],"about":[{"href":"https:\/\/gambling6.com\/pt-pt\/wp-json\/wp\/v2\/types\/page"}],"author":[{"embeddable":true,"href":"https:\/\/gambling6.com\/pt-pt\/wp-json\/wp\/v2\/users\/1"}],"replies":[{"embeddable":true,"href":"https:\/\/gambling6.com\/pt-pt\/wp-json\/wp\/v2\/comments?post=8720"}],"version-history":[{"count":0,"href":"https:\/\/gambling6.com\/pt-pt\/wp-json\/wp\/v2\/pages\/8720\/revisions"}],"wp:featuredmedia":[{"embeddable":true,"href":"https:\/\/gambling6.com\/pt-pt\/wp-json\/wp\/v2\/media\/4068"}],"wp:attachment":[{"href":"https:\/\/gambling6.com\/pt-pt\/wp-json\/wp\/v2\/media?parent=8720"}],"curies":[{"name":"wp","href":"https:\/\/api.w.org\/{rel}","templated":true}]}}