{"id":8755,"date":"2025-11-07T23:45:07","date_gmt":"2025-11-07T23:45:07","guid":{"rendered":"https:\/\/gambling6.com\/poker\/"},"modified":"2025-11-15T08:13:49","modified_gmt":"2025-11-15T08:13:49","slug":"poker","status":"publish","type":"page","link":"https:\/\/gambling6.com\/pt-pt\/poker\/","title":{"rendered":"Poker"},"content":{"rendered":"<h2 style=\"text-align: left;\"><img loading=\"lazy\" decoding=\"async\" class=\" wp-image-3009 alignright\" src=\"https:\/\/gambling6.com\/wp-content\/uploads\/2022\/04\/pokertournament-300x209.jpg\" alt=\"come\u00e7ar a jogar p\u00f3quer\" width=\"266\" height=\"185\" srcset=\"https:\/\/gambling6.com\/wp-content\/uploads\/2022\/04\/pokertournament-300x209.jpg 300w, https:\/\/gambling6.com\/wp-content\/uploads\/2022\/04\/pokertournament.jpg 415w\" sizes=\"auto, (max-width: 266px) 100vw, 266px\" \/>Comece a jogar p\u00f3quer online<\/h2>\n<p>Se quer come\u00e7ar a jogar p\u00f3quer online, h\u00e1 algumas coisas que precisa de saber. O p\u00f3quer \u00e9 um jogo de habilidade. N\u00e3o estamos a dizer que n\u00e3o h\u00e1 sorte envolvida &#8211; na verdade, h\u00e1 &#8211; mas a verdade \u00e9 que, se quiser ganhar dinheiro, existe definitivamente uma curva de aprendizagem.<\/p>\n<h2>5 Regras de Ouro para come\u00e7ar a jogar poker online<\/h2>\n<ol>\n<li>Escolha a sua sala de poker com sabedoria &#8211; leia as nossas avalia\u00e7\u00f5es antes de escolher o site em que vai jogar<\/li>\n<li>Comece com dinheiro fict\u00edcio para se familiarizar com as regras e com o jogo em si, depois comece com o n\u00edvel mais baixo de dinheiro real<\/li>\n<li>Dedique bastante tempo a ler sobre estrat\u00e9gia de poker. Saiba quais as m\u00e3os iniciais boas em cada situa\u00e7\u00e3o e como jog\u00e1-las em cada posi\u00e7\u00e3o na mesa. &#8220;Jogar de forma conservadora \u00e9 a melhor estrat\u00e9gia&#8221; \u00e9 o melhor conselho para o principiante, e a sua posi\u00e7\u00e3o relativa \u00e9 muito importante para as suas decis\u00f5es.<\/li>\n<li>Utilize uma boa oferta de b\u00f3nus para o seu primeiro dep\u00f3sito ou at\u00e9 mesmo uma oferta de banca gratuita, como a do 888 Poker. Dar-lhe-\u00e3o 20,00 \u20ac (ou GBP, dependendo de onde mora) gratuitamente apenas por se registar! E ainda recebe um b\u00f3nus de dep\u00f3sito de 100% at\u00e9 300,00 \u20ac ou GBP ao depositar dinheiro. <a class=\"thirstylink\" title=\"888 poker en\" href=\"https:\/\/gambling6.com\/go\/888-poker-en\/\" target=\"_blank\" rel=\"nofollow noopener\"><span style=\"text-decoration: underline;\"><strong>Clique aqui para<\/strong><\/span><span style=\"text-decoration: underline;\"><strong>ir<\/strong><\/span><span style=\"text-decoration: underline;\"><strong>para<\/strong><\/span><span style=\"text-decoration: underline;\"><strong>para<\/strong><\/span><span style=\"text-decoration: underline;\"><strong>8<\/strong><\/span><span style=\"text-decoration: underline;\"><strong>88 Poker agora.<\/strong><\/span><\/a><\/li>\n<li>Gerencie o seu saldo com cuidado. Tenha pelo menos 100 vezes, melhor ainda, 200 vezes o valor da aposta m\u00ednima para o n\u00edvel em que est\u00e1 a jogar.<\/li>\n<\/ol>\n<p><a href=\"https:\/\/ic.aff-handler.com\/C\/46138?sr=1073333&amp;anid=\" rel=\"nofollow\"><img loading=\"lazy\" decoding=\"async\" class=\"aligncenter\" src=\"https:\/\/ic.aff-handler.com\/I\/46138?sr=1073333&amp;anid=\" width=\"563\" height=\"72\" \/><\/a><\/p>\n<h2>Os melhores sites para jogar p\u00f3quer online para principiantes<\/h2>\n<p>Bem, um site que j\u00e1 referimos. \u00c9 o 888 Poker, onde a promo\u00e7\u00e3o de saldo gr\u00e1tis de 20\u20ac permite jogar com dinheiro real de imediato, sem ter de depositar. E receber\u00e1 outro b\u00f3nus posteriormente ao depositar o seu pr\u00f3prio dinheiro, que duplicar\u00e1 o seu saldo. No entanto, este fornecedor n\u00e3o aceita jogadores dos EUA.<\/p>\n<h2>Melhores sites para jogadores de p\u00f3quer dos EUA<\/h2>\n<p>Devido \u00e0s restri\u00e7\u00f5es legais nos EUA, n\u00e3o tem tantas op\u00e7\u00f5es. A maioria das operadoras saiu do mercado americano, e um mercado de jogo online regulamentado nos EUA ainda \u00e9 algo para o futuro &#8211; pelo menos para a maioria dos estados.<\/p>\n<p>Posto isto, atualmente, a sua melhor op\u00e7\u00e3o seria o BetOnline Poker. <a class=\"thirstylink\" title=\"Betonline poker en\" href=\"https:\/\/gambling6.com\/go\/betonline-poker-en\/\" target=\"_blank\" rel=\"nofollow noopener\">Clique neste link para visitar o site<\/a>, onde pode jogar p\u00f3quer, bem como todos os tipos de jogos de casino.<\/p>\n","protected":false},"excerpt":{"rendered":"<p>Comece a jogar p\u00f3quer online Se quer come\u00e7ar a jogar p\u00f3quer online, h\u00e1 algumas coisas que precisa de saber. O p\u00f3quer \u00e9 um jogo de habilidade. N\u00e3o estamos a dizer que n\u00e3o h\u00e1 sorte envolvida &#8211; na verdade, h\u00e1 &#8211; mas a verdade \u00e9 que, se quiser ganhar dinheiro, existe definitivamente uma curva de aprendizagem. [&hellip;]<\/p>\n","protected":false},"author":1,"featured_media":0,"parent":0,"menu_order":5,"comment_status":"closed","ping_status":"closed","template":"","meta":{"footnotes":""},"class_list":["post-8755","page","type-page","status-publish","hentry"],"yoast_head":"<!-- This site is optimized with the Yoast SEO plugin v27.5 - https:\/\/yoast.com\/product\/yoast-seo-wordpress\/ -->\n<title>Quais os melhores locais para come\u00e7ar a jogar p\u00f3quer online?<\/title>\n<meta name=\"description\" content=\"Melhores locais para jogar p\u00f3quer online: 5 regras de ouro para come\u00e7ar\" \/>\n<meta name=\"robots\" content=\"index, follow, max-snippet:-1, max-image-preview:large, max-video-preview:-1\" \/>\n<link rel=\"canonical\" href=\"https:\/\/gambling6.com\/pt-pt\/poker\/\" \/>\n<meta property=\"og:locale\" content=\"pt_PT\" \/>\n<meta property=\"og:type\" content=\"article\" \/>\n<meta property=\"og:title\" content=\"Quais os melhores locais para come\u00e7ar a jogar p\u00f3quer online?\" \/>\n<meta property=\"og:description\" content=\"Melhores locais para jogar p\u00f3quer online: 5 regras de ouro para come\u00e7ar\" \/>\n<meta property=\"og:url\" content=\"https:\/\/gambling6.com\/pt-pt\/poker\/\" \/>\n<meta property=\"og:site_name\" content=\"Gambling6\" \/>\n<meta property=\"article:modified_time\" content=\"2025-11-15T08:13:49+00:00\" \/>\n<meta property=\"og:image\" content=\"https:\/\/gambling6.com\/wp-content\/uploads\/2022\/04\/pokertournament.jpg\" \/>\n\t<meta property=\"og:image:width\" content=\"415\" \/>\n\t<meta property=\"og:image:height\" content=\"289\" \/>\n\t<meta property=\"og:image:type\" content=\"image\/jpeg\" \/>\n<meta name=\"twitter:card\" content=\"summary_large_image\" \/>\n<meta name=\"twitter:label1\" content=\"Tempo estimado de leitura\" \/>\n\t<meta name=\"twitter:data1\" content=\"2 minutos\" \/>\n<script type=\"application\/ld+json\" class=\"yoast-schema-graph\">{\"@context\":\"https:\\\/\\\/schema.org\",\"@graph\":[{\"@type\":\"WebPage\",\"@id\":\"https:\\\/\\\/gambling6.com\\\/pt-pt\\\/poker\\\/\",\"url\":\"https:\\\/\\\/gambling6.com\\\/pt-pt\\\/poker\\\/\",\"name\":\"Quais os melhores locais para come\u00e7ar a jogar p\u00f3quer online?\",\"isPartOf\":{\"@id\":\"https:\\\/\\\/gambling6.com\\\/pt-pt\\\/#website\"},\"primaryImageOfPage\":{\"@id\":\"https:\\\/\\\/gambling6.com\\\/pt-pt\\\/poker\\\/#primaryimage\"},\"image\":{\"@id\":\"https:\\\/\\\/gambling6.com\\\/pt-pt\\\/poker\\\/#primaryimage\"},\"thumbnailUrl\":\"https:\\\/\\\/gambling6.com\\\/wp-content\\\/uploads\\\/2022\\\/04\\\/pokertournament-300x209.jpg\",\"datePublished\":\"2025-11-07T23:45:07+00:00\",\"dateModified\":\"2025-11-15T08:13:49+00:00\",\"description\":\"Melhores locais para jogar p\u00f3quer online: 5 regras de ouro para come\u00e7ar\",\"breadcrumb\":{\"@id\":\"https:\\\/\\\/gambling6.com\\\/pt-pt\\\/poker\\\/#breadcrumb\"},\"inLanguage\":\"pt-PT\",\"potentialAction\":[{\"@type\":\"ReadAction\",\"target\":[\"https:\\\/\\\/gambling6.com\\\/pt-pt\\\/poker\\\/\"]}]},{\"@type\":\"ImageObject\",\"inLanguage\":\"pt-PT\",\"@id\":\"https:\\\/\\\/gambling6.com\\\/pt-pt\\\/poker\\\/#primaryimage\",\"url\":\"https:\\\/\\\/gambling6.com\\\/wp-content\\\/uploads\\\/2022\\\/04\\\/pokertournament-300x209.jpg\",\"contentUrl\":\"https:\\\/\\\/gambling6.com\\\/wp-content\\\/uploads\\\/2022\\\/04\\\/pokertournament-300x209.jpg\"},{\"@type\":\"BreadcrumbList\",\"@id\":\"https:\\\/\\\/gambling6.com\\\/pt-pt\\\/poker\\\/#breadcrumb\",\"itemListElement\":[{\"@type\":\"ListItem\",\"position\":1,\"name\":\"Home\",\"item\":\"https:\\\/\\\/gambling6.com\\\/pt-pt\\\/home\\\/\"},{\"@type\":\"ListItem\",\"position\":2,\"name\":\"Poker\"}]},{\"@type\":\"WebSite\",\"@id\":\"https:\\\/\\\/gambling6.com\\\/pt-pt\\\/#website\",\"url\":\"https:\\\/\\\/gambling6.com\\\/pt-pt\\\/\",\"name\":\"Gambling6\",\"description\":\"\",\"potentialAction\":[{\"@type\":\"SearchAction\",\"target\":{\"@type\":\"EntryPoint\",\"urlTemplate\":\"https:\\\/\\\/gambling6.com\\\/pt-pt\\\/?s={search_term_string}\"},\"query-input\":{\"@type\":\"PropertyValueSpecification\",\"valueRequired\":true,\"valueName\":\"search_term_string\"}}],\"inLanguage\":\"pt-PT\"}]}<\/script>\n<!-- \/ Yoast SEO plugin. -->","yoast_head_json":{"title":"Quais os melhores locais para come\u00e7ar a jogar p\u00f3quer online?","description":"Melhores locais para jogar p\u00f3quer online: 5 regras de ouro para come\u00e7ar","robots":{"index":"index","follow":"follow","max-snippet":"max-snippet:-1","max-image-preview":"max-image-preview:large","max-video-preview":"max-video-preview:-1"},"canonical":"https:\/\/gambling6.com\/pt-pt\/poker\/","og_locale":"pt_PT","og_type":"article","og_title":"Quais os melhores locais para come\u00e7ar a jogar p\u00f3quer online?","og_description":"Melhores locais para jogar p\u00f3quer online: 5 regras de ouro para come\u00e7ar","og_url":"https:\/\/gambling6.com\/pt-pt\/poker\/","og_site_name":"Gambling6","article_modified_time":"2025-11-15T08:13:49+00:00","og_image":[{"width":415,"height":289,"url":"https:\/\/gambling6.com\/wp-content\/uploads\/2022\/04\/pokertournament.jpg","type":"image\/jpeg"}],"twitter_card":"summary_large_image","twitter_misc":{"Tempo estimado de leitura":"2 minutos"},"schema":{"@context":"https:\/\/schema.org","@graph":[{"@type":"WebPage","@id":"https:\/\/gambling6.com\/pt-pt\/poker\/","url":"https:\/\/gambling6.com\/pt-pt\/poker\/","name":"Quais os melhores locais para come\u00e7ar a jogar p\u00f3quer online?","isPartOf":{"@id":"https:\/\/gambling6.com\/pt-pt\/#website"},"primaryImageOfPage":{"@id":"https:\/\/gambling6.com\/pt-pt\/poker\/#primaryimage"},"image":{"@id":"https:\/\/gambling6.com\/pt-pt\/poker\/#primaryimage"},"thumbnailUrl":"https:\/\/gambling6.com\/wp-content\/uploads\/2022\/04\/pokertournament-300x209.jpg","datePublished":"2025-11-07T23:45:07+00:00","dateModified":"2025-11-15T08:13:49+00:00","description":"Melhores locais para jogar p\u00f3quer online: 5 regras de ouro para come\u00e7ar","breadcrumb":{"@id":"https:\/\/gambling6.com\/pt-pt\/poker\/#breadcrumb"},"inLanguage":"pt-PT","potentialAction":[{"@type":"ReadAction","target":["https:\/\/gambling6.com\/pt-pt\/poker\/"]}]},{"@type":"ImageObject","inLanguage":"pt-PT","@id":"https:\/\/gambling6.com\/pt-pt\/poker\/#primaryimage","url":"https:\/\/gambling6.com\/wp-content\/uploads\/2022\/04\/pokertournament-300x209.jpg","contentUrl":"https:\/\/gambling6.com\/wp-content\/uploads\/2022\/04\/pokertournament-300x209.jpg"},{"@type":"BreadcrumbList","@id":"https:\/\/gambling6.com\/pt-pt\/poker\/#breadcrumb","itemListElement":[{"@type":"ListItem","position":1,"name":"Home","item":"https:\/\/gambling6.com\/pt-pt\/home\/"},{"@type":"ListItem","position":2,"name":"Poker"}]},{"@type":"WebSite","@id":"https:\/\/gambling6.com\/pt-pt\/#website","url":"https:\/\/gambling6.com\/pt-pt\/","name":"Gambling6","description":"","potentialAction":[{"@type":"SearchAction","target":{"@type":"EntryPoint","urlTemplate":"https:\/\/gambling6.com\/pt-pt\/?s={search_term_string}"},"query-input":{"@type":"PropertyValueSpecification","valueRequired":true,"valueName":"search_term_string"}}],"inLanguage":"pt-PT"}]}},"_links":{"self":[{"href":"https:\/\/gambling6.com\/pt-pt\/wp-json\/wp\/v2\/pages\/8755","targetHints":{"allow":["GET"]}}],"collection":[{"href":"https:\/\/gambling6.com\/pt-pt\/wp-json\/wp\/v2\/pages"}],"about":[{"href":"https:\/\/gambling6.com\/pt-pt\/wp-json\/wp\/v2\/types\/page"}],"author":[{"embeddable":true,"href":"https:\/\/gambling6.com\/pt-pt\/wp-json\/wp\/v2\/users\/1"}],"replies":[{"embeddable":true,"href":"https:\/\/gambling6.com\/pt-pt\/wp-json\/wp\/v2\/comments?post=8755"}],"version-history":[{"count":2,"href":"https:\/\/gambling6.com\/pt-pt\/wp-json\/wp\/v2\/pages\/8755\/revisions"}],"predecessor-version":[{"id":10841,"href":"https:\/\/gambling6.com\/pt-pt\/wp-json\/wp\/v2\/pages\/8755\/revisions\/10841"}],"wp:attachment":[{"href":"https:\/\/gambling6.com\/pt-pt\/wp-json\/wp\/v2\/media?parent=8755"}],"curies":[{"name":"wp","href":"https:\/\/api.w.org\/{rel}","templated":true}]}}