{"id":8857,"date":"2025-11-08T08:54:19","date_gmt":"2025-11-08T08:54:19","guid":{"rendered":"https:\/\/gambling6.com\/cassino\/como-manter-a-sua-conta-de-jogo-online-segura\/"},"modified":"2025-11-15T09:59:45","modified_gmt":"2025-11-15T09:59:45","slug":"como-manter-a-sua-conta-de-jogo-online-segura","status":"publish","type":"page","link":"https:\/\/gambling6.com\/pt-pt\/cassino\/como-manter-a-sua-conta-de-jogo-online-segura\/","title":{"rendered":"Como manter a sua conta de jogo online segura"},"content":{"rendered":"<h2>Evite maus sites e tome algumas medidas de seguran\u00e7a.<\/h2>\n<p>O mundo dos jogos online cresceu significativamente e, embora isso seja geralmente bom para os jogadores, tamb\u00e9m traz algumas desvantagens. A seguran\u00e7a online oferecida pelos casinos \u00e9, sem d\u00favida, o elemento mais crucial quando se joga com dinheiro real, e os utilizadores devem ter a garantia de transa\u00e7\u00f5es financeiras impec\u00e1veis.<\/p>\n<p>Infelizmente, no mundo tecnologicamente avan\u00e7ado de hoje, os esquemas e fraudes online s\u00e3o demasiado comuns para assumir que n\u00e3o lhe acontecer\u00e3o e, portanto, n\u00e3o tomar medidas para os evitar. Novos casinos online surgem quase da noite para o dia, prometendo enormes b\u00f3nus para impulsionar as vendas e atrair um grande n\u00famero de clientes.<\/p>\n<p>Saber se estes casinos s\u00e3o fi\u00e1veis \u200b\u200b\u00e9 muito importante, e \u00e9 altamente recomend\u00e1vel obter mais informa\u00e7\u00f5es noutros sites. As avalia\u00e7\u00f5es feitas por utilizadores ou jogadores experientes est\u00e3o a tornar-se muito populares na internet, \u00e0 medida que mais jogadores se apercebem do risco de se aventurarem \u00e0s cegas e procuram primeiro alguma seguran\u00e7a.<\/p>\n<h2>Jogos de azar online nos EUA<\/h2>\n<p><img loading=\"lazy\" decoding=\"async\" class=\" wp-image-2415 alignright\" src=\"https:\/\/gambling6.com\/wp-content\/uploads\/2022\/04\/1_play_euromillions_online3-300x200.jpg\" alt=\"seguran\u00e7a do casino\" width=\"263\" height=\"175\" srcset=\"https:\/\/gambling6.com\/wp-content\/uploads\/2022\/04\/1_play_euromillions_online3-300x200.jpg 300w, https:\/\/gambling6.com\/wp-content\/uploads\/2022\/04\/1_play_euromillions_online3.jpg 320w\" sizes=\"auto, (max-width: 263px) 100vw, 263px\" \/>Os EUA s\u00e3o um excitante mercado de jogo online. Embora os casinos online sejam proibidos em todos os estados, exceto dois, o setor clandestino do jogo online \u00e9 enorme, principalmente porque os jogadores americanos querem jogar jogos de casino online. O n\u00famero significativo de potenciais clientes tamb\u00e9m significa que existem diversos casinos online nos EUA, tornando muito f\u00e1cil para os jogadores americanos come\u00e7arem a jogar.<\/p>\n<p>Na verdade, os principais sites at\u00e9 aceitam cart\u00f5es de cr\u00e9dito americanos como m\u00e9todo de pagamento, e tudo \u00e9 concebido para ser o mais conveniente poss\u00edvel para os jogadores. Embora estes casinos online n\u00e3o sejam regulados pelos EUA, possuem licen\u00e7as de jurisdi\u00e7\u00f5es estrangeiras que garantem um ambiente seguro. O problema \u00e9 que, para al\u00e9m dos excelentes casinos que servem o mercado americano, existem tamb\u00e9m muitos sites duvidosos com problemas de levantamentos ou que simplesmente n\u00e3o oferecem uma percentagem de pagamento justa nos seus jogos.<\/p>\n<p>Por isso, \u00e9 fundamental ler algumas avalia\u00e7\u00f5es do site que pretende aceder e verificar se \u00e9 t\u00e3o bom como parece. Isto demora apenas alguns minutos e garante que a sua experi\u00eancia de jogo online \u00e9 a melhor poss\u00edvel. No que diz respeito \u00e0 imparcialidade dos jogos, os casinos online fi\u00e1veis \u200b\u200butilizam Geradores de N\u00fameros Aleat\u00f3rios (RNGs) para garantir que cada jogo \u00e9 baseado puramente na sorte. Um casino online pode combinar mesas de casino tradicionais com as vantagens do jogo online atrav\u00e9s de uma transmiss\u00e3o de v\u00eddeo ao vivo de um dealer.<\/p>\n<p>Como jogador residente nos EUA, n\u00e3o se arrepender\u00e1 de ter escolhido o fornecedor l\u00edder de mercado em jogos de casino online, a BetOnline. <a class=\"thirstylink\" title=\"Betonline casino en\" href=\"https:\/\/gambling6.com\/go\/betonline-casino-en\/\" target=\"_blank\" rel=\"nofollow noopener\">Clique aqui para visitar o site.<\/a> A sua seguran\u00e7a estar\u00e1 em boas m\u00e3os a\u00ed, ao contr\u00e1rio da maioria dos outros operadores de casinos offshore que aceitam residentes nos EUA.<\/p>\n<h2>Medidas de seguran\u00e7a a considerar<\/h2>\n<p>Devemos tamb\u00e9m mencionar que uma parte significativa da responsabilidade recai sobre o jogador, e existem medidas espec\u00edficas que pode tomar para evitar golpes e manter os seus fundos seguros.<\/p>\n<p><strong>1. Tenha uma palavra-passe segura<\/strong><\/p>\n<p>Cada vez mais sites incentivam os utilizadores a utilizar palavras-passe seguras e dif\u00edceis de adivinhar. Incluir n\u00fameros e letras, tanto mai\u00fasculas como min\u00fasculas, torna uma palavra-passe muito mais segura, sendo tamb\u00e9m recomend\u00e1vel n\u00e3o utilizar a mesma palavra-passe para v\u00e1rias contas.<\/p>\n<p><strong>2. Certifique-se de que tem um bom antiv\u00edrus.<\/strong><\/p>\n<p>A maioria dos jogadores tende a esquecer a import\u00e2ncia de um bom antiv\u00edrus. Pode detetar imediatamente qualquer problema enquanto navega na internet ou descarrega algo, como a aplica\u00e7\u00e3o de um novo casino online.<\/p>\n<p>3.\u00ba Verifique sempre se a p\u00e1gina \u00e9 segura.<\/p>\n<p>Ao introduzir dados pessoais, como informa\u00e7\u00f5es da conta, certifique-se de que a p\u00e1gina \u00e9 segura. Isto \u00e9 feito verificando a barra de endere\u00e7o do navegador em busca de HTTPS e procurando o \u00edcone de cadeado fechado.<\/p>\n","protected":false},"excerpt":{"rendered":"<p>Evite maus sites e tome algumas medidas de seguran\u00e7a. O mundo dos jogos online cresceu significativamente e, embora isso seja geralmente bom para os jogadores, tamb\u00e9m traz algumas desvantagens. A seguran\u00e7a online oferecida pelos casinos \u00e9, sem d\u00favida, o elemento mais crucial quando se joga com dinheiro real, e os utilizadores devem ter a garantia [&hellip;]<\/p>\n","protected":false},"author":1,"featured_media":0,"parent":8322,"menu_order":36,"comment_status":"closed","ping_status":"closed","template":"","meta":{"footnotes":""},"class_list":["post-8857","page","type-page","status-publish","hentry"],"yoast_head":"<!-- This site is optimized with the Yoast SEO plugin v27.4 - https:\/\/yoast.com\/product\/yoast-seo-wordpress\/ -->\n<title>Como posso manter a minha conta de casino online segura?<\/title>\n<meta name=\"description\" content=\"Dicas \u00fateis para garantir a seguran\u00e7a do seu jogo online e manter a sua conta de casino protegida.\" \/>\n<meta name=\"robots\" content=\"index, follow, max-snippet:-1, max-image-preview:large, max-video-preview:-1\" \/>\n<link rel=\"canonical\" href=\"https:\/\/gambling6.com\/pt-pt\/cassino\/como-manter-a-sua-conta-de-jogo-online-segura\/\" \/>\n<meta property=\"og:locale\" content=\"pt_PT\" \/>\n<meta property=\"og:type\" content=\"article\" \/>\n<meta property=\"og:title\" content=\"Como posso manter a minha conta de casino online segura?\" \/>\n<meta property=\"og:description\" content=\"Dicas \u00fateis para garantir a seguran\u00e7a do seu jogo online e manter a sua conta de casino protegida.\" \/>\n<meta property=\"og:url\" content=\"https:\/\/gambling6.com\/pt-pt\/cassino\/como-manter-a-sua-conta-de-jogo-online-segura\/\" \/>\n<meta property=\"og:site_name\" content=\"Gambling6\" \/>\n<meta property=\"article:modified_time\" content=\"2025-11-15T09:59:45+00:00\" \/>\n<meta property=\"og:image\" content=\"https:\/\/gambling6.com\/wp-content\/uploads\/2022\/04\/1_play_euromillions_online3.jpg\" \/>\n\t<meta property=\"og:image:width\" content=\"320\" \/>\n\t<meta property=\"og:image:height\" content=\"213\" \/>\n\t<meta property=\"og:image:type\" content=\"image\/jpeg\" \/>\n<meta name=\"twitter:card\" content=\"summary_large_image\" \/>\n<meta name=\"twitter:label1\" content=\"Tempo estimado de leitura\" \/>\n\t<meta name=\"twitter:data1\" content=\"3 minutos\" \/>\n<script type=\"application\/ld+json\" class=\"yoast-schema-graph\">{\"@context\":\"https:\\\/\\\/schema.org\",\"@graph\":[{\"@type\":\"WebPage\",\"@id\":\"https:\\\/\\\/gambling6.com\\\/pt-pt\\\/cassino\\\/como-manter-a-sua-conta-de-jogo-online-segura\\\/\",\"url\":\"https:\\\/\\\/gambling6.com\\\/pt-pt\\\/cassino\\\/como-manter-a-sua-conta-de-jogo-online-segura\\\/\",\"name\":\"Como posso manter a minha conta de casino online segura?\",\"isPartOf\":{\"@id\":\"https:\\\/\\\/gambling6.com\\\/pt-pt\\\/#website\"},\"primaryImageOfPage\":{\"@id\":\"https:\\\/\\\/gambling6.com\\\/pt-pt\\\/cassino\\\/como-manter-a-sua-conta-de-jogo-online-segura\\\/#primaryimage\"},\"image\":{\"@id\":\"https:\\\/\\\/gambling6.com\\\/pt-pt\\\/cassino\\\/como-manter-a-sua-conta-de-jogo-online-segura\\\/#primaryimage\"},\"thumbnailUrl\":\"https:\\\/\\\/gambling6.com\\\/wp-content\\\/uploads\\\/2022\\\/04\\\/1_play_euromillions_online3-300x200.jpg\",\"datePublished\":\"2025-11-08T08:54:19+00:00\",\"dateModified\":\"2025-11-15T09:59:45+00:00\",\"description\":\"Dicas \u00fateis para garantir a seguran\u00e7a do seu jogo online e manter a sua conta de casino protegida.\",\"breadcrumb\":{\"@id\":\"https:\\\/\\\/gambling6.com\\\/pt-pt\\\/cassino\\\/como-manter-a-sua-conta-de-jogo-online-segura\\\/#breadcrumb\"},\"inLanguage\":\"pt-PT\",\"potentialAction\":[{\"@type\":\"ReadAction\",\"target\":[\"https:\\\/\\\/gambling6.com\\\/pt-pt\\\/cassino\\\/como-manter-a-sua-conta-de-jogo-online-segura\\\/\"]}]},{\"@type\":\"ImageObject\",\"inLanguage\":\"pt-PT\",\"@id\":\"https:\\\/\\\/gambling6.com\\\/pt-pt\\\/cassino\\\/como-manter-a-sua-conta-de-jogo-online-segura\\\/#primaryimage\",\"url\":\"https:\\\/\\\/gambling6.com\\\/wp-content\\\/uploads\\\/2022\\\/04\\\/1_play_euromillions_online3-300x200.jpg\",\"contentUrl\":\"https:\\\/\\\/gambling6.com\\\/wp-content\\\/uploads\\\/2022\\\/04\\\/1_play_euromillions_online3-300x200.jpg\"},{\"@type\":\"BreadcrumbList\",\"@id\":\"https:\\\/\\\/gambling6.com\\\/pt-pt\\\/cassino\\\/como-manter-a-sua-conta-de-jogo-online-segura\\\/#breadcrumb\",\"itemListElement\":[{\"@type\":\"ListItem\",\"position\":1,\"name\":\"Home\",\"item\":\"https:\\\/\\\/gambling6.com\\\/pt-pt\\\/home\\\/\"},{\"@type\":\"ListItem\",\"position\":2,\"name\":\"Cassino\",\"item\":\"https:\\\/\\\/gambling6.com\\\/pt-pt\\\/get-started-with-online-gambling\\\/\"},{\"@type\":\"ListItem\",\"position\":3,\"name\":\"Como manter a sua conta de jogo online segura\"}]},{\"@type\":\"WebSite\",\"@id\":\"https:\\\/\\\/gambling6.com\\\/pt-pt\\\/#website\",\"url\":\"https:\\\/\\\/gambling6.com\\\/pt-pt\\\/\",\"name\":\"Gambling6\",\"description\":\"\",\"potentialAction\":[{\"@type\":\"SearchAction\",\"target\":{\"@type\":\"EntryPoint\",\"urlTemplate\":\"https:\\\/\\\/gambling6.com\\\/pt-pt\\\/?s={search_term_string}\"},\"query-input\":{\"@type\":\"PropertyValueSpecification\",\"valueRequired\":true,\"valueName\":\"search_term_string\"}}],\"inLanguage\":\"pt-PT\"}]}<\/script>\n<!-- \/ Yoast SEO plugin. -->","yoast_head_json":{"title":"Como posso manter a minha conta de casino online segura?","description":"Dicas \u00fateis para garantir a seguran\u00e7a do seu jogo online e manter a sua conta de casino protegida.","robots":{"index":"index","follow":"follow","max-snippet":"max-snippet:-1","max-image-preview":"max-image-preview:large","max-video-preview":"max-video-preview:-1"},"canonical":"https:\/\/gambling6.com\/pt-pt\/cassino\/como-manter-a-sua-conta-de-jogo-online-segura\/","og_locale":"pt_PT","og_type":"article","og_title":"Como posso manter a minha conta de casino online segura?","og_description":"Dicas \u00fateis para garantir a seguran\u00e7a do seu jogo online e manter a sua conta de casino protegida.","og_url":"https:\/\/gambling6.com\/pt-pt\/cassino\/como-manter-a-sua-conta-de-jogo-online-segura\/","og_site_name":"Gambling6","article_modified_time":"2025-11-15T09:59:45+00:00","og_image":[{"width":320,"height":213,"url":"https:\/\/gambling6.com\/wp-content\/uploads\/2022\/04\/1_play_euromillions_online3.jpg","type":"image\/jpeg"}],"twitter_card":"summary_large_image","twitter_misc":{"Tempo estimado de leitura":"3 minutos"},"schema":{"@context":"https:\/\/schema.org","@graph":[{"@type":"WebPage","@id":"https:\/\/gambling6.com\/pt-pt\/cassino\/como-manter-a-sua-conta-de-jogo-online-segura\/","url":"https:\/\/gambling6.com\/pt-pt\/cassino\/como-manter-a-sua-conta-de-jogo-online-segura\/","name":"Como posso manter a minha conta de casino online segura?","isPartOf":{"@id":"https:\/\/gambling6.com\/pt-pt\/#website"},"primaryImageOfPage":{"@id":"https:\/\/gambling6.com\/pt-pt\/cassino\/como-manter-a-sua-conta-de-jogo-online-segura\/#primaryimage"},"image":{"@id":"https:\/\/gambling6.com\/pt-pt\/cassino\/como-manter-a-sua-conta-de-jogo-online-segura\/#primaryimage"},"thumbnailUrl":"https:\/\/gambling6.com\/wp-content\/uploads\/2022\/04\/1_play_euromillions_online3-300x200.jpg","datePublished":"2025-11-08T08:54:19+00:00","dateModified":"2025-11-15T09:59:45+00:00","description":"Dicas \u00fateis para garantir a seguran\u00e7a do seu jogo online e manter a sua conta de casino protegida.","breadcrumb":{"@id":"https:\/\/gambling6.com\/pt-pt\/cassino\/como-manter-a-sua-conta-de-jogo-online-segura\/#breadcrumb"},"inLanguage":"pt-PT","potentialAction":[{"@type":"ReadAction","target":["https:\/\/gambling6.com\/pt-pt\/cassino\/como-manter-a-sua-conta-de-jogo-online-segura\/"]}]},{"@type":"ImageObject","inLanguage":"pt-PT","@id":"https:\/\/gambling6.com\/pt-pt\/cassino\/como-manter-a-sua-conta-de-jogo-online-segura\/#primaryimage","url":"https:\/\/gambling6.com\/wp-content\/uploads\/2022\/04\/1_play_euromillions_online3-300x200.jpg","contentUrl":"https:\/\/gambling6.com\/wp-content\/uploads\/2022\/04\/1_play_euromillions_online3-300x200.jpg"},{"@type":"BreadcrumbList","@id":"https:\/\/gambling6.com\/pt-pt\/cassino\/como-manter-a-sua-conta-de-jogo-online-segura\/#breadcrumb","itemListElement":[{"@type":"ListItem","position":1,"name":"Home","item":"https:\/\/gambling6.com\/pt-pt\/home\/"},{"@type":"ListItem","position":2,"name":"Cassino","item":"https:\/\/gambling6.com\/pt-pt\/get-started-with-online-gambling\/"},{"@type":"ListItem","position":3,"name":"Como manter a sua conta de jogo online segura"}]},{"@type":"WebSite","@id":"https:\/\/gambling6.com\/pt-pt\/#website","url":"https:\/\/gambling6.com\/pt-pt\/","name":"Gambling6","description":"","potentialAction":[{"@type":"SearchAction","target":{"@type":"EntryPoint","urlTemplate":"https:\/\/gambling6.com\/pt-pt\/?s={search_term_string}"},"query-input":{"@type":"PropertyValueSpecification","valueRequired":true,"valueName":"search_term_string"}}],"inLanguage":"pt-PT"}]}},"_links":{"self":[{"href":"https:\/\/gambling6.com\/pt-pt\/wp-json\/wp\/v2\/pages\/8857","targetHints":{"allow":["GET"]}}],"collection":[{"href":"https:\/\/gambling6.com\/pt-pt\/wp-json\/wp\/v2\/pages"}],"about":[{"href":"https:\/\/gambling6.com\/pt-pt\/wp-json\/wp\/v2\/types\/page"}],"author":[{"embeddable":true,"href":"https:\/\/gambling6.com\/pt-pt\/wp-json\/wp\/v2\/users\/1"}],"replies":[{"embeddable":true,"href":"https:\/\/gambling6.com\/pt-pt\/wp-json\/wp\/v2\/comments?post=8857"}],"version-history":[{"count":2,"href":"https:\/\/gambling6.com\/pt-pt\/wp-json\/wp\/v2\/pages\/8857\/revisions"}],"predecessor-version":[{"id":10909,"href":"https:\/\/gambling6.com\/pt-pt\/wp-json\/wp\/v2\/pages\/8857\/revisions\/10909"}],"up":[{"embeddable":true,"href":"https:\/\/gambling6.com\/pt-pt\/wp-json\/wp\/v2\/pages\/8322"}],"wp:attachment":[{"href":"https:\/\/gambling6.com\/pt-pt\/wp-json\/wp\/v2\/media?parent=8857"}],"curies":[{"name":"wp","href":"https:\/\/api.w.org\/{rel}","templated":true}]}}