{"id":8899,"date":"2025-11-08T09:35:06","date_gmt":"2025-11-08T09:35:06","guid":{"rendered":"https:\/\/gambling6.com\/cassino\/a-origem-do-blackjack\/"},"modified":"2025-11-08T09:35:06","modified_gmt":"2025-11-08T09:35:06","slug":"a-origem-do-blackjack","status":"publish","type":"page","link":"https:\/\/gambling6.com\/pt-pt\/cassino\/a-origem-do-blackjack\/","title":{"rendered":"A origem do Blackjack"},"content":{"rendered":"<h2>Quando o Blackjack foi jogado pela primeira vez<\/h2>\n<p><a href=\"http:\/\/gambling6.com\/wp-content\/uploads\/2013\/12\/history-of-balck-jack.jpg\"><img loading=\"lazy\" decoding=\"async\" class=\"aligncenter size-full wp-image-547 alignright size-full wp-image-183\" style=\"margin: 5px; float: right;\" src=\"http:\/\/gambling6.com\/wp-content\/uploads\/2013\/12\/history-of-balck-jack.jpg\" alt=\"hist\u00f3ria do blackjack\" width=\"243\" height=\"207\" \/><\/a>Os historiadores de jogo est\u00e3o confusos sobre a hist\u00f3ria e a origem do jogo que conhecemos como Blackjack. Ainda hoje, a sua hist\u00f3ria \u00e9 um tema de debate quente para muitos investigadores. A partir da hist\u00f3ria dos jogos de cartas, pode-se estabelecer que os baralhos de cartas foram utilizados inicialmente na China, \u00cdndia e Egito j\u00e1 em 900 d.C. Diz-se que os primeiros jogos de cartas surgiram na China.<\/p>\n<p>Mas ainda se afirma que foram os franceses que realmente inventaram o Blackjack. Os franceses tinham jogos de cartas conhecidos como &#8220;chemin de fer&#8221; e &#8220;French Ferme&#8221;. Acredita-se que o Blackjack \u00e9, na verdade, um derivado destes dois jogos franceses.<\/p>\n<p>Por volta de 1700 d.C., um jogo conhecido como &#8220;vingt-et-un&#8221;, que significa vinte e um, foi introduzido nos casinos franceses da \u00e9poca. No s\u00e9culo XIX, o mesmo jogo migrou para os Estados Unidos.<\/p>\n<p>Embora o &#8220;vingt-et-un&#8221; pare\u00e7a bastante semelhante ao Blackjack, ainda difere em alguns aspetos. Neste jogo, o objetivo \u00e9 alcan\u00e7ar um &#8220;Natural&#8221; com cartas cujo total seja vinte e um. Al\u00e9m disso, as cartas eram distribu\u00eddas em rondas e eram feitas apostas para cada ronda. Ademais, apenas o dealer tinha autoridade para duplicar a aposta. Caso o jogador obtivesse um Natural (sete e meio), todos os outros jogadores seriam obrigados a pagar o triplo.<\/p>\n<p>Outro argumento dos investigadores \u00e9 que o jogo italiano conhecido como &#8220;Sete e Meio&#8221; tamb\u00e9m pode ter contribu\u00eddo para o Blackjack atual. O jogo era jogado com cartas numeradas de 8 a 10, bem como figuras (valete, damas e rei). As figuras valiam &#8220;meio&#8221;. Al\u00e9m disso, o Rei de Ouros era tratado como um joker. Acredita-se que este tenha sido o primeiro jogo em que foi introduzido o conceito de &#8220;rebentar&#8221;. Isto significa que, se o total das cartas ultrapassasse os sete e meio para qualquer jogador, este perdia a m\u00e3o ou era eliminado do jogo.<\/p>\n<p>&#8220;Um e Trinta&#8221;, o famoso jogo espanhol, era tamb\u00e9m semelhante ao Blackjack. Mas, neste, o total era de trinta e um em vez de vinte e um, para al\u00e9m do facto de ser jogado com tr\u00eas cartas em vez de duas, como no Blackjack.<\/p>\n<p>Inicialmente, quando o Blackjack chegou aos casinos americanos, por volta de 1910, n\u00e3o era muito popular. Os casinos introduziram v\u00e1rios incentivos e b\u00f3nus para atrair jogadores. O pagamento do b\u00f3nus inicialmente oferecido era de 10 para 1. Alguns casinos acrescentaram o atrativo do novo jogo, reconhecendo tanto o Valete de Paus como o Valete de Espadas para um pagamento de 10 para 1.<\/p>\n<p>Outro aspecto peculiar \u00e9 a utiliza\u00e7\u00e3o do nome &#8220;Blackjack&#8221; neste jogo. Diz-se que o jogo se chamava Blackjack porque, para receber o pagamento do b\u00f3nus, o jogador precisava de ter o Valete de Espadas ou o \u00c1s de Espadas como as suas duas primeiras cartas.<\/p>\n<p>Embora hoje em dia o Valete j\u00e1 n\u00e3o seja necess\u00e1rio para formar uma m\u00e3o vencedora, e qualquer carta de valor 10 com um \u00c1s seja v\u00e1lida, o nome Blackjack transporta consigo uma associa\u00e7\u00e3o.<\/p>\n","protected":false},"excerpt":{"rendered":"<p>Quando o Blackjack foi jogado pela primeira vez Os historiadores de jogo est\u00e3o confusos sobre a hist\u00f3ria e a origem do jogo que conhecemos como Blackjack. Ainda hoje, a sua hist\u00f3ria \u00e9 um tema de debate quente para muitos investigadores. A partir da hist\u00f3ria dos jogos de cartas, pode-se estabelecer que os baralhos de cartas [&hellip;]<\/p>\n","protected":false},"author":1,"featured_media":3862,"parent":8322,"menu_order":56,"comment_status":"closed","ping_status":"closed","template":"","meta":{"footnotes":""},"class_list":["post-8899","page","type-page","status-publish","has-post-thumbnail","hentry"],"yoast_head":"<!-- This site is optimized with the Yoast SEO plugin v27.4 - https:\/\/yoast.com\/product\/yoast-seo-wordpress\/ -->\n<title>A origem do jogo de cartas Blackjack<\/title>\n<meta name=\"description\" content=\"Leia sobre a hist\u00f3ria do Blackjack, desde o popular jogo de rua ao passatempo de casino e aos casinos online.\" \/>\n<meta name=\"robots\" content=\"index, follow, max-snippet:-1, max-image-preview:large, max-video-preview:-1\" \/>\n<link rel=\"canonical\" href=\"https:\/\/gambling6.com\/pt-pt\/cassino\/a-origem-do-blackjack\/\" \/>\n<meta property=\"og:locale\" content=\"pt_PT\" \/>\n<meta property=\"og:type\" content=\"article\" \/>\n<meta property=\"og:title\" content=\"A origem do jogo de cartas Blackjack\" \/>\n<meta property=\"og:description\" content=\"Leia sobre a hist\u00f3ria do Blackjack, desde o popular jogo de rua ao passatempo de casino e aos casinos online.\" \/>\n<meta property=\"og:url\" content=\"https:\/\/gambling6.com\/pt-pt\/cassino\/a-origem-do-blackjack\/\" \/>\n<meta property=\"og:site_name\" content=\"Gambling6\" \/>\n<meta property=\"og:image\" content=\"https:\/\/gambling6.com\/wp-content\/uploads\/2013\/12\/history-of-balck-jack.jpg\" \/>\n\t<meta property=\"og:image:width\" content=\"243\" \/>\n\t<meta property=\"og:image:height\" content=\"207\" \/>\n\t<meta property=\"og:image:type\" content=\"image\/jpeg\" \/>\n<meta name=\"twitter:card\" content=\"summary_large_image\" \/>\n<meta name=\"twitter:label1\" content=\"Tempo estimado de leitura\" \/>\n\t<meta name=\"twitter:data1\" content=\"3 minutos\" \/>\n<script type=\"application\/ld+json\" class=\"yoast-schema-graph\">{\"@context\":\"https:\\\/\\\/schema.org\",\"@graph\":[{\"@type\":\"WebPage\",\"@id\":\"https:\\\/\\\/gambling6.com\\\/pt-pt\\\/cassino\\\/a-origem-do-blackjack\\\/\",\"url\":\"https:\\\/\\\/gambling6.com\\\/pt-pt\\\/cassino\\\/a-origem-do-blackjack\\\/\",\"name\":\"A origem do jogo de cartas Blackjack\",\"isPartOf\":{\"@id\":\"https:\\\/\\\/gambling6.com\\\/pt-pt\\\/#website\"},\"primaryImageOfPage\":{\"@id\":\"https:\\\/\\\/gambling6.com\\\/pt-pt\\\/cassino\\\/a-origem-do-blackjack\\\/#primaryimage\"},\"image\":{\"@id\":\"https:\\\/\\\/gambling6.com\\\/pt-pt\\\/cassino\\\/a-origem-do-blackjack\\\/#primaryimage\"},\"thumbnailUrl\":\"https:\\\/\\\/gambling6.com\\\/wp-content\\\/uploads\\\/2013\\\/12\\\/history-of-balck-jack.jpg\",\"datePublished\":\"2025-11-08T09:35:06+00:00\",\"description\":\"Leia sobre a hist\u00f3ria do Blackjack, desde o popular jogo de rua ao passatempo de casino e aos casinos online.\",\"breadcrumb\":{\"@id\":\"https:\\\/\\\/gambling6.com\\\/pt-pt\\\/cassino\\\/a-origem-do-blackjack\\\/#breadcrumb\"},\"inLanguage\":\"pt-PT\",\"potentialAction\":[{\"@type\":\"ReadAction\",\"target\":[\"https:\\\/\\\/gambling6.com\\\/pt-pt\\\/cassino\\\/a-origem-do-blackjack\\\/\"]}]},{\"@type\":\"ImageObject\",\"inLanguage\":\"pt-PT\",\"@id\":\"https:\\\/\\\/gambling6.com\\\/pt-pt\\\/cassino\\\/a-origem-do-blackjack\\\/#primaryimage\",\"url\":\"https:\\\/\\\/gambling6.com\\\/wp-content\\\/uploads\\\/2013\\\/12\\\/history-of-balck-jack.jpg\",\"contentUrl\":\"https:\\\/\\\/gambling6.com\\\/wp-content\\\/uploads\\\/2013\\\/12\\\/history-of-balck-jack.jpg\",\"width\":243,\"height\":207,\"caption\":\"blackjack\"},{\"@type\":\"BreadcrumbList\",\"@id\":\"https:\\\/\\\/gambling6.com\\\/pt-pt\\\/cassino\\\/a-origem-do-blackjack\\\/#breadcrumb\",\"itemListElement\":[{\"@type\":\"ListItem\",\"position\":1,\"name\":\"Home\",\"item\":\"https:\\\/\\\/gambling6.com\\\/pt-pt\\\/home\\\/\"},{\"@type\":\"ListItem\",\"position\":2,\"name\":\"Cassino\",\"item\":\"https:\\\/\\\/gambling6.com\\\/pt-pt\\\/get-started-with-online-gambling\\\/\"},{\"@type\":\"ListItem\",\"position\":3,\"name\":\"A origem do Blackjack\"}]},{\"@type\":\"WebSite\",\"@id\":\"https:\\\/\\\/gambling6.com\\\/pt-pt\\\/#website\",\"url\":\"https:\\\/\\\/gambling6.com\\\/pt-pt\\\/\",\"name\":\"Gambling6\",\"description\":\"\",\"potentialAction\":[{\"@type\":\"SearchAction\",\"target\":{\"@type\":\"EntryPoint\",\"urlTemplate\":\"https:\\\/\\\/gambling6.com\\\/pt-pt\\\/?s={search_term_string}\"},\"query-input\":{\"@type\":\"PropertyValueSpecification\",\"valueRequired\":true,\"valueName\":\"search_term_string\"}}],\"inLanguage\":\"pt-PT\"}]}<\/script>\n<!-- \/ Yoast SEO plugin. -->","yoast_head_json":{"title":"A origem do jogo de cartas Blackjack","description":"Leia sobre a hist\u00f3ria do Blackjack, desde o popular jogo de rua ao passatempo de casino e aos casinos online.","robots":{"index":"index","follow":"follow","max-snippet":"max-snippet:-1","max-image-preview":"max-image-preview:large","max-video-preview":"max-video-preview:-1"},"canonical":"https:\/\/gambling6.com\/pt-pt\/cassino\/a-origem-do-blackjack\/","og_locale":"pt_PT","og_type":"article","og_title":"A origem do jogo de cartas Blackjack","og_description":"Leia sobre a hist\u00f3ria do Blackjack, desde o popular jogo de rua ao passatempo de casino e aos casinos online.","og_url":"https:\/\/gambling6.com\/pt-pt\/cassino\/a-origem-do-blackjack\/","og_site_name":"Gambling6","og_image":[{"width":243,"height":207,"url":"https:\/\/gambling6.com\/wp-content\/uploads\/2013\/12\/history-of-balck-jack.jpg","type":"image\/jpeg"}],"twitter_card":"summary_large_image","twitter_misc":{"Tempo estimado de leitura":"3 minutos"},"schema":{"@context":"https:\/\/schema.org","@graph":[{"@type":"WebPage","@id":"https:\/\/gambling6.com\/pt-pt\/cassino\/a-origem-do-blackjack\/","url":"https:\/\/gambling6.com\/pt-pt\/cassino\/a-origem-do-blackjack\/","name":"A origem do jogo de cartas Blackjack","isPartOf":{"@id":"https:\/\/gambling6.com\/pt-pt\/#website"},"primaryImageOfPage":{"@id":"https:\/\/gambling6.com\/pt-pt\/cassino\/a-origem-do-blackjack\/#primaryimage"},"image":{"@id":"https:\/\/gambling6.com\/pt-pt\/cassino\/a-origem-do-blackjack\/#primaryimage"},"thumbnailUrl":"https:\/\/gambling6.com\/wp-content\/uploads\/2013\/12\/history-of-balck-jack.jpg","datePublished":"2025-11-08T09:35:06+00:00","description":"Leia sobre a hist\u00f3ria do Blackjack, desde o popular jogo de rua ao passatempo de casino e aos casinos online.","breadcrumb":{"@id":"https:\/\/gambling6.com\/pt-pt\/cassino\/a-origem-do-blackjack\/#breadcrumb"},"inLanguage":"pt-PT","potentialAction":[{"@type":"ReadAction","target":["https:\/\/gambling6.com\/pt-pt\/cassino\/a-origem-do-blackjack\/"]}]},{"@type":"ImageObject","inLanguage":"pt-PT","@id":"https:\/\/gambling6.com\/pt-pt\/cassino\/a-origem-do-blackjack\/#primaryimage","url":"https:\/\/gambling6.com\/wp-content\/uploads\/2013\/12\/history-of-balck-jack.jpg","contentUrl":"https:\/\/gambling6.com\/wp-content\/uploads\/2013\/12\/history-of-balck-jack.jpg","width":243,"height":207,"caption":"blackjack"},{"@type":"BreadcrumbList","@id":"https:\/\/gambling6.com\/pt-pt\/cassino\/a-origem-do-blackjack\/#breadcrumb","itemListElement":[{"@type":"ListItem","position":1,"name":"Home","item":"https:\/\/gambling6.com\/pt-pt\/home\/"},{"@type":"ListItem","position":2,"name":"Cassino","item":"https:\/\/gambling6.com\/pt-pt\/get-started-with-online-gambling\/"},{"@type":"ListItem","position":3,"name":"A origem do Blackjack"}]},{"@type":"WebSite","@id":"https:\/\/gambling6.com\/pt-pt\/#website","url":"https:\/\/gambling6.com\/pt-pt\/","name":"Gambling6","description":"","potentialAction":[{"@type":"SearchAction","target":{"@type":"EntryPoint","urlTemplate":"https:\/\/gambling6.com\/pt-pt\/?s={search_term_string}"},"query-input":{"@type":"PropertyValueSpecification","valueRequired":true,"valueName":"search_term_string"}}],"inLanguage":"pt-PT"}]}},"_links":{"self":[{"href":"https:\/\/gambling6.com\/pt-pt\/wp-json\/wp\/v2\/pages\/8899","targetHints":{"allow":["GET"]}}],"collection":[{"href":"https:\/\/gambling6.com\/pt-pt\/wp-json\/wp\/v2\/pages"}],"about":[{"href":"https:\/\/gambling6.com\/pt-pt\/wp-json\/wp\/v2\/types\/page"}],"author":[{"embeddable":true,"href":"https:\/\/gambling6.com\/pt-pt\/wp-json\/wp\/v2\/users\/1"}],"replies":[{"embeddable":true,"href":"https:\/\/gambling6.com\/pt-pt\/wp-json\/wp\/v2\/comments?post=8899"}],"version-history":[{"count":0,"href":"https:\/\/gambling6.com\/pt-pt\/wp-json\/wp\/v2\/pages\/8899\/revisions"}],"up":[{"embeddable":true,"href":"https:\/\/gambling6.com\/pt-pt\/wp-json\/wp\/v2\/pages\/8322"}],"wp:featuredmedia":[{"embeddable":true,"href":"https:\/\/gambling6.com\/pt-pt\/wp-json\/wp\/v2\/media\/3862"}],"wp:attachment":[{"href":"https:\/\/gambling6.com\/pt-pt\/wp-json\/wp\/v2\/media?parent=8899"}],"curies":[{"name":"wp","href":"https:\/\/api.w.org\/{rel}","templated":true}]}}