{"id":8943,"date":"2025-11-08T10:25:14","date_gmt":"2025-11-08T10:25:14","guid":{"rendered":"https:\/\/gambling6.com\/cassino\/aprenda-a-jogar-slots-online-e-ganhe-milhoes-de-dolares-em-jackpots-progressivos-com-apenas-um-clique-do-rato\/"},"modified":"2025-11-12T09:42:48","modified_gmt":"2025-11-12T09:42:48","slug":"aprenda-a-jogar-slots-online-e-ganhe-milhoes-de-dolares-em-jackpots-progressivos-com-apenas-um-clique-do-rato","status":"publish","type":"page","link":"https:\/\/gambling6.com\/pt-pt\/cassino\/aprenda-a-jogar-slots-online-e-ganhe-milhoes-de-dolares-em-jackpots-progressivos-com-apenas-um-clique-do-rato\/","title":{"rendered":"Aprenda a jogar slots online e ganhe milh\u00f5es de d\u00f3lares em jackpots progressivos com apenas um clique do rato."},"content":{"rendered":"<h2>Jogar nas Slots &#8211; o jogo de casino online mais popular<\/h2>\n<p>Os slots online s\u00e3o a escolha mais popular entre os jogadores de casino, e h\u00e1 muitas raz\u00f5es para isso. Embora os jogos pare\u00e7am simples \u00e0 primeira vista, na verdade existem algumas coisas que deve saber sobre eles, o que pode ajudar a melhorar os seus resultados e criar uma melhor experi\u00eancia de jogo online. Para obter informa\u00e7\u00f5es sobre v\u00e1rios elementos relacionados com slots com dinheiro real, consulte o nosso site dedicado a ensinar aos jogadores como funciona o jogo e que estrat\u00e9gias podem utilizar.<\/p>\n<h2>Apresentando os slots online<\/h2>\n<p><img class=\" alignright size-full wp-image-370\" style=\"margin: 5px; float: right;\" \/><\/p>\n<p>Pode ent\u00e3o rodar os cilindros e, se os s\u00edmbolos pararem numa combina\u00e7\u00e3o espec\u00edfica em cada linha selecionada, o jogo atribuir\u00e1 um pr\u00e9mio com base nas probabilidades e no valor da aposta. \u00c9 esta simplicidade do jogo que o tornou t\u00e3o popular, combinada com o potencial de ganhar pr\u00e9mios enormes. Com o aumento da popularidade dos casinos online ao longo dos anos, os slots mantiveram a sua popularidade, uma vez que os jogadores migraram para a internet em busca de um acesso mais f\u00e1cil aos seus jogos favoritos.<\/p>\n<p>As mesmas regras se aplicam, mas os slots online utilizam agora geradores de n\u00fameros aleat\u00f3rios para determinar quais os s\u00edmbolos que ser\u00e3o apresentados quando os rolos pararem de girar. As probabilidades dos slots permanecem as mesmas em teoria, mas a maioria dos jogadores afirma que os slots online s\u00e3o muito mais rent\u00e1veis, uma vez que n\u00e3o s\u00e3o ajustados de forma alguma dependendo da sua localiza\u00e7\u00e3o no casino f\u00edsico.<\/p>\n<h2>Novas possibilidades online<\/h2>\n<p>Os slots online realmente decolaram nos \u00faltimos anos, e a internet deu aos programadores de software a hip\u00f3tese de levar o jogo a um novo patamar. Os jogadores podem agora escolher entre um grande n\u00famero de linhas de pagamento. Cada linha adicional tem as mesmas probabilidades de formar uma combina\u00e7\u00e3o vencedora, pelo que o jogador tem a op\u00e7\u00e3o de pagar mais e jogar com mais linhas numa \u00fanica ronda. A internet tamb\u00e9m proporcionou a melhor forma de expandir os slots online com base no seu tema e estilo. Os novos t\u00edtulos s\u00e3o lan\u00e7ados com bastante frequ\u00eancia e podem abranger v\u00e1rios temas, sendo as possibilidades verdadeiramente limitadas apenas pela imagina\u00e7\u00e3o. Filmes populares, como Batman: O Cavaleiro das Trevas e Gladiador, inspiram as slot machines online. Entre os melhores casinos para jogos com temas atraentes e design chamativo, est\u00e1, sem d\u00favida, o 888 Casino. <a class=\"thirstylink\" title=\"888 casino en\" href=\"https:\/\/gambling6.com\/go\/888-casino-en\/\" target=\"_blank\" rel=\"nofollow noopener\">Se quiser experiment\u00e1-los, siga este link &#8211; n\u00e3o se vai arrepender.<\/a><\/p>\n<h2>Ca\u00e7a-n\u00edqueis progressivos<\/h2>\n<p>Os slots progressivos tamb\u00e9m podem ser encontrados em casinos f\u00edsicos, mas s\u00e3o realmente populares online. A ideia \u00e9 que o casino ligue v\u00e1rias slot machines para que cada aposta nelas contribua para um jackpot padr\u00e3o que pode ser ganho a qualquer momento. Quando se trata de casinos online, ligar estes jogos \u00e9 muito mais f\u00e1cil, permitindo que mais utilizadores joguem o mesmo jogo. Isto resulta em alguns slots progressivos muito populares que podem premiar milh\u00f5es de d\u00f3lares a cada dois meses.<\/p>\n<p>O jackpot aumenta a cada aposta adicional feita pelos jogadores at\u00e9 que algu\u00e9m acerte na combina\u00e7\u00e3o vencedora e leve o valor total. Por exemplo, num slot online com o tema poker, o jackpot \u00e9 ganho ao acertar um Royal Flush. \u00c9 claro que tamb\u00e9m existem pr\u00e9mios mais pequenos atribu\u00eddos a outras combina\u00e7\u00f5es que aparecem com mais frequ\u00eancia, pelo que os jogadores n\u00e3o apostam apenas no jackpot. Os slots progressivos populares podem ser encontrados em v\u00e1rios casinos online simultaneamente, desde que utilizem o mesmo fornecedor de software.<\/p>\n<h2>Estrat\u00e9gias para slot machines online<\/h2>\n<p>Embora os slots sejam puramente um jogo de sorte, algumas dicas \u00fateis podem ajudar a aumentar os seus lucros. O mais importante a saber \u00e9 que uma ronda n\u00e3o depende da anterior; cada ronda tem as mesmas probabilidades. Muitos jogadores acreditam que, se jogarem durante o tempo suficiente, acabar\u00e3o por ganhar o grande pr\u00e9mio. A melhor forma de ganhar em slots online \u00e9 gerir o seu saldo adequadamente, evitando riscos desnecess\u00e1rios no in\u00edcio. Isto significa que deve jogar com menos linhas e evitar jogos que ofere\u00e7am funcionalidades de &#8220;tudo ou nada&#8221;. Para aprender melhor como funciona o jogo, pode primeiro jogar com dinheiro virtual.<\/p>\n","protected":false},"excerpt":{"rendered":"<p>Jogar nas Slots &#8211; o jogo de casino online mais popular Os slots online s\u00e3o a escolha mais popular entre os jogadores de casino, e h\u00e1 muitas raz\u00f5es para isso. Embora os jogos pare\u00e7am simples \u00e0 primeira vista, na verdade existem algumas coisas que deve saber sobre eles, o que pode ajudar a melhorar os [&hellip;]<\/p>\n","protected":false},"author":1,"featured_media":4270,"parent":8322,"menu_order":42,"comment_status":"closed","ping_status":"closed","template":"","meta":{"footnotes":""},"class_list":["post-8943","page","type-page","status-publish","has-post-thumbnail","hentry"],"yoast_head":"<!-- This site is optimized with the Yoast SEO plugin v27.4 - https:\/\/yoast.com\/product\/yoast-seo-wordpress\/ -->\n<title>Informa\u00e7\u00f5es sobre como jogar jogos de slot machine online<\/title>\n<meta name=\"description\" content=\"Aprenda a jogar slots online e ganhe milh\u00f5es de d\u00f3lares em jackpots progressivos com apenas um clique do rato.\" \/>\n<meta name=\"robots\" content=\"index, follow, max-snippet:-1, max-image-preview:large, max-video-preview:-1\" \/>\n<link rel=\"canonical\" href=\"https:\/\/gambling6.com\/pt-pt\/cassino\/aprenda-a-jogar-slots-online-e-ganhe-milhoes-de-dolares-em-jackpots-progressivos-com-apenas-um-clique-do-rato\/\" \/>\n<meta property=\"og:locale\" content=\"pt_PT\" \/>\n<meta property=\"og:type\" content=\"article\" \/>\n<meta property=\"og:title\" content=\"Informa\u00e7\u00f5es sobre como jogar jogos de slot machine online\" \/>\n<meta property=\"og:description\" content=\"Aprenda a jogar slots online e ganhe milh\u00f5es de d\u00f3lares em jackpots progressivos com apenas um clique do rato.\" \/>\n<meta property=\"og:url\" content=\"https:\/\/gambling6.com\/pt-pt\/cassino\/aprenda-a-jogar-slots-online-e-ganhe-milhoes-de-dolares-em-jackpots-progressivos-com-apenas-um-clique-do-rato\/\" \/>\n<meta property=\"og:site_name\" content=\"Gambling6\" \/>\n<meta property=\"article:modified_time\" content=\"2025-11-12T09:42:48+00:00\" \/>\n<meta property=\"og:image\" content=\"https:\/\/gambling6.com\/wp-content\/uploads\/2013\/12\/Slots-150x150.jpg\" \/>\n\t<meta property=\"og:image:width\" content=\"150\" \/>\n\t<meta property=\"og:image:height\" content=\"150\" \/>\n\t<meta property=\"og:image:type\" content=\"image\/jpeg\" \/>\n<meta name=\"twitter:card\" content=\"summary_large_image\" \/>\n<meta name=\"twitter:label1\" content=\"Tempo estimado de leitura\" \/>\n\t<meta name=\"twitter:data1\" content=\"4 minutos\" \/>\n<script type=\"application\/ld+json\" class=\"yoast-schema-graph\">{\"@context\":\"https:\\\/\\\/schema.org\",\"@graph\":[{\"@type\":\"WebPage\",\"@id\":\"https:\\\/\\\/gambling6.com\\\/pt-pt\\\/cassino\\\/aprenda-a-jogar-slots-online-e-ganhe-milhoes-de-dolares-em-jackpots-progressivos-com-apenas-um-clique-do-rato\\\/\",\"url\":\"https:\\\/\\\/gambling6.com\\\/pt-pt\\\/cassino\\\/aprenda-a-jogar-slots-online-e-ganhe-milhoes-de-dolares-em-jackpots-progressivos-com-apenas-um-clique-do-rato\\\/\",\"name\":\"Informa\u00e7\u00f5es sobre como jogar jogos de slot machine online\",\"isPartOf\":{\"@id\":\"https:\\\/\\\/gambling6.com\\\/pt-pt\\\/#website\"},\"primaryImageOfPage\":{\"@id\":\"https:\\\/\\\/gambling6.com\\\/pt-pt\\\/cassino\\\/aprenda-a-jogar-slots-online-e-ganhe-milhoes-de-dolares-em-jackpots-progressivos-com-apenas-um-clique-do-rato\\\/#primaryimage\"},\"image\":{\"@id\":\"https:\\\/\\\/gambling6.com\\\/pt-pt\\\/cassino\\\/aprenda-a-jogar-slots-online-e-ganhe-milhoes-de-dolares-em-jackpots-progressivos-com-apenas-um-clique-do-rato\\\/#primaryimage\"},\"thumbnailUrl\":\"https:\\\/\\\/gambling6.com\\\/wp-content\\\/uploads\\\/2013\\\/12\\\/Slots-150x150.jpg\",\"datePublished\":\"2025-11-08T10:25:14+00:00\",\"dateModified\":\"2025-11-12T09:42:48+00:00\",\"description\":\"Aprenda a jogar slots online e ganhe milh\u00f5es de d\u00f3lares em jackpots progressivos com apenas um clique do rato.\",\"breadcrumb\":{\"@id\":\"https:\\\/\\\/gambling6.com\\\/pt-pt\\\/cassino\\\/aprenda-a-jogar-slots-online-e-ganhe-milhoes-de-dolares-em-jackpots-progressivos-com-apenas-um-clique-do-rato\\\/#breadcrumb\"},\"inLanguage\":\"pt-PT\",\"potentialAction\":[{\"@type\":\"ReadAction\",\"target\":[\"https:\\\/\\\/gambling6.com\\\/pt-pt\\\/cassino\\\/aprenda-a-jogar-slots-online-e-ganhe-milhoes-de-dolares-em-jackpots-progressivos-com-apenas-um-clique-do-rato\\\/\"]}]},{\"@type\":\"ImageObject\",\"inLanguage\":\"pt-PT\",\"@id\":\"https:\\\/\\\/gambling6.com\\\/pt-pt\\\/cassino\\\/aprenda-a-jogar-slots-online-e-ganhe-milhoes-de-dolares-em-jackpots-progressivos-com-apenas-um-clique-do-rato\\\/#primaryimage\",\"url\":\"https:\\\/\\\/gambling6.com\\\/wp-content\\\/uploads\\\/2013\\\/12\\\/Slots-150x150.jpg\",\"contentUrl\":\"https:\\\/\\\/gambling6.com\\\/wp-content\\\/uploads\\\/2013\\\/12\\\/Slots-150x150.jpg\",\"width\":150,\"height\":150},{\"@type\":\"BreadcrumbList\",\"@id\":\"https:\\\/\\\/gambling6.com\\\/pt-pt\\\/cassino\\\/aprenda-a-jogar-slots-online-e-ganhe-milhoes-de-dolares-em-jackpots-progressivos-com-apenas-um-clique-do-rato\\\/#breadcrumb\",\"itemListElement\":[{\"@type\":\"ListItem\",\"position\":1,\"name\":\"Home\",\"item\":\"https:\\\/\\\/gambling6.com\\\/pt-pt\\\/home\\\/\"},{\"@type\":\"ListItem\",\"position\":2,\"name\":\"Cassino\",\"item\":\"https:\\\/\\\/gambling6.com\\\/pt-pt\\\/get-started-with-online-gambling\\\/\"},{\"@type\":\"ListItem\",\"position\":3,\"name\":\"Aprenda a jogar slots online e ganhe milh\u00f5es de d\u00f3lares em jackpots progressivos com apenas um clique do rato.\"}]},{\"@type\":\"WebSite\",\"@id\":\"https:\\\/\\\/gambling6.com\\\/pt-pt\\\/#website\",\"url\":\"https:\\\/\\\/gambling6.com\\\/pt-pt\\\/\",\"name\":\"Gambling6\",\"description\":\"\",\"potentialAction\":[{\"@type\":\"SearchAction\",\"target\":{\"@type\":\"EntryPoint\",\"urlTemplate\":\"https:\\\/\\\/gambling6.com\\\/pt-pt\\\/?s={search_term_string}\"},\"query-input\":{\"@type\":\"PropertyValueSpecification\",\"valueRequired\":true,\"valueName\":\"search_term_string\"}}],\"inLanguage\":\"pt-PT\"}]}<\/script>\n<!-- \/ Yoast SEO plugin. -->","yoast_head_json":{"title":"Informa\u00e7\u00f5es sobre como jogar jogos de slot machine online","description":"Aprenda a jogar slots online e ganhe milh\u00f5es de d\u00f3lares em jackpots progressivos com apenas um clique do rato.","robots":{"index":"index","follow":"follow","max-snippet":"max-snippet:-1","max-image-preview":"max-image-preview:large","max-video-preview":"max-video-preview:-1"},"canonical":"https:\/\/gambling6.com\/pt-pt\/cassino\/aprenda-a-jogar-slots-online-e-ganhe-milhoes-de-dolares-em-jackpots-progressivos-com-apenas-um-clique-do-rato\/","og_locale":"pt_PT","og_type":"article","og_title":"Informa\u00e7\u00f5es sobre como jogar jogos de slot machine online","og_description":"Aprenda a jogar slots online e ganhe milh\u00f5es de d\u00f3lares em jackpots progressivos com apenas um clique do rato.","og_url":"https:\/\/gambling6.com\/pt-pt\/cassino\/aprenda-a-jogar-slots-online-e-ganhe-milhoes-de-dolares-em-jackpots-progressivos-com-apenas-um-clique-do-rato\/","og_site_name":"Gambling6","article_modified_time":"2025-11-12T09:42:48+00:00","og_image":[{"width":150,"height":150,"url":"https:\/\/gambling6.com\/wp-content\/uploads\/2013\/12\/Slots-150x150.jpg","type":"image\/jpeg"}],"twitter_card":"summary_large_image","twitter_misc":{"Tempo estimado de leitura":"4 minutos"},"schema":{"@context":"https:\/\/schema.org","@graph":[{"@type":"WebPage","@id":"https:\/\/gambling6.com\/pt-pt\/cassino\/aprenda-a-jogar-slots-online-e-ganhe-milhoes-de-dolares-em-jackpots-progressivos-com-apenas-um-clique-do-rato\/","url":"https:\/\/gambling6.com\/pt-pt\/cassino\/aprenda-a-jogar-slots-online-e-ganhe-milhoes-de-dolares-em-jackpots-progressivos-com-apenas-um-clique-do-rato\/","name":"Informa\u00e7\u00f5es sobre como jogar jogos de slot machine online","isPartOf":{"@id":"https:\/\/gambling6.com\/pt-pt\/#website"},"primaryImageOfPage":{"@id":"https:\/\/gambling6.com\/pt-pt\/cassino\/aprenda-a-jogar-slots-online-e-ganhe-milhoes-de-dolares-em-jackpots-progressivos-com-apenas-um-clique-do-rato\/#primaryimage"},"image":{"@id":"https:\/\/gambling6.com\/pt-pt\/cassino\/aprenda-a-jogar-slots-online-e-ganhe-milhoes-de-dolares-em-jackpots-progressivos-com-apenas-um-clique-do-rato\/#primaryimage"},"thumbnailUrl":"https:\/\/gambling6.com\/wp-content\/uploads\/2013\/12\/Slots-150x150.jpg","datePublished":"2025-11-08T10:25:14+00:00","dateModified":"2025-11-12T09:42:48+00:00","description":"Aprenda a jogar slots online e ganhe milh\u00f5es de d\u00f3lares em jackpots progressivos com apenas um clique do rato.","breadcrumb":{"@id":"https:\/\/gambling6.com\/pt-pt\/cassino\/aprenda-a-jogar-slots-online-e-ganhe-milhoes-de-dolares-em-jackpots-progressivos-com-apenas-um-clique-do-rato\/#breadcrumb"},"inLanguage":"pt-PT","potentialAction":[{"@type":"ReadAction","target":["https:\/\/gambling6.com\/pt-pt\/cassino\/aprenda-a-jogar-slots-online-e-ganhe-milhoes-de-dolares-em-jackpots-progressivos-com-apenas-um-clique-do-rato\/"]}]},{"@type":"ImageObject","inLanguage":"pt-PT","@id":"https:\/\/gambling6.com\/pt-pt\/cassino\/aprenda-a-jogar-slots-online-e-ganhe-milhoes-de-dolares-em-jackpots-progressivos-com-apenas-um-clique-do-rato\/#primaryimage","url":"https:\/\/gambling6.com\/wp-content\/uploads\/2013\/12\/Slots-150x150.jpg","contentUrl":"https:\/\/gambling6.com\/wp-content\/uploads\/2013\/12\/Slots-150x150.jpg","width":150,"height":150},{"@type":"BreadcrumbList","@id":"https:\/\/gambling6.com\/pt-pt\/cassino\/aprenda-a-jogar-slots-online-e-ganhe-milhoes-de-dolares-em-jackpots-progressivos-com-apenas-um-clique-do-rato\/#breadcrumb","itemListElement":[{"@type":"ListItem","position":1,"name":"Home","item":"https:\/\/gambling6.com\/pt-pt\/home\/"},{"@type":"ListItem","position":2,"name":"Cassino","item":"https:\/\/gambling6.com\/pt-pt\/get-started-with-online-gambling\/"},{"@type":"ListItem","position":3,"name":"Aprenda a jogar slots online e ganhe milh\u00f5es de d\u00f3lares em jackpots progressivos com apenas um clique do rato."}]},{"@type":"WebSite","@id":"https:\/\/gambling6.com\/pt-pt\/#website","url":"https:\/\/gambling6.com\/pt-pt\/","name":"Gambling6","description":"","potentialAction":[{"@type":"SearchAction","target":{"@type":"EntryPoint","urlTemplate":"https:\/\/gambling6.com\/pt-pt\/?s={search_term_string}"},"query-input":{"@type":"PropertyValueSpecification","valueRequired":true,"valueName":"search_term_string"}}],"inLanguage":"pt-PT"}]}},"_links":{"self":[{"href":"https:\/\/gambling6.com\/pt-pt\/wp-json\/wp\/v2\/pages\/8943","targetHints":{"allow":["GET"]}}],"collection":[{"href":"https:\/\/gambling6.com\/pt-pt\/wp-json\/wp\/v2\/pages"}],"about":[{"href":"https:\/\/gambling6.com\/pt-pt\/wp-json\/wp\/v2\/types\/page"}],"author":[{"embeddable":true,"href":"https:\/\/gambling6.com\/pt-pt\/wp-json\/wp\/v2\/users\/1"}],"replies":[{"embeddable":true,"href":"https:\/\/gambling6.com\/pt-pt\/wp-json\/wp\/v2\/comments?post=8943"}],"version-history":[{"count":1,"href":"https:\/\/gambling6.com\/pt-pt\/wp-json\/wp\/v2\/pages\/8943\/revisions"}],"predecessor-version":[{"id":10490,"href":"https:\/\/gambling6.com\/pt-pt\/wp-json\/wp\/v2\/pages\/8943\/revisions\/10490"}],"up":[{"embeddable":true,"href":"https:\/\/gambling6.com\/pt-pt\/wp-json\/wp\/v2\/pages\/8322"}],"wp:featuredmedia":[{"embeddable":true,"href":"https:\/\/gambling6.com\/pt-pt\/wp-json\/wp\/v2\/media\/4270"}],"wp:attachment":[{"href":"https:\/\/gambling6.com\/pt-pt\/wp-json\/wp\/v2\/media?parent=8943"}],"curies":[{"name":"wp","href":"https:\/\/api.w.org\/{rel}","templated":true}]}}